	{"id":65500,"date":"2021-05-10T10:15:17","date_gmt":"2021-05-10T17:15:17","guid":{"rendered":"https:\/\/www.fieldpiece.com\/product\/dr58-heated-diode-refrigerant-leak-detector-copy\/"},"modified":"2021-09-03T02:42:30","modified_gmt":"2021-09-03T09:42:30","slug":"dr58-heated-diode-refrigerant-leak-detector-copy","status":"publish","type":"product","link":"https:\/\/www.fieldpiece.com\/fr\/produit\/dr58-heated-diode-refrigerant-leak-detector-copy\/","title":{"rendered":"DR58 \u2013 D\u00e9tecteur de fuite d\u2019agent frigorig\u00e8ne \u00e0 diode chauff\u00e9e"},"content":{"rendered":"<ul>\n<li>Sensibilit\u00e9 sup\u00e9rieure \u00e0 0,85\u00a0g\/an (0,03 oz\/an)<\/li>\n<li>\u00c9cran LCD lumineux avec des graphiques \u00e0 barres et des relev\u00e9s num\u00e9riques faciles \u00e0 lire.<\/li>\n<li>Batterie lithium-ion rechargeable par USB d\u2019une autonomie de 18\u00a0heures<\/li>\n<li>D\u00e9tection de tous les HFC, HCFC, CFC, HFO et m\u00e9langes<\/li>\n<li>Pointe lumineuse clignotante, plusieurs alarmes et indicateur num\u00e9rique de la taille de la fuite.<\/li>\n<li>Remise \u00e0 z\u00e9ro manuelle ou automatique<\/li>\n<li>Excellentes performances sur le R410A<\/li>\n<\/ul>\n<p>&nbsp;<\/p>\n<p><strong>Con\u00e7u pour \u00eatre unique.<br \/>\n<\/strong>Comme il s\u2019agit d\u2019un \u00e9quipement Fieldpiece, le d\u00e9tecteur de fuite d\u2019agent frigorig\u00e8ne \u00e0 diode chauff\u00e9e DR58 est dot\u00e9 de toutes les fonctions dont vous avez besoin. Il est \u00e9galement con\u00e7u pour mieux r\u00e9sister aux conditions difficiles que la plupart des d\u00e9tecteurs de fuite, avec un corps r\u00e9sistant aux chocs et certifi\u00e9 IP54 qui tient facilement dans la main.<\/p>\n<p><strong>Trouvez facilement m\u00eame la plus petite fuite.<br \/>\n<\/strong>D\u00e9tectant les fuites de moins de 0,85\u00a0g\/an (0,03 oz\/an), le DR58 d\u00e9tecte tous les agents frigorig\u00e8nes HFC, CFC, HCFC, HFO et les m\u00e9langes, avec une meilleure sensibilit\u00e9 pour d\u00e9tecter l\u2019agent frigorig\u00e8ne R410A. Sur le nouvel \u00e9cran LCD r\u00e9tro\u00e9clair\u00e9 du DR58, vous verrez des graphiques \u00e0 barres faciles \u00e0 lire, des relev\u00e9s num\u00e9riques et des alarmes doubles personnalisables. Plus besoin de deviner ce qui fuit. Il peut \u00e9galement se remettre \u00e0 z\u00e9ro automatiquement ou manuellement en fonction des concentrations de gaz r\u00e9frig\u00e9rants, ce qui vous apporte un contr\u00f4le total.<\/p>\n<p><strong>D\u00e9tecte plus rapidement. Dure plus longtemps.<br \/>\n<\/strong>Le DR58 est \u00e9quip\u00e9 d\u2019une batterie d\u2019une autonomie de 18\u00a0heures qui durera plus longtemps que vous sur le chantier. Il est effectivement con\u00e7u pour \u00eatre performant. Les solutions \u00e0 base de savon peuvent prendre plusieurs minutes pour former des bulles visibles et les colorants UV peuvent mettre plusieurs heures \u00e0 se d\u00e9placer dans un syst\u00e8me en fonctionnement.<\/p>\n<p><strong>Vous allez adorer chacune de ses fonctionnalit\u00e9s\u00a0:<\/strong><\/p>\n<ul>\n<li>Corps robuste et certifi\u00e9 IP54<\/li>\n<li>Compact pour tenir dans votre main<\/li>\n<li>L\u2019\u00e9cran LCD r\u00e9tro-\u00e9clair\u00e9 lumineux affiche un graphique \u00e0 barres et des valeurs num\u00e9riques<\/li>\n<li>Capteur \u00e0 diode chauff\u00e9e d\u2019une dur\u00e9e de vie typique de 300\u00a0heures<\/li>\n<li>Double alarme sonore et visuelle \u2013 activez ou d\u00e9sactivez le signal sonore quand vous le souhaitez<\/li>\n<li>La pointe \u00e9clair\u00e9e par LED et le bip sonore aident \u00e0 trouver les fuites dans les environnements bruyants et sombres.<\/li>\n<li>Batterie rechargeable par USB d\u2019une autonomie de 18\u00a0heures \u2013 travaillez toute la journ\u00e9e et toute la nuit avec une seule charge.<\/li>\n<li>Indicateur num\u00e9rique de taille de fuite avec graphique \u00e0 barres<\/li>\n<li>Sonde non conductrice et robuste qui reste l\u00e0 o\u00f9 vous le souhaitez<\/li>\n<li>P\u00e8se moins d\u2019une livre<\/li>\n<li>Contr\u00f4le total \u2013 Remise \u00e0 z\u00e9ro automatique et manuelle, et mise en sourdine<\/li>\n<li>Fonctionne avec les agents frigorig\u00e8nes A2L<\/li>\n<\/ul>\n<p><strong><em>Mettez le DR58 dans votre sac d\u00e8s aujourd\u2019hui.<\/em><\/strong><\/p>\n<p><strong>Contenu<\/strong><\/p>\n<ul>\n<li>(1) D\u00e9tecteur de fuite d\u2019agent frigorig\u00e8ne \u00e0 diode chauff\u00e9e \u2013 DR58<\/li>\n<li>(5) Embouts filtr\u00e9s de rechange \u2013 RFT6<\/li>\n<li>(1) Bo\u00eetier rembourr\u00e9 moul\u00e9 par soufflage<\/li>\n<li>(1) Capteur \u00e0 diode chauff\u00e9e \u2013 RHD1<\/li>\n<\/ul>\n","protected":false},"excerpt":{"rendered":"<p>Sensibilit\u00e9 sup\u00e9rieure \u00e0 0,85\u00a0g\/an (0,03 oz\/an) \u00c9cran LCD lumineux avec des graphiques \u00e0 barres et des relev\u00e9s num\u00e9riques faciles \u00e0 &#8230;<\/p>\n","protected":false},"featured_media":34303,"comment_status":"open","ping_status":"closed","template":"","meta":{"_acf_changed":false},"product_brand":[],"product_cat":[153],"product_tag":[],"class_list":{"0":"post-65500","1":"product","2":"type-product","3":"status-publish","4":"has-post-thumbnail","6":"product_cat-leak-detectors-fr-2","8":"first","9":"instock","10":"shipping-taxable","11":"product-type-simple"},"acf":[],"yoast_head":"<!-- This site is optimized with the Yoast SEO plugin v27.2 - https:\/\/yoast.com\/product\/yoast-seo-wordpress\/ -->\n<title>DR58 \u2013 D\u00e9tecteur de fuite d\u2019agent frigorig\u00e8ne \u00e0 diode chauff\u00e9e - Fieldpiece Instruments<\/title>\n<meta name=\"robots\" content=\"index, follow, max-snippet:-1, max-image-preview:large, max-video-preview:-1\" \/>\n<link rel=\"canonical\" href=\"https:\/\/www.fieldpiece.com\/fr\/produit\/dr58-heated-diode-refrigerant-leak-detector-copy\/\" \/>\n<meta property=\"og:locale\" content=\"fr_FR\" \/>\n<meta property=\"og:type\" content=\"article\" \/>\n<meta property=\"og:title\" content=\"DR58 \u2013 D\u00e9tecteur de fuite d\u2019agent frigorig\u00e8ne \u00e0 diode chauff\u00e9e - Fieldpiece Instruments\" \/>\n<meta property=\"og:description\" content=\"Sensibilit\u00e9 sup\u00e9rieure \u00e0 0,85\u00a0g\/an (0,03 oz\/an) \u00c9cran LCD lumineux avec des graphiques \u00e0 barres et des relev\u00e9s num\u00e9riques faciles \u00e0 ...\" \/>\n<meta property=\"og:url\" content=\"https:\/\/www.fieldpiece.com\/fr\/produit\/dr58-heated-diode-refrigerant-leak-detector-copy\/\" \/>\n<meta property=\"og:site_name\" content=\"Fieldpiece Instruments\" \/>\n<meta property=\"article:modified_time\" content=\"2021-09-03T09:42:30+00:00\" \/>\n<meta property=\"og:image\" content=\"https:\/\/www.fieldpiece.com\/wp-content\/uploads\/2021\/05\/DR58-Product.png\" \/>\n\t<meta property=\"og:image:width\" content=\"470\" \/>\n\t<meta property=\"og:image:height\" content=\"470\" \/>\n\t<meta property=\"og:image:type\" content=\"image\/png\" \/>\n<meta name=\"twitter:card\" content=\"summary_large_image\" \/>\n<meta name=\"twitter:label1\" content=\"Dur\u00e9e de lecture estim\u00e9e\" \/>\n\t<meta name=\"twitter:data1\" content=\"3 minutes\" \/>\n<script type=\"application\/ld+json\" class=\"yoast-schema-graph\">{\"@context\":\"https:\/\/schema.org\",\"@graph\":[{\"@type\":\"WebPage\",\"@id\":\"https:\/\/www.fieldpiece.com\/fr\/produit\/dr58-heated-diode-refrigerant-leak-detector-copy\/\",\"url\":\"https:\/\/www.fieldpiece.com\/fr\/produit\/dr58-heated-diode-refrigerant-leak-detector-copy\/\",\"name\":\"DR58 \u2013 D\u00e9tecteur de fuite d\u2019agent frigorig\u00e8ne \u00e0 diode chauff\u00e9e - Fieldpiece Instruments\",\"isPartOf\":{\"@id\":\"https:\/\/www.fieldpiece.com\/fr\/#website\"},\"primaryImageOfPage\":{\"@id\":\"https:\/\/www.fieldpiece.com\/fr\/produit\/dr58-heated-diode-refrigerant-leak-detector-copy\/#primaryimage\"},\"image\":{\"@id\":\"https:\/\/www.fieldpiece.com\/fr\/produit\/dr58-heated-diode-refrigerant-leak-detector-copy\/#primaryimage\"},\"thumbnailUrl\":\"https:\/\/resources.fieldpiece.com\/wp-content\/uploads\/2021\/05\/DR58-Product.png\",\"datePublished\":\"2021-05-10T17:15:17+00:00\",\"dateModified\":\"2021-09-03T09:42:30+00:00\",\"breadcrumb\":{\"@id\":\"https:\/\/www.fieldpiece.com\/fr\/produit\/dr58-heated-diode-refrigerant-leak-detector-copy\/#breadcrumb\"},\"inLanguage\":\"fr-FR\",\"potentialAction\":[{\"@type\":\"ReadAction\",\"target\":[\"https:\/\/www.fieldpiece.com\/fr\/produit\/dr58-heated-diode-refrigerant-leak-detector-copy\/\"]}]},{\"@type\":\"ImageObject\",\"inLanguage\":\"fr-FR\",\"@id\":\"https:\/\/www.fieldpiece.com\/fr\/produit\/dr58-heated-diode-refrigerant-leak-detector-copy\/#primaryimage\",\"url\":\"https:\/\/resources.fieldpiece.com\/wp-content\/uploads\/2021\/05\/DR58-Product.png\",\"contentUrl\":\"https:\/\/resources.fieldpiece.com\/wp-content\/uploads\/2021\/05\/DR58-Product.png\",\"width\":470,\"height\":470,\"caption\":\"DR58 \u2013 Digital Heated Diode Refrigerant Leak Detector\"},{\"@type\":\"BreadcrumbList\",\"@id\":\"https:\/\/www.fieldpiece.com\/fr\/produit\/dr58-heated-diode-refrigerant-leak-detector-copy\/#breadcrumb\",\"itemListElement\":[{\"@type\":\"ListItem\",\"position\":1,\"name\":\"Home\",\"item\":\"https:\/\/www.fieldpiece.com\/fr\/\"},{\"@type\":\"ListItem\",\"position\":2,\"name\":\"Shop\",\"item\":\"https:\/\/www.fieldpiece.com\/shop\/\"},{\"@type\":\"ListItem\",\"position\":3,\"name\":\"DR58 \u2013 D\u00e9tecteur de fuite d\u2019agent frigorig\u00e8ne \u00e0 diode chauff\u00e9e\"}]},{\"@type\":\"WebSite\",\"@id\":\"https:\/\/www.fieldpiece.com\/fr\/#website\",\"url\":\"https:\/\/www.fieldpiece.com\/fr\/\",\"name\":\"Fieldpiece Instruments\",\"description\":\"\",\"publisher\":{\"@id\":\"https:\/\/www.fieldpiece.com\/fr\/#organization\"},\"potentialAction\":[{\"@type\":\"SearchAction\",\"target\":{\"@type\":\"EntryPoint\",\"urlTemplate\":\"https:\/\/www.fieldpiece.com\/fr\/?s={search_term_string}\"},\"query-input\":{\"@type\":\"PropertyValueSpecification\",\"valueRequired\":true,\"valueName\":\"search_term_string\"}}],\"inLanguage\":\"fr-FR\"},{\"@type\":\"Organization\",\"@id\":\"https:\/\/www.fieldpiece.com\/fr\/#organization\",\"name\":\"Fieldpiece Instruments\",\"url\":\"https:\/\/www.fieldpiece.com\/fr\/\",\"logo\":{\"@type\":\"ImageObject\",\"inLanguage\":\"fr-FR\",\"@id\":\"https:\/\/www.fieldpiece.com\/fr\/#\/schema\/logo\/image\/\",\"url\":\"https:\/\/resources.fieldpiece.com\/wp-content\/uploads\/2021\/02\/Logos-490x358-1.jpg\",\"contentUrl\":\"https:\/\/resources.fieldpiece.com\/wp-content\/uploads\/2021\/02\/Logos-490x358-1.jpg\",\"width\":490,\"height\":358,\"caption\":\"Fieldpiece Instruments\"},\"image\":{\"@id\":\"https:\/\/www.fieldpiece.com\/fr\/#\/schema\/logo\/image\/\"}}]}<\/script>\n<!-- \/ Yoast SEO plugin. -->","yoast_head_json":{"title":"DR58 \u2013 D\u00e9tecteur de fuite d\u2019agent frigorig\u00e8ne \u00e0 diode chauff\u00e9e - Fieldpiece Instruments","robots":{"index":"index","follow":"follow","max-snippet":"max-snippet:-1","max-image-preview":"max-image-preview:large","max-video-preview":"max-video-preview:-1"},"canonical":"https:\/\/www.fieldpiece.com\/fr\/produit\/dr58-heated-diode-refrigerant-leak-detector-copy\/","og_locale":"fr_FR","og_type":"article","og_title":"DR58 \u2013 D\u00e9tecteur de fuite d\u2019agent frigorig\u00e8ne \u00e0 diode chauff\u00e9e - Fieldpiece Instruments","og_description":"Sensibilit\u00e9 sup\u00e9rieure \u00e0 0,85\u00a0g\/an (0,03 oz\/an) \u00c9cran LCD lumineux avec des graphiques \u00e0 barres et des relev\u00e9s num\u00e9riques faciles \u00e0 ...","og_url":"https:\/\/www.fieldpiece.com\/fr\/produit\/dr58-heated-diode-refrigerant-leak-detector-copy\/","og_site_name":"Fieldpiece Instruments","article_modified_time":"2021-09-03T09:42:30+00:00","og_image":[{"width":470,"height":470,"url":"https:\/\/www.fieldpiece.com\/wp-content\/uploads\/2021\/05\/DR58-Product.png","type":"image\/png"}],"twitter_card":"summary_large_image","twitter_misc":{"Dur\u00e9e de lecture estim\u00e9e":"3 minutes"},"schema":{"@context":"https:\/\/schema.org","@graph":[{"@type":"WebPage","@id":"https:\/\/www.fieldpiece.com\/fr\/produit\/dr58-heated-diode-refrigerant-leak-detector-copy\/","url":"https:\/\/www.fieldpiece.com\/fr\/produit\/dr58-heated-diode-refrigerant-leak-detector-copy\/","name":"DR58 \u2013 D\u00e9tecteur de fuite d\u2019agent frigorig\u00e8ne \u00e0 diode chauff\u00e9e - Fieldpiece Instruments","isPartOf":{"@id":"https:\/\/www.fieldpiece.com\/fr\/#website"},"primaryImageOfPage":{"@id":"https:\/\/www.fieldpiece.com\/fr\/produit\/dr58-heated-diode-refrigerant-leak-detector-copy\/#primaryimage"},"image":{"@id":"https:\/\/www.fieldpiece.com\/fr\/produit\/dr58-heated-diode-refrigerant-leak-detector-copy\/#primaryimage"},"thumbnailUrl":"https:\/\/resources.fieldpiece.com\/wp-content\/uploads\/2021\/05\/DR58-Product.png","datePublished":"2021-05-10T17:15:17+00:00","dateModified":"2021-09-03T09:42:30+00:00","breadcrumb":{"@id":"https:\/\/www.fieldpiece.com\/fr\/produit\/dr58-heated-diode-refrigerant-leak-detector-copy\/#breadcrumb"},"inLanguage":"fr-FR","potentialAction":[{"@type":"ReadAction","target":["https:\/\/www.fieldpiece.com\/fr\/produit\/dr58-heated-diode-refrigerant-leak-detector-copy\/"]}]},{"@type":"ImageObject","inLanguage":"fr-FR","@id":"https:\/\/www.fieldpiece.com\/fr\/produit\/dr58-heated-diode-refrigerant-leak-detector-copy\/#primaryimage","url":"https:\/\/resources.fieldpiece.com\/wp-content\/uploads\/2021\/05\/DR58-Product.png","contentUrl":"https:\/\/resources.fieldpiece.com\/wp-content\/uploads\/2021\/05\/DR58-Product.png","width":470,"height":470,"caption":"DR58 \u2013 Digital Heated Diode Refrigerant Leak Detector"},{"@type":"BreadcrumbList","@id":"https:\/\/www.fieldpiece.com\/fr\/produit\/dr58-heated-diode-refrigerant-leak-detector-copy\/#breadcrumb","itemListElement":[{"@type":"ListItem","position":1,"name":"Home","item":"https:\/\/www.fieldpiece.com\/fr\/"},{"@type":"ListItem","position":2,"name":"Shop","item":"https:\/\/www.fieldpiece.com\/shop\/"},{"@type":"ListItem","position":3,"name":"DR58 \u2013 D\u00e9tecteur de fuite d\u2019agent frigorig\u00e8ne \u00e0 diode chauff\u00e9e"}]},{"@type":"WebSite","@id":"https:\/\/www.fieldpiece.com\/fr\/#website","url":"https:\/\/www.fieldpiece.com\/fr\/","name":"Fieldpiece Instruments","description":"","publisher":{"@id":"https:\/\/www.fieldpiece.com\/fr\/#organization"},"potentialAction":[{"@type":"SearchAction","target":{"@type":"EntryPoint","urlTemplate":"https:\/\/www.fieldpiece.com\/fr\/?s={search_term_string}"},"query-input":{"@type":"PropertyValueSpecification","valueRequired":true,"valueName":"search_term_string"}}],"inLanguage":"fr-FR"},{"@type":"Organization","@id":"https:\/\/www.fieldpiece.com\/fr\/#organization","name":"Fieldpiece Instruments","url":"https:\/\/www.fieldpiece.com\/fr\/","logo":{"@type":"ImageObject","inLanguage":"fr-FR","@id":"https:\/\/www.fieldpiece.com\/fr\/#\/schema\/logo\/image\/","url":"https:\/\/resources.fieldpiece.com\/wp-content\/uploads\/2021\/02\/Logos-490x358-1.jpg","contentUrl":"https:\/\/resources.fieldpiece.com\/wp-content\/uploads\/2021\/02\/Logos-490x358-1.jpg","width":490,"height":358,"caption":"Fieldpiece Instruments"},"image":{"@id":"https:\/\/www.fieldpiece.com\/fr\/#\/schema\/logo\/image\/"}}]}},"_links":{"self":[{"href":"https:\/\/www.fieldpiece.com\/fr\/wp-json\/wp\/v2\/product\/65500","targetHints":{"allow":["GET"]}}],"collection":[{"href":"https:\/\/www.fieldpiece.com\/fr\/wp-json\/wp\/v2\/product"}],"about":[{"href":"https:\/\/www.fieldpiece.com\/fr\/wp-json\/wp\/v2\/types\/product"}],"replies":[{"embeddable":true,"href":"https:\/\/www.fieldpiece.com\/fr\/wp-json\/wp\/v2\/comments?post=65500"}],"wp:featuredmedia":[{"embeddable":true,"href":"https:\/\/www.fieldpiece.com\/fr\/wp-json\/wp\/v2\/media\/34303"}],"wp:attachment":[{"href":"https:\/\/www.fieldpiece.com\/fr\/wp-json\/wp\/v2\/media?parent=65500"}],"wp:term":[{"taxonomy":"product_brand","embeddable":true,"href":"https:\/\/www.fieldpiece.com\/fr\/wp-json\/wp\/v2\/product_brand?post=65500"},{"taxonomy":"product_cat","embeddable":true,"href":"https:\/\/www.fieldpiece.com\/fr\/wp-json\/wp\/v2\/product_cat?post=65500"},{"taxonomy":"product_tag","embeddable":true,"href":"https:\/\/www.fieldpiece.com\/fr\/wp-json\/wp\/v2\/product_tag?post=65500"}],"curies":[{"name":"wp","href":"https:\/\/api.w.org\/{rel}","templated":true}]}}