	{"id":65498,"date":"2021-05-10T10:51:49","date_gmt":"2021-05-10T17:51:49","guid":{"rendered":"https:\/\/www.fieldpiece.com\/product\/dr82-infrared-refrigerant-leak-detector-copy-2\/"},"modified":"2021-08-13T01:10:51","modified_gmt":"2021-08-13T08:10:51","slug":"dr82-infrared-refrigerant-leak-detector-copy-2","status":"publish","type":"product","link":"https:\/\/www.fieldpiece.com\/fr\/produit\/dr82-infrared-refrigerant-leak-detector-copy-2\/","title":{"rendered":"DR82 \u2013 D\u00e9tecteur de fuite d\u2019agent frigorig\u00e8ne \u00e0 infrarouge"},"content":{"rendered":"<ul>\n<li>Capteur infrarouge de pointe<\/li>\n<li>L\u2019\u00e9cran LCD g\u00e9ant r\u00e9tro\u00e9clair\u00e9 fournit des informations claires et faciles \u00e0 voir.<\/li>\n<li>Sensibilit\u00e9 sup\u00e9rieure \u00e0 0,85\u00a0g\/an (0,03 oz\/an)<\/li>\n<li>D\u00e9tection de tous les HFC, HCFC, CFC, HFO et m\u00e9langes<\/li>\n<li>Pointe lumineuse clignotante, signal sonore fort et indicateur de taux de fuite<\/li>\n<li>Ne se d\u00e9clenche pas sur les bulles de savon et l\u2019huile<\/li>\n<\/ul>\n<p><strong>La meilleure sensibilit\u00e9 possible.<br \/>\n<\/strong>Pour trouver les fuites plus rapidement chez vos clients, essayez le d\u00e9tecteur de fuites d\u2019agent frigorig\u00e8ne \u00e0 infrarouge DR82 de Fieldpiece. Notre d\u00e9tecteur le plus r\u00e9cent peut d\u00e9tecter des fuites de moins de 0,85\u00a0g\/an (0,03 oz\/an). C\u2019est 20\u00a0fois plus sensible que les bulles de savon. Cela d\u00e9passe les normes de d\u00e9tection afin que vous puissiez localiser rapidement les fuites. Le DR82 se d\u00e9clenche sur tous les HFC, HCFC, CFC, HFO et les m\u00e9langes.<\/p>\n<p>&nbsp;<\/p>\n<p><strong>Fini les faux positifs.<br \/>\n<\/strong>Contrairement aux autres d\u00e9tecteurs que vous trouverez sur le march\u00e9, le DR82 ne se d\u00e9clenche pas sur l\u2019huile ou l\u2019humidit\u00e9. Il d\u00e9tecte \u00e9galement les changements de niveaux d\u2019agent frigorig\u00e8ne et peut fonctionner dans des environnements contamin\u00e9s. Les capteurs agissent rapidement et durent jusqu\u2019\u00e0 10\u00a0ans.<\/p>\n<p>&nbsp;<\/p>\n<p><strong>Facile \u00e0 utiliser, voir et charger.<br \/>\n<\/strong>Le DR82 est con\u00e7u pour tenir facilement dans votre main et est suffisamment robuste pour r\u00e9pondre aux exigences auxquelles vous \u00eates confront\u00e9 sur le terrain tous les jours. Son nouvel \u00e9cran lumineux pr\u00e9sente des graphiques \u00e0 barres faciles \u00e0 lire, des relev\u00e9s num\u00e9riques et des alarmes doubles personnalisables pour que vous compreniez toujours exactement ce que vous voyez. Le DR82 peut \u00e9galement fonctionner avec une seule charge jusqu\u2019\u00e0 10\u00a0heures et peut \u00eatre utilis\u00e9 pendant qu\u2019il se recharge. Vous pouvez l\u2019utiliser aussi longtemps que vous le souhaitez.<\/p>\n<p><strong>Fonctionnalit\u00e9s du DR82\u00a0:<\/strong><\/p>\n<ul>\n<li>Dur\u00e9e de vie du capteur de 10\u00a0ans<\/li>\n<li>Ne se d\u00e9clenche pas sur les bulles de savon et l\u2019huile<\/li>\n<li>Compact \u2013 con\u00e7u pour tenir dans votre main<\/li>\n<li>Plusieurs alarmes<\/li>\n<li>La pointe \u00e9clair\u00e9e par LED et le bip sonore aident \u00e0 trouver les fuites dans les environnements bruyants et sombres.<\/li>\n<li>Sensibilit\u00e9 sup\u00e9rieure \u00e0 0,85\u00a0g\/an (0,03 oz\/an)<\/li>\n<li>Robuste et certifi\u00e9 IP54<\/li>\n<li>10 heures d\u2019autonomie de la batterie<\/li>\n<li>\u00c9cran LCD bleu lumineux r\u00e9tro-\u00e9clair\u00e9 avec un indicateur num\u00e9rique clair de la taille de la fuite et un graphique \u00e0 barres<\/li>\n<li>Sonde non conductrice et robuste qui reste l\u00e0 o\u00f9 vous le souhaitez.<\/li>\n<li>P\u00e8se moins d\u2019une livre<\/li>\n<li>Fonctionne avec les agents frigorig\u00e8nes A2L<\/li>\n<\/ul>\n<p><strong>Contenu<\/strong><\/p>\n<ul>\n<li>(1) D\u00e9tecteur avanc\u00e9 de fuite d\u2019agent frigorig\u00e8ne infrarouge \u2013 DR82<\/li>\n<li>(5) Embouts filtr\u00e9s de rechange \u2013 RFT6<\/li>\n<li>(1) Bo\u00eetier rembourr\u00e9 moul\u00e9 par soufflage<\/li>\n<\/ul>\n","protected":false},"excerpt":{"rendered":"<p>Capteur infrarouge de pointe L\u2019\u00e9cran LCD g\u00e9ant r\u00e9tro\u00e9clair\u00e9 fournit des informations claires et faciles \u00e0 voir. Sensibilit\u00e9 sup\u00e9rieure \u00e0 0,85\u00a0g\/an &#8230;<\/p>\n","protected":false},"featured_media":34310,"comment_status":"open","ping_status":"closed","template":"","meta":{"_acf_changed":false},"product_brand":[],"product_cat":[153],"product_tag":[],"class_list":{"0":"post-65498","1":"product","2":"type-product","3":"status-publish","4":"has-post-thumbnail","6":"product_cat-leak-detectors-fr-2","8":"first","9":"instock","10":"shipping-taxable","11":"product-type-simple"},"acf":[],"yoast_head":"<!-- This site is optimized with the Yoast SEO plugin v27.2 - https:\/\/yoast.com\/product\/yoast-seo-wordpress\/ -->\n<title>DR82 \u2013 D\u00e9tecteur de fuite d\u2019agent frigorig\u00e8ne \u00e0 infrarouge - Fieldpiece Instruments<\/title>\n<meta name=\"robots\" content=\"index, follow, max-snippet:-1, max-image-preview:large, max-video-preview:-1\" \/>\n<link rel=\"canonical\" href=\"https:\/\/www.fieldpiece.com\/fr\/produit\/dr82-infrared-refrigerant-leak-detector-copy-2\/\" \/>\n<meta property=\"og:locale\" content=\"fr_FR\" \/>\n<meta property=\"og:type\" content=\"article\" \/>\n<meta property=\"og:title\" content=\"DR82 \u2013 D\u00e9tecteur de fuite d\u2019agent frigorig\u00e8ne \u00e0 infrarouge - Fieldpiece Instruments\" \/>\n<meta property=\"og:description\" content=\"Capteur infrarouge de pointe L\u2019\u00e9cran LCD g\u00e9ant r\u00e9tro\u00e9clair\u00e9 fournit des informations claires et faciles \u00e0 voir. Sensibilit\u00e9 sup\u00e9rieure \u00e0 0,85\u00a0g\/an ...\" \/>\n<meta property=\"og:url\" content=\"https:\/\/www.fieldpiece.com\/fr\/produit\/dr82-infrared-refrigerant-leak-detector-copy-2\/\" \/>\n<meta property=\"og:site_name\" content=\"Fieldpiece Instruments\" \/>\n<meta property=\"article:modified_time\" content=\"2021-08-13T08:10:51+00:00\" \/>\n<meta property=\"og:image\" content=\"https:\/\/www.fieldpiece.com\/wp-content\/uploads\/2021\/05\/DR82-Product.png\" \/>\n\t<meta property=\"og:image:width\" content=\"470\" \/>\n\t<meta property=\"og:image:height\" content=\"470\" \/>\n\t<meta property=\"og:image:type\" content=\"image\/png\" \/>\n<meta name=\"twitter:card\" content=\"summary_large_image\" \/>\n<meta name=\"twitter:label1\" content=\"Dur\u00e9e de lecture estim\u00e9e\" \/>\n\t<meta name=\"twitter:data1\" content=\"2 minutes\" \/>\n<script type=\"application\/ld+json\" class=\"yoast-schema-graph\">{\"@context\":\"https:\/\/schema.org\",\"@graph\":[{\"@type\":\"WebPage\",\"@id\":\"https:\/\/www.fieldpiece.com\/fr\/produit\/dr82-infrared-refrigerant-leak-detector-copy-2\/\",\"url\":\"https:\/\/www.fieldpiece.com\/fr\/produit\/dr82-infrared-refrigerant-leak-detector-copy-2\/\",\"name\":\"DR82 \u2013 D\u00e9tecteur de fuite d\u2019agent frigorig\u00e8ne \u00e0 infrarouge - Fieldpiece Instruments\",\"isPartOf\":{\"@id\":\"https:\/\/www.fieldpiece.com\/fr\/#website\"},\"primaryImageOfPage\":{\"@id\":\"https:\/\/www.fieldpiece.com\/fr\/produit\/dr82-infrared-refrigerant-leak-detector-copy-2\/#primaryimage\"},\"image\":{\"@id\":\"https:\/\/www.fieldpiece.com\/fr\/produit\/dr82-infrared-refrigerant-leak-detector-copy-2\/#primaryimage\"},\"thumbnailUrl\":\"https:\/\/resources.fieldpiece.com\/wp-content\/uploads\/2021\/05\/DR82-Product.png\",\"datePublished\":\"2021-05-10T17:51:49+00:00\",\"dateModified\":\"2021-08-13T08:10:51+00:00\",\"breadcrumb\":{\"@id\":\"https:\/\/www.fieldpiece.com\/fr\/produit\/dr82-infrared-refrigerant-leak-detector-copy-2\/#breadcrumb\"},\"inLanguage\":\"fr-FR\",\"potentialAction\":[{\"@type\":\"ReadAction\",\"target\":[\"https:\/\/www.fieldpiece.com\/fr\/produit\/dr82-infrared-refrigerant-leak-detector-copy-2\/\"]}]},{\"@type\":\"ImageObject\",\"inLanguage\":\"fr-FR\",\"@id\":\"https:\/\/www.fieldpiece.com\/fr\/produit\/dr82-infrared-refrigerant-leak-detector-copy-2\/#primaryimage\",\"url\":\"https:\/\/resources.fieldpiece.com\/wp-content\/uploads\/2021\/05\/DR82-Product.png\",\"contentUrl\":\"https:\/\/resources.fieldpiece.com\/wp-content\/uploads\/2021\/05\/DR82-Product.png\",\"width\":470,\"height\":470,\"caption\":\"DR82 - LCD Display Pinpoint Infrared Refrigerant Leak Detector\"},{\"@type\":\"BreadcrumbList\",\"@id\":\"https:\/\/www.fieldpiece.com\/fr\/produit\/dr82-infrared-refrigerant-leak-detector-copy-2\/#breadcrumb\",\"itemListElement\":[{\"@type\":\"ListItem\",\"position\":1,\"name\":\"Home\",\"item\":\"https:\/\/www.fieldpiece.com\/fr\/\"},{\"@type\":\"ListItem\",\"position\":2,\"name\":\"Shop\",\"item\":\"https:\/\/www.fieldpiece.com\/shop\/\"},{\"@type\":\"ListItem\",\"position\":3,\"name\":\"DR82 \u2013 D\u00e9tecteur de fuite d\u2019agent frigorig\u00e8ne \u00e0 infrarouge\"}]},{\"@type\":\"WebSite\",\"@id\":\"https:\/\/www.fieldpiece.com\/fr\/#website\",\"url\":\"https:\/\/www.fieldpiece.com\/fr\/\",\"name\":\"Fieldpiece Instruments\",\"description\":\"\",\"publisher\":{\"@id\":\"https:\/\/www.fieldpiece.com\/fr\/#organization\"},\"potentialAction\":[{\"@type\":\"SearchAction\",\"target\":{\"@type\":\"EntryPoint\",\"urlTemplate\":\"https:\/\/www.fieldpiece.com\/fr\/?s={search_term_string}\"},\"query-input\":{\"@type\":\"PropertyValueSpecification\",\"valueRequired\":true,\"valueName\":\"search_term_string\"}}],\"inLanguage\":\"fr-FR\"},{\"@type\":\"Organization\",\"@id\":\"https:\/\/www.fieldpiece.com\/fr\/#organization\",\"name\":\"Fieldpiece Instruments\",\"url\":\"https:\/\/www.fieldpiece.com\/fr\/\",\"logo\":{\"@type\":\"ImageObject\",\"inLanguage\":\"fr-FR\",\"@id\":\"https:\/\/www.fieldpiece.com\/fr\/#\/schema\/logo\/image\/\",\"url\":\"https:\/\/resources.fieldpiece.com\/wp-content\/uploads\/2021\/02\/Logos-490x358-1.jpg\",\"contentUrl\":\"https:\/\/resources.fieldpiece.com\/wp-content\/uploads\/2021\/02\/Logos-490x358-1.jpg\",\"width\":490,\"height\":358,\"caption\":\"Fieldpiece Instruments\"},\"image\":{\"@id\":\"https:\/\/www.fieldpiece.com\/fr\/#\/schema\/logo\/image\/\"}}]}<\/script>\n<!-- \/ Yoast SEO plugin. -->","yoast_head_json":{"title":"DR82 \u2013 D\u00e9tecteur de fuite d\u2019agent frigorig\u00e8ne \u00e0 infrarouge - Fieldpiece Instruments","robots":{"index":"index","follow":"follow","max-snippet":"max-snippet:-1","max-image-preview":"max-image-preview:large","max-video-preview":"max-video-preview:-1"},"canonical":"https:\/\/www.fieldpiece.com\/fr\/produit\/dr82-infrared-refrigerant-leak-detector-copy-2\/","og_locale":"fr_FR","og_type":"article","og_title":"DR82 \u2013 D\u00e9tecteur de fuite d\u2019agent frigorig\u00e8ne \u00e0 infrarouge - Fieldpiece Instruments","og_description":"Capteur infrarouge de pointe L\u2019\u00e9cran LCD g\u00e9ant r\u00e9tro\u00e9clair\u00e9 fournit des informations claires et faciles \u00e0 voir. Sensibilit\u00e9 sup\u00e9rieure \u00e0 0,85\u00a0g\/an ...","og_url":"https:\/\/www.fieldpiece.com\/fr\/produit\/dr82-infrared-refrigerant-leak-detector-copy-2\/","og_site_name":"Fieldpiece Instruments","article_modified_time":"2021-08-13T08:10:51+00:00","og_image":[{"width":470,"height":470,"url":"https:\/\/www.fieldpiece.com\/wp-content\/uploads\/2021\/05\/DR82-Product.png","type":"image\/png"}],"twitter_card":"summary_large_image","twitter_misc":{"Dur\u00e9e de lecture estim\u00e9e":"2 minutes"},"schema":{"@context":"https:\/\/schema.org","@graph":[{"@type":"WebPage","@id":"https:\/\/www.fieldpiece.com\/fr\/produit\/dr82-infrared-refrigerant-leak-detector-copy-2\/","url":"https:\/\/www.fieldpiece.com\/fr\/produit\/dr82-infrared-refrigerant-leak-detector-copy-2\/","name":"DR82 \u2013 D\u00e9tecteur de fuite d\u2019agent frigorig\u00e8ne \u00e0 infrarouge - Fieldpiece Instruments","isPartOf":{"@id":"https:\/\/www.fieldpiece.com\/fr\/#website"},"primaryImageOfPage":{"@id":"https:\/\/www.fieldpiece.com\/fr\/produit\/dr82-infrared-refrigerant-leak-detector-copy-2\/#primaryimage"},"image":{"@id":"https:\/\/www.fieldpiece.com\/fr\/produit\/dr82-infrared-refrigerant-leak-detector-copy-2\/#primaryimage"},"thumbnailUrl":"https:\/\/resources.fieldpiece.com\/wp-content\/uploads\/2021\/05\/DR82-Product.png","datePublished":"2021-05-10T17:51:49+00:00","dateModified":"2021-08-13T08:10:51+00:00","breadcrumb":{"@id":"https:\/\/www.fieldpiece.com\/fr\/produit\/dr82-infrared-refrigerant-leak-detector-copy-2\/#breadcrumb"},"inLanguage":"fr-FR","potentialAction":[{"@type":"ReadAction","target":["https:\/\/www.fieldpiece.com\/fr\/produit\/dr82-infrared-refrigerant-leak-detector-copy-2\/"]}]},{"@type":"ImageObject","inLanguage":"fr-FR","@id":"https:\/\/www.fieldpiece.com\/fr\/produit\/dr82-infrared-refrigerant-leak-detector-copy-2\/#primaryimage","url":"https:\/\/resources.fieldpiece.com\/wp-content\/uploads\/2021\/05\/DR82-Product.png","contentUrl":"https:\/\/resources.fieldpiece.com\/wp-content\/uploads\/2021\/05\/DR82-Product.png","width":470,"height":470,"caption":"DR82 - LCD Display Pinpoint Infrared Refrigerant Leak Detector"},{"@type":"BreadcrumbList","@id":"https:\/\/www.fieldpiece.com\/fr\/produit\/dr82-infrared-refrigerant-leak-detector-copy-2\/#breadcrumb","itemListElement":[{"@type":"ListItem","position":1,"name":"Home","item":"https:\/\/www.fieldpiece.com\/fr\/"},{"@type":"ListItem","position":2,"name":"Shop","item":"https:\/\/www.fieldpiece.com\/shop\/"},{"@type":"ListItem","position":3,"name":"DR82 \u2013 D\u00e9tecteur de fuite d\u2019agent frigorig\u00e8ne \u00e0 infrarouge"}]},{"@type":"WebSite","@id":"https:\/\/www.fieldpiece.com\/fr\/#website","url":"https:\/\/www.fieldpiece.com\/fr\/","name":"Fieldpiece Instruments","description":"","publisher":{"@id":"https:\/\/www.fieldpiece.com\/fr\/#organization"},"potentialAction":[{"@type":"SearchAction","target":{"@type":"EntryPoint","urlTemplate":"https:\/\/www.fieldpiece.com\/fr\/?s={search_term_string}"},"query-input":{"@type":"PropertyValueSpecification","valueRequired":true,"valueName":"search_term_string"}}],"inLanguage":"fr-FR"},{"@type":"Organization","@id":"https:\/\/www.fieldpiece.com\/fr\/#organization","name":"Fieldpiece Instruments","url":"https:\/\/www.fieldpiece.com\/fr\/","logo":{"@type":"ImageObject","inLanguage":"fr-FR","@id":"https:\/\/www.fieldpiece.com\/fr\/#\/schema\/logo\/image\/","url":"https:\/\/resources.fieldpiece.com\/wp-content\/uploads\/2021\/02\/Logos-490x358-1.jpg","contentUrl":"https:\/\/resources.fieldpiece.com\/wp-content\/uploads\/2021\/02\/Logos-490x358-1.jpg","width":490,"height":358,"caption":"Fieldpiece Instruments"},"image":{"@id":"https:\/\/www.fieldpiece.com\/fr\/#\/schema\/logo\/image\/"}}]}},"_links":{"self":[{"href":"https:\/\/www.fieldpiece.com\/fr\/wp-json\/wp\/v2\/product\/65498","targetHints":{"allow":["GET"]}}],"collection":[{"href":"https:\/\/www.fieldpiece.com\/fr\/wp-json\/wp\/v2\/product"}],"about":[{"href":"https:\/\/www.fieldpiece.com\/fr\/wp-json\/wp\/v2\/types\/product"}],"replies":[{"embeddable":true,"href":"https:\/\/www.fieldpiece.com\/fr\/wp-json\/wp\/v2\/comments?post=65498"}],"wp:featuredmedia":[{"embeddable":true,"href":"https:\/\/www.fieldpiece.com\/fr\/wp-json\/wp\/v2\/media\/34310"}],"wp:attachment":[{"href":"https:\/\/www.fieldpiece.com\/fr\/wp-json\/wp\/v2\/media?parent=65498"}],"wp:term":[{"taxonomy":"product_brand","embeddable":true,"href":"https:\/\/www.fieldpiece.com\/fr\/wp-json\/wp\/v2\/product_brand?post=65498"},{"taxonomy":"product_cat","embeddable":true,"href":"https:\/\/www.fieldpiece.com\/fr\/wp-json\/wp\/v2\/product_cat?post=65498"},{"taxonomy":"product_tag","embeddable":true,"href":"https:\/\/www.fieldpiece.com\/fr\/wp-json\/wp\/v2\/product_tag?post=65498"}],"curies":[{"name":"wp","href":"https:\/\/api.w.org\/{rel}","templated":true}]}}