	{"id":65496,"date":"2021-05-26T08:18:12","date_gmt":"2021-05-26T15:18:12","guid":{"rendered":"https:\/\/www.fieldpiece.com\/product\/mg44-wireless-micron-vacuum-gauge\/"},"modified":"2021-09-03T22:28:13","modified_gmt":"2021-09-04T05:28:13","slug":"mg44-wireless-micron-vacuum-gauge","status":"publish","type":"product","link":"https:\/\/www.fieldpiece.com\/fr\/produit\/mg44-wireless-micron-vacuum-gauge\/","title":{"rendered":"MG44 \u2013 Jauge \u00e0 vide sans fil"},"content":{"rendered":"<ul>\n<li>\u00c9vacuez en toute confiance avec un joint fiable et \u00e9tanche.<\/li>\n<li>Le coupleur \u00e0 angle r\u00e9versible et la nouvelle conception cylindrique permettent de s\u2019adapter plus facilement aux espaces restreints.<\/li>\n<li>Il est possible de l\u2019utiliser de trois fa\u00e7ons\u00a0: Visualisez 1) jusqu\u2019\u00e0 une distance de 300\u00a0m (1\u00a0000\u00a0pi) via l\u2019application mobile Job Link\u00ae, 2) sur le collecteur d\u2019agent frigorig\u00e8ne Fieldpiece SMAN\u2122, ou 3) directement sur l\u2019\u00e9cran du MG44.<\/li>\n<li>Trois fa\u00e7ons de voir\u00a0: Le nouvel \u00e9cran LCD r\u00e9tro\u00e9clair\u00e9 plus grand est plus facile \u00e0 lire et son affichage matriciel affiche plus d\u2019informations, notamment 1) le graphique \u00e0 barres, 2) la fr\u00e9quence et 3) le compteur de fr\u00e9quence.<\/li>\n<li>R\u00e9sistant aux intemp\u00e9ries conform\u00e9ment \u00e0 la norme IP54.<\/li>\n<li>Construction robuste surmoul\u00e9e pour une r\u00e9sistance extr\u00eame aux chocs.<\/li>\n<\/ul>\n<p><strong>Con\u00e7u pour le terrain.<\/strong><br \/>\nComme chaque \u00e9quipement Fieldpiece, la jauge \u00e0 vide sans fil (MG44) est con\u00e7ue pour faciliter votre travail. Elle permet d\u2019\u00e9viter les mesures erron\u00e9es en vous permettant de la connecter au port du syst\u00e8me, m\u00eame aux endroits les plus difficiles d\u2019acc\u00e8s. Elle est \u00e9galement log\u00e9e dans un bo\u00eetier robuste, r\u00e9sistant aux chocs et aux intemp\u00e9ries.<\/p>\n<p><strong>Installez-la partout \u2013 m\u00eame d\u2019une seule main.<br \/>\n<\/strong>La nouvelle forme cylindrique plus petite de la jauge \u00e0 vide sans fil, sa poign\u00e9e antid\u00e9rapante et l\u2019ajout d\u2019un coupleur angulaire r\u00e9versible font que la MG44 est facile \u00e0 manipuler et \u00e0 installer dans les endroits les plus difficiles.<\/p>\n<p><strong>Trois fa\u00e7ons de l\u2019utiliser.<br \/>\n<\/strong>Pendant que vous \u00e9vacuez, cette jauge vous permet de suivre la progression via l\u2019application Job Link\u00ae jusqu\u2019\u00e0 305\u00a0m (1\u00a0000\u00a0pi) de distance. La MG44 fonctionne \u00e9galement avec les collecteurs d\u2019agent frigorig\u00e8ne SMAN\u2122 existants (SM380V\/SM480V), ou bien vous pouvez surveiller les mesures d\u2019\u00e9vacuation directement sur l\u2019\u00e9cran de la MG44.<\/p>\n<p><strong>Trois fa\u00e7ons de visualiser.<br \/>\n<\/strong>L\u2019affichage matriciel vous permet d\u2019obtenir plusieurs vues \u2013 graphique \u00e0 barres, taux et compteur de taux\u00a0; et notre nouvel \u00e9cran LCD r\u00e9tro\u00e9clair\u00e9 plus grand est lumineux et facile \u00e0 lire, m\u00eame en cas de faible luminosit\u00e9 ou d\u2019angles inhabituels.<\/p>\n<p>&nbsp;<\/p>\n<p><em><strong><u>Procurez-vous une jauge \u00e0 vide d\u00e8s maintenant.<\/u><\/strong><\/em><\/p>\n","protected":false},"excerpt":{"rendered":"<p>\u00c9vacuez en toute confiance avec un joint fiable et \u00e9tanche. Le coupleur \u00e0 angle r\u00e9versible et la nouvelle conception cylindrique &#8230;<\/p>\n","protected":false},"featured_media":42433,"comment_status":"open","ping_status":"closed","template":"","meta":{"_acf_changed":false},"product_brand":[],"product_cat":[147,146],"product_tag":[],"class_list":{"0":"post-65496","1":"product","2":"type-product","3":"status-publish","4":"has-post-thumbnail","6":"product_cat-vacuum-gauge-fr","7":"product_cat-recovery-and-vacuum-fr-2","9":"first","10":"instock","11":"shipping-taxable","12":"product-type-simple"},"acf":[],"yoast_head":"<!-- This site is optimized with the Yoast SEO plugin v27.2 - https:\/\/yoast.com\/product\/yoast-seo-wordpress\/ -->\n<title>MG44 \u2013 Jauge \u00e0 vide sans fil - Fieldpiece Instruments<\/title>\n<meta name=\"robots\" content=\"index, follow, max-snippet:-1, max-image-preview:large, max-video-preview:-1\" \/>\n<link rel=\"canonical\" href=\"https:\/\/www.fieldpiece.com\/fr\/produit\/mg44-wireless-micron-vacuum-gauge\/\" \/>\n<meta property=\"og:locale\" content=\"fr_FR\" \/>\n<meta property=\"og:type\" content=\"article\" \/>\n<meta property=\"og:title\" content=\"MG44 \u2013 Jauge \u00e0 vide sans fil - Fieldpiece Instruments\" \/>\n<meta property=\"og:description\" content=\"\u00c9vacuez en toute confiance avec un joint fiable et \u00e9tanche. Le coupleur \u00e0 angle r\u00e9versible et la nouvelle conception cylindrique ...\" \/>\n<meta property=\"og:url\" content=\"https:\/\/www.fieldpiece.com\/fr\/produit\/mg44-wireless-micron-vacuum-gauge\/\" \/>\n<meta property=\"og:site_name\" content=\"Fieldpiece Instruments\" \/>\n<meta property=\"article:modified_time\" content=\"2021-09-04T05:28:13+00:00\" \/>\n<meta property=\"og:image\" content=\"https:\/\/www.fieldpiece.com\/wp-content\/uploads\/2021\/05\/MG44-Product.png\" \/>\n\t<meta property=\"og:image:width\" content=\"470\" \/>\n\t<meta property=\"og:image:height\" content=\"470\" \/>\n\t<meta property=\"og:image:type\" content=\"image\/png\" \/>\n<meta name=\"twitter:card\" content=\"summary_large_image\" \/>\n<meta name=\"twitter:label1\" content=\"Dur\u00e9e de lecture estim\u00e9e\" \/>\n\t<meta name=\"twitter:data1\" content=\"2 minutes\" \/>\n<script type=\"application\/ld+json\" class=\"yoast-schema-graph\">{\"@context\":\"https:\/\/schema.org\",\"@graph\":[{\"@type\":\"WebPage\",\"@id\":\"https:\/\/www.fieldpiece.com\/fr\/produit\/mg44-wireless-micron-vacuum-gauge\/\",\"url\":\"https:\/\/www.fieldpiece.com\/fr\/produit\/mg44-wireless-micron-vacuum-gauge\/\",\"name\":\"MG44 \u2013 Jauge \u00e0 vide sans fil - Fieldpiece Instruments\",\"isPartOf\":{\"@id\":\"https:\/\/www.fieldpiece.com\/fr\/#website\"},\"primaryImageOfPage\":{\"@id\":\"https:\/\/www.fieldpiece.com\/fr\/produit\/mg44-wireless-micron-vacuum-gauge\/#primaryimage\"},\"image\":{\"@id\":\"https:\/\/www.fieldpiece.com\/fr\/produit\/mg44-wireless-micron-vacuum-gauge\/#primaryimage\"},\"thumbnailUrl\":\"https:\/\/resources.fieldpiece.com\/wp-content\/uploads\/2021\/05\/MG44-Product.png\",\"datePublished\":\"2021-05-26T15:18:12+00:00\",\"dateModified\":\"2021-09-04T05:28:13+00:00\",\"breadcrumb\":{\"@id\":\"https:\/\/www.fieldpiece.com\/fr\/produit\/mg44-wireless-micron-vacuum-gauge\/#breadcrumb\"},\"inLanguage\":\"fr-FR\",\"potentialAction\":[{\"@type\":\"ReadAction\",\"target\":[\"https:\/\/www.fieldpiece.com\/fr\/produit\/mg44-wireless-micron-vacuum-gauge\/\"]}]},{\"@type\":\"ImageObject\",\"inLanguage\":\"fr-FR\",\"@id\":\"https:\/\/www.fieldpiece.com\/fr\/produit\/mg44-wireless-micron-vacuum-gauge\/#primaryimage\",\"url\":\"https:\/\/resources.fieldpiece.com\/wp-content\/uploads\/2021\/05\/MG44-Product.png\",\"contentUrl\":\"https:\/\/resources.fieldpiece.com\/wp-content\/uploads\/2021\/05\/MG44-Product.png\",\"width\":470,\"height\":470,\"caption\":\"Digital Vacuum Gauge\"},{\"@type\":\"BreadcrumbList\",\"@id\":\"https:\/\/www.fieldpiece.com\/fr\/produit\/mg44-wireless-micron-vacuum-gauge\/#breadcrumb\",\"itemListElement\":[{\"@type\":\"ListItem\",\"position\":1,\"name\":\"Home\",\"item\":\"https:\/\/www.fieldpiece.com\/fr\/\"},{\"@type\":\"ListItem\",\"position\":2,\"name\":\"Shop\",\"item\":\"https:\/\/www.fieldpiece.com\/shop\/\"},{\"@type\":\"ListItem\",\"position\":3,\"name\":\"MG44 \u2013 Jauge \u00e0 vide sans fil\"}]},{\"@type\":\"WebSite\",\"@id\":\"https:\/\/www.fieldpiece.com\/fr\/#website\",\"url\":\"https:\/\/www.fieldpiece.com\/fr\/\",\"name\":\"Fieldpiece Instruments\",\"description\":\"\",\"publisher\":{\"@id\":\"https:\/\/www.fieldpiece.com\/fr\/#organization\"},\"potentialAction\":[{\"@type\":\"SearchAction\",\"target\":{\"@type\":\"EntryPoint\",\"urlTemplate\":\"https:\/\/www.fieldpiece.com\/fr\/?s={search_term_string}\"},\"query-input\":{\"@type\":\"PropertyValueSpecification\",\"valueRequired\":true,\"valueName\":\"search_term_string\"}}],\"inLanguage\":\"fr-FR\"},{\"@type\":\"Organization\",\"@id\":\"https:\/\/www.fieldpiece.com\/fr\/#organization\",\"name\":\"Fieldpiece Instruments\",\"url\":\"https:\/\/www.fieldpiece.com\/fr\/\",\"logo\":{\"@type\":\"ImageObject\",\"inLanguage\":\"fr-FR\",\"@id\":\"https:\/\/www.fieldpiece.com\/fr\/#\/schema\/logo\/image\/\",\"url\":\"https:\/\/resources.fieldpiece.com\/wp-content\/uploads\/2021\/02\/Logos-490x358-1.jpg\",\"contentUrl\":\"https:\/\/resources.fieldpiece.com\/wp-content\/uploads\/2021\/02\/Logos-490x358-1.jpg\",\"width\":490,\"height\":358,\"caption\":\"Fieldpiece Instruments\"},\"image\":{\"@id\":\"https:\/\/www.fieldpiece.com\/fr\/#\/schema\/logo\/image\/\"}}]}<\/script>\n<!-- \/ Yoast SEO plugin. -->","yoast_head_json":{"title":"MG44 \u2013 Jauge \u00e0 vide sans fil - Fieldpiece Instruments","robots":{"index":"index","follow":"follow","max-snippet":"max-snippet:-1","max-image-preview":"max-image-preview:large","max-video-preview":"max-video-preview:-1"},"canonical":"https:\/\/www.fieldpiece.com\/fr\/produit\/mg44-wireless-micron-vacuum-gauge\/","og_locale":"fr_FR","og_type":"article","og_title":"MG44 \u2013 Jauge \u00e0 vide sans fil - Fieldpiece Instruments","og_description":"\u00c9vacuez en toute confiance avec un joint fiable et \u00e9tanche. Le coupleur \u00e0 angle r\u00e9versible et la nouvelle conception cylindrique ...","og_url":"https:\/\/www.fieldpiece.com\/fr\/produit\/mg44-wireless-micron-vacuum-gauge\/","og_site_name":"Fieldpiece Instruments","article_modified_time":"2021-09-04T05:28:13+00:00","og_image":[{"width":470,"height":470,"url":"https:\/\/www.fieldpiece.com\/wp-content\/uploads\/2021\/05\/MG44-Product.png","type":"image\/png"}],"twitter_card":"summary_large_image","twitter_misc":{"Dur\u00e9e de lecture estim\u00e9e":"2 minutes"},"schema":{"@context":"https:\/\/schema.org","@graph":[{"@type":"WebPage","@id":"https:\/\/www.fieldpiece.com\/fr\/produit\/mg44-wireless-micron-vacuum-gauge\/","url":"https:\/\/www.fieldpiece.com\/fr\/produit\/mg44-wireless-micron-vacuum-gauge\/","name":"MG44 \u2013 Jauge \u00e0 vide sans fil - Fieldpiece Instruments","isPartOf":{"@id":"https:\/\/www.fieldpiece.com\/fr\/#website"},"primaryImageOfPage":{"@id":"https:\/\/www.fieldpiece.com\/fr\/produit\/mg44-wireless-micron-vacuum-gauge\/#primaryimage"},"image":{"@id":"https:\/\/www.fieldpiece.com\/fr\/produit\/mg44-wireless-micron-vacuum-gauge\/#primaryimage"},"thumbnailUrl":"https:\/\/resources.fieldpiece.com\/wp-content\/uploads\/2021\/05\/MG44-Product.png","datePublished":"2021-05-26T15:18:12+00:00","dateModified":"2021-09-04T05:28:13+00:00","breadcrumb":{"@id":"https:\/\/www.fieldpiece.com\/fr\/produit\/mg44-wireless-micron-vacuum-gauge\/#breadcrumb"},"inLanguage":"fr-FR","potentialAction":[{"@type":"ReadAction","target":["https:\/\/www.fieldpiece.com\/fr\/produit\/mg44-wireless-micron-vacuum-gauge\/"]}]},{"@type":"ImageObject","inLanguage":"fr-FR","@id":"https:\/\/www.fieldpiece.com\/fr\/produit\/mg44-wireless-micron-vacuum-gauge\/#primaryimage","url":"https:\/\/resources.fieldpiece.com\/wp-content\/uploads\/2021\/05\/MG44-Product.png","contentUrl":"https:\/\/resources.fieldpiece.com\/wp-content\/uploads\/2021\/05\/MG44-Product.png","width":470,"height":470,"caption":"Digital Vacuum Gauge"},{"@type":"BreadcrumbList","@id":"https:\/\/www.fieldpiece.com\/fr\/produit\/mg44-wireless-micron-vacuum-gauge\/#breadcrumb","itemListElement":[{"@type":"ListItem","position":1,"name":"Home","item":"https:\/\/www.fieldpiece.com\/fr\/"},{"@type":"ListItem","position":2,"name":"Shop","item":"https:\/\/www.fieldpiece.com\/shop\/"},{"@type":"ListItem","position":3,"name":"MG44 \u2013 Jauge \u00e0 vide sans fil"}]},{"@type":"WebSite","@id":"https:\/\/www.fieldpiece.com\/fr\/#website","url":"https:\/\/www.fieldpiece.com\/fr\/","name":"Fieldpiece Instruments","description":"","publisher":{"@id":"https:\/\/www.fieldpiece.com\/fr\/#organization"},"potentialAction":[{"@type":"SearchAction","target":{"@type":"EntryPoint","urlTemplate":"https:\/\/www.fieldpiece.com\/fr\/?s={search_term_string}"},"query-input":{"@type":"PropertyValueSpecification","valueRequired":true,"valueName":"search_term_string"}}],"inLanguage":"fr-FR"},{"@type":"Organization","@id":"https:\/\/www.fieldpiece.com\/fr\/#organization","name":"Fieldpiece Instruments","url":"https:\/\/www.fieldpiece.com\/fr\/","logo":{"@type":"ImageObject","inLanguage":"fr-FR","@id":"https:\/\/www.fieldpiece.com\/fr\/#\/schema\/logo\/image\/","url":"https:\/\/resources.fieldpiece.com\/wp-content\/uploads\/2021\/02\/Logos-490x358-1.jpg","contentUrl":"https:\/\/resources.fieldpiece.com\/wp-content\/uploads\/2021\/02\/Logos-490x358-1.jpg","width":490,"height":358,"caption":"Fieldpiece Instruments"},"image":{"@id":"https:\/\/www.fieldpiece.com\/fr\/#\/schema\/logo\/image\/"}}]}},"_links":{"self":[{"href":"https:\/\/www.fieldpiece.com\/fr\/wp-json\/wp\/v2\/product\/65496","targetHints":{"allow":["GET"]}}],"collection":[{"href":"https:\/\/www.fieldpiece.com\/fr\/wp-json\/wp\/v2\/product"}],"about":[{"href":"https:\/\/www.fieldpiece.com\/fr\/wp-json\/wp\/v2\/types\/product"}],"replies":[{"embeddable":true,"href":"https:\/\/www.fieldpiece.com\/fr\/wp-json\/wp\/v2\/comments?post=65496"}],"wp:featuredmedia":[{"embeddable":true,"href":"https:\/\/www.fieldpiece.com\/fr\/wp-json\/wp\/v2\/media\/42433"}],"wp:attachment":[{"href":"https:\/\/www.fieldpiece.com\/fr\/wp-json\/wp\/v2\/media?parent=65496"}],"wp:term":[{"taxonomy":"product_brand","embeddable":true,"href":"https:\/\/www.fieldpiece.com\/fr\/wp-json\/wp\/v2\/product_brand?post=65496"},{"taxonomy":"product_cat","embeddable":true,"href":"https:\/\/www.fieldpiece.com\/fr\/wp-json\/wp\/v2\/product_cat?post=65496"},{"taxonomy":"product_tag","embeddable":true,"href":"https:\/\/www.fieldpiece.com\/fr\/wp-json\/wp\/v2\/product_tag?post=65496"}],"curies":[{"name":"wp","href":"https:\/\/api.w.org\/{rel}","templated":true}]}}