	{"id":65484,"date":"2021-05-10T09:46:19","date_gmt":"2021-05-10T16:46:19","guid":{"rendered":"https:\/\/www.fieldpiece.com\/product\/vp67-6cfm-vacuum-pump\/"},"modified":"2022-01-03T23:03:52","modified_gmt":"2022-01-04T07:03:52","slug":"vp67-6cfm-vacuum-pump","status":"publish","type":"product","link":"https:\/\/www.fieldpiece.com\/fr\/produit\/vp67-6cfm-vacuum-pump\/","title":{"rendered":"VP67 \u2013 Pompe \u00e0 vide 6 CFM"},"content":{"rendered":"<ul>\n<li style=\"font-weight: 400;\">D\u00e9bit de 6\u00a0CFM avec un vide ultime de 15\u00a0microns<\/li>\n<li style=\"font-weight: 400;\">Moteur CA de \u00bd CV<\/li>\n<li style=\"font-weight: 400;\">Le syst\u00e8me de vidange d\u2019huile RunQuick\u2122 permet une vidange \u00e0 la vol\u00e9e en quelques secondes<\/li>\n<li style=\"font-weight: 400;\">R\u00e9servoir d\u2019huile r\u00e9tro-\u00e9clair\u00e9 \u2013 vous permet de visualiser l\u2019\u00e9tat de l\u2019huile et du syst\u00e8me<\/li>\n<li style=\"font-weight: 400;\">Stockage de bouteille d\u2019huile suppl\u00e9mentaire<\/li>\n<li style=\"font-weight: 400;\">Taille des ports\u00a0: (1) 6,4\u00a0mm (1\/4\u00a0po), (2) 9,5\u00a0mm (3\/8\u00a0po), (1) 12,8\u00a0mm (1\/2\u00a0po) pour un raccordement facile des flexibles<\/li>\n<li style=\"font-weight: 400;\">Socle robuste reste en position droite<\/li>\n<li style=\"font-weight: 400;\">Faible encombrement \u2013 0,02 m\u00e8tre cube (1\u00a0346 pouces cube)<\/li>\n<li style=\"font-weight: 400;\">Ballast de gaz d\u2019un quart de tour avec voyant LED<\/li>\n<li style=\"font-weight: 400;\">Rangement pratique et amovible du cordon<\/li>\n<\/ul>\n<p><strong>\u00c9vacuations plus rapides. Plus de chiffre d\u2019affaires.<\/strong><br \/>\nProcurez-vous une pompe \u00e0 vide VP67 si vous souhaitez effectuer plus d\u2019interventions par jour. Cette nouvelle pompe l\u00e9g\u00e8re, portable et puissante \u00e9vacue plus rapidement les syst\u00e8mes, ce qui vous permet de traiter davantage de clients. Elle est dot\u00e9e d\u2019une base large et robuste, d\u2019un moteur puissant et de la l\u00e9gendaire robustesse Fieldpiece \u00e0 laquelle les professionnels sont habitu\u00e9s.<\/p>\n<p><strong>Vidangez l\u2019huile \u00e0 la vol\u00e9e.<\/strong><br \/>\nComme il s\u2019agit d\u2019une pompe \u00e0 vide Fieldpiece, la VP67 utilise notre syst\u00e8me r\u00e9volutionnaire de vidange d\u2019huile RunQuick\u2122. Cela vous permet de vidanger l\u2019huile de la pompe en 20\u00a0secondes sans faire de d\u00e9sordre et sans arr\u00eater la pompe. Ne perdez plus jamais de vide.<\/p>\n<p><strong>Petite et puissante.<\/strong><br \/>\nAvec son faible encombrement, la VP67 peut aller \u00e0 peu pr\u00e8s partout, tout comme son moteur CA de \u00bd CV qui a toute la puissance n\u00e9cessaire pour mettre rapidement sous vide. Elle est \u00e9galement dot\u00e9e de quatre ports en ligne pour faciliter l\u2019acheminement des flexibles, m\u00eame pour trois flexibles de tailles diff\u00e9rentes.<\/p>\n<p><strong><em>L\u2019une des meilleures pompes du march\u00e9, c\u2019est tout ce qu\u2019il vous faut.<\/em><\/strong><\/p>\n<p><strong>Contenu<\/strong><\/p>\n<p>\u2022 (1) Pompe \u00e0 vide VP67<br \/>\n\u2022 (2) Bouteilles d\u2019huile de 237\u00a0ml (8\u00a0oz)<br \/>\n\u2022 (1) Prise adapt\u00e9e au pays<\/p>\n","protected":false},"excerpt":{"rendered":"<p>D\u00e9bit de 6\u00a0CFM avec un vide ultime de 15\u00a0microns Moteur CA de \u00bd CV Le syst\u00e8me de vidange d\u2019huile RunQuick\u2122 &#8230;<\/p>\n","protected":false},"featured_media":35359,"comment_status":"open","ping_status":"closed","template":"","meta":{"_acf_changed":false},"product_brand":[],"product_cat":[294,146],"product_tag":[],"class_list":{"0":"post-65484","1":"product","2":"type-product","3":"status-publish","4":"has-post-thumbnail","6":"product_cat-vacuum-pumps-fr","7":"product_cat-recovery-and-vacuum-fr-2","9":"first","10":"instock","11":"shipping-taxable","12":"product-type-simple"},"acf":[],"yoast_head":"<!-- This site is optimized with the Yoast SEO plugin v27.2 - https:\/\/yoast.com\/product\/yoast-seo-wordpress\/ -->\n<title>VP67 \u2013 Pompe \u00e0 vide 6 CFM - Fieldpiece Instruments<\/title>\n<meta name=\"robots\" content=\"index, follow, max-snippet:-1, max-image-preview:large, max-video-preview:-1\" \/>\n<link rel=\"canonical\" href=\"https:\/\/www.fieldpiece.com\/fr\/produit\/vp67-6cfm-vacuum-pump\/\" \/>\n<meta property=\"og:locale\" content=\"fr_FR\" \/>\n<meta property=\"og:type\" content=\"article\" \/>\n<meta property=\"og:title\" content=\"VP67 \u2013 Pompe \u00e0 vide 6 CFM - Fieldpiece Instruments\" \/>\n<meta property=\"og:description\" content=\"D\u00e9bit de 6\u00a0CFM avec un vide ultime de 15\u00a0microns Moteur CA de \u00bd CV Le syst\u00e8me de vidange d\u2019huile RunQuick\u2122 ...\" \/>\n<meta property=\"og:url\" content=\"https:\/\/www.fieldpiece.com\/fr\/produit\/vp67-6cfm-vacuum-pump\/\" \/>\n<meta property=\"og:site_name\" content=\"Fieldpiece Instruments\" \/>\n<meta property=\"article:modified_time\" content=\"2022-01-04T07:03:52+00:00\" \/>\n<meta property=\"og:image\" content=\"https:\/\/resources.fieldpiece.com\/wp-content\/uploads\/2021\/05\/VP67.png\" \/>\n\t<meta property=\"og:image:width\" content=\"470\" \/>\n\t<meta property=\"og:image:height\" content=\"470\" \/>\n\t<meta property=\"og:image:type\" content=\"image\/png\" \/>\n<meta name=\"twitter:card\" content=\"summary_large_image\" \/>\n<meta name=\"twitter:label1\" content=\"Dur\u00e9e de lecture estim\u00e9e\" \/>\n\t<meta name=\"twitter:data1\" content=\"2 minutes\" \/>\n<script type=\"application\/ld+json\" class=\"yoast-schema-graph\">{\"@context\":\"https:\/\/schema.org\",\"@graph\":[{\"@type\":\"WebPage\",\"@id\":\"https:\/\/www.fieldpiece.com\/fr\/produit\/vp67-6cfm-vacuum-pump\/\",\"url\":\"https:\/\/www.fieldpiece.com\/fr\/produit\/vp67-6cfm-vacuum-pump\/\",\"name\":\"VP67 \u2013 Pompe \u00e0 vide 6 CFM - Fieldpiece Instruments\",\"isPartOf\":{\"@id\":\"https:\/\/www.fieldpiece.com\/fr\/#website\"},\"primaryImageOfPage\":{\"@id\":\"https:\/\/www.fieldpiece.com\/fr\/produit\/vp67-6cfm-vacuum-pump\/#primaryimage\"},\"image\":{\"@id\":\"https:\/\/www.fieldpiece.com\/fr\/produit\/vp67-6cfm-vacuum-pump\/#primaryimage\"},\"thumbnailUrl\":\"https:\/\/resources.fieldpiece.com\/wp-content\/uploads\/2021\/05\/VP67.png\",\"datePublished\":\"2021-05-10T16:46:19+00:00\",\"dateModified\":\"2022-01-04T07:03:52+00:00\",\"breadcrumb\":{\"@id\":\"https:\/\/www.fieldpiece.com\/fr\/produit\/vp67-6cfm-vacuum-pump\/#breadcrumb\"},\"inLanguage\":\"fr-FR\",\"potentialAction\":[{\"@type\":\"ReadAction\",\"target\":[\"https:\/\/www.fieldpiece.com\/fr\/produit\/vp67-6cfm-vacuum-pump\/\"]}]},{\"@type\":\"ImageObject\",\"inLanguage\":\"fr-FR\",\"@id\":\"https:\/\/www.fieldpiece.com\/fr\/produit\/vp67-6cfm-vacuum-pump\/#primaryimage\",\"url\":\"https:\/\/resources.fieldpiece.com\/wp-content\/uploads\/2021\/05\/VP67.png\",\"contentUrl\":\"https:\/\/resources.fieldpiece.com\/wp-content\/uploads\/2021\/05\/VP67.png\",\"width\":470,\"height\":470,\"caption\":\"VP67 - 6 CFM Vacuum Pump\"},{\"@type\":\"BreadcrumbList\",\"@id\":\"https:\/\/www.fieldpiece.com\/fr\/produit\/vp67-6cfm-vacuum-pump\/#breadcrumb\",\"itemListElement\":[{\"@type\":\"ListItem\",\"position\":1,\"name\":\"Home\",\"item\":\"https:\/\/www.fieldpiece.com\/fr\/\"},{\"@type\":\"ListItem\",\"position\":2,\"name\":\"Shop\",\"item\":\"https:\/\/www.fieldpiece.com\/shop\/\"},{\"@type\":\"ListItem\",\"position\":3,\"name\":\"VP67 \u2013 Pompe \u00e0 vide 6 CFM\"}]},{\"@type\":\"WebSite\",\"@id\":\"https:\/\/www.fieldpiece.com\/fr\/#website\",\"url\":\"https:\/\/www.fieldpiece.com\/fr\/\",\"name\":\"Fieldpiece Instruments\",\"description\":\"\",\"publisher\":{\"@id\":\"https:\/\/www.fieldpiece.com\/fr\/#organization\"},\"potentialAction\":[{\"@type\":\"SearchAction\",\"target\":{\"@type\":\"EntryPoint\",\"urlTemplate\":\"https:\/\/www.fieldpiece.com\/fr\/?s={search_term_string}\"},\"query-input\":{\"@type\":\"PropertyValueSpecification\",\"valueRequired\":true,\"valueName\":\"search_term_string\"}}],\"inLanguage\":\"fr-FR\"},{\"@type\":\"Organization\",\"@id\":\"https:\/\/www.fieldpiece.com\/fr\/#organization\",\"name\":\"Fieldpiece Instruments\",\"url\":\"https:\/\/www.fieldpiece.com\/fr\/\",\"logo\":{\"@type\":\"ImageObject\",\"inLanguage\":\"fr-FR\",\"@id\":\"https:\/\/www.fieldpiece.com\/fr\/#\/schema\/logo\/image\/\",\"url\":\"https:\/\/resources.fieldpiece.com\/wp-content\/uploads\/2021\/02\/Logos-490x358-1.jpg\",\"contentUrl\":\"https:\/\/resources.fieldpiece.com\/wp-content\/uploads\/2021\/02\/Logos-490x358-1.jpg\",\"width\":490,\"height\":358,\"caption\":\"Fieldpiece Instruments\"},\"image\":{\"@id\":\"https:\/\/www.fieldpiece.com\/fr\/#\/schema\/logo\/image\/\"}}]}<\/script>\n<!-- \/ Yoast SEO plugin. -->","yoast_head_json":{"title":"VP67 \u2013 Pompe \u00e0 vide 6 CFM - Fieldpiece Instruments","robots":{"index":"index","follow":"follow","max-snippet":"max-snippet:-1","max-image-preview":"max-image-preview:large","max-video-preview":"max-video-preview:-1"},"canonical":"https:\/\/www.fieldpiece.com\/fr\/produit\/vp67-6cfm-vacuum-pump\/","og_locale":"fr_FR","og_type":"article","og_title":"VP67 \u2013 Pompe \u00e0 vide 6 CFM - Fieldpiece Instruments","og_description":"D\u00e9bit de 6\u00a0CFM avec un vide ultime de 15\u00a0microns Moteur CA de \u00bd CV Le syst\u00e8me de vidange d\u2019huile RunQuick\u2122 ...","og_url":"https:\/\/www.fieldpiece.com\/fr\/produit\/vp67-6cfm-vacuum-pump\/","og_site_name":"Fieldpiece Instruments","article_modified_time":"2022-01-04T07:03:52+00:00","og_image":[{"width":470,"height":470,"url":"https:\/\/resources.fieldpiece.com\/wp-content\/uploads\/2021\/05\/VP67.png","type":"image\/png"}],"twitter_card":"summary_large_image","twitter_misc":{"Dur\u00e9e de lecture estim\u00e9e":"2 minutes"},"schema":{"@context":"https:\/\/schema.org","@graph":[{"@type":"WebPage","@id":"https:\/\/www.fieldpiece.com\/fr\/produit\/vp67-6cfm-vacuum-pump\/","url":"https:\/\/www.fieldpiece.com\/fr\/produit\/vp67-6cfm-vacuum-pump\/","name":"VP67 \u2013 Pompe \u00e0 vide 6 CFM - Fieldpiece Instruments","isPartOf":{"@id":"https:\/\/www.fieldpiece.com\/fr\/#website"},"primaryImageOfPage":{"@id":"https:\/\/www.fieldpiece.com\/fr\/produit\/vp67-6cfm-vacuum-pump\/#primaryimage"},"image":{"@id":"https:\/\/www.fieldpiece.com\/fr\/produit\/vp67-6cfm-vacuum-pump\/#primaryimage"},"thumbnailUrl":"https:\/\/resources.fieldpiece.com\/wp-content\/uploads\/2021\/05\/VP67.png","datePublished":"2021-05-10T16:46:19+00:00","dateModified":"2022-01-04T07:03:52+00:00","breadcrumb":{"@id":"https:\/\/www.fieldpiece.com\/fr\/produit\/vp67-6cfm-vacuum-pump\/#breadcrumb"},"inLanguage":"fr-FR","potentialAction":[{"@type":"ReadAction","target":["https:\/\/www.fieldpiece.com\/fr\/produit\/vp67-6cfm-vacuum-pump\/"]}]},{"@type":"ImageObject","inLanguage":"fr-FR","@id":"https:\/\/www.fieldpiece.com\/fr\/produit\/vp67-6cfm-vacuum-pump\/#primaryimage","url":"https:\/\/resources.fieldpiece.com\/wp-content\/uploads\/2021\/05\/VP67.png","contentUrl":"https:\/\/resources.fieldpiece.com\/wp-content\/uploads\/2021\/05\/VP67.png","width":470,"height":470,"caption":"VP67 - 6 CFM Vacuum Pump"},{"@type":"BreadcrumbList","@id":"https:\/\/www.fieldpiece.com\/fr\/produit\/vp67-6cfm-vacuum-pump\/#breadcrumb","itemListElement":[{"@type":"ListItem","position":1,"name":"Home","item":"https:\/\/www.fieldpiece.com\/fr\/"},{"@type":"ListItem","position":2,"name":"Shop","item":"https:\/\/www.fieldpiece.com\/shop\/"},{"@type":"ListItem","position":3,"name":"VP67 \u2013 Pompe \u00e0 vide 6 CFM"}]},{"@type":"WebSite","@id":"https:\/\/www.fieldpiece.com\/fr\/#website","url":"https:\/\/www.fieldpiece.com\/fr\/","name":"Fieldpiece Instruments","description":"","publisher":{"@id":"https:\/\/www.fieldpiece.com\/fr\/#organization"},"potentialAction":[{"@type":"SearchAction","target":{"@type":"EntryPoint","urlTemplate":"https:\/\/www.fieldpiece.com\/fr\/?s={search_term_string}"},"query-input":{"@type":"PropertyValueSpecification","valueRequired":true,"valueName":"search_term_string"}}],"inLanguage":"fr-FR"},{"@type":"Organization","@id":"https:\/\/www.fieldpiece.com\/fr\/#organization","name":"Fieldpiece Instruments","url":"https:\/\/www.fieldpiece.com\/fr\/","logo":{"@type":"ImageObject","inLanguage":"fr-FR","@id":"https:\/\/www.fieldpiece.com\/fr\/#\/schema\/logo\/image\/","url":"https:\/\/resources.fieldpiece.com\/wp-content\/uploads\/2021\/02\/Logos-490x358-1.jpg","contentUrl":"https:\/\/resources.fieldpiece.com\/wp-content\/uploads\/2021\/02\/Logos-490x358-1.jpg","width":490,"height":358,"caption":"Fieldpiece Instruments"},"image":{"@id":"https:\/\/www.fieldpiece.com\/fr\/#\/schema\/logo\/image\/"}}]}},"_links":{"self":[{"href":"https:\/\/www.fieldpiece.com\/fr\/wp-json\/wp\/v2\/product\/65484","targetHints":{"allow":["GET"]}}],"collection":[{"href":"https:\/\/www.fieldpiece.com\/fr\/wp-json\/wp\/v2\/product"}],"about":[{"href":"https:\/\/www.fieldpiece.com\/fr\/wp-json\/wp\/v2\/types\/product"}],"replies":[{"embeddable":true,"href":"https:\/\/www.fieldpiece.com\/fr\/wp-json\/wp\/v2\/comments?post=65484"}],"wp:featuredmedia":[{"embeddable":true,"href":"https:\/\/www.fieldpiece.com\/fr\/wp-json\/wp\/v2\/media\/35359"}],"wp:attachment":[{"href":"https:\/\/www.fieldpiece.com\/fr\/wp-json\/wp\/v2\/media?parent=65484"}],"wp:term":[{"taxonomy":"product_brand","embeddable":true,"href":"https:\/\/www.fieldpiece.com\/fr\/wp-json\/wp\/v2\/product_brand?post=65484"},{"taxonomy":"product_cat","embeddable":true,"href":"https:\/\/www.fieldpiece.com\/fr\/wp-json\/wp\/v2\/product_cat?post=65484"},{"taxonomy":"product_tag","embeddable":true,"href":"https:\/\/www.fieldpiece.com\/fr\/wp-json\/wp\/v2\/product_tag?post=65484"}],"curies":[{"name":"wp","href":"https:\/\/api.w.org\/{rel}","templated":true}]}}