	{"id":65392,"date":"2021-05-10T13:36:48","date_gmt":"2021-05-10T20:36:48","guid":{"rendered":"https:\/\/www.fieldpiece.com\/product\/vp87-8cfm-vacuum-pump\/"},"modified":"2022-01-03T22:36:24","modified_gmt":"2022-01-04T06:36:24","slug":"vp87-8cfm-vacuum-pump","status":"publish","type":"product","link":"https:\/\/www.fieldpiece.com\/fr\/produit\/vp87-8cfm-vacuum-pump\/","title":{"rendered":"VP87 \u2013 Pompe \u00e0 vide 8 CFM"},"content":{"rendered":"<ul>\n<li style=\"font-weight: 400;\">D\u00e9bit de 8\u00a0CFM avec un vide ultime de 15\u00a0microns<\/li>\n<li style=\"font-weight: 400;\">Moteur CC de \u00be de CV pour un rapport puissance\/poids et un fonctionnement \u00e0 basse tension.<\/li>\n<li style=\"font-weight: 400;\">Le syst\u00e8me de vidange d\u2019huile RunQuick\u2122 permet une vidange \u00e0 la vol\u00e9e en quelques secondes<\/li>\n<li style=\"font-weight: 400;\">R\u00e9servoir d\u2019huile r\u00e9tro-\u00e9clair\u00e9 \u2013 vous permet de visualiser l\u2019\u00e9tat de l\u2019huile et du syst\u00e8me<\/li>\n<li style=\"font-weight: 400;\">Stockage de bouteille d\u2019huile suppl\u00e9mentaire<\/li>\n<li style=\"font-weight: 400;\">Taille des ports\u00a0: (1) 6,4\u00a0mm (1\/4\u00a0po), (2) 9,5\u00a0mm (3\/8\u00a0po), (1) 12,8\u00a0mm (1\/2\u00a0po) pour un raccordement facile des flexibles<\/li>\n<li style=\"font-weight: 400;\">Socle robuste reste en position droite<\/li>\n<li style=\"font-weight: 400;\">Faible encombrement \u2013 0,02 m\u00e8tre cube (1\u00a0346 pouces cube)<\/li>\n<li style=\"font-weight: 400;\">P\u00e8se 12,25 kg (27 lb)<\/li>\n<li style=\"font-weight: 400;\">Ballast de gaz d\u2019un quart de tour avec voyant LED<\/li>\n<li style=\"font-weight: 400;\">Rangement pratique et amovible du cordon<\/li>\n<li style=\"font-weight: 400;\">Messages d\u2019erreur\u00a0: indiquent une mauvaise source d\u2019alimentation ou d\u2019autres erreurs<\/li>\n<\/ul>\n<p><strong><br \/>\nLes meilleurs continuent de s\u2019am\u00e9liorer.<\/strong><br \/>\nLa pompe \u00e0 vide VP87 de Fieldpiece r\u00e9duit les temps d\u2019\u00e9vacuation et vous fait gagner du temps sur le chantier. Cette pompe l\u00e9g\u00e8re, portable mais puissante vous permet d\u2019\u00e9vacuer rapidement et correctement un syst\u00e8me, et sa grande fen\u00eatre du r\u00e9servoir d\u2019huile vous offre une visibilit\u00e9 claire pour \u00e9valuer l\u2019\u00e9tat de l\u2019huile.<\/p>\n<p><strong>Vidangez l\u2019huile sans perdre le vide.<\/strong><br \/>\nLorsque vous utilisez notre syst\u00e8me de vidange d\u2019huile RunQuick\u2122, vous pouvez vidanger l\u2019huile \u00e0 la vol\u00e9e en moins de 20\u00a0secondes, sans faire de d\u00e9sordre et sans perte de vide.<\/p>\n<p><strong>Utilisez la puissance dont vous avez besoin.<\/strong><br \/>\nLa pompe \u00e0 vide VP87 est \u00e9quip\u00e9e d\u2019un moteur CC de \u00be de CV qui peut m\u00eame fonctionner lors de chutes de tension jusqu\u2019\u00e0 85\u00a0V provenant de l\u2019utilisation de longues rallonges. La pompe est dot\u00e9e d\u2019un socle extra-large pour une meilleure stabilit\u00e9 et de quatre ports en ligne pour faciliter l\u2019acheminement de trois diff\u00e9rentes tailles de flexibles.<\/p>\n<p><strong><em>Procurez-vous l\u2019une des meilleures pompes du march\u00e9.<\/em><\/strong><\/p>\n<p><strong>Contenu<\/strong><\/p>\n<p>\u2022 (1) Pompe \u00e0 vide VP87<br \/>\n\u2022 (2) Bouteilles d\u2019huile de 237\u00a0ml (8\u00a0oz)<br \/>\n\u2022 (1) Prise adapt\u00e9e au pays<\/p>\n","protected":false},"excerpt":{"rendered":"<p>D\u00e9bit de 8\u00a0CFM avec un vide ultime de 15\u00a0microns Moteur CC de \u00be de CV pour un rapport puissance\/poids et &#8230;<\/p>\n","protected":false},"featured_media":35373,"comment_status":"open","ping_status":"closed","template":"","meta":{"_acf_changed":false},"product_brand":[],"product_cat":[294,146],"product_tag":[],"class_list":{"0":"post-65392","1":"product","2":"type-product","3":"status-publish","4":"has-post-thumbnail","6":"product_cat-vacuum-pumps-fr","7":"product_cat-recovery-and-vacuum-fr-2","9":"first","10":"instock","11":"shipping-taxable","12":"product-type-simple"},"acf":[],"yoast_head":"<!-- This site is optimized with the Yoast SEO plugin v27.4 - https:\/\/yoast.com\/product\/yoast-seo-wordpress\/ -->\n<title>VP87 \u2013 Pompe \u00e0 vide 8 CFM - Fieldpiece Instruments<\/title>\n<meta name=\"robots\" content=\"index, follow, max-snippet:-1, max-image-preview:large, max-video-preview:-1\" \/>\n<link rel=\"canonical\" href=\"https:\/\/www.fieldpiece.com\/fr\/produit\/vp87-8cfm-vacuum-pump\/\" \/>\n<meta property=\"og:locale\" content=\"fr_FR\" \/>\n<meta property=\"og:type\" content=\"article\" \/>\n<meta property=\"og:title\" content=\"VP87 \u2013 Pompe \u00e0 vide 8 CFM - Fieldpiece Instruments\" \/>\n<meta property=\"og:description\" content=\"D\u00e9bit de 8\u00a0CFM avec un vide ultime de 15\u00a0microns Moteur CC de \u00be de CV pour un rapport puissance\/poids et ...\" \/>\n<meta property=\"og:url\" content=\"https:\/\/www.fieldpiece.com\/fr\/produit\/vp87-8cfm-vacuum-pump\/\" \/>\n<meta property=\"og:site_name\" content=\"Fieldpiece Instruments\" \/>\n<meta property=\"article:modified_time\" content=\"2022-01-04T06:36:24+00:00\" \/>\n<meta property=\"og:image\" content=\"https:\/\/resources.fieldpiece.com\/wp-content\/uploads\/2021\/05\/VP87.png\" \/>\n\t<meta property=\"og:image:width\" content=\"470\" \/>\n\t<meta property=\"og:image:height\" content=\"470\" \/>\n\t<meta property=\"og:image:type\" content=\"image\/png\" \/>\n<meta name=\"twitter:card\" content=\"summary_large_image\" \/>\n<meta name=\"twitter:label1\" content=\"Dur\u00e9e de lecture estim\u00e9e\" \/>\n\t<meta name=\"twitter:data1\" content=\"2 minutes\" \/>\n<script type=\"application\/ld+json\" class=\"yoast-schema-graph\">{\"@context\":\"https:\\\/\\\/schema.org\",\"@graph\":[{\"@type\":\"WebPage\",\"@id\":\"https:\\\/\\\/www.fieldpiece.com\\\/fr\\\/produit\\\/vp87-8cfm-vacuum-pump\\\/\",\"url\":\"https:\\\/\\\/www.fieldpiece.com\\\/fr\\\/produit\\\/vp87-8cfm-vacuum-pump\\\/\",\"name\":\"VP87 \u2013 Pompe \u00e0 vide 8 CFM - Fieldpiece Instruments\",\"isPartOf\":{\"@id\":\"https:\\\/\\\/www.fieldpiece.com\\\/fr\\\/#website\"},\"primaryImageOfPage\":{\"@id\":\"https:\\\/\\\/www.fieldpiece.com\\\/fr\\\/produit\\\/vp87-8cfm-vacuum-pump\\\/#primaryimage\"},\"image\":{\"@id\":\"https:\\\/\\\/www.fieldpiece.com\\\/fr\\\/produit\\\/vp87-8cfm-vacuum-pump\\\/#primaryimage\"},\"thumbnailUrl\":\"https:\\\/\\\/resources.fieldpiece.com\\\/wp-content\\\/uploads\\\/2021\\\/05\\\/VP87.png\",\"datePublished\":\"2021-05-10T20:36:48+00:00\",\"dateModified\":\"2022-01-04T06:36:24+00:00\",\"breadcrumb\":{\"@id\":\"https:\\\/\\\/www.fieldpiece.com\\\/fr\\\/produit\\\/vp87-8cfm-vacuum-pump\\\/#breadcrumb\"},\"inLanguage\":\"fr-FR\",\"potentialAction\":[{\"@type\":\"ReadAction\",\"target\":[\"https:\\\/\\\/www.fieldpiece.com\\\/fr\\\/produit\\\/vp87-8cfm-vacuum-pump\\\/\"]}]},{\"@type\":\"ImageObject\",\"inLanguage\":\"fr-FR\",\"@id\":\"https:\\\/\\\/www.fieldpiece.com\\\/fr\\\/produit\\\/vp87-8cfm-vacuum-pump\\\/#primaryimage\",\"url\":\"https:\\\/\\\/resources.fieldpiece.com\\\/wp-content\\\/uploads\\\/2021\\\/05\\\/VP87.png\",\"contentUrl\":\"https:\\\/\\\/resources.fieldpiece.com\\\/wp-content\\\/uploads\\\/2021\\\/05\\\/VP87.png\",\"width\":470,\"height\":470,\"caption\":\"VP87 - 8 CFM Vacuum Pump - 15 Microns Ultimate Vacuum\"},{\"@type\":\"BreadcrumbList\",\"@id\":\"https:\\\/\\\/www.fieldpiece.com\\\/fr\\\/produit\\\/vp87-8cfm-vacuum-pump\\\/#breadcrumb\",\"itemListElement\":[{\"@type\":\"ListItem\",\"position\":1,\"name\":\"Home\",\"item\":\"https:\\\/\\\/www.fieldpiece.com\\\/fr\\\/\"},{\"@type\":\"ListItem\",\"position\":2,\"name\":\"Shop\",\"item\":\"https:\\\/\\\/www.fieldpiece.com\\\/shop\\\/\"},{\"@type\":\"ListItem\",\"position\":3,\"name\":\"VP87 \u2013 Pompe \u00e0 vide 8 CFM\"}]},{\"@type\":\"WebSite\",\"@id\":\"https:\\\/\\\/www.fieldpiece.com\\\/fr\\\/#website\",\"url\":\"https:\\\/\\\/www.fieldpiece.com\\\/fr\\\/\",\"name\":\"Fieldpiece Instruments\",\"description\":\"\",\"publisher\":{\"@id\":\"https:\\\/\\\/www.fieldpiece.com\\\/fr\\\/#organization\"},\"potentialAction\":[{\"@type\":\"SearchAction\",\"target\":{\"@type\":\"EntryPoint\",\"urlTemplate\":\"https:\\\/\\\/www.fieldpiece.com\\\/fr\\\/?s={search_term_string}\"},\"query-input\":{\"@type\":\"PropertyValueSpecification\",\"valueRequired\":true,\"valueName\":\"search_term_string\"}}],\"inLanguage\":\"fr-FR\"},{\"@type\":\"Organization\",\"@id\":\"https:\\\/\\\/www.fieldpiece.com\\\/fr\\\/#organization\",\"name\":\"Fieldpiece Instruments\",\"url\":\"https:\\\/\\\/www.fieldpiece.com\\\/fr\\\/\",\"logo\":{\"@type\":\"ImageObject\",\"inLanguage\":\"fr-FR\",\"@id\":\"https:\\\/\\\/www.fieldpiece.com\\\/fr\\\/#\\\/schema\\\/logo\\\/image\\\/\",\"url\":\"https:\\\/\\\/resources.fieldpiece.com\\\/wp-content\\\/uploads\\\/2021\\\/02\\\/Logos-490x358-1.jpg\",\"contentUrl\":\"https:\\\/\\\/resources.fieldpiece.com\\\/wp-content\\\/uploads\\\/2021\\\/02\\\/Logos-490x358-1.jpg\",\"width\":490,\"height\":358,\"caption\":\"Fieldpiece Instruments\"},\"image\":{\"@id\":\"https:\\\/\\\/www.fieldpiece.com\\\/fr\\\/#\\\/schema\\\/logo\\\/image\\\/\"}}]}<\/script>\n<!-- \/ Yoast SEO plugin. -->","yoast_head_json":{"title":"VP87 \u2013 Pompe \u00e0 vide 8 CFM - Fieldpiece Instruments","robots":{"index":"index","follow":"follow","max-snippet":"max-snippet:-1","max-image-preview":"max-image-preview:large","max-video-preview":"max-video-preview:-1"},"canonical":"https:\/\/www.fieldpiece.com\/fr\/produit\/vp87-8cfm-vacuum-pump\/","og_locale":"fr_FR","og_type":"article","og_title":"VP87 \u2013 Pompe \u00e0 vide 8 CFM - Fieldpiece Instruments","og_description":"D\u00e9bit de 8\u00a0CFM avec un vide ultime de 15\u00a0microns Moteur CC de \u00be de CV pour un rapport puissance\/poids et ...","og_url":"https:\/\/www.fieldpiece.com\/fr\/produit\/vp87-8cfm-vacuum-pump\/","og_site_name":"Fieldpiece Instruments","article_modified_time":"2022-01-04T06:36:24+00:00","og_image":[{"width":470,"height":470,"url":"https:\/\/resources.fieldpiece.com\/wp-content\/uploads\/2021\/05\/VP87.png","type":"image\/png"}],"twitter_card":"summary_large_image","twitter_misc":{"Dur\u00e9e de lecture estim\u00e9e":"2 minutes"},"schema":{"@context":"https:\/\/schema.org","@graph":[{"@type":"WebPage","@id":"https:\/\/www.fieldpiece.com\/fr\/produit\/vp87-8cfm-vacuum-pump\/","url":"https:\/\/www.fieldpiece.com\/fr\/produit\/vp87-8cfm-vacuum-pump\/","name":"VP87 \u2013 Pompe \u00e0 vide 8 CFM - Fieldpiece Instruments","isPartOf":{"@id":"https:\/\/www.fieldpiece.com\/fr\/#website"},"primaryImageOfPage":{"@id":"https:\/\/www.fieldpiece.com\/fr\/produit\/vp87-8cfm-vacuum-pump\/#primaryimage"},"image":{"@id":"https:\/\/www.fieldpiece.com\/fr\/produit\/vp87-8cfm-vacuum-pump\/#primaryimage"},"thumbnailUrl":"https:\/\/resources.fieldpiece.com\/wp-content\/uploads\/2021\/05\/VP87.png","datePublished":"2021-05-10T20:36:48+00:00","dateModified":"2022-01-04T06:36:24+00:00","breadcrumb":{"@id":"https:\/\/www.fieldpiece.com\/fr\/produit\/vp87-8cfm-vacuum-pump\/#breadcrumb"},"inLanguage":"fr-FR","potentialAction":[{"@type":"ReadAction","target":["https:\/\/www.fieldpiece.com\/fr\/produit\/vp87-8cfm-vacuum-pump\/"]}]},{"@type":"ImageObject","inLanguage":"fr-FR","@id":"https:\/\/www.fieldpiece.com\/fr\/produit\/vp87-8cfm-vacuum-pump\/#primaryimage","url":"https:\/\/resources.fieldpiece.com\/wp-content\/uploads\/2021\/05\/VP87.png","contentUrl":"https:\/\/resources.fieldpiece.com\/wp-content\/uploads\/2021\/05\/VP87.png","width":470,"height":470,"caption":"VP87 - 8 CFM Vacuum Pump - 15 Microns Ultimate Vacuum"},{"@type":"BreadcrumbList","@id":"https:\/\/www.fieldpiece.com\/fr\/produit\/vp87-8cfm-vacuum-pump\/#breadcrumb","itemListElement":[{"@type":"ListItem","position":1,"name":"Home","item":"https:\/\/www.fieldpiece.com\/fr\/"},{"@type":"ListItem","position":2,"name":"Shop","item":"https:\/\/www.fieldpiece.com\/shop\/"},{"@type":"ListItem","position":3,"name":"VP87 \u2013 Pompe \u00e0 vide 8 CFM"}]},{"@type":"WebSite","@id":"https:\/\/www.fieldpiece.com\/fr\/#website","url":"https:\/\/www.fieldpiece.com\/fr\/","name":"Fieldpiece Instruments","description":"","publisher":{"@id":"https:\/\/www.fieldpiece.com\/fr\/#organization"},"potentialAction":[{"@type":"SearchAction","target":{"@type":"EntryPoint","urlTemplate":"https:\/\/www.fieldpiece.com\/fr\/?s={search_term_string}"},"query-input":{"@type":"PropertyValueSpecification","valueRequired":true,"valueName":"search_term_string"}}],"inLanguage":"fr-FR"},{"@type":"Organization","@id":"https:\/\/www.fieldpiece.com\/fr\/#organization","name":"Fieldpiece Instruments","url":"https:\/\/www.fieldpiece.com\/fr\/","logo":{"@type":"ImageObject","inLanguage":"fr-FR","@id":"https:\/\/www.fieldpiece.com\/fr\/#\/schema\/logo\/image\/","url":"https:\/\/resources.fieldpiece.com\/wp-content\/uploads\/2021\/02\/Logos-490x358-1.jpg","contentUrl":"https:\/\/resources.fieldpiece.com\/wp-content\/uploads\/2021\/02\/Logos-490x358-1.jpg","width":490,"height":358,"caption":"Fieldpiece Instruments"},"image":{"@id":"https:\/\/www.fieldpiece.com\/fr\/#\/schema\/logo\/image\/"}}]}},"_links":{"self":[{"href":"https:\/\/www.fieldpiece.com\/fr\/wp-json\/wp\/v2\/product\/65392","targetHints":{"allow":["GET"]}}],"collection":[{"href":"https:\/\/www.fieldpiece.com\/fr\/wp-json\/wp\/v2\/product"}],"about":[{"href":"https:\/\/www.fieldpiece.com\/fr\/wp-json\/wp\/v2\/types\/product"}],"replies":[{"embeddable":true,"href":"https:\/\/www.fieldpiece.com\/fr\/wp-json\/wp\/v2\/comments?post=65392"}],"wp:featuredmedia":[{"embeddable":true,"href":"https:\/\/www.fieldpiece.com\/fr\/wp-json\/wp\/v2\/media\/35373"}],"wp:attachment":[{"href":"https:\/\/www.fieldpiece.com\/fr\/wp-json\/wp\/v2\/media?parent=65392"}],"wp:term":[{"taxonomy":"product_brand","embeddable":true,"href":"https:\/\/www.fieldpiece.com\/fr\/wp-json\/wp\/v2\/product_brand?post=65392"},{"taxonomy":"product_cat","embeddable":true,"href":"https:\/\/www.fieldpiece.com\/fr\/wp-json\/wp\/v2\/product_cat?post=65392"},{"taxonomy":"product_tag","embeddable":true,"href":"https:\/\/www.fieldpiece.com\/fr\/wp-json\/wp\/v2\/product_tag?post=65392"}],"curies":[{"name":"wp","href":"https:\/\/api.w.org\/{rel}","templated":true}]}}