	{"id":65387,"date":"2021-05-10T13:37:54","date_gmt":"2021-05-10T20:37:54","guid":{"rendered":"https:\/\/www.fieldpiece.com\/product\/vpx7-10cfm-vacuum-pump\/"},"modified":"2022-01-03T22:01:01","modified_gmt":"2022-01-04T06:01:01","slug":"vpx7-10cfm-vacuum-pump","status":"publish","type":"product","link":"https:\/\/www.fieldpiece.com\/fr\/produit\/vpx7-10cfm-vacuum-pump\/","title":{"rendered":"VPX7 \u2013 Pompe \u00e0 vide 10 CFM"},"content":{"rendered":"<ul>\n<li style=\"font-weight: 400;\">D\u00e9bit de 10\u00a0CFM avec un vide ultime de 15\u00a0microns<\/li>\n<li style=\"font-weight: 400;\">Moteur CC\u00a0de \u00be CV<\/li>\n<li style=\"font-weight: 400;\">P\u00e8se 10,89 kg (24 lb)<\/li>\n<li style=\"font-weight: 400;\">Pompe brevet\u00e9e la plus l\u00e9g\u00e8re<\/li>\n<li style=\"font-weight: 400;\">Le syst\u00e8me de vidange d\u2019huile RunQuick\u2122 permet une vidange \u00e0 la vol\u00e9e en quelques secondes<\/li>\n<li style=\"font-weight: 400;\">R\u00e9servoir d\u2019huile r\u00e9tro-\u00e9clair\u00e9 \u2013 vous permet de visualiser l\u2019\u00e9tat de votre huile et de votre syst\u00e8me<\/li>\n<li style=\"font-weight: 400;\">Stockage de bouteille d\u2019huile suppl\u00e9mentaire<\/li>\n<li style=\"font-weight: 400;\">Taille des ports\u00a0: (1) 6,4\u00a0mm (1\/4\u00a0po), (2) 9,5\u00a0mm (3\/8\u00a0po), (1) 12,7\u00a0mm (1\/2\u00a0po) pour un raccordement facile des flexibles<\/li>\n<li style=\"font-weight: 400;\">Socle robuste reste en position droite<\/li>\n<li style=\"font-weight: 400;\">Faible encombrement \u2013 0,02 m\u00e8tre cube (1\u00a0346 pouces cube)<\/li>\n<li style=\"font-weight: 400;\">Ballast de gaz d\u2019un quart de tour avec voyant LED<\/li>\n<li style=\"font-weight: 400;\">Rangement pratique et amovible du cordon<\/li>\n<li style=\"font-weight: 400;\">Messages d\u2019erreur\u00a0: indiquent une mauvaise source d\u2019alimentation ou d\u2019autres erreurs<\/li>\n<\/ul>\n<p><strong>Visualisez clairement votre huile.<\/strong><br \/>\nPuisque la propret\u00e9 de l\u2019huile est importante, la VPX7 dispose d\u2019une grande fen\u00eatre sur le r\u00e9servoir d\u2019huile pour vous apporter une indication instantan\u00e9e de l\u2019\u00e9tat de votre huile et de votre syst\u00e8me. Elle comprend \u00e9galement notre syst\u00e8me de vidange d\u2019huile RunQuick\u2122, qui vous permet de vidanger l\u2019huile sans mise hors tension et sans perte de vide. Et sans faire de d\u00e9sordre. Notre nouvelle fen\u00eatre d\u2019huile amovible permet de nettoyer facilement et de voir les voyants op\u00e9rationnels concernant le ballast de gaz et le d\u00e9marrage \u00e0 froid.<\/p>\n<p><strong>L\u00e9ger mais robuste.<\/strong><br \/>\nNous avons con\u00e7u la VPX7 pour r\u00e9pondre aux exigences de tous les chantiers. Elle est assez l\u00e9g\u00e8re pour \u00eatre transport\u00e9e n\u2019importe o\u00f9 et sa base extra-large assure qu\u2019elle ne se renversera pas et ne renversera pas d\u2019huile une fois que vous l\u2019aurez mise en place. Elle dispose \u00e9galement de quatre ports en ligne, ce qui vous permet d\u2019avoir suffisamment de place pour faire passer plusieurs flexibles sans les emm\u00ealer et sans faire de d\u00e9sordre.<\/p>\n<p><em><strong>Procurez-vous une VPX7 d\u00e8s maintenant.<\/strong><\/em><\/p>\n<p>Contenu<br \/>\n\u2022 (1) Pompe \u00e0 vide 10 CFM VPX7<br \/>\n\u2022 (2) Bouteilles d\u2019huile de 237\u00a0ml (8\u00a0oz)<br \/>\n\u2022 (1) Prise adapt\u00e9e au pays<\/p>\n","protected":false},"excerpt":{"rendered":"<p>D\u00e9bit de 10\u00a0CFM avec un vide ultime de 15\u00a0microns Moteur CC\u00a0de \u00be CV P\u00e8se 10,89 kg (24 lb) Pompe brevet\u00e9e &#8230;<\/p>\n","protected":false},"featured_media":35366,"comment_status":"open","ping_status":"closed","template":"","meta":{"_acf_changed":false},"product_brand":[],"product_cat":[294,146],"product_tag":[],"class_list":{"0":"post-65387","1":"product","2":"type-product","3":"status-publish","4":"has-post-thumbnail","6":"product_cat-vacuum-pumps-fr","7":"product_cat-recovery-and-vacuum-fr-2","9":"first","10":"instock","11":"shipping-taxable","12":"product-type-simple"},"acf":[],"yoast_head":"<!-- This site is optimized with the Yoast SEO plugin v27.4 - https:\/\/yoast.com\/product\/yoast-seo-wordpress\/ -->\n<title>VPX7 \u2013 Pompe \u00e0 vide 10 CFM - Fieldpiece Instruments<\/title>\n<meta name=\"robots\" content=\"index, follow, max-snippet:-1, max-image-preview:large, max-video-preview:-1\" \/>\n<link rel=\"canonical\" href=\"https:\/\/www.fieldpiece.com\/fr\/produit\/vpx7-10cfm-vacuum-pump\/\" \/>\n<meta property=\"og:locale\" content=\"fr_FR\" \/>\n<meta property=\"og:type\" content=\"article\" \/>\n<meta property=\"og:title\" content=\"VPX7 \u2013 Pompe \u00e0 vide 10 CFM - Fieldpiece Instruments\" \/>\n<meta property=\"og:description\" content=\"D\u00e9bit de 10\u00a0CFM avec un vide ultime de 15\u00a0microns Moteur CC\u00a0de \u00be CV P\u00e8se 10,89 kg (24 lb) Pompe brevet\u00e9e ...\" \/>\n<meta property=\"og:url\" content=\"https:\/\/www.fieldpiece.com\/fr\/produit\/vpx7-10cfm-vacuum-pump\/\" \/>\n<meta property=\"og:site_name\" content=\"Fieldpiece Instruments\" \/>\n<meta property=\"article:modified_time\" content=\"2022-01-04T06:01:01+00:00\" \/>\n<meta property=\"og:image\" content=\"https:\/\/resources.fieldpiece.com\/wp-content\/uploads\/2021\/05\/VPX7.png\" \/>\n\t<meta property=\"og:image:width\" content=\"470\" \/>\n\t<meta property=\"og:image:height\" content=\"470\" \/>\n\t<meta property=\"og:image:type\" content=\"image\/png\" \/>\n<meta name=\"twitter:card\" content=\"summary_large_image\" \/>\n<meta name=\"twitter:label1\" content=\"Dur\u00e9e de lecture estim\u00e9e\" \/>\n\t<meta name=\"twitter:data1\" content=\"2 minutes\" \/>\n<script type=\"application\/ld+json\" class=\"yoast-schema-graph\">{\"@context\":\"https:\\\/\\\/schema.org\",\"@graph\":[{\"@type\":\"WebPage\",\"@id\":\"https:\\\/\\\/www.fieldpiece.com\\\/fr\\\/produit\\\/vpx7-10cfm-vacuum-pump\\\/\",\"url\":\"https:\\\/\\\/www.fieldpiece.com\\\/fr\\\/produit\\\/vpx7-10cfm-vacuum-pump\\\/\",\"name\":\"VPX7 \u2013 Pompe \u00e0 vide 10 CFM - Fieldpiece Instruments\",\"isPartOf\":{\"@id\":\"https:\\\/\\\/www.fieldpiece.com\\\/fr\\\/#website\"},\"primaryImageOfPage\":{\"@id\":\"https:\\\/\\\/www.fieldpiece.com\\\/fr\\\/produit\\\/vpx7-10cfm-vacuum-pump\\\/#primaryimage\"},\"image\":{\"@id\":\"https:\\\/\\\/www.fieldpiece.com\\\/fr\\\/produit\\\/vpx7-10cfm-vacuum-pump\\\/#primaryimage\"},\"thumbnailUrl\":\"https:\\\/\\\/resources.fieldpiece.com\\\/wp-content\\\/uploads\\\/2021\\\/05\\\/VPX7.png\",\"datePublished\":\"2021-05-10T20:37:54+00:00\",\"dateModified\":\"2022-01-04T06:01:01+00:00\",\"breadcrumb\":{\"@id\":\"https:\\\/\\\/www.fieldpiece.com\\\/fr\\\/produit\\\/vpx7-10cfm-vacuum-pump\\\/#breadcrumb\"},\"inLanguage\":\"fr-FR\",\"potentialAction\":[{\"@type\":\"ReadAction\",\"target\":[\"https:\\\/\\\/www.fieldpiece.com\\\/fr\\\/produit\\\/vpx7-10cfm-vacuum-pump\\\/\"]}]},{\"@type\":\"ImageObject\",\"inLanguage\":\"fr-FR\",\"@id\":\"https:\\\/\\\/www.fieldpiece.com\\\/fr\\\/produit\\\/vpx7-10cfm-vacuum-pump\\\/#primaryimage\",\"url\":\"https:\\\/\\\/resources.fieldpiece.com\\\/wp-content\\\/uploads\\\/2021\\\/05\\\/VPX7.png\",\"contentUrl\":\"https:\\\/\\\/resources.fieldpiece.com\\\/wp-content\\\/uploads\\\/2021\\\/05\\\/VPX7.png\",\"width\":470,\"height\":470,\"caption\":\"VPX7 - 10 CFM Vacuum Pump\"},{\"@type\":\"BreadcrumbList\",\"@id\":\"https:\\\/\\\/www.fieldpiece.com\\\/fr\\\/produit\\\/vpx7-10cfm-vacuum-pump\\\/#breadcrumb\",\"itemListElement\":[{\"@type\":\"ListItem\",\"position\":1,\"name\":\"Home\",\"item\":\"https:\\\/\\\/www.fieldpiece.com\\\/fr\\\/\"},{\"@type\":\"ListItem\",\"position\":2,\"name\":\"Shop\",\"item\":\"https:\\\/\\\/www.fieldpiece.com\\\/shop\\\/\"},{\"@type\":\"ListItem\",\"position\":3,\"name\":\"VPX7 \u2013 Pompe \u00e0 vide 10 CFM\"}]},{\"@type\":\"WebSite\",\"@id\":\"https:\\\/\\\/www.fieldpiece.com\\\/fr\\\/#website\",\"url\":\"https:\\\/\\\/www.fieldpiece.com\\\/fr\\\/\",\"name\":\"Fieldpiece Instruments\",\"description\":\"\",\"publisher\":{\"@id\":\"https:\\\/\\\/www.fieldpiece.com\\\/fr\\\/#organization\"},\"potentialAction\":[{\"@type\":\"SearchAction\",\"target\":{\"@type\":\"EntryPoint\",\"urlTemplate\":\"https:\\\/\\\/www.fieldpiece.com\\\/fr\\\/?s={search_term_string}\"},\"query-input\":{\"@type\":\"PropertyValueSpecification\",\"valueRequired\":true,\"valueName\":\"search_term_string\"}}],\"inLanguage\":\"fr-FR\"},{\"@type\":\"Organization\",\"@id\":\"https:\\\/\\\/www.fieldpiece.com\\\/fr\\\/#organization\",\"name\":\"Fieldpiece Instruments\",\"url\":\"https:\\\/\\\/www.fieldpiece.com\\\/fr\\\/\",\"logo\":{\"@type\":\"ImageObject\",\"inLanguage\":\"fr-FR\",\"@id\":\"https:\\\/\\\/www.fieldpiece.com\\\/fr\\\/#\\\/schema\\\/logo\\\/image\\\/\",\"url\":\"https:\\\/\\\/resources.fieldpiece.com\\\/wp-content\\\/uploads\\\/2021\\\/02\\\/Logos-490x358-1.jpg\",\"contentUrl\":\"https:\\\/\\\/resources.fieldpiece.com\\\/wp-content\\\/uploads\\\/2021\\\/02\\\/Logos-490x358-1.jpg\",\"width\":490,\"height\":358,\"caption\":\"Fieldpiece Instruments\"},\"image\":{\"@id\":\"https:\\\/\\\/www.fieldpiece.com\\\/fr\\\/#\\\/schema\\\/logo\\\/image\\\/\"}}]}<\/script>\n<!-- \/ Yoast SEO plugin. -->","yoast_head_json":{"title":"VPX7 \u2013 Pompe \u00e0 vide 10 CFM - Fieldpiece Instruments","robots":{"index":"index","follow":"follow","max-snippet":"max-snippet:-1","max-image-preview":"max-image-preview:large","max-video-preview":"max-video-preview:-1"},"canonical":"https:\/\/www.fieldpiece.com\/fr\/produit\/vpx7-10cfm-vacuum-pump\/","og_locale":"fr_FR","og_type":"article","og_title":"VPX7 \u2013 Pompe \u00e0 vide 10 CFM - Fieldpiece Instruments","og_description":"D\u00e9bit de 10\u00a0CFM avec un vide ultime de 15\u00a0microns Moteur CC\u00a0de \u00be CV P\u00e8se 10,89 kg (24 lb) Pompe brevet\u00e9e ...","og_url":"https:\/\/www.fieldpiece.com\/fr\/produit\/vpx7-10cfm-vacuum-pump\/","og_site_name":"Fieldpiece Instruments","article_modified_time":"2022-01-04T06:01:01+00:00","og_image":[{"width":470,"height":470,"url":"https:\/\/resources.fieldpiece.com\/wp-content\/uploads\/2021\/05\/VPX7.png","type":"image\/png"}],"twitter_card":"summary_large_image","twitter_misc":{"Dur\u00e9e de lecture estim\u00e9e":"2 minutes"},"schema":{"@context":"https:\/\/schema.org","@graph":[{"@type":"WebPage","@id":"https:\/\/www.fieldpiece.com\/fr\/produit\/vpx7-10cfm-vacuum-pump\/","url":"https:\/\/www.fieldpiece.com\/fr\/produit\/vpx7-10cfm-vacuum-pump\/","name":"VPX7 \u2013 Pompe \u00e0 vide 10 CFM - Fieldpiece Instruments","isPartOf":{"@id":"https:\/\/www.fieldpiece.com\/fr\/#website"},"primaryImageOfPage":{"@id":"https:\/\/www.fieldpiece.com\/fr\/produit\/vpx7-10cfm-vacuum-pump\/#primaryimage"},"image":{"@id":"https:\/\/www.fieldpiece.com\/fr\/produit\/vpx7-10cfm-vacuum-pump\/#primaryimage"},"thumbnailUrl":"https:\/\/resources.fieldpiece.com\/wp-content\/uploads\/2021\/05\/VPX7.png","datePublished":"2021-05-10T20:37:54+00:00","dateModified":"2022-01-04T06:01:01+00:00","breadcrumb":{"@id":"https:\/\/www.fieldpiece.com\/fr\/produit\/vpx7-10cfm-vacuum-pump\/#breadcrumb"},"inLanguage":"fr-FR","potentialAction":[{"@type":"ReadAction","target":["https:\/\/www.fieldpiece.com\/fr\/produit\/vpx7-10cfm-vacuum-pump\/"]}]},{"@type":"ImageObject","inLanguage":"fr-FR","@id":"https:\/\/www.fieldpiece.com\/fr\/produit\/vpx7-10cfm-vacuum-pump\/#primaryimage","url":"https:\/\/resources.fieldpiece.com\/wp-content\/uploads\/2021\/05\/VPX7.png","contentUrl":"https:\/\/resources.fieldpiece.com\/wp-content\/uploads\/2021\/05\/VPX7.png","width":470,"height":470,"caption":"VPX7 - 10 CFM Vacuum Pump"},{"@type":"BreadcrumbList","@id":"https:\/\/www.fieldpiece.com\/fr\/produit\/vpx7-10cfm-vacuum-pump\/#breadcrumb","itemListElement":[{"@type":"ListItem","position":1,"name":"Home","item":"https:\/\/www.fieldpiece.com\/fr\/"},{"@type":"ListItem","position":2,"name":"Shop","item":"https:\/\/www.fieldpiece.com\/shop\/"},{"@type":"ListItem","position":3,"name":"VPX7 \u2013 Pompe \u00e0 vide 10 CFM"}]},{"@type":"WebSite","@id":"https:\/\/www.fieldpiece.com\/fr\/#website","url":"https:\/\/www.fieldpiece.com\/fr\/","name":"Fieldpiece Instruments","description":"","publisher":{"@id":"https:\/\/www.fieldpiece.com\/fr\/#organization"},"potentialAction":[{"@type":"SearchAction","target":{"@type":"EntryPoint","urlTemplate":"https:\/\/www.fieldpiece.com\/fr\/?s={search_term_string}"},"query-input":{"@type":"PropertyValueSpecification","valueRequired":true,"valueName":"search_term_string"}}],"inLanguage":"fr-FR"},{"@type":"Organization","@id":"https:\/\/www.fieldpiece.com\/fr\/#organization","name":"Fieldpiece Instruments","url":"https:\/\/www.fieldpiece.com\/fr\/","logo":{"@type":"ImageObject","inLanguage":"fr-FR","@id":"https:\/\/www.fieldpiece.com\/fr\/#\/schema\/logo\/image\/","url":"https:\/\/resources.fieldpiece.com\/wp-content\/uploads\/2021\/02\/Logos-490x358-1.jpg","contentUrl":"https:\/\/resources.fieldpiece.com\/wp-content\/uploads\/2021\/02\/Logos-490x358-1.jpg","width":490,"height":358,"caption":"Fieldpiece Instruments"},"image":{"@id":"https:\/\/www.fieldpiece.com\/fr\/#\/schema\/logo\/image\/"}}]}},"_links":{"self":[{"href":"https:\/\/www.fieldpiece.com\/fr\/wp-json\/wp\/v2\/product\/65387","targetHints":{"allow":["GET"]}}],"collection":[{"href":"https:\/\/www.fieldpiece.com\/fr\/wp-json\/wp\/v2\/product"}],"about":[{"href":"https:\/\/www.fieldpiece.com\/fr\/wp-json\/wp\/v2\/types\/product"}],"replies":[{"embeddable":true,"href":"https:\/\/www.fieldpiece.com\/fr\/wp-json\/wp\/v2\/comments?post=65387"}],"wp:featuredmedia":[{"embeddable":true,"href":"https:\/\/www.fieldpiece.com\/fr\/wp-json\/wp\/v2\/media\/35366"}],"wp:attachment":[{"href":"https:\/\/www.fieldpiece.com\/fr\/wp-json\/wp\/v2\/media?parent=65387"}],"wp:term":[{"taxonomy":"product_brand","embeddable":true,"href":"https:\/\/www.fieldpiece.com\/fr\/wp-json\/wp\/v2\/product_brand?post=65387"},{"taxonomy":"product_cat","embeddable":true,"href":"https:\/\/www.fieldpiece.com\/fr\/wp-json\/wp\/v2\/product_cat?post=65387"},{"taxonomy":"product_tag","embeddable":true,"href":"https:\/\/www.fieldpiece.com\/fr\/wp-json\/wp\/v2\/product_tag?post=65387"}],"curies":[{"name":"wp","href":"https:\/\/api.w.org\/{rel}","templated":true}]}}