	{"id":29942,"date":"2020-11-02T11:31:23","date_gmt":"2020-11-02T19:31:23","guid":{"rendered":"https:\/\/www.fieldpiece.com\/product\/sm380v-wireless-3-port-sman-refrigerant-manifold-and-micron-gauge\/"},"modified":"2023-07-21T07:23:19","modified_gmt":"2023-07-21T14:23:19","slug":"sm380v-wireless-3-port-sman-refrigerant-manifold-and-micron-gauge","status":"publish","type":"product","link":"https:\/\/www.fieldpiece.com\/fr\/produit\/sm380v-wireless-3-port-sman-refrigerant-manifold-and-micron-gauge\/","title":{"rendered":"SM380V &#8211; Manifold de fluide frigorig\u00e8ne SMAN \u00e0 3\u00a0ports sans fil et microvacuom\u00e8tre"},"content":{"rendered":"<p>Construction ultra robuste<br \/>\nEnregistrement des donn\u00e9es<br \/>\nTest d&rsquo;\u00e9tanch\u00e9it\u00e9 du syst\u00e8me \u00e0 temp\u00e9rature compens\u00e9e<br \/>\nTransmission et r\u00e9ception sans fil des relev\u00e9s<br \/>\nPrises de thermocouple prot\u00e9g\u00e9es pour les tuyaux pour une utilisation ext\u00e9rieure<br \/>\nCompatible R32 R\u00e9sistant \u00e0 l&rsquo;eau (IP54)<\/p>\n<p><strong>Con\u00e7u pour \u00eatre performant<\/strong><\/p>\n<p>Les nouveaux manifolds de fluide frigorig\u00e8ne SMAN\u2122 sont intelligents, puissants et \u00e9prouv\u00e9s.\u00a0Des ann\u00e9es de retour d\u2019exp\u00e9rience de la part des sp\u00e9cialistes de la climatisation et de la r\u00e9frig\u00e9ration, ainsi que l\u2019int\u00e9r\u00eat pouss\u00e9 de Fieldpiece pour l\u2019am\u00e9lioration continue, permettent de vous proposer le manifold de fluide frigorig\u00e8ne num\u00e9rique le plus robuste et le plus avanc\u00e9 du march\u00e9.<\/p>\n<p>Le SM380V est construit pour vous aider \u00e0 travailler plus facilement, plus rapidement et plus efficacement gr\u00e2ce \u00e0 son bo\u00eetier extr\u00eamement robuste \u00e0 surmoulage, son crochet renforc\u00e9, son regard herm\u00e9tiquement \u00e9tanche, ainsi qu&rsquo;aux fonctionnalit\u00e9s sans fil, \u00e0 l&rsquo;enregistrement des donn\u00e9es et au test d&rsquo;\u00e9tanch\u00e9it\u00e9.<\/p>\n<p><strong>Tout simplement robuste<\/strong><br \/>\nLe nouveau SM380V est tout simplement robuste.\u00a0 Un bo\u00eetier robuste, un crochet renforc\u00e9, une r\u00e9sistance \u00e0 l\u2019eau et un \u00e9cran r\u00e9sistant aux chocs, des ports de thermocouple plac\u00e9s \u00e0 des endroits strat\u00e9giques et un regard<img decoding=\"async\" style=\"float: right; height: 300px; width: 300px;\" src=\"https:\/\/resources.fieldpiece.com\/wp-content\/uploads\/2021\/06\/SM380V-Back.jpg\" alt=\"\" \/> herm\u00e9tique garantissent que les SMAN sont pr\u00eats \u00e0 r\u00e9sister aux rigueurs de l\u2019utilisation sur le terrain.<\/p>\n<p><strong>Intelligent<\/strong><br \/>\nLe SM380V est con\u00e7u pour fonctionner comme vous le souhaitez ; ses fonctionnalit\u00e9s avanc\u00e9es simplifient votre travail et procurent \u00e0 vos clients les r\u00e9ponses dont ils ont besoin.<\/p>\n<p>Enregistrement des donn\u00e9es<br \/>\n\u2022\u00a0 Enregistrement int\u00e9rieur d&rsquo;un maximum de 9\u00a0t\u00e2ches<br \/>\n\u2022\u00a0 T\u00e9l\u00e9chargement facile via le port USB<br \/>\n\u2022\u00a0 Affiche le % d&rsquo;espace de stockage libre avant que ne commence l&rsquo;enregistrement<br \/>\n\u2022\u00a0 Enregistre un maximum de 7\u00a0jours (168\u00a0heures en continu)<\/p>\n<p>Test d&rsquo;\u00e9tanch\u00e9it\u00e9<br \/>\n\u2022\u00a0 V\u00e9rification des fuites apr\u00e8s r\u00e9paration ou installation<br \/>\n\u2022\u00a0 Visualisation de la pression diff\u00e9rentielle dans le temps<br \/>\n\u2022\u00a0 Le chronom\u00e8tre suit la dur\u00e9e du test<br \/>\n\u2022\u00a0 La temp\u00e9rature est compens\u00e9e avec SL temp afin d&rsquo;\u00e9viter les faux positifs<\/p>\n<p>Personnalisable<br \/>\n\u2022\u00a0 R\u00e9glage de la dur\u00e9e d&rsquo;arr\u00eat automatique<br \/>\n\u2022\u00a0 R\u00e9glage de la dur\u00e9e de r\u00e9tro-\u00e9clairage<br \/>\n\u2022\u00a0 R\u00e9glage des alarmes de vide haute et basse<br \/>\n\u2022\u00a0 S\u00e9lectionnez individuellement les unit\u00e9s de mesure<\/p>\n<p><strong>Recevez les mesures sans fil<\/strong><br \/>\nAjoutez les outils Job Link \u00e0 votre trousse et recevez les relev\u00e9s en temps r\u00e9el directement sur l&rsquo;\u00e9cran du manifold SMAN depuis les psychrom\u00e8tres Job Link (JL3RH), les pinces de serrage Job Link (JL3PC) et la balance pour fluide frigorig\u00e8ne SRS3.\u00a0 Positionnez les pinces de serrage dans l&#8217;emplacement optimal.\u00a0 Surveillez et enregistrez en temps r\u00e9el la consommation de fluide frigorig\u00e8ne pour assurer la r\u00e9cup\u00e9ration pr\u00e9cise, le chargement et la documentation. Visualisez en temps r\u00e9el les relev\u00e9s et calculs de l&rsquo;air tout en effectuant des r\u00e9glages.<\/p>\n<p><img decoding=\"async\" style=\"height: 364px; width: 600px;\" src=\"https:\/\/resources.fieldpiece.com\/wp-content\/uploads\/2021\/06\/JL-Family.jpg\" alt=\"\" \/><\/p>\n<p><strong>Utilisez l&rsquo;application du syst\u00e8me Job Link\u00ae pour \u00eatre encore plus professionnel<\/strong><br \/>\nSimplifiez votre intervention gr\u00e2ce \u00e0 l&rsquo;application du syst\u00e8me Job Link. Recevez vos mesures \u00e0 jusqu&rsquo;\u00e0 350 pieds de votre dispositif mobile. Documentez votre travail et fournissez des rapports professionnels, y compris le poids de r\u00e9frig\u00e9rant utilis\u00e9, en vous connectant simplement \u00e0 l\u2019application du syst\u00e8me Job Link. Elle vous aide \u00e0 r\u00e9duire les rappels et \u00e0 am\u00e9liorer vos b\u00e9n\u00e9fices.<\/p>\n<p>\u2022\u00a0 Affichez les relev\u00e9s dans le SMAN et\/ou l&rsquo;application Job Link<br \/>\n\u2022\u00a0 Suivez et enregistrez le poids du fluide frigorig\u00e8ne<br \/>\n\u2022\u00a0 Port\u00e9e directe sans fil de 100\u00a0m (350\u00a0pi) (ne n\u00e9cessite pas de transmetteur)<\/p>\n<p>Le SM380V est disponible \u00e9galement en Europe et est compatible R32.\u00a0 Num\u00e9ro de mod\u00e8le SM380VINT.\u00a0 Pour en savoir plus sur les sp\u00e9cifications, veuillez <a href=\"https:\/\/resources.fieldpiece.com\/wp-content\/uploads\/2020\/11\/SM380V-SM480V-Flyer-V16-A4.pdf\">cliquer ici<\/a>.<img decoding=\"async\" style=\"height: 60px; width: 60px;\" src=\"https:\/\/resources.fieldpiece.com\/wp-content\/uploads\/2021\/06\/R32-logo-60x60-1.png\" alt=\"\" \/><\/p>\n<p>Inclus\u00a0:<\/p>\n<ul>\n<li>SM380V<\/li>\n<li>(2) Thermocouples avec pince de serrage de type\u00a0K c\u00e2bl\u00e9 TC24<\/li>\n<li>(1) Thermocouple \u00e0 bille de type\u00a0K avec clip ATA1<\/li>\n<li>(1) Poche rembourr\u00e9e avec cordon ANC11<\/li>\n<\/ul>\n","protected":false},"excerpt":{"rendered":"<p>Construction ultra robuste Enregistrement des donn\u00e9es Test d&rsquo;\u00e9tanch\u00e9it\u00e9 du syst\u00e8me \u00e0 temp\u00e9rature compens\u00e9e Transmission et r\u00e9ception sans fil des relev\u00e9s Prises de thermocouple prot\u00e9g\u00e9es pour les tuyaux pour une utilisation ext\u00e9rieure Compatible R32 R\u00e9sistant \u00e0 l&rsquo;eau (IP54) <strong>Con\u00e7u pour \u00eatre performant Les nouveaux manifolds de fluide frigorig\u00e8ne SMAN\u2122 sont intelligents, puissants et \u00e9prouv\u00e9s.<\/strong><\/p>\n","protected":false},"featured_media":29947,"comment_status":"open","ping_status":"closed","template":"","meta":{"_acf_changed":false},"product_brand":[],"product_cat":[92],"product_tag":[],"class_list":{"0":"post-29942","1":"product","2":"type-product","3":"status-publish","4":"has-post-thumbnail","6":"product_cat-non-classifiee","8":"first","9":"instock","10":"shipping-taxable","11":"product-type-simple"},"acf":[],"yoast_head":"<!-- This site is optimized with the Yoast SEO plugin v27.2 - https:\/\/yoast.com\/product\/yoast-seo-wordpress\/ -->\n<title>SM380V - Manifold de fluide frigorig\u00e8ne SMAN \u00e0 3\u00a0ports sans fil et microvacuom\u00e8tre - Fieldpiece Instruments<\/title>\n<meta name=\"robots\" content=\"index, follow, max-snippet:-1, max-image-preview:large, max-video-preview:-1\" \/>\n<link rel=\"canonical\" href=\"https:\/\/www.fieldpiece.com\/fr\/produit\/sm380v-wireless-3-port-sman-refrigerant-manifold-and-micron-gauge\/\" \/>\n<meta property=\"og:locale\" content=\"fr_FR\" \/>\n<meta property=\"og:type\" content=\"article\" \/>\n<meta property=\"og:title\" content=\"SM380V - Manifold de fluide frigorig\u00e8ne SMAN \u00e0 3\u00a0ports sans fil et microvacuom\u00e8tre - Fieldpiece Instruments\" \/>\n<meta property=\"og:description\" content=\"Construction ultra robuste Enregistrement des donn\u00e9es Test d&#039;\u00e9tanch\u00e9it\u00e9 du syst\u00e8me \u00e0 temp\u00e9rature compens\u00e9e Transmission et r\u00e9ception sans fil des relev\u00e9s Prises de thermocouple prot\u00e9g\u00e9es pour les tuyaux pour une utilisation ext\u00e9rieure Compatible R32 R\u00e9sistant \u00e0 l&#039;eau (IP54) Con\u00e7u pour \u00eatre performant Les nouveaux manifolds de fluide frigorig\u00e8ne SMAN\u2122 sont intelligents, puissants et \u00e9prouv\u00e9s.\" \/>\n<meta property=\"og:url\" content=\"https:\/\/www.fieldpiece.com\/fr\/produit\/sm380v-wireless-3-port-sman-refrigerant-manifold-and-micron-gauge\/\" \/>\n<meta property=\"og:site_name\" content=\"Fieldpiece Instruments\" \/>\n<meta property=\"article:modified_time\" content=\"2023-07-21T14:23:19+00:00\" \/>\n<meta property=\"og:image\" content=\"https:\/\/resources.fieldpiece.com\/wp-content\/uploads\/2021\/01\/SM380V-SRC-Product-1.png\" \/>\n\t<meta property=\"og:image:width\" content=\"470\" \/>\n\t<meta property=\"og:image:height\" content=\"470\" \/>\n\t<meta property=\"og:image:type\" content=\"image\/png\" \/>\n<meta name=\"twitter:card\" content=\"summary_large_image\" \/>\n<meta name=\"twitter:label1\" content=\"Dur\u00e9e de lecture estim\u00e9e\" \/>\n\t<meta name=\"twitter:data1\" content=\"4 minutes\" \/>\n<script type=\"application\/ld+json\" class=\"yoast-schema-graph\">{\"@context\":\"https:\/\/schema.org\",\"@graph\":[{\"@type\":\"WebPage\",\"@id\":\"https:\/\/www.fieldpiece.com\/fr\/produit\/sm380v-wireless-3-port-sman-refrigerant-manifold-and-micron-gauge\/\",\"url\":\"https:\/\/www.fieldpiece.com\/fr\/produit\/sm380v-wireless-3-port-sman-refrigerant-manifold-and-micron-gauge\/\",\"name\":\"SM380V - Manifold de fluide frigorig\u00e8ne SMAN \u00e0 3\u00a0ports sans fil et microvacuom\u00e8tre - Fieldpiece Instruments\",\"isPartOf\":{\"@id\":\"https:\/\/www.fieldpiece.com\/fr\/#website\"},\"primaryImageOfPage\":{\"@id\":\"https:\/\/www.fieldpiece.com\/fr\/produit\/sm380v-wireless-3-port-sman-refrigerant-manifold-and-micron-gauge\/#primaryimage\"},\"image\":{\"@id\":\"https:\/\/www.fieldpiece.com\/fr\/produit\/sm380v-wireless-3-port-sman-refrigerant-manifold-and-micron-gauge\/#primaryimage\"},\"thumbnailUrl\":\"https:\/\/resources.fieldpiece.com\/wp-content\/uploads\/2021\/01\/SM380V-SRC-Product-1.png\",\"datePublished\":\"2020-11-02T19:31:23+00:00\",\"dateModified\":\"2023-07-21T14:23:19+00:00\",\"breadcrumb\":{\"@id\":\"https:\/\/www.fieldpiece.com\/fr\/produit\/sm380v-wireless-3-port-sman-refrigerant-manifold-and-micron-gauge\/#breadcrumb\"},\"inLanguage\":\"fr-FR\",\"potentialAction\":[{\"@type\":\"ReadAction\",\"target\":[\"https:\/\/www.fieldpiece.com\/fr\/produit\/sm380v-wireless-3-port-sman-refrigerant-manifold-and-micron-gauge\/\"]}]},{\"@type\":\"ImageObject\",\"inLanguage\":\"fr-FR\",\"@id\":\"https:\/\/www.fieldpiece.com\/fr\/produit\/sm380v-wireless-3-port-sman-refrigerant-manifold-and-micron-gauge\/#primaryimage\",\"url\":\"https:\/\/resources.fieldpiece.com\/wp-content\/uploads\/2021\/01\/SM380V-SRC-Product-1.png\",\"contentUrl\":\"https:\/\/resources.fieldpiece.com\/wp-content\/uploads\/2021\/01\/SM380V-SRC-Product-1.png\",\"width\":470,\"height\":470,\"caption\":\"SM380V\u20133-Port Wireless SMAN Refrigerant Manifold\"},{\"@type\":\"BreadcrumbList\",\"@id\":\"https:\/\/www.fieldpiece.com\/fr\/produit\/sm380v-wireless-3-port-sman-refrigerant-manifold-and-micron-gauge\/#breadcrumb\",\"itemListElement\":[{\"@type\":\"ListItem\",\"position\":1,\"name\":\"Home\",\"item\":\"https:\/\/www.fieldpiece.com\/fr\/\"},{\"@type\":\"ListItem\",\"position\":2,\"name\":\"Shop\",\"item\":\"https:\/\/www.fieldpiece.com\/shop\/\"},{\"@type\":\"ListItem\",\"position\":3,\"name\":\"SM380V &#8211; Manifold de fluide frigorig\u00e8ne SMAN \u00e0 3\u00a0ports sans fil et microvacuom\u00e8tre\"}]},{\"@type\":\"WebSite\",\"@id\":\"https:\/\/www.fieldpiece.com\/fr\/#website\",\"url\":\"https:\/\/www.fieldpiece.com\/fr\/\",\"name\":\"Fieldpiece Instruments\",\"description\":\"\",\"publisher\":{\"@id\":\"https:\/\/www.fieldpiece.com\/fr\/#organization\"},\"potentialAction\":[{\"@type\":\"SearchAction\",\"target\":{\"@type\":\"EntryPoint\",\"urlTemplate\":\"https:\/\/www.fieldpiece.com\/fr\/?s={search_term_string}\"},\"query-input\":{\"@type\":\"PropertyValueSpecification\",\"valueRequired\":true,\"valueName\":\"search_term_string\"}}],\"inLanguage\":\"fr-FR\"},{\"@type\":\"Organization\",\"@id\":\"https:\/\/www.fieldpiece.com\/fr\/#organization\",\"name\":\"Fieldpiece Instruments\",\"url\":\"https:\/\/www.fieldpiece.com\/fr\/\",\"logo\":{\"@type\":\"ImageObject\",\"inLanguage\":\"fr-FR\",\"@id\":\"https:\/\/www.fieldpiece.com\/fr\/#\/schema\/logo\/image\/\",\"url\":\"https:\/\/resources.fieldpiece.com\/wp-content\/uploads\/2021\/02\/Logos-490x358-1.jpg\",\"contentUrl\":\"https:\/\/resources.fieldpiece.com\/wp-content\/uploads\/2021\/02\/Logos-490x358-1.jpg\",\"width\":490,\"height\":358,\"caption\":\"Fieldpiece Instruments\"},\"image\":{\"@id\":\"https:\/\/www.fieldpiece.com\/fr\/#\/schema\/logo\/image\/\"}}]}<\/script>\n<!-- \/ Yoast SEO plugin. -->","yoast_head_json":{"title":"SM380V - Manifold de fluide frigorig\u00e8ne SMAN \u00e0 3\u00a0ports sans fil et microvacuom\u00e8tre - Fieldpiece Instruments","robots":{"index":"index","follow":"follow","max-snippet":"max-snippet:-1","max-image-preview":"max-image-preview:large","max-video-preview":"max-video-preview:-1"},"canonical":"https:\/\/www.fieldpiece.com\/fr\/produit\/sm380v-wireless-3-port-sman-refrigerant-manifold-and-micron-gauge\/","og_locale":"fr_FR","og_type":"article","og_title":"SM380V - Manifold de fluide frigorig\u00e8ne SMAN \u00e0 3\u00a0ports sans fil et microvacuom\u00e8tre - Fieldpiece Instruments","og_description":"Construction ultra robuste Enregistrement des donn\u00e9es Test d'\u00e9tanch\u00e9it\u00e9 du syst\u00e8me \u00e0 temp\u00e9rature compens\u00e9e Transmission et r\u00e9ception sans fil des relev\u00e9s Prises de thermocouple prot\u00e9g\u00e9es pour les tuyaux pour une utilisation ext\u00e9rieure Compatible R32 R\u00e9sistant \u00e0 l'eau (IP54) Con\u00e7u pour \u00eatre performant Les nouveaux manifolds de fluide frigorig\u00e8ne SMAN\u2122 sont intelligents, puissants et \u00e9prouv\u00e9s.","og_url":"https:\/\/www.fieldpiece.com\/fr\/produit\/sm380v-wireless-3-port-sman-refrigerant-manifold-and-micron-gauge\/","og_site_name":"Fieldpiece Instruments","article_modified_time":"2023-07-21T14:23:19+00:00","og_image":[{"width":470,"height":470,"url":"https:\/\/resources.fieldpiece.com\/wp-content\/uploads\/2021\/01\/SM380V-SRC-Product-1.png","type":"image\/png"}],"twitter_card":"summary_large_image","twitter_misc":{"Dur\u00e9e de lecture estim\u00e9e":"4 minutes"},"schema":{"@context":"https:\/\/schema.org","@graph":[{"@type":"WebPage","@id":"https:\/\/www.fieldpiece.com\/fr\/produit\/sm380v-wireless-3-port-sman-refrigerant-manifold-and-micron-gauge\/","url":"https:\/\/www.fieldpiece.com\/fr\/produit\/sm380v-wireless-3-port-sman-refrigerant-manifold-and-micron-gauge\/","name":"SM380V - Manifold de fluide frigorig\u00e8ne SMAN \u00e0 3\u00a0ports sans fil et microvacuom\u00e8tre - Fieldpiece Instruments","isPartOf":{"@id":"https:\/\/www.fieldpiece.com\/fr\/#website"},"primaryImageOfPage":{"@id":"https:\/\/www.fieldpiece.com\/fr\/produit\/sm380v-wireless-3-port-sman-refrigerant-manifold-and-micron-gauge\/#primaryimage"},"image":{"@id":"https:\/\/www.fieldpiece.com\/fr\/produit\/sm380v-wireless-3-port-sman-refrigerant-manifold-and-micron-gauge\/#primaryimage"},"thumbnailUrl":"https:\/\/resources.fieldpiece.com\/wp-content\/uploads\/2021\/01\/SM380V-SRC-Product-1.png","datePublished":"2020-11-02T19:31:23+00:00","dateModified":"2023-07-21T14:23:19+00:00","breadcrumb":{"@id":"https:\/\/www.fieldpiece.com\/fr\/produit\/sm380v-wireless-3-port-sman-refrigerant-manifold-and-micron-gauge\/#breadcrumb"},"inLanguage":"fr-FR","potentialAction":[{"@type":"ReadAction","target":["https:\/\/www.fieldpiece.com\/fr\/produit\/sm380v-wireless-3-port-sman-refrigerant-manifold-and-micron-gauge\/"]}]},{"@type":"ImageObject","inLanguage":"fr-FR","@id":"https:\/\/www.fieldpiece.com\/fr\/produit\/sm380v-wireless-3-port-sman-refrigerant-manifold-and-micron-gauge\/#primaryimage","url":"https:\/\/resources.fieldpiece.com\/wp-content\/uploads\/2021\/01\/SM380V-SRC-Product-1.png","contentUrl":"https:\/\/resources.fieldpiece.com\/wp-content\/uploads\/2021\/01\/SM380V-SRC-Product-1.png","width":470,"height":470,"caption":"SM380V\u20133-Port Wireless SMAN Refrigerant Manifold"},{"@type":"BreadcrumbList","@id":"https:\/\/www.fieldpiece.com\/fr\/produit\/sm380v-wireless-3-port-sman-refrigerant-manifold-and-micron-gauge\/#breadcrumb","itemListElement":[{"@type":"ListItem","position":1,"name":"Home","item":"https:\/\/www.fieldpiece.com\/fr\/"},{"@type":"ListItem","position":2,"name":"Shop","item":"https:\/\/www.fieldpiece.com\/shop\/"},{"@type":"ListItem","position":3,"name":"SM380V &#8211; Manifold de fluide frigorig\u00e8ne SMAN \u00e0 3\u00a0ports sans fil et microvacuom\u00e8tre"}]},{"@type":"WebSite","@id":"https:\/\/www.fieldpiece.com\/fr\/#website","url":"https:\/\/www.fieldpiece.com\/fr\/","name":"Fieldpiece Instruments","description":"","publisher":{"@id":"https:\/\/www.fieldpiece.com\/fr\/#organization"},"potentialAction":[{"@type":"SearchAction","target":{"@type":"EntryPoint","urlTemplate":"https:\/\/www.fieldpiece.com\/fr\/?s={search_term_string}"},"query-input":{"@type":"PropertyValueSpecification","valueRequired":true,"valueName":"search_term_string"}}],"inLanguage":"fr-FR"},{"@type":"Organization","@id":"https:\/\/www.fieldpiece.com\/fr\/#organization","name":"Fieldpiece Instruments","url":"https:\/\/www.fieldpiece.com\/fr\/","logo":{"@type":"ImageObject","inLanguage":"fr-FR","@id":"https:\/\/www.fieldpiece.com\/fr\/#\/schema\/logo\/image\/","url":"https:\/\/resources.fieldpiece.com\/wp-content\/uploads\/2021\/02\/Logos-490x358-1.jpg","contentUrl":"https:\/\/resources.fieldpiece.com\/wp-content\/uploads\/2021\/02\/Logos-490x358-1.jpg","width":490,"height":358,"caption":"Fieldpiece Instruments"},"image":{"@id":"https:\/\/www.fieldpiece.com\/fr\/#\/schema\/logo\/image\/"}}]}},"_links":{"self":[{"href":"https:\/\/www.fieldpiece.com\/fr\/wp-json\/wp\/v2\/product\/29942","targetHints":{"allow":["GET"]}}],"collection":[{"href":"https:\/\/www.fieldpiece.com\/fr\/wp-json\/wp\/v2\/product"}],"about":[{"href":"https:\/\/www.fieldpiece.com\/fr\/wp-json\/wp\/v2\/types\/product"}],"replies":[{"embeddable":true,"href":"https:\/\/www.fieldpiece.com\/fr\/wp-json\/wp\/v2\/comments?post=29942"}],"wp:featuredmedia":[{"embeddable":true,"href":"https:\/\/www.fieldpiece.com\/fr\/wp-json\/wp\/v2\/media\/29947"}],"wp:attachment":[{"href":"https:\/\/www.fieldpiece.com\/fr\/wp-json\/wp\/v2\/media?parent=29942"}],"wp:term":[{"taxonomy":"product_brand","embeddable":true,"href":"https:\/\/www.fieldpiece.com\/fr\/wp-json\/wp\/v2\/product_brand?post=29942"},{"taxonomy":"product_cat","embeddable":true,"href":"https:\/\/www.fieldpiece.com\/fr\/wp-json\/wp\/v2\/product_cat?post=29942"},{"taxonomy":"product_tag","embeddable":true,"href":"https:\/\/www.fieldpiece.com\/fr\/wp-json\/wp\/v2\/product_tag?post=29942"}],"curies":[{"name":"wp","href":"https:\/\/api.w.org\/{rel}","templated":true}]}}