	{"id":29788,"date":"2020-11-02T11:31:12","date_gmt":"2020-11-02T11:31:12","guid":{"rendered":"https:\/\/www.fieldpiece.com\/product\/jl3pc-job-link-system-premium-pipe-clamp-probe\/"},"modified":"2021-12-03T05:54:25","modified_gmt":"2021-12-03T13:54:25","slug":"jl3pc-job-link-system-premium-pipe-clamp-probe","status":"publish","type":"product","link":"https:\/\/www.fieldpiece.com\/fr\/produit\/jl3pc-job-link-system-premium-pipe-clamp-probe\/","title":{"rendered":"JL3PC &#8211; Sonde avec pince de serrage du syst\u00e8me Job Link\u00ae Premium"},"content":{"rendered":"<p>Puissante port\u00e9e sans fil jusqu&rsquo;\u00e0 100\u00a0m (350\u00a0pi) sans n\u00e9cessiter un transmetteur<br \/>\nLe bec fin de la pince permet de l&rsquo;ins\u00e9rer dans des espaces confin\u00e9s<br \/>\nStabilisation en 3\u00a0secondes avec une pr\u00e9cision de +\/-\u00a00,5\u00a0\u00b0C (1\u00a0\u00b0F)<br \/>\nPort\u00e9e sans fil de 100\u00a0m (350\u00a0pi)<br \/>\nR\u00e9sistant \u00e0 l&rsquo;eau<br \/>\nCommunique avec l&rsquo;application Job Link et les manifolds sans fil (SM380V\/SM480V)  <\/p>\n<p><strong>Sonde avec pince de serrage du syst\u00e8me Job Link\u00ae &#8211; Ultra rapide et extr\u00eamement pr\u00e9cise<\/strong><br \/>\nLes pinces de temp\u00e9rature sans fil JL3PC sont dot\u00e9es de la technologie de capteur Rapid Rail\u2122 (brevet en instance) qui se sert des tuyaux conducteurs pour boucler le circuit, ce qui permet de stabiliser les relev\u00e9s en 3\u00a0secondes sans qu&rsquo;ils ne soient influenc\u00e9s par les conditions ambiantes. Un signal sonore unique accompagn\u00e9 d&rsquo;un voyant vert clignotant lentement indique un circuit ferm\u00e9.\u00a0 Si le tuyau est corrod\u00e9, le circuit sera ouvert et la temp\u00e9rature ne pourra \u00eatre relev\u00e9e.\u00a0 La pince indique la boucle ouverte par un double signal sonore et un voyant clignotant rapidement.\u00a0 Il suffit de nettoyer le tuyau pour fermer le circuit et permettre d&rsquo;effectuer des relev\u00e9s rapides avec une pr\u00e9cision de +\/-\u00a00,5\u00a0\u00b0C (1\u00a0\u00b0F).<\/p>\n<ul>\n<li>La LED et le signal sonore indiquent la pr\u00e9cision de la connexion<\/li>\n<li>Les conditions ambiantes n&rsquo;influencent pas les relev\u00e9s<\/li>\n<li>Les m\u00e2choires \u00e9troites facilitent les connexions dans les espaces restreints<\/li>\n<li>R\u00e9sistant \u00e0 l\u2019eau<\/li>\n<\/ul>\n<p><strong>Port\u00e9e sans fil de 100\u00a0m (350\u00a0pi)<\/strong><br \/>\nConnectez les pinces de serrage directement \u00e0 l&rsquo;application Job Link ou aux nouveaux manifolds de fluide frigorig\u00e8ne <a href=\"https:\/\/www.www.fieldpiece.com\/products\/detail\/sm380v-wireless-3-port-sman-refrigerant-manifold-and-micron-gauge\/job-link-manifolds\/\">SM380V <\/a>ou <a href=\"https:\/\/www.www.fieldpiece.com\/products\/detail\/sm480v-wireless-4-port-sman-refrigerant-manifold-and-micron-gauge\/job-link-manifolds\/\">SM480V<\/a>.\u00a0 Le transmetteur JL2 n&rsquo;est pas n\u00e9cessaire, quelle que soit l&rsquo;application.<\/p>\n<p>Les sondes sont vendues individuellement dans les kits suivants\u00a0: <a href=\"https:\/\/www.www.fieldpiece.com\/products\/detail\/jl3kr4-job-link-probes-charge-kit\/job-link-probes\/\">Kit de charge de sondes du syst\u00e8me Job Link\u00ae<\/a> ou <a href=\"https:\/\/www.www.fieldpiece.com\/products\/detail\/jl3kh6-job-link-probes-charging-and-air-kit\/job-link-probes\/\">Kit de charge et d&rsquo;air du syst\u00e8me Job Link\u00ae<\/a>.<\/p>\n<p>Inclus\u00a0: <\/p>\n<ul>\n<li>Sonde avec pince de serrage du syst\u00e8me Job Link\u00ae Premium<\/li>\n<li>2 piles AAA<\/li>\n<li>Toile \u00e9meri pour nettoyer les conduites<\/li>\n<li>Manuel d&rsquo;utilisation<\/li>\n<li>Une garantie limit\u00e9e d\u2019un an<\/li>\n<\/ul>\n","protected":false},"excerpt":{"rendered":"<p>Puissante port\u00e9e sans fil jusqu&rsquo;\u00e0 100\u00a0m (350\u00a0pi) sans n\u00e9cessiter un transmetteur Le bec fin de la pince permet de l&rsquo;ins\u00e9rer &#8230;<\/p>\n","protected":false},"featured_media":29511,"comment_status":"open","ping_status":"closed","template":"","meta":{"_acf_changed":false},"product_brand":[],"product_cat":[158,231,208,272],"product_tag":[],"class_list":{"0":"post-29788","1":"product","2":"type-product","3":"status-publish","4":"has-post-thumbnail","6":"product_cat-other-fr-2","7":"product_cat-probes-fr","8":"product_cat-job-link-system","9":"product_cat-thermocouples-fr","11":"first","12":"instock","13":"shipping-taxable","14":"product-type-simple"},"acf":[],"yoast_head":"<!-- This site is optimized with the Yoast SEO plugin v27.3 - https:\/\/yoast.com\/product\/yoast-seo-wordpress\/ -->\n<title>JL3PC - Sonde avec pince de serrage du syst\u00e8me Job Link\u00ae Premium - Fieldpiece Instruments<\/title>\n<meta name=\"robots\" content=\"index, follow, max-snippet:-1, max-image-preview:large, max-video-preview:-1\" \/>\n<link rel=\"canonical\" href=\"https:\/\/www.fieldpiece.com\/fr\/produit\/jl3pc-job-link-system-premium-pipe-clamp-probe\/\" \/>\n<meta property=\"og:locale\" content=\"fr_FR\" \/>\n<meta property=\"og:type\" content=\"article\" \/>\n<meta property=\"og:title\" content=\"JL3PC - Sonde avec pince de serrage du syst\u00e8me Job Link\u00ae Premium - Fieldpiece Instruments\" \/>\n<meta property=\"og:description\" content=\"Puissante port\u00e9e sans fil jusqu&rsquo;\u00e0 100\u00a0m (350\u00a0pi) sans n\u00e9cessiter un transmetteur Le bec fin de la pince permet de l&rsquo;ins\u00e9rer ...\" \/>\n<meta property=\"og:url\" content=\"https:\/\/www.fieldpiece.com\/fr\/produit\/jl3pc-job-link-system-premium-pipe-clamp-probe\/\" \/>\n<meta property=\"og:site_name\" content=\"Fieldpiece Instruments\" \/>\n<meta property=\"article:modified_time\" content=\"2021-12-03T13:54:25+00:00\" \/>\n<meta property=\"og:image\" content=\"https:\/\/resources.fieldpiece.com\/wp-content\/uploads\/2021\/01\/JL3PC-SRC-Product.png\" \/>\n\t<meta property=\"og:image:width\" content=\"470\" \/>\n\t<meta property=\"og:image:height\" content=\"470\" \/>\n\t<meta property=\"og:image:type\" content=\"image\/png\" \/>\n<meta name=\"twitter:card\" content=\"summary_large_image\" \/>\n<meta name=\"twitter:label1\" content=\"Dur\u00e9e de lecture estim\u00e9e\" \/>\n\t<meta name=\"twitter:data1\" content=\"2 minutes\" \/>\n<script type=\"application\/ld+json\" class=\"yoast-schema-graph\">{\"@context\":\"https:\\\/\\\/schema.org\",\"@graph\":[{\"@type\":\"WebPage\",\"@id\":\"https:\\\/\\\/www.fieldpiece.com\\\/fr\\\/produit\\\/jl3pc-job-link-system-premium-pipe-clamp-probe\\\/\",\"url\":\"https:\\\/\\\/www.fieldpiece.com\\\/fr\\\/produit\\\/jl3pc-job-link-system-premium-pipe-clamp-probe\\\/\",\"name\":\"JL3PC - Sonde avec pince de serrage du syst\u00e8me Job Link\u00ae Premium - Fieldpiece Instruments\",\"isPartOf\":{\"@id\":\"https:\\\/\\\/www.fieldpiece.com\\\/fr\\\/#website\"},\"primaryImageOfPage\":{\"@id\":\"https:\\\/\\\/www.fieldpiece.com\\\/fr\\\/produit\\\/jl3pc-job-link-system-premium-pipe-clamp-probe\\\/#primaryimage\"},\"image\":{\"@id\":\"https:\\\/\\\/www.fieldpiece.com\\\/fr\\\/produit\\\/jl3pc-job-link-system-premium-pipe-clamp-probe\\\/#primaryimage\"},\"thumbnailUrl\":\"https:\\\/\\\/resources.fieldpiece.com\\\/wp-content\\\/uploads\\\/2021\\\/01\\\/JL3PC-SRC-Product.png\",\"datePublished\":\"2020-11-02T11:31:12+00:00\",\"dateModified\":\"2021-12-03T13:54:25+00:00\",\"breadcrumb\":{\"@id\":\"https:\\\/\\\/www.fieldpiece.com\\\/fr\\\/produit\\\/jl3pc-job-link-system-premium-pipe-clamp-probe\\\/#breadcrumb\"},\"inLanguage\":\"fr-FR\",\"potentialAction\":[{\"@type\":\"ReadAction\",\"target\":[\"https:\\\/\\\/www.fieldpiece.com\\\/fr\\\/produit\\\/jl3pc-job-link-system-premium-pipe-clamp-probe\\\/\"]}]},{\"@type\":\"ImageObject\",\"inLanguage\":\"fr-FR\",\"@id\":\"https:\\\/\\\/www.fieldpiece.com\\\/fr\\\/produit\\\/jl3pc-job-link-system-premium-pipe-clamp-probe\\\/#primaryimage\",\"url\":\"https:\\\/\\\/resources.fieldpiece.com\\\/wp-content\\\/uploads\\\/2021\\\/01\\\/JL3PC-SRC-Product.png\",\"contentUrl\":\"https:\\\/\\\/resources.fieldpiece.com\\\/wp-content\\\/uploads\\\/2021\\\/01\\\/JL3PC-SRC-Product.png\",\"width\":470,\"height\":470,\"caption\":\"JL3PC - Job Link\u00ae Premium Wireless Pipe Clamp Probe\"},{\"@type\":\"BreadcrumbList\",\"@id\":\"https:\\\/\\\/www.fieldpiece.com\\\/fr\\\/produit\\\/jl3pc-job-link-system-premium-pipe-clamp-probe\\\/#breadcrumb\",\"itemListElement\":[{\"@type\":\"ListItem\",\"position\":1,\"name\":\"Home\",\"item\":\"https:\\\/\\\/www.fieldpiece.com\\\/fr\\\/\"},{\"@type\":\"ListItem\",\"position\":2,\"name\":\"Shop\",\"item\":\"https:\\\/\\\/www.fieldpiece.com\\\/shop\\\/\"},{\"@type\":\"ListItem\",\"position\":3,\"name\":\"JL3PC &#8211; Sonde avec pince de serrage du syst\u00e8me Job Link\u00ae Premium\"}]},{\"@type\":\"WebSite\",\"@id\":\"https:\\\/\\\/www.fieldpiece.com\\\/fr\\\/#website\",\"url\":\"https:\\\/\\\/www.fieldpiece.com\\\/fr\\\/\",\"name\":\"Fieldpiece Instruments\",\"description\":\"\",\"publisher\":{\"@id\":\"https:\\\/\\\/www.fieldpiece.com\\\/fr\\\/#organization\"},\"potentialAction\":[{\"@type\":\"SearchAction\",\"target\":{\"@type\":\"EntryPoint\",\"urlTemplate\":\"https:\\\/\\\/www.fieldpiece.com\\\/fr\\\/?s={search_term_string}\"},\"query-input\":{\"@type\":\"PropertyValueSpecification\",\"valueRequired\":true,\"valueName\":\"search_term_string\"}}],\"inLanguage\":\"fr-FR\"},{\"@type\":\"Organization\",\"@id\":\"https:\\\/\\\/www.fieldpiece.com\\\/fr\\\/#organization\",\"name\":\"Fieldpiece Instruments\",\"url\":\"https:\\\/\\\/www.fieldpiece.com\\\/fr\\\/\",\"logo\":{\"@type\":\"ImageObject\",\"inLanguage\":\"fr-FR\",\"@id\":\"https:\\\/\\\/www.fieldpiece.com\\\/fr\\\/#\\\/schema\\\/logo\\\/image\\\/\",\"url\":\"https:\\\/\\\/resources.fieldpiece.com\\\/wp-content\\\/uploads\\\/2021\\\/02\\\/Logos-490x358-1.jpg\",\"contentUrl\":\"https:\\\/\\\/resources.fieldpiece.com\\\/wp-content\\\/uploads\\\/2021\\\/02\\\/Logos-490x358-1.jpg\",\"width\":490,\"height\":358,\"caption\":\"Fieldpiece Instruments\"},\"image\":{\"@id\":\"https:\\\/\\\/www.fieldpiece.com\\\/fr\\\/#\\\/schema\\\/logo\\\/image\\\/\"}}]}<\/script>\n<!-- \/ Yoast SEO plugin. -->","yoast_head_json":{"title":"JL3PC - Sonde avec pince de serrage du syst\u00e8me Job Link\u00ae Premium - Fieldpiece Instruments","robots":{"index":"index","follow":"follow","max-snippet":"max-snippet:-1","max-image-preview":"max-image-preview:large","max-video-preview":"max-video-preview:-1"},"canonical":"https:\/\/www.fieldpiece.com\/fr\/produit\/jl3pc-job-link-system-premium-pipe-clamp-probe\/","og_locale":"fr_FR","og_type":"article","og_title":"JL3PC - Sonde avec pince de serrage du syst\u00e8me Job Link\u00ae Premium - Fieldpiece Instruments","og_description":"Puissante port\u00e9e sans fil jusqu&rsquo;\u00e0 100\u00a0m (350\u00a0pi) sans n\u00e9cessiter un transmetteur Le bec fin de la pince permet de l&rsquo;ins\u00e9rer ...","og_url":"https:\/\/www.fieldpiece.com\/fr\/produit\/jl3pc-job-link-system-premium-pipe-clamp-probe\/","og_site_name":"Fieldpiece Instruments","article_modified_time":"2021-12-03T13:54:25+00:00","og_image":[{"width":470,"height":470,"url":"https:\/\/resources.fieldpiece.com\/wp-content\/uploads\/2021\/01\/JL3PC-SRC-Product.png","type":"image\/png"}],"twitter_card":"summary_large_image","twitter_misc":{"Dur\u00e9e de lecture estim\u00e9e":"2 minutes"},"schema":{"@context":"https:\/\/schema.org","@graph":[{"@type":"WebPage","@id":"https:\/\/www.fieldpiece.com\/fr\/produit\/jl3pc-job-link-system-premium-pipe-clamp-probe\/","url":"https:\/\/www.fieldpiece.com\/fr\/produit\/jl3pc-job-link-system-premium-pipe-clamp-probe\/","name":"JL3PC - Sonde avec pince de serrage du syst\u00e8me Job Link\u00ae Premium - Fieldpiece Instruments","isPartOf":{"@id":"https:\/\/www.fieldpiece.com\/fr\/#website"},"primaryImageOfPage":{"@id":"https:\/\/www.fieldpiece.com\/fr\/produit\/jl3pc-job-link-system-premium-pipe-clamp-probe\/#primaryimage"},"image":{"@id":"https:\/\/www.fieldpiece.com\/fr\/produit\/jl3pc-job-link-system-premium-pipe-clamp-probe\/#primaryimage"},"thumbnailUrl":"https:\/\/resources.fieldpiece.com\/wp-content\/uploads\/2021\/01\/JL3PC-SRC-Product.png","datePublished":"2020-11-02T11:31:12+00:00","dateModified":"2021-12-03T13:54:25+00:00","breadcrumb":{"@id":"https:\/\/www.fieldpiece.com\/fr\/produit\/jl3pc-job-link-system-premium-pipe-clamp-probe\/#breadcrumb"},"inLanguage":"fr-FR","potentialAction":[{"@type":"ReadAction","target":["https:\/\/www.fieldpiece.com\/fr\/produit\/jl3pc-job-link-system-premium-pipe-clamp-probe\/"]}]},{"@type":"ImageObject","inLanguage":"fr-FR","@id":"https:\/\/www.fieldpiece.com\/fr\/produit\/jl3pc-job-link-system-premium-pipe-clamp-probe\/#primaryimage","url":"https:\/\/resources.fieldpiece.com\/wp-content\/uploads\/2021\/01\/JL3PC-SRC-Product.png","contentUrl":"https:\/\/resources.fieldpiece.com\/wp-content\/uploads\/2021\/01\/JL3PC-SRC-Product.png","width":470,"height":470,"caption":"JL3PC - Job Link\u00ae Premium Wireless Pipe Clamp Probe"},{"@type":"BreadcrumbList","@id":"https:\/\/www.fieldpiece.com\/fr\/produit\/jl3pc-job-link-system-premium-pipe-clamp-probe\/#breadcrumb","itemListElement":[{"@type":"ListItem","position":1,"name":"Home","item":"https:\/\/www.fieldpiece.com\/fr\/"},{"@type":"ListItem","position":2,"name":"Shop","item":"https:\/\/www.fieldpiece.com\/shop\/"},{"@type":"ListItem","position":3,"name":"JL3PC &#8211; Sonde avec pince de serrage du syst\u00e8me Job Link\u00ae Premium"}]},{"@type":"WebSite","@id":"https:\/\/www.fieldpiece.com\/fr\/#website","url":"https:\/\/www.fieldpiece.com\/fr\/","name":"Fieldpiece Instruments","description":"","publisher":{"@id":"https:\/\/www.fieldpiece.com\/fr\/#organization"},"potentialAction":[{"@type":"SearchAction","target":{"@type":"EntryPoint","urlTemplate":"https:\/\/www.fieldpiece.com\/fr\/?s={search_term_string}"},"query-input":{"@type":"PropertyValueSpecification","valueRequired":true,"valueName":"search_term_string"}}],"inLanguage":"fr-FR"},{"@type":"Organization","@id":"https:\/\/www.fieldpiece.com\/fr\/#organization","name":"Fieldpiece Instruments","url":"https:\/\/www.fieldpiece.com\/fr\/","logo":{"@type":"ImageObject","inLanguage":"fr-FR","@id":"https:\/\/www.fieldpiece.com\/fr\/#\/schema\/logo\/image\/","url":"https:\/\/resources.fieldpiece.com\/wp-content\/uploads\/2021\/02\/Logos-490x358-1.jpg","contentUrl":"https:\/\/resources.fieldpiece.com\/wp-content\/uploads\/2021\/02\/Logos-490x358-1.jpg","width":490,"height":358,"caption":"Fieldpiece Instruments"},"image":{"@id":"https:\/\/www.fieldpiece.com\/fr\/#\/schema\/logo\/image\/"}}]}},"_links":{"self":[{"href":"https:\/\/www.fieldpiece.com\/fr\/wp-json\/wp\/v2\/product\/29788","targetHints":{"allow":["GET"]}}],"collection":[{"href":"https:\/\/www.fieldpiece.com\/fr\/wp-json\/wp\/v2\/product"}],"about":[{"href":"https:\/\/www.fieldpiece.com\/fr\/wp-json\/wp\/v2\/types\/product"}],"replies":[{"embeddable":true,"href":"https:\/\/www.fieldpiece.com\/fr\/wp-json\/wp\/v2\/comments?post=29788"}],"wp:featuredmedia":[{"embeddable":true,"href":"https:\/\/www.fieldpiece.com\/fr\/wp-json\/wp\/v2\/media\/29511"}],"wp:attachment":[{"href":"https:\/\/www.fieldpiece.com\/fr\/wp-json\/wp\/v2\/media?parent=29788"}],"wp:term":[{"taxonomy":"product_brand","embeddable":true,"href":"https:\/\/www.fieldpiece.com\/fr\/wp-json\/wp\/v2\/product_brand?post=29788"},{"taxonomy":"product_cat","embeddable":true,"href":"https:\/\/www.fieldpiece.com\/fr\/wp-json\/wp\/v2\/product_cat?post=29788"},{"taxonomy":"product_tag","embeddable":true,"href":"https:\/\/www.fieldpiece.com\/fr\/wp-json\/wp\/v2\/product_tag?post=29788"}],"curies":[{"name":"wp","href":"https:\/\/api.w.org\/{rel}","templated":true}]}}