	{"id":29744,"date":"2020-11-02T11:31:05","date_gmt":"2020-11-02T11:31:05","guid":{"rendered":"https:\/\/www.fieldpiece.com\/product\/jl3rh-job-link-system-flex-psychrometer-probe\/"},"modified":"2021-12-07T04:18:05","modified_gmt":"2021-12-07T12:18:05","slug":"jl3rh-job-link-system-flex-psychrometer-probe","status":"publish","type":"product","link":"https:\/\/www.fieldpiece.com\/fr\/produit\/jl3rh-job-link-system-flex-psychrometer-probe\/","title":{"rendered":"JL3RH \u2013 Job Link\u00ae System Flex Psychrometer Probe\u00ae"},"content":{"rendered":"<p>Puissante port\u00e9e sans fil jusqu&rsquo;\u00e0 100\u00a0m (350\u00a0pi) sans n\u00e9cessiter un transmetteur<br \/>\nCommunique avec l&rsquo;application Job Link et les manifolds sans fil (SM380V\/SM480V)<br \/>\nSupport magn\u00e9tique puissant<br \/>\nCommutateur lat\u00e9ral d&rsquo;alimentation et de retour<br \/>\nR\u00e9sistant \u00e0 l&rsquo;eau<\/p>\n<p><strong>Sonde psychrom\u00e9trique du syst\u00e8me Job Link\u00ae<\/strong><br \/>\nLa sonde psychrom\u00e9trique du syst\u00e8me Job Link\u00ae JL3RH est dot\u00e9e d&rsquo;une longue tige flexible et d&rsquo;un aimant puissant glissant qui permet d&rsquo;effectuer des relev\u00e9s dans tout le syst\u00e8me. Permet d&rsquo;obtenir des relev\u00e9s instantan\u00e9s en temps r\u00e9el dans les conduits, les pl\u00e9nums, les registres ou les grilles afin d&rsquo;effectuer des diagnostics pr\u00e9cis.<\/p>\n<p>Une tige flexible avec un aimant puissant glissant permet d&rsquo;effectuer des relev\u00e9s rapides et faciles dans tout le syst\u00e8me.<\/p>\n<ul>\n<li>Placez-le dans les endroits essentiels en fonction des besoins du syst\u00e8me<\/li>\n<li>Les tests de conduits ne n\u00e9cessitent qu&rsquo;un diam\u00e8tre de trou de 9,5\u00a0mm (3\/8\u00a0po)<\/li>\n<\/ul>\n<p><strong>Connexion \u00e0 l&rsquo;application Job Link ou aux manifolds num\u00e9riques <\/strong><br \/>\nsans fil <a href=\"https:\/\/www.www.fieldpiece.com\/products\/detail\/sm380v-wireless-3-port-sman-refrigerant-manifold-and-micron-gauge\/job-link-manifolds\/\">SM380V<\/a> et <a href=\"https:\/\/www.www.fieldpiece.com\/products\/detail\/sm480v-wireless-4-port-sman-refrigerant-manifold-and-micron-gauge\/job-link-manifolds\/\">SM480V<\/a> Vous pouvez raccorder vos psychrom\u00e8tres directement \u00e0 l&rsquo;application Job Link et aux \u00a0manifolds de fluide frigorig\u00e8ne SMAN\u2122 (SM380V \u00e0 3\u00a0ports ou SM480V 4\u00a0ports) pour afficher en temps r\u00e9el des relev\u00e9s de temp\u00e9rature de l&rsquo;air pendant que vous effectuez des r\u00e9glages du syst\u00e8me.\u00a0 Enregistrement des donn\u00e9es dans les manifolds ou inclus dans les rapports du syst\u00e8me Job Link.<\/a><\/p>\n<ul>\n<li>Port\u00e9e du signal sans fil de 100\u00a0m (350\u00a0pi) sans n\u00e9cessiter de transmetteur<\/li>\n<li>Suffisamment puissant pour traverser la plupart des chambres froides et cong\u00e9lateurs<\/li>\n<\/ul>\n<p>Le commutateur de retour et d&rsquo;alimentation indique l&rsquo;enregistrement des bonnes mesures au bon endroit.<\/p>\n<ul>\n<li>Thermom\u00e8tre \u00e0 sec<\/li>\n<li>Thermom\u00e8tre humide<\/li>\n<li>%\u00a0HR<\/li>\n<li>Point de ros\u00e9e<\/li>\n<li>Enthalpie<\/li>\n<\/ul>\n<p>Les sondes psychrom\u00e9triques JL3RH sont vendues soit individuellement pour vous permettre d&rsquo;en utiliser une ou plusieurs \u00e0 la fois, soit dans le <a href=\"https:\/\/www.www.fieldpiece.com\/products\/detail\/jl3kh6-job-link-probes-charging-and-air-kit\/job-link-probes\/\">kit de test de charge et d&rsquo;air Job<\/a><a href=\"https:\/\/www.www.fieldpiece.com\/products\/detail\/jl3kh6-job-link-probes-charging-and-air-kit\/job-link-probes\/\"> Link<\/a>.<\/p>\n<p>Inclus\u00a0:<\/p>\n<ul>\n<li>Sonde psychrom\u00e9trique flexible du syst\u00e8me Job Link\u00ae<\/li>\n<li>1 protection d&#8217;embout de capteur<\/li>\n<li>2 piles AAA<\/li>\n<li>Manuel d&rsquo;utilisation<\/li>\n<li>Une garantie limit\u00e9e d\u2019un an<\/li>\n<\/ul>\n","protected":false},"excerpt":{"rendered":"<p>Puissante port\u00e9e sans fil jusqu&rsquo;\u00e0 100\u00a0m (350\u00a0pi) sans n\u00e9cessiter un transmetteur Communique avec l&rsquo;application Job Link et les manifolds sans &#8230;<\/p>\n","protected":false},"featured_media":26894,"comment_status":"open","ping_status":"closed","template":"","meta":{"_acf_changed":false},"product_brand":[],"product_cat":[124,231,208],"product_tag":[],"class_list":{"0":"post-29744","1":"product","2":"type-product","3":"status-publish","4":"has-post-thumbnail","6":"product_cat-air-flow-and-temp-rh-fr","7":"product_cat-probes-fr","8":"product_cat-job-link-system","10":"first","11":"instock","12":"shipping-taxable","13":"product-type-simple"},"acf":[],"yoast_head":"<!-- This site is optimized with the Yoast SEO plugin v27.3 - https:\/\/yoast.com\/product\/yoast-seo-wordpress\/ -->\n<title>JL3RH \u2013 Job Link\u00ae System Flex Psychrometer Probe\u00ae - Fieldpiece Instruments<\/title>\n<meta name=\"robots\" content=\"index, follow, max-snippet:-1, max-image-preview:large, max-video-preview:-1\" \/>\n<link rel=\"canonical\" href=\"https:\/\/www.fieldpiece.com\/fr\/produit\/jl3rh-job-link-system-flex-psychrometer-probe\/\" \/>\n<meta property=\"og:locale\" content=\"fr_FR\" \/>\n<meta property=\"og:type\" content=\"article\" \/>\n<meta property=\"og:title\" content=\"JL3RH \u2013 Job Link\u00ae System Flex Psychrometer Probe\u00ae - Fieldpiece Instruments\" \/>\n<meta property=\"og:description\" content=\"Puissante port\u00e9e sans fil jusqu&rsquo;\u00e0 100\u00a0m (350\u00a0pi) sans n\u00e9cessiter un transmetteur Communique avec l&rsquo;application Job Link et les manifolds sans ...\" \/>\n<meta property=\"og:url\" content=\"https:\/\/www.fieldpiece.com\/fr\/produit\/jl3rh-job-link-system-flex-psychrometer-probe\/\" \/>\n<meta property=\"og:site_name\" content=\"Fieldpiece Instruments\" \/>\n<meta property=\"article:modified_time\" content=\"2021-12-07T12:18:05+00:00\" \/>\n<meta property=\"og:image\" content=\"https:\/\/resources.fieldpiece.com\/wp-content\/uploads\/2021\/01\/JL3-Probes-470x470-04.png\" \/>\n\t<meta property=\"og:image:width\" content=\"470\" \/>\n\t<meta property=\"og:image:height\" content=\"470\" \/>\n\t<meta property=\"og:image:type\" content=\"image\/png\" \/>\n<meta name=\"twitter:card\" content=\"summary_large_image\" \/>\n<meta name=\"twitter:label1\" content=\"Dur\u00e9e de lecture estim\u00e9e\" \/>\n\t<meta name=\"twitter:data1\" content=\"2 minutes\" \/>\n<script type=\"application\/ld+json\" class=\"yoast-schema-graph\">{\"@context\":\"https:\\\/\\\/schema.org\",\"@graph\":[{\"@type\":\"WebPage\",\"@id\":\"https:\\\/\\\/www.fieldpiece.com\\\/fr\\\/produit\\\/jl3rh-job-link-system-flex-psychrometer-probe\\\/\",\"url\":\"https:\\\/\\\/www.fieldpiece.com\\\/fr\\\/produit\\\/jl3rh-job-link-system-flex-psychrometer-probe\\\/\",\"name\":\"JL3RH \u2013 Job Link\u00ae System Flex Psychrometer Probe\u00ae - Fieldpiece Instruments\",\"isPartOf\":{\"@id\":\"https:\\\/\\\/www.fieldpiece.com\\\/fr\\\/#website\"},\"primaryImageOfPage\":{\"@id\":\"https:\\\/\\\/www.fieldpiece.com\\\/fr\\\/produit\\\/jl3rh-job-link-system-flex-psychrometer-probe\\\/#primaryimage\"},\"image\":{\"@id\":\"https:\\\/\\\/www.fieldpiece.com\\\/fr\\\/produit\\\/jl3rh-job-link-system-flex-psychrometer-probe\\\/#primaryimage\"},\"thumbnailUrl\":\"https:\\\/\\\/resources.fieldpiece.com\\\/wp-content\\\/uploads\\\/2021\\\/01\\\/JL3-Probes-470x470-04.png\",\"datePublished\":\"2020-11-02T11:31:05+00:00\",\"dateModified\":\"2021-12-07T12:18:05+00:00\",\"breadcrumb\":{\"@id\":\"https:\\\/\\\/www.fieldpiece.com\\\/fr\\\/produit\\\/jl3rh-job-link-system-flex-psychrometer-probe\\\/#breadcrumb\"},\"inLanguage\":\"fr-FR\",\"potentialAction\":[{\"@type\":\"ReadAction\",\"target\":[\"https:\\\/\\\/www.fieldpiece.com\\\/fr\\\/produit\\\/jl3rh-job-link-system-flex-psychrometer-probe\\\/\"]}]},{\"@type\":\"ImageObject\",\"inLanguage\":\"fr-FR\",\"@id\":\"https:\\\/\\\/www.fieldpiece.com\\\/fr\\\/produit\\\/jl3rh-job-link-system-flex-psychrometer-probe\\\/#primaryimage\",\"url\":\"https:\\\/\\\/resources.fieldpiece.com\\\/wp-content\\\/uploads\\\/2021\\\/01\\\/JL3-Probes-470x470-04.png\",\"contentUrl\":\"https:\\\/\\\/resources.fieldpiece.com\\\/wp-content\\\/uploads\\\/2021\\\/01\\\/JL3-Probes-470x470-04.png\",\"width\":470,\"height\":470,\"caption\":\"JL3RH - Job Link\u00ae Digital Flex Wireless Psychrometer Probe\u00ae\"},{\"@type\":\"BreadcrumbList\",\"@id\":\"https:\\\/\\\/www.fieldpiece.com\\\/fr\\\/produit\\\/jl3rh-job-link-system-flex-psychrometer-probe\\\/#breadcrumb\",\"itemListElement\":[{\"@type\":\"ListItem\",\"position\":1,\"name\":\"Home\",\"item\":\"https:\\\/\\\/www.fieldpiece.com\\\/fr\\\/\"},{\"@type\":\"ListItem\",\"position\":2,\"name\":\"Shop\",\"item\":\"https:\\\/\\\/www.fieldpiece.com\\\/shop\\\/\"},{\"@type\":\"ListItem\",\"position\":3,\"name\":\"JL3RH \u2013 Job Link\u00ae System Flex Psychrometer Probe\u00ae\"}]},{\"@type\":\"WebSite\",\"@id\":\"https:\\\/\\\/www.fieldpiece.com\\\/fr\\\/#website\",\"url\":\"https:\\\/\\\/www.fieldpiece.com\\\/fr\\\/\",\"name\":\"Fieldpiece Instruments\",\"description\":\"\",\"publisher\":{\"@id\":\"https:\\\/\\\/www.fieldpiece.com\\\/fr\\\/#organization\"},\"potentialAction\":[{\"@type\":\"SearchAction\",\"target\":{\"@type\":\"EntryPoint\",\"urlTemplate\":\"https:\\\/\\\/www.fieldpiece.com\\\/fr\\\/?s={search_term_string}\"},\"query-input\":{\"@type\":\"PropertyValueSpecification\",\"valueRequired\":true,\"valueName\":\"search_term_string\"}}],\"inLanguage\":\"fr-FR\"},{\"@type\":\"Organization\",\"@id\":\"https:\\\/\\\/www.fieldpiece.com\\\/fr\\\/#organization\",\"name\":\"Fieldpiece Instruments\",\"url\":\"https:\\\/\\\/www.fieldpiece.com\\\/fr\\\/\",\"logo\":{\"@type\":\"ImageObject\",\"inLanguage\":\"fr-FR\",\"@id\":\"https:\\\/\\\/www.fieldpiece.com\\\/fr\\\/#\\\/schema\\\/logo\\\/image\\\/\",\"url\":\"https:\\\/\\\/resources.fieldpiece.com\\\/wp-content\\\/uploads\\\/2021\\\/02\\\/Logos-490x358-1.jpg\",\"contentUrl\":\"https:\\\/\\\/resources.fieldpiece.com\\\/wp-content\\\/uploads\\\/2021\\\/02\\\/Logos-490x358-1.jpg\",\"width\":490,\"height\":358,\"caption\":\"Fieldpiece Instruments\"},\"image\":{\"@id\":\"https:\\\/\\\/www.fieldpiece.com\\\/fr\\\/#\\\/schema\\\/logo\\\/image\\\/\"}}]}<\/script>\n<!-- \/ Yoast SEO plugin. -->","yoast_head_json":{"title":"JL3RH \u2013 Job Link\u00ae System Flex Psychrometer Probe\u00ae - Fieldpiece Instruments","robots":{"index":"index","follow":"follow","max-snippet":"max-snippet:-1","max-image-preview":"max-image-preview:large","max-video-preview":"max-video-preview:-1"},"canonical":"https:\/\/www.fieldpiece.com\/fr\/produit\/jl3rh-job-link-system-flex-psychrometer-probe\/","og_locale":"fr_FR","og_type":"article","og_title":"JL3RH \u2013 Job Link\u00ae System Flex Psychrometer Probe\u00ae - Fieldpiece Instruments","og_description":"Puissante port\u00e9e sans fil jusqu&rsquo;\u00e0 100\u00a0m (350\u00a0pi) sans n\u00e9cessiter un transmetteur Communique avec l&rsquo;application Job Link et les manifolds sans ...","og_url":"https:\/\/www.fieldpiece.com\/fr\/produit\/jl3rh-job-link-system-flex-psychrometer-probe\/","og_site_name":"Fieldpiece Instruments","article_modified_time":"2021-12-07T12:18:05+00:00","og_image":[{"width":470,"height":470,"url":"https:\/\/resources.fieldpiece.com\/wp-content\/uploads\/2021\/01\/JL3-Probes-470x470-04.png","type":"image\/png"}],"twitter_card":"summary_large_image","twitter_misc":{"Dur\u00e9e de lecture estim\u00e9e":"2 minutes"},"schema":{"@context":"https:\/\/schema.org","@graph":[{"@type":"WebPage","@id":"https:\/\/www.fieldpiece.com\/fr\/produit\/jl3rh-job-link-system-flex-psychrometer-probe\/","url":"https:\/\/www.fieldpiece.com\/fr\/produit\/jl3rh-job-link-system-flex-psychrometer-probe\/","name":"JL3RH \u2013 Job Link\u00ae System Flex Psychrometer Probe\u00ae - Fieldpiece Instruments","isPartOf":{"@id":"https:\/\/www.fieldpiece.com\/fr\/#website"},"primaryImageOfPage":{"@id":"https:\/\/www.fieldpiece.com\/fr\/produit\/jl3rh-job-link-system-flex-psychrometer-probe\/#primaryimage"},"image":{"@id":"https:\/\/www.fieldpiece.com\/fr\/produit\/jl3rh-job-link-system-flex-psychrometer-probe\/#primaryimage"},"thumbnailUrl":"https:\/\/resources.fieldpiece.com\/wp-content\/uploads\/2021\/01\/JL3-Probes-470x470-04.png","datePublished":"2020-11-02T11:31:05+00:00","dateModified":"2021-12-07T12:18:05+00:00","breadcrumb":{"@id":"https:\/\/www.fieldpiece.com\/fr\/produit\/jl3rh-job-link-system-flex-psychrometer-probe\/#breadcrumb"},"inLanguage":"fr-FR","potentialAction":[{"@type":"ReadAction","target":["https:\/\/www.fieldpiece.com\/fr\/produit\/jl3rh-job-link-system-flex-psychrometer-probe\/"]}]},{"@type":"ImageObject","inLanguage":"fr-FR","@id":"https:\/\/www.fieldpiece.com\/fr\/produit\/jl3rh-job-link-system-flex-psychrometer-probe\/#primaryimage","url":"https:\/\/resources.fieldpiece.com\/wp-content\/uploads\/2021\/01\/JL3-Probes-470x470-04.png","contentUrl":"https:\/\/resources.fieldpiece.com\/wp-content\/uploads\/2021\/01\/JL3-Probes-470x470-04.png","width":470,"height":470,"caption":"JL3RH - Job Link\u00ae Digital Flex Wireless Psychrometer Probe\u00ae"},{"@type":"BreadcrumbList","@id":"https:\/\/www.fieldpiece.com\/fr\/produit\/jl3rh-job-link-system-flex-psychrometer-probe\/#breadcrumb","itemListElement":[{"@type":"ListItem","position":1,"name":"Home","item":"https:\/\/www.fieldpiece.com\/fr\/"},{"@type":"ListItem","position":2,"name":"Shop","item":"https:\/\/www.fieldpiece.com\/shop\/"},{"@type":"ListItem","position":3,"name":"JL3RH \u2013 Job Link\u00ae System Flex Psychrometer Probe\u00ae"}]},{"@type":"WebSite","@id":"https:\/\/www.fieldpiece.com\/fr\/#website","url":"https:\/\/www.fieldpiece.com\/fr\/","name":"Fieldpiece Instruments","description":"","publisher":{"@id":"https:\/\/www.fieldpiece.com\/fr\/#organization"},"potentialAction":[{"@type":"SearchAction","target":{"@type":"EntryPoint","urlTemplate":"https:\/\/www.fieldpiece.com\/fr\/?s={search_term_string}"},"query-input":{"@type":"PropertyValueSpecification","valueRequired":true,"valueName":"search_term_string"}}],"inLanguage":"fr-FR"},{"@type":"Organization","@id":"https:\/\/www.fieldpiece.com\/fr\/#organization","name":"Fieldpiece Instruments","url":"https:\/\/www.fieldpiece.com\/fr\/","logo":{"@type":"ImageObject","inLanguage":"fr-FR","@id":"https:\/\/www.fieldpiece.com\/fr\/#\/schema\/logo\/image\/","url":"https:\/\/resources.fieldpiece.com\/wp-content\/uploads\/2021\/02\/Logos-490x358-1.jpg","contentUrl":"https:\/\/resources.fieldpiece.com\/wp-content\/uploads\/2021\/02\/Logos-490x358-1.jpg","width":490,"height":358,"caption":"Fieldpiece Instruments"},"image":{"@id":"https:\/\/www.fieldpiece.com\/fr\/#\/schema\/logo\/image\/"}}]}},"_links":{"self":[{"href":"https:\/\/www.fieldpiece.com\/fr\/wp-json\/wp\/v2\/product\/29744","targetHints":{"allow":["GET"]}}],"collection":[{"href":"https:\/\/www.fieldpiece.com\/fr\/wp-json\/wp\/v2\/product"}],"about":[{"href":"https:\/\/www.fieldpiece.com\/fr\/wp-json\/wp\/v2\/types\/product"}],"replies":[{"embeddable":true,"href":"https:\/\/www.fieldpiece.com\/fr\/wp-json\/wp\/v2\/comments?post=29744"}],"wp:featuredmedia":[{"embeddable":true,"href":"https:\/\/www.fieldpiece.com\/fr\/wp-json\/wp\/v2\/media\/26894"}],"wp:attachment":[{"href":"https:\/\/www.fieldpiece.com\/fr\/wp-json\/wp\/v2\/media?parent=29744"}],"wp:term":[{"taxonomy":"product_brand","embeddable":true,"href":"https:\/\/www.fieldpiece.com\/fr\/wp-json\/wp\/v2\/product_brand?post=29744"},{"taxonomy":"product_cat","embeddable":true,"href":"https:\/\/www.fieldpiece.com\/fr\/wp-json\/wp\/v2\/product_cat?post=29744"},{"taxonomy":"product_tag","embeddable":true,"href":"https:\/\/www.fieldpiece.com\/fr\/wp-json\/wp\/v2\/product_tag?post=29744"}],"curies":[{"name":"wp","href":"https:\/\/api.w.org\/{rel}","templated":true}]}}