	{"id":29668,"date":"2020-11-02T11:30:51","date_gmt":"2020-11-02T11:30:51","guid":{"rendered":"https:\/\/www.fieldpiece.com\/product\/bg36-inspection-tool-bag\/"},"modified":"2021-11-22T06:45:30","modified_gmt":"2021-11-22T14:45:30","slug":"bg36-inspection-tool-bag","status":"publish","type":"product","link":"https:\/\/www.fieldpiece.com\/fr\/produit\/bg36-inspection-tool-bag\/","title":{"rendered":"BG36 &#8211; Sac d&rsquo;outils d&rsquo;inspection"},"content":{"rendered":"<p>Fermeture magn\u00e9tique \u00e0 verrouillage rapide<br \/>\nPoches isol\u00e9es pour les instruments de test<br \/>\nBase solide r\u00e9sistante aux intemp\u00e9ries<br \/>\nConception robuste compacte   <\/p>\n<p>Le sac d&rsquo;outils d&rsquo;inspection BG36 se porte commod\u00e9ment sur l&rsquo;\u00e9paule et son couvercle rabattable est facile \u00e0 ouvrir.\u00a0 Le couvercle rabattable prot\u00e8ge vos outils contre les intemp\u00e9ries et contre leur \u00e9parpillement si le sac venait \u00e0 tomber ou se renverser.\u00a0 Un espace suppl\u00e9mentaire est \u00e9galement pr\u00e9vu pour les petits outils et les forets.\u00a0 Les vis et rondelles de panneaux ne se perdent jamais car elles sont contenues dans un plateau robuste et aimant\u00e9.<\/p>\n<p>Des poches int\u00e9rieures compartiment\u00e9es permettent de bien organiser le contenu du sac.\u00a0 Une poche lat\u00e9rale \u00e0 fermeture \u00e9clair et un grand compartiment int\u00e9rieur r\u00e9glable prot\u00e8gent les multim\u00e8tres des outils \u00e0 main.\u00a0 Une grande poche avant ouverte et une poche lat\u00e9rale extensible offrent des espaces de rangement suppl\u00e9mentaires.\u00a0 Le bas du sac, robuste et r\u00e9sistant aux intemp\u00e9ries, maintient le sac debout.<\/p>\n<p>Le BG36 est extr\u00eamement durable gr\u00e2ce \u00e0 son mat\u00e9riau renforc\u00e9 en nylon de qualit\u00e9 balistique et ind\u00e9chirable.\u00a0 Il est en outre confortable \u00e0 porter gr\u00e2ce \u00e0 son panneau arri\u00e8re matelass\u00e9 et respirant et une bandouli\u00e8re r\u00e9glable.<\/p>\n<p>Inclut\u00a0: <\/p>\n<p>1 porte-rouleau de ruban adh\u00e9sif  <\/p>\n<p>1 bandouli\u00e8re matelass\u00e9e<\/p>\n","protected":false},"excerpt":{"rendered":"<p>Fermeture magn\u00e9tique \u00e0 verrouillage rapide Poches isol\u00e9es pour les instruments de test Base solide r\u00e9sistante aux intemp\u00e9ries Conception robuste compacte &#8230;<\/p>\n","protected":false},"featured_media":118738,"comment_status":"open","ping_status":"closed","template":"","meta":{"_acf_changed":false},"product_brand":[],"product_cat":[158,277],"product_tag":[],"class_list":{"0":"post-29668","1":"product","2":"type-product","3":"status-publish","4":"has-post-thumbnail","6":"product_cat-other-fr-2","7":"product_cat-bags-fr","9":"first","10":"instock","11":"shipping-taxable","12":"product-type-simple"},"acf":[],"yoast_head":"<!-- This site is optimized with the Yoast SEO plugin v27.2 - https:\/\/yoast.com\/product\/yoast-seo-wordpress\/ -->\n<title>BG36 - Sac d&#039;outils d&#039;inspection - Fieldpiece Instruments<\/title>\n<meta name=\"robots\" content=\"index, follow, max-snippet:-1, max-image-preview:large, max-video-preview:-1\" \/>\n<link rel=\"canonical\" href=\"https:\/\/www.fieldpiece.com\/fr\/produit\/bg36-inspection-tool-bag\/\" \/>\n<meta property=\"og:locale\" content=\"fr_FR\" \/>\n<meta property=\"og:type\" content=\"article\" \/>\n<meta property=\"og:title\" content=\"BG36 - Sac d&#039;outils d&#039;inspection - Fieldpiece Instruments\" \/>\n<meta property=\"og:description\" content=\"Fermeture magn\u00e9tique \u00e0 verrouillage rapide Poches isol\u00e9es pour les instruments de test Base solide r\u00e9sistante aux intemp\u00e9ries Conception robuste compacte ...\" \/>\n<meta property=\"og:url\" content=\"https:\/\/www.fieldpiece.com\/fr\/produit\/bg36-inspection-tool-bag\/\" \/>\n<meta property=\"og:site_name\" content=\"Fieldpiece Instruments\" \/>\n<meta property=\"article:modified_time\" content=\"2021-11-22T14:45:30+00:00\" \/>\n<meta property=\"og:image\" content=\"https:\/\/resources.fieldpiece.com\/wp-content\/uploads\/2020\/11\/BG36-Web-01-v2.png\" \/>\n\t<meta property=\"og:image:width\" content=\"470\" \/>\n\t<meta property=\"og:image:height\" content=\"470\" \/>\n\t<meta property=\"og:image:type\" content=\"image\/png\" \/>\n<meta name=\"twitter:card\" content=\"summary_large_image\" \/>\n<meta name=\"twitter:label1\" content=\"Dur\u00e9e de lecture estim\u00e9e\" \/>\n\t<meta name=\"twitter:data1\" content=\"1 minute\" \/>\n<script type=\"application\/ld+json\" class=\"yoast-schema-graph\">{\"@context\":\"https:\/\/schema.org\",\"@graph\":[{\"@type\":\"WebPage\",\"@id\":\"https:\/\/www.fieldpiece.com\/fr\/produit\/bg36-inspection-tool-bag\/\",\"url\":\"https:\/\/www.fieldpiece.com\/fr\/produit\/bg36-inspection-tool-bag\/\",\"name\":\"BG36 - Sac d'outils d'inspection - Fieldpiece Instruments\",\"isPartOf\":{\"@id\":\"https:\/\/www.fieldpiece.com\/fr\/#website\"},\"primaryImageOfPage\":{\"@id\":\"https:\/\/www.fieldpiece.com\/fr\/produit\/bg36-inspection-tool-bag\/#primaryimage\"},\"image\":{\"@id\":\"https:\/\/www.fieldpiece.com\/fr\/produit\/bg36-inspection-tool-bag\/#primaryimage\"},\"thumbnailUrl\":\"https:\/\/resources.fieldpiece.com\/wp-content\/uploads\/2020\/11\/BG36-Web-01-v2.png\",\"datePublished\":\"2020-11-02T11:30:51+00:00\",\"dateModified\":\"2021-11-22T14:45:30+00:00\",\"breadcrumb\":{\"@id\":\"https:\/\/www.fieldpiece.com\/fr\/produit\/bg36-inspection-tool-bag\/#breadcrumb\"},\"inLanguage\":\"fr-FR\",\"potentialAction\":[{\"@type\":\"ReadAction\",\"target\":[\"https:\/\/www.fieldpiece.com\/fr\/produit\/bg36-inspection-tool-bag\/\"]}]},{\"@type\":\"ImageObject\",\"inLanguage\":\"fr-FR\",\"@id\":\"https:\/\/www.fieldpiece.com\/fr\/produit\/bg36-inspection-tool-bag\/#primaryimage\",\"url\":\"https:\/\/resources.fieldpiece.com\/wp-content\/uploads\/2020\/11\/BG36-Web-01-v2.png\",\"contentUrl\":\"https:\/\/resources.fieldpiece.com\/wp-content\/uploads\/2020\/11\/BG36-Web-01-v2.png\",\"width\":470,\"height\":470},{\"@type\":\"BreadcrumbList\",\"@id\":\"https:\/\/www.fieldpiece.com\/fr\/produit\/bg36-inspection-tool-bag\/#breadcrumb\",\"itemListElement\":[{\"@type\":\"ListItem\",\"position\":1,\"name\":\"Home\",\"item\":\"https:\/\/www.fieldpiece.com\/fr\/\"},{\"@type\":\"ListItem\",\"position\":2,\"name\":\"Shop\",\"item\":\"https:\/\/www.fieldpiece.com\/shop\/\"},{\"@type\":\"ListItem\",\"position\":3,\"name\":\"BG36 &#8211; Sac d&#8217;outils d&#8217;inspection\"}]},{\"@type\":\"WebSite\",\"@id\":\"https:\/\/www.fieldpiece.com\/fr\/#website\",\"url\":\"https:\/\/www.fieldpiece.com\/fr\/\",\"name\":\"Fieldpiece Instruments\",\"description\":\"\",\"publisher\":{\"@id\":\"https:\/\/www.fieldpiece.com\/fr\/#organization\"},\"potentialAction\":[{\"@type\":\"SearchAction\",\"target\":{\"@type\":\"EntryPoint\",\"urlTemplate\":\"https:\/\/www.fieldpiece.com\/fr\/?s={search_term_string}\"},\"query-input\":{\"@type\":\"PropertyValueSpecification\",\"valueRequired\":true,\"valueName\":\"search_term_string\"}}],\"inLanguage\":\"fr-FR\"},{\"@type\":\"Organization\",\"@id\":\"https:\/\/www.fieldpiece.com\/fr\/#organization\",\"name\":\"Fieldpiece Instruments\",\"url\":\"https:\/\/www.fieldpiece.com\/fr\/\",\"logo\":{\"@type\":\"ImageObject\",\"inLanguage\":\"fr-FR\",\"@id\":\"https:\/\/www.fieldpiece.com\/fr\/#\/schema\/logo\/image\/\",\"url\":\"https:\/\/resources.fieldpiece.com\/wp-content\/uploads\/2021\/02\/Logos-490x358-1.jpg\",\"contentUrl\":\"https:\/\/resources.fieldpiece.com\/wp-content\/uploads\/2021\/02\/Logos-490x358-1.jpg\",\"width\":490,\"height\":358,\"caption\":\"Fieldpiece Instruments\"},\"image\":{\"@id\":\"https:\/\/www.fieldpiece.com\/fr\/#\/schema\/logo\/image\/\"}}]}<\/script>\n<!-- \/ Yoast SEO plugin. -->","yoast_head_json":{"title":"BG36 - Sac d'outils d'inspection - Fieldpiece Instruments","robots":{"index":"index","follow":"follow","max-snippet":"max-snippet:-1","max-image-preview":"max-image-preview:large","max-video-preview":"max-video-preview:-1"},"canonical":"https:\/\/www.fieldpiece.com\/fr\/produit\/bg36-inspection-tool-bag\/","og_locale":"fr_FR","og_type":"article","og_title":"BG36 - Sac d'outils d'inspection - Fieldpiece Instruments","og_description":"Fermeture magn\u00e9tique \u00e0 verrouillage rapide Poches isol\u00e9es pour les instruments de test Base solide r\u00e9sistante aux intemp\u00e9ries Conception robuste compacte ...","og_url":"https:\/\/www.fieldpiece.com\/fr\/produit\/bg36-inspection-tool-bag\/","og_site_name":"Fieldpiece Instruments","article_modified_time":"2021-11-22T14:45:30+00:00","og_image":[{"width":470,"height":470,"url":"https:\/\/resources.fieldpiece.com\/wp-content\/uploads\/2020\/11\/BG36-Web-01-v2.png","type":"image\/png"}],"twitter_card":"summary_large_image","twitter_misc":{"Dur\u00e9e de lecture estim\u00e9e":"1 minute"},"schema":{"@context":"https:\/\/schema.org","@graph":[{"@type":"WebPage","@id":"https:\/\/www.fieldpiece.com\/fr\/produit\/bg36-inspection-tool-bag\/","url":"https:\/\/www.fieldpiece.com\/fr\/produit\/bg36-inspection-tool-bag\/","name":"BG36 - Sac d'outils d'inspection - Fieldpiece Instruments","isPartOf":{"@id":"https:\/\/www.fieldpiece.com\/fr\/#website"},"primaryImageOfPage":{"@id":"https:\/\/www.fieldpiece.com\/fr\/produit\/bg36-inspection-tool-bag\/#primaryimage"},"image":{"@id":"https:\/\/www.fieldpiece.com\/fr\/produit\/bg36-inspection-tool-bag\/#primaryimage"},"thumbnailUrl":"https:\/\/resources.fieldpiece.com\/wp-content\/uploads\/2020\/11\/BG36-Web-01-v2.png","datePublished":"2020-11-02T11:30:51+00:00","dateModified":"2021-11-22T14:45:30+00:00","breadcrumb":{"@id":"https:\/\/www.fieldpiece.com\/fr\/produit\/bg36-inspection-tool-bag\/#breadcrumb"},"inLanguage":"fr-FR","potentialAction":[{"@type":"ReadAction","target":["https:\/\/www.fieldpiece.com\/fr\/produit\/bg36-inspection-tool-bag\/"]}]},{"@type":"ImageObject","inLanguage":"fr-FR","@id":"https:\/\/www.fieldpiece.com\/fr\/produit\/bg36-inspection-tool-bag\/#primaryimage","url":"https:\/\/resources.fieldpiece.com\/wp-content\/uploads\/2020\/11\/BG36-Web-01-v2.png","contentUrl":"https:\/\/resources.fieldpiece.com\/wp-content\/uploads\/2020\/11\/BG36-Web-01-v2.png","width":470,"height":470},{"@type":"BreadcrumbList","@id":"https:\/\/www.fieldpiece.com\/fr\/produit\/bg36-inspection-tool-bag\/#breadcrumb","itemListElement":[{"@type":"ListItem","position":1,"name":"Home","item":"https:\/\/www.fieldpiece.com\/fr\/"},{"@type":"ListItem","position":2,"name":"Shop","item":"https:\/\/www.fieldpiece.com\/shop\/"},{"@type":"ListItem","position":3,"name":"BG36 &#8211; Sac d&#8217;outils d&#8217;inspection"}]},{"@type":"WebSite","@id":"https:\/\/www.fieldpiece.com\/fr\/#website","url":"https:\/\/www.fieldpiece.com\/fr\/","name":"Fieldpiece Instruments","description":"","publisher":{"@id":"https:\/\/www.fieldpiece.com\/fr\/#organization"},"potentialAction":[{"@type":"SearchAction","target":{"@type":"EntryPoint","urlTemplate":"https:\/\/www.fieldpiece.com\/fr\/?s={search_term_string}"},"query-input":{"@type":"PropertyValueSpecification","valueRequired":true,"valueName":"search_term_string"}}],"inLanguage":"fr-FR"},{"@type":"Organization","@id":"https:\/\/www.fieldpiece.com\/fr\/#organization","name":"Fieldpiece Instruments","url":"https:\/\/www.fieldpiece.com\/fr\/","logo":{"@type":"ImageObject","inLanguage":"fr-FR","@id":"https:\/\/www.fieldpiece.com\/fr\/#\/schema\/logo\/image\/","url":"https:\/\/resources.fieldpiece.com\/wp-content\/uploads\/2021\/02\/Logos-490x358-1.jpg","contentUrl":"https:\/\/resources.fieldpiece.com\/wp-content\/uploads\/2021\/02\/Logos-490x358-1.jpg","width":490,"height":358,"caption":"Fieldpiece Instruments"},"image":{"@id":"https:\/\/www.fieldpiece.com\/fr\/#\/schema\/logo\/image\/"}}]}},"_links":{"self":[{"href":"https:\/\/www.fieldpiece.com\/fr\/wp-json\/wp\/v2\/product\/29668","targetHints":{"allow":["GET"]}}],"collection":[{"href":"https:\/\/www.fieldpiece.com\/fr\/wp-json\/wp\/v2\/product"}],"about":[{"href":"https:\/\/www.fieldpiece.com\/fr\/wp-json\/wp\/v2\/types\/product"}],"replies":[{"embeddable":true,"href":"https:\/\/www.fieldpiece.com\/fr\/wp-json\/wp\/v2\/comments?post=29668"}],"wp:featuredmedia":[{"embeddable":true,"href":"https:\/\/www.fieldpiece.com\/fr\/wp-json\/wp\/v2\/media\/118738"}],"wp:attachment":[{"href":"https:\/\/www.fieldpiece.com\/fr\/wp-json\/wp\/v2\/media?parent=29668"}],"wp:term":[{"taxonomy":"product_brand","embeddable":true,"href":"https:\/\/www.fieldpiece.com\/fr\/wp-json\/wp\/v2\/product_brand?post=29668"},{"taxonomy":"product_cat","embeddable":true,"href":"https:\/\/www.fieldpiece.com\/fr\/wp-json\/wp\/v2\/product_cat?post=29668"},{"taxonomy":"product_tag","embeddable":true,"href":"https:\/\/www.fieldpiece.com\/fr\/wp-json\/wp\/v2\/product_tag?post=29668"}],"curies":[{"name":"wp","href":"https:\/\/api.w.org\/{rel}","templated":true}]}}