	{"id":29628,"date":"2020-11-02T11:30:44","date_gmt":"2020-11-02T11:30:44","guid":{"rendered":"https:\/\/www.fieldpiece.com\/product\/jl3kr4-job-link-probes-charge-kit\/"},"modified":"2022-01-03T06:15:04","modified_gmt":"2022-01-03T14:15:04","slug":"jl3kr4-job-link-probes-charge-kit","status":"publish","type":"product","link":"https:\/\/www.fieldpiece.com\/fr\/produit\/jl3kr4-job-link-probes-charge-kit\/","title":{"rendered":"JL3KR4 &#8211; Kit de charge des sondes du syst\u00e8me Job Link\u00ae"},"content":{"rendered":"<p>Connexion directe \u00e0 un appareil mobile gr\u00e2ce \u00e0 l&rsquo;application du syst\u00e8me Job Link<br \/>\nRelev\u00e9s de temp\u00e9rature rapides et exacts gr\u00e2ce \u00e0 la nouvelle technologie Rapid Rail<br \/>\nLes pressions s&rsquo;\u00e9talonnent automatiquement, quelle que soit l&rsquo;altitude<br \/>\nId\u00e9al pour les syst\u00e8mes \u00e0 charge critique  <\/p>\n<p>Raccordez deux sondes de pression et deux pinces \u00e0 thermom\u00e8tre pour afficher imm\u00e9diatement la charge du syst\u00e8me dans votre application mobile du syst\u00e8me Job Link\u00ae.\u00a0 D\u00e9terminer facilement si l&rsquo;\u00e9quipement fonctionne correctement ou si un d\u00e9pannage est n\u00e9cessaire.\u00a0 Tous les relev\u00e9s sont transf\u00e9rables directement sur votre appareil mobile \u00e0 une distance maximale de 100\u00a0m (350\u00a0pi).Chaque outil est con\u00e7u pour permettre au technicien de travailler avec agilit\u00e9 et vitesse. Les sondes de pression conviennent aux espaces confin\u00e9s. La pince de serrage utilise une nouvelle conception de capteur Rapid Rail\u2122 offrant pr\u00e9cision, vitesse et agilit\u00e9, m\u00eame sur les configurations de tuyaux les plus complexes. Faites plus avec les sondes Job Link\u00a0!<\/p>\n<p>Intensit\u00e9 puissante du signal sans fil<\/p>\n<ul>\n<li>\u00a0\u00a0 \u00a0Signal sans fil jusqu&rsquo;\u00e0 100\u00a0m (350 pi)<\/li>\n<li>\u00a0\u00a0 \u00a0Suffisamment puissant pour traverser la plupart des chambres froides et cong\u00e9lateurs<\/li>\n<li>\u00a0\u00a0 \u00a0Transmission directe \u00e0 votre appareil mobile<\/li>\n<\/ul>\n<p>Avantages du capteur Rapid Rail\u2122 <\/p>\n<ul>\n<li>\u00a0\u00a0 \u00a0Stabilisation en moins de 5\u00a0secondes<\/li>\n<li>\u00a0\u00a0 \u00a0Signal sonore et LED pour indiquer la pr\u00e9cision de la connexion<\/li>\n<li>\u00a0\u00a0 \u00a0Le capteur Rapid Rail\u2122 se sert des tuyaux pour boucler le circuit, ainsi les conditions ambiantes n&rsquo;influencent pas le relev\u00e9<\/li>\n<li>\u00a0\u00a0 \u00a0Les m\u00e2choires \u00e9troites facilitent les connexions dans les espaces restreints et sur les tuyaux de forme irr\u00e9guli\u00e8re<\/li>\n<\/ul>\n<p>Relev\u00e9s de pression fiables, quel que soit l&#8217;emplacement<\/p>\n<ul>\n<li>\u00a0\u00a0 \u00a0Le raccord coud\u00e9 \u00e0 45\u00b0 facilite les connexions dans les espaces restreints<\/li>\n<li>\u00a0\u00a0 \u00a0Les capteurs de pression sont pr\u00e9cis, quelle que soit l&rsquo;altitude<\/li>\n<li>\u00a0\u00a0 \u00a0\u00c9talonnage automatique lors de la mise sous tension<\/li>\n<\/ul>\n<p>Inclus\u00a0: <\/p>\n<ul>\n<li>2 Sondes \u00e0 pince de serrage Job Link Premium JL3PC<\/li>\n<li>2 Sondes de pression Job Link JL3PR<\/li>\n<li>Sacoche de protection rembourr\u00e9e ANC18<\/li>\n<li>2 Piles AAA par sonde (8 au total)<\/li>\n<\/ul>\n","protected":false},"excerpt":{"rendered":"<p>Connexion directe \u00e0 un appareil mobile gr\u00e2ce \u00e0 l&rsquo;application du syst\u00e8me Job Link  Relev\u00e9s de temp\u00e9rature rapides et exacts gr\u00e2ce \u00e0 la nouvelle technologie Rapid Rail  Les pressions s&rsquo;\u00e9talonnent automatiquement, quelle que soit l&rsquo;altitude  Id\u00e9al pour les syst\u00e8mes \u00e0 charge critique Raccordez deux sondes de pression et deux pinces \u00e0 thermom\u00e8tre pour afficher imm\u00e9diatement la charge du syst\u00e8me dans votre application mobile du syst\u00e8me Job Link\u00ae.<\/p>\n","protected":false},"featured_media":26895,"comment_status":"open","ping_status":"closed","template":"","meta":{"_acf_changed":false},"product_brand":[],"product_cat":[231,208],"product_tag":[],"class_list":{"0":"post-29628","1":"product","2":"type-product","3":"status-publish","4":"has-post-thumbnail","6":"product_cat-probes-fr","7":"product_cat-job-link-system","9":"first","10":"instock","11":"shipping-taxable","12":"product-type-simple"},"acf":[],"yoast_head":"<!-- This site is optimized with the Yoast SEO plugin v27.3 - https:\/\/yoast.com\/product\/yoast-seo-wordpress\/ -->\n<title>JL3KR4 - Kit de charge des sondes du syst\u00e8me Job Link\u00ae - Fieldpiece Instruments<\/title>\n<meta name=\"robots\" content=\"index, follow, max-snippet:-1, max-image-preview:large, max-video-preview:-1\" \/>\n<link rel=\"canonical\" href=\"https:\/\/www.fieldpiece.com\/fr\/produit\/jl3kr4-job-link-probes-charge-kit\/\" \/>\n<meta property=\"og:locale\" content=\"fr_FR\" \/>\n<meta property=\"og:type\" content=\"article\" \/>\n<meta property=\"og:title\" content=\"JL3KR4 - Kit de charge des sondes du syst\u00e8me Job Link\u00ae - Fieldpiece Instruments\" \/>\n<meta property=\"og:description\" content=\"Connexion directe \u00e0 un appareil mobile gr\u00e2ce \u00e0 l&#039;application du syst\u00e8me Job Link Relev\u00e9s de temp\u00e9rature rapides et exacts gr\u00e2ce \u00e0 la nouvelle technologie Rapid Rail Les pressions s&#039;\u00e9talonnent automatiquement, quelle que soit l&#039;altitude Id\u00e9al pour les syst\u00e8mes \u00e0 charge critique Raccordez deux sondes de pression et deux pinces \u00e0 thermom\u00e8tre pour afficher imm\u00e9diatement la charge du syst\u00e8me dans votre application mobile du syst\u00e8me Job Link\u00ae.\" \/>\n<meta property=\"og:url\" content=\"https:\/\/www.fieldpiece.com\/fr\/produit\/jl3kr4-job-link-probes-charge-kit\/\" \/>\n<meta property=\"og:site_name\" content=\"Fieldpiece Instruments\" \/>\n<meta property=\"article:modified_time\" content=\"2022-01-03T14:15:04+00:00\" \/>\n<meta property=\"og:image\" content=\"https:\/\/resources.fieldpiece.com\/wp-content\/uploads\/2021\/01\/JL3-Probes-470x470-05.png\" \/>\n\t<meta property=\"og:image:width\" content=\"470\" \/>\n\t<meta property=\"og:image:height\" content=\"470\" \/>\n\t<meta property=\"og:image:type\" content=\"image\/png\" \/>\n<meta name=\"twitter:card\" content=\"summary_large_image\" \/>\n<meta name=\"twitter:label1\" content=\"Dur\u00e9e de lecture estim\u00e9e\" \/>\n\t<meta name=\"twitter:data1\" content=\"2 minutes\" \/>\n<script type=\"application\/ld+json\" class=\"yoast-schema-graph\">{\"@context\":\"https:\\\/\\\/schema.org\",\"@graph\":[{\"@type\":\"WebPage\",\"@id\":\"https:\\\/\\\/www.fieldpiece.com\\\/fr\\\/produit\\\/jl3kr4-job-link-probes-charge-kit\\\/\",\"url\":\"https:\\\/\\\/www.fieldpiece.com\\\/fr\\\/produit\\\/jl3kr4-job-link-probes-charge-kit\\\/\",\"name\":\"JL3KR4 - Kit de charge des sondes du syst\u00e8me Job Link\u00ae - Fieldpiece Instruments\",\"isPartOf\":{\"@id\":\"https:\\\/\\\/www.fieldpiece.com\\\/fr\\\/#website\"},\"primaryImageOfPage\":{\"@id\":\"https:\\\/\\\/www.fieldpiece.com\\\/fr\\\/produit\\\/jl3kr4-job-link-probes-charge-kit\\\/#primaryimage\"},\"image\":{\"@id\":\"https:\\\/\\\/www.fieldpiece.com\\\/fr\\\/produit\\\/jl3kr4-job-link-probes-charge-kit\\\/#primaryimage\"},\"thumbnailUrl\":\"https:\\\/\\\/resources.fieldpiece.com\\\/wp-content\\\/uploads\\\/2021\\\/01\\\/JL3-Probes-470x470-05.png\",\"datePublished\":\"2020-11-02T11:30:44+00:00\",\"dateModified\":\"2022-01-03T14:15:04+00:00\",\"breadcrumb\":{\"@id\":\"https:\\\/\\\/www.fieldpiece.com\\\/fr\\\/produit\\\/jl3kr4-job-link-probes-charge-kit\\\/#breadcrumb\"},\"inLanguage\":\"fr-FR\",\"potentialAction\":[{\"@type\":\"ReadAction\",\"target\":[\"https:\\\/\\\/www.fieldpiece.com\\\/fr\\\/produit\\\/jl3kr4-job-link-probes-charge-kit\\\/\"]}]},{\"@type\":\"ImageObject\",\"inLanguage\":\"fr-FR\",\"@id\":\"https:\\\/\\\/www.fieldpiece.com\\\/fr\\\/produit\\\/jl3kr4-job-link-probes-charge-kit\\\/#primaryimage\",\"url\":\"https:\\\/\\\/resources.fieldpiece.com\\\/wp-content\\\/uploads\\\/2021\\\/01\\\/JL3-Probes-470x470-05.png\",\"contentUrl\":\"https:\\\/\\\/resources.fieldpiece.com\\\/wp-content\\\/uploads\\\/2021\\\/01\\\/JL3-Probes-470x470-05.png\",\"width\":470,\"height\":470,\"caption\":\"JL3KR4 - Job Link\u00ae Wireless System Probe Charge Kit\"},{\"@type\":\"BreadcrumbList\",\"@id\":\"https:\\\/\\\/www.fieldpiece.com\\\/fr\\\/produit\\\/jl3kr4-job-link-probes-charge-kit\\\/#breadcrumb\",\"itemListElement\":[{\"@type\":\"ListItem\",\"position\":1,\"name\":\"Home\",\"item\":\"https:\\\/\\\/www.fieldpiece.com\\\/fr\\\/\"},{\"@type\":\"ListItem\",\"position\":2,\"name\":\"Shop\",\"item\":\"https:\\\/\\\/www.fieldpiece.com\\\/shop\\\/\"},{\"@type\":\"ListItem\",\"position\":3,\"name\":\"JL3KR4 &#8211; Kit de charge des sondes du syst\u00e8me Job Link\u00ae\"}]},{\"@type\":\"WebSite\",\"@id\":\"https:\\\/\\\/www.fieldpiece.com\\\/fr\\\/#website\",\"url\":\"https:\\\/\\\/www.fieldpiece.com\\\/fr\\\/\",\"name\":\"Fieldpiece Instruments\",\"description\":\"\",\"publisher\":{\"@id\":\"https:\\\/\\\/www.fieldpiece.com\\\/fr\\\/#organization\"},\"potentialAction\":[{\"@type\":\"SearchAction\",\"target\":{\"@type\":\"EntryPoint\",\"urlTemplate\":\"https:\\\/\\\/www.fieldpiece.com\\\/fr\\\/?s={search_term_string}\"},\"query-input\":{\"@type\":\"PropertyValueSpecification\",\"valueRequired\":true,\"valueName\":\"search_term_string\"}}],\"inLanguage\":\"fr-FR\"},{\"@type\":\"Organization\",\"@id\":\"https:\\\/\\\/www.fieldpiece.com\\\/fr\\\/#organization\",\"name\":\"Fieldpiece Instruments\",\"url\":\"https:\\\/\\\/www.fieldpiece.com\\\/fr\\\/\",\"logo\":{\"@type\":\"ImageObject\",\"inLanguage\":\"fr-FR\",\"@id\":\"https:\\\/\\\/www.fieldpiece.com\\\/fr\\\/#\\\/schema\\\/logo\\\/image\\\/\",\"url\":\"https:\\\/\\\/resources.fieldpiece.com\\\/wp-content\\\/uploads\\\/2021\\\/02\\\/Logos-490x358-1.jpg\",\"contentUrl\":\"https:\\\/\\\/resources.fieldpiece.com\\\/wp-content\\\/uploads\\\/2021\\\/02\\\/Logos-490x358-1.jpg\",\"width\":490,\"height\":358,\"caption\":\"Fieldpiece Instruments\"},\"image\":{\"@id\":\"https:\\\/\\\/www.fieldpiece.com\\\/fr\\\/#\\\/schema\\\/logo\\\/image\\\/\"}}]}<\/script>\n<!-- \/ Yoast SEO plugin. -->","yoast_head_json":{"title":"JL3KR4 - Kit de charge des sondes du syst\u00e8me Job Link\u00ae - Fieldpiece Instruments","robots":{"index":"index","follow":"follow","max-snippet":"max-snippet:-1","max-image-preview":"max-image-preview:large","max-video-preview":"max-video-preview:-1"},"canonical":"https:\/\/www.fieldpiece.com\/fr\/produit\/jl3kr4-job-link-probes-charge-kit\/","og_locale":"fr_FR","og_type":"article","og_title":"JL3KR4 - Kit de charge des sondes du syst\u00e8me Job Link\u00ae - Fieldpiece Instruments","og_description":"Connexion directe \u00e0 un appareil mobile gr\u00e2ce \u00e0 l'application du syst\u00e8me Job Link Relev\u00e9s de temp\u00e9rature rapides et exacts gr\u00e2ce \u00e0 la nouvelle technologie Rapid Rail Les pressions s'\u00e9talonnent automatiquement, quelle que soit l'altitude Id\u00e9al pour les syst\u00e8mes \u00e0 charge critique Raccordez deux sondes de pression et deux pinces \u00e0 thermom\u00e8tre pour afficher imm\u00e9diatement la charge du syst\u00e8me dans votre application mobile du syst\u00e8me Job Link\u00ae.","og_url":"https:\/\/www.fieldpiece.com\/fr\/produit\/jl3kr4-job-link-probes-charge-kit\/","og_site_name":"Fieldpiece Instruments","article_modified_time":"2022-01-03T14:15:04+00:00","og_image":[{"width":470,"height":470,"url":"https:\/\/resources.fieldpiece.com\/wp-content\/uploads\/2021\/01\/JL3-Probes-470x470-05.png","type":"image\/png"}],"twitter_card":"summary_large_image","twitter_misc":{"Dur\u00e9e de lecture estim\u00e9e":"2 minutes"},"schema":{"@context":"https:\/\/schema.org","@graph":[{"@type":"WebPage","@id":"https:\/\/www.fieldpiece.com\/fr\/produit\/jl3kr4-job-link-probes-charge-kit\/","url":"https:\/\/www.fieldpiece.com\/fr\/produit\/jl3kr4-job-link-probes-charge-kit\/","name":"JL3KR4 - Kit de charge des sondes du syst\u00e8me Job Link\u00ae - Fieldpiece Instruments","isPartOf":{"@id":"https:\/\/www.fieldpiece.com\/fr\/#website"},"primaryImageOfPage":{"@id":"https:\/\/www.fieldpiece.com\/fr\/produit\/jl3kr4-job-link-probes-charge-kit\/#primaryimage"},"image":{"@id":"https:\/\/www.fieldpiece.com\/fr\/produit\/jl3kr4-job-link-probes-charge-kit\/#primaryimage"},"thumbnailUrl":"https:\/\/resources.fieldpiece.com\/wp-content\/uploads\/2021\/01\/JL3-Probes-470x470-05.png","datePublished":"2020-11-02T11:30:44+00:00","dateModified":"2022-01-03T14:15:04+00:00","breadcrumb":{"@id":"https:\/\/www.fieldpiece.com\/fr\/produit\/jl3kr4-job-link-probes-charge-kit\/#breadcrumb"},"inLanguage":"fr-FR","potentialAction":[{"@type":"ReadAction","target":["https:\/\/www.fieldpiece.com\/fr\/produit\/jl3kr4-job-link-probes-charge-kit\/"]}]},{"@type":"ImageObject","inLanguage":"fr-FR","@id":"https:\/\/www.fieldpiece.com\/fr\/produit\/jl3kr4-job-link-probes-charge-kit\/#primaryimage","url":"https:\/\/resources.fieldpiece.com\/wp-content\/uploads\/2021\/01\/JL3-Probes-470x470-05.png","contentUrl":"https:\/\/resources.fieldpiece.com\/wp-content\/uploads\/2021\/01\/JL3-Probes-470x470-05.png","width":470,"height":470,"caption":"JL3KR4 - Job Link\u00ae Wireless System Probe Charge Kit"},{"@type":"BreadcrumbList","@id":"https:\/\/www.fieldpiece.com\/fr\/produit\/jl3kr4-job-link-probes-charge-kit\/#breadcrumb","itemListElement":[{"@type":"ListItem","position":1,"name":"Home","item":"https:\/\/www.fieldpiece.com\/fr\/"},{"@type":"ListItem","position":2,"name":"Shop","item":"https:\/\/www.fieldpiece.com\/shop\/"},{"@type":"ListItem","position":3,"name":"JL3KR4 &#8211; Kit de charge des sondes du syst\u00e8me Job Link\u00ae"}]},{"@type":"WebSite","@id":"https:\/\/www.fieldpiece.com\/fr\/#website","url":"https:\/\/www.fieldpiece.com\/fr\/","name":"Fieldpiece Instruments","description":"","publisher":{"@id":"https:\/\/www.fieldpiece.com\/fr\/#organization"},"potentialAction":[{"@type":"SearchAction","target":{"@type":"EntryPoint","urlTemplate":"https:\/\/www.fieldpiece.com\/fr\/?s={search_term_string}"},"query-input":{"@type":"PropertyValueSpecification","valueRequired":true,"valueName":"search_term_string"}}],"inLanguage":"fr-FR"},{"@type":"Organization","@id":"https:\/\/www.fieldpiece.com\/fr\/#organization","name":"Fieldpiece Instruments","url":"https:\/\/www.fieldpiece.com\/fr\/","logo":{"@type":"ImageObject","inLanguage":"fr-FR","@id":"https:\/\/www.fieldpiece.com\/fr\/#\/schema\/logo\/image\/","url":"https:\/\/resources.fieldpiece.com\/wp-content\/uploads\/2021\/02\/Logos-490x358-1.jpg","contentUrl":"https:\/\/resources.fieldpiece.com\/wp-content\/uploads\/2021\/02\/Logos-490x358-1.jpg","width":490,"height":358,"caption":"Fieldpiece Instruments"},"image":{"@id":"https:\/\/www.fieldpiece.com\/fr\/#\/schema\/logo\/image\/"}}]}},"_links":{"self":[{"href":"https:\/\/www.fieldpiece.com\/fr\/wp-json\/wp\/v2\/product\/29628","targetHints":{"allow":["GET"]}}],"collection":[{"href":"https:\/\/www.fieldpiece.com\/fr\/wp-json\/wp\/v2\/product"}],"about":[{"href":"https:\/\/www.fieldpiece.com\/fr\/wp-json\/wp\/v2\/types\/product"}],"replies":[{"embeddable":true,"href":"https:\/\/www.fieldpiece.com\/fr\/wp-json\/wp\/v2\/comments?post=29628"}],"wp:featuredmedia":[{"embeddable":true,"href":"https:\/\/www.fieldpiece.com\/fr\/wp-json\/wp\/v2\/media\/26895"}],"wp:attachment":[{"href":"https:\/\/www.fieldpiece.com\/fr\/wp-json\/wp\/v2\/media?parent=29628"}],"wp:term":[{"taxonomy":"product_brand","embeddable":true,"href":"https:\/\/www.fieldpiece.com\/fr\/wp-json\/wp\/v2\/product_brand?post=29628"},{"taxonomy":"product_cat","embeddable":true,"href":"https:\/\/www.fieldpiece.com\/fr\/wp-json\/wp\/v2\/product_cat?post=29628"},{"taxonomy":"product_tag","embeddable":true,"href":"https:\/\/www.fieldpiece.com\/fr\/wp-json\/wp\/v2\/product_tag?post=29628"}],"curies":[{"name":"wp","href":"https:\/\/api.w.org\/{rel}","templated":true}]}}