	{"id":29506,"date":"2020-11-02T11:30:38","date_gmt":"2020-11-02T11:30:38","guid":{"rendered":"https:\/\/www.fieldpiece.com\/product\/jl3kh6-job-link-probes-charging-and-air-kit\/"},"modified":"2022-01-03T05:38:17","modified_gmt":"2022-01-03T13:38:17","slug":"jl3kh6-job-link-probes-charging-and-air-kit","status":"publish","type":"product","link":"https:\/\/www.fieldpiece.com\/fr\/produit\/jl3kh6-job-link-probes-charging-and-air-kit\/","title":{"rendered":"JL3KH6 &#8211; Kit de test de charge et d&rsquo;air du syst\u00e8me Job Link\u00ae"},"content":{"rendered":"<p>Connexion directe \u00e0 l&rsquo;appareil mobile par l&rsquo;interm\u00e9diaire de l&rsquo;application du syst\u00e8me Job Link<br \/>\nMesures exactes et rapides de la temp\u00e9rature gr\u00e2ce \u00e0 la nouvelle technologie Rapid Rail<br \/>\nAuto-\u00e9talonnage des pressions, quelle que soit l&rsquo;altitude<br \/>\nPsychrom\u00e8tres configurables avec sonde flexible et aimant glissant   <\/p>\n<p><img decoding=\"async\" style=\"float: right;\" src=\"https:\/\/resources.fieldpiece.com\/wp-content\/uploads\/2021\/06\/JLScreenIphone.png\" alt=\"\" \/>Obtenez rapidement et facilement une vue instantan\u00e9e compl\u00e8te du syst\u00e8me avec le kit de test de charge et d&rsquo;air JL3KH6. Ce kit contient 2\u00a0sondes de pression, 2\u00a0pinces de serrage et  2\u00a0psychrom\u00e8tres dans une sacoche rembourr\u00e9e facile d&rsquo;acc\u00e8s. Tous les relev\u00e9s sont transf\u00e9rables directement sur votre appareil mobile \u00e0 une distance maximale de 100\u00a0m (350\u00a0pi) par l&rsquo;interm\u00e9diaire de l&rsquo;application mobile du syst\u00e8me Job Link\u00ae. Chaque outil est con\u00e7u pour permettre au technicien de travailler avec agilit\u00e9 et vitesse. Les sondes de pression conviennent aux espaces confin\u00e9s. Les pinces de serrage utilisent une nouvelle conception de capteur Rapid Rail\u2122 offrant pr\u00e9cision, vitesse et agilit\u00e9, m\u00eame sur les configurations de tuyaux les plus complexes. Les sondes \u00e9troites et flexibles des psychrom\u00e8tres et l&rsquo;aimant configurable facilitent la mesure des pl\u00e9nums d&rsquo;alimentation, des conduits et des registres sur\u00e9lev\u00e9s. Faites plus avec les sondes Job Link\u00a0!<\/p>\n<p>SP\u00c9CIFICATIONS   <\/p>\n<p>Port\u00e9e sans fil\u00a0:\u00a0\u00a0\u00a0 100\u00a0m (350\u00a0pi) ou plus<br \/>\nFr\u00e9quence du signal\u00a0: \u00a0\u00a0 2,4\u00a0GHz<br \/>\nPiles\u00a0:\u00a0\u00a0\u00a0 2 x AAA (incluses)<br \/>\nAutonomie des piles\u00a0:\u00a0\u00a0\u00a0 150\u00a0h (piles alcalines standard)<br \/>\nArr\u00eat automatique (APO)\u00a0:\u00a0\u00a0\u00a0 2\u00a0h (peut \u00eatre d\u00e9sactiv\u00e9)<br \/>\nExigences minimales\u00a0: \u00a0\u00a0 dispositifs BLE 4.0 avec iOS\u00ae 7.0 ou Android<sup>TM<\/sup> 5.0  <\/p>\n<p><strong>Sonde de pression Job Link &#8211; JL3PR<\/strong><br \/>\nType de connecteur\u00a0:\u00a0\u00a0\u00a0 raccord \u00e9vas\u00e9 femelle \u00e0 45\u00b0 standard 1\/4\u00a0po NPT<br \/>\nMeilleure exactitude\u00a0:\u00a0\u00a0\u00a0 \u00b17\u00a0kPa (\u00b11\u00a0psig)<br \/>\nPlage de mesures\u00a0:\u00a0\u00a0\u00a0 0 \u00e0 4\u00a0000\u00a0kPa (0 \u00e0 580\u00a0psig)<br \/>\nSurcharge maximale\u00a0:\u00a0\u00a0\u00a0 5500\u00a0kPa (800\u00a0psig)<br \/>\nR\u00e9sistance \u00e0 l&rsquo;eau\u00a0:\u00a0\u00a0\u00a0 IP55  <\/p>\n<p><strong>Sonde de pince de serrage Premium Job Link &#8211; JL3PC<\/strong><br \/>\nCompatibilit\u00e9 de tuyau\u00a0:\u00a0\u00a0\u00a0 diam\u00e8tre 6,4\u00a0 \u00e0 34,9\u00a0mm (1\/4\u00a0 \u00e0 1 3\/8\u00a0po) \u00e0 conductivit\u00e9 \u00e9lectrique<br \/>\nExactitude\u00a0:\u00a0\u00a0\u00a0 \u00b10,6\u00a0\u00b0C (\u00b11\u00a0\u00b0F)<br \/>\nPlage de mesures\u00a0:\u00a0\u00a0\u00a0 -46 \u00e0 125\u00a0\u00b0C (-50 \u00e0 257\u00a0\u00b0F)<br \/>\nD\u00e9lai de stabilisation\u00a0:\u00a0\u00a0\u00a0 3\u00a0secondes (typique)<br \/>\nR\u00e9ponse de mesure\u00a0:\u00a0\u00a0\u00a0 signal sonore et LED<br \/>\nR\u00e9sistance \u00e0 l&rsquo;eau\u00a0:\u00a0\u00a0\u00a0 norme IP55<br \/>\nBrevet\u00a0:\u00a0\u00a0\u00a0 en instance  <\/p>\n<p><strong> Sonde de psychrom\u00e8tre flexible Job Link &#8211; JL3RH<\/strong><br \/>\nSonde flexible\u00a0:\u00a0\u00a0\u00a0 diam\u00e8tre 9\u00a0mm (0,36\u00a0po)\u00a0; longueur 235\u00a0mm (9,25\u00a0po)<br \/>\nMeilleure exactitude\u00a0:\u00a0\u00a0\u00a0 \u00b10,6\u00a0\u00b0C (\u00b11\u00a0\u00b0F) \u00b12,5\u00a0%HR<br \/>\nPlage de mesures\u00a0:\u00a0\u00a0\u00a0 -20 \u00e0 60\u00a0\u00b0C (-4 \u00e0 140\u00a0\u00b0F) 0 \u00e0 100\u00a0%HR<\/p>\n<p>Inclut\u00a0: <\/p>\n<ul>\n<li>2 Sondes de temp\u00e9rature de tuyau Job Link<\/li>\n<li>2 Sondes de pression Job Link<\/li>\n<li>2 Sondes de psychrom\u00e8tre Job Link<\/li>\n<li>Sacoche de transport rembourr\u00e9e<\/li>\n<li>2 Piles AAA par sonde (12 au total)<\/li>\n<\/ul>\n","protected":false},"excerpt":{"rendered":"<p>Connexion directe \u00e0 l&rsquo;appareil mobile par l&rsquo;interm\u00e9diaire de l&rsquo;application du syst\u00e8me Job Link Mesures exactes et rapides de la temp\u00e9rature gr\u00e2ce \u00e0 la nouvelle technologie Rapid Rail Auto-\u00e9talonnage des pressions, quelle que soit l&rsquo;altitude Psychrom\u00e8tres configurables avec sonde flexible et aimant glissant Obtenez une vue instantan\u00e9e compl\u00e8te du syst\u00e8me&#8230;<\/p>\n","protected":false},"featured_media":29520,"comment_status":"open","ping_status":"closed","template":"","meta":{"_acf_changed":false},"product_brand":[],"product_cat":[124,231,208],"product_tag":[],"class_list":{"0":"post-29506","1":"product","2":"type-product","3":"status-publish","4":"has-post-thumbnail","6":"product_cat-air-flow-and-temp-rh-fr","7":"product_cat-probes-fr","8":"product_cat-job-link-system","10":"first","11":"instock","12":"shipping-taxable","13":"product-type-simple"},"acf":[],"yoast_head":"<!-- This site is optimized with the Yoast SEO plugin v27.2 - https:\/\/yoast.com\/product\/yoast-seo-wordpress\/ -->\n<title>JL3KH6 - Kit de test de charge et d&#039;air du syst\u00e8me Job Link\u00ae - Fieldpiece Instruments<\/title>\n<meta name=\"robots\" content=\"index, follow, max-snippet:-1, max-image-preview:large, max-video-preview:-1\" \/>\n<link rel=\"canonical\" href=\"https:\/\/www.fieldpiece.com\/fr\/produit\/jl3kh6-job-link-probes-charging-and-air-kit\/\" \/>\n<meta property=\"og:locale\" content=\"fr_FR\" \/>\n<meta property=\"og:type\" content=\"article\" \/>\n<meta property=\"og:title\" content=\"JL3KH6 - Kit de test de charge et d&#039;air du syst\u00e8me Job Link\u00ae - Fieldpiece Instruments\" \/>\n<meta property=\"og:description\" content=\"Connexion directe \u00e0 l&#039;appareil mobile par l&#039;interm\u00e9diaire de l&#039;application du syst\u00e8me Job Link Mesures exactes et rapides de la temp\u00e9rature gr\u00e2ce \u00e0 la nouvelle technologie Rapid Rail Auto-\u00e9talonnage des pressions, quelle que soit l&#039;altitude Psychrom\u00e8tres configurables avec sonde flexible et aimant glissant Obtenez une vue instantan\u00e9e compl\u00e8te du syst\u00e8me...\" \/>\n<meta property=\"og:url\" content=\"https:\/\/www.fieldpiece.com\/fr\/produit\/jl3kh6-job-link-probes-charging-and-air-kit\/\" \/>\n<meta property=\"og:site_name\" content=\"Fieldpiece Instruments\" \/>\n<meta property=\"article:modified_time\" content=\"2022-01-03T13:38:17+00:00\" \/>\n<meta property=\"og:image\" content=\"https:\/\/resources.fieldpiece.com\/wp-content\/uploads\/2020\/11\/JL3-Probes-470x470-06-1.png\" \/>\n\t<meta property=\"og:image:width\" content=\"470\" \/>\n\t<meta property=\"og:image:height\" content=\"470\" \/>\n\t<meta property=\"og:image:type\" content=\"image\/png\" \/>\n<meta name=\"twitter:card\" content=\"summary_large_image\" \/>\n<meta name=\"twitter:label1\" content=\"Dur\u00e9e de lecture estim\u00e9e\" \/>\n\t<meta name=\"twitter:data1\" content=\"2 minutes\" \/>\n<script type=\"application\/ld+json\" class=\"yoast-schema-graph\">{\"@context\":\"https:\/\/schema.org\",\"@graph\":[{\"@type\":\"WebPage\",\"@id\":\"https:\/\/www.fieldpiece.com\/fr\/produit\/jl3kh6-job-link-probes-charging-and-air-kit\/\",\"url\":\"https:\/\/www.fieldpiece.com\/fr\/produit\/jl3kh6-job-link-probes-charging-and-air-kit\/\",\"name\":\"JL3KH6 - Kit de test de charge et d'air du syst\u00e8me Job Link\u00ae - Fieldpiece Instruments\",\"isPartOf\":{\"@id\":\"https:\/\/www.fieldpiece.com\/fr\/#website\"},\"primaryImageOfPage\":{\"@id\":\"https:\/\/www.fieldpiece.com\/fr\/produit\/jl3kh6-job-link-probes-charging-and-air-kit\/#primaryimage\"},\"image\":{\"@id\":\"https:\/\/www.fieldpiece.com\/fr\/produit\/jl3kh6-job-link-probes-charging-and-air-kit\/#primaryimage\"},\"thumbnailUrl\":\"https:\/\/resources.fieldpiece.com\/wp-content\/uploads\/2020\/11\/JL3-Probes-470x470-06-1.png\",\"datePublished\":\"2020-11-02T11:30:38+00:00\",\"dateModified\":\"2022-01-03T13:38:17+00:00\",\"breadcrumb\":{\"@id\":\"https:\/\/www.fieldpiece.com\/fr\/produit\/jl3kh6-job-link-probes-charging-and-air-kit\/#breadcrumb\"},\"inLanguage\":\"fr-FR\",\"potentialAction\":[{\"@type\":\"ReadAction\",\"target\":[\"https:\/\/www.fieldpiece.com\/fr\/produit\/jl3kh6-job-link-probes-charging-and-air-kit\/\"]}]},{\"@type\":\"ImageObject\",\"inLanguage\":\"fr-FR\",\"@id\":\"https:\/\/www.fieldpiece.com\/fr\/produit\/jl3kh6-job-link-probes-charging-and-air-kit\/#primaryimage\",\"url\":\"https:\/\/resources.fieldpiece.com\/wp-content\/uploads\/2020\/11\/JL3-Probes-470x470-06-1.png\",\"contentUrl\":\"https:\/\/resources.fieldpiece.com\/wp-content\/uploads\/2020\/11\/JL3-Probes-470x470-06-1.png\",\"width\":470,\"height\":470,\"caption\":\"JL3KH6 Job Link\u00ae System Probes\"},{\"@type\":\"BreadcrumbList\",\"@id\":\"https:\/\/www.fieldpiece.com\/fr\/produit\/jl3kh6-job-link-probes-charging-and-air-kit\/#breadcrumb\",\"itemListElement\":[{\"@type\":\"ListItem\",\"position\":1,\"name\":\"Home\",\"item\":\"https:\/\/www.fieldpiece.com\/fr\/\"},{\"@type\":\"ListItem\",\"position\":2,\"name\":\"Shop\",\"item\":\"https:\/\/www.fieldpiece.com\/shop\/\"},{\"@type\":\"ListItem\",\"position\":3,\"name\":\"JL3KH6 &#8211; Kit de test de charge et d&#8217;air du syst\u00e8me Job Link\u00ae\"}]},{\"@type\":\"WebSite\",\"@id\":\"https:\/\/www.fieldpiece.com\/fr\/#website\",\"url\":\"https:\/\/www.fieldpiece.com\/fr\/\",\"name\":\"Fieldpiece Instruments\",\"description\":\"\",\"publisher\":{\"@id\":\"https:\/\/www.fieldpiece.com\/fr\/#organization\"},\"potentialAction\":[{\"@type\":\"SearchAction\",\"target\":{\"@type\":\"EntryPoint\",\"urlTemplate\":\"https:\/\/www.fieldpiece.com\/fr\/?s={search_term_string}\"},\"query-input\":{\"@type\":\"PropertyValueSpecification\",\"valueRequired\":true,\"valueName\":\"search_term_string\"}}],\"inLanguage\":\"fr-FR\"},{\"@type\":\"Organization\",\"@id\":\"https:\/\/www.fieldpiece.com\/fr\/#organization\",\"name\":\"Fieldpiece Instruments\",\"url\":\"https:\/\/www.fieldpiece.com\/fr\/\",\"logo\":{\"@type\":\"ImageObject\",\"inLanguage\":\"fr-FR\",\"@id\":\"https:\/\/www.fieldpiece.com\/fr\/#\/schema\/logo\/image\/\",\"url\":\"https:\/\/resources.fieldpiece.com\/wp-content\/uploads\/2021\/02\/Logos-490x358-1.jpg\",\"contentUrl\":\"https:\/\/resources.fieldpiece.com\/wp-content\/uploads\/2021\/02\/Logos-490x358-1.jpg\",\"width\":490,\"height\":358,\"caption\":\"Fieldpiece Instruments\"},\"image\":{\"@id\":\"https:\/\/www.fieldpiece.com\/fr\/#\/schema\/logo\/image\/\"}}]}<\/script>\n<!-- \/ Yoast SEO plugin. -->","yoast_head_json":{"title":"JL3KH6 - Kit de test de charge et d'air du syst\u00e8me Job Link\u00ae - Fieldpiece Instruments","robots":{"index":"index","follow":"follow","max-snippet":"max-snippet:-1","max-image-preview":"max-image-preview:large","max-video-preview":"max-video-preview:-1"},"canonical":"https:\/\/www.fieldpiece.com\/fr\/produit\/jl3kh6-job-link-probes-charging-and-air-kit\/","og_locale":"fr_FR","og_type":"article","og_title":"JL3KH6 - Kit de test de charge et d'air du syst\u00e8me Job Link\u00ae - Fieldpiece Instruments","og_description":"Connexion directe \u00e0 l'appareil mobile par l'interm\u00e9diaire de l'application du syst\u00e8me Job Link Mesures exactes et rapides de la temp\u00e9rature gr\u00e2ce \u00e0 la nouvelle technologie Rapid Rail Auto-\u00e9talonnage des pressions, quelle que soit l'altitude Psychrom\u00e8tres configurables avec sonde flexible et aimant glissant Obtenez une vue instantan\u00e9e compl\u00e8te du syst\u00e8me...","og_url":"https:\/\/www.fieldpiece.com\/fr\/produit\/jl3kh6-job-link-probes-charging-and-air-kit\/","og_site_name":"Fieldpiece Instruments","article_modified_time":"2022-01-03T13:38:17+00:00","og_image":[{"width":470,"height":470,"url":"https:\/\/resources.fieldpiece.com\/wp-content\/uploads\/2020\/11\/JL3-Probes-470x470-06-1.png","type":"image\/png"}],"twitter_card":"summary_large_image","twitter_misc":{"Dur\u00e9e de lecture estim\u00e9e":"2 minutes"},"schema":{"@context":"https:\/\/schema.org","@graph":[{"@type":"WebPage","@id":"https:\/\/www.fieldpiece.com\/fr\/produit\/jl3kh6-job-link-probes-charging-and-air-kit\/","url":"https:\/\/www.fieldpiece.com\/fr\/produit\/jl3kh6-job-link-probes-charging-and-air-kit\/","name":"JL3KH6 - Kit de test de charge et d'air du syst\u00e8me Job Link\u00ae - Fieldpiece Instruments","isPartOf":{"@id":"https:\/\/www.fieldpiece.com\/fr\/#website"},"primaryImageOfPage":{"@id":"https:\/\/www.fieldpiece.com\/fr\/produit\/jl3kh6-job-link-probes-charging-and-air-kit\/#primaryimage"},"image":{"@id":"https:\/\/www.fieldpiece.com\/fr\/produit\/jl3kh6-job-link-probes-charging-and-air-kit\/#primaryimage"},"thumbnailUrl":"https:\/\/resources.fieldpiece.com\/wp-content\/uploads\/2020\/11\/JL3-Probes-470x470-06-1.png","datePublished":"2020-11-02T11:30:38+00:00","dateModified":"2022-01-03T13:38:17+00:00","breadcrumb":{"@id":"https:\/\/www.fieldpiece.com\/fr\/produit\/jl3kh6-job-link-probes-charging-and-air-kit\/#breadcrumb"},"inLanguage":"fr-FR","potentialAction":[{"@type":"ReadAction","target":["https:\/\/www.fieldpiece.com\/fr\/produit\/jl3kh6-job-link-probes-charging-and-air-kit\/"]}]},{"@type":"ImageObject","inLanguage":"fr-FR","@id":"https:\/\/www.fieldpiece.com\/fr\/produit\/jl3kh6-job-link-probes-charging-and-air-kit\/#primaryimage","url":"https:\/\/resources.fieldpiece.com\/wp-content\/uploads\/2020\/11\/JL3-Probes-470x470-06-1.png","contentUrl":"https:\/\/resources.fieldpiece.com\/wp-content\/uploads\/2020\/11\/JL3-Probes-470x470-06-1.png","width":470,"height":470,"caption":"JL3KH6 Job Link\u00ae System Probes"},{"@type":"BreadcrumbList","@id":"https:\/\/www.fieldpiece.com\/fr\/produit\/jl3kh6-job-link-probes-charging-and-air-kit\/#breadcrumb","itemListElement":[{"@type":"ListItem","position":1,"name":"Home","item":"https:\/\/www.fieldpiece.com\/fr\/"},{"@type":"ListItem","position":2,"name":"Shop","item":"https:\/\/www.fieldpiece.com\/shop\/"},{"@type":"ListItem","position":3,"name":"JL3KH6 &#8211; Kit de test de charge et d&#8217;air du syst\u00e8me Job Link\u00ae"}]},{"@type":"WebSite","@id":"https:\/\/www.fieldpiece.com\/fr\/#website","url":"https:\/\/www.fieldpiece.com\/fr\/","name":"Fieldpiece Instruments","description":"","publisher":{"@id":"https:\/\/www.fieldpiece.com\/fr\/#organization"},"potentialAction":[{"@type":"SearchAction","target":{"@type":"EntryPoint","urlTemplate":"https:\/\/www.fieldpiece.com\/fr\/?s={search_term_string}"},"query-input":{"@type":"PropertyValueSpecification","valueRequired":true,"valueName":"search_term_string"}}],"inLanguage":"fr-FR"},{"@type":"Organization","@id":"https:\/\/www.fieldpiece.com\/fr\/#organization","name":"Fieldpiece Instruments","url":"https:\/\/www.fieldpiece.com\/fr\/","logo":{"@type":"ImageObject","inLanguage":"fr-FR","@id":"https:\/\/www.fieldpiece.com\/fr\/#\/schema\/logo\/image\/","url":"https:\/\/resources.fieldpiece.com\/wp-content\/uploads\/2021\/02\/Logos-490x358-1.jpg","contentUrl":"https:\/\/resources.fieldpiece.com\/wp-content\/uploads\/2021\/02\/Logos-490x358-1.jpg","width":490,"height":358,"caption":"Fieldpiece Instruments"},"image":{"@id":"https:\/\/www.fieldpiece.com\/fr\/#\/schema\/logo\/image\/"}}]}},"_links":{"self":[{"href":"https:\/\/www.fieldpiece.com\/fr\/wp-json\/wp\/v2\/product\/29506","targetHints":{"allow":["GET"]}}],"collection":[{"href":"https:\/\/www.fieldpiece.com\/fr\/wp-json\/wp\/v2\/product"}],"about":[{"href":"https:\/\/www.fieldpiece.com\/fr\/wp-json\/wp\/v2\/types\/product"}],"replies":[{"embeddable":true,"href":"https:\/\/www.fieldpiece.com\/fr\/wp-json\/wp\/v2\/comments?post=29506"}],"wp:featuredmedia":[{"embeddable":true,"href":"https:\/\/www.fieldpiece.com\/fr\/wp-json\/wp\/v2\/media\/29520"}],"wp:attachment":[{"href":"https:\/\/www.fieldpiece.com\/fr\/wp-json\/wp\/v2\/media?parent=29506"}],"wp:term":[{"taxonomy":"product_brand","embeddable":true,"href":"https:\/\/www.fieldpiece.com\/fr\/wp-json\/wp\/v2\/product_brand?post=29506"},{"taxonomy":"product_cat","embeddable":true,"href":"https:\/\/www.fieldpiece.com\/fr\/wp-json\/wp\/v2\/product_cat?post=29506"},{"taxonomy":"product_tag","embeddable":true,"href":"https:\/\/www.fieldpiece.com\/fr\/wp-json\/wp\/v2\/product_tag?post=29506"}],"curies":[{"name":"wp","href":"https:\/\/api.w.org\/{rel}","templated":true}]}}