	{"id":29406,"date":"2020-11-02T11:31:43","date_gmt":"2020-11-02T11:31:43","guid":{"rendered":"https:\/\/www.fieldpiece.com\/product\/sc680-wireless-power-clamp-meter\/"},"modified":"2022-01-03T21:10:55","modified_gmt":"2022-01-04T05:10:55","slug":"sc680-wireless-power-clamp-meter","status":"publish","type":"product","link":"https:\/\/www.fieldpiece.com\/fr\/produit\/sc680-wireless-power-clamp-meter\/","title":{"rendered":"SC680 &#8211; Pince multim\u00e8tre sans fil"},"content":{"rendered":"<p>Connexion sans fil directe au syst\u00e8me Job Link\u00ae \u00e0 des fins de documentation \u00e9lectrique<br \/>\nFiltre passe-bas pour les syst\u00e8mes de variateur de fr\u00e9quence (VFD)<br \/>\nPince CA\/CC<br \/>\nEmbouts Molex pour tester les petits circuits<br \/>\nTest d&rsquo;alimentation triphas\u00e9e \u00e0 deux fils conducteurs<br \/>\nNorme de s\u00e9curit\u00e9 CAT IV &#8211; 600\u00a0V\/CAT III &#8211; 1\u00a0000\u00a0V  <\/p>\n<p><strong> Wattm\u00e8tre pour \u00e9quipement CVCR avec int\u00e9gration directe avec l&rsquo;application du syst\u00e8me\u00a0Job Link\u00ae<\/strong>  <\/p>\n<p>La nouvelle pince multim\u00e8tre SC680 contient tout ce dont vous avez besoin pour l&rsquo;installation, la maintenance et le d\u00e9pannage de tout syst\u00e8me de CVCR, et est adapt\u00e9e aussi bien aux travaux sur les petits circuits de syst\u00e8mes multiblocs qu&rsquo;aux travaux sur les gros syst\u00e8mes \u00e0 usage commercial.<\/p>\n<p>Le SC680 est une pince multim\u00e8tre avec fonctionnalit\u00e9 sans fil haut de gamme pour les professionnels de la climatisation. Envoyez vos mesures \u00e9lectriques directement sur l&rsquo;application mobile Job Link\u00ae. Placez le multim\u00e8tre derri\u00e8re une porte de soufflante ferm\u00e9e et consultez la mesure en temps r\u00e9el sur votre appareil mobile.<\/p>\n<p>Mesurez directement la consommation \u00e9nerg\u00e9tique (W) du syst\u00e8me pour mieux \u00e9valuer son efficacit\u00e9. Utilisez cette valeur pour proposer \u00e0 votre client des mesures d&rsquo;\u00e9conomie d&rsquo;\u00e9nergie qui les aideront \u00e0 r\u00e9duire leurs factures d\u2019\u00e9lectricit\u00e9.<\/p>\n<p>Le SC680 est id\u00e9al pour effectuer un diagnostic sur un syst\u00e8me multibloc. Les ports double de temp\u00e9rature de type K permettent de mesurer les temp\u00e9ratures de l&rsquo;air entrant et sortant et la fr\u00e9quence (Hz) directement avec la pince. Mesurez la tension et la r\u00e9sistance des connecteurs multiblocs les plus difficiles d&rsquo;acc\u00e8s gr\u00e2ce aux pointes de sonde RCT2 incluses.<\/p>\n<p>Accrochez votre multim\u00e8tre \u00e0 pince SC680 \u00e0 n&rsquo;importe quelle surface m\u00e9tallique gr\u00e2ce \u00e0 son aimant puissant. Lorsque vous avez termin\u00e9 vos mesures, stockez les cordons dans le bo\u00eetier arri\u00e8re pour un rangement propre et pratique. Consultez les relev\u00e9s de tension et d&rsquo;intensit\u00e9 en m\u00eame temps gr\u00e2ce au grand \u00e9cran double. Consultez facilement la mesure d&rsquo;intensit\u00e9 obtenue quelle que soit la fa\u00e7on dont vous placez la pince \u00e0 t\u00eate pivotante ACA autour du c\u00e2ble.<\/p>\n<p>V\u00e9rifiez l&rsquo;ordre des lignes de tension triphas\u00e9es avec seulement deux cordons. Capturez L1-L2 et L1-L3 pour v\u00e9rifier \u00e0 l&rsquo;aide d&rsquo;un test de rotation de phase que les alimentations des moteurs sont correctement install\u00e9es.<\/p>\n<p>La technologie de mesure de la valeur efficace vraie (TRMS) permet des mesures de VCA et ACA plus pr\u00e9cises sur les entra\u00eenements \u00e0 fr\u00e9quence variable. Mesurez l&rsquo;intensit\u00e9 du courant au d\u00e9marrage d&rsquo;un compresseur gr\u00e2ce \u00e0 la fonctionnalit\u00e9 Inrush.<\/p>\n<p>\u00c9clairez l&rsquo;espace gr\u00e2ce \u00e0 la DEL puissante int\u00e9gr\u00e9e dans la m\u00e2choire de serrage. Visualisez facilement vos mesures avec le r\u00e9tro-\u00e9clairage bleu lumineux de l&rsquo;\u00e9cran. Passez simplement d&rsquo;un mode \u00e0 l&rsquo;autre \u00e0 l&rsquo;aide du cadran r\u00e9tro-\u00e9clair\u00e9. Pour une plus grande s\u00e9curit\u00e9, prenez des mesures d&rsquo;une seule main \u00e0 l&rsquo;aide du simple support de conduite de mesure. Les cordons de mesure sont \u00e9quip\u00e9s d&#8217;embouts amovibles plaqu\u00e9s or pour assurer une connexion fiable aux t\u00eates accessoires Fieldpiece.<\/p>\n<ul>\n<li>Mesure la puissance (kW)<\/li>\n<li>Utilisation sur les variateurs de fr\u00e9quence (VFD)<\/li>\n<li>MQ r\u00e9elle et filtre passe-bas pour VCA\/Hz<\/li>\n<li>Diodes de test et r\u00e9sistance maximale de 50 M\u03a9<\/li>\n<li>A CA\/CC<\/li>\n<li>Double temp\u00e9rature<\/li>\n<li>Pince pivotante\n<li>Logement pour fils conducteurs<\/li>\n<li>Fils conducteurs \u00e0 embout Molex pour les petits connecteurs d&rsquo;alimentation<\/li>\n<\/ul>\n<p>Inclus\u00a0: <\/p>\n<ul>\n<li>Pince multim\u00e8tre SC680<\/li>\n<li>Embouts de sonde Molex RCT2<\/li>\n<li>Fils conducteurs en silicone ADLS2<\/li>\n<li>Fils conducteurs \u00e0 pince crocodile ASA2<\/li>\n<li>(2) thermocouples ATB1 de type\u00a0K<\/li>\n<li>(2) bandes velcro<\/li>\n<li>Pile alcaline 9\u00a0V<\/li>\n<li>\u00c9tui de protection rembourr\u00e9 ANC7<\/li>\n<li>Manuel d&rsquo;utilisation<\/li>\n<\/ul>\n","protected":false},"excerpt":{"rendered":"<p>Connexion sans fil directe au syst\u00e8me Job Link\u00ae \u00e0 des fins de documentation \u00e9lectrique Filtre passe-bas pour les syst\u00e8mes de &#8230;<\/p>\n","protected":false},"featured_media":29412,"comment_status":"open","ping_status":"closed","template":"","meta":{"_acf_changed":false},"product_brand":[],"product_cat":[131,219,130,208],"product_tag":[],"class_list":{"0":"post-29406","1":"product","2":"type-product","3":"status-publish","4":"has-post-thumbnail","6":"product_cat-electrical-meters-fr-2","7":"product_cat-meters-fr","8":"product_cat-clamp-meters-fr-2","9":"product_cat-job-link-system","11":"first","12":"instock","13":"shipping-taxable","14":"product-type-simple"},"acf":[],"yoast_head":"<!-- This site is optimized with the Yoast SEO plugin v27.2 - https:\/\/yoast.com\/product\/yoast-seo-wordpress\/ -->\n<title>SC680 - Pince multim\u00e8tre sans fil - Fieldpiece Instruments<\/title>\n<meta name=\"robots\" content=\"index, follow, max-snippet:-1, max-image-preview:large, max-video-preview:-1\" \/>\n<link rel=\"canonical\" href=\"https:\/\/www.fieldpiece.com\/fr\/produit\/sc680-wireless-power-clamp-meter\/\" \/>\n<meta property=\"og:locale\" content=\"fr_FR\" \/>\n<meta property=\"og:type\" content=\"article\" \/>\n<meta property=\"og:title\" content=\"SC680 - Pince multim\u00e8tre sans fil - Fieldpiece Instruments\" \/>\n<meta property=\"og:description\" content=\"Connexion sans fil directe au syst\u00e8me Job Link\u00ae \u00e0 des fins de documentation \u00e9lectrique Filtre passe-bas pour les syst\u00e8mes de ...\" \/>\n<meta property=\"og:url\" content=\"https:\/\/www.fieldpiece.com\/fr\/produit\/sc680-wireless-power-clamp-meter\/\" \/>\n<meta property=\"og:site_name\" content=\"Fieldpiece Instruments\" \/>\n<meta property=\"article:modified_time\" content=\"2022-01-04T05:10:55+00:00\" \/>\n<meta property=\"og:image\" content=\"https:\/\/resources.fieldpiece.com\/wp-content\/uploads\/2021\/01\/SC680-SRC-Product.png\" \/>\n\t<meta property=\"og:image:width\" content=\"470\" \/>\n\t<meta property=\"og:image:height\" content=\"470\" \/>\n\t<meta property=\"og:image:type\" content=\"image\/png\" \/>\n<meta name=\"twitter:card\" content=\"summary_large_image\" \/>\n<meta name=\"twitter:label1\" content=\"Dur\u00e9e de lecture estim\u00e9e\" \/>\n\t<meta name=\"twitter:data1\" content=\"3 minutes\" \/>\n<script type=\"application\/ld+json\" class=\"yoast-schema-graph\">{\"@context\":\"https:\/\/schema.org\",\"@graph\":[{\"@type\":\"WebPage\",\"@id\":\"https:\/\/www.fieldpiece.com\/fr\/produit\/sc680-wireless-power-clamp-meter\/\",\"url\":\"https:\/\/www.fieldpiece.com\/fr\/produit\/sc680-wireless-power-clamp-meter\/\",\"name\":\"SC680 - Pince multim\u00e8tre sans fil - Fieldpiece Instruments\",\"isPartOf\":{\"@id\":\"https:\/\/www.fieldpiece.com\/fr\/#website\"},\"primaryImageOfPage\":{\"@id\":\"https:\/\/www.fieldpiece.com\/fr\/produit\/sc680-wireless-power-clamp-meter\/#primaryimage\"},\"image\":{\"@id\":\"https:\/\/www.fieldpiece.com\/fr\/produit\/sc680-wireless-power-clamp-meter\/#primaryimage\"},\"thumbnailUrl\":\"https:\/\/resources.fieldpiece.com\/wp-content\/uploads\/2021\/01\/SC680-SRC-Product.png\",\"datePublished\":\"2020-11-02T11:31:43+00:00\",\"dateModified\":\"2022-01-04T05:10:55+00:00\",\"breadcrumb\":{\"@id\":\"https:\/\/www.fieldpiece.com\/fr\/produit\/sc680-wireless-power-clamp-meter\/#breadcrumb\"},\"inLanguage\":\"fr-FR\",\"potentialAction\":[{\"@type\":\"ReadAction\",\"target\":[\"https:\/\/www.fieldpiece.com\/fr\/produit\/sc680-wireless-power-clamp-meter\/\"]}]},{\"@type\":\"ImageObject\",\"inLanguage\":\"fr-FR\",\"@id\":\"https:\/\/www.fieldpiece.com\/fr\/produit\/sc680-wireless-power-clamp-meter\/#primaryimage\",\"url\":\"https:\/\/resources.fieldpiece.com\/wp-content\/uploads\/2021\/01\/SC680-SRC-Product.png\",\"contentUrl\":\"https:\/\/resources.fieldpiece.com\/wp-content\/uploads\/2021\/01\/SC680-SRC-Product.png\",\"width\":470,\"height\":470,\"caption\":\"SC680 -600 AC\/DC Wireless Swivel Head AC\/DC Power Clamp Meter\"},{\"@type\":\"BreadcrumbList\",\"@id\":\"https:\/\/www.fieldpiece.com\/fr\/produit\/sc680-wireless-power-clamp-meter\/#breadcrumb\",\"itemListElement\":[{\"@type\":\"ListItem\",\"position\":1,\"name\":\"Home\",\"item\":\"https:\/\/www.fieldpiece.com\/fr\/\"},{\"@type\":\"ListItem\",\"position\":2,\"name\":\"Shop\",\"item\":\"https:\/\/www.fieldpiece.com\/shop\/\"},{\"@type\":\"ListItem\",\"position\":3,\"name\":\"SC680 &#8211; Pince multim\u00e8tre sans fil\"}]},{\"@type\":\"WebSite\",\"@id\":\"https:\/\/www.fieldpiece.com\/fr\/#website\",\"url\":\"https:\/\/www.fieldpiece.com\/fr\/\",\"name\":\"Fieldpiece Instruments\",\"description\":\"\",\"publisher\":{\"@id\":\"https:\/\/www.fieldpiece.com\/fr\/#organization\"},\"potentialAction\":[{\"@type\":\"SearchAction\",\"target\":{\"@type\":\"EntryPoint\",\"urlTemplate\":\"https:\/\/www.fieldpiece.com\/fr\/?s={search_term_string}\"},\"query-input\":{\"@type\":\"PropertyValueSpecification\",\"valueRequired\":true,\"valueName\":\"search_term_string\"}}],\"inLanguage\":\"fr-FR\"},{\"@type\":\"Organization\",\"@id\":\"https:\/\/www.fieldpiece.com\/fr\/#organization\",\"name\":\"Fieldpiece Instruments\",\"url\":\"https:\/\/www.fieldpiece.com\/fr\/\",\"logo\":{\"@type\":\"ImageObject\",\"inLanguage\":\"fr-FR\",\"@id\":\"https:\/\/www.fieldpiece.com\/fr\/#\/schema\/logo\/image\/\",\"url\":\"https:\/\/resources.fieldpiece.com\/wp-content\/uploads\/2021\/02\/Logos-490x358-1.jpg\",\"contentUrl\":\"https:\/\/resources.fieldpiece.com\/wp-content\/uploads\/2021\/02\/Logos-490x358-1.jpg\",\"width\":490,\"height\":358,\"caption\":\"Fieldpiece Instruments\"},\"image\":{\"@id\":\"https:\/\/www.fieldpiece.com\/fr\/#\/schema\/logo\/image\/\"}}]}<\/script>\n<!-- \/ Yoast SEO plugin. -->","yoast_head_json":{"title":"SC680 - Pince multim\u00e8tre sans fil - Fieldpiece Instruments","robots":{"index":"index","follow":"follow","max-snippet":"max-snippet:-1","max-image-preview":"max-image-preview:large","max-video-preview":"max-video-preview:-1"},"canonical":"https:\/\/www.fieldpiece.com\/fr\/produit\/sc680-wireless-power-clamp-meter\/","og_locale":"fr_FR","og_type":"article","og_title":"SC680 - Pince multim\u00e8tre sans fil - Fieldpiece Instruments","og_description":"Connexion sans fil directe au syst\u00e8me Job Link\u00ae \u00e0 des fins de documentation \u00e9lectrique Filtre passe-bas pour les syst\u00e8mes de ...","og_url":"https:\/\/www.fieldpiece.com\/fr\/produit\/sc680-wireless-power-clamp-meter\/","og_site_name":"Fieldpiece Instruments","article_modified_time":"2022-01-04T05:10:55+00:00","og_image":[{"width":470,"height":470,"url":"https:\/\/resources.fieldpiece.com\/wp-content\/uploads\/2021\/01\/SC680-SRC-Product.png","type":"image\/png"}],"twitter_card":"summary_large_image","twitter_misc":{"Dur\u00e9e de lecture estim\u00e9e":"3 minutes"},"schema":{"@context":"https:\/\/schema.org","@graph":[{"@type":"WebPage","@id":"https:\/\/www.fieldpiece.com\/fr\/produit\/sc680-wireless-power-clamp-meter\/","url":"https:\/\/www.fieldpiece.com\/fr\/produit\/sc680-wireless-power-clamp-meter\/","name":"SC680 - Pince multim\u00e8tre sans fil - Fieldpiece Instruments","isPartOf":{"@id":"https:\/\/www.fieldpiece.com\/fr\/#website"},"primaryImageOfPage":{"@id":"https:\/\/www.fieldpiece.com\/fr\/produit\/sc680-wireless-power-clamp-meter\/#primaryimage"},"image":{"@id":"https:\/\/www.fieldpiece.com\/fr\/produit\/sc680-wireless-power-clamp-meter\/#primaryimage"},"thumbnailUrl":"https:\/\/resources.fieldpiece.com\/wp-content\/uploads\/2021\/01\/SC680-SRC-Product.png","datePublished":"2020-11-02T11:31:43+00:00","dateModified":"2022-01-04T05:10:55+00:00","breadcrumb":{"@id":"https:\/\/www.fieldpiece.com\/fr\/produit\/sc680-wireless-power-clamp-meter\/#breadcrumb"},"inLanguage":"fr-FR","potentialAction":[{"@type":"ReadAction","target":["https:\/\/www.fieldpiece.com\/fr\/produit\/sc680-wireless-power-clamp-meter\/"]}]},{"@type":"ImageObject","inLanguage":"fr-FR","@id":"https:\/\/www.fieldpiece.com\/fr\/produit\/sc680-wireless-power-clamp-meter\/#primaryimage","url":"https:\/\/resources.fieldpiece.com\/wp-content\/uploads\/2021\/01\/SC680-SRC-Product.png","contentUrl":"https:\/\/resources.fieldpiece.com\/wp-content\/uploads\/2021\/01\/SC680-SRC-Product.png","width":470,"height":470,"caption":"SC680 -600 AC\/DC Wireless Swivel Head AC\/DC Power Clamp Meter"},{"@type":"BreadcrumbList","@id":"https:\/\/www.fieldpiece.com\/fr\/produit\/sc680-wireless-power-clamp-meter\/#breadcrumb","itemListElement":[{"@type":"ListItem","position":1,"name":"Home","item":"https:\/\/www.fieldpiece.com\/fr\/"},{"@type":"ListItem","position":2,"name":"Shop","item":"https:\/\/www.fieldpiece.com\/shop\/"},{"@type":"ListItem","position":3,"name":"SC680 &#8211; Pince multim\u00e8tre sans fil"}]},{"@type":"WebSite","@id":"https:\/\/www.fieldpiece.com\/fr\/#website","url":"https:\/\/www.fieldpiece.com\/fr\/","name":"Fieldpiece Instruments","description":"","publisher":{"@id":"https:\/\/www.fieldpiece.com\/fr\/#organization"},"potentialAction":[{"@type":"SearchAction","target":{"@type":"EntryPoint","urlTemplate":"https:\/\/www.fieldpiece.com\/fr\/?s={search_term_string}"},"query-input":{"@type":"PropertyValueSpecification","valueRequired":true,"valueName":"search_term_string"}}],"inLanguage":"fr-FR"},{"@type":"Organization","@id":"https:\/\/www.fieldpiece.com\/fr\/#organization","name":"Fieldpiece Instruments","url":"https:\/\/www.fieldpiece.com\/fr\/","logo":{"@type":"ImageObject","inLanguage":"fr-FR","@id":"https:\/\/www.fieldpiece.com\/fr\/#\/schema\/logo\/image\/","url":"https:\/\/resources.fieldpiece.com\/wp-content\/uploads\/2021\/02\/Logos-490x358-1.jpg","contentUrl":"https:\/\/resources.fieldpiece.com\/wp-content\/uploads\/2021\/02\/Logos-490x358-1.jpg","width":490,"height":358,"caption":"Fieldpiece Instruments"},"image":{"@id":"https:\/\/www.fieldpiece.com\/fr\/#\/schema\/logo\/image\/"}}]}},"_links":{"self":[{"href":"https:\/\/www.fieldpiece.com\/fr\/wp-json\/wp\/v2\/product\/29406","targetHints":{"allow":["GET"]}}],"collection":[{"href":"https:\/\/www.fieldpiece.com\/fr\/wp-json\/wp\/v2\/product"}],"about":[{"href":"https:\/\/www.fieldpiece.com\/fr\/wp-json\/wp\/v2\/types\/product"}],"replies":[{"embeddable":true,"href":"https:\/\/www.fieldpiece.com\/fr\/wp-json\/wp\/v2\/comments?post=29406"}],"wp:featuredmedia":[{"embeddable":true,"href":"https:\/\/www.fieldpiece.com\/fr\/wp-json\/wp\/v2\/media\/29412"}],"wp:attachment":[{"href":"https:\/\/www.fieldpiece.com\/fr\/wp-json\/wp\/v2\/media?parent=29406"}],"wp:term":[{"taxonomy":"product_brand","embeddable":true,"href":"https:\/\/www.fieldpiece.com\/fr\/wp-json\/wp\/v2\/product_brand?post=29406"},{"taxonomy":"product_cat","embeddable":true,"href":"https:\/\/www.fieldpiece.com\/fr\/wp-json\/wp\/v2\/product_cat?post=29406"},{"taxonomy":"product_tag","embeddable":true,"href":"https:\/\/www.fieldpiece.com\/fr\/wp-json\/wp\/v2\/product_tag?post=29406"}],"curies":[{"name":"wp","href":"https:\/\/api.w.org\/{rel}","templated":true}]}}