	{"id":29354,"date":"2020-11-02T11:31:30","date_gmt":"2020-11-02T11:31:30","guid":{"rendered":"https:\/\/www.fieldpiece.com\/product\/jl3pr-job-link-system-pressure-probe\/"},"modified":"2021-11-22T05:33:48","modified_gmt":"2021-11-22T13:33:48","slug":"jl3pr-job-link-system-pressure-probe","status":"publish","type":"product","link":"https:\/\/www.fieldpiece.com\/fr\/produit\/jl3pr-job-link-system-pressure-probe\/","title":{"rendered":"JL3PR &#8211; Sonde de pression du syst\u00e8me Job Link\u00ae"},"content":{"rendered":"<p>Port\u00e9e sans fil puissante de 100\u00a0m (350\u00a0pi) sans n\u00e9cessiter de transmetteur<br \/>\nRaccord coud\u00e9 \u00e0 45\u00b0 facilite les connexions dans les espaces restreints<br \/>\nCapteurs de pression pr\u00e9cis, quelle que soit l&rsquo;altitude<br \/>\nJoint rempla\u00e7able sur le terrain<br \/>\nId\u00e9al pour les syst\u00e8mes \u00e0 charge critique<br \/>\nR\u00e9sistant \u00e0 l&rsquo;eau  <\/p>\n<p>Acc\u00e9dez facilement aux ports de service situ\u00e9s \u00e0 des angles difficiles et\/ou dans des espaces restreints gr\u00e2ce aux sondes de pression du syst\u00e8me Job Link\u00ae. Les capteurs de pression sont pr\u00e9cis, quelle que soit l&rsquo;altitude, et permettent d&rsquo;obtenir des relev\u00e9s exacts en tout lieu.<\/p>\n<ul>\n<li>Le raccord coud\u00e9 \u00e0 45\u00b0 facilite les connexions dans les espaces restreints<\/li>\n<li>Les capteurs de pression sont pr\u00e9cis, quelle que soit l&rsquo;altitude<\/li>\n<li>S&rsquo;\u00e9talonne automatiquement \u00e0 la pression barom\u00e9trique<\/li>\n<\/ul>\n<p><strong>Relev\u00e9s rapides mains libres<\/strong><br \/>\nSe raccorde rapidement aux conduites d&rsquo;aspiration et de liquide pour obtenir des mesures de pression instantan\u00e9es. Surveillez les pressions \u00e0 une distance maximale de 100\u00a0m (350 pi).<\/p>\n<p><strong>Connexion directe au syst\u00e8me Job Link\u00ae<\/strong><br \/>\nTransmettez des relev\u00e9s directement \u00e0 votre appareil mobile par l&rsquo;interm\u00e9diaire de l&rsquo;application du syst\u00e8me Job Link\u00ae.<\/p>\n<p><strong>Con\u00e7u pour assurer une faible perte de fluide frigorig\u00e8ne<\/strong><br \/>\nLe raccordement direct au port de service exclut le besoin de flexible et minimise ainsi la perte de fluide frigorig\u00e8ne. Id\u00e9al pour la maintenance des syst\u00e8mes \u00e0 charge critique.<\/p>\n<p><strong>Indicateur commutable de pression d&rsquo;aspiration\/de liquide<\/strong><br \/>\nL&rsquo;indicateur commutable automatique indique au syst\u00e8me Job Link\u00ae quel c\u00f4t\u00e9 est test\u00e9. S\u00e9lectionnez sur rouge pour le c\u00f4t\u00e9 liquide et sur bleu pour le c\u00f4t\u00e9 aspiration.<\/p>\n<p>Les sondes sont vendues individuellement ou en kits\u00a0: <a href=\"https:\/\/www.www.fieldpiece.com\/products\/detail\/jl3kr4-job-link-probes-charge-kit\/job-link-probes\/\">Kit de charge de sondes du syst\u00e8me Job Link\u00ae<\/a> ou <a href=\"https:\/\/www.www.fieldpiece.com\/products\/detail\/jl3kh6-job-link-probes-charging-and-air-kit\/job-link-probes\/\">Kit de charge et d&rsquo;air du syst\u00e8me Job Link\u00ae<\/a>.<\/p>\n<p>Inclus\u00a0: <\/p>\n<ul>\n<li>Sonde de pression Job Link<\/li>\n<li>2 joints de rechange<\/li>\n<li>2 piles AAA<\/li>\n<li>Manuel d&rsquo;utilisation<\/li>\n<li>Une garantie limit\u00e9e d\u2019un an<\/li>\n<\/ul>\n","protected":false},"excerpt":{"rendered":"<p>Port\u00e9e sans fil puissante de 100\u00a0m (350\u00a0pi) sans n\u00e9cessiter de transmetteur Raccord coud\u00e9 \u00e0 45\u00b0 facilite les connexions dans les &#8230;<\/p>\n","protected":false},"featured_media":26893,"comment_status":"open","ping_status":"closed","template":"","meta":{"_acf_changed":false},"product_brand":[],"product_cat":[231,208],"product_tag":[],"class_list":{"0":"post-29354","1":"product","2":"type-product","3":"status-publish","4":"has-post-thumbnail","6":"product_cat-probes-fr","7":"product_cat-job-link-system","9":"first","10":"instock","11":"shipping-taxable","12":"product-type-simple"},"acf":[],"yoast_head":"<!-- This site is optimized with the Yoast SEO plugin v27.2 - https:\/\/yoast.com\/product\/yoast-seo-wordpress\/ -->\n<title>JL3PR - Sonde de pression du syst\u00e8me Job Link\u00ae - Fieldpiece Instruments<\/title>\n<meta name=\"robots\" content=\"index, follow, max-snippet:-1, max-image-preview:large, max-video-preview:-1\" \/>\n<link rel=\"canonical\" href=\"https:\/\/www.fieldpiece.com\/fr\/produit\/jl3pr-job-link-system-pressure-probe\/\" \/>\n<meta property=\"og:locale\" content=\"fr_FR\" \/>\n<meta property=\"og:type\" content=\"article\" \/>\n<meta property=\"og:title\" content=\"JL3PR - Sonde de pression du syst\u00e8me Job Link\u00ae - Fieldpiece Instruments\" \/>\n<meta property=\"og:description\" content=\"Port\u00e9e sans fil puissante de 100\u00a0m (350\u00a0pi) sans n\u00e9cessiter de transmetteur Raccord coud\u00e9 \u00e0 45\u00b0 facilite les connexions dans les ...\" \/>\n<meta property=\"og:url\" content=\"https:\/\/www.fieldpiece.com\/fr\/produit\/jl3pr-job-link-system-pressure-probe\/\" \/>\n<meta property=\"og:site_name\" content=\"Fieldpiece Instruments\" \/>\n<meta property=\"article:modified_time\" content=\"2021-11-22T13:33:48+00:00\" \/>\n<meta property=\"og:image\" content=\"https:\/\/resources.fieldpiece.com\/wp-content\/uploads\/2021\/01\/JL3-Probes-470x470-02.png\" \/>\n\t<meta property=\"og:image:width\" content=\"470\" \/>\n\t<meta property=\"og:image:height\" content=\"470\" \/>\n\t<meta property=\"og:image:type\" content=\"image\/png\" \/>\n<meta name=\"twitter:card\" content=\"summary_large_image\" \/>\n<meta name=\"twitter:label1\" content=\"Dur\u00e9e de lecture estim\u00e9e\" \/>\n\t<meta name=\"twitter:data1\" content=\"2 minutes\" \/>\n<script type=\"application\/ld+json\" class=\"yoast-schema-graph\">{\"@context\":\"https:\/\/schema.org\",\"@graph\":[{\"@type\":\"WebPage\",\"@id\":\"https:\/\/www.fieldpiece.com\/fr\/produit\/jl3pr-job-link-system-pressure-probe\/\",\"url\":\"https:\/\/www.fieldpiece.com\/fr\/produit\/jl3pr-job-link-system-pressure-probe\/\",\"name\":\"JL3PR - Sonde de pression du syst\u00e8me Job Link\u00ae - Fieldpiece Instruments\",\"isPartOf\":{\"@id\":\"https:\/\/www.fieldpiece.com\/fr\/#website\"},\"primaryImageOfPage\":{\"@id\":\"https:\/\/www.fieldpiece.com\/fr\/produit\/jl3pr-job-link-system-pressure-probe\/#primaryimage\"},\"image\":{\"@id\":\"https:\/\/www.fieldpiece.com\/fr\/produit\/jl3pr-job-link-system-pressure-probe\/#primaryimage\"},\"thumbnailUrl\":\"https:\/\/resources.fieldpiece.com\/wp-content\/uploads\/2021\/01\/JL3-Probes-470x470-02.png\",\"datePublished\":\"2020-11-02T11:31:30+00:00\",\"dateModified\":\"2021-11-22T13:33:48+00:00\",\"breadcrumb\":{\"@id\":\"https:\/\/www.fieldpiece.com\/fr\/produit\/jl3pr-job-link-system-pressure-probe\/#breadcrumb\"},\"inLanguage\":\"fr-FR\",\"potentialAction\":[{\"@type\":\"ReadAction\",\"target\":[\"https:\/\/www.fieldpiece.com\/fr\/produit\/jl3pr-job-link-system-pressure-probe\/\"]}]},{\"@type\":\"ImageObject\",\"inLanguage\":\"fr-FR\",\"@id\":\"https:\/\/www.fieldpiece.com\/fr\/produit\/jl3pr-job-link-system-pressure-probe\/#primaryimage\",\"url\":\"https:\/\/resources.fieldpiece.com\/wp-content\/uploads\/2021\/01\/JL3-Probes-470x470-02.png\",\"contentUrl\":\"https:\/\/resources.fieldpiece.com\/wp-content\/uploads\/2021\/01\/JL3-Probes-470x470-02.png\",\"width\":470,\"height\":470,\"caption\":\"JL3PR Job Link\u00ae Wireless System Pressure Probe\"},{\"@type\":\"BreadcrumbList\",\"@id\":\"https:\/\/www.fieldpiece.com\/fr\/produit\/jl3pr-job-link-system-pressure-probe\/#breadcrumb\",\"itemListElement\":[{\"@type\":\"ListItem\",\"position\":1,\"name\":\"Home\",\"item\":\"https:\/\/www.fieldpiece.com\/fr\/\"},{\"@type\":\"ListItem\",\"position\":2,\"name\":\"Shop\",\"item\":\"https:\/\/www.fieldpiece.com\/shop\/\"},{\"@type\":\"ListItem\",\"position\":3,\"name\":\"JL3PR &#8211; Sonde de pression du syst\u00e8me Job Link\u00ae\"}]},{\"@type\":\"WebSite\",\"@id\":\"https:\/\/www.fieldpiece.com\/fr\/#website\",\"url\":\"https:\/\/www.fieldpiece.com\/fr\/\",\"name\":\"Fieldpiece Instruments\",\"description\":\"\",\"publisher\":{\"@id\":\"https:\/\/www.fieldpiece.com\/fr\/#organization\"},\"potentialAction\":[{\"@type\":\"SearchAction\",\"target\":{\"@type\":\"EntryPoint\",\"urlTemplate\":\"https:\/\/www.fieldpiece.com\/fr\/?s={search_term_string}\"},\"query-input\":{\"@type\":\"PropertyValueSpecification\",\"valueRequired\":true,\"valueName\":\"search_term_string\"}}],\"inLanguage\":\"fr-FR\"},{\"@type\":\"Organization\",\"@id\":\"https:\/\/www.fieldpiece.com\/fr\/#organization\",\"name\":\"Fieldpiece Instruments\",\"url\":\"https:\/\/www.fieldpiece.com\/fr\/\",\"logo\":{\"@type\":\"ImageObject\",\"inLanguage\":\"fr-FR\",\"@id\":\"https:\/\/www.fieldpiece.com\/fr\/#\/schema\/logo\/image\/\",\"url\":\"https:\/\/resources.fieldpiece.com\/wp-content\/uploads\/2021\/02\/Logos-490x358-1.jpg\",\"contentUrl\":\"https:\/\/resources.fieldpiece.com\/wp-content\/uploads\/2021\/02\/Logos-490x358-1.jpg\",\"width\":490,\"height\":358,\"caption\":\"Fieldpiece Instruments\"},\"image\":{\"@id\":\"https:\/\/www.fieldpiece.com\/fr\/#\/schema\/logo\/image\/\"}}]}<\/script>\n<!-- \/ Yoast SEO plugin. -->","yoast_head_json":{"title":"JL3PR - Sonde de pression du syst\u00e8me Job Link\u00ae - Fieldpiece Instruments","robots":{"index":"index","follow":"follow","max-snippet":"max-snippet:-1","max-image-preview":"max-image-preview:large","max-video-preview":"max-video-preview:-1"},"canonical":"https:\/\/www.fieldpiece.com\/fr\/produit\/jl3pr-job-link-system-pressure-probe\/","og_locale":"fr_FR","og_type":"article","og_title":"JL3PR - Sonde de pression du syst\u00e8me Job Link\u00ae - Fieldpiece Instruments","og_description":"Port\u00e9e sans fil puissante de 100\u00a0m (350\u00a0pi) sans n\u00e9cessiter de transmetteur Raccord coud\u00e9 \u00e0 45\u00b0 facilite les connexions dans les ...","og_url":"https:\/\/www.fieldpiece.com\/fr\/produit\/jl3pr-job-link-system-pressure-probe\/","og_site_name":"Fieldpiece Instruments","article_modified_time":"2021-11-22T13:33:48+00:00","og_image":[{"width":470,"height":470,"url":"https:\/\/resources.fieldpiece.com\/wp-content\/uploads\/2021\/01\/JL3-Probes-470x470-02.png","type":"image\/png"}],"twitter_card":"summary_large_image","twitter_misc":{"Dur\u00e9e de lecture estim\u00e9e":"2 minutes"},"schema":{"@context":"https:\/\/schema.org","@graph":[{"@type":"WebPage","@id":"https:\/\/www.fieldpiece.com\/fr\/produit\/jl3pr-job-link-system-pressure-probe\/","url":"https:\/\/www.fieldpiece.com\/fr\/produit\/jl3pr-job-link-system-pressure-probe\/","name":"JL3PR - Sonde de pression du syst\u00e8me Job Link\u00ae - Fieldpiece Instruments","isPartOf":{"@id":"https:\/\/www.fieldpiece.com\/fr\/#website"},"primaryImageOfPage":{"@id":"https:\/\/www.fieldpiece.com\/fr\/produit\/jl3pr-job-link-system-pressure-probe\/#primaryimage"},"image":{"@id":"https:\/\/www.fieldpiece.com\/fr\/produit\/jl3pr-job-link-system-pressure-probe\/#primaryimage"},"thumbnailUrl":"https:\/\/resources.fieldpiece.com\/wp-content\/uploads\/2021\/01\/JL3-Probes-470x470-02.png","datePublished":"2020-11-02T11:31:30+00:00","dateModified":"2021-11-22T13:33:48+00:00","breadcrumb":{"@id":"https:\/\/www.fieldpiece.com\/fr\/produit\/jl3pr-job-link-system-pressure-probe\/#breadcrumb"},"inLanguage":"fr-FR","potentialAction":[{"@type":"ReadAction","target":["https:\/\/www.fieldpiece.com\/fr\/produit\/jl3pr-job-link-system-pressure-probe\/"]}]},{"@type":"ImageObject","inLanguage":"fr-FR","@id":"https:\/\/www.fieldpiece.com\/fr\/produit\/jl3pr-job-link-system-pressure-probe\/#primaryimage","url":"https:\/\/resources.fieldpiece.com\/wp-content\/uploads\/2021\/01\/JL3-Probes-470x470-02.png","contentUrl":"https:\/\/resources.fieldpiece.com\/wp-content\/uploads\/2021\/01\/JL3-Probes-470x470-02.png","width":470,"height":470,"caption":"JL3PR Job Link\u00ae Wireless System Pressure Probe"},{"@type":"BreadcrumbList","@id":"https:\/\/www.fieldpiece.com\/fr\/produit\/jl3pr-job-link-system-pressure-probe\/#breadcrumb","itemListElement":[{"@type":"ListItem","position":1,"name":"Home","item":"https:\/\/www.fieldpiece.com\/fr\/"},{"@type":"ListItem","position":2,"name":"Shop","item":"https:\/\/www.fieldpiece.com\/shop\/"},{"@type":"ListItem","position":3,"name":"JL3PR &#8211; Sonde de pression du syst\u00e8me Job Link\u00ae"}]},{"@type":"WebSite","@id":"https:\/\/www.fieldpiece.com\/fr\/#website","url":"https:\/\/www.fieldpiece.com\/fr\/","name":"Fieldpiece Instruments","description":"","publisher":{"@id":"https:\/\/www.fieldpiece.com\/fr\/#organization"},"potentialAction":[{"@type":"SearchAction","target":{"@type":"EntryPoint","urlTemplate":"https:\/\/www.fieldpiece.com\/fr\/?s={search_term_string}"},"query-input":{"@type":"PropertyValueSpecification","valueRequired":true,"valueName":"search_term_string"}}],"inLanguage":"fr-FR"},{"@type":"Organization","@id":"https:\/\/www.fieldpiece.com\/fr\/#organization","name":"Fieldpiece Instruments","url":"https:\/\/www.fieldpiece.com\/fr\/","logo":{"@type":"ImageObject","inLanguage":"fr-FR","@id":"https:\/\/www.fieldpiece.com\/fr\/#\/schema\/logo\/image\/","url":"https:\/\/resources.fieldpiece.com\/wp-content\/uploads\/2021\/02\/Logos-490x358-1.jpg","contentUrl":"https:\/\/resources.fieldpiece.com\/wp-content\/uploads\/2021\/02\/Logos-490x358-1.jpg","width":490,"height":358,"caption":"Fieldpiece Instruments"},"image":{"@id":"https:\/\/www.fieldpiece.com\/fr\/#\/schema\/logo\/image\/"}}]}},"_links":{"self":[{"href":"https:\/\/www.fieldpiece.com\/fr\/wp-json\/wp\/v2\/product\/29354","targetHints":{"allow":["GET"]}}],"collection":[{"href":"https:\/\/www.fieldpiece.com\/fr\/wp-json\/wp\/v2\/product"}],"about":[{"href":"https:\/\/www.fieldpiece.com\/fr\/wp-json\/wp\/v2\/types\/product"}],"replies":[{"embeddable":true,"href":"https:\/\/www.fieldpiece.com\/fr\/wp-json\/wp\/v2\/comments?post=29354"}],"wp:featuredmedia":[{"embeddable":true,"href":"https:\/\/www.fieldpiece.com\/fr\/wp-json\/wp\/v2\/media\/26893"}],"wp:attachment":[{"href":"https:\/\/www.fieldpiece.com\/fr\/wp-json\/wp\/v2\/media?parent=29354"}],"wp:term":[{"taxonomy":"product_brand","embeddable":true,"href":"https:\/\/www.fieldpiece.com\/fr\/wp-json\/wp\/v2\/product_brand?post=29354"},{"taxonomy":"product_cat","embeddable":true,"href":"https:\/\/www.fieldpiece.com\/fr\/wp-json\/wp\/v2\/product_cat?post=29354"},{"taxonomy":"product_tag","embeddable":true,"href":"https:\/\/www.fieldpiece.com\/fr\/wp-json\/wp\/v2\/product_tag?post=29354"}],"curies":[{"name":"wp","href":"https:\/\/api.w.org\/{rel}","templated":true}]}}