	{"id":29243,"date":"2020-11-02T11:31:50","date_gmt":"2020-11-02T11:31:50","guid":{"rendered":"https:\/\/www.fieldpiece.com\/product\/sc480-wireless-power-clamp-meter\/"},"modified":"2021-11-15T06:14:13","modified_gmt":"2021-11-15T14:14:13","slug":"sc480-wireless-power-clamp-meter","status":"publish","type":"product","link":"https:\/\/www.fieldpiece.com\/fr\/produit\/sc480-wireless-power-clamp-meter\/","title":{"rendered":"Pince multim\u00e8tre sans fil SC480"},"content":{"rendered":"<p>Acc\u00e8s direct sans fil au syst\u00e8me Job Link\u00ae \u00e0 des fins de documentation \u00e9lectrique<br \/>\nFiltre passe-bas pour les variateurs de fr\u00e9quence (VFD)<br \/>\nFils conducteurs de test<br \/>\nMolex pour les circuits de petite taille<br \/>\nTest d&rsquo;alimentation triphas\u00e9e avec deux fils conducteurs<br \/>\nNorme de s\u00e9curit\u00e9 CAT IV &#8211; 600V\/CAT III &#8211; 1\u00a0000\u00a0V  <\/p>\n<p>Testez l&rsquo;\u00e9quipement \u00e9lectrique CVCR au moyen des fonctionnalit\u00e9s de rotation de phase, MQ r\u00e9elle et courant d&rsquo;appel. En outre, connexion directe \u00e0 l&rsquo;application du syst\u00e8me Job Link\u00ae pour documenter les relev\u00e9s \u00e9lectriques.<\/p>\n<p><strong>Tests \u00e9lectriques des \u00e9quipements de CVCR<\/strong><br \/>\nMesures de MQ r\u00e9elle par l&rsquo;interm\u00e9diaire de la pince ou des fils conducteurs Mode de courant d&rsquo;appel permettant de capturer l&rsquo;intensit\u00e9 du courant au d\u00e9marrage.<\/p>\n<p><strong>Test d&rsquo;alimentation triphas\u00e9e avec seulement deux fils conducteurs<\/strong><br \/>\nUn fil conducteur de test \u00e0 pince crocodile (inclus) raccord\u00e9 \u00e0 L1 vous permet de d\u00e9terminer la rotation de phase d&rsquo;une seule main.<\/p>\n<p><strong>Exactitude de tension des variateurs de fr\u00e9quence (VFD)<\/strong><br \/>\nFiltre passe-bas pour supprimer le bruit et obtenir la tension r\u00e9elle.<\/p>\n<p><strong>Capacit\u00e9<\/strong><br \/>\nTestez les d\u00e9marrages de moteur et les condensateurs de marche douteux. D\u00e9terminez si un condensateur doit \u00eatre remplac\u00e9.<\/p>\n<p><strong>Fils conducteurs de test Molex<\/strong><br \/>\nRemplacez vos embouts de fil conducteur standard par des embouts Molex extra fins pour obtenir des relev\u00e9s sur des circuits difficiles d&rsquo;acc\u00e8s.<\/p>\n<p><strong>Support magn\u00e9tique<\/strong><br \/>\nLa sangle de suspension se d\u00e9ploie pour maintenir le multim\u00e8tre en place.<\/p>\n<p><strong>Et bien plus encore<\/strong><\/p>\n<ul>\n<li>Compatible avec l&rsquo;application Job Link<\/li>\n<li>\u00b0C et \u00b0F<\/li>\n<li>M\u00e9morisation\/Max.\/Min.<\/li>\n<li>LED d&rsquo;avertissement de haute tension<\/li>\n<li>et signal sonore <\/li>\n<li>D\u00e9tection de tension sans contact<\/li>\n<li>LED et signal sonore de<\/li>\n<li>LED et signal sonore de continuit\u00e9<\/li>\n<li>Test des diodes<\/li>\n<li>\u00c9talonnage facile de la temp\u00e9rature<\/li>\n<li>Microamp\u00e8res CC<\/li>\n<li>Fr\u00e9quence (Hz) par la pince<\/li>\n<li>Plage d&rsquo;ohms faible pour les enroulements de moteur<\/li>\n<li>CATIII 1\u00a0000\u00a0V<\/li>\n<li>CATIV 600\u00a0V<\/li>\n<li>R\u00e9solution 0,01\u00a0ACA<\/li>\n<li>Affichage r\u00e9tro-\u00e9clair\u00e9<\/li>\n<li>Arr\u00eat automatique<\/li>\n<\/ul>\n<p>Inclus\u00a0: <\/p>\n<ul>\n<li>SC480<\/li>\n<li>Thermocouple ATB1<\/li>\n<li>Fils conducteurs \u00e0 pince crocodile ASA2<\/li>\n<li>Fils conducteurs en silicone ADLS2<\/li>\n<li>\u00c9tui rembourr\u00e9 ANC12<\/li>\n<li>Embouts Molex RCT2<\/li>\n<\/ul>\n","protected":false},"excerpt":{"rendered":"<p>Acc\u00e8s direct sans fil au syst\u00e8me Job Link\u00ae \u00e0 des fins de documentation \u00e9lectrique Filtre passe-bas pour les variateurs de &#8230;<\/p>\n","protected":false},"featured_media":29245,"comment_status":"open","ping_status":"closed","template":"","meta":{"_acf_changed":false},"product_brand":[],"product_cat":[131,219,130,208],"product_tag":[],"class_list":{"0":"post-29243","1":"product","2":"type-product","3":"status-publish","4":"has-post-thumbnail","6":"product_cat-electrical-meters-fr-2","7":"product_cat-meters-fr","8":"product_cat-clamp-meters-fr-2","9":"product_cat-job-link-system","11":"first","12":"instock","13":"shipping-taxable","14":"product-type-simple"},"acf":[],"yoast_head":"<!-- This site is optimized with the Yoast SEO plugin v27.2 - https:\/\/yoast.com\/product\/yoast-seo-wordpress\/ -->\n<title>Pince multim\u00e8tre sans fil SC480 - Fieldpiece Instruments<\/title>\n<meta name=\"robots\" content=\"index, follow, max-snippet:-1, max-image-preview:large, max-video-preview:-1\" \/>\n<link rel=\"canonical\" href=\"https:\/\/www.fieldpiece.com\/fr\/produit\/sc480-wireless-power-clamp-meter\/\" \/>\n<meta property=\"og:locale\" content=\"fr_FR\" \/>\n<meta property=\"og:type\" content=\"article\" \/>\n<meta property=\"og:title\" content=\"Pince multim\u00e8tre sans fil SC480 - Fieldpiece Instruments\" \/>\n<meta property=\"og:description\" content=\"Acc\u00e8s direct sans fil au syst\u00e8me Job Link\u00ae \u00e0 des fins de documentation \u00e9lectrique Filtre passe-bas pour les variateurs de ...\" \/>\n<meta property=\"og:url\" content=\"https:\/\/www.fieldpiece.com\/fr\/produit\/sc480-wireless-power-clamp-meter\/\" \/>\n<meta property=\"og:site_name\" content=\"Fieldpiece Instruments\" \/>\n<meta property=\"article:modified_time\" content=\"2021-11-15T14:14:13+00:00\" \/>\n<meta property=\"og:image\" content=\"https:\/\/resources.fieldpiece.com\/wp-content\/uploads\/2021\/01\/SC480-SRC-Product.png\" \/>\n\t<meta property=\"og:image:width\" content=\"470\" \/>\n\t<meta property=\"og:image:height\" content=\"470\" \/>\n\t<meta property=\"og:image:type\" content=\"image\/png\" \/>\n<meta name=\"twitter:card\" content=\"summary_large_image\" \/>\n<meta name=\"twitter:label1\" content=\"Dur\u00e9e de lecture estim\u00e9e\" \/>\n\t<meta name=\"twitter:data1\" content=\"2 minutes\" \/>\n<script type=\"application\/ld+json\" class=\"yoast-schema-graph\">{\"@context\":\"https:\/\/schema.org\",\"@graph\":[{\"@type\":\"WebPage\",\"@id\":\"https:\/\/www.fieldpiece.com\/fr\/produit\/sc480-wireless-power-clamp-meter\/\",\"url\":\"https:\/\/www.fieldpiece.com\/fr\/produit\/sc480-wireless-power-clamp-meter\/\",\"name\":\"Pince multim\u00e8tre sans fil SC480 - Fieldpiece Instruments\",\"isPartOf\":{\"@id\":\"https:\/\/www.fieldpiece.com\/fr\/#website\"},\"primaryImageOfPage\":{\"@id\":\"https:\/\/www.fieldpiece.com\/fr\/produit\/sc480-wireless-power-clamp-meter\/#primaryimage\"},\"image\":{\"@id\":\"https:\/\/www.fieldpiece.com\/fr\/produit\/sc480-wireless-power-clamp-meter\/#primaryimage\"},\"thumbnailUrl\":\"https:\/\/resources.fieldpiece.com\/wp-content\/uploads\/2021\/01\/SC480-SRC-Product.png\",\"datePublished\":\"2020-11-02T11:31:50+00:00\",\"dateModified\":\"2021-11-15T14:14:13+00:00\",\"breadcrumb\":{\"@id\":\"https:\/\/www.fieldpiece.com\/fr\/produit\/sc480-wireless-power-clamp-meter\/#breadcrumb\"},\"inLanguage\":\"fr-FR\",\"potentialAction\":[{\"@type\":\"ReadAction\",\"target\":[\"https:\/\/www.fieldpiece.com\/fr\/produit\/sc480-wireless-power-clamp-meter\/\"]}]},{\"@type\":\"ImageObject\",\"inLanguage\":\"fr-FR\",\"@id\":\"https:\/\/www.fieldpiece.com\/fr\/produit\/sc480-wireless-power-clamp-meter\/#primaryimage\",\"url\":\"https:\/\/resources.fieldpiece.com\/wp-content\/uploads\/2021\/01\/SC480-SRC-Product.png\",\"contentUrl\":\"https:\/\/resources.fieldpiece.com\/wp-content\/uploads\/2021\/01\/SC480-SRC-Product.png\",\"width\":470,\"height\":470,\"caption\":\"SC480 - 600A Wireless Power Clamp Meter\"},{\"@type\":\"BreadcrumbList\",\"@id\":\"https:\/\/www.fieldpiece.com\/fr\/produit\/sc480-wireless-power-clamp-meter\/#breadcrumb\",\"itemListElement\":[{\"@type\":\"ListItem\",\"position\":1,\"name\":\"Home\",\"item\":\"https:\/\/www.fieldpiece.com\/fr\/\"},{\"@type\":\"ListItem\",\"position\":2,\"name\":\"Shop\",\"item\":\"https:\/\/www.fieldpiece.com\/shop\/\"},{\"@type\":\"ListItem\",\"position\":3,\"name\":\"Pince multim\u00e8tre sans fil SC480\"}]},{\"@type\":\"WebSite\",\"@id\":\"https:\/\/www.fieldpiece.com\/fr\/#website\",\"url\":\"https:\/\/www.fieldpiece.com\/fr\/\",\"name\":\"Fieldpiece Instruments\",\"description\":\"\",\"publisher\":{\"@id\":\"https:\/\/www.fieldpiece.com\/fr\/#organization\"},\"potentialAction\":[{\"@type\":\"SearchAction\",\"target\":{\"@type\":\"EntryPoint\",\"urlTemplate\":\"https:\/\/www.fieldpiece.com\/fr\/?s={search_term_string}\"},\"query-input\":{\"@type\":\"PropertyValueSpecification\",\"valueRequired\":true,\"valueName\":\"search_term_string\"}}],\"inLanguage\":\"fr-FR\"},{\"@type\":\"Organization\",\"@id\":\"https:\/\/www.fieldpiece.com\/fr\/#organization\",\"name\":\"Fieldpiece Instruments\",\"url\":\"https:\/\/www.fieldpiece.com\/fr\/\",\"logo\":{\"@type\":\"ImageObject\",\"inLanguage\":\"fr-FR\",\"@id\":\"https:\/\/www.fieldpiece.com\/fr\/#\/schema\/logo\/image\/\",\"url\":\"https:\/\/resources.fieldpiece.com\/wp-content\/uploads\/2021\/02\/Logos-490x358-1.jpg\",\"contentUrl\":\"https:\/\/resources.fieldpiece.com\/wp-content\/uploads\/2021\/02\/Logos-490x358-1.jpg\",\"width\":490,\"height\":358,\"caption\":\"Fieldpiece Instruments\"},\"image\":{\"@id\":\"https:\/\/www.fieldpiece.com\/fr\/#\/schema\/logo\/image\/\"}}]}<\/script>\n<!-- \/ Yoast SEO plugin. -->","yoast_head_json":{"title":"Pince multim\u00e8tre sans fil SC480 - Fieldpiece Instruments","robots":{"index":"index","follow":"follow","max-snippet":"max-snippet:-1","max-image-preview":"max-image-preview:large","max-video-preview":"max-video-preview:-1"},"canonical":"https:\/\/www.fieldpiece.com\/fr\/produit\/sc480-wireless-power-clamp-meter\/","og_locale":"fr_FR","og_type":"article","og_title":"Pince multim\u00e8tre sans fil SC480 - Fieldpiece Instruments","og_description":"Acc\u00e8s direct sans fil au syst\u00e8me Job Link\u00ae \u00e0 des fins de documentation \u00e9lectrique Filtre passe-bas pour les variateurs de ...","og_url":"https:\/\/www.fieldpiece.com\/fr\/produit\/sc480-wireless-power-clamp-meter\/","og_site_name":"Fieldpiece Instruments","article_modified_time":"2021-11-15T14:14:13+00:00","og_image":[{"width":470,"height":470,"url":"https:\/\/resources.fieldpiece.com\/wp-content\/uploads\/2021\/01\/SC480-SRC-Product.png","type":"image\/png"}],"twitter_card":"summary_large_image","twitter_misc":{"Dur\u00e9e de lecture estim\u00e9e":"2 minutes"},"schema":{"@context":"https:\/\/schema.org","@graph":[{"@type":"WebPage","@id":"https:\/\/www.fieldpiece.com\/fr\/produit\/sc480-wireless-power-clamp-meter\/","url":"https:\/\/www.fieldpiece.com\/fr\/produit\/sc480-wireless-power-clamp-meter\/","name":"Pince multim\u00e8tre sans fil SC480 - Fieldpiece Instruments","isPartOf":{"@id":"https:\/\/www.fieldpiece.com\/fr\/#website"},"primaryImageOfPage":{"@id":"https:\/\/www.fieldpiece.com\/fr\/produit\/sc480-wireless-power-clamp-meter\/#primaryimage"},"image":{"@id":"https:\/\/www.fieldpiece.com\/fr\/produit\/sc480-wireless-power-clamp-meter\/#primaryimage"},"thumbnailUrl":"https:\/\/resources.fieldpiece.com\/wp-content\/uploads\/2021\/01\/SC480-SRC-Product.png","datePublished":"2020-11-02T11:31:50+00:00","dateModified":"2021-11-15T14:14:13+00:00","breadcrumb":{"@id":"https:\/\/www.fieldpiece.com\/fr\/produit\/sc480-wireless-power-clamp-meter\/#breadcrumb"},"inLanguage":"fr-FR","potentialAction":[{"@type":"ReadAction","target":["https:\/\/www.fieldpiece.com\/fr\/produit\/sc480-wireless-power-clamp-meter\/"]}]},{"@type":"ImageObject","inLanguage":"fr-FR","@id":"https:\/\/www.fieldpiece.com\/fr\/produit\/sc480-wireless-power-clamp-meter\/#primaryimage","url":"https:\/\/resources.fieldpiece.com\/wp-content\/uploads\/2021\/01\/SC480-SRC-Product.png","contentUrl":"https:\/\/resources.fieldpiece.com\/wp-content\/uploads\/2021\/01\/SC480-SRC-Product.png","width":470,"height":470,"caption":"SC480 - 600A Wireless Power Clamp Meter"},{"@type":"BreadcrumbList","@id":"https:\/\/www.fieldpiece.com\/fr\/produit\/sc480-wireless-power-clamp-meter\/#breadcrumb","itemListElement":[{"@type":"ListItem","position":1,"name":"Home","item":"https:\/\/www.fieldpiece.com\/fr\/"},{"@type":"ListItem","position":2,"name":"Shop","item":"https:\/\/www.fieldpiece.com\/shop\/"},{"@type":"ListItem","position":3,"name":"Pince multim\u00e8tre sans fil SC480"}]},{"@type":"WebSite","@id":"https:\/\/www.fieldpiece.com\/fr\/#website","url":"https:\/\/www.fieldpiece.com\/fr\/","name":"Fieldpiece Instruments","description":"","publisher":{"@id":"https:\/\/www.fieldpiece.com\/fr\/#organization"},"potentialAction":[{"@type":"SearchAction","target":{"@type":"EntryPoint","urlTemplate":"https:\/\/www.fieldpiece.com\/fr\/?s={search_term_string}"},"query-input":{"@type":"PropertyValueSpecification","valueRequired":true,"valueName":"search_term_string"}}],"inLanguage":"fr-FR"},{"@type":"Organization","@id":"https:\/\/www.fieldpiece.com\/fr\/#organization","name":"Fieldpiece Instruments","url":"https:\/\/www.fieldpiece.com\/fr\/","logo":{"@type":"ImageObject","inLanguage":"fr-FR","@id":"https:\/\/www.fieldpiece.com\/fr\/#\/schema\/logo\/image\/","url":"https:\/\/resources.fieldpiece.com\/wp-content\/uploads\/2021\/02\/Logos-490x358-1.jpg","contentUrl":"https:\/\/resources.fieldpiece.com\/wp-content\/uploads\/2021\/02\/Logos-490x358-1.jpg","width":490,"height":358,"caption":"Fieldpiece Instruments"},"image":{"@id":"https:\/\/www.fieldpiece.com\/fr\/#\/schema\/logo\/image\/"}}]}},"_links":{"self":[{"href":"https:\/\/www.fieldpiece.com\/fr\/wp-json\/wp\/v2\/product\/29243","targetHints":{"allow":["GET"]}}],"collection":[{"href":"https:\/\/www.fieldpiece.com\/fr\/wp-json\/wp\/v2\/product"}],"about":[{"href":"https:\/\/www.fieldpiece.com\/fr\/wp-json\/wp\/v2\/types\/product"}],"replies":[{"embeddable":true,"href":"https:\/\/www.fieldpiece.com\/fr\/wp-json\/wp\/v2\/comments?post=29243"}],"wp:featuredmedia":[{"embeddable":true,"href":"https:\/\/www.fieldpiece.com\/fr\/wp-json\/wp\/v2\/media\/29245"}],"wp:attachment":[{"href":"https:\/\/www.fieldpiece.com\/fr\/wp-json\/wp\/v2\/media?parent=29243"}],"wp:term":[{"taxonomy":"product_brand","embeddable":true,"href":"https:\/\/www.fieldpiece.com\/fr\/wp-json\/wp\/v2\/product_brand?post=29243"},{"taxonomy":"product_cat","embeddable":true,"href":"https:\/\/www.fieldpiece.com\/fr\/wp-json\/wp\/v2\/product_cat?post=29243"},{"taxonomy":"product_tag","embeddable":true,"href":"https:\/\/www.fieldpiece.com\/fr\/wp-json\/wp\/v2\/product_tag?post=29243"}],"curies":[{"name":"wp","href":"https:\/\/api.w.org\/{rel}","templated":true}]}}