	{"id":29190,"date":"2020-11-02T11:30:32","date_gmt":"2020-11-02T11:30:32","guid":{"rendered":"https:\/\/www.fieldpiece.com\/product\/srs3-wireless-refrigerant-scale\/"},"modified":"2022-01-03T06:41:02","modified_gmt":"2022-01-03T14:41:02","slug":"srs3-wireless-refrigerant-scale","status":"publish","type":"product","link":"https:\/\/www.fieldpiece.com\/fr\/produit\/srs3-wireless-refrigerant-scale\/","title":{"rendered":"SRS3 \u2013 Balance sans fil pour fluide frigorig\u00e8ne"},"content":{"rendered":"<p>Connexion sans fil \u00e0 l&rsquo;application du syst\u00e8me Job Link\u00ae* et aux manifolds sans fil (SM380V et SM480V)<br \/>\n114\u00a0kg (252 lb)<br \/>\nR\u00e9sistant \u00e0 l&rsquo;eau<br \/>\nAutonomie de la batterie de plate-forme de 200\u00a0heures <\/p>\n<p>La balance sans fil pour fluide frigorig\u00e8ne SRS3 tire le meilleur parti de la technologie \u00e9lectronique sans fil de pointe et des mat\u00e9riaux robustes pour assurer des performances \u00e0 la hauteur de vos attentes. Ses parois en aluminium \u00e9pais maintiennent la pr\u00e9cision durant toute la vie du produit. Les plaquettes et amortisseurs prot\u00e8gent le r\u00e9servoir et la balance. Un nouveau protocole sans fil permet de transmettre les relev\u00e9s de la plate-forme vers l&rsquo;affichage \u00e0 distance inclus ainsi que vers l&rsquo;application mobile du syst\u00e8me Job Link\u00ae Fieldpiece. Les mesures de poids sont consultables \u00e9galement \u00e0 distance depuis les manifolds de fluide frigorig\u00e8ne <strong><a href=\"https:\/\/www.fieldpiece.com\/fr\/produit\/sm380v-wireless-3-port-sman-refrigerant-manifold-and-micron-gauge\/\">SM380V<\/a><\/strong> et <strong><a href=\"https:\/\/www.fieldpiece.com\/fr\/produit\/sm480v-wireless-4-port-sman-refrigerant-manifold-and-micron-gauge\/\">SM480V<\/a><\/strong>.<\/p>\n<p>L&rsquo;\u00e9lectronique de la plate-forme est scell\u00e9e afin de bloquer l&rsquo;humidit\u00e9 due \u00e0 la pluie et aux \u00e9claboussures. Suspendez le moniteur \u00e0 distance sur un condenseur ou toute autre surface m\u00e9tallique permettant une lecture commode. Gr\u00e2ce \u00e0 son rabat pliant aimant\u00e9, il restera bien \u00e0 l&rsquo;endroit o\u00f9 vous le placerez.<\/p>\n<p>Utilisez la balance sans fil SRS3 avec la poign\u00e9e incluse ou l&rsquo;application du syst\u00e8me mobile Job Link.\u00a0 Gr\u00e2ce \u00e0 Job Link, vous pouvez recevoir les mesures de poids en temps r\u00e9el directement sur votre appareil mobile.\u00a0 Enregistrez le poids dans votre syst\u00e8me mobile Job Link, documentez l&rsquo;utilisation de fluide frigorig\u00e8ne ou surveillez le poids \u00e0 distance.\u00a0 La poign\u00e9e a une port\u00e9e sans fil de 30\u00a0m (100\u00a0pi)\u00a0; le syst\u00e8me Job Link a une port\u00e9e mobile de (75\u00a0m (250\u00a0pi).<\/p>\n<ul>\n<li>Connexion \u00e0 l&rsquo;application mobile du syst\u00e8me Job Link*\n<ul>\n<li>Transmettez les poids en temps r\u00e9el directement \u00e0 votre dispositif<\/li>\n<li>Enregistrez et documentez l&rsquo;utilisation du fluide frigorig\u00e8ne<\/li>\n<li><a href=\"http:\/\/www.fieldpiecejoblink.com\/#pricing\">Cliquez ici pour en savoir plus sur Job Link Free et Job Link Pro<\/a><\/li>\n<\/ul>\n<\/li>\n<li>Longue port\u00e9e sans fil<\/li>\n<li>Pare-chocs sup\u00e9rieurs plats permettant de tenir de plus gros bidons<\/li>\n<li>Charge maximale\u00a0: 114\u00a0kg (252\u00a0lb)<\/li>\n<li>Affichage des unit\u00e9s selon la pr\u00e9f\u00e9rence\n<ul>\n<li>Livres et onces<\/li>\n<li>Livres uniquement<\/li>\n<li>Onces uniquement<\/li>\n<li>Kilogrammes et grammes<\/li>\n<li>Kilogrammes uniquement<\/li>\n<li>Grammes uniquement<\/li>\n<\/ul>\n<\/li>\n<\/ul>\n<p>*\u00a0L&rsquo;ancien modele de la balance sans fil, SRS2C, ne fonctionne pas avec l&rsquo;application du syst\u00e8me Job Link\u00a0; seule la SRS3 est compatible.<\/p>\n<p>Inclus\u00a0:<\/p>\n<ul>\n<li>Balance sans fil pour fluide frigorig\u00e8ne &#8211; SRS3<\/li>\n<li>Plate-forme et t\u00e9l\u00e9commande<\/li>\n<li>\u00c9tui en nylon robuste avec sangle de transport<\/li>\n<li>Pile standard de 9\u00a0volts install\u00e9e dans la t\u00e9l\u00e9commande<\/li>\n<li>6 piles AA install\u00e9es dans la plate-forme<\/li>\n<li>Manuel d\u2019utilisation<\/li>\n<\/ul>\n","protected":false},"excerpt":{"rendered":"<p>Connexion sans fil \u00e0 l&rsquo;application du syst\u00e8me Job Link\u00ae* et aux manifolds sans fil (SM380V et SM480V) 114\u00a0kg (252 lb) &#8230;<\/p>\n","protected":false},"featured_media":29198,"comment_status":"open","ping_status":"closed","template":"","meta":{"_acf_changed":false},"product_brand":[],"product_cat":[92],"product_tag":[],"class_list":{"0":"post-29190","1":"product","2":"type-product","3":"status-publish","4":"has-post-thumbnail","6":"product_cat-non-classifiee","8":"first","9":"instock","10":"shipping-taxable","11":"product-type-simple"},"acf":[],"yoast_head":"<!-- This site is optimized with the Yoast SEO plugin v27.2 - https:\/\/yoast.com\/product\/yoast-seo-wordpress\/ -->\n<title>SRS3 \u2013 Balance sans fil pour fluide frigorig\u00e8ne - Fieldpiece Instruments<\/title>\n<meta name=\"robots\" content=\"index, follow, max-snippet:-1, max-image-preview:large, max-video-preview:-1\" \/>\n<link rel=\"canonical\" href=\"https:\/\/www.fieldpiece.com\/fr\/produit\/srs3-wireless-refrigerant-scale\/\" \/>\n<meta property=\"og:locale\" content=\"fr_FR\" \/>\n<meta property=\"og:type\" content=\"article\" \/>\n<meta property=\"og:title\" content=\"SRS3 \u2013 Balance sans fil pour fluide frigorig\u00e8ne - Fieldpiece Instruments\" \/>\n<meta property=\"og:description\" content=\"Connexion sans fil \u00e0 l&rsquo;application du syst\u00e8me Job Link\u00ae* et aux manifolds sans fil (SM380V et SM480V) 114\u00a0kg (252 lb) ...\" \/>\n<meta property=\"og:url\" content=\"https:\/\/www.fieldpiece.com\/fr\/produit\/srs3-wireless-refrigerant-scale\/\" \/>\n<meta property=\"og:site_name\" content=\"Fieldpiece Instruments\" \/>\n<meta property=\"article:modified_time\" content=\"2022-01-03T14:41:02+00:00\" \/>\n<meta property=\"og:image\" content=\"https:\/\/resources.fieldpiece.com\/wp-content\/uploads\/2021\/01\/SRS3-SRC-Product.png\" \/>\n\t<meta property=\"og:image:width\" content=\"470\" \/>\n\t<meta property=\"og:image:height\" content=\"470\" \/>\n\t<meta property=\"og:image:type\" content=\"image\/png\" \/>\n<meta name=\"twitter:card\" content=\"summary_large_image\" \/>\n<meta name=\"twitter:label1\" content=\"Dur\u00e9e de lecture estim\u00e9e\" \/>\n\t<meta name=\"twitter:data1\" content=\"2 minutes\" \/>\n<script type=\"application\/ld+json\" class=\"yoast-schema-graph\">{\"@context\":\"https:\/\/schema.org\",\"@graph\":[{\"@type\":\"WebPage\",\"@id\":\"https:\/\/www.fieldpiece.com\/fr\/produit\/srs3-wireless-refrigerant-scale\/\",\"url\":\"https:\/\/www.fieldpiece.com\/fr\/produit\/srs3-wireless-refrigerant-scale\/\",\"name\":\"SRS3 \u2013 Balance sans fil pour fluide frigorig\u00e8ne - Fieldpiece Instruments\",\"isPartOf\":{\"@id\":\"https:\/\/www.fieldpiece.com\/fr\/#website\"},\"primaryImageOfPage\":{\"@id\":\"https:\/\/www.fieldpiece.com\/fr\/produit\/srs3-wireless-refrigerant-scale\/#primaryimage\"},\"image\":{\"@id\":\"https:\/\/www.fieldpiece.com\/fr\/produit\/srs3-wireless-refrigerant-scale\/#primaryimage\"},\"thumbnailUrl\":\"https:\/\/resources.fieldpiece.com\/wp-content\/uploads\/2021\/01\/SRS3-SRC-Product.png\",\"datePublished\":\"2020-11-02T11:30:32+00:00\",\"dateModified\":\"2022-01-03T14:41:02+00:00\",\"breadcrumb\":{\"@id\":\"https:\/\/www.fieldpiece.com\/fr\/produit\/srs3-wireless-refrigerant-scale\/#breadcrumb\"},\"inLanguage\":\"fr-FR\",\"potentialAction\":[{\"@type\":\"ReadAction\",\"target\":[\"https:\/\/www.fieldpiece.com\/fr\/produit\/srs3-wireless-refrigerant-scale\/\"]}]},{\"@type\":\"ImageObject\",\"inLanguage\":\"fr-FR\",\"@id\":\"https:\/\/www.fieldpiece.com\/fr\/produit\/srs3-wireless-refrigerant-scale\/#primaryimage\",\"url\":\"https:\/\/resources.fieldpiece.com\/wp-content\/uploads\/2021\/01\/SRS3-SRC-Product.png\",\"contentUrl\":\"https:\/\/resources.fieldpiece.com\/wp-content\/uploads\/2021\/01\/SRS3-SRC-Product.png\",\"width\":470,\"height\":470,\"caption\":\"SRS3 Wireless Refrigerant Scale\"},{\"@type\":\"BreadcrumbList\",\"@id\":\"https:\/\/www.fieldpiece.com\/fr\/produit\/srs3-wireless-refrigerant-scale\/#breadcrumb\",\"itemListElement\":[{\"@type\":\"ListItem\",\"position\":1,\"name\":\"Home\",\"item\":\"https:\/\/www.fieldpiece.com\/fr\/\"},{\"@type\":\"ListItem\",\"position\":2,\"name\":\"Shop\",\"item\":\"https:\/\/www.fieldpiece.com\/shop\/\"},{\"@type\":\"ListItem\",\"position\":3,\"name\":\"SRS3 \u2013 Balance sans fil pour fluide frigorig\u00e8ne\"}]},{\"@type\":\"WebSite\",\"@id\":\"https:\/\/www.fieldpiece.com\/fr\/#website\",\"url\":\"https:\/\/www.fieldpiece.com\/fr\/\",\"name\":\"Fieldpiece Instruments\",\"description\":\"\",\"publisher\":{\"@id\":\"https:\/\/www.fieldpiece.com\/fr\/#organization\"},\"potentialAction\":[{\"@type\":\"SearchAction\",\"target\":{\"@type\":\"EntryPoint\",\"urlTemplate\":\"https:\/\/www.fieldpiece.com\/fr\/?s={search_term_string}\"},\"query-input\":{\"@type\":\"PropertyValueSpecification\",\"valueRequired\":true,\"valueName\":\"search_term_string\"}}],\"inLanguage\":\"fr-FR\"},{\"@type\":\"Organization\",\"@id\":\"https:\/\/www.fieldpiece.com\/fr\/#organization\",\"name\":\"Fieldpiece Instruments\",\"url\":\"https:\/\/www.fieldpiece.com\/fr\/\",\"logo\":{\"@type\":\"ImageObject\",\"inLanguage\":\"fr-FR\",\"@id\":\"https:\/\/www.fieldpiece.com\/fr\/#\/schema\/logo\/image\/\",\"url\":\"https:\/\/resources.fieldpiece.com\/wp-content\/uploads\/2021\/02\/Logos-490x358-1.jpg\",\"contentUrl\":\"https:\/\/resources.fieldpiece.com\/wp-content\/uploads\/2021\/02\/Logos-490x358-1.jpg\",\"width\":490,\"height\":358,\"caption\":\"Fieldpiece Instruments\"},\"image\":{\"@id\":\"https:\/\/www.fieldpiece.com\/fr\/#\/schema\/logo\/image\/\"}}]}<\/script>\n<!-- \/ Yoast SEO plugin. -->","yoast_head_json":{"title":"SRS3 \u2013 Balance sans fil pour fluide frigorig\u00e8ne - Fieldpiece Instruments","robots":{"index":"index","follow":"follow","max-snippet":"max-snippet:-1","max-image-preview":"max-image-preview:large","max-video-preview":"max-video-preview:-1"},"canonical":"https:\/\/www.fieldpiece.com\/fr\/produit\/srs3-wireless-refrigerant-scale\/","og_locale":"fr_FR","og_type":"article","og_title":"SRS3 \u2013 Balance sans fil pour fluide frigorig\u00e8ne - Fieldpiece Instruments","og_description":"Connexion sans fil \u00e0 l&rsquo;application du syst\u00e8me Job Link\u00ae* et aux manifolds sans fil (SM380V et SM480V) 114\u00a0kg (252 lb) ...","og_url":"https:\/\/www.fieldpiece.com\/fr\/produit\/srs3-wireless-refrigerant-scale\/","og_site_name":"Fieldpiece Instruments","article_modified_time":"2022-01-03T14:41:02+00:00","og_image":[{"width":470,"height":470,"url":"https:\/\/resources.fieldpiece.com\/wp-content\/uploads\/2021\/01\/SRS3-SRC-Product.png","type":"image\/png"}],"twitter_card":"summary_large_image","twitter_misc":{"Dur\u00e9e de lecture estim\u00e9e":"2 minutes"},"schema":{"@context":"https:\/\/schema.org","@graph":[{"@type":"WebPage","@id":"https:\/\/www.fieldpiece.com\/fr\/produit\/srs3-wireless-refrigerant-scale\/","url":"https:\/\/www.fieldpiece.com\/fr\/produit\/srs3-wireless-refrigerant-scale\/","name":"SRS3 \u2013 Balance sans fil pour fluide frigorig\u00e8ne - Fieldpiece Instruments","isPartOf":{"@id":"https:\/\/www.fieldpiece.com\/fr\/#website"},"primaryImageOfPage":{"@id":"https:\/\/www.fieldpiece.com\/fr\/produit\/srs3-wireless-refrigerant-scale\/#primaryimage"},"image":{"@id":"https:\/\/www.fieldpiece.com\/fr\/produit\/srs3-wireless-refrigerant-scale\/#primaryimage"},"thumbnailUrl":"https:\/\/resources.fieldpiece.com\/wp-content\/uploads\/2021\/01\/SRS3-SRC-Product.png","datePublished":"2020-11-02T11:30:32+00:00","dateModified":"2022-01-03T14:41:02+00:00","breadcrumb":{"@id":"https:\/\/www.fieldpiece.com\/fr\/produit\/srs3-wireless-refrigerant-scale\/#breadcrumb"},"inLanguage":"fr-FR","potentialAction":[{"@type":"ReadAction","target":["https:\/\/www.fieldpiece.com\/fr\/produit\/srs3-wireless-refrigerant-scale\/"]}]},{"@type":"ImageObject","inLanguage":"fr-FR","@id":"https:\/\/www.fieldpiece.com\/fr\/produit\/srs3-wireless-refrigerant-scale\/#primaryimage","url":"https:\/\/resources.fieldpiece.com\/wp-content\/uploads\/2021\/01\/SRS3-SRC-Product.png","contentUrl":"https:\/\/resources.fieldpiece.com\/wp-content\/uploads\/2021\/01\/SRS3-SRC-Product.png","width":470,"height":470,"caption":"SRS3 Wireless Refrigerant Scale"},{"@type":"BreadcrumbList","@id":"https:\/\/www.fieldpiece.com\/fr\/produit\/srs3-wireless-refrigerant-scale\/#breadcrumb","itemListElement":[{"@type":"ListItem","position":1,"name":"Home","item":"https:\/\/www.fieldpiece.com\/fr\/"},{"@type":"ListItem","position":2,"name":"Shop","item":"https:\/\/www.fieldpiece.com\/shop\/"},{"@type":"ListItem","position":3,"name":"SRS3 \u2013 Balance sans fil pour fluide frigorig\u00e8ne"}]},{"@type":"WebSite","@id":"https:\/\/www.fieldpiece.com\/fr\/#website","url":"https:\/\/www.fieldpiece.com\/fr\/","name":"Fieldpiece Instruments","description":"","publisher":{"@id":"https:\/\/www.fieldpiece.com\/fr\/#organization"},"potentialAction":[{"@type":"SearchAction","target":{"@type":"EntryPoint","urlTemplate":"https:\/\/www.fieldpiece.com\/fr\/?s={search_term_string}"},"query-input":{"@type":"PropertyValueSpecification","valueRequired":true,"valueName":"search_term_string"}}],"inLanguage":"fr-FR"},{"@type":"Organization","@id":"https:\/\/www.fieldpiece.com\/fr\/#organization","name":"Fieldpiece Instruments","url":"https:\/\/www.fieldpiece.com\/fr\/","logo":{"@type":"ImageObject","inLanguage":"fr-FR","@id":"https:\/\/www.fieldpiece.com\/fr\/#\/schema\/logo\/image\/","url":"https:\/\/resources.fieldpiece.com\/wp-content\/uploads\/2021\/02\/Logos-490x358-1.jpg","contentUrl":"https:\/\/resources.fieldpiece.com\/wp-content\/uploads\/2021\/02\/Logos-490x358-1.jpg","width":490,"height":358,"caption":"Fieldpiece Instruments"},"image":{"@id":"https:\/\/www.fieldpiece.com\/fr\/#\/schema\/logo\/image\/"}}]}},"_links":{"self":[{"href":"https:\/\/www.fieldpiece.com\/fr\/wp-json\/wp\/v2\/product\/29190","targetHints":{"allow":["GET"]}}],"collection":[{"href":"https:\/\/www.fieldpiece.com\/fr\/wp-json\/wp\/v2\/product"}],"about":[{"href":"https:\/\/www.fieldpiece.com\/fr\/wp-json\/wp\/v2\/types\/product"}],"replies":[{"embeddable":true,"href":"https:\/\/www.fieldpiece.com\/fr\/wp-json\/wp\/v2\/comments?post=29190"}],"wp:featuredmedia":[{"embeddable":true,"href":"https:\/\/www.fieldpiece.com\/fr\/wp-json\/wp\/v2\/media\/29198"}],"wp:attachment":[{"href":"https:\/\/www.fieldpiece.com\/fr\/wp-json\/wp\/v2\/media?parent=29190"}],"wp:term":[{"taxonomy":"product_brand","embeddable":true,"href":"https:\/\/www.fieldpiece.com\/fr\/wp-json\/wp\/v2\/product_brand?post=29190"},{"taxonomy":"product_cat","embeddable":true,"href":"https:\/\/www.fieldpiece.com\/fr\/wp-json\/wp\/v2\/product_cat?post=29190"},{"taxonomy":"product_tag","embeddable":true,"href":"https:\/\/www.fieldpiece.com\/fr\/wp-json\/wp\/v2\/product_tag?post=29190"}],"curies":[{"name":"wp","href":"https:\/\/api.w.org\/{rel}","templated":true}]}}