	{"id":29125,"date":"2020-11-02T11:30:25","date_gmt":"2020-11-02T11:30:25","guid":{"rendered":"https:\/\/www.fieldpiece.com\/product\/mr45-digital-recovery-machine\/"},"modified":"2021-11-16T02:22:08","modified_gmt":"2021-11-16T10:22:08","slug":"mr45-digital-recovery-machine","status":"publish","type":"product","link":"https:\/\/www.fieldpiece.com\/fr\/produit\/mr45-digital-recovery-machine\/","title":{"rendered":"MR45 &#8211; Dispositif de r\u00e9cup\u00e9ration num\u00e9rique"},"content":{"rendered":"<p>D\u00e9marre et fonctionne facilement \u00e0 tension r\u00e9duite<br \/>\nMinimise les coups de liquide et maximise la r\u00e9cup\u00e9ration<br \/>\nde vapeur Ports<br \/>\nfaciles d&rsquo;acc\u00e8s R\u00e9sistant \u00e0 l&rsquo;eau, notamment \u00e0 l&rsquo;exposition directe \u00e0 la pluie<br \/>\nCompatible R32<\/p>\n<p><strong>Bienvenue \u00e0 la r\u00e9volution dans le domaine de la r\u00e9cup\u00e9ration<\/strong><\/p>\n<p>Le dispositif de r\u00e9cup\u00e9ration MR45 de Fieldpiece est dot\u00e9 d&rsquo;une fonctionnalit\u00e9 de surveillance de syst\u00e8me int\u00e9gr\u00e9e qui r\u00e8gle les performances du moteur afin de mieux g\u00e9rer les liquides et pour assurer un fonctionnement deux fois plus rapide pour de la vapeur.\u00a0 Le MR45 \u00e9l\u00e8ve \u00e9galement les faibles tensions au niveau de la prise de courant afin d&rsquo;assurer une pleine alimentation du moteur l\u00e0 o\u00f9 les chutes de haute tension sont probl\u00e9matiques.\u00a0 Gr\u00e2ce \u00e0 son moteur puissant de 1\u00a0CV et son condensateur surdimensionn\u00e9, ce dispositif est extr\u00eamement performant lors des travaux longs et par temps chauds.\u00a0 L&rsquo;affichage facile \u00e0 lire, la l\u00e9g\u00e8ret\u00e9 (10\u00a0kg [22\u00a0lb]), les ports de raccordement de flexible droits et le cadran unique contribuent \u00e0 la convivialit\u00e9 de ce dispositif sans pour autant sacrifier sa robustesse pour les travaux quotidiens, m\u00eame sous la pluie.<\/p>\n<ul>\n<li>Protection contre les chutes de tension (fonctionne jusqu&rsquo;\u00e0 95\u00a0VCA)<\/li>\n<li>Auto-purge \u00e0 cadran unique<\/li>\n<li>Le double de tours par minutes (3\u00a0000) et le double de puissance moteur (1\u00a0CV) avec le moteur CC<\/li>\n<li>Le condenseur de tr\u00e8s grande taille refroidit plus vite, particuli\u00e8rement par temps chaud.<\/li>\n<li>Ne p\u00e8se que 10\u00a0kg (22\u00a0lb)<\/li>\n<li>R\u00e9sistance \u00e0 l\u2019eau, notamment \u00e0 l&rsquo;exposition directe \u00e0 la pluie<\/li>\n<li>Ports faciles d&rsquo;acc\u00e8s<\/li>\n<li>Cylindres en c\u00e9ramique assurant durabilit\u00e9 et frottement r\u00e9duit<\/li>\n<li>Compresseur \u00e0 cylindre double<\/li>\n<li>Raccordements de flexible faciles et rangement de cordon d&rsquo;alimentation int\u00e9gr\u00e9<\/li>\n<li>Grand affichage r\u00e9tro-\u00e9clair\u00e9 avec messages d&rsquo;\u00e9tat<\/li>\n<li>Compatible avec A2L, y compris R32<\/li>\n<\/ul>\n<p>Inclus\u00a0:<\/p>\n<ul>\n<li>Le meilleur dispositif de r\u00e9cup\u00e9ration sur le march\u00e9.\u00a0 Et un manuel d\u2019utilisation.<\/li>\n<\/ul>\n","protected":false},"excerpt":{"rendered":"<p>D\u00e9marre et fonctionne facilement \u00e0 tension r\u00e9duite Minimise les coups de liquide et maximise la r\u00e9cup\u00e9ration de vapeur Ports faciles &#8230;<\/p>\n","protected":false},"featured_media":118754,"comment_status":"open","ping_status":"closed","template":"","meta":{"_acf_changed":false},"product_brand":[],"product_cat":[288,146],"product_tag":[],"class_list":{"0":"post-29125","1":"product","2":"type-product","3":"status-publish","4":"has-post-thumbnail","6":"product_cat-recovery-machine-fr","7":"product_cat-recovery-and-vacuum-fr-2","9":"first","10":"instock","11":"shipping-taxable","12":"product-type-simple"},"acf":[],"yoast_head":"<!-- This site is optimized with the Yoast SEO plugin v27.2 - https:\/\/yoast.com\/product\/yoast-seo-wordpress\/ -->\n<title>MR45 - Dispositif de r\u00e9cup\u00e9ration num\u00e9rique - Fieldpiece Instruments<\/title>\n<meta name=\"robots\" content=\"index, follow, max-snippet:-1, max-image-preview:large, max-video-preview:-1\" \/>\n<link rel=\"canonical\" href=\"https:\/\/www.fieldpiece.com\/fr\/produit\/mr45-digital-recovery-machine\/\" \/>\n<meta property=\"og:locale\" content=\"fr_FR\" \/>\n<meta property=\"og:type\" content=\"article\" \/>\n<meta property=\"og:title\" content=\"MR45 - Dispositif de r\u00e9cup\u00e9ration num\u00e9rique - Fieldpiece Instruments\" \/>\n<meta property=\"og:description\" content=\"D\u00e9marre et fonctionne facilement \u00e0 tension r\u00e9duite Minimise les coups de liquide et maximise la r\u00e9cup\u00e9ration de vapeur Ports faciles ...\" \/>\n<meta property=\"og:url\" content=\"https:\/\/www.fieldpiece.com\/fr\/produit\/mr45-digital-recovery-machine\/\" \/>\n<meta property=\"og:site_name\" content=\"Fieldpiece Instruments\" \/>\n<meta property=\"article:modified_time\" content=\"2021-11-16T10:22:08+00:00\" \/>\n<meta property=\"og:image\" content=\"https:\/\/resources.fieldpiece.com\/wp-content\/uploads\/2020\/11\/MR45-Web-SRC-zeroStop-03.png\" \/>\n\t<meta property=\"og:image:width\" content=\"1000\" \/>\n\t<meta property=\"og:image:height\" content=\"1000\" \/>\n\t<meta property=\"og:image:type\" content=\"image\/png\" \/>\n<meta name=\"twitter:card\" content=\"summary_large_image\" \/>\n<meta name=\"twitter:label1\" content=\"Dur\u00e9e de lecture estim\u00e9e\" \/>\n\t<meta name=\"twitter:data1\" content=\"2 minutes\" \/>\n<script type=\"application\/ld+json\" class=\"yoast-schema-graph\">{\"@context\":\"https:\/\/schema.org\",\"@graph\":[{\"@type\":\"WebPage\",\"@id\":\"https:\/\/www.fieldpiece.com\/fr\/produit\/mr45-digital-recovery-machine\/\",\"url\":\"https:\/\/www.fieldpiece.com\/fr\/produit\/mr45-digital-recovery-machine\/\",\"name\":\"MR45 - Dispositif de r\u00e9cup\u00e9ration num\u00e9rique - Fieldpiece Instruments\",\"isPartOf\":{\"@id\":\"https:\/\/www.fieldpiece.com\/fr\/#website\"},\"primaryImageOfPage\":{\"@id\":\"https:\/\/www.fieldpiece.com\/fr\/produit\/mr45-digital-recovery-machine\/#primaryimage\"},\"image\":{\"@id\":\"https:\/\/www.fieldpiece.com\/fr\/produit\/mr45-digital-recovery-machine\/#primaryimage\"},\"thumbnailUrl\":\"https:\/\/resources.fieldpiece.com\/wp-content\/uploads\/2020\/11\/MR45-v02.png\",\"datePublished\":\"2020-11-02T11:30:25+00:00\",\"dateModified\":\"2021-11-16T10:22:08+00:00\",\"breadcrumb\":{\"@id\":\"https:\/\/www.fieldpiece.com\/fr\/produit\/mr45-digital-recovery-machine\/#breadcrumb\"},\"inLanguage\":\"fr-FR\",\"potentialAction\":[{\"@type\":\"ReadAction\",\"target\":[\"https:\/\/www.fieldpiece.com\/fr\/produit\/mr45-digital-recovery-machine\/\"]}]},{\"@type\":\"ImageObject\",\"inLanguage\":\"fr-FR\",\"@id\":\"https:\/\/www.fieldpiece.com\/fr\/produit\/mr45-digital-recovery-machine\/#primaryimage\",\"url\":\"https:\/\/resources.fieldpiece.com\/wp-content\/uploads\/2020\/11\/MR45-v02.png\",\"contentUrl\":\"https:\/\/resources.fieldpiece.com\/wp-content\/uploads\/2020\/11\/MR45-v02.png\",\"width\":470,\"height\":470},{\"@type\":\"BreadcrumbList\",\"@id\":\"https:\/\/www.fieldpiece.com\/fr\/produit\/mr45-digital-recovery-machine\/#breadcrumb\",\"itemListElement\":[{\"@type\":\"ListItem\",\"position\":1,\"name\":\"Home\",\"item\":\"https:\/\/www.fieldpiece.com\/fr\/\"},{\"@type\":\"ListItem\",\"position\":2,\"name\":\"Shop\",\"item\":\"https:\/\/www.fieldpiece.com\/shop\/\"},{\"@type\":\"ListItem\",\"position\":3,\"name\":\"MR45 &#8211; Dispositif de r\u00e9cup\u00e9ration num\u00e9rique\"}]},{\"@type\":\"WebSite\",\"@id\":\"https:\/\/www.fieldpiece.com\/fr\/#website\",\"url\":\"https:\/\/www.fieldpiece.com\/fr\/\",\"name\":\"Fieldpiece Instruments\",\"description\":\"\",\"publisher\":{\"@id\":\"https:\/\/www.fieldpiece.com\/fr\/#organization\"},\"potentialAction\":[{\"@type\":\"SearchAction\",\"target\":{\"@type\":\"EntryPoint\",\"urlTemplate\":\"https:\/\/www.fieldpiece.com\/fr\/?s={search_term_string}\"},\"query-input\":{\"@type\":\"PropertyValueSpecification\",\"valueRequired\":true,\"valueName\":\"search_term_string\"}}],\"inLanguage\":\"fr-FR\"},{\"@type\":\"Organization\",\"@id\":\"https:\/\/www.fieldpiece.com\/fr\/#organization\",\"name\":\"Fieldpiece Instruments\",\"url\":\"https:\/\/www.fieldpiece.com\/fr\/\",\"logo\":{\"@type\":\"ImageObject\",\"inLanguage\":\"fr-FR\",\"@id\":\"https:\/\/www.fieldpiece.com\/fr\/#\/schema\/logo\/image\/\",\"url\":\"https:\/\/resources.fieldpiece.com\/wp-content\/uploads\/2021\/02\/Logos-490x358-1.jpg\",\"contentUrl\":\"https:\/\/resources.fieldpiece.com\/wp-content\/uploads\/2021\/02\/Logos-490x358-1.jpg\",\"width\":490,\"height\":358,\"caption\":\"Fieldpiece Instruments\"},\"image\":{\"@id\":\"https:\/\/www.fieldpiece.com\/fr\/#\/schema\/logo\/image\/\"}}]}<\/script>\n<!-- \/ Yoast SEO plugin. -->","yoast_head_json":{"title":"MR45 - Dispositif de r\u00e9cup\u00e9ration num\u00e9rique - Fieldpiece Instruments","robots":{"index":"index","follow":"follow","max-snippet":"max-snippet:-1","max-image-preview":"max-image-preview:large","max-video-preview":"max-video-preview:-1"},"canonical":"https:\/\/www.fieldpiece.com\/fr\/produit\/mr45-digital-recovery-machine\/","og_locale":"fr_FR","og_type":"article","og_title":"MR45 - Dispositif de r\u00e9cup\u00e9ration num\u00e9rique - Fieldpiece Instruments","og_description":"D\u00e9marre et fonctionne facilement \u00e0 tension r\u00e9duite Minimise les coups de liquide et maximise la r\u00e9cup\u00e9ration de vapeur Ports faciles ...","og_url":"https:\/\/www.fieldpiece.com\/fr\/produit\/mr45-digital-recovery-machine\/","og_site_name":"Fieldpiece Instruments","article_modified_time":"2021-11-16T10:22:08+00:00","og_image":[{"width":1000,"height":1000,"url":"https:\/\/resources.fieldpiece.com\/wp-content\/uploads\/2020\/11\/MR45-Web-SRC-zeroStop-03.png","type":"image\/png"}],"twitter_card":"summary_large_image","twitter_misc":{"Dur\u00e9e de lecture estim\u00e9e":"2 minutes"},"schema":{"@context":"https:\/\/schema.org","@graph":[{"@type":"WebPage","@id":"https:\/\/www.fieldpiece.com\/fr\/produit\/mr45-digital-recovery-machine\/","url":"https:\/\/www.fieldpiece.com\/fr\/produit\/mr45-digital-recovery-machine\/","name":"MR45 - Dispositif de r\u00e9cup\u00e9ration num\u00e9rique - Fieldpiece Instruments","isPartOf":{"@id":"https:\/\/www.fieldpiece.com\/fr\/#website"},"primaryImageOfPage":{"@id":"https:\/\/www.fieldpiece.com\/fr\/produit\/mr45-digital-recovery-machine\/#primaryimage"},"image":{"@id":"https:\/\/www.fieldpiece.com\/fr\/produit\/mr45-digital-recovery-machine\/#primaryimage"},"thumbnailUrl":"https:\/\/resources.fieldpiece.com\/wp-content\/uploads\/2020\/11\/MR45-v02.png","datePublished":"2020-11-02T11:30:25+00:00","dateModified":"2021-11-16T10:22:08+00:00","breadcrumb":{"@id":"https:\/\/www.fieldpiece.com\/fr\/produit\/mr45-digital-recovery-machine\/#breadcrumb"},"inLanguage":"fr-FR","potentialAction":[{"@type":"ReadAction","target":["https:\/\/www.fieldpiece.com\/fr\/produit\/mr45-digital-recovery-machine\/"]}]},{"@type":"ImageObject","inLanguage":"fr-FR","@id":"https:\/\/www.fieldpiece.com\/fr\/produit\/mr45-digital-recovery-machine\/#primaryimage","url":"https:\/\/resources.fieldpiece.com\/wp-content\/uploads\/2020\/11\/MR45-v02.png","contentUrl":"https:\/\/resources.fieldpiece.com\/wp-content\/uploads\/2020\/11\/MR45-v02.png","width":470,"height":470},{"@type":"BreadcrumbList","@id":"https:\/\/www.fieldpiece.com\/fr\/produit\/mr45-digital-recovery-machine\/#breadcrumb","itemListElement":[{"@type":"ListItem","position":1,"name":"Home","item":"https:\/\/www.fieldpiece.com\/fr\/"},{"@type":"ListItem","position":2,"name":"Shop","item":"https:\/\/www.fieldpiece.com\/shop\/"},{"@type":"ListItem","position":3,"name":"MR45 &#8211; Dispositif de r\u00e9cup\u00e9ration num\u00e9rique"}]},{"@type":"WebSite","@id":"https:\/\/www.fieldpiece.com\/fr\/#website","url":"https:\/\/www.fieldpiece.com\/fr\/","name":"Fieldpiece Instruments","description":"","publisher":{"@id":"https:\/\/www.fieldpiece.com\/fr\/#organization"},"potentialAction":[{"@type":"SearchAction","target":{"@type":"EntryPoint","urlTemplate":"https:\/\/www.fieldpiece.com\/fr\/?s={search_term_string}"},"query-input":{"@type":"PropertyValueSpecification","valueRequired":true,"valueName":"search_term_string"}}],"inLanguage":"fr-FR"},{"@type":"Organization","@id":"https:\/\/www.fieldpiece.com\/fr\/#organization","name":"Fieldpiece Instruments","url":"https:\/\/www.fieldpiece.com\/fr\/","logo":{"@type":"ImageObject","inLanguage":"fr-FR","@id":"https:\/\/www.fieldpiece.com\/fr\/#\/schema\/logo\/image\/","url":"https:\/\/resources.fieldpiece.com\/wp-content\/uploads\/2021\/02\/Logos-490x358-1.jpg","contentUrl":"https:\/\/resources.fieldpiece.com\/wp-content\/uploads\/2021\/02\/Logos-490x358-1.jpg","width":490,"height":358,"caption":"Fieldpiece Instruments"},"image":{"@id":"https:\/\/www.fieldpiece.com\/fr\/#\/schema\/logo\/image\/"}}]}},"_links":{"self":[{"href":"https:\/\/www.fieldpiece.com\/fr\/wp-json\/wp\/v2\/product\/29125","targetHints":{"allow":["GET"]}}],"collection":[{"href":"https:\/\/www.fieldpiece.com\/fr\/wp-json\/wp\/v2\/product"}],"about":[{"href":"https:\/\/www.fieldpiece.com\/fr\/wp-json\/wp\/v2\/types\/product"}],"replies":[{"embeddable":true,"href":"https:\/\/www.fieldpiece.com\/fr\/wp-json\/wp\/v2\/comments?post=29125"}],"wp:featuredmedia":[{"embeddable":true,"href":"https:\/\/www.fieldpiece.com\/fr\/wp-json\/wp\/v2\/media\/118754"}],"wp:attachment":[{"href":"https:\/\/www.fieldpiece.com\/fr\/wp-json\/wp\/v2\/media?parent=29125"}],"wp:term":[{"taxonomy":"product_brand","embeddable":true,"href":"https:\/\/www.fieldpiece.com\/fr\/wp-json\/wp\/v2\/product_brand?post=29125"},{"taxonomy":"product_cat","embeddable":true,"href":"https:\/\/www.fieldpiece.com\/fr\/wp-json\/wp\/v2\/product_cat?post=29125"},{"taxonomy":"product_tag","embeddable":true,"href":"https:\/\/www.fieldpiece.com\/fr\/wp-json\/wp\/v2\/product_tag?post=29125"}],"curies":[{"name":"wp","href":"https:\/\/api.w.org\/{rel}","templated":true}]}}