	{"id":29063,"date":"2020-11-02T11:30:19","date_gmt":"2020-11-02T11:30:19","guid":{"rendered":"https:\/\/www.fieldpiece.com\/product\/bg44-service-tool-bag\/"},"modified":"2021-11-21T22:07:00","modified_gmt":"2021-11-22T06:07:00","slug":"bg44-service-tool-bag","status":"publish","type":"product","link":"https:\/\/www.fieldpiece.com\/fr\/produit\/bg44-service-tool-bag\/","title":{"rendered":"BG44 &#8211; Sac d&rsquo;outils de maintenance"},"content":{"rendered":"<p>Porte-outils sur\u00e9lev\u00e9 robuste pour les outils \u00e0 main<br \/>\nPoches rembourr\u00e9es pour prot\u00e9ger les instruments de mesure<br \/>\nPlateau magn\u00e9tique<br \/>\nBandouli\u00e8re unique pour faciliter le transport<br \/>\nConception compacte et robuste <\/p>\n<p>Le sac d&rsquo;outils de maintenance BG44 est con\u00e7u pour les besoins particuliers des professionnels de CVCR.\u00a0 Le syst\u00e8me \u00e0 bandouli\u00e8re unique est facile \u00e0 endosser et \u00e0 enlever, et les poches lat\u00e9rales rembourr\u00e9es prot\u00e8gent vos instruments de test tout en assurant un acc\u00e8s facile.<\/p>\n<p>Le porte-outils sur\u00e9lev\u00e9 int\u00e9rieur permet d&rsquo;organiser les outils \u00e0 main et d&rsquo;assurer un acc\u00e8s facile et une visibilit\u00e9 rapide, de sorte que les outils manquants ne sont pas laiss\u00e9s pour compte.\u00a0 Les accessoires sp\u00e9ciaux comprennent un plateau magn\u00e9tique, une sangle pour bouteille d&rsquo;eau\/r\u00e9pulsif anti-gu\u00eapes, une sangle porte-rouleau de ruban \u00e9lectrique, un petit plateau de rangement en plastique dans le fond et un \u00e9tui de perceuse.<\/p>\n<p>Ce sac compact et robuste s&rsquo;adapte parfaitement au corps, et permet de se d\u00e9placer facilement dans les espaces restreints comme les vides sanitaires et les cages d&rsquo;\u00e9chelle.<\/p>\n<p>Le sac BG44 a une place pour tous les outils de CVCR les plus courants dont vous avez besoin au quotidien sur le terrain.<\/p>\n<p>Inclus\u00a0:<\/p>\n<ul>\n<li>Porte-outils tenant environ 11\u00a0tournevis et tournevis \u00e0 douille et 8\u00a0pinces<\/li>\n<li>Poches\n<ul>\n<li style=\"list-style-type: none;\">\n<ol>\n<li>4\u00a0rembourr\u00e9es pour les instruments de mesure<\/li>\n<li>1\u00a0rembourr\u00e9e pour une petite tablette<\/li>\n<li>8\u00a0pour les cl\u00e9s de serrage<\/li>\n<li>2\u00a0pour les jeux de cl\u00e9s hexagonales<\/li>\n<li>1\u00a0avant pour articles divers<\/li>\n<li>2\u00a0lat\u00e9rales pour articles divers<\/li>\n<li>1\u00a0int\u00e9rieure \u00e0 fermeture \u00e9clair<\/li>\n<li>1\u00a0au fond \u00e0 fermeture \u00e9clair pour articles en vrac<\/li>\n<\/ol>\n<\/li>\n<\/ul>\n<\/li>\n<li>Accessoires\n<ul>\n<li style=\"list-style-type: none;\">\n<ul>\n<li>1 sangle \u00e0 \u0153illet pour perceuse\/visseuse<\/li>\n<li>1 sangle pour bouteille d&rsquo;eau<\/li>\n<li>1 sangle pour rouleau de ruban<\/li>\n<\/ul>\n<\/li>\n<\/ul>\n<\/li>\n<li>Dimensions\u00a0:\u00a0\u00a0\u00a0 48,3\u00a0cm H x 35,6\u00a0cm l x 15,2\u00a0cm P (19\u00a0po H x 14\u00a0po l x 6\u00a0po P)<\/li>\n<\/ul>\n","protected":false},"excerpt":{"rendered":"<p>Porte-outils sur\u00e9lev\u00e9 robuste pour les outils \u00e0 main Poches rembourr\u00e9es pour prot\u00e9ger les instruments de mesure Plateau magn\u00e9tique Bandouli\u00e8re unique &#8230;<\/p>\n","protected":false},"featured_media":118706,"comment_status":"open","ping_status":"closed","template":"","meta":{"_acf_changed":false},"product_brand":[],"product_cat":[158,277],"product_tag":[],"class_list":{"0":"post-29063","1":"product","2":"type-product","3":"status-publish","4":"has-post-thumbnail","6":"product_cat-other-fr-2","7":"product_cat-bags-fr","9":"first","10":"instock","11":"shipping-taxable","12":"product-type-simple"},"acf":[],"yoast_head":"<!-- This site is optimized with the Yoast SEO plugin v27.4 - https:\/\/yoast.com\/product\/yoast-seo-wordpress\/ -->\n<title>BG44 - Sac d&#039;outils de maintenance - Fieldpiece Instruments<\/title>\n<meta name=\"robots\" content=\"index, follow, max-snippet:-1, max-image-preview:large, max-video-preview:-1\" \/>\n<link rel=\"canonical\" href=\"https:\/\/www.fieldpiece.com\/fr\/produit\/bg44-service-tool-bag\/\" \/>\n<meta property=\"og:locale\" content=\"fr_FR\" \/>\n<meta property=\"og:type\" content=\"article\" \/>\n<meta property=\"og:title\" content=\"BG44 - Sac d&#039;outils de maintenance - Fieldpiece Instruments\" \/>\n<meta property=\"og:description\" content=\"Porte-outils sur\u00e9lev\u00e9 robuste pour les outils \u00e0 main Poches rembourr\u00e9es pour prot\u00e9ger les instruments de mesure Plateau magn\u00e9tique Bandouli\u00e8re unique ...\" \/>\n<meta property=\"og:url\" content=\"https:\/\/www.fieldpiece.com\/fr\/produit\/bg44-service-tool-bag\/\" \/>\n<meta property=\"og:site_name\" content=\"Fieldpiece Instruments\" \/>\n<meta property=\"article:modified_time\" content=\"2021-11-22T06:07:00+00:00\" \/>\n<meta property=\"og:image\" content=\"https:\/\/resources.fieldpiece.com\/wp-content\/uploads\/2020\/11\/BG44-Web-01-v2.png\" \/>\n\t<meta property=\"og:image:width\" content=\"470\" \/>\n\t<meta property=\"og:image:height\" content=\"470\" \/>\n\t<meta property=\"og:image:type\" content=\"image\/png\" \/>\n<meta name=\"twitter:card\" content=\"summary_large_image\" \/>\n<meta name=\"twitter:label1\" content=\"Dur\u00e9e de lecture estim\u00e9e\" \/>\n\t<meta name=\"twitter:data1\" content=\"2 minutes\" \/>\n<script type=\"application\/ld+json\" class=\"yoast-schema-graph\">{\"@context\":\"https:\\\/\\\/schema.org\",\"@graph\":[{\"@type\":\"WebPage\",\"@id\":\"https:\\\/\\\/www.fieldpiece.com\\\/fr\\\/produit\\\/bg44-service-tool-bag\\\/\",\"url\":\"https:\\\/\\\/www.fieldpiece.com\\\/fr\\\/produit\\\/bg44-service-tool-bag\\\/\",\"name\":\"BG44 - Sac d'outils de maintenance - Fieldpiece Instruments\",\"isPartOf\":{\"@id\":\"https:\\\/\\\/www.fieldpiece.com\\\/fr\\\/#website\"},\"primaryImageOfPage\":{\"@id\":\"https:\\\/\\\/www.fieldpiece.com\\\/fr\\\/produit\\\/bg44-service-tool-bag\\\/#primaryimage\"},\"image\":{\"@id\":\"https:\\\/\\\/www.fieldpiece.com\\\/fr\\\/produit\\\/bg44-service-tool-bag\\\/#primaryimage\"},\"thumbnailUrl\":\"https:\\\/\\\/resources.fieldpiece.com\\\/wp-content\\\/uploads\\\/2020\\\/11\\\/BG44-Web-01-v2.png\",\"datePublished\":\"2020-11-02T11:30:19+00:00\",\"dateModified\":\"2021-11-22T06:07:00+00:00\",\"breadcrumb\":{\"@id\":\"https:\\\/\\\/www.fieldpiece.com\\\/fr\\\/produit\\\/bg44-service-tool-bag\\\/#breadcrumb\"},\"inLanguage\":\"fr-FR\",\"potentialAction\":[{\"@type\":\"ReadAction\",\"target\":[\"https:\\\/\\\/www.fieldpiece.com\\\/fr\\\/produit\\\/bg44-service-tool-bag\\\/\"]}]},{\"@type\":\"ImageObject\",\"inLanguage\":\"fr-FR\",\"@id\":\"https:\\\/\\\/www.fieldpiece.com\\\/fr\\\/produit\\\/bg44-service-tool-bag\\\/#primaryimage\",\"url\":\"https:\\\/\\\/resources.fieldpiece.com\\\/wp-content\\\/uploads\\\/2020\\\/11\\\/BG44-Web-01-v2.png\",\"contentUrl\":\"https:\\\/\\\/resources.fieldpiece.com\\\/wp-content\\\/uploads\\\/2020\\\/11\\\/BG44-Web-01-v2.png\",\"width\":470,\"height\":470},{\"@type\":\"BreadcrumbList\",\"@id\":\"https:\\\/\\\/www.fieldpiece.com\\\/fr\\\/produit\\\/bg44-service-tool-bag\\\/#breadcrumb\",\"itemListElement\":[{\"@type\":\"ListItem\",\"position\":1,\"name\":\"Home\",\"item\":\"https:\\\/\\\/www.fieldpiece.com\\\/fr\\\/\"},{\"@type\":\"ListItem\",\"position\":2,\"name\":\"Shop\",\"item\":\"https:\\\/\\\/www.fieldpiece.com\\\/shop\\\/\"},{\"@type\":\"ListItem\",\"position\":3,\"name\":\"BG44 &#8211; Sac d&#8217;outils de maintenance\"}]},{\"@type\":\"WebSite\",\"@id\":\"https:\\\/\\\/www.fieldpiece.com\\\/fr\\\/#website\",\"url\":\"https:\\\/\\\/www.fieldpiece.com\\\/fr\\\/\",\"name\":\"Fieldpiece Instruments\",\"description\":\"\",\"publisher\":{\"@id\":\"https:\\\/\\\/www.fieldpiece.com\\\/fr\\\/#organization\"},\"potentialAction\":[{\"@type\":\"SearchAction\",\"target\":{\"@type\":\"EntryPoint\",\"urlTemplate\":\"https:\\\/\\\/www.fieldpiece.com\\\/fr\\\/?s={search_term_string}\"},\"query-input\":{\"@type\":\"PropertyValueSpecification\",\"valueRequired\":true,\"valueName\":\"search_term_string\"}}],\"inLanguage\":\"fr-FR\"},{\"@type\":\"Organization\",\"@id\":\"https:\\\/\\\/www.fieldpiece.com\\\/fr\\\/#organization\",\"name\":\"Fieldpiece Instruments\",\"url\":\"https:\\\/\\\/www.fieldpiece.com\\\/fr\\\/\",\"logo\":{\"@type\":\"ImageObject\",\"inLanguage\":\"fr-FR\",\"@id\":\"https:\\\/\\\/www.fieldpiece.com\\\/fr\\\/#\\\/schema\\\/logo\\\/image\\\/\",\"url\":\"https:\\\/\\\/resources.fieldpiece.com\\\/wp-content\\\/uploads\\\/2021\\\/02\\\/Logos-490x358-1.jpg\",\"contentUrl\":\"https:\\\/\\\/resources.fieldpiece.com\\\/wp-content\\\/uploads\\\/2021\\\/02\\\/Logos-490x358-1.jpg\",\"width\":490,\"height\":358,\"caption\":\"Fieldpiece Instruments\"},\"image\":{\"@id\":\"https:\\\/\\\/www.fieldpiece.com\\\/fr\\\/#\\\/schema\\\/logo\\\/image\\\/\"}}]}<\/script>\n<!-- \/ Yoast SEO plugin. -->","yoast_head_json":{"title":"BG44 - Sac d'outils de maintenance - Fieldpiece Instruments","robots":{"index":"index","follow":"follow","max-snippet":"max-snippet:-1","max-image-preview":"max-image-preview:large","max-video-preview":"max-video-preview:-1"},"canonical":"https:\/\/www.fieldpiece.com\/fr\/produit\/bg44-service-tool-bag\/","og_locale":"fr_FR","og_type":"article","og_title":"BG44 - Sac d'outils de maintenance - Fieldpiece Instruments","og_description":"Porte-outils sur\u00e9lev\u00e9 robuste pour les outils \u00e0 main Poches rembourr\u00e9es pour prot\u00e9ger les instruments de mesure Plateau magn\u00e9tique Bandouli\u00e8re unique ...","og_url":"https:\/\/www.fieldpiece.com\/fr\/produit\/bg44-service-tool-bag\/","og_site_name":"Fieldpiece Instruments","article_modified_time":"2021-11-22T06:07:00+00:00","og_image":[{"width":470,"height":470,"url":"https:\/\/resources.fieldpiece.com\/wp-content\/uploads\/2020\/11\/BG44-Web-01-v2.png","type":"image\/png"}],"twitter_card":"summary_large_image","twitter_misc":{"Dur\u00e9e de lecture estim\u00e9e":"2 minutes"},"schema":{"@context":"https:\/\/schema.org","@graph":[{"@type":"WebPage","@id":"https:\/\/www.fieldpiece.com\/fr\/produit\/bg44-service-tool-bag\/","url":"https:\/\/www.fieldpiece.com\/fr\/produit\/bg44-service-tool-bag\/","name":"BG44 - Sac d'outils de maintenance - Fieldpiece Instruments","isPartOf":{"@id":"https:\/\/www.fieldpiece.com\/fr\/#website"},"primaryImageOfPage":{"@id":"https:\/\/www.fieldpiece.com\/fr\/produit\/bg44-service-tool-bag\/#primaryimage"},"image":{"@id":"https:\/\/www.fieldpiece.com\/fr\/produit\/bg44-service-tool-bag\/#primaryimage"},"thumbnailUrl":"https:\/\/resources.fieldpiece.com\/wp-content\/uploads\/2020\/11\/BG44-Web-01-v2.png","datePublished":"2020-11-02T11:30:19+00:00","dateModified":"2021-11-22T06:07:00+00:00","breadcrumb":{"@id":"https:\/\/www.fieldpiece.com\/fr\/produit\/bg44-service-tool-bag\/#breadcrumb"},"inLanguage":"fr-FR","potentialAction":[{"@type":"ReadAction","target":["https:\/\/www.fieldpiece.com\/fr\/produit\/bg44-service-tool-bag\/"]}]},{"@type":"ImageObject","inLanguage":"fr-FR","@id":"https:\/\/www.fieldpiece.com\/fr\/produit\/bg44-service-tool-bag\/#primaryimage","url":"https:\/\/resources.fieldpiece.com\/wp-content\/uploads\/2020\/11\/BG44-Web-01-v2.png","contentUrl":"https:\/\/resources.fieldpiece.com\/wp-content\/uploads\/2020\/11\/BG44-Web-01-v2.png","width":470,"height":470},{"@type":"BreadcrumbList","@id":"https:\/\/www.fieldpiece.com\/fr\/produit\/bg44-service-tool-bag\/#breadcrumb","itemListElement":[{"@type":"ListItem","position":1,"name":"Home","item":"https:\/\/www.fieldpiece.com\/fr\/"},{"@type":"ListItem","position":2,"name":"Shop","item":"https:\/\/www.fieldpiece.com\/shop\/"},{"@type":"ListItem","position":3,"name":"BG44 &#8211; Sac d&#8217;outils de maintenance"}]},{"@type":"WebSite","@id":"https:\/\/www.fieldpiece.com\/fr\/#website","url":"https:\/\/www.fieldpiece.com\/fr\/","name":"Fieldpiece Instruments","description":"","publisher":{"@id":"https:\/\/www.fieldpiece.com\/fr\/#organization"},"potentialAction":[{"@type":"SearchAction","target":{"@type":"EntryPoint","urlTemplate":"https:\/\/www.fieldpiece.com\/fr\/?s={search_term_string}"},"query-input":{"@type":"PropertyValueSpecification","valueRequired":true,"valueName":"search_term_string"}}],"inLanguage":"fr-FR"},{"@type":"Organization","@id":"https:\/\/www.fieldpiece.com\/fr\/#organization","name":"Fieldpiece Instruments","url":"https:\/\/www.fieldpiece.com\/fr\/","logo":{"@type":"ImageObject","inLanguage":"fr-FR","@id":"https:\/\/www.fieldpiece.com\/fr\/#\/schema\/logo\/image\/","url":"https:\/\/resources.fieldpiece.com\/wp-content\/uploads\/2021\/02\/Logos-490x358-1.jpg","contentUrl":"https:\/\/resources.fieldpiece.com\/wp-content\/uploads\/2021\/02\/Logos-490x358-1.jpg","width":490,"height":358,"caption":"Fieldpiece Instruments"},"image":{"@id":"https:\/\/www.fieldpiece.com\/fr\/#\/schema\/logo\/image\/"}}]}},"_links":{"self":[{"href":"https:\/\/www.fieldpiece.com\/fr\/wp-json\/wp\/v2\/product\/29063","targetHints":{"allow":["GET"]}}],"collection":[{"href":"https:\/\/www.fieldpiece.com\/fr\/wp-json\/wp\/v2\/product"}],"about":[{"href":"https:\/\/www.fieldpiece.com\/fr\/wp-json\/wp\/v2\/types\/product"}],"replies":[{"embeddable":true,"href":"https:\/\/www.fieldpiece.com\/fr\/wp-json\/wp\/v2\/comments?post=29063"}],"wp:featuredmedia":[{"embeddable":true,"href":"https:\/\/www.fieldpiece.com\/fr\/wp-json\/wp\/v2\/media\/118706"}],"wp:attachment":[{"href":"https:\/\/www.fieldpiece.com\/fr\/wp-json\/wp\/v2\/media?parent=29063"}],"wp:term":[{"taxonomy":"product_brand","embeddable":true,"href":"https:\/\/www.fieldpiece.com\/fr\/wp-json\/wp\/v2\/product_brand?post=29063"},{"taxonomy":"product_cat","embeddable":true,"href":"https:\/\/www.fieldpiece.com\/fr\/wp-json\/wp\/v2\/product_cat?post=29063"},{"taxonomy":"product_tag","embeddable":true,"href":"https:\/\/www.fieldpiece.com\/fr\/wp-json\/wp\/v2\/product_tag?post=29063"}],"curies":[{"name":"wp","href":"https:\/\/api.w.org\/{rel}","templated":true}]}}