	{"id":28984,"date":"2020-11-02T11:31:57","date_gmt":"2020-11-02T11:31:57","guid":{"rendered":"https:\/\/www.fieldpiece.com\/product\/jl3km2-job-link-system-dual-port-manometer-probe-kit\/"},"modified":"2021-11-22T04:47:24","modified_gmt":"2021-11-22T12:47:24","slug":"jl3km2-job-link-system-dual-port-manometer-probe-kit","status":"publish","type":"product","link":"https:\/\/www.fieldpiece.com\/fr\/produit\/jl3km2-job-link-system-dual-port-manometer-probe-kit\/","title":{"rendered":"JL3KM2 &#8211; Kit de sondes de manom\u00e8tre \u00e0 port double du syst\u00e8me Job Link\u00ae"},"content":{"rendered":"<p>Port\u00e9e sans fil de 100\u00a0m (350\u00a0pi)<br \/>\nMise en place pr\u00e9cise avec conception autonome<br \/>\nPression statique, de gaz et de tirage, tout-en-un\u00a0<br \/>\nEnregistre un maximum de 8 relev\u00e9s \u00e0 la fois* dans l&rsquo;application Job Link  <\/p>\n<p>Les nouvelles sondes de manom\u00e8tre r\u00e9volutionnaires JL3KM2 du syst\u00e8me Job Link\u00ae donnent aux professionnels de CVCR la libert\u00e9 de travailler comme bon leur semble &#8212; sans \u00eatre contraints par les flexibles\u00a0; ainsi, les techniciens peuvent obtenir des relev\u00e9s \u00e0 partir d&#8217;emplacements optimaux sur tout syst\u00e8me et \u00e0 tout moment.<\/p>\n<p>Le flexible court pr\u00e9serve la propret\u00e9 du travail et les capteurs ind\u00e9pendants permettent un placement direct sur les ports de test. Mesurez entre les zones sans qu&rsquo;un flexible serpente par une porte. R\u00e9glez la pression de gaz d&rsquo;un four. Optimisez la pression statique externe totale de l&rsquo;\u00e9quipement. Localisez les fuites et les restrictions des gaines. Procurez un meilleur confort et plus encore.<\/p>\n<p>Contrairement aux manom\u00e8tres \u00e0 port double traditionnels, la conception autonome r\u00e9volutionnaire de cet instrument Fieldpiece permet aux techniciens de placer chaque sonde de manom\u00e8tre \u00e0 port double Job Link ind\u00e9pendamment l&rsquo;une de l&rsquo;autre dans des emplacements pr\u00e9cis, afin d&rsquo;obtenir jusqu&rsquo;\u00e0 8\u00a0relev\u00e9s de pression fiables \u00e0 la fois* &#8212; et de les enregistrer directement dans l&rsquo;application Job Link de Fieldpiece pour assurer un maximum de commodit\u00e9.<\/p>\n<p>Mesurez et visualisez en temps r\u00e9el la pression statique de retour, la pression statique d\u2019alimentation et la pression statique externe totale, en un coup d\u2019\u0153il, \u00e0 une distance maximale de 100\u00a0m (350\u00a0pi).\u00a0 Les techniciens peuvent effectuer des relev\u00e9s sur un seul port, deux ports ou plusieurs ports, comme ils l&rsquo;entendent, depuis n&rsquo;importe quel emplacement sur la zone de travail. Ils peuvent d\u00e9sormais b\u00e9n\u00e9ficier de la flexibilit\u00e9 n\u00e9cessaire. <\/p>\n<p>*Relev\u00e9s double disponibles d\u00e8s le lancement du produit. Jusqu&rsquo;\u00e0 8\u00a0relev\u00e9s (disponible \u00e0 partir de l&rsquo;\u00e9t\u00e9\u00a02020) Disponibilit\u00e9 de sondes individuelles, num\u00e9ro de r\u00e9f\u00e9rence JL3MN.<\/p>\n<p><b>Kit de manom\u00e8tre Job Link JL3KM2<\/b><\/p>\n<ul>\n<li style=\"font-weight: 400;\"><span style=\"font-weight: 400;\">Pression fiable quel que soit l&#8217;emplacement<\/span><\/li>\n<li style=\"font-weight: 400;\"><span style=\"font-weight: 400;\">Longue port\u00e9e sans fil<\/span><\/li>\n<li style=\"font-weight: 400;\"><span style=\"font-weight: 400;\">Pression statique, de gaz et de tirage, tout-en-un<\/span><\/li>\n<li style=\"font-weight: 400;\"><span style=\"font-weight: 400;\">Relev\u00e9s exacts et stables<\/span><\/li>\n<li style=\"font-weight: 400;\"><span style=\"font-weight: 400;\">Relev\u00e9s de pression individuels<\/span><\/li>\n<li style=\"font-weight: 400;\"><span style=\"font-weight: 400;\">Identification des pressions de gaz d&rsquo;entr\u00e9e et de sortie\u00a0<\/span><\/li>\n<li style=\"font-weight: 400;\"><span style=\"font-weight: 400;\">Indicateur commutable P1 &#8211; P2<\/span><\/li>\n<li style=\"font-weight: 400;\"><span style=\"font-weight: 400;\">Compatible avec l&rsquo;application du syst\u00e8me Job Link\u00ae\u00a0<\/span><\/li>\n<li style=\"font-weight: 400;\"><span style=\"font-weight: 400;\">Remise \u00e0 z\u00e9ro facile \u00e0 la pression atmosph\u00e9rique<\/span><\/li>\n<\/ul>\n<p><strong>Contenu\u00a0:<\/strong><\/p>\n<ul>\n<li style=\"font-weight: 400;\"><span style=\"font-weight: 400;\">(2) Sondes de manom\u00e8tre JL3MN\u00a0<\/span><\/li>\n<li style=\"font-weight: 400;\"><span style=\"font-weight: 400;\">(2) Sondes de pression statique et flexibles ASP2\u00a0<\/span><\/li>\n<li style=\"font-weight: 400;\"><span style=\"font-weight: 400;\">(2) Raccords \u00e0 vis en laiton avec flexible suppl\u00e9mentaire<\/span><\/li>\n<li style=\"font-weight: 400;\"><span style=\"font-weight: 400;\">(2) Adaptateurs coulissants pour gaz<\/span><\/li>\n<li style=\"font-weight: 400;\"><span style=\"font-weight: 400;\">(4) Piles AAA<\/span><\/li>\n<li style=\"font-weight: 400;\"><span style=\"font-weight: 400;\">(1) \u00c9tui rembourr\u00e9<\/span><\/li>\n<\/ul>\n","protected":false},"excerpt":{"rendered":"<p>Port\u00e9e sans fil de 100\u00a0m (350\u00a0pi) Mise en place pr\u00e9cise avec conception autonome Pression statique, de gaz et de tirage, &#8230;<\/p>\n","protected":false},"featured_media":26892,"comment_status":"open","ping_status":"closed","template":"","meta":{"_acf_changed":false},"product_brand":[],"product_cat":[138,139,231,208],"product_tag":[],"class_list":{"0":"post-28984","1":"product","2":"type-product","3":"status-publish","4":"has-post-thumbnail","6":"product_cat-combustion-fr-2","7":"product_cat-manometers-fr-2","8":"product_cat-probes-fr","9":"product_cat-job-link-system","11":"first","12":"instock","13":"shipping-taxable","14":"product-type-simple"},"acf":[],"yoast_head":"<!-- This site is optimized with the Yoast SEO plugin v27.2 - https:\/\/yoast.com\/product\/yoast-seo-wordpress\/ -->\n<title>JL3KM2 - Kit de sondes de manom\u00e8tre \u00e0 port double du syst\u00e8me Job Link\u00ae - Fieldpiece Instruments<\/title>\n<meta name=\"robots\" content=\"index, follow, max-snippet:-1, max-image-preview:large, max-video-preview:-1\" \/>\n<link rel=\"canonical\" href=\"https:\/\/www.fieldpiece.com\/fr\/produit\/jl3km2-job-link-system-dual-port-manometer-probe-kit\/\" \/>\n<meta property=\"og:locale\" content=\"fr_FR\" \/>\n<meta property=\"og:type\" content=\"article\" \/>\n<meta property=\"og:title\" content=\"JL3KM2 - Kit de sondes de manom\u00e8tre \u00e0 port double du syst\u00e8me Job Link\u00ae - Fieldpiece Instruments\" \/>\n<meta property=\"og:description\" content=\"Port\u00e9e sans fil de 100\u00a0m (350\u00a0pi) Mise en place pr\u00e9cise avec conception autonome Pression statique, de gaz et de tirage, ...\" \/>\n<meta property=\"og:url\" content=\"https:\/\/www.fieldpiece.com\/fr\/produit\/jl3km2-job-link-system-dual-port-manometer-probe-kit\/\" \/>\n<meta property=\"og:site_name\" content=\"Fieldpiece Instruments\" \/>\n<meta property=\"article:modified_time\" content=\"2021-11-22T12:47:24+00:00\" \/>\n<meta property=\"og:image\" content=\"https:\/\/resources.fieldpiece.com\/wp-content\/uploads\/2021\/01\/JL3-Probes-470x470-01.png\" \/>\n\t<meta property=\"og:image:width\" content=\"470\" \/>\n\t<meta property=\"og:image:height\" content=\"470\" \/>\n\t<meta property=\"og:image:type\" content=\"image\/png\" \/>\n<meta name=\"twitter:card\" content=\"summary_large_image\" \/>\n<meta name=\"twitter:label1\" content=\"Dur\u00e9e de lecture estim\u00e9e\" \/>\n\t<meta name=\"twitter:data1\" content=\"2 minutes\" \/>\n<script type=\"application\/ld+json\" class=\"yoast-schema-graph\">{\"@context\":\"https:\/\/schema.org\",\"@graph\":[{\"@type\":\"WebPage\",\"@id\":\"https:\/\/www.fieldpiece.com\/fr\/produit\/jl3km2-job-link-system-dual-port-manometer-probe-kit\/\",\"url\":\"https:\/\/www.fieldpiece.com\/fr\/produit\/jl3km2-job-link-system-dual-port-manometer-probe-kit\/\",\"name\":\"JL3KM2 - Kit de sondes de manom\u00e8tre \u00e0 port double du syst\u00e8me Job Link\u00ae - Fieldpiece Instruments\",\"isPartOf\":{\"@id\":\"https:\/\/www.fieldpiece.com\/fr\/#website\"},\"primaryImageOfPage\":{\"@id\":\"https:\/\/www.fieldpiece.com\/fr\/produit\/jl3km2-job-link-system-dual-port-manometer-probe-kit\/#primaryimage\"},\"image\":{\"@id\":\"https:\/\/www.fieldpiece.com\/fr\/produit\/jl3km2-job-link-system-dual-port-manometer-probe-kit\/#primaryimage\"},\"thumbnailUrl\":\"https:\/\/resources.fieldpiece.com\/wp-content\/uploads\/2021\/01\/JL3-Probes-470x470-01.png\",\"datePublished\":\"2020-11-02T11:31:57+00:00\",\"dateModified\":\"2021-11-22T12:47:24+00:00\",\"breadcrumb\":{\"@id\":\"https:\/\/www.fieldpiece.com\/fr\/produit\/jl3km2-job-link-system-dual-port-manometer-probe-kit\/#breadcrumb\"},\"inLanguage\":\"fr-FR\",\"potentialAction\":[{\"@type\":\"ReadAction\",\"target\":[\"https:\/\/www.fieldpiece.com\/fr\/produit\/jl3km2-job-link-system-dual-port-manometer-probe-kit\/\"]}]},{\"@type\":\"ImageObject\",\"inLanguage\":\"fr-FR\",\"@id\":\"https:\/\/www.fieldpiece.com\/fr\/produit\/jl3km2-job-link-system-dual-port-manometer-probe-kit\/#primaryimage\",\"url\":\"https:\/\/resources.fieldpiece.com\/wp-content\/uploads\/2021\/01\/JL3-Probes-470x470-01.png\",\"contentUrl\":\"https:\/\/resources.fieldpiece.com\/wp-content\/uploads\/2021\/01\/JL3-Probes-470x470-01.png\",\"width\":470,\"height\":470,\"caption\":\"JL3KM2 Job Link System Dual Port Manometer Probe Kit\"},{\"@type\":\"BreadcrumbList\",\"@id\":\"https:\/\/www.fieldpiece.com\/fr\/produit\/jl3km2-job-link-system-dual-port-manometer-probe-kit\/#breadcrumb\",\"itemListElement\":[{\"@type\":\"ListItem\",\"position\":1,\"name\":\"Home\",\"item\":\"https:\/\/www.fieldpiece.com\/fr\/\"},{\"@type\":\"ListItem\",\"position\":2,\"name\":\"Shop\",\"item\":\"https:\/\/www.fieldpiece.com\/shop\/\"},{\"@type\":\"ListItem\",\"position\":3,\"name\":\"JL3KM2 &#8211; Kit de sondes de manom\u00e8tre \u00e0 port double du syst\u00e8me Job Link\u00ae\"}]},{\"@type\":\"WebSite\",\"@id\":\"https:\/\/www.fieldpiece.com\/fr\/#website\",\"url\":\"https:\/\/www.fieldpiece.com\/fr\/\",\"name\":\"Fieldpiece Instruments\",\"description\":\"\",\"publisher\":{\"@id\":\"https:\/\/www.fieldpiece.com\/fr\/#organization\"},\"potentialAction\":[{\"@type\":\"SearchAction\",\"target\":{\"@type\":\"EntryPoint\",\"urlTemplate\":\"https:\/\/www.fieldpiece.com\/fr\/?s={search_term_string}\"},\"query-input\":{\"@type\":\"PropertyValueSpecification\",\"valueRequired\":true,\"valueName\":\"search_term_string\"}}],\"inLanguage\":\"fr-FR\"},{\"@type\":\"Organization\",\"@id\":\"https:\/\/www.fieldpiece.com\/fr\/#organization\",\"name\":\"Fieldpiece Instruments\",\"url\":\"https:\/\/www.fieldpiece.com\/fr\/\",\"logo\":{\"@type\":\"ImageObject\",\"inLanguage\":\"fr-FR\",\"@id\":\"https:\/\/www.fieldpiece.com\/fr\/#\/schema\/logo\/image\/\",\"url\":\"https:\/\/resources.fieldpiece.com\/wp-content\/uploads\/2021\/02\/Logos-490x358-1.jpg\",\"contentUrl\":\"https:\/\/resources.fieldpiece.com\/wp-content\/uploads\/2021\/02\/Logos-490x358-1.jpg\",\"width\":490,\"height\":358,\"caption\":\"Fieldpiece Instruments\"},\"image\":{\"@id\":\"https:\/\/www.fieldpiece.com\/fr\/#\/schema\/logo\/image\/\"}}]}<\/script>\n<!-- \/ Yoast SEO plugin. -->","yoast_head_json":{"title":"JL3KM2 - Kit de sondes de manom\u00e8tre \u00e0 port double du syst\u00e8me Job Link\u00ae - Fieldpiece Instruments","robots":{"index":"index","follow":"follow","max-snippet":"max-snippet:-1","max-image-preview":"max-image-preview:large","max-video-preview":"max-video-preview:-1"},"canonical":"https:\/\/www.fieldpiece.com\/fr\/produit\/jl3km2-job-link-system-dual-port-manometer-probe-kit\/","og_locale":"fr_FR","og_type":"article","og_title":"JL3KM2 - Kit de sondes de manom\u00e8tre \u00e0 port double du syst\u00e8me Job Link\u00ae - Fieldpiece Instruments","og_description":"Port\u00e9e sans fil de 100\u00a0m (350\u00a0pi) Mise en place pr\u00e9cise avec conception autonome Pression statique, de gaz et de tirage, ...","og_url":"https:\/\/www.fieldpiece.com\/fr\/produit\/jl3km2-job-link-system-dual-port-manometer-probe-kit\/","og_site_name":"Fieldpiece Instruments","article_modified_time":"2021-11-22T12:47:24+00:00","og_image":[{"width":470,"height":470,"url":"https:\/\/resources.fieldpiece.com\/wp-content\/uploads\/2021\/01\/JL3-Probes-470x470-01.png","type":"image\/png"}],"twitter_card":"summary_large_image","twitter_misc":{"Dur\u00e9e de lecture estim\u00e9e":"2 minutes"},"schema":{"@context":"https:\/\/schema.org","@graph":[{"@type":"WebPage","@id":"https:\/\/www.fieldpiece.com\/fr\/produit\/jl3km2-job-link-system-dual-port-manometer-probe-kit\/","url":"https:\/\/www.fieldpiece.com\/fr\/produit\/jl3km2-job-link-system-dual-port-manometer-probe-kit\/","name":"JL3KM2 - Kit de sondes de manom\u00e8tre \u00e0 port double du syst\u00e8me Job Link\u00ae - Fieldpiece Instruments","isPartOf":{"@id":"https:\/\/www.fieldpiece.com\/fr\/#website"},"primaryImageOfPage":{"@id":"https:\/\/www.fieldpiece.com\/fr\/produit\/jl3km2-job-link-system-dual-port-manometer-probe-kit\/#primaryimage"},"image":{"@id":"https:\/\/www.fieldpiece.com\/fr\/produit\/jl3km2-job-link-system-dual-port-manometer-probe-kit\/#primaryimage"},"thumbnailUrl":"https:\/\/resources.fieldpiece.com\/wp-content\/uploads\/2021\/01\/JL3-Probes-470x470-01.png","datePublished":"2020-11-02T11:31:57+00:00","dateModified":"2021-11-22T12:47:24+00:00","breadcrumb":{"@id":"https:\/\/www.fieldpiece.com\/fr\/produit\/jl3km2-job-link-system-dual-port-manometer-probe-kit\/#breadcrumb"},"inLanguage":"fr-FR","potentialAction":[{"@type":"ReadAction","target":["https:\/\/www.fieldpiece.com\/fr\/produit\/jl3km2-job-link-system-dual-port-manometer-probe-kit\/"]}]},{"@type":"ImageObject","inLanguage":"fr-FR","@id":"https:\/\/www.fieldpiece.com\/fr\/produit\/jl3km2-job-link-system-dual-port-manometer-probe-kit\/#primaryimage","url":"https:\/\/resources.fieldpiece.com\/wp-content\/uploads\/2021\/01\/JL3-Probes-470x470-01.png","contentUrl":"https:\/\/resources.fieldpiece.com\/wp-content\/uploads\/2021\/01\/JL3-Probes-470x470-01.png","width":470,"height":470,"caption":"JL3KM2 Job Link System Dual Port Manometer Probe Kit"},{"@type":"BreadcrumbList","@id":"https:\/\/www.fieldpiece.com\/fr\/produit\/jl3km2-job-link-system-dual-port-manometer-probe-kit\/#breadcrumb","itemListElement":[{"@type":"ListItem","position":1,"name":"Home","item":"https:\/\/www.fieldpiece.com\/fr\/"},{"@type":"ListItem","position":2,"name":"Shop","item":"https:\/\/www.fieldpiece.com\/shop\/"},{"@type":"ListItem","position":3,"name":"JL3KM2 &#8211; Kit de sondes de manom\u00e8tre \u00e0 port double du syst\u00e8me Job Link\u00ae"}]},{"@type":"WebSite","@id":"https:\/\/www.fieldpiece.com\/fr\/#website","url":"https:\/\/www.fieldpiece.com\/fr\/","name":"Fieldpiece Instruments","description":"","publisher":{"@id":"https:\/\/www.fieldpiece.com\/fr\/#organization"},"potentialAction":[{"@type":"SearchAction","target":{"@type":"EntryPoint","urlTemplate":"https:\/\/www.fieldpiece.com\/fr\/?s={search_term_string}"},"query-input":{"@type":"PropertyValueSpecification","valueRequired":true,"valueName":"search_term_string"}}],"inLanguage":"fr-FR"},{"@type":"Organization","@id":"https:\/\/www.fieldpiece.com\/fr\/#organization","name":"Fieldpiece Instruments","url":"https:\/\/www.fieldpiece.com\/fr\/","logo":{"@type":"ImageObject","inLanguage":"fr-FR","@id":"https:\/\/www.fieldpiece.com\/fr\/#\/schema\/logo\/image\/","url":"https:\/\/resources.fieldpiece.com\/wp-content\/uploads\/2021\/02\/Logos-490x358-1.jpg","contentUrl":"https:\/\/resources.fieldpiece.com\/wp-content\/uploads\/2021\/02\/Logos-490x358-1.jpg","width":490,"height":358,"caption":"Fieldpiece Instruments"},"image":{"@id":"https:\/\/www.fieldpiece.com\/fr\/#\/schema\/logo\/image\/"}}]}},"_links":{"self":[{"href":"https:\/\/www.fieldpiece.com\/fr\/wp-json\/wp\/v2\/product\/28984","targetHints":{"allow":["GET"]}}],"collection":[{"href":"https:\/\/www.fieldpiece.com\/fr\/wp-json\/wp\/v2\/product"}],"about":[{"href":"https:\/\/www.fieldpiece.com\/fr\/wp-json\/wp\/v2\/types\/product"}],"replies":[{"embeddable":true,"href":"https:\/\/www.fieldpiece.com\/fr\/wp-json\/wp\/v2\/comments?post=28984"}],"wp:featuredmedia":[{"embeddable":true,"href":"https:\/\/www.fieldpiece.com\/fr\/wp-json\/wp\/v2\/media\/26892"}],"wp:attachment":[{"href":"https:\/\/www.fieldpiece.com\/fr\/wp-json\/wp\/v2\/media?parent=28984"}],"wp:term":[{"taxonomy":"product_brand","embeddable":true,"href":"https:\/\/www.fieldpiece.com\/fr\/wp-json\/wp\/v2\/product_brand?post=28984"},{"taxonomy":"product_cat","embeddable":true,"href":"https:\/\/www.fieldpiece.com\/fr\/wp-json\/wp\/v2\/product_cat?post=28984"},{"taxonomy":"product_tag","embeddable":true,"href":"https:\/\/www.fieldpiece.com\/fr\/wp-json\/wp\/v2\/product_tag?post=28984"}],"curies":[{"name":"wp","href":"https:\/\/api.w.org\/{rel}","templated":true}]}}