	{"id":28835,"date":"2020-11-02T11:30:13","date_gmt":"2020-11-02T11:30:13","guid":{"rendered":"https:\/\/www.fieldpiece.com\/product\/srs1-residential-light-commercial-refrigerant-scale\/"},"modified":"2021-11-16T03:02:35","modified_gmt":"2021-11-16T11:02:35","slug":"srs1-residential-light-commercial-refrigerant-scale","status":"publish","type":"product","link":"https:\/\/www.fieldpiece.com\/fr\/produit\/srs1-residential-light-commercial-refrigerant-scale\/","title":{"rendered":"SRS1 &#8211; Balance pour fluide frigorig\u00e8ne, utilisation commerciale l\u00e9g\u00e8re et r\u00e9sidentielle"},"content":{"rendered":"<p>Alarmes de poids de chargement et de r\u00e9cup\u00e9ration<br \/>\nFacile \u00e0 transporter<br \/>\nR\u00e9solution de 0,01\u00a0kg (0,25\u00a0oz)<br \/>\nR\u00e9sistant \u00e0 l&rsquo;eau  <\/p>\n<p>La nouvelle balance pour fluide frigorig\u00e8ne SRS1 est suffisamment large pour tenir un bidon mais suffisamment compacte et l\u00e9g\u00e8re pour \u00eatre facilement transport\u00e9e.\u00a0 P\u00e8se une charge maximale de 50\u00a0kg (110\u00a0lb) par incr\u00e9ments de 0,01\u00a0kg (0,25\u00a0oz).<\/p>\n<p><strong>Robuste<\/strong> &#8211; La balance SRS1 offre la robustesse n\u00e9cessaire pour les travaux de CVCR\u00a0; ses parois en aluminium \u00e9pais assurent l&rsquo;exactitude des mesures, et ses pieds et sa plateforme en caoutchouc r\u00e9duisent l&rsquo;impact d&rsquo;une utilisation quotidienne.\u00a0 De plus, elle est r\u00e9sistante \u00e0 l&rsquo;eau.\u00a0 La balance elle-m\u00eame peut r\u00e9sister \u00e0 une averse, tandis que la poign\u00e9e n\u00e9cessite un peu plus de soin en raison des \u00e9l\u00e9ments \u00e9lectroniques qu&rsquo;elle contient (elle peut r\u00e9sister \u00e0 une l\u00e9g\u00e8re pluie mais ne l&rsquo;immergez pas dans l&rsquo;eau).<\/p>\n<p><strong>Alarmes de chargement et de r\u00e9cup\u00e9ration<\/strong> &#8211; Vous pouvez programmer rapidement une alarme de chargement ou de r\u00e9cup\u00e9ration au moyen du large clavier num\u00e9rique sans avoir \u00e0 faire d\u00e9filer les chiffres.\u00a0 Une fois que le volume de fluide frigorig\u00e8ne \u00e0 charger ou \u00e0 r\u00e9cup\u00e9rer est programm\u00e9, vous pouvez passer \u00e0 d&rsquo;autres t\u00e2ches sachant que l&rsquo;alarme retentira d\u00e8s que le seuil sera atteint.<\/p>\n<p><strong>Facile \u00e0 transporter<\/strong> &#8211; Gr\u00e2ce \u00e0 son faible poids (environ 3\u00a0kg) et sa sacoche souple robuste, la balance pour fluide frigorig\u00e8ne SRS1 est facile \u00e0 porter en bandouli\u00e8re lorsque vous avez d&rsquo;autres choses \u00e0 porter ou devez monter \u00e0 une \u00e9chelle.<\/p>\n<p>Inclus\u00a0: <\/p>\n<ul>\n<li>Balance et poign\u00e9e SRS1<\/li>\n<li>Sacoche souple rembourr\u00e9e avec bandouli\u00e8re<\/li>\n<\/ul>\n","protected":false},"excerpt":{"rendered":"<p>Alarmes de poids de chargement et de r\u00e9cup\u00e9ration Facile \u00e0 transporter R\u00e9solution de 0,01\u00a0kg (0,25\u00a0oz) R\u00e9sistant \u00e0 l&rsquo;eau La nouvelle &#8230;<\/p>\n","protected":false},"featured_media":28841,"comment_status":"open","ping_status":"closed","template":"","meta":{"_acf_changed":false},"product_brand":[],"product_cat":[300],"product_tag":[],"class_list":{"0":"post-28835","1":"product","2":"type-product","3":"status-publish","4":"has-post-thumbnail","6":"product_cat-scales-fr","8":"first","9":"instock","10":"shipping-taxable","11":"product-type-simple"},"acf":[],"yoast_head":"<!-- This site is optimized with the Yoast SEO plugin v27.2 - https:\/\/yoast.com\/product\/yoast-seo-wordpress\/ -->\n<title>SRS1 - Balance pour fluide frigorig\u00e8ne, utilisation commerciale l\u00e9g\u00e8re et r\u00e9sidentielle - Fieldpiece Instruments<\/title>\n<meta name=\"robots\" content=\"index, follow, max-snippet:-1, max-image-preview:large, max-video-preview:-1\" \/>\n<link rel=\"canonical\" href=\"https:\/\/www.fieldpiece.com\/fr\/produit\/srs1-residential-light-commercial-refrigerant-scale\/\" \/>\n<meta property=\"og:locale\" content=\"fr_FR\" \/>\n<meta property=\"og:type\" content=\"article\" \/>\n<meta property=\"og:title\" content=\"SRS1 - Balance pour fluide frigorig\u00e8ne, utilisation commerciale l\u00e9g\u00e8re et r\u00e9sidentielle - Fieldpiece Instruments\" \/>\n<meta property=\"og:description\" content=\"Alarmes de poids de chargement et de r\u00e9cup\u00e9ration Facile \u00e0 transporter R\u00e9solution de 0,01\u00a0kg (0,25\u00a0oz) R\u00e9sistant \u00e0 l&rsquo;eau La nouvelle ...\" \/>\n<meta property=\"og:url\" content=\"https:\/\/www.fieldpiece.com\/fr\/produit\/srs1-residential-light-commercial-refrigerant-scale\/\" \/>\n<meta property=\"og:site_name\" content=\"Fieldpiece Instruments\" \/>\n<meta property=\"article:modified_time\" content=\"2021-11-16T11:02:35+00:00\" \/>\n<meta property=\"og:image\" content=\"https:\/\/resources.fieldpiece.com\/wp-content\/uploads\/2021\/01\/SRS1-SRC-Product-01.png\" \/>\n\t<meta property=\"og:image:width\" content=\"470\" \/>\n\t<meta property=\"og:image:height\" content=\"470\" \/>\n\t<meta property=\"og:image:type\" content=\"image\/png\" \/>\n<meta name=\"twitter:card\" content=\"summary_large_image\" \/>\n<meta name=\"twitter:label1\" content=\"Dur\u00e9e de lecture estim\u00e9e\" \/>\n\t<meta name=\"twitter:data1\" content=\"1 minute\" \/>\n<script type=\"application\/ld+json\" class=\"yoast-schema-graph\">{\"@context\":\"https:\/\/schema.org\",\"@graph\":[{\"@type\":\"WebPage\",\"@id\":\"https:\/\/www.fieldpiece.com\/fr\/produit\/srs1-residential-light-commercial-refrigerant-scale\/\",\"url\":\"https:\/\/www.fieldpiece.com\/fr\/produit\/srs1-residential-light-commercial-refrigerant-scale\/\",\"name\":\"SRS1 - Balance pour fluide frigorig\u00e8ne, utilisation commerciale l\u00e9g\u00e8re et r\u00e9sidentielle - Fieldpiece Instruments\",\"isPartOf\":{\"@id\":\"https:\/\/www.fieldpiece.com\/fr\/#website\"},\"primaryImageOfPage\":{\"@id\":\"https:\/\/www.fieldpiece.com\/fr\/produit\/srs1-residential-light-commercial-refrigerant-scale\/#primaryimage\"},\"image\":{\"@id\":\"https:\/\/www.fieldpiece.com\/fr\/produit\/srs1-residential-light-commercial-refrigerant-scale\/#primaryimage\"},\"thumbnailUrl\":\"https:\/\/resources.fieldpiece.com\/wp-content\/uploads\/2021\/01\/SRS1-SRC-Product-01.png\",\"datePublished\":\"2020-11-02T11:30:13+00:00\",\"dateModified\":\"2021-11-16T11:02:35+00:00\",\"breadcrumb\":{\"@id\":\"https:\/\/www.fieldpiece.com\/fr\/produit\/srs1-residential-light-commercial-refrigerant-scale\/#breadcrumb\"},\"inLanguage\":\"fr-FR\",\"potentialAction\":[{\"@type\":\"ReadAction\",\"target\":[\"https:\/\/www.fieldpiece.com\/fr\/produit\/srs1-residential-light-commercial-refrigerant-scale\/\"]}]},{\"@type\":\"ImageObject\",\"inLanguage\":\"fr-FR\",\"@id\":\"https:\/\/www.fieldpiece.com\/fr\/produit\/srs1-residential-light-commercial-refrigerant-scale\/#primaryimage\",\"url\":\"https:\/\/resources.fieldpiece.com\/wp-content\/uploads\/2021\/01\/SRS1-SRC-Product-01.png\",\"contentUrl\":\"https:\/\/resources.fieldpiece.com\/wp-content\/uploads\/2021\/01\/SRS1-SRC-Product-01.png\",\"width\":470,\"height\":470,\"caption\":\"SRS1 - Digital Commercial Refrigerant Scale\"},{\"@type\":\"BreadcrumbList\",\"@id\":\"https:\/\/www.fieldpiece.com\/fr\/produit\/srs1-residential-light-commercial-refrigerant-scale\/#breadcrumb\",\"itemListElement\":[{\"@type\":\"ListItem\",\"position\":1,\"name\":\"Home\",\"item\":\"https:\/\/www.fieldpiece.com\/fr\/\"},{\"@type\":\"ListItem\",\"position\":2,\"name\":\"Shop\",\"item\":\"https:\/\/www.fieldpiece.com\/shop\/\"},{\"@type\":\"ListItem\",\"position\":3,\"name\":\"SRS1 &#8211; Balance pour fluide frigorig\u00e8ne, utilisation commerciale l\u00e9g\u00e8re et r\u00e9sidentielle\"}]},{\"@type\":\"WebSite\",\"@id\":\"https:\/\/www.fieldpiece.com\/fr\/#website\",\"url\":\"https:\/\/www.fieldpiece.com\/fr\/\",\"name\":\"Fieldpiece Instruments\",\"description\":\"\",\"publisher\":{\"@id\":\"https:\/\/www.fieldpiece.com\/fr\/#organization\"},\"potentialAction\":[{\"@type\":\"SearchAction\",\"target\":{\"@type\":\"EntryPoint\",\"urlTemplate\":\"https:\/\/www.fieldpiece.com\/fr\/?s={search_term_string}\"},\"query-input\":{\"@type\":\"PropertyValueSpecification\",\"valueRequired\":true,\"valueName\":\"search_term_string\"}}],\"inLanguage\":\"fr-FR\"},{\"@type\":\"Organization\",\"@id\":\"https:\/\/www.fieldpiece.com\/fr\/#organization\",\"name\":\"Fieldpiece Instruments\",\"url\":\"https:\/\/www.fieldpiece.com\/fr\/\",\"logo\":{\"@type\":\"ImageObject\",\"inLanguage\":\"fr-FR\",\"@id\":\"https:\/\/www.fieldpiece.com\/fr\/#\/schema\/logo\/image\/\",\"url\":\"https:\/\/resources.fieldpiece.com\/wp-content\/uploads\/2021\/02\/Logos-490x358-1.jpg\",\"contentUrl\":\"https:\/\/resources.fieldpiece.com\/wp-content\/uploads\/2021\/02\/Logos-490x358-1.jpg\",\"width\":490,\"height\":358,\"caption\":\"Fieldpiece Instruments\"},\"image\":{\"@id\":\"https:\/\/www.fieldpiece.com\/fr\/#\/schema\/logo\/image\/\"}}]}<\/script>\n<!-- \/ Yoast SEO plugin. -->","yoast_head_json":{"title":"SRS1 - Balance pour fluide frigorig\u00e8ne, utilisation commerciale l\u00e9g\u00e8re et r\u00e9sidentielle - Fieldpiece Instruments","robots":{"index":"index","follow":"follow","max-snippet":"max-snippet:-1","max-image-preview":"max-image-preview:large","max-video-preview":"max-video-preview:-1"},"canonical":"https:\/\/www.fieldpiece.com\/fr\/produit\/srs1-residential-light-commercial-refrigerant-scale\/","og_locale":"fr_FR","og_type":"article","og_title":"SRS1 - Balance pour fluide frigorig\u00e8ne, utilisation commerciale l\u00e9g\u00e8re et r\u00e9sidentielle - Fieldpiece Instruments","og_description":"Alarmes de poids de chargement et de r\u00e9cup\u00e9ration Facile \u00e0 transporter R\u00e9solution de 0,01\u00a0kg (0,25\u00a0oz) R\u00e9sistant \u00e0 l&rsquo;eau La nouvelle ...","og_url":"https:\/\/www.fieldpiece.com\/fr\/produit\/srs1-residential-light-commercial-refrigerant-scale\/","og_site_name":"Fieldpiece Instruments","article_modified_time":"2021-11-16T11:02:35+00:00","og_image":[{"width":470,"height":470,"url":"https:\/\/resources.fieldpiece.com\/wp-content\/uploads\/2021\/01\/SRS1-SRC-Product-01.png","type":"image\/png"}],"twitter_card":"summary_large_image","twitter_misc":{"Dur\u00e9e de lecture estim\u00e9e":"1 minute"},"schema":{"@context":"https:\/\/schema.org","@graph":[{"@type":"WebPage","@id":"https:\/\/www.fieldpiece.com\/fr\/produit\/srs1-residential-light-commercial-refrigerant-scale\/","url":"https:\/\/www.fieldpiece.com\/fr\/produit\/srs1-residential-light-commercial-refrigerant-scale\/","name":"SRS1 - Balance pour fluide frigorig\u00e8ne, utilisation commerciale l\u00e9g\u00e8re et r\u00e9sidentielle - Fieldpiece Instruments","isPartOf":{"@id":"https:\/\/www.fieldpiece.com\/fr\/#website"},"primaryImageOfPage":{"@id":"https:\/\/www.fieldpiece.com\/fr\/produit\/srs1-residential-light-commercial-refrigerant-scale\/#primaryimage"},"image":{"@id":"https:\/\/www.fieldpiece.com\/fr\/produit\/srs1-residential-light-commercial-refrigerant-scale\/#primaryimage"},"thumbnailUrl":"https:\/\/resources.fieldpiece.com\/wp-content\/uploads\/2021\/01\/SRS1-SRC-Product-01.png","datePublished":"2020-11-02T11:30:13+00:00","dateModified":"2021-11-16T11:02:35+00:00","breadcrumb":{"@id":"https:\/\/www.fieldpiece.com\/fr\/produit\/srs1-residential-light-commercial-refrigerant-scale\/#breadcrumb"},"inLanguage":"fr-FR","potentialAction":[{"@type":"ReadAction","target":["https:\/\/www.fieldpiece.com\/fr\/produit\/srs1-residential-light-commercial-refrigerant-scale\/"]}]},{"@type":"ImageObject","inLanguage":"fr-FR","@id":"https:\/\/www.fieldpiece.com\/fr\/produit\/srs1-residential-light-commercial-refrigerant-scale\/#primaryimage","url":"https:\/\/resources.fieldpiece.com\/wp-content\/uploads\/2021\/01\/SRS1-SRC-Product-01.png","contentUrl":"https:\/\/resources.fieldpiece.com\/wp-content\/uploads\/2021\/01\/SRS1-SRC-Product-01.png","width":470,"height":470,"caption":"SRS1 - Digital Commercial Refrigerant Scale"},{"@type":"BreadcrumbList","@id":"https:\/\/www.fieldpiece.com\/fr\/produit\/srs1-residential-light-commercial-refrigerant-scale\/#breadcrumb","itemListElement":[{"@type":"ListItem","position":1,"name":"Home","item":"https:\/\/www.fieldpiece.com\/fr\/"},{"@type":"ListItem","position":2,"name":"Shop","item":"https:\/\/www.fieldpiece.com\/shop\/"},{"@type":"ListItem","position":3,"name":"SRS1 &#8211; Balance pour fluide frigorig\u00e8ne, utilisation commerciale l\u00e9g\u00e8re et r\u00e9sidentielle"}]},{"@type":"WebSite","@id":"https:\/\/www.fieldpiece.com\/fr\/#website","url":"https:\/\/www.fieldpiece.com\/fr\/","name":"Fieldpiece Instruments","description":"","publisher":{"@id":"https:\/\/www.fieldpiece.com\/fr\/#organization"},"potentialAction":[{"@type":"SearchAction","target":{"@type":"EntryPoint","urlTemplate":"https:\/\/www.fieldpiece.com\/fr\/?s={search_term_string}"},"query-input":{"@type":"PropertyValueSpecification","valueRequired":true,"valueName":"search_term_string"}}],"inLanguage":"fr-FR"},{"@type":"Organization","@id":"https:\/\/www.fieldpiece.com\/fr\/#organization","name":"Fieldpiece Instruments","url":"https:\/\/www.fieldpiece.com\/fr\/","logo":{"@type":"ImageObject","inLanguage":"fr-FR","@id":"https:\/\/www.fieldpiece.com\/fr\/#\/schema\/logo\/image\/","url":"https:\/\/resources.fieldpiece.com\/wp-content\/uploads\/2021\/02\/Logos-490x358-1.jpg","contentUrl":"https:\/\/resources.fieldpiece.com\/wp-content\/uploads\/2021\/02\/Logos-490x358-1.jpg","width":490,"height":358,"caption":"Fieldpiece Instruments"},"image":{"@id":"https:\/\/www.fieldpiece.com\/fr\/#\/schema\/logo\/image\/"}}]}},"_links":{"self":[{"href":"https:\/\/www.fieldpiece.com\/fr\/wp-json\/wp\/v2\/product\/28835","targetHints":{"allow":["GET"]}}],"collection":[{"href":"https:\/\/www.fieldpiece.com\/fr\/wp-json\/wp\/v2\/product"}],"about":[{"href":"https:\/\/www.fieldpiece.com\/fr\/wp-json\/wp\/v2\/types\/product"}],"replies":[{"embeddable":true,"href":"https:\/\/www.fieldpiece.com\/fr\/wp-json\/wp\/v2\/comments?post=28835"}],"wp:featuredmedia":[{"embeddable":true,"href":"https:\/\/www.fieldpiece.com\/fr\/wp-json\/wp\/v2\/media\/28841"}],"wp:attachment":[{"href":"https:\/\/www.fieldpiece.com\/fr\/wp-json\/wp\/v2\/media?parent=28835"}],"wp:term":[{"taxonomy":"product_brand","embeddable":true,"href":"https:\/\/www.fieldpiece.com\/fr\/wp-json\/wp\/v2\/product_brand?post=28835"},{"taxonomy":"product_cat","embeddable":true,"href":"https:\/\/www.fieldpiece.com\/fr\/wp-json\/wp\/v2\/product_cat?post=28835"},{"taxonomy":"product_tag","embeddable":true,"href":"https:\/\/www.fieldpiece.com\/fr\/wp-json\/wp\/v2\/product_tag?post=28835"}],"curies":[{"name":"wp","href":"https:\/\/api.w.org\/{rel}","templated":true}]}}