	{"id":28792,"date":"2020-11-02T11:30:06","date_gmt":"2020-11-02T11:30:06","guid":{"rendered":"https:\/\/www.fieldpiece.com\/product\/sc640-loaded-clamp-meter\/"},"modified":"2021-10-31T22:08:01","modified_gmt":"2021-11-01T05:08:01","slug":"sc640-loaded-clamp-meter","status":"publish","type":"product","link":"https:\/\/www.fieldpiece.com\/fr\/produit\/sc640-loaded-clamp-meter\/","title":{"rendered":"SC640 &#8211; Multim\u00e8tre \u00e0 pinces complet"},"content":{"rendered":"<p>T\u00eate pivotante avec lampe de poche \u00e0 LED de pince<br \/>\nR\u00e9tro-\u00e9clairage du cadran de s\u00e9lection<br \/>\nGrand affichage r\u00e9tro-\u00e9clair\u00e9<br \/>\nSangle magn\u00e9tique<br \/>\nLogement pour fils conducteurs  <\/p>\n<p>La pince multim\u00e8tre SC640 comprend davantage de fonctionnalit\u00e9s et de mesures que tout autre pince multim\u00e8tre disponible dans le secteur de CVCR.\u00a0 Le SC640 complet comprend un logement pour fils conducteurs, une t\u00eate pivotante, un support pour fils conducteurs, une sangle magn\u00e9tique robuste, une lampe sur la pince et un cadran r\u00e9tro-\u00e9clair\u00e9 pour facilement choisir le bon relev\u00e9 dans les espaces mal \u00e9clair\u00e9s.\u00a0 Le SC640 comprend tous les relev\u00e9s \u00e9lectriques que les pros de CVCR utilisent tous les jours, avec des fonctionnalit\u00e9s telles que MQ r\u00e9elle, courant d&rsquo;appel, capacit\u00e9, temp\u00e9rature, pourcentage d&rsquo;utilisation et microamp\u00e8res CC.<\/p>\n<p>Le multim\u00e8tre \u00e0 pince haut de gamme SC640 aide les professionnels de CVCR \u00e0 \u00eatre plus productifs, jour apr\u00e8s jour\u00a0: <\/p>\n<ul>\n<li>Tension CA\/CC<\/li>\n<li>MQ r\u00e9elle<\/li>\n<li>Courant d&rsquo;appel<\/li>\n<li>Pince pivotante<\/li>\n<li>Sangle magn\u00e9tique<\/li>\n<li>Rangement pour sonde<\/li>\n<li>Affichage double<\/li>\n<li>Temp\u00e9rature (\u00b0C\/\u00b0F)<\/li>\n<li>Capacit\u00e9<\/li>\n<li>Pourcentage d&rsquo;utilisation (%)<\/li>\n<li>400 A CA<\/li>\n<li>Microamp\u00e8res CC<\/li>\n<li>Fr\u00e9quence via fils conducteurs et pince<\/li>\n<li>D\u00e9tection de tension sans contact (NCV)<\/li>\n<li>50 m\u00e9gaohms avec r\u00e9solution de 0,1<\/li>\n<li>Continuit\u00e9<\/li>\n<li>Test des diodes<\/li>\n<li>M\u00e9morisation<\/li>\n<li>Rangement pour sonde de pince<\/li>\n<li>R\u00e9tro-\u00e9clairage de cadran<\/li>\n<li>Lampe sur pince<\/li>\n<li>LCD r\u00e9tro-\u00e9clair\u00e9<\/li>\n<li>Indicateur de batterie faible<\/li>\n<li>Avertissement haute tension<\/li>\n<\/ul>\n<p>Inclus\u00a0: <\/p>\n<ul>\n<li>Multim\u00e8tre SC640<\/li>\n<li>Ensemble de fils conducteurs de luxe en silicone avec embouts plaqu\u00e9s or et gaines amovibles ADLS2<\/li>\n<li>Thermocouple de type K ATB1<\/li>\n<li>ASA2 &#8211; Extensions courtes de fils conducteurs \u00e0 pince crocodile<\/li>\n<li>Bande velcro<\/li>\n<li>Pile 9\u00a0V<\/li>\n<li>\u00c9tui rembourr\u00e9 ANC7<\/li>\n<\/ul>\n","protected":false},"excerpt":{"rendered":"<p>T\u00eate pivotante avec lampe de poche \u00e0 LED de pince R\u00e9tro-\u00e9clairage du cadran de s\u00e9lection Grand affichage r\u00e9tro-\u00e9clair\u00e9 Sangle magn\u00e9tique &#8230;<\/p>\n","protected":false},"featured_media":28798,"comment_status":"open","ping_status":"closed","template":"","meta":{"_acf_changed":false},"product_brand":[],"product_cat":[131,130],"product_tag":[],"class_list":{"0":"post-28792","1":"product","2":"type-product","3":"status-publish","4":"has-post-thumbnail","6":"product_cat-electrical-meters-fr-2","7":"product_cat-clamp-meters-fr-2","9":"first","10":"instock","11":"shipping-taxable","12":"product-type-simple"},"acf":[],"yoast_head":"<!-- This site is optimized with the Yoast SEO plugin v27.3 - https:\/\/yoast.com\/product\/yoast-seo-wordpress\/ -->\n<title>SC640 - Multim\u00e8tre \u00e0 pinces complet - Fieldpiece Instruments<\/title>\n<meta name=\"robots\" content=\"index, follow, max-snippet:-1, max-image-preview:large, max-video-preview:-1\" \/>\n<link rel=\"canonical\" href=\"https:\/\/www.fieldpiece.com\/fr\/produit\/sc640-loaded-clamp-meter\/\" \/>\n<meta property=\"og:locale\" content=\"fr_FR\" \/>\n<meta property=\"og:type\" content=\"article\" \/>\n<meta property=\"og:title\" content=\"SC640 - Multim\u00e8tre \u00e0 pinces complet - Fieldpiece Instruments\" \/>\n<meta property=\"og:description\" content=\"T\u00eate pivotante avec lampe de poche \u00e0 LED de pince R\u00e9tro-\u00e9clairage du cadran de s\u00e9lection Grand affichage r\u00e9tro-\u00e9clair\u00e9 Sangle magn\u00e9tique ...\" \/>\n<meta property=\"og:url\" content=\"https:\/\/www.fieldpiece.com\/fr\/produit\/sc640-loaded-clamp-meter\/\" \/>\n<meta property=\"og:site_name\" content=\"Fieldpiece Instruments\" \/>\n<meta property=\"article:modified_time\" content=\"2021-11-01T05:08:01+00:00\" \/>\n<meta property=\"og:image\" content=\"https:\/\/resources.fieldpiece.com\/wp-content\/uploads\/2021\/01\/SC640-SRC-product.png\" \/>\n\t<meta property=\"og:image:width\" content=\"470\" \/>\n\t<meta property=\"og:image:height\" content=\"470\" \/>\n\t<meta property=\"og:image:type\" content=\"image\/png\" \/>\n<meta name=\"twitter:card\" content=\"summary_large_image\" \/>\n<meta name=\"twitter:label1\" content=\"Dur\u00e9e de lecture estim\u00e9e\" \/>\n\t<meta name=\"twitter:data1\" content=\"1 minute\" \/>\n<script type=\"application\/ld+json\" class=\"yoast-schema-graph\">{\"@context\":\"https:\\\/\\\/schema.org\",\"@graph\":[{\"@type\":\"WebPage\",\"@id\":\"https:\\\/\\\/www.fieldpiece.com\\\/fr\\\/produit\\\/sc640-loaded-clamp-meter\\\/\",\"url\":\"https:\\\/\\\/www.fieldpiece.com\\\/fr\\\/produit\\\/sc640-loaded-clamp-meter\\\/\",\"name\":\"SC640 - Multim\u00e8tre \u00e0 pinces complet - Fieldpiece Instruments\",\"isPartOf\":{\"@id\":\"https:\\\/\\\/www.fieldpiece.com\\\/fr\\\/#website\"},\"primaryImageOfPage\":{\"@id\":\"https:\\\/\\\/www.fieldpiece.com\\\/fr\\\/produit\\\/sc640-loaded-clamp-meter\\\/#primaryimage\"},\"image\":{\"@id\":\"https:\\\/\\\/www.fieldpiece.com\\\/fr\\\/produit\\\/sc640-loaded-clamp-meter\\\/#primaryimage\"},\"thumbnailUrl\":\"https:\\\/\\\/resources.fieldpiece.com\\\/wp-content\\\/uploads\\\/2021\\\/01\\\/SC640-SRC-product.png\",\"datePublished\":\"2020-11-02T11:30:06+00:00\",\"dateModified\":\"2021-11-01T05:08:01+00:00\",\"breadcrumb\":{\"@id\":\"https:\\\/\\\/www.fieldpiece.com\\\/fr\\\/produit\\\/sc640-loaded-clamp-meter\\\/#breadcrumb\"},\"inLanguage\":\"fr-FR\",\"potentialAction\":[{\"@type\":\"ReadAction\",\"target\":[\"https:\\\/\\\/www.fieldpiece.com\\\/fr\\\/produit\\\/sc640-loaded-clamp-meter\\\/\"]}]},{\"@type\":\"ImageObject\",\"inLanguage\":\"fr-FR\",\"@id\":\"https:\\\/\\\/www.fieldpiece.com\\\/fr\\\/produit\\\/sc640-loaded-clamp-meter\\\/#primaryimage\",\"url\":\"https:\\\/\\\/resources.fieldpiece.com\\\/wp-content\\\/uploads\\\/2021\\\/01\\\/SC640-SRC-product.png\",\"contentUrl\":\"https:\\\/\\\/resources.fieldpiece.com\\\/wp-content\\\/uploads\\\/2021\\\/01\\\/SC640-SRC-product.png\",\"width\":470,\"height\":470,\"caption\":\"SC640 - 400A Loaded Swivel Clamp Meter\"},{\"@type\":\"BreadcrumbList\",\"@id\":\"https:\\\/\\\/www.fieldpiece.com\\\/fr\\\/produit\\\/sc640-loaded-clamp-meter\\\/#breadcrumb\",\"itemListElement\":[{\"@type\":\"ListItem\",\"position\":1,\"name\":\"Home\",\"item\":\"https:\\\/\\\/www.fieldpiece.com\\\/fr\\\/\"},{\"@type\":\"ListItem\",\"position\":2,\"name\":\"Shop\",\"item\":\"https:\\\/\\\/www.fieldpiece.com\\\/shop\\\/\"},{\"@type\":\"ListItem\",\"position\":3,\"name\":\"SC640 &#8211; Multim\u00e8tre \u00e0 pinces complet\"}]},{\"@type\":\"WebSite\",\"@id\":\"https:\\\/\\\/www.fieldpiece.com\\\/fr\\\/#website\",\"url\":\"https:\\\/\\\/www.fieldpiece.com\\\/fr\\\/\",\"name\":\"Fieldpiece Instruments\",\"description\":\"\",\"publisher\":{\"@id\":\"https:\\\/\\\/www.fieldpiece.com\\\/fr\\\/#organization\"},\"potentialAction\":[{\"@type\":\"SearchAction\",\"target\":{\"@type\":\"EntryPoint\",\"urlTemplate\":\"https:\\\/\\\/www.fieldpiece.com\\\/fr\\\/?s={search_term_string}\"},\"query-input\":{\"@type\":\"PropertyValueSpecification\",\"valueRequired\":true,\"valueName\":\"search_term_string\"}}],\"inLanguage\":\"fr-FR\"},{\"@type\":\"Organization\",\"@id\":\"https:\\\/\\\/www.fieldpiece.com\\\/fr\\\/#organization\",\"name\":\"Fieldpiece Instruments\",\"url\":\"https:\\\/\\\/www.fieldpiece.com\\\/fr\\\/\",\"logo\":{\"@type\":\"ImageObject\",\"inLanguage\":\"fr-FR\",\"@id\":\"https:\\\/\\\/www.fieldpiece.com\\\/fr\\\/#\\\/schema\\\/logo\\\/image\\\/\",\"url\":\"https:\\\/\\\/resources.fieldpiece.com\\\/wp-content\\\/uploads\\\/2021\\\/02\\\/Logos-490x358-1.jpg\",\"contentUrl\":\"https:\\\/\\\/resources.fieldpiece.com\\\/wp-content\\\/uploads\\\/2021\\\/02\\\/Logos-490x358-1.jpg\",\"width\":490,\"height\":358,\"caption\":\"Fieldpiece Instruments\"},\"image\":{\"@id\":\"https:\\\/\\\/www.fieldpiece.com\\\/fr\\\/#\\\/schema\\\/logo\\\/image\\\/\"}}]}<\/script>\n<!-- \/ Yoast SEO plugin. -->","yoast_head_json":{"title":"SC640 - Multim\u00e8tre \u00e0 pinces complet - Fieldpiece Instruments","robots":{"index":"index","follow":"follow","max-snippet":"max-snippet:-1","max-image-preview":"max-image-preview:large","max-video-preview":"max-video-preview:-1"},"canonical":"https:\/\/www.fieldpiece.com\/fr\/produit\/sc640-loaded-clamp-meter\/","og_locale":"fr_FR","og_type":"article","og_title":"SC640 - Multim\u00e8tre \u00e0 pinces complet - Fieldpiece Instruments","og_description":"T\u00eate pivotante avec lampe de poche \u00e0 LED de pince R\u00e9tro-\u00e9clairage du cadran de s\u00e9lection Grand affichage r\u00e9tro-\u00e9clair\u00e9 Sangle magn\u00e9tique ...","og_url":"https:\/\/www.fieldpiece.com\/fr\/produit\/sc640-loaded-clamp-meter\/","og_site_name":"Fieldpiece Instruments","article_modified_time":"2021-11-01T05:08:01+00:00","og_image":[{"width":470,"height":470,"url":"https:\/\/resources.fieldpiece.com\/wp-content\/uploads\/2021\/01\/SC640-SRC-product.png","type":"image\/png"}],"twitter_card":"summary_large_image","twitter_misc":{"Dur\u00e9e de lecture estim\u00e9e":"1 minute"},"schema":{"@context":"https:\/\/schema.org","@graph":[{"@type":"WebPage","@id":"https:\/\/www.fieldpiece.com\/fr\/produit\/sc640-loaded-clamp-meter\/","url":"https:\/\/www.fieldpiece.com\/fr\/produit\/sc640-loaded-clamp-meter\/","name":"SC640 - Multim\u00e8tre \u00e0 pinces complet - Fieldpiece Instruments","isPartOf":{"@id":"https:\/\/www.fieldpiece.com\/fr\/#website"},"primaryImageOfPage":{"@id":"https:\/\/www.fieldpiece.com\/fr\/produit\/sc640-loaded-clamp-meter\/#primaryimage"},"image":{"@id":"https:\/\/www.fieldpiece.com\/fr\/produit\/sc640-loaded-clamp-meter\/#primaryimage"},"thumbnailUrl":"https:\/\/resources.fieldpiece.com\/wp-content\/uploads\/2021\/01\/SC640-SRC-product.png","datePublished":"2020-11-02T11:30:06+00:00","dateModified":"2021-11-01T05:08:01+00:00","breadcrumb":{"@id":"https:\/\/www.fieldpiece.com\/fr\/produit\/sc640-loaded-clamp-meter\/#breadcrumb"},"inLanguage":"fr-FR","potentialAction":[{"@type":"ReadAction","target":["https:\/\/www.fieldpiece.com\/fr\/produit\/sc640-loaded-clamp-meter\/"]}]},{"@type":"ImageObject","inLanguage":"fr-FR","@id":"https:\/\/www.fieldpiece.com\/fr\/produit\/sc640-loaded-clamp-meter\/#primaryimage","url":"https:\/\/resources.fieldpiece.com\/wp-content\/uploads\/2021\/01\/SC640-SRC-product.png","contentUrl":"https:\/\/resources.fieldpiece.com\/wp-content\/uploads\/2021\/01\/SC640-SRC-product.png","width":470,"height":470,"caption":"SC640 - 400A Loaded Swivel Clamp Meter"},{"@type":"BreadcrumbList","@id":"https:\/\/www.fieldpiece.com\/fr\/produit\/sc640-loaded-clamp-meter\/#breadcrumb","itemListElement":[{"@type":"ListItem","position":1,"name":"Home","item":"https:\/\/www.fieldpiece.com\/fr\/"},{"@type":"ListItem","position":2,"name":"Shop","item":"https:\/\/www.fieldpiece.com\/shop\/"},{"@type":"ListItem","position":3,"name":"SC640 &#8211; Multim\u00e8tre \u00e0 pinces complet"}]},{"@type":"WebSite","@id":"https:\/\/www.fieldpiece.com\/fr\/#website","url":"https:\/\/www.fieldpiece.com\/fr\/","name":"Fieldpiece Instruments","description":"","publisher":{"@id":"https:\/\/www.fieldpiece.com\/fr\/#organization"},"potentialAction":[{"@type":"SearchAction","target":{"@type":"EntryPoint","urlTemplate":"https:\/\/www.fieldpiece.com\/fr\/?s={search_term_string}"},"query-input":{"@type":"PropertyValueSpecification","valueRequired":true,"valueName":"search_term_string"}}],"inLanguage":"fr-FR"},{"@type":"Organization","@id":"https:\/\/www.fieldpiece.com\/fr\/#organization","name":"Fieldpiece Instruments","url":"https:\/\/www.fieldpiece.com\/fr\/","logo":{"@type":"ImageObject","inLanguage":"fr-FR","@id":"https:\/\/www.fieldpiece.com\/fr\/#\/schema\/logo\/image\/","url":"https:\/\/resources.fieldpiece.com\/wp-content\/uploads\/2021\/02\/Logos-490x358-1.jpg","contentUrl":"https:\/\/resources.fieldpiece.com\/wp-content\/uploads\/2021\/02\/Logos-490x358-1.jpg","width":490,"height":358,"caption":"Fieldpiece Instruments"},"image":{"@id":"https:\/\/www.fieldpiece.com\/fr\/#\/schema\/logo\/image\/"}}]}},"_links":{"self":[{"href":"https:\/\/www.fieldpiece.com\/fr\/wp-json\/wp\/v2\/product\/28792","targetHints":{"allow":["GET"]}}],"collection":[{"href":"https:\/\/www.fieldpiece.com\/fr\/wp-json\/wp\/v2\/product"}],"about":[{"href":"https:\/\/www.fieldpiece.com\/fr\/wp-json\/wp\/v2\/types\/product"}],"replies":[{"embeddable":true,"href":"https:\/\/www.fieldpiece.com\/fr\/wp-json\/wp\/v2\/comments?post=28792"}],"wp:featuredmedia":[{"embeddable":true,"href":"https:\/\/www.fieldpiece.com\/fr\/wp-json\/wp\/v2\/media\/28798"}],"wp:attachment":[{"href":"https:\/\/www.fieldpiece.com\/fr\/wp-json\/wp\/v2\/media?parent=28792"}],"wp:term":[{"taxonomy":"product_brand","embeddable":true,"href":"https:\/\/www.fieldpiece.com\/fr\/wp-json\/wp\/v2\/product_brand?post=28792"},{"taxonomy":"product_cat","embeddable":true,"href":"https:\/\/www.fieldpiece.com\/fr\/wp-json\/wp\/v2\/product_cat?post=28792"},{"taxonomy":"product_tag","embeddable":true,"href":"https:\/\/www.fieldpiece.com\/fr\/wp-json\/wp\/v2\/product_tag?post=28792"}],"curies":[{"name":"wp","href":"https:\/\/api.w.org\/{rel}","templated":true}]}}