	{"id":28755,"date":"2020-11-02T11:29:59","date_gmt":"2020-11-02T11:29:59","guid":{"rendered":"https:\/\/www.fieldpiece.com\/product\/sc440-essential-clamp-meter\/"},"modified":"2021-11-16T03:05:53","modified_gmt":"2021-11-16T11:05:53","slug":"sc440-essential-clamp-meter","status":"publish","type":"product","link":"https:\/\/www.fieldpiece.com\/fr\/produit\/sc440-essential-clamp-meter\/","title":{"rendered":"SC440 &#8211; Pince multim\u00e8tre essentielle"},"content":{"rendered":"<p>Sangle magn\u00e9tique robuste<br \/>\nMQ r\u00e9elle<br \/>\nCourant d&rsquo;appel<br \/>\nSupport de fils conducteurs <\/p>\n<p><strong>Pince multim\u00e8tre \u00e0 MQ r\u00e9elle avec mesure de temp\u00e9rature, courant d&rsquo;appel, capacit\u00e9 et r\u00e9tro-\u00e9clairage &#8211; Multim\u00e8tre CVCR tout-en un &#8211; mod\u00e8le SC440<\/strong><br \/>\nLa pince multim\u00e8tre de taille moyenne offre pratiquement tous les param\u00e8tres de test \u00e9lectrique et thermique en un seul multim\u00e8tre.\u00a0 Ce multim\u00e8tre automatique et manuel comprend tout un \u00e9ventail de dispositifs de s\u00e9curit\u00e9, notamment un signal sonore et une LED pour haute tension, un avertisseur de continuit\u00e9, un bouton poussoir de d\u00e9tection de tension sans contact (NCV), un support de fils conducteurs avec fils d\u00e9tachables et des embouts de sonde \u00e0 pince crocodile pour les tests d&rsquo;une seule main. Il permet \u00e9galement de mesurer les plages de temp\u00e9rature, capacit\u00e9, microamp\u00e8res CC pour les tests des diodes flamme, ainsi que les plages \u00e9lectriques de CVCR communes. Sans compter qu&rsquo;il s&rsquo;agit de l&rsquo;un des multim\u00e8tres les plus durables sur le march\u00e9.<\/p>\n<p>Con\u00e7u sp\u00e9cialement pour la maintenance d&rsquo;\u00e9quipement de CVCR sur le terrain, le multim\u00e8tre num\u00e9rique SC440 offre des fonctionnalit\u00e9s et avantages sp\u00e9cifiques pour les professionnels de CVCR sur le terrain, notamment\u00a0:<\/p>\n<ul>\n<li>Tension CA\/CC<\/li>\n<li>MQ r\u00e9elle<\/li>\n<li>Courant d&rsquo;appel<\/li>\n<li>Pourcentage d&rsquo;utilisation (%)<\/li>\n<li>400 A CA<\/li>\n<li>Sangle magn\u00e9tique<\/li>\n<li>Affichage double<\/li>\n<li>Temp\u00e9rature (\u00b0C\/\u00b0F)<\/li>\n<li>Capacit\u00e9<\/li>\n<li>Microamp\u00e8res CC<\/li>\n<li>Fr\u00e9quence via fils conducteurs et pince<\/li>\n<li>Mesure de tension sans contact (NCV)<\/li>\n<li>50 m\u00e9gaohms avec r\u00e9solution de 0,1<\/li>\n<li>Continuit\u00e9<\/li>\n<li>Test des diodes<\/li>\n<li>M\u00e9morisation<\/li>\n<li>Support pour sonde \u00e0 pince<\/li>\n<li>LCD r\u00e9tro-\u00e9clair\u00e9<\/li>\n<li>Indicateur de batterie faible<\/li>\n<li>Avertissement haute tension<\/li>\n<\/ul>\n<p>Inclus\u00a0: <\/p>\n<ul>\n<li>Multim\u00e8tre SC440<\/li>\n<li>Ensemble de fils conducteurs de luxe en silicone avec embouts plaqu\u00e9s or et gaines amovibles ADLS2<\/li>\n<li>Thermocouple de type K ATB1 avec languette d&rsquo;enroulement<\/li>\n<li>ASA2 &#8211; Rallonges courtes de fils conducteurs \u00e0 pince crocodile<\/li>\n<li>Bande velcro<\/li>\n<li>Pile 9\u00a0V<\/li>\n<li>\u00c9tui rembourr\u00e9 ANC12<\/li>\n<\/ul>\n","protected":false},"excerpt":{"rendered":"<p>Sangle magn\u00e9tique robuste MQ r\u00e9elle Courant d&rsquo;appel Support de fils conducteurs Pince multim\u00e8tre \u00e0 MQ r\u00e9elle avec mesure de temp\u00e9rature, &#8230;<\/p>\n","protected":false},"featured_media":28760,"comment_status":"open","ping_status":"closed","template":"","meta":{"_acf_changed":false},"product_brand":[],"product_cat":[131,130],"product_tag":[],"class_list":{"0":"post-28755","1":"product","2":"type-product","3":"status-publish","4":"has-post-thumbnail","6":"product_cat-electrical-meters-fr-2","7":"product_cat-clamp-meters-fr-2","9":"first","10":"instock","11":"shipping-taxable","12":"product-type-simple"},"acf":[],"yoast_head":"<!-- This site is optimized with the Yoast SEO plugin v27.3 - https:\/\/yoast.com\/product\/yoast-seo-wordpress\/ -->\n<title>SC440 - Pince multim\u00e8tre essentielle - Fieldpiece Instruments<\/title>\n<meta name=\"robots\" content=\"index, follow, max-snippet:-1, max-image-preview:large, max-video-preview:-1\" \/>\n<link rel=\"canonical\" href=\"https:\/\/www.fieldpiece.com\/fr\/produit\/sc440-essential-clamp-meter\/\" \/>\n<meta property=\"og:locale\" content=\"fr_FR\" \/>\n<meta property=\"og:type\" content=\"article\" \/>\n<meta property=\"og:title\" content=\"SC440 - Pince multim\u00e8tre essentielle - Fieldpiece Instruments\" \/>\n<meta property=\"og:description\" content=\"Sangle magn\u00e9tique robuste MQ r\u00e9elle Courant d&rsquo;appel Support de fils conducteurs Pince multim\u00e8tre \u00e0 MQ r\u00e9elle avec mesure de temp\u00e9rature, ...\" \/>\n<meta property=\"og:url\" content=\"https:\/\/www.fieldpiece.com\/fr\/produit\/sc440-essential-clamp-meter\/\" \/>\n<meta property=\"og:site_name\" content=\"Fieldpiece Instruments\" \/>\n<meta property=\"article:modified_time\" content=\"2021-11-16T11:05:53+00:00\" \/>\n<meta property=\"og:image\" content=\"https:\/\/www.fieldpiece.com\/wp-content\/uploads\/2021\/01\/SC440-SRC-product.png\" \/>\n\t<meta property=\"og:image:width\" content=\"470\" \/>\n\t<meta property=\"og:image:height\" content=\"470\" \/>\n\t<meta property=\"og:image:type\" content=\"image\/png\" \/>\n<meta name=\"twitter:card\" content=\"summary_large_image\" \/>\n<meta name=\"twitter:label1\" content=\"Dur\u00e9e de lecture estim\u00e9e\" \/>\n\t<meta name=\"twitter:data1\" content=\"2 minutes\" \/>\n<script type=\"application\/ld+json\" class=\"yoast-schema-graph\">{\"@context\":\"https:\\\/\\\/schema.org\",\"@graph\":[{\"@type\":\"WebPage\",\"@id\":\"https:\\\/\\\/www.fieldpiece.com\\\/fr\\\/produit\\\/sc440-essential-clamp-meter\\\/\",\"url\":\"https:\\\/\\\/www.fieldpiece.com\\\/fr\\\/produit\\\/sc440-essential-clamp-meter\\\/\",\"name\":\"SC440 - Pince multim\u00e8tre essentielle - Fieldpiece Instruments\",\"isPartOf\":{\"@id\":\"https:\\\/\\\/www.fieldpiece.com\\\/fr\\\/#website\"},\"primaryImageOfPage\":{\"@id\":\"https:\\\/\\\/www.fieldpiece.com\\\/fr\\\/produit\\\/sc440-essential-clamp-meter\\\/#primaryimage\"},\"image\":{\"@id\":\"https:\\\/\\\/www.fieldpiece.com\\\/fr\\\/produit\\\/sc440-essential-clamp-meter\\\/#primaryimage\"},\"thumbnailUrl\":\"https:\\\/\\\/resources.fieldpiece.com\\\/wp-content\\\/uploads\\\/2021\\\/01\\\/SC440-SRC-product.png\",\"datePublished\":\"2020-11-02T11:29:59+00:00\",\"dateModified\":\"2021-11-16T11:05:53+00:00\",\"breadcrumb\":{\"@id\":\"https:\\\/\\\/www.fieldpiece.com\\\/fr\\\/produit\\\/sc440-essential-clamp-meter\\\/#breadcrumb\"},\"inLanguage\":\"fr-FR\",\"potentialAction\":[{\"@type\":\"ReadAction\",\"target\":[\"https:\\\/\\\/www.fieldpiece.com\\\/fr\\\/produit\\\/sc440-essential-clamp-meter\\\/\"]}]},{\"@type\":\"ImageObject\",\"inLanguage\":\"fr-FR\",\"@id\":\"https:\\\/\\\/www.fieldpiece.com\\\/fr\\\/produit\\\/sc440-essential-clamp-meter\\\/#primaryimage\",\"url\":\"https:\\\/\\\/resources.fieldpiece.com\\\/wp-content\\\/uploads\\\/2021\\\/01\\\/SC440-SRC-product.png\",\"contentUrl\":\"https:\\\/\\\/resources.fieldpiece.com\\\/wp-content\\\/uploads\\\/2021\\\/01\\\/SC440-SRC-product.png\",\"width\":470,\"height\":470,\"caption\":\"SC440 - 400A Dual Display Essential Clamp Meter\"},{\"@type\":\"BreadcrumbList\",\"@id\":\"https:\\\/\\\/www.fieldpiece.com\\\/fr\\\/produit\\\/sc440-essential-clamp-meter\\\/#breadcrumb\",\"itemListElement\":[{\"@type\":\"ListItem\",\"position\":1,\"name\":\"Home\",\"item\":\"https:\\\/\\\/www.fieldpiece.com\\\/fr\\\/\"},{\"@type\":\"ListItem\",\"position\":2,\"name\":\"Shop\",\"item\":\"https:\\\/\\\/www.fieldpiece.com\\\/shop\\\/\"},{\"@type\":\"ListItem\",\"position\":3,\"name\":\"SC440 &#8211; Pince multim\u00e8tre essentielle\"}]},{\"@type\":\"WebSite\",\"@id\":\"https:\\\/\\\/www.fieldpiece.com\\\/fr\\\/#website\",\"url\":\"https:\\\/\\\/www.fieldpiece.com\\\/fr\\\/\",\"name\":\"Fieldpiece Instruments\",\"description\":\"\",\"publisher\":{\"@id\":\"https:\\\/\\\/www.fieldpiece.com\\\/fr\\\/#organization\"},\"potentialAction\":[{\"@type\":\"SearchAction\",\"target\":{\"@type\":\"EntryPoint\",\"urlTemplate\":\"https:\\\/\\\/www.fieldpiece.com\\\/fr\\\/?s={search_term_string}\"},\"query-input\":{\"@type\":\"PropertyValueSpecification\",\"valueRequired\":true,\"valueName\":\"search_term_string\"}}],\"inLanguage\":\"fr-FR\"},{\"@type\":\"Organization\",\"@id\":\"https:\\\/\\\/www.fieldpiece.com\\\/fr\\\/#organization\",\"name\":\"Fieldpiece Instruments\",\"url\":\"https:\\\/\\\/www.fieldpiece.com\\\/fr\\\/\",\"logo\":{\"@type\":\"ImageObject\",\"inLanguage\":\"fr-FR\",\"@id\":\"https:\\\/\\\/www.fieldpiece.com\\\/fr\\\/#\\\/schema\\\/logo\\\/image\\\/\",\"url\":\"https:\\\/\\\/resources.fieldpiece.com\\\/wp-content\\\/uploads\\\/2021\\\/02\\\/Logos-490x358-1.jpg\",\"contentUrl\":\"https:\\\/\\\/resources.fieldpiece.com\\\/wp-content\\\/uploads\\\/2021\\\/02\\\/Logos-490x358-1.jpg\",\"width\":490,\"height\":358,\"caption\":\"Fieldpiece Instruments\"},\"image\":{\"@id\":\"https:\\\/\\\/www.fieldpiece.com\\\/fr\\\/#\\\/schema\\\/logo\\\/image\\\/\"}}]}<\/script>\n<!-- \/ Yoast SEO plugin. -->","yoast_head_json":{"title":"SC440 - Pince multim\u00e8tre essentielle - Fieldpiece Instruments","robots":{"index":"index","follow":"follow","max-snippet":"max-snippet:-1","max-image-preview":"max-image-preview:large","max-video-preview":"max-video-preview:-1"},"canonical":"https:\/\/www.fieldpiece.com\/fr\/produit\/sc440-essential-clamp-meter\/","og_locale":"fr_FR","og_type":"article","og_title":"SC440 - Pince multim\u00e8tre essentielle - Fieldpiece Instruments","og_description":"Sangle magn\u00e9tique robuste MQ r\u00e9elle Courant d&rsquo;appel Support de fils conducteurs Pince multim\u00e8tre \u00e0 MQ r\u00e9elle avec mesure de temp\u00e9rature, ...","og_url":"https:\/\/www.fieldpiece.com\/fr\/produit\/sc440-essential-clamp-meter\/","og_site_name":"Fieldpiece Instruments","article_modified_time":"2021-11-16T11:05:53+00:00","og_image":[{"width":470,"height":470,"url":"https:\/\/www.fieldpiece.com\/wp-content\/uploads\/2021\/01\/SC440-SRC-product.png","type":"image\/png"}],"twitter_card":"summary_large_image","twitter_misc":{"Dur\u00e9e de lecture estim\u00e9e":"2 minutes"},"schema":{"@context":"https:\/\/schema.org","@graph":[{"@type":"WebPage","@id":"https:\/\/www.fieldpiece.com\/fr\/produit\/sc440-essential-clamp-meter\/","url":"https:\/\/www.fieldpiece.com\/fr\/produit\/sc440-essential-clamp-meter\/","name":"SC440 - Pince multim\u00e8tre essentielle - Fieldpiece Instruments","isPartOf":{"@id":"https:\/\/www.fieldpiece.com\/fr\/#website"},"primaryImageOfPage":{"@id":"https:\/\/www.fieldpiece.com\/fr\/produit\/sc440-essential-clamp-meter\/#primaryimage"},"image":{"@id":"https:\/\/www.fieldpiece.com\/fr\/produit\/sc440-essential-clamp-meter\/#primaryimage"},"thumbnailUrl":"https:\/\/resources.fieldpiece.com\/wp-content\/uploads\/2021\/01\/SC440-SRC-product.png","datePublished":"2020-11-02T11:29:59+00:00","dateModified":"2021-11-16T11:05:53+00:00","breadcrumb":{"@id":"https:\/\/www.fieldpiece.com\/fr\/produit\/sc440-essential-clamp-meter\/#breadcrumb"},"inLanguage":"fr-FR","potentialAction":[{"@type":"ReadAction","target":["https:\/\/www.fieldpiece.com\/fr\/produit\/sc440-essential-clamp-meter\/"]}]},{"@type":"ImageObject","inLanguage":"fr-FR","@id":"https:\/\/www.fieldpiece.com\/fr\/produit\/sc440-essential-clamp-meter\/#primaryimage","url":"https:\/\/resources.fieldpiece.com\/wp-content\/uploads\/2021\/01\/SC440-SRC-product.png","contentUrl":"https:\/\/resources.fieldpiece.com\/wp-content\/uploads\/2021\/01\/SC440-SRC-product.png","width":470,"height":470,"caption":"SC440 - 400A Dual Display Essential Clamp Meter"},{"@type":"BreadcrumbList","@id":"https:\/\/www.fieldpiece.com\/fr\/produit\/sc440-essential-clamp-meter\/#breadcrumb","itemListElement":[{"@type":"ListItem","position":1,"name":"Home","item":"https:\/\/www.fieldpiece.com\/fr\/"},{"@type":"ListItem","position":2,"name":"Shop","item":"https:\/\/www.fieldpiece.com\/shop\/"},{"@type":"ListItem","position":3,"name":"SC440 &#8211; Pince multim\u00e8tre essentielle"}]},{"@type":"WebSite","@id":"https:\/\/www.fieldpiece.com\/fr\/#website","url":"https:\/\/www.fieldpiece.com\/fr\/","name":"Fieldpiece Instruments","description":"","publisher":{"@id":"https:\/\/www.fieldpiece.com\/fr\/#organization"},"potentialAction":[{"@type":"SearchAction","target":{"@type":"EntryPoint","urlTemplate":"https:\/\/www.fieldpiece.com\/fr\/?s={search_term_string}"},"query-input":{"@type":"PropertyValueSpecification","valueRequired":true,"valueName":"search_term_string"}}],"inLanguage":"fr-FR"},{"@type":"Organization","@id":"https:\/\/www.fieldpiece.com\/fr\/#organization","name":"Fieldpiece Instruments","url":"https:\/\/www.fieldpiece.com\/fr\/","logo":{"@type":"ImageObject","inLanguage":"fr-FR","@id":"https:\/\/www.fieldpiece.com\/fr\/#\/schema\/logo\/image\/","url":"https:\/\/resources.fieldpiece.com\/wp-content\/uploads\/2021\/02\/Logos-490x358-1.jpg","contentUrl":"https:\/\/resources.fieldpiece.com\/wp-content\/uploads\/2021\/02\/Logos-490x358-1.jpg","width":490,"height":358,"caption":"Fieldpiece Instruments"},"image":{"@id":"https:\/\/www.fieldpiece.com\/fr\/#\/schema\/logo\/image\/"}}]}},"_links":{"self":[{"href":"https:\/\/www.fieldpiece.com\/fr\/wp-json\/wp\/v2\/product\/28755","targetHints":{"allow":["GET"]}}],"collection":[{"href":"https:\/\/www.fieldpiece.com\/fr\/wp-json\/wp\/v2\/product"}],"about":[{"href":"https:\/\/www.fieldpiece.com\/fr\/wp-json\/wp\/v2\/types\/product"}],"replies":[{"embeddable":true,"href":"https:\/\/www.fieldpiece.com\/fr\/wp-json\/wp\/v2\/comments?post=28755"}],"wp:featuredmedia":[{"embeddable":true,"href":"https:\/\/www.fieldpiece.com\/fr\/wp-json\/wp\/v2\/media\/28760"}],"wp:attachment":[{"href":"https:\/\/www.fieldpiece.com\/fr\/wp-json\/wp\/v2\/media?parent=28755"}],"wp:term":[{"taxonomy":"product_brand","embeddable":true,"href":"https:\/\/www.fieldpiece.com\/fr\/wp-json\/wp\/v2\/product_brand?post=28755"},{"taxonomy":"product_cat","embeddable":true,"href":"https:\/\/www.fieldpiece.com\/fr\/wp-json\/wp\/v2\/product_cat?post=28755"},{"taxonomy":"product_tag","embeddable":true,"href":"https:\/\/www.fieldpiece.com\/fr\/wp-json\/wp\/v2\/product_tag?post=28755"}],"curies":[{"name":"wp","href":"https:\/\/api.w.org\/{rel}","templated":true}]}}