	{"id":28126,"date":"2020-11-02T12:02:15","date_gmt":"2020-11-02T12:02:15","guid":{"rendered":"https:\/\/www.fieldpiece.com\/product\/anc9-scale-case\/"},"modified":"2021-10-31T21:13:33","modified_gmt":"2021-11-01T04:13:33","slug":"anc9-scale-case","status":"publish","type":"product","link":"https:\/\/www.fieldpiece.com\/fr\/produit\/anc9-scale-case\/","title":{"rendered":"ANC9 &#8211; Sacoche pour balance"},"content":{"rendered":"<p>Cette sacoche a \u00e9t\u00e9 con\u00e7ue sp\u00e9cifiquement pour les techniciens qui souhaitent transporter la balance sans fil pour r\u00e9frig\u00e9rants, mod\u00e8le SRS2. Elle se compose de nylon robuste, et comprend du rembourrage, des poches durables, une double glissi\u00e8re robuste, une poign\u00e9e et une bandouli\u00e8re.<br \/>\nSP\u00c9CIFICATIONS<br \/>\nDimensions\u00a0: 30,5\u00a0cm H x 29,2\u00a0cm l x 8,9\u00a0cm P (12\u00a0po H x 11,5\u00a0po l x 3,5\u00a0po P)<br \/>\nPoches\u00a0: 3<br \/>\nMati\u00e8re\u00a0: nylon rembourr\u00e9<\/p>\n","protected":false},"excerpt":{"rendered":"<p>Cette sacoche a \u00e9t\u00e9 con\u00e7ue sp\u00e9cifiquement pour les techniciens qui souhaitent transporter la balance sans fil pour r\u00e9frig\u00e9rants, mod\u00e8le SRS2. &#8230;<\/p>\n","protected":false},"featured_media":28127,"comment_status":"open","ping_status":"closed","template":"","meta":{"_acf_changed":false},"product_brand":[],"product_cat":[158,254],"product_tag":[],"class_list":{"0":"post-28126","1":"product","2":"type-product","3":"status-publish","4":"has-post-thumbnail","6":"product_cat-other-fr-2","7":"product_cat-cases-fr","9":"first","10":"instock","11":"shipping-taxable","12":"product-type-simple"},"acf":[],"yoast_head":"<!-- This site is optimized with the Yoast SEO plugin v27.3 - https:\/\/yoast.com\/product\/yoast-seo-wordpress\/ -->\n<title>ANC9 - Sacoche pour balance - Fieldpiece Instruments<\/title>\n<meta name=\"robots\" content=\"index, follow, max-snippet:-1, max-image-preview:large, max-video-preview:-1\" \/>\n<link rel=\"canonical\" href=\"https:\/\/www.fieldpiece.com\/fr\/produit\/anc9-scale-case\/\" \/>\n<meta property=\"og:locale\" content=\"fr_FR\" \/>\n<meta property=\"og:type\" content=\"article\" \/>\n<meta property=\"og:title\" content=\"ANC9 - Sacoche pour balance - Fieldpiece Instruments\" \/>\n<meta property=\"og:description\" content=\"Cette sacoche a \u00e9t\u00e9 con\u00e7ue sp\u00e9cifiquement pour les techniciens qui souhaitent transporter la balance sans fil pour r\u00e9frig\u00e9rants, mod\u00e8le SRS2. ...\" \/>\n<meta property=\"og:url\" content=\"https:\/\/www.fieldpiece.com\/fr\/produit\/anc9-scale-case\/\" \/>\n<meta property=\"og:site_name\" content=\"Fieldpiece Instruments\" \/>\n<meta property=\"article:modified_time\" content=\"2021-11-01T04:13:33+00:00\" \/>\n<meta property=\"og:image\" content=\"https:\/\/www.fieldpiece.com\/wp-content\/uploads\/2020\/11\/ANC9.jpg\" \/>\n\t<meta property=\"og:image:width\" content=\"470\" \/>\n\t<meta property=\"og:image:height\" content=\"470\" \/>\n\t<meta property=\"og:image:type\" content=\"image\/jpeg\" \/>\n<meta name=\"twitter:card\" content=\"summary_large_image\" \/>\n<script type=\"application\/ld+json\" class=\"yoast-schema-graph\">{\"@context\":\"https:\\\/\\\/schema.org\",\"@graph\":[{\"@type\":\"WebPage\",\"@id\":\"https:\\\/\\\/www.fieldpiece.com\\\/fr\\\/produit\\\/anc9-scale-case\\\/\",\"url\":\"https:\\\/\\\/www.fieldpiece.com\\\/fr\\\/produit\\\/anc9-scale-case\\\/\",\"name\":\"ANC9 - Sacoche pour balance - Fieldpiece Instruments\",\"isPartOf\":{\"@id\":\"https:\\\/\\\/www.fieldpiece.com\\\/fr\\\/#website\"},\"primaryImageOfPage\":{\"@id\":\"https:\\\/\\\/www.fieldpiece.com\\\/fr\\\/produit\\\/anc9-scale-case\\\/#primaryimage\"},\"image\":{\"@id\":\"https:\\\/\\\/www.fieldpiece.com\\\/fr\\\/produit\\\/anc9-scale-case\\\/#primaryimage\"},\"thumbnailUrl\":\"https:\\\/\\\/resources.fieldpiece.com\\\/wp-content\\\/uploads\\\/2020\\\/11\\\/ANC9.jpg\",\"datePublished\":\"2020-11-02T12:02:15+00:00\",\"dateModified\":\"2021-11-01T04:13:33+00:00\",\"breadcrumb\":{\"@id\":\"https:\\\/\\\/www.fieldpiece.com\\\/fr\\\/produit\\\/anc9-scale-case\\\/#breadcrumb\"},\"inLanguage\":\"fr-FR\",\"potentialAction\":[{\"@type\":\"ReadAction\",\"target\":[\"https:\\\/\\\/www.fieldpiece.com\\\/fr\\\/produit\\\/anc9-scale-case\\\/\"]}]},{\"@type\":\"ImageObject\",\"inLanguage\":\"fr-FR\",\"@id\":\"https:\\\/\\\/www.fieldpiece.com\\\/fr\\\/produit\\\/anc9-scale-case\\\/#primaryimage\",\"url\":\"https:\\\/\\\/resources.fieldpiece.com\\\/wp-content\\\/uploads\\\/2020\\\/11\\\/ANC9.jpg\",\"contentUrl\":\"https:\\\/\\\/resources.fieldpiece.com\\\/wp-content\\\/uploads\\\/2020\\\/11\\\/ANC9.jpg\",\"width\":470,\"height\":470,\"caption\":\"scale cases\"},{\"@type\":\"BreadcrumbList\",\"@id\":\"https:\\\/\\\/www.fieldpiece.com\\\/fr\\\/produit\\\/anc9-scale-case\\\/#breadcrumb\",\"itemListElement\":[{\"@type\":\"ListItem\",\"position\":1,\"name\":\"Home\",\"item\":\"https:\\\/\\\/www.fieldpiece.com\\\/fr\\\/\"},{\"@type\":\"ListItem\",\"position\":2,\"name\":\"Shop\",\"item\":\"https:\\\/\\\/www.fieldpiece.com\\\/shop\\\/\"},{\"@type\":\"ListItem\",\"position\":3,\"name\":\"ANC9 &#8211; Sacoche pour balance\"}]},{\"@type\":\"WebSite\",\"@id\":\"https:\\\/\\\/www.fieldpiece.com\\\/fr\\\/#website\",\"url\":\"https:\\\/\\\/www.fieldpiece.com\\\/fr\\\/\",\"name\":\"Fieldpiece Instruments\",\"description\":\"\",\"publisher\":{\"@id\":\"https:\\\/\\\/www.fieldpiece.com\\\/fr\\\/#organization\"},\"potentialAction\":[{\"@type\":\"SearchAction\",\"target\":{\"@type\":\"EntryPoint\",\"urlTemplate\":\"https:\\\/\\\/www.fieldpiece.com\\\/fr\\\/?s={search_term_string}\"},\"query-input\":{\"@type\":\"PropertyValueSpecification\",\"valueRequired\":true,\"valueName\":\"search_term_string\"}}],\"inLanguage\":\"fr-FR\"},{\"@type\":\"Organization\",\"@id\":\"https:\\\/\\\/www.fieldpiece.com\\\/fr\\\/#organization\",\"name\":\"Fieldpiece Instruments\",\"url\":\"https:\\\/\\\/www.fieldpiece.com\\\/fr\\\/\",\"logo\":{\"@type\":\"ImageObject\",\"inLanguage\":\"fr-FR\",\"@id\":\"https:\\\/\\\/www.fieldpiece.com\\\/fr\\\/#\\\/schema\\\/logo\\\/image\\\/\",\"url\":\"https:\\\/\\\/resources.fieldpiece.com\\\/wp-content\\\/uploads\\\/2021\\\/02\\\/Logos-490x358-1.jpg\",\"contentUrl\":\"https:\\\/\\\/resources.fieldpiece.com\\\/wp-content\\\/uploads\\\/2021\\\/02\\\/Logos-490x358-1.jpg\",\"width\":490,\"height\":358,\"caption\":\"Fieldpiece Instruments\"},\"image\":{\"@id\":\"https:\\\/\\\/www.fieldpiece.com\\\/fr\\\/#\\\/schema\\\/logo\\\/image\\\/\"}}]}<\/script>\n<!-- \/ Yoast SEO plugin. -->","yoast_head_json":{"title":"ANC9 - Sacoche pour balance - Fieldpiece Instruments","robots":{"index":"index","follow":"follow","max-snippet":"max-snippet:-1","max-image-preview":"max-image-preview:large","max-video-preview":"max-video-preview:-1"},"canonical":"https:\/\/www.fieldpiece.com\/fr\/produit\/anc9-scale-case\/","og_locale":"fr_FR","og_type":"article","og_title":"ANC9 - Sacoche pour balance - Fieldpiece Instruments","og_description":"Cette sacoche a \u00e9t\u00e9 con\u00e7ue sp\u00e9cifiquement pour les techniciens qui souhaitent transporter la balance sans fil pour r\u00e9frig\u00e9rants, mod\u00e8le SRS2. ...","og_url":"https:\/\/www.fieldpiece.com\/fr\/produit\/anc9-scale-case\/","og_site_name":"Fieldpiece Instruments","article_modified_time":"2021-11-01T04:13:33+00:00","og_image":[{"width":470,"height":470,"url":"https:\/\/www.fieldpiece.com\/wp-content\/uploads\/2020\/11\/ANC9.jpg","type":"image\/jpeg"}],"twitter_card":"summary_large_image","schema":{"@context":"https:\/\/schema.org","@graph":[{"@type":"WebPage","@id":"https:\/\/www.fieldpiece.com\/fr\/produit\/anc9-scale-case\/","url":"https:\/\/www.fieldpiece.com\/fr\/produit\/anc9-scale-case\/","name":"ANC9 - Sacoche pour balance - Fieldpiece Instruments","isPartOf":{"@id":"https:\/\/www.fieldpiece.com\/fr\/#website"},"primaryImageOfPage":{"@id":"https:\/\/www.fieldpiece.com\/fr\/produit\/anc9-scale-case\/#primaryimage"},"image":{"@id":"https:\/\/www.fieldpiece.com\/fr\/produit\/anc9-scale-case\/#primaryimage"},"thumbnailUrl":"https:\/\/resources.fieldpiece.com\/wp-content\/uploads\/2020\/11\/ANC9.jpg","datePublished":"2020-11-02T12:02:15+00:00","dateModified":"2021-11-01T04:13:33+00:00","breadcrumb":{"@id":"https:\/\/www.fieldpiece.com\/fr\/produit\/anc9-scale-case\/#breadcrumb"},"inLanguage":"fr-FR","potentialAction":[{"@type":"ReadAction","target":["https:\/\/www.fieldpiece.com\/fr\/produit\/anc9-scale-case\/"]}]},{"@type":"ImageObject","inLanguage":"fr-FR","@id":"https:\/\/www.fieldpiece.com\/fr\/produit\/anc9-scale-case\/#primaryimage","url":"https:\/\/resources.fieldpiece.com\/wp-content\/uploads\/2020\/11\/ANC9.jpg","contentUrl":"https:\/\/resources.fieldpiece.com\/wp-content\/uploads\/2020\/11\/ANC9.jpg","width":470,"height":470,"caption":"scale cases"},{"@type":"BreadcrumbList","@id":"https:\/\/www.fieldpiece.com\/fr\/produit\/anc9-scale-case\/#breadcrumb","itemListElement":[{"@type":"ListItem","position":1,"name":"Home","item":"https:\/\/www.fieldpiece.com\/fr\/"},{"@type":"ListItem","position":2,"name":"Shop","item":"https:\/\/www.fieldpiece.com\/shop\/"},{"@type":"ListItem","position":3,"name":"ANC9 &#8211; Sacoche pour balance"}]},{"@type":"WebSite","@id":"https:\/\/www.fieldpiece.com\/fr\/#website","url":"https:\/\/www.fieldpiece.com\/fr\/","name":"Fieldpiece Instruments","description":"","publisher":{"@id":"https:\/\/www.fieldpiece.com\/fr\/#organization"},"potentialAction":[{"@type":"SearchAction","target":{"@type":"EntryPoint","urlTemplate":"https:\/\/www.fieldpiece.com\/fr\/?s={search_term_string}"},"query-input":{"@type":"PropertyValueSpecification","valueRequired":true,"valueName":"search_term_string"}}],"inLanguage":"fr-FR"},{"@type":"Organization","@id":"https:\/\/www.fieldpiece.com\/fr\/#organization","name":"Fieldpiece Instruments","url":"https:\/\/www.fieldpiece.com\/fr\/","logo":{"@type":"ImageObject","inLanguage":"fr-FR","@id":"https:\/\/www.fieldpiece.com\/fr\/#\/schema\/logo\/image\/","url":"https:\/\/resources.fieldpiece.com\/wp-content\/uploads\/2021\/02\/Logos-490x358-1.jpg","contentUrl":"https:\/\/resources.fieldpiece.com\/wp-content\/uploads\/2021\/02\/Logos-490x358-1.jpg","width":490,"height":358,"caption":"Fieldpiece Instruments"},"image":{"@id":"https:\/\/www.fieldpiece.com\/fr\/#\/schema\/logo\/image\/"}}]}},"_links":{"self":[{"href":"https:\/\/www.fieldpiece.com\/fr\/wp-json\/wp\/v2\/product\/28126","targetHints":{"allow":["GET"]}}],"collection":[{"href":"https:\/\/www.fieldpiece.com\/fr\/wp-json\/wp\/v2\/product"}],"about":[{"href":"https:\/\/www.fieldpiece.com\/fr\/wp-json\/wp\/v2\/types\/product"}],"replies":[{"embeddable":true,"href":"https:\/\/www.fieldpiece.com\/fr\/wp-json\/wp\/v2\/comments?post=28126"}],"wp:featuredmedia":[{"embeddable":true,"href":"https:\/\/www.fieldpiece.com\/fr\/wp-json\/wp\/v2\/media\/28127"}],"wp:attachment":[{"href":"https:\/\/www.fieldpiece.com\/fr\/wp-json\/wp\/v2\/media?parent=28126"}],"wp:term":[{"taxonomy":"product_brand","embeddable":true,"href":"https:\/\/www.fieldpiece.com\/fr\/wp-json\/wp\/v2\/product_brand?post=28126"},{"taxonomy":"product_cat","embeddable":true,"href":"https:\/\/www.fieldpiece.com\/fr\/wp-json\/wp\/v2\/product_cat?post=28126"},{"taxonomy":"product_tag","embeddable":true,"href":"https:\/\/www.fieldpiece.com\/fr\/wp-json\/wp\/v2\/product_tag?post=28126"}],"curies":[{"name":"wp","href":"https:\/\/api.w.org\/{rel}","templated":true}]}}