	{"id":28113,"date":"2020-11-02T12:02:16","date_gmt":"2020-11-02T12:02:16","guid":{"rendered":"https:\/\/www.fieldpiece.com\/product\/adk7-deluxe-silicone-test-lead-kit\/"},"modified":"2021-11-15T05:36:57","modified_gmt":"2021-11-15T13:36:57","slug":"adk7-deluxe-silicone-test-lead-kit","status":"publish","type":"product","link":"https:\/\/www.fieldpiece.com\/fr\/produit\/adk7-deluxe-silicone-test-lead-kit\/","title":{"rendered":"ADK7 &#8211; Kit de fils conducteurs de test de luxe en silicone"},"content":{"rendered":"<p>Le kit de fils conducteurs de luxe en silicone ADK7 est le meilleur moyen de relever la plupart des param\u00e8tres \u00e9lectriques en cours d&rsquo;intervention sur le terrain.\u00a0 Le kit comprend des fils conducteurs en silicone ADLS2 et des fils conducteurs \u00e0 pince crocodile ASA2 ainsi que des embouts de sonde RCT2.Les techniciens de CVCR remplacent souvent l&#8217;embout de sonde noir (commun) par le fil conducteur noir \u00e0 pince crocodile pour atteindre les \u00e9l\u00e9ments \u00e0 partir du sol. Lorsqu&rsquo;elle est utilis\u00e9e avec nos multim\u00e8tres, la pointe de sonde de tension (rouge) s&rsquo;ins\u00e8re dans la partie sup\u00e9rieure de l&rsquo;appareil pour effectuer des relev\u00e9s d&rsquo;une seule main. Utilisez les deux extensions \u00e0 pince crocodile pour effectuer des relev\u00e9s mains libres.\u00a0 Les fils conducteurs de test en silicone offrent de meilleures performances \u00e0 des temp\u00e9ratures extr\u00eames que les fils conducteurs \u00e0 isolant en vinyle.<br \/>\nSP\u00c9CIFICATIONS<br \/>\nVoir ADLS2, ASA2 et RCT2<\/p>\n","protected":false},"excerpt":{"rendered":"<p>Le kit de fils conducteurs de luxe en silicone ADK7 est le meilleur moyen de relever la plupart des param\u00e8tres &#8230;<\/p>\n","protected":false},"featured_media":28114,"comment_status":"open","ping_status":"closed","template":"","meta":{"_acf_changed":false},"product_brand":[],"product_cat":[158,262],"product_tag":[],"class_list":{"0":"post-28113","1":"product","2":"type-product","3":"status-publish","4":"has-post-thumbnail","6":"product_cat-other-fr-2","7":"product_cat-leads-fr-2","9":"first","10":"instock","11":"shipping-taxable","12":"product-type-simple"},"acf":[],"yoast_head":"<!-- This site is optimized with the Yoast SEO plugin v27.2 - https:\/\/yoast.com\/product\/yoast-seo-wordpress\/ -->\n<title>ADK7 - Kit de fils conducteurs de test de luxe en silicone - Fieldpiece Instruments<\/title>\n<meta name=\"robots\" content=\"index, follow, max-snippet:-1, max-image-preview:large, max-video-preview:-1\" \/>\n<link rel=\"canonical\" href=\"https:\/\/www.fieldpiece.com\/fr\/produit\/adk7-deluxe-silicone-test-lead-kit\/\" \/>\n<meta property=\"og:locale\" content=\"fr_FR\" \/>\n<meta property=\"og:type\" content=\"article\" \/>\n<meta property=\"og:title\" content=\"ADK7 - Kit de fils conducteurs de test de luxe en silicone - Fieldpiece Instruments\" \/>\n<meta property=\"og:description\" content=\"Le kit de fils conducteurs de luxe en silicone ADK7 est le meilleur moyen de relever la plupart des param\u00e8tres ...\" \/>\n<meta property=\"og:url\" content=\"https:\/\/www.fieldpiece.com\/fr\/produit\/adk7-deluxe-silicone-test-lead-kit\/\" \/>\n<meta property=\"og:site_name\" content=\"Fieldpiece Instruments\" \/>\n<meta property=\"article:modified_time\" content=\"2021-11-15T13:36:57+00:00\" \/>\n<meta property=\"og:image\" content=\"https:\/\/www.fieldpiece.com\/wp-content\/uploads\/2020\/11\/ADK7.jpg\" \/>\n\t<meta property=\"og:image:width\" content=\"470\" \/>\n\t<meta property=\"og:image:height\" content=\"470\" \/>\n\t<meta property=\"og:image:type\" content=\"image\/jpeg\" \/>\n<meta name=\"twitter:card\" content=\"summary_large_image\" \/>\n<meta name=\"twitter:label1\" content=\"Dur\u00e9e de lecture estim\u00e9e\" \/>\n\t<meta name=\"twitter:data1\" content=\"1 minute\" \/>\n<script type=\"application\/ld+json\" class=\"yoast-schema-graph\">{\"@context\":\"https:\/\/schema.org\",\"@graph\":[{\"@type\":\"WebPage\",\"@id\":\"https:\/\/www.fieldpiece.com\/fr\/produit\/adk7-deluxe-silicone-test-lead-kit\/\",\"url\":\"https:\/\/www.fieldpiece.com\/fr\/produit\/adk7-deluxe-silicone-test-lead-kit\/\",\"name\":\"ADK7 - Kit de fils conducteurs de test de luxe en silicone - Fieldpiece Instruments\",\"isPartOf\":{\"@id\":\"https:\/\/www.fieldpiece.com\/fr\/#website\"},\"primaryImageOfPage\":{\"@id\":\"https:\/\/www.fieldpiece.com\/fr\/produit\/adk7-deluxe-silicone-test-lead-kit\/#primaryimage\"},\"image\":{\"@id\":\"https:\/\/www.fieldpiece.com\/fr\/produit\/adk7-deluxe-silicone-test-lead-kit\/#primaryimage\"},\"thumbnailUrl\":\"https:\/\/resources.fieldpiece.com\/wp-content\/uploads\/2020\/11\/ADK7.jpg\",\"datePublished\":\"2020-11-02T12:02:16+00:00\",\"dateModified\":\"2021-11-15T13:36:57+00:00\",\"breadcrumb\":{\"@id\":\"https:\/\/www.fieldpiece.com\/fr\/produit\/adk7-deluxe-silicone-test-lead-kit\/#breadcrumb\"},\"inLanguage\":\"fr-FR\",\"potentialAction\":[{\"@type\":\"ReadAction\",\"target\":[\"https:\/\/www.fieldpiece.com\/fr\/produit\/adk7-deluxe-silicone-test-lead-kit\/\"]}]},{\"@type\":\"ImageObject\",\"inLanguage\":\"fr-FR\",\"@id\":\"https:\/\/www.fieldpiece.com\/fr\/produit\/adk7-deluxe-silicone-test-lead-kit\/#primaryimage\",\"url\":\"https:\/\/resources.fieldpiece.com\/wp-content\/uploads\/2020\/11\/ADK7.jpg\",\"contentUrl\":\"https:\/\/resources.fieldpiece.com\/wp-content\/uploads\/2020\/11\/ADK7.jpg\",\"width\":470,\"height\":470,\"caption\":\"Deluxe Silicone Test Lead Kit\"},{\"@type\":\"BreadcrumbList\",\"@id\":\"https:\/\/www.fieldpiece.com\/fr\/produit\/adk7-deluxe-silicone-test-lead-kit\/#breadcrumb\",\"itemListElement\":[{\"@type\":\"ListItem\",\"position\":1,\"name\":\"Home\",\"item\":\"https:\/\/www.fieldpiece.com\/fr\/\"},{\"@type\":\"ListItem\",\"position\":2,\"name\":\"Shop\",\"item\":\"https:\/\/www.fieldpiece.com\/shop\/\"},{\"@type\":\"ListItem\",\"position\":3,\"name\":\"ADK7 &#8211; Kit de fils conducteurs de test de luxe en silicone\"}]},{\"@type\":\"WebSite\",\"@id\":\"https:\/\/www.fieldpiece.com\/fr\/#website\",\"url\":\"https:\/\/www.fieldpiece.com\/fr\/\",\"name\":\"Fieldpiece Instruments\",\"description\":\"\",\"publisher\":{\"@id\":\"https:\/\/www.fieldpiece.com\/fr\/#organization\"},\"potentialAction\":[{\"@type\":\"SearchAction\",\"target\":{\"@type\":\"EntryPoint\",\"urlTemplate\":\"https:\/\/www.fieldpiece.com\/fr\/?s={search_term_string}\"},\"query-input\":{\"@type\":\"PropertyValueSpecification\",\"valueRequired\":true,\"valueName\":\"search_term_string\"}}],\"inLanguage\":\"fr-FR\"},{\"@type\":\"Organization\",\"@id\":\"https:\/\/www.fieldpiece.com\/fr\/#organization\",\"name\":\"Fieldpiece Instruments\",\"url\":\"https:\/\/www.fieldpiece.com\/fr\/\",\"logo\":{\"@type\":\"ImageObject\",\"inLanguage\":\"fr-FR\",\"@id\":\"https:\/\/www.fieldpiece.com\/fr\/#\/schema\/logo\/image\/\",\"url\":\"https:\/\/resources.fieldpiece.com\/wp-content\/uploads\/2021\/02\/Logos-490x358-1.jpg\",\"contentUrl\":\"https:\/\/resources.fieldpiece.com\/wp-content\/uploads\/2021\/02\/Logos-490x358-1.jpg\",\"width\":490,\"height\":358,\"caption\":\"Fieldpiece Instruments\"},\"image\":{\"@id\":\"https:\/\/www.fieldpiece.com\/fr\/#\/schema\/logo\/image\/\"}}]}<\/script>\n<!-- \/ Yoast SEO plugin. -->","yoast_head_json":{"title":"ADK7 - Kit de fils conducteurs de test de luxe en silicone - Fieldpiece Instruments","robots":{"index":"index","follow":"follow","max-snippet":"max-snippet:-1","max-image-preview":"max-image-preview:large","max-video-preview":"max-video-preview:-1"},"canonical":"https:\/\/www.fieldpiece.com\/fr\/produit\/adk7-deluxe-silicone-test-lead-kit\/","og_locale":"fr_FR","og_type":"article","og_title":"ADK7 - Kit de fils conducteurs de test de luxe en silicone - Fieldpiece Instruments","og_description":"Le kit de fils conducteurs de luxe en silicone ADK7 est le meilleur moyen de relever la plupart des param\u00e8tres ...","og_url":"https:\/\/www.fieldpiece.com\/fr\/produit\/adk7-deluxe-silicone-test-lead-kit\/","og_site_name":"Fieldpiece Instruments","article_modified_time":"2021-11-15T13:36:57+00:00","og_image":[{"width":470,"height":470,"url":"https:\/\/www.fieldpiece.com\/wp-content\/uploads\/2020\/11\/ADK7.jpg","type":"image\/jpeg"}],"twitter_card":"summary_large_image","twitter_misc":{"Dur\u00e9e de lecture estim\u00e9e":"1 minute"},"schema":{"@context":"https:\/\/schema.org","@graph":[{"@type":"WebPage","@id":"https:\/\/www.fieldpiece.com\/fr\/produit\/adk7-deluxe-silicone-test-lead-kit\/","url":"https:\/\/www.fieldpiece.com\/fr\/produit\/adk7-deluxe-silicone-test-lead-kit\/","name":"ADK7 - Kit de fils conducteurs de test de luxe en silicone - Fieldpiece Instruments","isPartOf":{"@id":"https:\/\/www.fieldpiece.com\/fr\/#website"},"primaryImageOfPage":{"@id":"https:\/\/www.fieldpiece.com\/fr\/produit\/adk7-deluxe-silicone-test-lead-kit\/#primaryimage"},"image":{"@id":"https:\/\/www.fieldpiece.com\/fr\/produit\/adk7-deluxe-silicone-test-lead-kit\/#primaryimage"},"thumbnailUrl":"https:\/\/resources.fieldpiece.com\/wp-content\/uploads\/2020\/11\/ADK7.jpg","datePublished":"2020-11-02T12:02:16+00:00","dateModified":"2021-11-15T13:36:57+00:00","breadcrumb":{"@id":"https:\/\/www.fieldpiece.com\/fr\/produit\/adk7-deluxe-silicone-test-lead-kit\/#breadcrumb"},"inLanguage":"fr-FR","potentialAction":[{"@type":"ReadAction","target":["https:\/\/www.fieldpiece.com\/fr\/produit\/adk7-deluxe-silicone-test-lead-kit\/"]}]},{"@type":"ImageObject","inLanguage":"fr-FR","@id":"https:\/\/www.fieldpiece.com\/fr\/produit\/adk7-deluxe-silicone-test-lead-kit\/#primaryimage","url":"https:\/\/resources.fieldpiece.com\/wp-content\/uploads\/2020\/11\/ADK7.jpg","contentUrl":"https:\/\/resources.fieldpiece.com\/wp-content\/uploads\/2020\/11\/ADK7.jpg","width":470,"height":470,"caption":"Deluxe Silicone Test Lead Kit"},{"@type":"BreadcrumbList","@id":"https:\/\/www.fieldpiece.com\/fr\/produit\/adk7-deluxe-silicone-test-lead-kit\/#breadcrumb","itemListElement":[{"@type":"ListItem","position":1,"name":"Home","item":"https:\/\/www.fieldpiece.com\/fr\/"},{"@type":"ListItem","position":2,"name":"Shop","item":"https:\/\/www.fieldpiece.com\/shop\/"},{"@type":"ListItem","position":3,"name":"ADK7 &#8211; Kit de fils conducteurs de test de luxe en silicone"}]},{"@type":"WebSite","@id":"https:\/\/www.fieldpiece.com\/fr\/#website","url":"https:\/\/www.fieldpiece.com\/fr\/","name":"Fieldpiece Instruments","description":"","publisher":{"@id":"https:\/\/www.fieldpiece.com\/fr\/#organization"},"potentialAction":[{"@type":"SearchAction","target":{"@type":"EntryPoint","urlTemplate":"https:\/\/www.fieldpiece.com\/fr\/?s={search_term_string}"},"query-input":{"@type":"PropertyValueSpecification","valueRequired":true,"valueName":"search_term_string"}}],"inLanguage":"fr-FR"},{"@type":"Organization","@id":"https:\/\/www.fieldpiece.com\/fr\/#organization","name":"Fieldpiece Instruments","url":"https:\/\/www.fieldpiece.com\/fr\/","logo":{"@type":"ImageObject","inLanguage":"fr-FR","@id":"https:\/\/www.fieldpiece.com\/fr\/#\/schema\/logo\/image\/","url":"https:\/\/resources.fieldpiece.com\/wp-content\/uploads\/2021\/02\/Logos-490x358-1.jpg","contentUrl":"https:\/\/resources.fieldpiece.com\/wp-content\/uploads\/2021\/02\/Logos-490x358-1.jpg","width":490,"height":358,"caption":"Fieldpiece Instruments"},"image":{"@id":"https:\/\/www.fieldpiece.com\/fr\/#\/schema\/logo\/image\/"}}]}},"_links":{"self":[{"href":"https:\/\/www.fieldpiece.com\/fr\/wp-json\/wp\/v2\/product\/28113","targetHints":{"allow":["GET"]}}],"collection":[{"href":"https:\/\/www.fieldpiece.com\/fr\/wp-json\/wp\/v2\/product"}],"about":[{"href":"https:\/\/www.fieldpiece.com\/fr\/wp-json\/wp\/v2\/types\/product"}],"replies":[{"embeddable":true,"href":"https:\/\/www.fieldpiece.com\/fr\/wp-json\/wp\/v2\/comments?post=28113"}],"wp:featuredmedia":[{"embeddable":true,"href":"https:\/\/www.fieldpiece.com\/fr\/wp-json\/wp\/v2\/media\/28114"}],"wp:attachment":[{"href":"https:\/\/www.fieldpiece.com\/fr\/wp-json\/wp\/v2\/media?parent=28113"}],"wp:term":[{"taxonomy":"product_brand","embeddable":true,"href":"https:\/\/www.fieldpiece.com\/fr\/wp-json\/wp\/v2\/product_brand?post=28113"},{"taxonomy":"product_cat","embeddable":true,"href":"https:\/\/www.fieldpiece.com\/fr\/wp-json\/wp\/v2\/product_cat?post=28113"},{"taxonomy":"product_tag","embeddable":true,"href":"https:\/\/www.fieldpiece.com\/fr\/wp-json\/wp\/v2\/product_tag?post=28113"}],"curies":[{"name":"wp","href":"https:\/\/api.w.org\/{rel}","templated":true}]}}