	{"id":28100,"date":"2020-11-02T12:02:16","date_gmt":"2020-11-02T12:02:16","guid":{"rendered":"https:\/\/www.fieldpiece.com\/product\/adls2-deluxe-silicone-test-leads\/"},"modified":"2021-11-15T05:35:12","modified_gmt":"2021-11-15T13:35:12","slug":"adls2-deluxe-silicone-test-leads","status":"publish","type":"product","link":"https:\/\/www.fieldpiece.com\/fr\/produit\/adls2-deluxe-silicone-test-leads\/","title":{"rendered":"ADLS2 &#8211; Fils conducteurs de test de luxe en silicone"},"content":{"rendered":"<p>Le jeu de fils conducteurs ADLS2 comprend des pointes plaqu\u00e9es or, des gaines de pointe amovibles, des brins \u00e0 teneur \u00e9lev\u00e9e en cuivre et une isolation en silicone. Il comprend des pinces de d\u00e9lestage de type panier, et les fils tiennent \u00e0 l&rsquo;int\u00e9rieur de tous nos appareils de mesure poss\u00e9dant un r\u00e9ceptacle int\u00e9gr\u00e9.\u00a0 Les fils sont robustes, ils r\u00e9sistent mieux \u00e0 des temp\u00e9ratures basses et \u00e9lev\u00e9es que les fils conducteurs traditionnels en vinyle, et ne sont pas fragilis\u00e9s par le froid extr\u00eame.<br \/>\nSP\u00c9CIFICATIONS<br \/>\nLongueur\u00a0:\u00a0 90\u00a0cm (3\u00a0pi)<br \/>\nTemp\u00e9rature maximale\u00a0:\u00a0 150\u00a0\u00b0C (302\u00a0\u00baF)<br \/>\nMat\u00e9riau isolant\u00a0:\u00a0 silicone<br \/>\nType d&#8217;embout de sonde\u00a0:\u00a0 droit amovible<br \/>\nType de prise\u00a0:\u00a0 banane en forme de\u00a0L (norme du secteur)<\/p>\n","protected":false},"excerpt":{"rendered":"<p>Le jeu de fils conducteurs ADLS2 comprend des pointes plaqu\u00e9es or, des gaines de pointe amovibles, des brins \u00e0 teneur &#8230;<\/p>\n","protected":false},"featured_media":28101,"comment_status":"open","ping_status":"closed","template":"","meta":{"_acf_changed":false},"product_brand":[],"product_cat":[158,262],"product_tag":[],"class_list":{"0":"post-28100","1":"product","2":"type-product","3":"status-publish","4":"has-post-thumbnail","6":"product_cat-other-fr-2","7":"product_cat-leads-fr-2","9":"first","10":"instock","11":"shipping-taxable","12":"product-type-simple"},"acf":[],"yoast_head":"<!-- This site is optimized with the Yoast SEO plugin v27.2 - https:\/\/yoast.com\/product\/yoast-seo-wordpress\/ -->\n<title>ADLS2 - Fils conducteurs de test de luxe en silicone - Fieldpiece Instruments<\/title>\n<meta name=\"robots\" content=\"index, follow, max-snippet:-1, max-image-preview:large, max-video-preview:-1\" \/>\n<link rel=\"canonical\" href=\"https:\/\/www.fieldpiece.com\/fr\/produit\/adls2-deluxe-silicone-test-leads\/\" \/>\n<meta property=\"og:locale\" content=\"fr_FR\" \/>\n<meta property=\"og:type\" content=\"article\" \/>\n<meta property=\"og:title\" content=\"ADLS2 - Fils conducteurs de test de luxe en silicone - Fieldpiece Instruments\" \/>\n<meta property=\"og:description\" content=\"Le jeu de fils conducteurs ADLS2 comprend des pointes plaqu\u00e9es or, des gaines de pointe amovibles, des brins \u00e0 teneur ...\" \/>\n<meta property=\"og:url\" content=\"https:\/\/www.fieldpiece.com\/fr\/produit\/adls2-deluxe-silicone-test-leads\/\" \/>\n<meta property=\"og:site_name\" content=\"Fieldpiece Instruments\" \/>\n<meta property=\"article:modified_time\" content=\"2021-11-15T13:35:12+00:00\" \/>\n<meta property=\"og:image\" content=\"https:\/\/www.fieldpiece.com\/wp-content\/uploads\/2020\/11\/ADLS2.jpg\" \/>\n\t<meta property=\"og:image:width\" content=\"470\" \/>\n\t<meta property=\"og:image:height\" content=\"470\" \/>\n\t<meta property=\"og:image:type\" content=\"image\/jpeg\" \/>\n<meta name=\"twitter:card\" content=\"summary_large_image\" \/>\n<meta name=\"twitter:label1\" content=\"Dur\u00e9e de lecture estim\u00e9e\" \/>\n\t<meta name=\"twitter:data1\" content=\"1 minute\" \/>\n<script type=\"application\/ld+json\" class=\"yoast-schema-graph\">{\"@context\":\"https:\/\/schema.org\",\"@graph\":[{\"@type\":\"WebPage\",\"@id\":\"https:\/\/www.fieldpiece.com\/fr\/produit\/adls2-deluxe-silicone-test-leads\/\",\"url\":\"https:\/\/www.fieldpiece.com\/fr\/produit\/adls2-deluxe-silicone-test-leads\/\",\"name\":\"ADLS2 - Fils conducteurs de test de luxe en silicone - Fieldpiece Instruments\",\"isPartOf\":{\"@id\":\"https:\/\/www.fieldpiece.com\/fr\/#website\"},\"primaryImageOfPage\":{\"@id\":\"https:\/\/www.fieldpiece.com\/fr\/produit\/adls2-deluxe-silicone-test-leads\/#primaryimage\"},\"image\":{\"@id\":\"https:\/\/www.fieldpiece.com\/fr\/produit\/adls2-deluxe-silicone-test-leads\/#primaryimage\"},\"thumbnailUrl\":\"https:\/\/resources.fieldpiece.com\/wp-content\/uploads\/2020\/11\/ADLS2.jpg\",\"datePublished\":\"2020-11-02T12:02:16+00:00\",\"dateModified\":\"2021-11-15T13:35:12+00:00\",\"breadcrumb\":{\"@id\":\"https:\/\/www.fieldpiece.com\/fr\/produit\/adls2-deluxe-silicone-test-leads\/#breadcrumb\"},\"inLanguage\":\"fr-FR\",\"potentialAction\":[{\"@type\":\"ReadAction\",\"target\":[\"https:\/\/www.fieldpiece.com\/fr\/produit\/adls2-deluxe-silicone-test-leads\/\"]}]},{\"@type\":\"ImageObject\",\"inLanguage\":\"fr-FR\",\"@id\":\"https:\/\/www.fieldpiece.com\/fr\/produit\/adls2-deluxe-silicone-test-leads\/#primaryimage\",\"url\":\"https:\/\/resources.fieldpiece.com\/wp-content\/uploads\/2020\/11\/ADLS2.jpg\",\"contentUrl\":\"https:\/\/resources.fieldpiece.com\/wp-content\/uploads\/2020\/11\/ADLS2.jpg\",\"width\":470,\"height\":470,\"caption\":\"test leads\"},{\"@type\":\"BreadcrumbList\",\"@id\":\"https:\/\/www.fieldpiece.com\/fr\/produit\/adls2-deluxe-silicone-test-leads\/#breadcrumb\",\"itemListElement\":[{\"@type\":\"ListItem\",\"position\":1,\"name\":\"Home\",\"item\":\"https:\/\/www.fieldpiece.com\/fr\/\"},{\"@type\":\"ListItem\",\"position\":2,\"name\":\"Shop\",\"item\":\"https:\/\/www.fieldpiece.com\/shop\/\"},{\"@type\":\"ListItem\",\"position\":3,\"name\":\"ADLS2 &#8211; Fils conducteurs de test de luxe en silicone\"}]},{\"@type\":\"WebSite\",\"@id\":\"https:\/\/www.fieldpiece.com\/fr\/#website\",\"url\":\"https:\/\/www.fieldpiece.com\/fr\/\",\"name\":\"Fieldpiece Instruments\",\"description\":\"\",\"publisher\":{\"@id\":\"https:\/\/www.fieldpiece.com\/fr\/#organization\"},\"potentialAction\":[{\"@type\":\"SearchAction\",\"target\":{\"@type\":\"EntryPoint\",\"urlTemplate\":\"https:\/\/www.fieldpiece.com\/fr\/?s={search_term_string}\"},\"query-input\":{\"@type\":\"PropertyValueSpecification\",\"valueRequired\":true,\"valueName\":\"search_term_string\"}}],\"inLanguage\":\"fr-FR\"},{\"@type\":\"Organization\",\"@id\":\"https:\/\/www.fieldpiece.com\/fr\/#organization\",\"name\":\"Fieldpiece Instruments\",\"url\":\"https:\/\/www.fieldpiece.com\/fr\/\",\"logo\":{\"@type\":\"ImageObject\",\"inLanguage\":\"fr-FR\",\"@id\":\"https:\/\/www.fieldpiece.com\/fr\/#\/schema\/logo\/image\/\",\"url\":\"https:\/\/resources.fieldpiece.com\/wp-content\/uploads\/2021\/02\/Logos-490x358-1.jpg\",\"contentUrl\":\"https:\/\/resources.fieldpiece.com\/wp-content\/uploads\/2021\/02\/Logos-490x358-1.jpg\",\"width\":490,\"height\":358,\"caption\":\"Fieldpiece Instruments\"},\"image\":{\"@id\":\"https:\/\/www.fieldpiece.com\/fr\/#\/schema\/logo\/image\/\"}}]}<\/script>\n<!-- \/ Yoast SEO plugin. -->","yoast_head_json":{"title":"ADLS2 - Fils conducteurs de test de luxe en silicone - Fieldpiece Instruments","robots":{"index":"index","follow":"follow","max-snippet":"max-snippet:-1","max-image-preview":"max-image-preview:large","max-video-preview":"max-video-preview:-1"},"canonical":"https:\/\/www.fieldpiece.com\/fr\/produit\/adls2-deluxe-silicone-test-leads\/","og_locale":"fr_FR","og_type":"article","og_title":"ADLS2 - Fils conducteurs de test de luxe en silicone - Fieldpiece Instruments","og_description":"Le jeu de fils conducteurs ADLS2 comprend des pointes plaqu\u00e9es or, des gaines de pointe amovibles, des brins \u00e0 teneur ...","og_url":"https:\/\/www.fieldpiece.com\/fr\/produit\/adls2-deluxe-silicone-test-leads\/","og_site_name":"Fieldpiece Instruments","article_modified_time":"2021-11-15T13:35:12+00:00","og_image":[{"width":470,"height":470,"url":"https:\/\/www.fieldpiece.com\/wp-content\/uploads\/2020\/11\/ADLS2.jpg","type":"image\/jpeg"}],"twitter_card":"summary_large_image","twitter_misc":{"Dur\u00e9e de lecture estim\u00e9e":"1 minute"},"schema":{"@context":"https:\/\/schema.org","@graph":[{"@type":"WebPage","@id":"https:\/\/www.fieldpiece.com\/fr\/produit\/adls2-deluxe-silicone-test-leads\/","url":"https:\/\/www.fieldpiece.com\/fr\/produit\/adls2-deluxe-silicone-test-leads\/","name":"ADLS2 - Fils conducteurs de test de luxe en silicone - Fieldpiece Instruments","isPartOf":{"@id":"https:\/\/www.fieldpiece.com\/fr\/#website"},"primaryImageOfPage":{"@id":"https:\/\/www.fieldpiece.com\/fr\/produit\/adls2-deluxe-silicone-test-leads\/#primaryimage"},"image":{"@id":"https:\/\/www.fieldpiece.com\/fr\/produit\/adls2-deluxe-silicone-test-leads\/#primaryimage"},"thumbnailUrl":"https:\/\/resources.fieldpiece.com\/wp-content\/uploads\/2020\/11\/ADLS2.jpg","datePublished":"2020-11-02T12:02:16+00:00","dateModified":"2021-11-15T13:35:12+00:00","breadcrumb":{"@id":"https:\/\/www.fieldpiece.com\/fr\/produit\/adls2-deluxe-silicone-test-leads\/#breadcrumb"},"inLanguage":"fr-FR","potentialAction":[{"@type":"ReadAction","target":["https:\/\/www.fieldpiece.com\/fr\/produit\/adls2-deluxe-silicone-test-leads\/"]}]},{"@type":"ImageObject","inLanguage":"fr-FR","@id":"https:\/\/www.fieldpiece.com\/fr\/produit\/adls2-deluxe-silicone-test-leads\/#primaryimage","url":"https:\/\/resources.fieldpiece.com\/wp-content\/uploads\/2020\/11\/ADLS2.jpg","contentUrl":"https:\/\/resources.fieldpiece.com\/wp-content\/uploads\/2020\/11\/ADLS2.jpg","width":470,"height":470,"caption":"test leads"},{"@type":"BreadcrumbList","@id":"https:\/\/www.fieldpiece.com\/fr\/produit\/adls2-deluxe-silicone-test-leads\/#breadcrumb","itemListElement":[{"@type":"ListItem","position":1,"name":"Home","item":"https:\/\/www.fieldpiece.com\/fr\/"},{"@type":"ListItem","position":2,"name":"Shop","item":"https:\/\/www.fieldpiece.com\/shop\/"},{"@type":"ListItem","position":3,"name":"ADLS2 &#8211; Fils conducteurs de test de luxe en silicone"}]},{"@type":"WebSite","@id":"https:\/\/www.fieldpiece.com\/fr\/#website","url":"https:\/\/www.fieldpiece.com\/fr\/","name":"Fieldpiece Instruments","description":"","publisher":{"@id":"https:\/\/www.fieldpiece.com\/fr\/#organization"},"potentialAction":[{"@type":"SearchAction","target":{"@type":"EntryPoint","urlTemplate":"https:\/\/www.fieldpiece.com\/fr\/?s={search_term_string}"},"query-input":{"@type":"PropertyValueSpecification","valueRequired":true,"valueName":"search_term_string"}}],"inLanguage":"fr-FR"},{"@type":"Organization","@id":"https:\/\/www.fieldpiece.com\/fr\/#organization","name":"Fieldpiece Instruments","url":"https:\/\/www.fieldpiece.com\/fr\/","logo":{"@type":"ImageObject","inLanguage":"fr-FR","@id":"https:\/\/www.fieldpiece.com\/fr\/#\/schema\/logo\/image\/","url":"https:\/\/resources.fieldpiece.com\/wp-content\/uploads\/2021\/02\/Logos-490x358-1.jpg","contentUrl":"https:\/\/resources.fieldpiece.com\/wp-content\/uploads\/2021\/02\/Logos-490x358-1.jpg","width":490,"height":358,"caption":"Fieldpiece Instruments"},"image":{"@id":"https:\/\/www.fieldpiece.com\/fr\/#\/schema\/logo\/image\/"}}]}},"_links":{"self":[{"href":"https:\/\/www.fieldpiece.com\/fr\/wp-json\/wp\/v2\/product\/28100","targetHints":{"allow":["GET"]}}],"collection":[{"href":"https:\/\/www.fieldpiece.com\/fr\/wp-json\/wp\/v2\/product"}],"about":[{"href":"https:\/\/www.fieldpiece.com\/fr\/wp-json\/wp\/v2\/types\/product"}],"replies":[{"embeddable":true,"href":"https:\/\/www.fieldpiece.com\/fr\/wp-json\/wp\/v2\/comments?post=28100"}],"wp:featuredmedia":[{"embeddable":true,"href":"https:\/\/www.fieldpiece.com\/fr\/wp-json\/wp\/v2\/media\/28101"}],"wp:attachment":[{"href":"https:\/\/www.fieldpiece.com\/fr\/wp-json\/wp\/v2\/media?parent=28100"}],"wp:term":[{"taxonomy":"product_brand","embeddable":true,"href":"https:\/\/www.fieldpiece.com\/fr\/wp-json\/wp\/v2\/product_brand?post=28100"},{"taxonomy":"product_cat","embeddable":true,"href":"https:\/\/www.fieldpiece.com\/fr\/wp-json\/wp\/v2\/product_cat?post=28100"},{"taxonomy":"product_tag","embeddable":true,"href":"https:\/\/www.fieldpiece.com\/fr\/wp-json\/wp\/v2\/product_tag?post=28100"}],"curies":[{"name":"wp","href":"https:\/\/api.w.org\/{rel}","templated":true}]}}