	{"id":28057,"date":"2020-11-02T12:02:18","date_gmt":"2020-11-02T12:02:18","guid":{"rendered":"https:\/\/www.fieldpiece.com\/product\/ata1-k-type-thermocouple-with-alligator-clip\/"},"modified":"2021-11-22T04:11:14","modified_gmt":"2021-11-22T12:11:14","slug":"ata1-k-type-thermocouple-with-alligator-clip","status":"publish","type":"product","link":"https:\/\/www.fieldpiece.com\/fr\/produit\/ata1-k-type-thermocouple-with-alligator-clip\/","title":{"rendered":"ATA1 &#8211; Thermocouple de type\u00a0K avec pince crocodile"},"content":{"rendered":"<p>Le thermocouple de type\u00a0K ATA1 peut s&rsquo;accrocher \u00e0 l&rsquo;\u00e9quipement de CVCR pour faciliter les tests mains libres. Accrochez-le aux lamelles de condensateur pour une mesure pr\u00e9cise de thermom\u00e8tre sec en plein air, notamment pour trouver la surchauffe cible. Accrochez-le au filtre \u00e9vaporateur pour obtenir la mesure de thermom\u00e8tre sec int\u00e9rieur, notamment la temp\u00e9rature de sortie cible de l&rsquo;\u00e9vaporateur. Accrochez-le aux \u00e9vents d&rsquo;alimentation pour obtenir la mesure du thermom\u00e8tre sec d&rsquo;alimentation. L&rsquo;ATA1 peut \u00eatre utilis\u00e9 avec tous nos multim\u00e8tres de mesure de temp\u00e9rature et tout thermom\u00e8tre acceptant un thermocouple de type\u00a0K. Les techniciens de CVCR trouvent l&rsquo;ATA1 extr\u00eamement utile pour enregistrer des donn\u00e9es ou effectuer des relev\u00e9s en main libre. L&rsquo;attache permet de stocker le fil du thermocouple sur la prise. Il suffit simplement d&rsquo;enrouler le fil en surplus autour de l&rsquo;attache. Plus de fils enchev\u00eatr\u00e9s dans votre sac.<\/p>\n<p>SP\u00c9CIFICATIONS <\/p>\n<p>Exactitude\u00a0: \u00b1\u00a02\u00a0\u00b0C (4\u00a0\u00baF)\u00a0; \u00b1\u00a00,5\u00a0\u00b0C (1\u00a0\u00b0F) apr\u00e8s \u00e9talonnage sur le terrain, 0 \u00e0 80\u00a0\u00b0C (32 \u00e0 176\u00a0\u00baF)<br \/>\nPlage de temp\u00e9rature\u00a0: -46 \u00e0 204\u00a0\u00b0C (-50 \u00e0 400\u00a0\u00baF)<br \/>\nConducteurs de thermocouple\u00a0: nickel chrome\/nickel aluminium de type\u00a0K.<br \/>\nIsolation de sonde\u00a0: l&rsquo;\u00e9talonnage et l&rsquo;atmosph\u00e8re affecteront la temp\u00e9rature maximale utile dans les applications. L&rsquo;isolation du fil est con\u00e7ue pour r\u00e9sister \u00e0 une utilisation maximale en continu \u00e0 204\u00a0\u00b0C (400\u00a0\u00b0F).<br \/>\nPrise\u00a0: mini-fiche m\u00e2le de thermocouple de type\u00a0K<\/p>\n","protected":false},"excerpt":{"rendered":"<p>Le thermocouple de type\u00a0K ATA1 peut s&rsquo;accrocher \u00e0 l&rsquo;\u00e9quipement de CVCR pour faciliter les tests mains libres. Accrochez-le aux lamelles &#8230;<\/p>\n","protected":false},"featured_media":28058,"comment_status":"open","ping_status":"closed","template":"","meta":{"_acf_changed":false},"product_brand":[],"product_cat":[158,272],"product_tag":[],"class_list":{"0":"post-28057","1":"product","2":"type-product","3":"status-publish","4":"has-post-thumbnail","6":"product_cat-other-fr-2","7":"product_cat-thermocouples-fr","9":"first","10":"instock","11":"shipping-taxable","12":"product-type-simple"},"acf":[],"yoast_head":"<!-- This site is optimized with the Yoast SEO plugin v27.2 - https:\/\/yoast.com\/product\/yoast-seo-wordpress\/ -->\n<title>ATA1 - Thermocouple de type\u00a0K avec pince crocodile - Fieldpiece Instruments<\/title>\n<meta name=\"robots\" content=\"index, follow, max-snippet:-1, max-image-preview:large, max-video-preview:-1\" \/>\n<link rel=\"canonical\" href=\"https:\/\/www.fieldpiece.com\/fr\/produit\/ata1-k-type-thermocouple-with-alligator-clip\/\" \/>\n<meta property=\"og:locale\" content=\"fr_FR\" \/>\n<meta property=\"og:type\" content=\"article\" \/>\n<meta property=\"og:title\" content=\"ATA1 - Thermocouple de type\u00a0K avec pince crocodile - Fieldpiece Instruments\" \/>\n<meta property=\"og:description\" content=\"Le thermocouple de type\u00a0K ATA1 peut s&rsquo;accrocher \u00e0 l&rsquo;\u00e9quipement de CVCR pour faciliter les tests mains libres. Accrochez-le aux lamelles ...\" \/>\n<meta property=\"og:url\" content=\"https:\/\/www.fieldpiece.com\/fr\/produit\/ata1-k-type-thermocouple-with-alligator-clip\/\" \/>\n<meta property=\"og:site_name\" content=\"Fieldpiece Instruments\" \/>\n<meta property=\"article:modified_time\" content=\"2021-11-22T12:11:14+00:00\" \/>\n<meta property=\"og:image\" content=\"https:\/\/resources.fieldpiece.com\/wp-content\/uploads\/2020\/11\/ATA1.jpg\" \/>\n\t<meta property=\"og:image:width\" content=\"470\" \/>\n\t<meta property=\"og:image:height\" content=\"470\" \/>\n\t<meta property=\"og:image:type\" content=\"image\/jpeg\" \/>\n<meta name=\"twitter:card\" content=\"summary_large_image\" \/>\n<meta name=\"twitter:label1\" content=\"Dur\u00e9e de lecture estim\u00e9e\" \/>\n\t<meta name=\"twitter:data1\" content=\"1 minute\" \/>\n<script type=\"application\/ld+json\" class=\"yoast-schema-graph\">{\"@context\":\"https:\/\/schema.org\",\"@graph\":[{\"@type\":\"WebPage\",\"@id\":\"https:\/\/www.fieldpiece.com\/fr\/produit\/ata1-k-type-thermocouple-with-alligator-clip\/\",\"url\":\"https:\/\/www.fieldpiece.com\/fr\/produit\/ata1-k-type-thermocouple-with-alligator-clip\/\",\"name\":\"ATA1 - Thermocouple de type\u00a0K avec pince crocodile - Fieldpiece Instruments\",\"isPartOf\":{\"@id\":\"https:\/\/www.fieldpiece.com\/fr\/#website\"},\"primaryImageOfPage\":{\"@id\":\"https:\/\/www.fieldpiece.com\/fr\/produit\/ata1-k-type-thermocouple-with-alligator-clip\/#primaryimage\"},\"image\":{\"@id\":\"https:\/\/www.fieldpiece.com\/fr\/produit\/ata1-k-type-thermocouple-with-alligator-clip\/#primaryimage\"},\"thumbnailUrl\":\"https:\/\/resources.fieldpiece.com\/wp-content\/uploads\/2020\/11\/ATA1.jpg\",\"datePublished\":\"2020-11-02T12:02:18+00:00\",\"dateModified\":\"2021-11-22T12:11:14+00:00\",\"breadcrumb\":{\"@id\":\"https:\/\/www.fieldpiece.com\/fr\/produit\/ata1-k-type-thermocouple-with-alligator-clip\/#breadcrumb\"},\"inLanguage\":\"fr-FR\",\"potentialAction\":[{\"@type\":\"ReadAction\",\"target\":[\"https:\/\/www.fieldpiece.com\/fr\/produit\/ata1-k-type-thermocouple-with-alligator-clip\/\"]}]},{\"@type\":\"ImageObject\",\"inLanguage\":\"fr-FR\",\"@id\":\"https:\/\/www.fieldpiece.com\/fr\/produit\/ata1-k-type-thermocouple-with-alligator-clip\/#primaryimage\",\"url\":\"https:\/\/resources.fieldpiece.com\/wp-content\/uploads\/2020\/11\/ATA1.jpg\",\"contentUrl\":\"https:\/\/resources.fieldpiece.com\/wp-content\/uploads\/2020\/11\/ATA1.jpg\",\"width\":470,\"height\":470,\"caption\":\"k type thermocouple\"},{\"@type\":\"BreadcrumbList\",\"@id\":\"https:\/\/www.fieldpiece.com\/fr\/produit\/ata1-k-type-thermocouple-with-alligator-clip\/#breadcrumb\",\"itemListElement\":[{\"@type\":\"ListItem\",\"position\":1,\"name\":\"Home\",\"item\":\"https:\/\/www.fieldpiece.com\/fr\/\"},{\"@type\":\"ListItem\",\"position\":2,\"name\":\"Shop\",\"item\":\"https:\/\/www.fieldpiece.com\/shop\/\"},{\"@type\":\"ListItem\",\"position\":3,\"name\":\"ATA1 &#8211; Thermocouple de type\u00a0K avec pince crocodile\"}]},{\"@type\":\"WebSite\",\"@id\":\"https:\/\/www.fieldpiece.com\/fr\/#website\",\"url\":\"https:\/\/www.fieldpiece.com\/fr\/\",\"name\":\"Fieldpiece Instruments\",\"description\":\"\",\"publisher\":{\"@id\":\"https:\/\/www.fieldpiece.com\/fr\/#organization\"},\"potentialAction\":[{\"@type\":\"SearchAction\",\"target\":{\"@type\":\"EntryPoint\",\"urlTemplate\":\"https:\/\/www.fieldpiece.com\/fr\/?s={search_term_string}\"},\"query-input\":{\"@type\":\"PropertyValueSpecification\",\"valueRequired\":true,\"valueName\":\"search_term_string\"}}],\"inLanguage\":\"fr-FR\"},{\"@type\":\"Organization\",\"@id\":\"https:\/\/www.fieldpiece.com\/fr\/#organization\",\"name\":\"Fieldpiece Instruments\",\"url\":\"https:\/\/www.fieldpiece.com\/fr\/\",\"logo\":{\"@type\":\"ImageObject\",\"inLanguage\":\"fr-FR\",\"@id\":\"https:\/\/www.fieldpiece.com\/fr\/#\/schema\/logo\/image\/\",\"url\":\"https:\/\/resources.fieldpiece.com\/wp-content\/uploads\/2021\/02\/Logos-490x358-1.jpg\",\"contentUrl\":\"https:\/\/resources.fieldpiece.com\/wp-content\/uploads\/2021\/02\/Logos-490x358-1.jpg\",\"width\":490,\"height\":358,\"caption\":\"Fieldpiece Instruments\"},\"image\":{\"@id\":\"https:\/\/www.fieldpiece.com\/fr\/#\/schema\/logo\/image\/\"}}]}<\/script>\n<!-- \/ Yoast SEO plugin. -->","yoast_head_json":{"title":"ATA1 - Thermocouple de type\u00a0K avec pince crocodile - Fieldpiece Instruments","robots":{"index":"index","follow":"follow","max-snippet":"max-snippet:-1","max-image-preview":"max-image-preview:large","max-video-preview":"max-video-preview:-1"},"canonical":"https:\/\/www.fieldpiece.com\/fr\/produit\/ata1-k-type-thermocouple-with-alligator-clip\/","og_locale":"fr_FR","og_type":"article","og_title":"ATA1 - Thermocouple de type\u00a0K avec pince crocodile - Fieldpiece Instruments","og_description":"Le thermocouple de type\u00a0K ATA1 peut s&rsquo;accrocher \u00e0 l&rsquo;\u00e9quipement de CVCR pour faciliter les tests mains libres. Accrochez-le aux lamelles ...","og_url":"https:\/\/www.fieldpiece.com\/fr\/produit\/ata1-k-type-thermocouple-with-alligator-clip\/","og_site_name":"Fieldpiece Instruments","article_modified_time":"2021-11-22T12:11:14+00:00","og_image":[{"width":470,"height":470,"url":"https:\/\/resources.fieldpiece.com\/wp-content\/uploads\/2020\/11\/ATA1.jpg","type":"image\/jpeg"}],"twitter_card":"summary_large_image","twitter_misc":{"Dur\u00e9e de lecture estim\u00e9e":"1 minute"},"schema":{"@context":"https:\/\/schema.org","@graph":[{"@type":"WebPage","@id":"https:\/\/www.fieldpiece.com\/fr\/produit\/ata1-k-type-thermocouple-with-alligator-clip\/","url":"https:\/\/www.fieldpiece.com\/fr\/produit\/ata1-k-type-thermocouple-with-alligator-clip\/","name":"ATA1 - Thermocouple de type\u00a0K avec pince crocodile - Fieldpiece Instruments","isPartOf":{"@id":"https:\/\/www.fieldpiece.com\/fr\/#website"},"primaryImageOfPage":{"@id":"https:\/\/www.fieldpiece.com\/fr\/produit\/ata1-k-type-thermocouple-with-alligator-clip\/#primaryimage"},"image":{"@id":"https:\/\/www.fieldpiece.com\/fr\/produit\/ata1-k-type-thermocouple-with-alligator-clip\/#primaryimage"},"thumbnailUrl":"https:\/\/resources.fieldpiece.com\/wp-content\/uploads\/2020\/11\/ATA1.jpg","datePublished":"2020-11-02T12:02:18+00:00","dateModified":"2021-11-22T12:11:14+00:00","breadcrumb":{"@id":"https:\/\/www.fieldpiece.com\/fr\/produit\/ata1-k-type-thermocouple-with-alligator-clip\/#breadcrumb"},"inLanguage":"fr-FR","potentialAction":[{"@type":"ReadAction","target":["https:\/\/www.fieldpiece.com\/fr\/produit\/ata1-k-type-thermocouple-with-alligator-clip\/"]}]},{"@type":"ImageObject","inLanguage":"fr-FR","@id":"https:\/\/www.fieldpiece.com\/fr\/produit\/ata1-k-type-thermocouple-with-alligator-clip\/#primaryimage","url":"https:\/\/resources.fieldpiece.com\/wp-content\/uploads\/2020\/11\/ATA1.jpg","contentUrl":"https:\/\/resources.fieldpiece.com\/wp-content\/uploads\/2020\/11\/ATA1.jpg","width":470,"height":470,"caption":"k type thermocouple"},{"@type":"BreadcrumbList","@id":"https:\/\/www.fieldpiece.com\/fr\/produit\/ata1-k-type-thermocouple-with-alligator-clip\/#breadcrumb","itemListElement":[{"@type":"ListItem","position":1,"name":"Home","item":"https:\/\/www.fieldpiece.com\/fr\/"},{"@type":"ListItem","position":2,"name":"Shop","item":"https:\/\/www.fieldpiece.com\/shop\/"},{"@type":"ListItem","position":3,"name":"ATA1 &#8211; Thermocouple de type\u00a0K avec pince crocodile"}]},{"@type":"WebSite","@id":"https:\/\/www.fieldpiece.com\/fr\/#website","url":"https:\/\/www.fieldpiece.com\/fr\/","name":"Fieldpiece Instruments","description":"","publisher":{"@id":"https:\/\/www.fieldpiece.com\/fr\/#organization"},"potentialAction":[{"@type":"SearchAction","target":{"@type":"EntryPoint","urlTemplate":"https:\/\/www.fieldpiece.com\/fr\/?s={search_term_string}"},"query-input":{"@type":"PropertyValueSpecification","valueRequired":true,"valueName":"search_term_string"}}],"inLanguage":"fr-FR"},{"@type":"Organization","@id":"https:\/\/www.fieldpiece.com\/fr\/#organization","name":"Fieldpiece Instruments","url":"https:\/\/www.fieldpiece.com\/fr\/","logo":{"@type":"ImageObject","inLanguage":"fr-FR","@id":"https:\/\/www.fieldpiece.com\/fr\/#\/schema\/logo\/image\/","url":"https:\/\/resources.fieldpiece.com\/wp-content\/uploads\/2021\/02\/Logos-490x358-1.jpg","contentUrl":"https:\/\/resources.fieldpiece.com\/wp-content\/uploads\/2021\/02\/Logos-490x358-1.jpg","width":490,"height":358,"caption":"Fieldpiece Instruments"},"image":{"@id":"https:\/\/www.fieldpiece.com\/fr\/#\/schema\/logo\/image\/"}}]}},"_links":{"self":[{"href":"https:\/\/www.fieldpiece.com\/fr\/wp-json\/wp\/v2\/product\/28057","targetHints":{"allow":["GET"]}}],"collection":[{"href":"https:\/\/www.fieldpiece.com\/fr\/wp-json\/wp\/v2\/product"}],"about":[{"href":"https:\/\/www.fieldpiece.com\/fr\/wp-json\/wp\/v2\/types\/product"}],"replies":[{"embeddable":true,"href":"https:\/\/www.fieldpiece.com\/fr\/wp-json\/wp\/v2\/comments?post=28057"}],"wp:featuredmedia":[{"embeddable":true,"href":"https:\/\/www.fieldpiece.com\/fr\/wp-json\/wp\/v2\/media\/28058"}],"wp:attachment":[{"href":"https:\/\/www.fieldpiece.com\/fr\/wp-json\/wp\/v2\/media?parent=28057"}],"wp:term":[{"taxonomy":"product_brand","embeddable":true,"href":"https:\/\/www.fieldpiece.com\/fr\/wp-json\/wp\/v2\/product_brand?post=28057"},{"taxonomy":"product_cat","embeddable":true,"href":"https:\/\/www.fieldpiece.com\/fr\/wp-json\/wp\/v2\/product_cat?post=28057"},{"taxonomy":"product_tag","embeddable":true,"href":"https:\/\/www.fieldpiece.com\/fr\/wp-json\/wp\/v2\/product_tag?post=28057"}],"curies":[{"name":"wp","href":"https:\/\/api.w.org\/{rel}","templated":true}]}}