	{"id":28031,"date":"2020-11-02T12:02:19","date_gmt":"2020-11-02T12:02:19","guid":{"rendered":"https:\/\/www.fieldpiece.com\/product\/atb1-k-type-thermocouple\/"},"modified":"2021-11-15T05:14:00","modified_gmt":"2021-11-15T13:14:00","slug":"atb1-k-type-thermocouple","status":"publish","type":"product","link":"https:\/\/www.fieldpiece.com\/fr\/produit\/atb1-k-type-thermocouple\/","title":{"rendered":"ATB1 &#8211; Thermocouple de type\u00a0K"},"content":{"rendered":"<p>La thermocouple \u00e0 bille de type\u00a0K ATB1 est utilis\u00e9 pour relever la temp\u00e9rature de l&rsquo;air, des surfaces ou des liquides jusqu&rsquo;\u00e0 204\u00a0\u00b0C (400\u00a0\u00b0F). Utilisez l&rsquo;ATB1 pour obtenir les relev\u00e9s de thermom\u00e8tres secs en plein air lors de la recherche de la surchauffe cible. L&rsquo;ATB1 peut \u00eatre utilis\u00e9 avec tous nos multim\u00e8tres de mesure de temp\u00e9rature et tout thermom\u00e8tre acceptant un thermocouple de type\u00a0K.<\/p>\n<p>L&rsquo;attache permet de stocker le fil du thermocouple sur la prise. Il suffit d&rsquo;enrouler le fil en surplus autour de l&rsquo;attache et de l&rsquo;introduire dans un des \u0153illets. Gardez-en plusieurs \u00e0 diff\u00e9rentes longueurs pour passer rapidement d&rsquo;un thermocouple \u00e0 un autre sur des travaux sp\u00e9cifiques. Plus de fils enchev\u00eatr\u00e9s dans votre sac.<\/p>\n<p>SP\u00c9CIFICATIONS<\/p>\n<p>Exactitude\u00a0: \u00b1\u00a02\u00a0\u00b0C (4\u00a0\u00baF)\u00a0; \u00b1\u00a00,5\u00a0\u00b0C (1\u00a0\u00b0F) apr\u00e8s \u00e9talonnage sur le terrain, 0 \u00e0 80\u00a0\u00b0C (32 \u00e0 176\u00a0\u00baF) Plage de temp\u00e9rature\u00a0: -46 \u00e0 204\u00a0\u00b0C (-50 \u00e0 400\u00a0\u00baF)<br \/>\nConducteurs de thermocouple\u00a0: nickel chrome\/nickel aluminium de type\u00a0K.<br \/>\nIsolation de sonde\u00a0: l&rsquo;\u00e9talonnage et l&rsquo;atmosph\u00e8re affecteront la temp\u00e9rature maximale utile dans les applications. L&rsquo;isolation du fil est con\u00e7ue pour r\u00e9sister \u00e0 une utilisation maximale en continu \u00e0 204\u00a0\u00b0C (400\u00a0\u00b0F).<br \/>\nPrise\u00a0: mini-fiche m\u00e2le de thermocouple de type\u00a0K<\/p>\n","protected":false},"excerpt":{"rendered":"<p>La thermocouple \u00e0 bille de type\u00a0K ATB1 est utilis\u00e9 pour relever la temp\u00e9rature de l&rsquo;air, des surfaces ou des liquides &#8230;<\/p>\n","protected":false},"featured_media":28032,"comment_status":"open","ping_status":"closed","template":"","meta":{"_acf_changed":false},"product_brand":[],"product_cat":[158,272],"product_tag":[],"class_list":{"0":"post-28031","1":"product","2":"type-product","3":"status-publish","4":"has-post-thumbnail","6":"product_cat-other-fr-2","7":"product_cat-thermocouples-fr","9":"first","10":"instock","11":"shipping-taxable","12":"product-type-simple"},"acf":[],"yoast_head":"<!-- This site is optimized with the Yoast SEO plugin v27.2 - https:\/\/yoast.com\/product\/yoast-seo-wordpress\/ -->\n<title>ATB1 - Thermocouple de type\u00a0K - Fieldpiece Instruments<\/title>\n<meta name=\"robots\" content=\"index, follow, max-snippet:-1, max-image-preview:large, max-video-preview:-1\" \/>\n<link rel=\"canonical\" href=\"https:\/\/www.fieldpiece.com\/fr\/produit\/atb1-k-type-thermocouple\/\" \/>\n<meta property=\"og:locale\" content=\"fr_FR\" \/>\n<meta property=\"og:type\" content=\"article\" \/>\n<meta property=\"og:title\" content=\"ATB1 - Thermocouple de type\u00a0K - Fieldpiece Instruments\" \/>\n<meta property=\"og:description\" content=\"La thermocouple \u00e0 bille de type\u00a0K ATB1 est utilis\u00e9 pour relever la temp\u00e9rature de l&rsquo;air, des surfaces ou des liquides ...\" \/>\n<meta property=\"og:url\" content=\"https:\/\/www.fieldpiece.com\/fr\/produit\/atb1-k-type-thermocouple\/\" \/>\n<meta property=\"og:site_name\" content=\"Fieldpiece Instruments\" \/>\n<meta property=\"article:modified_time\" content=\"2021-11-15T13:14:00+00:00\" \/>\n<meta property=\"og:image\" content=\"https:\/\/resources.fieldpiece.com\/wp-content\/uploads\/2020\/11\/ATB1.jpg\" \/>\n\t<meta property=\"og:image:width\" content=\"470\" \/>\n\t<meta property=\"og:image:height\" content=\"470\" \/>\n\t<meta property=\"og:image:type\" content=\"image\/jpeg\" \/>\n<meta name=\"twitter:card\" content=\"summary_large_image\" \/>\n<meta name=\"twitter:label1\" content=\"Dur\u00e9e de lecture estim\u00e9e\" \/>\n\t<meta name=\"twitter:data1\" content=\"1 minute\" \/>\n<script type=\"application\/ld+json\" class=\"yoast-schema-graph\">{\"@context\":\"https:\/\/schema.org\",\"@graph\":[{\"@type\":\"WebPage\",\"@id\":\"https:\/\/www.fieldpiece.com\/fr\/produit\/atb1-k-type-thermocouple\/\",\"url\":\"https:\/\/www.fieldpiece.com\/fr\/produit\/atb1-k-type-thermocouple\/\",\"name\":\"ATB1 - Thermocouple de type\u00a0K - Fieldpiece Instruments\",\"isPartOf\":{\"@id\":\"https:\/\/www.fieldpiece.com\/fr\/#website\"},\"primaryImageOfPage\":{\"@id\":\"https:\/\/www.fieldpiece.com\/fr\/produit\/atb1-k-type-thermocouple\/#primaryimage\"},\"image\":{\"@id\":\"https:\/\/www.fieldpiece.com\/fr\/produit\/atb1-k-type-thermocouple\/#primaryimage\"},\"thumbnailUrl\":\"https:\/\/resources.fieldpiece.com\/wp-content\/uploads\/2020\/11\/ATB1.jpg\",\"datePublished\":\"2020-11-02T12:02:19+00:00\",\"dateModified\":\"2021-11-15T13:14:00+00:00\",\"breadcrumb\":{\"@id\":\"https:\/\/www.fieldpiece.com\/fr\/produit\/atb1-k-type-thermocouple\/#breadcrumb\"},\"inLanguage\":\"fr-FR\",\"potentialAction\":[{\"@type\":\"ReadAction\",\"target\":[\"https:\/\/www.fieldpiece.com\/fr\/produit\/atb1-k-type-thermocouple\/\"]}]},{\"@type\":\"ImageObject\",\"inLanguage\":\"fr-FR\",\"@id\":\"https:\/\/www.fieldpiece.com\/fr\/produit\/atb1-k-type-thermocouple\/#primaryimage\",\"url\":\"https:\/\/resources.fieldpiece.com\/wp-content\/uploads\/2020\/11\/ATB1.jpg\",\"contentUrl\":\"https:\/\/resources.fieldpiece.com\/wp-content\/uploads\/2020\/11\/ATB1.jpg\",\"width\":470,\"height\":470,\"caption\":\"thermocouples k type\"},{\"@type\":\"BreadcrumbList\",\"@id\":\"https:\/\/www.fieldpiece.com\/fr\/produit\/atb1-k-type-thermocouple\/#breadcrumb\",\"itemListElement\":[{\"@type\":\"ListItem\",\"position\":1,\"name\":\"Home\",\"item\":\"https:\/\/www.fieldpiece.com\/fr\/\"},{\"@type\":\"ListItem\",\"position\":2,\"name\":\"Shop\",\"item\":\"https:\/\/www.fieldpiece.com\/shop\/\"},{\"@type\":\"ListItem\",\"position\":3,\"name\":\"ATB1 &#8211; Thermocouple de type\u00a0K\"}]},{\"@type\":\"WebSite\",\"@id\":\"https:\/\/www.fieldpiece.com\/fr\/#website\",\"url\":\"https:\/\/www.fieldpiece.com\/fr\/\",\"name\":\"Fieldpiece Instruments\",\"description\":\"\",\"publisher\":{\"@id\":\"https:\/\/www.fieldpiece.com\/fr\/#organization\"},\"potentialAction\":[{\"@type\":\"SearchAction\",\"target\":{\"@type\":\"EntryPoint\",\"urlTemplate\":\"https:\/\/www.fieldpiece.com\/fr\/?s={search_term_string}\"},\"query-input\":{\"@type\":\"PropertyValueSpecification\",\"valueRequired\":true,\"valueName\":\"search_term_string\"}}],\"inLanguage\":\"fr-FR\"},{\"@type\":\"Organization\",\"@id\":\"https:\/\/www.fieldpiece.com\/fr\/#organization\",\"name\":\"Fieldpiece Instruments\",\"url\":\"https:\/\/www.fieldpiece.com\/fr\/\",\"logo\":{\"@type\":\"ImageObject\",\"inLanguage\":\"fr-FR\",\"@id\":\"https:\/\/www.fieldpiece.com\/fr\/#\/schema\/logo\/image\/\",\"url\":\"https:\/\/resources.fieldpiece.com\/wp-content\/uploads\/2021\/02\/Logos-490x358-1.jpg\",\"contentUrl\":\"https:\/\/resources.fieldpiece.com\/wp-content\/uploads\/2021\/02\/Logos-490x358-1.jpg\",\"width\":490,\"height\":358,\"caption\":\"Fieldpiece Instruments\"},\"image\":{\"@id\":\"https:\/\/www.fieldpiece.com\/fr\/#\/schema\/logo\/image\/\"}}]}<\/script>\n<!-- \/ Yoast SEO plugin. -->","yoast_head_json":{"title":"ATB1 - Thermocouple de type\u00a0K - Fieldpiece Instruments","robots":{"index":"index","follow":"follow","max-snippet":"max-snippet:-1","max-image-preview":"max-image-preview:large","max-video-preview":"max-video-preview:-1"},"canonical":"https:\/\/www.fieldpiece.com\/fr\/produit\/atb1-k-type-thermocouple\/","og_locale":"fr_FR","og_type":"article","og_title":"ATB1 - Thermocouple de type\u00a0K - Fieldpiece Instruments","og_description":"La thermocouple \u00e0 bille de type\u00a0K ATB1 est utilis\u00e9 pour relever la temp\u00e9rature de l&rsquo;air, des surfaces ou des liquides ...","og_url":"https:\/\/www.fieldpiece.com\/fr\/produit\/atb1-k-type-thermocouple\/","og_site_name":"Fieldpiece Instruments","article_modified_time":"2021-11-15T13:14:00+00:00","og_image":[{"width":470,"height":470,"url":"https:\/\/resources.fieldpiece.com\/wp-content\/uploads\/2020\/11\/ATB1.jpg","type":"image\/jpeg"}],"twitter_card":"summary_large_image","twitter_misc":{"Dur\u00e9e de lecture estim\u00e9e":"1 minute"},"schema":{"@context":"https:\/\/schema.org","@graph":[{"@type":"WebPage","@id":"https:\/\/www.fieldpiece.com\/fr\/produit\/atb1-k-type-thermocouple\/","url":"https:\/\/www.fieldpiece.com\/fr\/produit\/atb1-k-type-thermocouple\/","name":"ATB1 - Thermocouple de type\u00a0K - Fieldpiece Instruments","isPartOf":{"@id":"https:\/\/www.fieldpiece.com\/fr\/#website"},"primaryImageOfPage":{"@id":"https:\/\/www.fieldpiece.com\/fr\/produit\/atb1-k-type-thermocouple\/#primaryimage"},"image":{"@id":"https:\/\/www.fieldpiece.com\/fr\/produit\/atb1-k-type-thermocouple\/#primaryimage"},"thumbnailUrl":"https:\/\/resources.fieldpiece.com\/wp-content\/uploads\/2020\/11\/ATB1.jpg","datePublished":"2020-11-02T12:02:19+00:00","dateModified":"2021-11-15T13:14:00+00:00","breadcrumb":{"@id":"https:\/\/www.fieldpiece.com\/fr\/produit\/atb1-k-type-thermocouple\/#breadcrumb"},"inLanguage":"fr-FR","potentialAction":[{"@type":"ReadAction","target":["https:\/\/www.fieldpiece.com\/fr\/produit\/atb1-k-type-thermocouple\/"]}]},{"@type":"ImageObject","inLanguage":"fr-FR","@id":"https:\/\/www.fieldpiece.com\/fr\/produit\/atb1-k-type-thermocouple\/#primaryimage","url":"https:\/\/resources.fieldpiece.com\/wp-content\/uploads\/2020\/11\/ATB1.jpg","contentUrl":"https:\/\/resources.fieldpiece.com\/wp-content\/uploads\/2020\/11\/ATB1.jpg","width":470,"height":470,"caption":"thermocouples k type"},{"@type":"BreadcrumbList","@id":"https:\/\/www.fieldpiece.com\/fr\/produit\/atb1-k-type-thermocouple\/#breadcrumb","itemListElement":[{"@type":"ListItem","position":1,"name":"Home","item":"https:\/\/www.fieldpiece.com\/fr\/"},{"@type":"ListItem","position":2,"name":"Shop","item":"https:\/\/www.fieldpiece.com\/shop\/"},{"@type":"ListItem","position":3,"name":"ATB1 &#8211; Thermocouple de type\u00a0K"}]},{"@type":"WebSite","@id":"https:\/\/www.fieldpiece.com\/fr\/#website","url":"https:\/\/www.fieldpiece.com\/fr\/","name":"Fieldpiece Instruments","description":"","publisher":{"@id":"https:\/\/www.fieldpiece.com\/fr\/#organization"},"potentialAction":[{"@type":"SearchAction","target":{"@type":"EntryPoint","urlTemplate":"https:\/\/www.fieldpiece.com\/fr\/?s={search_term_string}"},"query-input":{"@type":"PropertyValueSpecification","valueRequired":true,"valueName":"search_term_string"}}],"inLanguage":"fr-FR"},{"@type":"Organization","@id":"https:\/\/www.fieldpiece.com\/fr\/#organization","name":"Fieldpiece Instruments","url":"https:\/\/www.fieldpiece.com\/fr\/","logo":{"@type":"ImageObject","inLanguage":"fr-FR","@id":"https:\/\/www.fieldpiece.com\/fr\/#\/schema\/logo\/image\/","url":"https:\/\/resources.fieldpiece.com\/wp-content\/uploads\/2021\/02\/Logos-490x358-1.jpg","contentUrl":"https:\/\/resources.fieldpiece.com\/wp-content\/uploads\/2021\/02\/Logos-490x358-1.jpg","width":490,"height":358,"caption":"Fieldpiece Instruments"},"image":{"@id":"https:\/\/www.fieldpiece.com\/fr\/#\/schema\/logo\/image\/"}}]}},"_links":{"self":[{"href":"https:\/\/www.fieldpiece.com\/fr\/wp-json\/wp\/v2\/product\/28031","targetHints":{"allow":["GET"]}}],"collection":[{"href":"https:\/\/www.fieldpiece.com\/fr\/wp-json\/wp\/v2\/product"}],"about":[{"href":"https:\/\/www.fieldpiece.com\/fr\/wp-json\/wp\/v2\/types\/product"}],"replies":[{"embeddable":true,"href":"https:\/\/www.fieldpiece.com\/fr\/wp-json\/wp\/v2\/comments?post=28031"}],"wp:featuredmedia":[{"embeddable":true,"href":"https:\/\/www.fieldpiece.com\/fr\/wp-json\/wp\/v2\/media\/28032"}],"wp:attachment":[{"href":"https:\/\/www.fieldpiece.com\/fr\/wp-json\/wp\/v2\/media?parent=28031"}],"wp:term":[{"taxonomy":"product_brand","embeddable":true,"href":"https:\/\/www.fieldpiece.com\/fr\/wp-json\/wp\/v2\/product_brand?post=28031"},{"taxonomy":"product_cat","embeddable":true,"href":"https:\/\/www.fieldpiece.com\/fr\/wp-json\/wp\/v2\/product_cat?post=28031"},{"taxonomy":"product_tag","embeddable":true,"href":"https:\/\/www.fieldpiece.com\/fr\/wp-json\/wp\/v2\/product_tag?post=28031"}],"curies":[{"name":"wp","href":"https:\/\/api.w.org\/{rel}","templated":true}]}}