	{"id":28004,"date":"2020-11-02T12:02:20","date_gmt":"2020-11-02T12:02:20","guid":{"rendered":"https:\/\/www.fieldpiece.com\/product\/tc24-pipe-clamp-thermocouple-3-8-to-1-3-8-for-air-conditioning\/"},"modified":"2021-08-18T04:33:59","modified_gmt":"2021-08-18T11:33:59","slug":"tc24-pipe-clamp-thermocouple-3-8-to-1-3-8-for-air-conditioning","status":"publish","type":"product","link":"https:\/\/www.fieldpiece.com\/fr\/produit\/tc24-pipe-clamp-thermocouple-3-8-to-1-3-8-for-air-conditioning\/","title":{"rendered":"TC24 &#8211; Thermocouple \u00e0 pince de serrage"},"content":{"rendered":"<ul>\n<li>Adapt\u00e9 aux tuyaux de 1 \u00e0 3,5\u00a0cm (3\/8 \u00e0 1 3\/8\u00a0po)<\/li>\n<li>Id\u00e9al pour les syst\u00e8mes de refroidissement \u00e0 usages r\u00e9sidentiel et commercial l\u00e9ger<\/li>\n<\/ul>\n<p><b>Obtenir imm\u00e9diatement la bonne temp\u00e9rature.<\/b><br \/>\nSi vous travaillez sur les syst\u00e8mes de refroidissement \u00e0 usages r\u00e9sidentiel et commercial l\u00e9ger, utilisez le thermocouple \u00e0 pince de serrage TC24 pour relever rapidement les temp\u00e9ratures de tuyauterie m\u00eame par temp\u00e9rature ext\u00e9rieure \u00e9lev\u00e9e ou s&rsquo;il y a du vent. Le TC24 mesure la temp\u00e9rature des tuyaux fix\u00e9s aux murs ou autres surfaces, \u00e0 tout angle. Il est con\u00e7u pour s&rsquo;adapter aux tuyaux ou autres surfaces cylindriques de 1 \u00e0 3,5\u00a0cm (3\/8 \u00e0 1 3\/8\u00a0po) et se connecte \u00e0 tout appareil de mesure dot\u00e9 d&rsquo;une prise de thermocouple de type\u00a0K.<\/p>\n<p><strong>Le TC24 poss\u00e8de les caract\u00e9ristiques suivantes\u00a0:<\/strong><\/p>\n<ul>\n<li>Ouverture de m\u00e2choire adapt\u00e9e aux diam\u00e8tres de tuyaux de 1 \u00e0 3,5\u00a0cm (3\/8 \u00e0 1 3\/8\u00a0po)<\/li>\n<li>Exactitude\u00a0: 0,5\u00a0\u00b0C (\u00b11\u00a0\u00b0F) apr\u00e8s \u00e9talonnage sur le terrain (conforme aux exigences du titre\u00a024 de l&rsquo;\u00c9tat de Californie)<\/li>\n<li>Plage de temp\u00e9rature\u00a0: -46 \u00e0 125\u00a0\u00b0C (-50 \u00e0 257\u00a0\u00baF )<\/li>\n<li>Conducteurs de thermocouple\u00a0: nickel chrome\/nickel aluminium de type\u00a0K.<\/li>\n<li>Prise\u00a0: mini-fiche m\u00e2le de thermocouple de type\u00a0K<\/li>\n<li>D\u00e9lai de stabilisation typique\u00a0: moins de 30\u00a0secondes.<\/li>\n<\/ul>\n","protected":false},"excerpt":{"rendered":"<p>Adapt\u00e9 aux tuyaux de 1 \u00e0 3,5\u00a0cm (3\/8 \u00e0 1 3\/8\u00a0po) Id\u00e9al pour les syst\u00e8mes de refroidissement \u00e0 usages r\u00e9sidentiel &#8230;<\/p>\n","protected":false},"featured_media":28005,"comment_status":"open","ping_status":"closed","template":"","meta":{"_acf_changed":false},"product_brand":[],"product_cat":[158,272],"product_tag":[],"class_list":{"0":"post-28004","1":"product","2":"type-product","3":"status-publish","4":"has-post-thumbnail","6":"product_cat-other-fr-2","7":"product_cat-thermocouples-fr","9":"first","10":"instock","11":"shipping-taxable","12":"product-type-simple"},"acf":[],"yoast_head":"<!-- This site is optimized with the Yoast SEO plugin v27.3 - https:\/\/yoast.com\/product\/yoast-seo-wordpress\/ -->\n<title>TC24 - Thermocouple \u00e0 pince de serrage - Fieldpiece Instruments<\/title>\n<meta name=\"robots\" content=\"index, follow, max-snippet:-1, max-image-preview:large, max-video-preview:-1\" \/>\n<link rel=\"canonical\" href=\"https:\/\/www.fieldpiece.com\/fr\/produit\/tc24-pipe-clamp-thermocouple-3-8-to-1-3-8-for-air-conditioning\/\" \/>\n<meta property=\"og:locale\" content=\"fr_FR\" \/>\n<meta property=\"og:type\" content=\"article\" \/>\n<meta property=\"og:title\" content=\"TC24 - Thermocouple \u00e0 pince de serrage - Fieldpiece Instruments\" \/>\n<meta property=\"og:description\" content=\"Adapt\u00e9 aux tuyaux de 1 \u00e0 3,5\u00a0cm (3\/8 \u00e0 1 3\/8\u00a0po) Id\u00e9al pour les syst\u00e8mes de refroidissement \u00e0 usages r\u00e9sidentiel ...\" \/>\n<meta property=\"og:url\" content=\"https:\/\/www.fieldpiece.com\/fr\/produit\/tc24-pipe-clamp-thermocouple-3-8-to-1-3-8-for-air-conditioning\/\" \/>\n<meta property=\"og:site_name\" content=\"Fieldpiece Instruments\" \/>\n<meta property=\"article:modified_time\" content=\"2021-08-18T11:33:59+00:00\" \/>\n<meta property=\"og:image\" content=\"https:\/\/www.fieldpiece.com\/wp-content\/uploads\/2021\/01\/TC24-SRC-Product.png\" \/>\n\t<meta property=\"og:image:width\" content=\"470\" \/>\n\t<meta property=\"og:image:height\" content=\"470\" \/>\n\t<meta property=\"og:image:type\" content=\"image\/png\" \/>\n<meta name=\"twitter:card\" content=\"summary_large_image\" \/>\n<meta name=\"twitter:label1\" content=\"Dur\u00e9e de lecture estim\u00e9e\" \/>\n\t<meta name=\"twitter:data1\" content=\"1 minute\" \/>\n<script type=\"application\/ld+json\" class=\"yoast-schema-graph\">{\"@context\":\"https:\\\/\\\/schema.org\",\"@graph\":[{\"@type\":\"WebPage\",\"@id\":\"https:\\\/\\\/www.fieldpiece.com\\\/fr\\\/produit\\\/tc24-pipe-clamp-thermocouple-3-8-to-1-3-8-for-air-conditioning\\\/\",\"url\":\"https:\\\/\\\/www.fieldpiece.com\\\/fr\\\/produit\\\/tc24-pipe-clamp-thermocouple-3-8-to-1-3-8-for-air-conditioning\\\/\",\"name\":\"TC24 - Thermocouple \u00e0 pince de serrage - Fieldpiece Instruments\",\"isPartOf\":{\"@id\":\"https:\\\/\\\/www.fieldpiece.com\\\/fr\\\/#website\"},\"primaryImageOfPage\":{\"@id\":\"https:\\\/\\\/www.fieldpiece.com\\\/fr\\\/produit\\\/tc24-pipe-clamp-thermocouple-3-8-to-1-3-8-for-air-conditioning\\\/#primaryimage\"},\"image\":{\"@id\":\"https:\\\/\\\/www.fieldpiece.com\\\/fr\\\/produit\\\/tc24-pipe-clamp-thermocouple-3-8-to-1-3-8-for-air-conditioning\\\/#primaryimage\"},\"thumbnailUrl\":\"https:\\\/\\\/resources.fieldpiece.com\\\/wp-content\\\/uploads\\\/2021\\\/01\\\/TC24-SRC-Product.png\",\"datePublished\":\"2020-11-02T12:02:20+00:00\",\"dateModified\":\"2021-08-18T11:33:59+00:00\",\"breadcrumb\":{\"@id\":\"https:\\\/\\\/www.fieldpiece.com\\\/fr\\\/produit\\\/tc24-pipe-clamp-thermocouple-3-8-to-1-3-8-for-air-conditioning\\\/#breadcrumb\"},\"inLanguage\":\"fr-FR\",\"potentialAction\":[{\"@type\":\"ReadAction\",\"target\":[\"https:\\\/\\\/www.fieldpiece.com\\\/fr\\\/produit\\\/tc24-pipe-clamp-thermocouple-3-8-to-1-3-8-for-air-conditioning\\\/\"]}]},{\"@type\":\"ImageObject\",\"inLanguage\":\"fr-FR\",\"@id\":\"https:\\\/\\\/www.fieldpiece.com\\\/fr\\\/produit\\\/tc24-pipe-clamp-thermocouple-3-8-to-1-3-8-for-air-conditioning\\\/#primaryimage\",\"url\":\"https:\\\/\\\/resources.fieldpiece.com\\\/wp-content\\\/uploads\\\/2021\\\/01\\\/TC24-SRC-Product.png\",\"contentUrl\":\"https:\\\/\\\/resources.fieldpiece.com\\\/wp-content\\\/uploads\\\/2021\\\/01\\\/TC24-SRC-Product.png\",\"width\":470,\"height\":470,\"caption\":\"TC24 \u2013 Pipe Clamp Thermocouple\"},{\"@type\":\"BreadcrumbList\",\"@id\":\"https:\\\/\\\/www.fieldpiece.com\\\/fr\\\/produit\\\/tc24-pipe-clamp-thermocouple-3-8-to-1-3-8-for-air-conditioning\\\/#breadcrumb\",\"itemListElement\":[{\"@type\":\"ListItem\",\"position\":1,\"name\":\"Home\",\"item\":\"https:\\\/\\\/www.fieldpiece.com\\\/fr\\\/\"},{\"@type\":\"ListItem\",\"position\":2,\"name\":\"Shop\",\"item\":\"https:\\\/\\\/www.fieldpiece.com\\\/shop\\\/\"},{\"@type\":\"ListItem\",\"position\":3,\"name\":\"TC24 &#8211; Thermocouple \u00e0 pince de serrage\"}]},{\"@type\":\"WebSite\",\"@id\":\"https:\\\/\\\/www.fieldpiece.com\\\/fr\\\/#website\",\"url\":\"https:\\\/\\\/www.fieldpiece.com\\\/fr\\\/\",\"name\":\"Fieldpiece Instruments\",\"description\":\"\",\"publisher\":{\"@id\":\"https:\\\/\\\/www.fieldpiece.com\\\/fr\\\/#organization\"},\"potentialAction\":[{\"@type\":\"SearchAction\",\"target\":{\"@type\":\"EntryPoint\",\"urlTemplate\":\"https:\\\/\\\/www.fieldpiece.com\\\/fr\\\/?s={search_term_string}\"},\"query-input\":{\"@type\":\"PropertyValueSpecification\",\"valueRequired\":true,\"valueName\":\"search_term_string\"}}],\"inLanguage\":\"fr-FR\"},{\"@type\":\"Organization\",\"@id\":\"https:\\\/\\\/www.fieldpiece.com\\\/fr\\\/#organization\",\"name\":\"Fieldpiece Instruments\",\"url\":\"https:\\\/\\\/www.fieldpiece.com\\\/fr\\\/\",\"logo\":{\"@type\":\"ImageObject\",\"inLanguage\":\"fr-FR\",\"@id\":\"https:\\\/\\\/www.fieldpiece.com\\\/fr\\\/#\\\/schema\\\/logo\\\/image\\\/\",\"url\":\"https:\\\/\\\/resources.fieldpiece.com\\\/wp-content\\\/uploads\\\/2021\\\/02\\\/Logos-490x358-1.jpg\",\"contentUrl\":\"https:\\\/\\\/resources.fieldpiece.com\\\/wp-content\\\/uploads\\\/2021\\\/02\\\/Logos-490x358-1.jpg\",\"width\":490,\"height\":358,\"caption\":\"Fieldpiece Instruments\"},\"image\":{\"@id\":\"https:\\\/\\\/www.fieldpiece.com\\\/fr\\\/#\\\/schema\\\/logo\\\/image\\\/\"}}]}<\/script>\n<!-- \/ Yoast SEO plugin. -->","yoast_head_json":{"title":"TC24 - Thermocouple \u00e0 pince de serrage - Fieldpiece Instruments","robots":{"index":"index","follow":"follow","max-snippet":"max-snippet:-1","max-image-preview":"max-image-preview:large","max-video-preview":"max-video-preview:-1"},"canonical":"https:\/\/www.fieldpiece.com\/fr\/produit\/tc24-pipe-clamp-thermocouple-3-8-to-1-3-8-for-air-conditioning\/","og_locale":"fr_FR","og_type":"article","og_title":"TC24 - Thermocouple \u00e0 pince de serrage - Fieldpiece Instruments","og_description":"Adapt\u00e9 aux tuyaux de 1 \u00e0 3,5\u00a0cm (3\/8 \u00e0 1 3\/8\u00a0po) Id\u00e9al pour les syst\u00e8mes de refroidissement \u00e0 usages r\u00e9sidentiel ...","og_url":"https:\/\/www.fieldpiece.com\/fr\/produit\/tc24-pipe-clamp-thermocouple-3-8-to-1-3-8-for-air-conditioning\/","og_site_name":"Fieldpiece Instruments","article_modified_time":"2021-08-18T11:33:59+00:00","og_image":[{"width":470,"height":470,"url":"https:\/\/www.fieldpiece.com\/wp-content\/uploads\/2021\/01\/TC24-SRC-Product.png","type":"image\/png"}],"twitter_card":"summary_large_image","twitter_misc":{"Dur\u00e9e de lecture estim\u00e9e":"1 minute"},"schema":{"@context":"https:\/\/schema.org","@graph":[{"@type":"WebPage","@id":"https:\/\/www.fieldpiece.com\/fr\/produit\/tc24-pipe-clamp-thermocouple-3-8-to-1-3-8-for-air-conditioning\/","url":"https:\/\/www.fieldpiece.com\/fr\/produit\/tc24-pipe-clamp-thermocouple-3-8-to-1-3-8-for-air-conditioning\/","name":"TC24 - Thermocouple \u00e0 pince de serrage - Fieldpiece Instruments","isPartOf":{"@id":"https:\/\/www.fieldpiece.com\/fr\/#website"},"primaryImageOfPage":{"@id":"https:\/\/www.fieldpiece.com\/fr\/produit\/tc24-pipe-clamp-thermocouple-3-8-to-1-3-8-for-air-conditioning\/#primaryimage"},"image":{"@id":"https:\/\/www.fieldpiece.com\/fr\/produit\/tc24-pipe-clamp-thermocouple-3-8-to-1-3-8-for-air-conditioning\/#primaryimage"},"thumbnailUrl":"https:\/\/resources.fieldpiece.com\/wp-content\/uploads\/2021\/01\/TC24-SRC-Product.png","datePublished":"2020-11-02T12:02:20+00:00","dateModified":"2021-08-18T11:33:59+00:00","breadcrumb":{"@id":"https:\/\/www.fieldpiece.com\/fr\/produit\/tc24-pipe-clamp-thermocouple-3-8-to-1-3-8-for-air-conditioning\/#breadcrumb"},"inLanguage":"fr-FR","potentialAction":[{"@type":"ReadAction","target":["https:\/\/www.fieldpiece.com\/fr\/produit\/tc24-pipe-clamp-thermocouple-3-8-to-1-3-8-for-air-conditioning\/"]}]},{"@type":"ImageObject","inLanguage":"fr-FR","@id":"https:\/\/www.fieldpiece.com\/fr\/produit\/tc24-pipe-clamp-thermocouple-3-8-to-1-3-8-for-air-conditioning\/#primaryimage","url":"https:\/\/resources.fieldpiece.com\/wp-content\/uploads\/2021\/01\/TC24-SRC-Product.png","contentUrl":"https:\/\/resources.fieldpiece.com\/wp-content\/uploads\/2021\/01\/TC24-SRC-Product.png","width":470,"height":470,"caption":"TC24 \u2013 Pipe Clamp Thermocouple"},{"@type":"BreadcrumbList","@id":"https:\/\/www.fieldpiece.com\/fr\/produit\/tc24-pipe-clamp-thermocouple-3-8-to-1-3-8-for-air-conditioning\/#breadcrumb","itemListElement":[{"@type":"ListItem","position":1,"name":"Home","item":"https:\/\/www.fieldpiece.com\/fr\/"},{"@type":"ListItem","position":2,"name":"Shop","item":"https:\/\/www.fieldpiece.com\/shop\/"},{"@type":"ListItem","position":3,"name":"TC24 &#8211; Thermocouple \u00e0 pince de serrage"}]},{"@type":"WebSite","@id":"https:\/\/www.fieldpiece.com\/fr\/#website","url":"https:\/\/www.fieldpiece.com\/fr\/","name":"Fieldpiece Instruments","description":"","publisher":{"@id":"https:\/\/www.fieldpiece.com\/fr\/#organization"},"potentialAction":[{"@type":"SearchAction","target":{"@type":"EntryPoint","urlTemplate":"https:\/\/www.fieldpiece.com\/fr\/?s={search_term_string}"},"query-input":{"@type":"PropertyValueSpecification","valueRequired":true,"valueName":"search_term_string"}}],"inLanguage":"fr-FR"},{"@type":"Organization","@id":"https:\/\/www.fieldpiece.com\/fr\/#organization","name":"Fieldpiece Instruments","url":"https:\/\/www.fieldpiece.com\/fr\/","logo":{"@type":"ImageObject","inLanguage":"fr-FR","@id":"https:\/\/www.fieldpiece.com\/fr\/#\/schema\/logo\/image\/","url":"https:\/\/resources.fieldpiece.com\/wp-content\/uploads\/2021\/02\/Logos-490x358-1.jpg","contentUrl":"https:\/\/resources.fieldpiece.com\/wp-content\/uploads\/2021\/02\/Logos-490x358-1.jpg","width":490,"height":358,"caption":"Fieldpiece Instruments"},"image":{"@id":"https:\/\/www.fieldpiece.com\/fr\/#\/schema\/logo\/image\/"}}]}},"_links":{"self":[{"href":"https:\/\/www.fieldpiece.com\/fr\/wp-json\/wp\/v2\/product\/28004","targetHints":{"allow":["GET"]}}],"collection":[{"href":"https:\/\/www.fieldpiece.com\/fr\/wp-json\/wp\/v2\/product"}],"about":[{"href":"https:\/\/www.fieldpiece.com\/fr\/wp-json\/wp\/v2\/types\/product"}],"replies":[{"embeddable":true,"href":"https:\/\/www.fieldpiece.com\/fr\/wp-json\/wp\/v2\/comments?post=28004"}],"wp:featuredmedia":[{"embeddable":true,"href":"https:\/\/www.fieldpiece.com\/fr\/wp-json\/wp\/v2\/media\/28005"}],"wp:attachment":[{"href":"https:\/\/www.fieldpiece.com\/fr\/wp-json\/wp\/v2\/media?parent=28004"}],"wp:term":[{"taxonomy":"product_brand","embeddable":true,"href":"https:\/\/www.fieldpiece.com\/fr\/wp-json\/wp\/v2\/product_brand?post=28004"},{"taxonomy":"product_cat","embeddable":true,"href":"https:\/\/www.fieldpiece.com\/fr\/wp-json\/wp\/v2\/product_cat?post=28004"},{"taxonomy":"product_tag","embeddable":true,"href":"https:\/\/www.fieldpiece.com\/fr\/wp-json\/wp\/v2\/product_tag?post=28004"}],"curies":[{"name":"wp","href":"https:\/\/api.w.org\/{rel}","templated":true}]}}