	{"id":27987,"date":"2020-11-02T12:02:21","date_gmt":"2020-11-02T12:02:21","guid":{"rendered":"https:\/\/www.fieldpiece.com\/product\/atc1r-pipe-clamp-thermocouple-1-8-to-3-4-for-refrigeration\/"},"modified":"2021-11-15T05:07:07","modified_gmt":"2021-11-15T13:07:07","slug":"atc1r-pipe-clamp-thermocouple-1-8-to-3-4-for-refrigeration","status":"publish","type":"product","link":"https:\/\/www.fieldpiece.com\/fr\/produit\/atc1r-pipe-clamp-thermocouple-1-8-to-3-4-for-refrigeration\/","title":{"rendered":"ATC1R &#8211; Thermocouple \u00e0 petite pince de serrage"},"content":{"rendered":"<p>Le thermocouple \u00e0 pince de serrage de type\u00a0K ATC1R est utilis\u00e9 pour relever la temp\u00e9rature de tuyaux ou de toute autre surface cylindrique \u00e0 l&rsquo;int\u00e9rieur de sa m\u00e2choire d&rsquo;une ouverture de 0,3 \u00e0 1,9\u00a0cm (1\/8 \u00e0 3\/4\u00a0po). L&rsquo;utilisation d&rsquo;un thermocouple \u00e0 pince de serrage facilite grandement les relev\u00e9s de surchauffe et de sous-refroidissement. Utilisez l&rsquo;ATC1R avec la plupart des unit\u00e9s de r\u00e9frig\u00e9ration. L&rsquo;ATC1R peut \u00eatre utilis\u00e9 avec tous nos multim\u00e8tres de mesure de temp\u00e9rature et tout thermom\u00e8tre acceptant un thermocouple de type\u00a0K.<\/p>\n<p>Le capteur est pratiquement isol\u00e9 des conditions ambiantes, ce qui permet au thermocouple de relever la temp\u00e9rature r\u00e9elle de la conduite tant qu&rsquo;il y est accroch\u00e9. La grande surface du capteur augmente la force de serrage pour aider le capteur \u00e0 atteindre la bonne temp\u00e9rature en 30\u00a0secondes. La m\u00e2choire est con\u00e7ue sp\u00e9cialement pour la climatisation. Sa capacit\u00e9 de serrage vous permet donc de relever la temp\u00e9rature de tuyaux qui sont fix\u00e9s \u00e0 tout angle aux murs ou \u00e0 d&rsquo;autres surfaces.<\/p>\n<p>SP\u00c9CIFICATIONS <\/p>\n<p>Plage d&rsquo;ouverture de la m\u00e2choire ATC1R\u00a0: diam\u00e8tre externe de tuyau de 0,3 \u00e0 1,9\u00a0cm (1\/8 \u00e0 3\/4\u00a0po)<br \/>\nExactitude\u00a0: +\/-\u00b1\u00a02\u00a0\u00b0C (4\u00a0\u00baF)\u00a0; \u00b1\u00a00,5\u00a0\u00b0C (1\u00a0\u00b0F) apr\u00e8s \u00e9talonnage sur le terrain, 0 \u00e0 80\u00a0\u00b0C (32 \u00e0 176\u00a0\u00baF) Plage de temp\u00e9rature\u00a0: -46 \u00e0 125\u00a0\u00b0C (-50 \u00e0 257\u00a0\u00baF)<br \/>\nConducteurs de thermocouple\u00a0: nickel chrome\/nickel aluminium de type\u00a0K.<br \/>\nIsolation de sonde et mat\u00e9riau de la pince\u00a0: l&rsquo;\u00e9talonnage et l&rsquo;atmosph\u00e8re affecteront la temp\u00e9rature maximale utile dans les applications. L&rsquo;isolation du fil et le mat\u00e9riau de la pince sont con\u00e7us pour r\u00e9sister \u00e0 une utilisation maximale en continu \u00e0 125\u00a0\u00b0C (257\u00a0\u00b0F).<br \/>\nPrise\u00a0: mini-fiche m\u00e2le de thermocouple de type\u00a0K<br \/>\nD\u00e9lai de stabilisation\u00a0: moins de 30\u00a0secondes.<\/p>\n","protected":false},"excerpt":{"rendered":"<p>Le thermocouple \u00e0 pince de serrage de type\u00a0K ATC1R est utilis\u00e9 pour relever la temp\u00e9rature de tuyaux ou de toute &#8230;<\/p>\n","protected":false},"featured_media":27989,"comment_status":"open","ping_status":"closed","template":"","meta":{"_acf_changed":false},"product_brand":[],"product_cat":[158,272],"product_tag":[],"class_list":{"0":"post-27987","1":"product","2":"type-product","3":"status-publish","4":"has-post-thumbnail","6":"product_cat-other-fr-2","7":"product_cat-thermocouples-fr","9":"first","10":"instock","11":"shipping-taxable","12":"product-type-simple"},"acf":[],"yoast_head":"<!-- This site is optimized with the Yoast SEO plugin v27.2 - https:\/\/yoast.com\/product\/yoast-seo-wordpress\/ -->\n<title>ATC1R - Thermocouple \u00e0 petite pince de serrage - Fieldpiece Instruments<\/title>\n<meta name=\"robots\" content=\"index, follow, max-snippet:-1, max-image-preview:large, max-video-preview:-1\" \/>\n<link rel=\"canonical\" href=\"https:\/\/www.fieldpiece.com\/fr\/produit\/atc1r-pipe-clamp-thermocouple-1-8-to-3-4-for-refrigeration\/\" \/>\n<meta property=\"og:locale\" content=\"fr_FR\" \/>\n<meta property=\"og:type\" content=\"article\" \/>\n<meta property=\"og:title\" content=\"ATC1R - Thermocouple \u00e0 petite pince de serrage - Fieldpiece Instruments\" \/>\n<meta property=\"og:description\" content=\"Le thermocouple \u00e0 pince de serrage de type\u00a0K ATC1R est utilis\u00e9 pour relever la temp\u00e9rature de tuyaux ou de toute ...\" \/>\n<meta property=\"og:url\" content=\"https:\/\/www.fieldpiece.com\/fr\/produit\/atc1r-pipe-clamp-thermocouple-1-8-to-3-4-for-refrigeration\/\" \/>\n<meta property=\"og:site_name\" content=\"Fieldpiece Instruments\" \/>\n<meta property=\"article:modified_time\" content=\"2021-11-15T13:07:07+00:00\" \/>\n<meta property=\"og:image\" content=\"https:\/\/resources.fieldpiece.com\/wp-content\/uploads\/2021\/01\/ATC1R-SRC-product.png\" \/>\n\t<meta property=\"og:image:width\" content=\"470\" \/>\n\t<meta property=\"og:image:height\" content=\"470\" \/>\n\t<meta property=\"og:image:type\" content=\"image\/png\" \/>\n<meta name=\"twitter:card\" content=\"summary_large_image\" \/>\n<meta name=\"twitter:label1\" content=\"Dur\u00e9e de lecture estim\u00e9e\" \/>\n\t<meta name=\"twitter:data1\" content=\"1 minute\" \/>\n<script type=\"application\/ld+json\" class=\"yoast-schema-graph\">{\"@context\":\"https:\/\/schema.org\",\"@graph\":[{\"@type\":\"WebPage\",\"@id\":\"https:\/\/www.fieldpiece.com\/fr\/produit\/atc1r-pipe-clamp-thermocouple-1-8-to-3-4-for-refrigeration\/\",\"url\":\"https:\/\/www.fieldpiece.com\/fr\/produit\/atc1r-pipe-clamp-thermocouple-1-8-to-3-4-for-refrigeration\/\",\"name\":\"ATC1R - Thermocouple \u00e0 petite pince de serrage - Fieldpiece Instruments\",\"isPartOf\":{\"@id\":\"https:\/\/www.fieldpiece.com\/fr\/#website\"},\"primaryImageOfPage\":{\"@id\":\"https:\/\/www.fieldpiece.com\/fr\/produit\/atc1r-pipe-clamp-thermocouple-1-8-to-3-4-for-refrigeration\/#primaryimage\"},\"image\":{\"@id\":\"https:\/\/www.fieldpiece.com\/fr\/produit\/atc1r-pipe-clamp-thermocouple-1-8-to-3-4-for-refrigeration\/#primaryimage\"},\"thumbnailUrl\":\"https:\/\/resources.fieldpiece.com\/wp-content\/uploads\/2021\/01\/ATC1R-SRC-product.png\",\"datePublished\":\"2020-11-02T12:02:21+00:00\",\"dateModified\":\"2021-11-15T13:07:07+00:00\",\"breadcrumb\":{\"@id\":\"https:\/\/www.fieldpiece.com\/fr\/produit\/atc1r-pipe-clamp-thermocouple-1-8-to-3-4-for-refrigeration\/#breadcrumb\"},\"inLanguage\":\"fr-FR\",\"potentialAction\":[{\"@type\":\"ReadAction\",\"target\":[\"https:\/\/www.fieldpiece.com\/fr\/produit\/atc1r-pipe-clamp-thermocouple-1-8-to-3-4-for-refrigeration\/\"]}]},{\"@type\":\"ImageObject\",\"inLanguage\":\"fr-FR\",\"@id\":\"https:\/\/www.fieldpiece.com\/fr\/produit\/atc1r-pipe-clamp-thermocouple-1-8-to-3-4-for-refrigeration\/#primaryimage\",\"url\":\"https:\/\/resources.fieldpiece.com\/wp-content\/uploads\/2021\/01\/ATC1R-SRC-product.png\",\"contentUrl\":\"https:\/\/resources.fieldpiece.com\/wp-content\/uploads\/2021\/01\/ATC1R-SRC-product.png\",\"width\":470,\"height\":470,\"caption\":\"K Type Small Pipe Clamp Thermocouple\"},{\"@type\":\"BreadcrumbList\",\"@id\":\"https:\/\/www.fieldpiece.com\/fr\/produit\/atc1r-pipe-clamp-thermocouple-1-8-to-3-4-for-refrigeration\/#breadcrumb\",\"itemListElement\":[{\"@type\":\"ListItem\",\"position\":1,\"name\":\"Home\",\"item\":\"https:\/\/www.fieldpiece.com\/fr\/\"},{\"@type\":\"ListItem\",\"position\":2,\"name\":\"Shop\",\"item\":\"https:\/\/www.fieldpiece.com\/shop\/\"},{\"@type\":\"ListItem\",\"position\":3,\"name\":\"ATC1R &#8211; Thermocouple \u00e0 petite pince de serrage\"}]},{\"@type\":\"WebSite\",\"@id\":\"https:\/\/www.fieldpiece.com\/fr\/#website\",\"url\":\"https:\/\/www.fieldpiece.com\/fr\/\",\"name\":\"Fieldpiece Instruments\",\"description\":\"\",\"publisher\":{\"@id\":\"https:\/\/www.fieldpiece.com\/fr\/#organization\"},\"potentialAction\":[{\"@type\":\"SearchAction\",\"target\":{\"@type\":\"EntryPoint\",\"urlTemplate\":\"https:\/\/www.fieldpiece.com\/fr\/?s={search_term_string}\"},\"query-input\":{\"@type\":\"PropertyValueSpecification\",\"valueRequired\":true,\"valueName\":\"search_term_string\"}}],\"inLanguage\":\"fr-FR\"},{\"@type\":\"Organization\",\"@id\":\"https:\/\/www.fieldpiece.com\/fr\/#organization\",\"name\":\"Fieldpiece Instruments\",\"url\":\"https:\/\/www.fieldpiece.com\/fr\/\",\"logo\":{\"@type\":\"ImageObject\",\"inLanguage\":\"fr-FR\",\"@id\":\"https:\/\/www.fieldpiece.com\/fr\/#\/schema\/logo\/image\/\",\"url\":\"https:\/\/resources.fieldpiece.com\/wp-content\/uploads\/2021\/02\/Logos-490x358-1.jpg\",\"contentUrl\":\"https:\/\/resources.fieldpiece.com\/wp-content\/uploads\/2021\/02\/Logos-490x358-1.jpg\",\"width\":490,\"height\":358,\"caption\":\"Fieldpiece Instruments\"},\"image\":{\"@id\":\"https:\/\/www.fieldpiece.com\/fr\/#\/schema\/logo\/image\/\"}}]}<\/script>\n<!-- \/ Yoast SEO plugin. -->","yoast_head_json":{"title":"ATC1R - Thermocouple \u00e0 petite pince de serrage - Fieldpiece Instruments","robots":{"index":"index","follow":"follow","max-snippet":"max-snippet:-1","max-image-preview":"max-image-preview:large","max-video-preview":"max-video-preview:-1"},"canonical":"https:\/\/www.fieldpiece.com\/fr\/produit\/atc1r-pipe-clamp-thermocouple-1-8-to-3-4-for-refrigeration\/","og_locale":"fr_FR","og_type":"article","og_title":"ATC1R - Thermocouple \u00e0 petite pince de serrage - Fieldpiece Instruments","og_description":"Le thermocouple \u00e0 pince de serrage de type\u00a0K ATC1R est utilis\u00e9 pour relever la temp\u00e9rature de tuyaux ou de toute ...","og_url":"https:\/\/www.fieldpiece.com\/fr\/produit\/atc1r-pipe-clamp-thermocouple-1-8-to-3-4-for-refrigeration\/","og_site_name":"Fieldpiece Instruments","article_modified_time":"2021-11-15T13:07:07+00:00","og_image":[{"width":470,"height":470,"url":"https:\/\/resources.fieldpiece.com\/wp-content\/uploads\/2021\/01\/ATC1R-SRC-product.png","type":"image\/png"}],"twitter_card":"summary_large_image","twitter_misc":{"Dur\u00e9e de lecture estim\u00e9e":"1 minute"},"schema":{"@context":"https:\/\/schema.org","@graph":[{"@type":"WebPage","@id":"https:\/\/www.fieldpiece.com\/fr\/produit\/atc1r-pipe-clamp-thermocouple-1-8-to-3-4-for-refrigeration\/","url":"https:\/\/www.fieldpiece.com\/fr\/produit\/atc1r-pipe-clamp-thermocouple-1-8-to-3-4-for-refrigeration\/","name":"ATC1R - Thermocouple \u00e0 petite pince de serrage - Fieldpiece Instruments","isPartOf":{"@id":"https:\/\/www.fieldpiece.com\/fr\/#website"},"primaryImageOfPage":{"@id":"https:\/\/www.fieldpiece.com\/fr\/produit\/atc1r-pipe-clamp-thermocouple-1-8-to-3-4-for-refrigeration\/#primaryimage"},"image":{"@id":"https:\/\/www.fieldpiece.com\/fr\/produit\/atc1r-pipe-clamp-thermocouple-1-8-to-3-4-for-refrigeration\/#primaryimage"},"thumbnailUrl":"https:\/\/resources.fieldpiece.com\/wp-content\/uploads\/2021\/01\/ATC1R-SRC-product.png","datePublished":"2020-11-02T12:02:21+00:00","dateModified":"2021-11-15T13:07:07+00:00","breadcrumb":{"@id":"https:\/\/www.fieldpiece.com\/fr\/produit\/atc1r-pipe-clamp-thermocouple-1-8-to-3-4-for-refrigeration\/#breadcrumb"},"inLanguage":"fr-FR","potentialAction":[{"@type":"ReadAction","target":["https:\/\/www.fieldpiece.com\/fr\/produit\/atc1r-pipe-clamp-thermocouple-1-8-to-3-4-for-refrigeration\/"]}]},{"@type":"ImageObject","inLanguage":"fr-FR","@id":"https:\/\/www.fieldpiece.com\/fr\/produit\/atc1r-pipe-clamp-thermocouple-1-8-to-3-4-for-refrigeration\/#primaryimage","url":"https:\/\/resources.fieldpiece.com\/wp-content\/uploads\/2021\/01\/ATC1R-SRC-product.png","contentUrl":"https:\/\/resources.fieldpiece.com\/wp-content\/uploads\/2021\/01\/ATC1R-SRC-product.png","width":470,"height":470,"caption":"K Type Small Pipe Clamp Thermocouple"},{"@type":"BreadcrumbList","@id":"https:\/\/www.fieldpiece.com\/fr\/produit\/atc1r-pipe-clamp-thermocouple-1-8-to-3-4-for-refrigeration\/#breadcrumb","itemListElement":[{"@type":"ListItem","position":1,"name":"Home","item":"https:\/\/www.fieldpiece.com\/fr\/"},{"@type":"ListItem","position":2,"name":"Shop","item":"https:\/\/www.fieldpiece.com\/shop\/"},{"@type":"ListItem","position":3,"name":"ATC1R &#8211; Thermocouple \u00e0 petite pince de serrage"}]},{"@type":"WebSite","@id":"https:\/\/www.fieldpiece.com\/fr\/#website","url":"https:\/\/www.fieldpiece.com\/fr\/","name":"Fieldpiece Instruments","description":"","publisher":{"@id":"https:\/\/www.fieldpiece.com\/fr\/#organization"},"potentialAction":[{"@type":"SearchAction","target":{"@type":"EntryPoint","urlTemplate":"https:\/\/www.fieldpiece.com\/fr\/?s={search_term_string}"},"query-input":{"@type":"PropertyValueSpecification","valueRequired":true,"valueName":"search_term_string"}}],"inLanguage":"fr-FR"},{"@type":"Organization","@id":"https:\/\/www.fieldpiece.com\/fr\/#organization","name":"Fieldpiece Instruments","url":"https:\/\/www.fieldpiece.com\/fr\/","logo":{"@type":"ImageObject","inLanguage":"fr-FR","@id":"https:\/\/www.fieldpiece.com\/fr\/#\/schema\/logo\/image\/","url":"https:\/\/resources.fieldpiece.com\/wp-content\/uploads\/2021\/02\/Logos-490x358-1.jpg","contentUrl":"https:\/\/resources.fieldpiece.com\/wp-content\/uploads\/2021\/02\/Logos-490x358-1.jpg","width":490,"height":358,"caption":"Fieldpiece Instruments"},"image":{"@id":"https:\/\/www.fieldpiece.com\/fr\/#\/schema\/logo\/image\/"}}]}},"_links":{"self":[{"href":"https:\/\/www.fieldpiece.com\/fr\/wp-json\/wp\/v2\/product\/27987","targetHints":{"allow":["GET"]}}],"collection":[{"href":"https:\/\/www.fieldpiece.com\/fr\/wp-json\/wp\/v2\/product"}],"about":[{"href":"https:\/\/www.fieldpiece.com\/fr\/wp-json\/wp\/v2\/types\/product"}],"replies":[{"embeddable":true,"href":"https:\/\/www.fieldpiece.com\/fr\/wp-json\/wp\/v2\/comments?post=27987"}],"wp:featuredmedia":[{"embeddable":true,"href":"https:\/\/www.fieldpiece.com\/fr\/wp-json\/wp\/v2\/media\/27989"}],"wp:attachment":[{"href":"https:\/\/www.fieldpiece.com\/fr\/wp-json\/wp\/v2\/media?parent=27987"}],"wp:term":[{"taxonomy":"product_brand","embeddable":true,"href":"https:\/\/www.fieldpiece.com\/fr\/wp-json\/wp\/v2\/product_brand?post=27987"},{"taxonomy":"product_cat","embeddable":true,"href":"https:\/\/www.fieldpiece.com\/fr\/wp-json\/wp\/v2\/product_cat?post=27987"},{"taxonomy":"product_tag","embeddable":true,"href":"https:\/\/www.fieldpiece.com\/fr\/wp-json\/wp\/v2\/product_tag?post=27987"}],"curies":[{"name":"wp","href":"https:\/\/api.w.org\/{rel}","templated":true}]}}