	{"id":27972,"date":"2020-11-02T12:02:22","date_gmt":"2020-11-02T12:02:22","guid":{"rendered":"https:\/\/www.fieldpiece.com\/product\/atext10-10-extension-cable\/"},"modified":"2021-11-15T05:01:28","modified_gmt":"2021-11-15T13:01:28","slug":"atext10-10-extension-cable","status":"publish","type":"product","link":"https:\/\/www.fieldpiece.com\/fr\/produit\/atext10-10-extension-cable\/","title":{"rendered":"ATEXT10 &#8211; C\u00e2ble de rallonge de 3\u00a0m (10\u00a0pieds)"},"content":{"rendered":"<p>L&rsquo;ATEXT10 est un c\u00e2ble de rallonge pour thermocouple de type\u00a0K con\u00e7u pour vous aider \u00e0 atteindre des zones plus \u00e9loign\u00e9es lors des relev\u00e9s de temp\u00e9ratures. Il mesure 3\u00a0m (10\u00a0pieds) de longueur et poss\u00e8de un port de type\u00a0K femelle \u00e0 une extr\u00e9mit\u00e9 et une prise m\u00e2le \u00e0 l&rsquo;autre. Il est id\u00e9al pour une utilisation avec des thermocouples rigides.<\/p>\n<p>SP\u00c9CIFICATIONS <\/p>\n<p>Conducteurs de thermocouple\u00a0: nickel chrome\/nickel aluminium de type\u00a0K.<br \/>\nIsolation\u00a0: l&rsquo;\u00e9talonnage et l&rsquo;atmosph\u00e8re affecteront la temp\u00e9rature maximale utile dans les applications. Le rev\u00eatement en Teflon FEP de 24\u00a0GA (0,020) est con\u00e7u pour r\u00e9sister \u00e0 une utilisation maximale en continu \u00e0 204\u00a0\u00b0C (400\u00a0\u00b0F).<br \/>\nPrise\u00a0: mini-fiche m\u00e2le pour thermocouple de type\u00a0K, mini-fiche femelle pour thermocouple de type\u00a0K.<\/p>\n","protected":false},"excerpt":{"rendered":"<p>L&rsquo;ATEXT10 est un c\u00e2ble de rallonge pour thermocouple de type\u00a0K con\u00e7u pour vous aider \u00e0 atteindre des zones plus \u00e9loign\u00e9es &#8230;<\/p>\n","protected":false},"featured_media":27973,"comment_status":"open","ping_status":"closed","template":"","meta":{"_acf_changed":false},"product_brand":[],"product_cat":[158,272],"product_tag":[],"class_list":{"0":"post-27972","1":"product","2":"type-product","3":"status-publish","4":"has-post-thumbnail","6":"product_cat-other-fr-2","7":"product_cat-thermocouples-fr","9":"first","10":"instock","11":"shipping-taxable","12":"product-type-simple"},"acf":[],"yoast_head":"<!-- This site is optimized with the Yoast SEO plugin v27.3 - https:\/\/yoast.com\/product\/yoast-seo-wordpress\/ -->\n<title>ATEXT10 - C\u00e2ble de rallonge de 3\u00a0m (10\u00a0pieds) - Fieldpiece Instruments<\/title>\n<meta name=\"robots\" content=\"index, follow, max-snippet:-1, max-image-preview:large, max-video-preview:-1\" \/>\n<link rel=\"canonical\" href=\"https:\/\/www.fieldpiece.com\/fr\/produit\/atext10-10-extension-cable\/\" \/>\n<meta property=\"og:locale\" content=\"fr_FR\" \/>\n<meta property=\"og:type\" content=\"article\" \/>\n<meta property=\"og:title\" content=\"ATEXT10 - C\u00e2ble de rallonge de 3\u00a0m (10\u00a0pieds) - Fieldpiece Instruments\" \/>\n<meta property=\"og:description\" content=\"L&rsquo;ATEXT10 est un c\u00e2ble de rallonge pour thermocouple de type\u00a0K con\u00e7u pour vous aider \u00e0 atteindre des zones plus \u00e9loign\u00e9es ...\" \/>\n<meta property=\"og:url\" content=\"https:\/\/www.fieldpiece.com\/fr\/produit\/atext10-10-extension-cable\/\" \/>\n<meta property=\"og:site_name\" content=\"Fieldpiece Instruments\" \/>\n<meta property=\"article:modified_time\" content=\"2021-11-15T13:01:28+00:00\" \/>\n<meta property=\"og:image\" content=\"https:\/\/resources.fieldpiece.com\/wp-content\/uploads\/2020\/11\/ATEXT10-SRC-product.jpg\" \/>\n\t<meta property=\"og:image:width\" content=\"2000\" \/>\n\t<meta property=\"og:image:height\" content=\"2000\" \/>\n\t<meta property=\"og:image:type\" content=\"image\/jpeg\" \/>\n<meta name=\"twitter:card\" content=\"summary_large_image\" \/>\n<meta name=\"twitter:label1\" content=\"Dur\u00e9e de lecture estim\u00e9e\" \/>\n\t<meta name=\"twitter:data1\" content=\"1 minute\" \/>\n<script type=\"application\/ld+json\" class=\"yoast-schema-graph\">{\"@context\":\"https:\\\/\\\/schema.org\",\"@graph\":[{\"@type\":\"WebPage\",\"@id\":\"https:\\\/\\\/www.fieldpiece.com\\\/fr\\\/produit\\\/atext10-10-extension-cable\\\/\",\"url\":\"https:\\\/\\\/www.fieldpiece.com\\\/fr\\\/produit\\\/atext10-10-extension-cable\\\/\",\"name\":\"ATEXT10 - C\u00e2ble de rallonge de 3\u00a0m (10\u00a0pieds) - Fieldpiece Instruments\",\"isPartOf\":{\"@id\":\"https:\\\/\\\/www.fieldpiece.com\\\/fr\\\/#website\"},\"primaryImageOfPage\":{\"@id\":\"https:\\\/\\\/www.fieldpiece.com\\\/fr\\\/produit\\\/atext10-10-extension-cable\\\/#primaryimage\"},\"image\":{\"@id\":\"https:\\\/\\\/www.fieldpiece.com\\\/fr\\\/produit\\\/atext10-10-extension-cable\\\/#primaryimage\"},\"thumbnailUrl\":\"https:\\\/\\\/resources.fieldpiece.com\\\/wp-content\\\/uploads\\\/2020\\\/11\\\/ATEXT10-SRC-product.jpg\",\"datePublished\":\"2020-11-02T12:02:22+00:00\",\"dateModified\":\"2021-11-15T13:01:28+00:00\",\"breadcrumb\":{\"@id\":\"https:\\\/\\\/www.fieldpiece.com\\\/fr\\\/produit\\\/atext10-10-extension-cable\\\/#breadcrumb\"},\"inLanguage\":\"fr-FR\",\"potentialAction\":[{\"@type\":\"ReadAction\",\"target\":[\"https:\\\/\\\/www.fieldpiece.com\\\/fr\\\/produit\\\/atext10-10-extension-cable\\\/\"]}]},{\"@type\":\"ImageObject\",\"inLanguage\":\"fr-FR\",\"@id\":\"https:\\\/\\\/www.fieldpiece.com\\\/fr\\\/produit\\\/atext10-10-extension-cable\\\/#primaryimage\",\"url\":\"https:\\\/\\\/resources.fieldpiece.com\\\/wp-content\\\/uploads\\\/2020\\\/11\\\/ATEXT10-SRC-product.jpg\",\"contentUrl\":\"https:\\\/\\\/resources.fieldpiece.com\\\/wp-content\\\/uploads\\\/2020\\\/11\\\/ATEXT10-SRC-product.jpg\",\"width\":2000,\"height\":2000,\"caption\":\"thermocouple extension wire\"},{\"@type\":\"BreadcrumbList\",\"@id\":\"https:\\\/\\\/www.fieldpiece.com\\\/fr\\\/produit\\\/atext10-10-extension-cable\\\/#breadcrumb\",\"itemListElement\":[{\"@type\":\"ListItem\",\"position\":1,\"name\":\"Home\",\"item\":\"https:\\\/\\\/www.fieldpiece.com\\\/fr\\\/\"},{\"@type\":\"ListItem\",\"position\":2,\"name\":\"Shop\",\"item\":\"https:\\\/\\\/www.fieldpiece.com\\\/shop\\\/\"},{\"@type\":\"ListItem\",\"position\":3,\"name\":\"ATEXT10 &#8211; C\u00e2ble de rallonge de 3\u00a0m (10\u00a0pieds)\"}]},{\"@type\":\"WebSite\",\"@id\":\"https:\\\/\\\/www.fieldpiece.com\\\/fr\\\/#website\",\"url\":\"https:\\\/\\\/www.fieldpiece.com\\\/fr\\\/\",\"name\":\"Fieldpiece Instruments\",\"description\":\"\",\"publisher\":{\"@id\":\"https:\\\/\\\/www.fieldpiece.com\\\/fr\\\/#organization\"},\"potentialAction\":[{\"@type\":\"SearchAction\",\"target\":{\"@type\":\"EntryPoint\",\"urlTemplate\":\"https:\\\/\\\/www.fieldpiece.com\\\/fr\\\/?s={search_term_string}\"},\"query-input\":{\"@type\":\"PropertyValueSpecification\",\"valueRequired\":true,\"valueName\":\"search_term_string\"}}],\"inLanguage\":\"fr-FR\"},{\"@type\":\"Organization\",\"@id\":\"https:\\\/\\\/www.fieldpiece.com\\\/fr\\\/#organization\",\"name\":\"Fieldpiece Instruments\",\"url\":\"https:\\\/\\\/www.fieldpiece.com\\\/fr\\\/\",\"logo\":{\"@type\":\"ImageObject\",\"inLanguage\":\"fr-FR\",\"@id\":\"https:\\\/\\\/www.fieldpiece.com\\\/fr\\\/#\\\/schema\\\/logo\\\/image\\\/\",\"url\":\"https:\\\/\\\/resources.fieldpiece.com\\\/wp-content\\\/uploads\\\/2021\\\/02\\\/Logos-490x358-1.jpg\",\"contentUrl\":\"https:\\\/\\\/resources.fieldpiece.com\\\/wp-content\\\/uploads\\\/2021\\\/02\\\/Logos-490x358-1.jpg\",\"width\":490,\"height\":358,\"caption\":\"Fieldpiece Instruments\"},\"image\":{\"@id\":\"https:\\\/\\\/www.fieldpiece.com\\\/fr\\\/#\\\/schema\\\/logo\\\/image\\\/\"}}]}<\/script>\n<!-- \/ Yoast SEO plugin. -->","yoast_head_json":{"title":"ATEXT10 - C\u00e2ble de rallonge de 3\u00a0m (10\u00a0pieds) - Fieldpiece Instruments","robots":{"index":"index","follow":"follow","max-snippet":"max-snippet:-1","max-image-preview":"max-image-preview:large","max-video-preview":"max-video-preview:-1"},"canonical":"https:\/\/www.fieldpiece.com\/fr\/produit\/atext10-10-extension-cable\/","og_locale":"fr_FR","og_type":"article","og_title":"ATEXT10 - C\u00e2ble de rallonge de 3\u00a0m (10\u00a0pieds) - Fieldpiece Instruments","og_description":"L&rsquo;ATEXT10 est un c\u00e2ble de rallonge pour thermocouple de type\u00a0K con\u00e7u pour vous aider \u00e0 atteindre des zones plus \u00e9loign\u00e9es ...","og_url":"https:\/\/www.fieldpiece.com\/fr\/produit\/atext10-10-extension-cable\/","og_site_name":"Fieldpiece Instruments","article_modified_time":"2021-11-15T13:01:28+00:00","og_image":[{"width":2000,"height":2000,"url":"https:\/\/resources.fieldpiece.com\/wp-content\/uploads\/2020\/11\/ATEXT10-SRC-product.jpg","type":"image\/jpeg"}],"twitter_card":"summary_large_image","twitter_misc":{"Dur\u00e9e de lecture estim\u00e9e":"1 minute"},"schema":{"@context":"https:\/\/schema.org","@graph":[{"@type":"WebPage","@id":"https:\/\/www.fieldpiece.com\/fr\/produit\/atext10-10-extension-cable\/","url":"https:\/\/www.fieldpiece.com\/fr\/produit\/atext10-10-extension-cable\/","name":"ATEXT10 - C\u00e2ble de rallonge de 3\u00a0m (10\u00a0pieds) - Fieldpiece Instruments","isPartOf":{"@id":"https:\/\/www.fieldpiece.com\/fr\/#website"},"primaryImageOfPage":{"@id":"https:\/\/www.fieldpiece.com\/fr\/produit\/atext10-10-extension-cable\/#primaryimage"},"image":{"@id":"https:\/\/www.fieldpiece.com\/fr\/produit\/atext10-10-extension-cable\/#primaryimage"},"thumbnailUrl":"https:\/\/resources.fieldpiece.com\/wp-content\/uploads\/2020\/11\/ATEXT10-SRC-product.jpg","datePublished":"2020-11-02T12:02:22+00:00","dateModified":"2021-11-15T13:01:28+00:00","breadcrumb":{"@id":"https:\/\/www.fieldpiece.com\/fr\/produit\/atext10-10-extension-cable\/#breadcrumb"},"inLanguage":"fr-FR","potentialAction":[{"@type":"ReadAction","target":["https:\/\/www.fieldpiece.com\/fr\/produit\/atext10-10-extension-cable\/"]}]},{"@type":"ImageObject","inLanguage":"fr-FR","@id":"https:\/\/www.fieldpiece.com\/fr\/produit\/atext10-10-extension-cable\/#primaryimage","url":"https:\/\/resources.fieldpiece.com\/wp-content\/uploads\/2020\/11\/ATEXT10-SRC-product.jpg","contentUrl":"https:\/\/resources.fieldpiece.com\/wp-content\/uploads\/2020\/11\/ATEXT10-SRC-product.jpg","width":2000,"height":2000,"caption":"thermocouple extension wire"},{"@type":"BreadcrumbList","@id":"https:\/\/www.fieldpiece.com\/fr\/produit\/atext10-10-extension-cable\/#breadcrumb","itemListElement":[{"@type":"ListItem","position":1,"name":"Home","item":"https:\/\/www.fieldpiece.com\/fr\/"},{"@type":"ListItem","position":2,"name":"Shop","item":"https:\/\/www.fieldpiece.com\/shop\/"},{"@type":"ListItem","position":3,"name":"ATEXT10 &#8211; C\u00e2ble de rallonge de 3\u00a0m (10\u00a0pieds)"}]},{"@type":"WebSite","@id":"https:\/\/www.fieldpiece.com\/fr\/#website","url":"https:\/\/www.fieldpiece.com\/fr\/","name":"Fieldpiece Instruments","description":"","publisher":{"@id":"https:\/\/www.fieldpiece.com\/fr\/#organization"},"potentialAction":[{"@type":"SearchAction","target":{"@type":"EntryPoint","urlTemplate":"https:\/\/www.fieldpiece.com\/fr\/?s={search_term_string}"},"query-input":{"@type":"PropertyValueSpecification","valueRequired":true,"valueName":"search_term_string"}}],"inLanguage":"fr-FR"},{"@type":"Organization","@id":"https:\/\/www.fieldpiece.com\/fr\/#organization","name":"Fieldpiece Instruments","url":"https:\/\/www.fieldpiece.com\/fr\/","logo":{"@type":"ImageObject","inLanguage":"fr-FR","@id":"https:\/\/www.fieldpiece.com\/fr\/#\/schema\/logo\/image\/","url":"https:\/\/resources.fieldpiece.com\/wp-content\/uploads\/2021\/02\/Logos-490x358-1.jpg","contentUrl":"https:\/\/resources.fieldpiece.com\/wp-content\/uploads\/2021\/02\/Logos-490x358-1.jpg","width":490,"height":358,"caption":"Fieldpiece Instruments"},"image":{"@id":"https:\/\/www.fieldpiece.com\/fr\/#\/schema\/logo\/image\/"}}]}},"_links":{"self":[{"href":"https:\/\/www.fieldpiece.com\/fr\/wp-json\/wp\/v2\/product\/27972","targetHints":{"allow":["GET"]}}],"collection":[{"href":"https:\/\/www.fieldpiece.com\/fr\/wp-json\/wp\/v2\/product"}],"about":[{"href":"https:\/\/www.fieldpiece.com\/fr\/wp-json\/wp\/v2\/types\/product"}],"replies":[{"embeddable":true,"href":"https:\/\/www.fieldpiece.com\/fr\/wp-json\/wp\/v2\/comments?post=27972"}],"wp:featuredmedia":[{"embeddable":true,"href":"https:\/\/www.fieldpiece.com\/fr\/wp-json\/wp\/v2\/media\/27973"}],"wp:attachment":[{"href":"https:\/\/www.fieldpiece.com\/fr\/wp-json\/wp\/v2\/media?parent=27972"}],"wp:term":[{"taxonomy":"product_brand","embeddable":true,"href":"https:\/\/www.fieldpiece.com\/fr\/wp-json\/wp\/v2\/product_brand?post=27972"},{"taxonomy":"product_cat","embeddable":true,"href":"https:\/\/www.fieldpiece.com\/fr\/wp-json\/wp\/v2\/product_cat?post=27972"},{"taxonomy":"product_tag","embeddable":true,"href":"https:\/\/www.fieldpiece.com\/fr\/wp-json\/wp\/v2\/product_tag?post=27972"}],"curies":[{"name":"wp","href":"https:\/\/api.w.org\/{rel}","templated":true}]}}