	{"id":27953,"date":"2020-11-02T12:02:23","date_gmt":"2020-11-02T12:02:23","guid":{"rendered":"https:\/\/www.fieldpiece.com\/product\/atr1-piercing-k-type-thermocouple-for-ventilation-ducts\/"},"modified":"2021-11-15T04:56:10","modified_gmt":"2021-11-15T12:56:10","slug":"atr1-piercing-k-type-thermocouple-for-ventilation-ducts","status":"publish","type":"product","link":"https:\/\/www.fieldpiece.com\/fr\/produit\/atr1-piercing-k-type-thermocouple-for-ventilation-ducts\/","title":{"rendered":"ATR1 &#8211; Thermocouple de type\u00a0K de p\u00e9n\u00e9tration"},"content":{"rendered":"<p>Le thermocouple de type\u00a0K ATR1 est parfait pour relever la temp\u00e9rature de l&rsquo;air circulant dans des conduits. La longue tige peut atteindre le centre des conduits pour relever pr\u00e9cis\u00e9ment la temp\u00e9rature de l&rsquo;air dans la totalit\u00e9 de la section. La grande poign\u00e9e donne au technicien de CVCR assez de force pour percer des conduits souples \u00e0 l&rsquo;aide du bout pointu. L&rsquo;ATR1 peut \u00eatre utilis\u00e9 avec tous nos multim\u00e8tres de mesure de temp\u00e9rature et tout thermom\u00e8tre acceptant un thermocouple de type\u00a0K.<\/p>\n<p>SP\u00c9CIFICATIONS<\/p>\n<p>Longueur de tige\u00a0: 12\u00a0cm (4,75\u00a0po)<br \/>\nDiam\u00e8tre de tige\u00a0: 3,2\u00a0mm (0,125\u00a0po)<br \/>\nLongueur de c\u00e2ble de thermocouple\u00a0: 1,2\u00a0m (4\u00a0pi)<br \/>\nPr\u00e9cision\u00a0:<br \/>\n\u00b10,5\u00a0\u00b0C (-150 \u00e0 0\u00a0\u00b0C)\u00a0; \u00b11\u00a0\u00b0F (-238 \u00e0 32\u00a0\u00b0F)<br \/>\n\u00b11,5\u00a0\u00b0C (0 \u00e0 100\u00a0\u00b0C)\u00a0; \u00b13\u00a0\u00b0F (32 \u00e0 212\u00a0\u00b0F)<br \/>\n\u00b12 (100 \u00e0 500\u00a0\u00b0C)\u00a0; \u00b14\u00a0\u00b0F (212 \u00e0 932\u00a0\u00b0F)<br \/>\n\u00b13,2\u00a0\u00b0C (500 \u00e0 800\u00a0\u00b0C)\u00a0; \u00b16\u00a0\u00b0F (932 \u00e0 1\u00a0472\u00a0\u00b0F)<br \/>\nPlage de temp\u00e9rature\u00a0: -150\u00a0\u00b0C \u00e0 800\u00a0\u00b0C (-238\u00a0\u00b0F \u00e0 1\u00a0472\u00a0\u00b0F)<br \/>\nConducteurs de thermocouple\u00a0: nickel chrome\/nickel aluminium de type\u00a0K<br \/>\nPrise\u00a0: mini-fiche m\u00e2le de thermocouple de type\u00a0K<\/p>\n","protected":false},"excerpt":{"rendered":"<p>Le thermocouple de type\u00a0K ATR1 est parfait pour relever la temp\u00e9rature de l&rsquo;air circulant dans des conduits. La longue tige &#8230;<\/p>\n","protected":false},"featured_media":27954,"comment_status":"open","ping_status":"closed","template":"","meta":{"_acf_changed":false},"product_brand":[],"product_cat":[158,272],"product_tag":[],"class_list":{"0":"post-27953","1":"product","2":"type-product","3":"status-publish","4":"has-post-thumbnail","6":"product_cat-other-fr-2","7":"product_cat-thermocouples-fr","9":"first","10":"instock","11":"shipping-taxable","12":"product-type-simple"},"acf":[],"yoast_head":"<!-- This site is optimized with the Yoast SEO plugin v27.2 - https:\/\/yoast.com\/product\/yoast-seo-wordpress\/ -->\n<title>ATR1 - Thermocouple de type\u00a0K de p\u00e9n\u00e9tration - Fieldpiece Instruments<\/title>\n<meta name=\"robots\" content=\"index, follow, max-snippet:-1, max-image-preview:large, max-video-preview:-1\" \/>\n<link rel=\"canonical\" href=\"https:\/\/www.fieldpiece.com\/fr\/produit\/atr1-piercing-k-type-thermocouple-for-ventilation-ducts\/\" \/>\n<meta property=\"og:locale\" content=\"fr_FR\" \/>\n<meta property=\"og:type\" content=\"article\" \/>\n<meta property=\"og:title\" content=\"ATR1 - Thermocouple de type\u00a0K de p\u00e9n\u00e9tration - Fieldpiece Instruments\" \/>\n<meta property=\"og:description\" content=\"Le thermocouple de type\u00a0K ATR1 est parfait pour relever la temp\u00e9rature de l&rsquo;air circulant dans des conduits. La longue tige ...\" \/>\n<meta property=\"og:url\" content=\"https:\/\/www.fieldpiece.com\/fr\/produit\/atr1-piercing-k-type-thermocouple-for-ventilation-ducts\/\" \/>\n<meta property=\"og:site_name\" content=\"Fieldpiece Instruments\" \/>\n<meta property=\"article:modified_time\" content=\"2021-11-15T12:56:10+00:00\" \/>\n<meta property=\"og:image\" content=\"https:\/\/www.fieldpiece.com\/wp-content\/uploads\/2020\/11\/ATR1.jpg\" \/>\n\t<meta property=\"og:image:width\" content=\"470\" \/>\n\t<meta property=\"og:image:height\" content=\"470\" \/>\n\t<meta property=\"og:image:type\" content=\"image\/jpeg\" \/>\n<meta name=\"twitter:card\" content=\"summary_large_image\" \/>\n<meta name=\"twitter:label1\" content=\"Dur\u00e9e de lecture estim\u00e9e\" \/>\n\t<meta name=\"twitter:data1\" content=\"1 minute\" \/>\n<script type=\"application\/ld+json\" class=\"yoast-schema-graph\">{\"@context\":\"https:\/\/schema.org\",\"@graph\":[{\"@type\":\"WebPage\",\"@id\":\"https:\/\/www.fieldpiece.com\/fr\/produit\/atr1-piercing-k-type-thermocouple-for-ventilation-ducts\/\",\"url\":\"https:\/\/www.fieldpiece.com\/fr\/produit\/atr1-piercing-k-type-thermocouple-for-ventilation-ducts\/\",\"name\":\"ATR1 - Thermocouple de type\u00a0K de p\u00e9n\u00e9tration - Fieldpiece Instruments\",\"isPartOf\":{\"@id\":\"https:\/\/www.fieldpiece.com\/fr\/#website\"},\"primaryImageOfPage\":{\"@id\":\"https:\/\/www.fieldpiece.com\/fr\/produit\/atr1-piercing-k-type-thermocouple-for-ventilation-ducts\/#primaryimage\"},\"image\":{\"@id\":\"https:\/\/www.fieldpiece.com\/fr\/produit\/atr1-piercing-k-type-thermocouple-for-ventilation-ducts\/#primaryimage\"},\"thumbnailUrl\":\"https:\/\/resources.fieldpiece.com\/wp-content\/uploads\/2020\/11\/ATR1.jpg\",\"datePublished\":\"2020-11-02T12:02:23+00:00\",\"dateModified\":\"2021-11-15T12:56:10+00:00\",\"breadcrumb\":{\"@id\":\"https:\/\/www.fieldpiece.com\/fr\/produit\/atr1-piercing-k-type-thermocouple-for-ventilation-ducts\/#breadcrumb\"},\"inLanguage\":\"fr-FR\",\"potentialAction\":[{\"@type\":\"ReadAction\",\"target\":[\"https:\/\/www.fieldpiece.com\/fr\/produit\/atr1-piercing-k-type-thermocouple-for-ventilation-ducts\/\"]}]},{\"@type\":\"ImageObject\",\"inLanguage\":\"fr-FR\",\"@id\":\"https:\/\/www.fieldpiece.com\/fr\/produit\/atr1-piercing-k-type-thermocouple-for-ventilation-ducts\/#primaryimage\",\"url\":\"https:\/\/resources.fieldpiece.com\/wp-content\/uploads\/2020\/11\/ATR1.jpg\",\"contentUrl\":\"https:\/\/resources.fieldpiece.com\/wp-content\/uploads\/2020\/11\/ATR1.jpg\",\"width\":470,\"height\":470},{\"@type\":\"BreadcrumbList\",\"@id\":\"https:\/\/www.fieldpiece.com\/fr\/produit\/atr1-piercing-k-type-thermocouple-for-ventilation-ducts\/#breadcrumb\",\"itemListElement\":[{\"@type\":\"ListItem\",\"position\":1,\"name\":\"Home\",\"item\":\"https:\/\/www.fieldpiece.com\/fr\/\"},{\"@type\":\"ListItem\",\"position\":2,\"name\":\"Shop\",\"item\":\"https:\/\/www.fieldpiece.com\/shop\/\"},{\"@type\":\"ListItem\",\"position\":3,\"name\":\"ATR1 &#8211; Thermocouple de type\u00a0K de p\u00e9n\u00e9tration\"}]},{\"@type\":\"WebSite\",\"@id\":\"https:\/\/www.fieldpiece.com\/fr\/#website\",\"url\":\"https:\/\/www.fieldpiece.com\/fr\/\",\"name\":\"Fieldpiece Instruments\",\"description\":\"\",\"publisher\":{\"@id\":\"https:\/\/www.fieldpiece.com\/fr\/#organization\"},\"potentialAction\":[{\"@type\":\"SearchAction\",\"target\":{\"@type\":\"EntryPoint\",\"urlTemplate\":\"https:\/\/www.fieldpiece.com\/fr\/?s={search_term_string}\"},\"query-input\":{\"@type\":\"PropertyValueSpecification\",\"valueRequired\":true,\"valueName\":\"search_term_string\"}}],\"inLanguage\":\"fr-FR\"},{\"@type\":\"Organization\",\"@id\":\"https:\/\/www.fieldpiece.com\/fr\/#organization\",\"name\":\"Fieldpiece Instruments\",\"url\":\"https:\/\/www.fieldpiece.com\/fr\/\",\"logo\":{\"@type\":\"ImageObject\",\"inLanguage\":\"fr-FR\",\"@id\":\"https:\/\/www.fieldpiece.com\/fr\/#\/schema\/logo\/image\/\",\"url\":\"https:\/\/resources.fieldpiece.com\/wp-content\/uploads\/2021\/02\/Logos-490x358-1.jpg\",\"contentUrl\":\"https:\/\/resources.fieldpiece.com\/wp-content\/uploads\/2021\/02\/Logos-490x358-1.jpg\",\"width\":490,\"height\":358,\"caption\":\"Fieldpiece Instruments\"},\"image\":{\"@id\":\"https:\/\/www.fieldpiece.com\/fr\/#\/schema\/logo\/image\/\"}}]}<\/script>\n<!-- \/ Yoast SEO plugin. -->","yoast_head_json":{"title":"ATR1 - Thermocouple de type\u00a0K de p\u00e9n\u00e9tration - Fieldpiece Instruments","robots":{"index":"index","follow":"follow","max-snippet":"max-snippet:-1","max-image-preview":"max-image-preview:large","max-video-preview":"max-video-preview:-1"},"canonical":"https:\/\/www.fieldpiece.com\/fr\/produit\/atr1-piercing-k-type-thermocouple-for-ventilation-ducts\/","og_locale":"fr_FR","og_type":"article","og_title":"ATR1 - Thermocouple de type\u00a0K de p\u00e9n\u00e9tration - Fieldpiece Instruments","og_description":"Le thermocouple de type\u00a0K ATR1 est parfait pour relever la temp\u00e9rature de l&rsquo;air circulant dans des conduits. La longue tige ...","og_url":"https:\/\/www.fieldpiece.com\/fr\/produit\/atr1-piercing-k-type-thermocouple-for-ventilation-ducts\/","og_site_name":"Fieldpiece Instruments","article_modified_time":"2021-11-15T12:56:10+00:00","og_image":[{"width":470,"height":470,"url":"https:\/\/www.fieldpiece.com\/wp-content\/uploads\/2020\/11\/ATR1.jpg","type":"image\/jpeg"}],"twitter_card":"summary_large_image","twitter_misc":{"Dur\u00e9e de lecture estim\u00e9e":"1 minute"},"schema":{"@context":"https:\/\/schema.org","@graph":[{"@type":"WebPage","@id":"https:\/\/www.fieldpiece.com\/fr\/produit\/atr1-piercing-k-type-thermocouple-for-ventilation-ducts\/","url":"https:\/\/www.fieldpiece.com\/fr\/produit\/atr1-piercing-k-type-thermocouple-for-ventilation-ducts\/","name":"ATR1 - Thermocouple de type\u00a0K de p\u00e9n\u00e9tration - Fieldpiece Instruments","isPartOf":{"@id":"https:\/\/www.fieldpiece.com\/fr\/#website"},"primaryImageOfPage":{"@id":"https:\/\/www.fieldpiece.com\/fr\/produit\/atr1-piercing-k-type-thermocouple-for-ventilation-ducts\/#primaryimage"},"image":{"@id":"https:\/\/www.fieldpiece.com\/fr\/produit\/atr1-piercing-k-type-thermocouple-for-ventilation-ducts\/#primaryimage"},"thumbnailUrl":"https:\/\/resources.fieldpiece.com\/wp-content\/uploads\/2020\/11\/ATR1.jpg","datePublished":"2020-11-02T12:02:23+00:00","dateModified":"2021-11-15T12:56:10+00:00","breadcrumb":{"@id":"https:\/\/www.fieldpiece.com\/fr\/produit\/atr1-piercing-k-type-thermocouple-for-ventilation-ducts\/#breadcrumb"},"inLanguage":"fr-FR","potentialAction":[{"@type":"ReadAction","target":["https:\/\/www.fieldpiece.com\/fr\/produit\/atr1-piercing-k-type-thermocouple-for-ventilation-ducts\/"]}]},{"@type":"ImageObject","inLanguage":"fr-FR","@id":"https:\/\/www.fieldpiece.com\/fr\/produit\/atr1-piercing-k-type-thermocouple-for-ventilation-ducts\/#primaryimage","url":"https:\/\/resources.fieldpiece.com\/wp-content\/uploads\/2020\/11\/ATR1.jpg","contentUrl":"https:\/\/resources.fieldpiece.com\/wp-content\/uploads\/2020\/11\/ATR1.jpg","width":470,"height":470},{"@type":"BreadcrumbList","@id":"https:\/\/www.fieldpiece.com\/fr\/produit\/atr1-piercing-k-type-thermocouple-for-ventilation-ducts\/#breadcrumb","itemListElement":[{"@type":"ListItem","position":1,"name":"Home","item":"https:\/\/www.fieldpiece.com\/fr\/"},{"@type":"ListItem","position":2,"name":"Shop","item":"https:\/\/www.fieldpiece.com\/shop\/"},{"@type":"ListItem","position":3,"name":"ATR1 &#8211; Thermocouple de type\u00a0K de p\u00e9n\u00e9tration"}]},{"@type":"WebSite","@id":"https:\/\/www.fieldpiece.com\/fr\/#website","url":"https:\/\/www.fieldpiece.com\/fr\/","name":"Fieldpiece Instruments","description":"","publisher":{"@id":"https:\/\/www.fieldpiece.com\/fr\/#organization"},"potentialAction":[{"@type":"SearchAction","target":{"@type":"EntryPoint","urlTemplate":"https:\/\/www.fieldpiece.com\/fr\/?s={search_term_string}"},"query-input":{"@type":"PropertyValueSpecification","valueRequired":true,"valueName":"search_term_string"}}],"inLanguage":"fr-FR"},{"@type":"Organization","@id":"https:\/\/www.fieldpiece.com\/fr\/#organization","name":"Fieldpiece Instruments","url":"https:\/\/www.fieldpiece.com\/fr\/","logo":{"@type":"ImageObject","inLanguage":"fr-FR","@id":"https:\/\/www.fieldpiece.com\/fr\/#\/schema\/logo\/image\/","url":"https:\/\/resources.fieldpiece.com\/wp-content\/uploads\/2021\/02\/Logos-490x358-1.jpg","contentUrl":"https:\/\/resources.fieldpiece.com\/wp-content\/uploads\/2021\/02\/Logos-490x358-1.jpg","width":490,"height":358,"caption":"Fieldpiece Instruments"},"image":{"@id":"https:\/\/www.fieldpiece.com\/fr\/#\/schema\/logo\/image\/"}}]}},"_links":{"self":[{"href":"https:\/\/www.fieldpiece.com\/fr\/wp-json\/wp\/v2\/product\/27953","targetHints":{"allow":["GET"]}}],"collection":[{"href":"https:\/\/www.fieldpiece.com\/fr\/wp-json\/wp\/v2\/product"}],"about":[{"href":"https:\/\/www.fieldpiece.com\/fr\/wp-json\/wp\/v2\/types\/product"}],"replies":[{"embeddable":true,"href":"https:\/\/www.fieldpiece.com\/fr\/wp-json\/wp\/v2\/comments?post=27953"}],"wp:featuredmedia":[{"embeddable":true,"href":"https:\/\/www.fieldpiece.com\/fr\/wp-json\/wp\/v2\/media\/27954"}],"wp:attachment":[{"href":"https:\/\/www.fieldpiece.com\/fr\/wp-json\/wp\/v2\/media?parent=27953"}],"wp:term":[{"taxonomy":"product_brand","embeddable":true,"href":"https:\/\/www.fieldpiece.com\/fr\/wp-json\/wp\/v2\/product_brand?post=27953"},{"taxonomy":"product_cat","embeddable":true,"href":"https:\/\/www.fieldpiece.com\/fr\/wp-json\/wp\/v2\/product_cat?post=27953"},{"taxonomy":"product_tag","embeddable":true,"href":"https:\/\/www.fieldpiece.com\/fr\/wp-json\/wp\/v2\/product_tag?post=27953"}],"curies":[{"name":"wp","href":"https:\/\/api.w.org\/{rel}","templated":true}]}}