	{"id":27941,"date":"2020-11-02T12:02:24","date_gmt":"2020-11-02T12:02:24","guid":{"rendered":"https:\/\/www.fieldpiece.com\/product\/atwb1-k-type-wet-bulb-sock-thermocouple-with-alligator-clip\/"},"modified":"2021-11-22T03:52:41","modified_gmt":"2021-11-22T11:52:41","slug":"atwb1-k-type-wet-bulb-sock-thermocouple-with-alligator-clip","status":"publish","type":"product","link":"https:\/\/www.fieldpiece.com\/fr\/produit\/atwb1-k-type-wet-bulb-sock-thermocouple-with-alligator-clip\/","title":{"rendered":"ATWB1 &#8211; Thermocouple de type\u00a0K \u00e0 thermom\u00e8tre humide (chaussette) avec pince crocodile"},"content":{"rendered":"<p>Le thermocouple de type\u00a0K \u00e0 thermom\u00e8tre humide ATWB1 peut s&rsquo;accrocher \u00e0 l&rsquo;\u00e9quipement de CVCR pour faciliter les tests mains libres. Mouillez la chaussette durable et accrochez le thermocouple au filtre \u00e9vaporateur pour obtenir la mesure de thermom\u00e8tre humide int\u00e9rieur, et notamment trouver la temp\u00e9rature de sortie cible de l&rsquo;\u00e9vaporateur. Accrochez-le \u00e0 un \u00e9vent de retour pour relever la temp\u00e9rature de thermom\u00e8tre humide int\u00e9rieur, notamment pour calculer la surchauffe cible. L&rsquo;ATWB1 peut \u00eatre utilis\u00e9 avec tous nos multim\u00e8tres de mesure de temp\u00e9rature et tout thermom\u00e8tre acceptant un thermocouple de type\u00a0K. Les techniciens de CVCR trouvent l&rsquo;ATWB1 extr\u00eamement utile pour journaliser des donn\u00e9es ou effectuer des relev\u00e9s en main libre.<\/p>\n<p>L&rsquo;attache permet de stocker le fil du thermocouple sur la prise. Il suffit simplement d&rsquo;enrouler le fil en surplus autour de l&rsquo;attache. Plus de fils enchev\u00eatr\u00e9s dans votre sac.<\/p>\n<p>SP\u00c9CIFICATIONS  <\/p>\n<p>Pr\u00e9cision\u00a0: \u00b1\u00a02\u00a0\u00b0C (4\u00a0\u00baF)\u00a0; \u00b1\u00a00,5\u00a0\u00b0C (1\u00a0\u00b0F) apr\u00e8s \u00e9talonnage sur le terrain, 0 \u00e0 80\u00a0\u00b0C (32 \u00e0 176\u00a0\u00baF)<br \/>\nPlage de temp\u00e9rature\u00a0: -46 \u00e0 66\u00a0\u00b0C (-50 \u00e0 150\u00a0\u00baF)<br \/>\nConducteurs de thermocouple\u00a0: nickel chrome\/nickel aluminium de type\u00a0K.<br \/>\nIsolation de sonde\u00a0: l&rsquo;\u00e9talonnage et l&rsquo;atmosph\u00e8re affecteront la temp\u00e9rature maximale utile dans les applications. L&rsquo;isolation du fil est con\u00e7ue pour r\u00e9sister \u00e0 une utilisation maximale en continu \u00e0 204\u00a0\u00b0C (400\u00a0\u00b0F) mais la chaussette peut \u00eatre endommag\u00e9e \u00e0 des temp\u00e9ratures sup\u00e9rieures \u00e0 66\u00a0\u00b0C (150\u00a0\u00b0F).<br \/>\nPrise\u00a0: mini-fiche m\u00e2le de thermocouple de type\u00a0K<\/p>\n","protected":false},"excerpt":{"rendered":"<p>Le thermocouple de type\u00a0K \u00e0 thermom\u00e8tre humide ATWB1 peut s&rsquo;accrocher \u00e0 l&rsquo;\u00e9quipement de CVCR pour faciliter les tests mains libres. &#8230;<\/p>\n","protected":false},"featured_media":27942,"comment_status":"open","ping_status":"closed","template":"","meta":{"_acf_changed":false},"product_brand":[],"product_cat":[158,272],"product_tag":[],"class_list":{"0":"post-27941","1":"product","2":"type-product","3":"status-publish","4":"has-post-thumbnail","6":"product_cat-other-fr-2","7":"product_cat-thermocouples-fr","9":"first","10":"instock","11":"shipping-taxable","12":"product-type-simple"},"acf":[],"yoast_head":"<!-- This site is optimized with the Yoast SEO plugin v27.2 - https:\/\/yoast.com\/product\/yoast-seo-wordpress\/ -->\n<title>ATWB1 - Thermocouple de type\u00a0K \u00e0 thermom\u00e8tre humide (chaussette) avec pince crocodile - Fieldpiece Instruments<\/title>\n<meta name=\"robots\" content=\"index, follow, max-snippet:-1, max-image-preview:large, max-video-preview:-1\" \/>\n<link rel=\"canonical\" href=\"https:\/\/www.fieldpiece.com\/fr\/produit\/atwb1-k-type-wet-bulb-sock-thermocouple-with-alligator-clip\/\" \/>\n<meta property=\"og:locale\" content=\"fr_FR\" \/>\n<meta property=\"og:type\" content=\"article\" \/>\n<meta property=\"og:title\" content=\"ATWB1 - Thermocouple de type\u00a0K \u00e0 thermom\u00e8tre humide (chaussette) avec pince crocodile - Fieldpiece Instruments\" \/>\n<meta property=\"og:description\" content=\"Le thermocouple de type\u00a0K \u00e0 thermom\u00e8tre humide ATWB1 peut s&rsquo;accrocher \u00e0 l&rsquo;\u00e9quipement de CVCR pour faciliter les tests mains libres. ...\" \/>\n<meta property=\"og:url\" content=\"https:\/\/www.fieldpiece.com\/fr\/produit\/atwb1-k-type-wet-bulb-sock-thermocouple-with-alligator-clip\/\" \/>\n<meta property=\"og:site_name\" content=\"Fieldpiece Instruments\" \/>\n<meta property=\"article:modified_time\" content=\"2021-11-22T11:52:41+00:00\" \/>\n<meta property=\"og:image\" content=\"https:\/\/resources.fieldpiece.com\/wp-content\/uploads\/2020\/11\/ATWB1.jpg\" \/>\n\t<meta property=\"og:image:width\" content=\"470\" \/>\n\t<meta property=\"og:image:height\" content=\"470\" \/>\n\t<meta property=\"og:image:type\" content=\"image\/jpeg\" \/>\n<meta name=\"twitter:card\" content=\"summary_large_image\" \/>\n<meta name=\"twitter:label1\" content=\"Dur\u00e9e de lecture estim\u00e9e\" \/>\n\t<meta name=\"twitter:data1\" content=\"1 minute\" \/>\n<script type=\"application\/ld+json\" class=\"yoast-schema-graph\">{\"@context\":\"https:\/\/schema.org\",\"@graph\":[{\"@type\":\"WebPage\",\"@id\":\"https:\/\/www.fieldpiece.com\/fr\/produit\/atwb1-k-type-wet-bulb-sock-thermocouple-with-alligator-clip\/\",\"url\":\"https:\/\/www.fieldpiece.com\/fr\/produit\/atwb1-k-type-wet-bulb-sock-thermocouple-with-alligator-clip\/\",\"name\":\"ATWB1 - Thermocouple de type\u00a0K \u00e0 thermom\u00e8tre humide (chaussette) avec pince crocodile - Fieldpiece Instruments\",\"isPartOf\":{\"@id\":\"https:\/\/www.fieldpiece.com\/fr\/#website\"},\"primaryImageOfPage\":{\"@id\":\"https:\/\/www.fieldpiece.com\/fr\/produit\/atwb1-k-type-wet-bulb-sock-thermocouple-with-alligator-clip\/#primaryimage\"},\"image\":{\"@id\":\"https:\/\/www.fieldpiece.com\/fr\/produit\/atwb1-k-type-wet-bulb-sock-thermocouple-with-alligator-clip\/#primaryimage\"},\"thumbnailUrl\":\"https:\/\/resources.fieldpiece.com\/wp-content\/uploads\/2020\/11\/ATWB1.jpg\",\"datePublished\":\"2020-11-02T12:02:24+00:00\",\"dateModified\":\"2021-11-22T11:52:41+00:00\",\"breadcrumb\":{\"@id\":\"https:\/\/www.fieldpiece.com\/fr\/produit\/atwb1-k-type-wet-bulb-sock-thermocouple-with-alligator-clip\/#breadcrumb\"},\"inLanguage\":\"fr-FR\",\"potentialAction\":[{\"@type\":\"ReadAction\",\"target\":[\"https:\/\/www.fieldpiece.com\/fr\/produit\/atwb1-k-type-wet-bulb-sock-thermocouple-with-alligator-clip\/\"]}]},{\"@type\":\"ImageObject\",\"inLanguage\":\"fr-FR\",\"@id\":\"https:\/\/www.fieldpiece.com\/fr\/produit\/atwb1-k-type-wet-bulb-sock-thermocouple-with-alligator-clip\/#primaryimage\",\"url\":\"https:\/\/resources.fieldpiece.com\/wp-content\/uploads\/2020\/11\/ATWB1.jpg\",\"contentUrl\":\"https:\/\/resources.fieldpiece.com\/wp-content\/uploads\/2020\/11\/ATWB1.jpg\",\"width\":470,\"height\":470,\"caption\":\"ype-K Wet Bulb Thermocouple w\/ Alligator Clip\"},{\"@type\":\"BreadcrumbList\",\"@id\":\"https:\/\/www.fieldpiece.com\/fr\/produit\/atwb1-k-type-wet-bulb-sock-thermocouple-with-alligator-clip\/#breadcrumb\",\"itemListElement\":[{\"@type\":\"ListItem\",\"position\":1,\"name\":\"Home\",\"item\":\"https:\/\/www.fieldpiece.com\/fr\/\"},{\"@type\":\"ListItem\",\"position\":2,\"name\":\"Shop\",\"item\":\"https:\/\/www.fieldpiece.com\/shop\/\"},{\"@type\":\"ListItem\",\"position\":3,\"name\":\"ATWB1 &#8211; Thermocouple de type\u00a0K \u00e0 thermom\u00e8tre humide (chaussette) avec pince crocodile\"}]},{\"@type\":\"WebSite\",\"@id\":\"https:\/\/www.fieldpiece.com\/fr\/#website\",\"url\":\"https:\/\/www.fieldpiece.com\/fr\/\",\"name\":\"Fieldpiece Instruments\",\"description\":\"\",\"publisher\":{\"@id\":\"https:\/\/www.fieldpiece.com\/fr\/#organization\"},\"potentialAction\":[{\"@type\":\"SearchAction\",\"target\":{\"@type\":\"EntryPoint\",\"urlTemplate\":\"https:\/\/www.fieldpiece.com\/fr\/?s={search_term_string}\"},\"query-input\":{\"@type\":\"PropertyValueSpecification\",\"valueRequired\":true,\"valueName\":\"search_term_string\"}}],\"inLanguage\":\"fr-FR\"},{\"@type\":\"Organization\",\"@id\":\"https:\/\/www.fieldpiece.com\/fr\/#organization\",\"name\":\"Fieldpiece Instruments\",\"url\":\"https:\/\/www.fieldpiece.com\/fr\/\",\"logo\":{\"@type\":\"ImageObject\",\"inLanguage\":\"fr-FR\",\"@id\":\"https:\/\/www.fieldpiece.com\/fr\/#\/schema\/logo\/image\/\",\"url\":\"https:\/\/resources.fieldpiece.com\/wp-content\/uploads\/2021\/02\/Logos-490x358-1.jpg\",\"contentUrl\":\"https:\/\/resources.fieldpiece.com\/wp-content\/uploads\/2021\/02\/Logos-490x358-1.jpg\",\"width\":490,\"height\":358,\"caption\":\"Fieldpiece Instruments\"},\"image\":{\"@id\":\"https:\/\/www.fieldpiece.com\/fr\/#\/schema\/logo\/image\/\"}}]}<\/script>\n<!-- \/ Yoast SEO plugin. -->","yoast_head_json":{"title":"ATWB1 - Thermocouple de type\u00a0K \u00e0 thermom\u00e8tre humide (chaussette) avec pince crocodile - Fieldpiece Instruments","robots":{"index":"index","follow":"follow","max-snippet":"max-snippet:-1","max-image-preview":"max-image-preview:large","max-video-preview":"max-video-preview:-1"},"canonical":"https:\/\/www.fieldpiece.com\/fr\/produit\/atwb1-k-type-wet-bulb-sock-thermocouple-with-alligator-clip\/","og_locale":"fr_FR","og_type":"article","og_title":"ATWB1 - Thermocouple de type\u00a0K \u00e0 thermom\u00e8tre humide (chaussette) avec pince crocodile - Fieldpiece Instruments","og_description":"Le thermocouple de type\u00a0K \u00e0 thermom\u00e8tre humide ATWB1 peut s&rsquo;accrocher \u00e0 l&rsquo;\u00e9quipement de CVCR pour faciliter les tests mains libres. ...","og_url":"https:\/\/www.fieldpiece.com\/fr\/produit\/atwb1-k-type-wet-bulb-sock-thermocouple-with-alligator-clip\/","og_site_name":"Fieldpiece Instruments","article_modified_time":"2021-11-22T11:52:41+00:00","og_image":[{"width":470,"height":470,"url":"https:\/\/resources.fieldpiece.com\/wp-content\/uploads\/2020\/11\/ATWB1.jpg","type":"image\/jpeg"}],"twitter_card":"summary_large_image","twitter_misc":{"Dur\u00e9e de lecture estim\u00e9e":"1 minute"},"schema":{"@context":"https:\/\/schema.org","@graph":[{"@type":"WebPage","@id":"https:\/\/www.fieldpiece.com\/fr\/produit\/atwb1-k-type-wet-bulb-sock-thermocouple-with-alligator-clip\/","url":"https:\/\/www.fieldpiece.com\/fr\/produit\/atwb1-k-type-wet-bulb-sock-thermocouple-with-alligator-clip\/","name":"ATWB1 - Thermocouple de type\u00a0K \u00e0 thermom\u00e8tre humide (chaussette) avec pince crocodile - Fieldpiece Instruments","isPartOf":{"@id":"https:\/\/www.fieldpiece.com\/fr\/#website"},"primaryImageOfPage":{"@id":"https:\/\/www.fieldpiece.com\/fr\/produit\/atwb1-k-type-wet-bulb-sock-thermocouple-with-alligator-clip\/#primaryimage"},"image":{"@id":"https:\/\/www.fieldpiece.com\/fr\/produit\/atwb1-k-type-wet-bulb-sock-thermocouple-with-alligator-clip\/#primaryimage"},"thumbnailUrl":"https:\/\/resources.fieldpiece.com\/wp-content\/uploads\/2020\/11\/ATWB1.jpg","datePublished":"2020-11-02T12:02:24+00:00","dateModified":"2021-11-22T11:52:41+00:00","breadcrumb":{"@id":"https:\/\/www.fieldpiece.com\/fr\/produit\/atwb1-k-type-wet-bulb-sock-thermocouple-with-alligator-clip\/#breadcrumb"},"inLanguage":"fr-FR","potentialAction":[{"@type":"ReadAction","target":["https:\/\/www.fieldpiece.com\/fr\/produit\/atwb1-k-type-wet-bulb-sock-thermocouple-with-alligator-clip\/"]}]},{"@type":"ImageObject","inLanguage":"fr-FR","@id":"https:\/\/www.fieldpiece.com\/fr\/produit\/atwb1-k-type-wet-bulb-sock-thermocouple-with-alligator-clip\/#primaryimage","url":"https:\/\/resources.fieldpiece.com\/wp-content\/uploads\/2020\/11\/ATWB1.jpg","contentUrl":"https:\/\/resources.fieldpiece.com\/wp-content\/uploads\/2020\/11\/ATWB1.jpg","width":470,"height":470,"caption":"ype-K Wet Bulb Thermocouple w\/ Alligator Clip"},{"@type":"BreadcrumbList","@id":"https:\/\/www.fieldpiece.com\/fr\/produit\/atwb1-k-type-wet-bulb-sock-thermocouple-with-alligator-clip\/#breadcrumb","itemListElement":[{"@type":"ListItem","position":1,"name":"Home","item":"https:\/\/www.fieldpiece.com\/fr\/"},{"@type":"ListItem","position":2,"name":"Shop","item":"https:\/\/www.fieldpiece.com\/shop\/"},{"@type":"ListItem","position":3,"name":"ATWB1 &#8211; Thermocouple de type\u00a0K \u00e0 thermom\u00e8tre humide (chaussette) avec pince crocodile"}]},{"@type":"WebSite","@id":"https:\/\/www.fieldpiece.com\/fr\/#website","url":"https:\/\/www.fieldpiece.com\/fr\/","name":"Fieldpiece Instruments","description":"","publisher":{"@id":"https:\/\/www.fieldpiece.com\/fr\/#organization"},"potentialAction":[{"@type":"SearchAction","target":{"@type":"EntryPoint","urlTemplate":"https:\/\/www.fieldpiece.com\/fr\/?s={search_term_string}"},"query-input":{"@type":"PropertyValueSpecification","valueRequired":true,"valueName":"search_term_string"}}],"inLanguage":"fr-FR"},{"@type":"Organization","@id":"https:\/\/www.fieldpiece.com\/fr\/#organization","name":"Fieldpiece Instruments","url":"https:\/\/www.fieldpiece.com\/fr\/","logo":{"@type":"ImageObject","inLanguage":"fr-FR","@id":"https:\/\/www.fieldpiece.com\/fr\/#\/schema\/logo\/image\/","url":"https:\/\/resources.fieldpiece.com\/wp-content\/uploads\/2021\/02\/Logos-490x358-1.jpg","contentUrl":"https:\/\/resources.fieldpiece.com\/wp-content\/uploads\/2021\/02\/Logos-490x358-1.jpg","width":490,"height":358,"caption":"Fieldpiece Instruments"},"image":{"@id":"https:\/\/www.fieldpiece.com\/fr\/#\/schema\/logo\/image\/"}}]}},"_links":{"self":[{"href":"https:\/\/www.fieldpiece.com\/fr\/wp-json\/wp\/v2\/product\/27941","targetHints":{"allow":["GET"]}}],"collection":[{"href":"https:\/\/www.fieldpiece.com\/fr\/wp-json\/wp\/v2\/product"}],"about":[{"href":"https:\/\/www.fieldpiece.com\/fr\/wp-json\/wp\/v2\/types\/product"}],"replies":[{"embeddable":true,"href":"https:\/\/www.fieldpiece.com\/fr\/wp-json\/wp\/v2\/comments?post=27941"}],"wp:featuredmedia":[{"embeddable":true,"href":"https:\/\/www.fieldpiece.com\/fr\/wp-json\/wp\/v2\/media\/27942"}],"wp:attachment":[{"href":"https:\/\/www.fieldpiece.com\/fr\/wp-json\/wp\/v2\/media?parent=27941"}],"wp:term":[{"taxonomy":"product_brand","embeddable":true,"href":"https:\/\/www.fieldpiece.com\/fr\/wp-json\/wp\/v2\/product_brand?post=27941"},{"taxonomy":"product_cat","embeddable":true,"href":"https:\/\/www.fieldpiece.com\/fr\/wp-json\/wp\/v2\/product_cat?post=27941"},{"taxonomy":"product_tag","embeddable":true,"href":"https:\/\/www.fieldpiece.com\/fr\/wp-json\/wp\/v2\/product_tag?post=27941"}],"curies":[{"name":"wp","href":"https:\/\/api.w.org\/{rel}","templated":true}]}}