	{"id":26926,"date":"2021-01-22T03:26:24","date_gmt":"2021-01-22T11:26:24","guid":{"rendered":"https:\/\/www.fieldpiece.com\/product\/jl3lc-large-pipe-clamp\/"},"modified":"2021-10-31T23:45:30","modified_gmt":"2021-11-01T06:45:30","slug":"jl3lc-large-pipe-clamp","status":"publish","type":"product","link":"https:\/\/www.fieldpiece.com\/fr\/produit\/jl3lc-large-pipe-clamp\/","title":{"rendered":"JL3LC &#8211; Grande pince de serrage du syst\u00e8me Job Link\u00ae"},"content":{"rendered":"<ul>\n<li style=\"font-weight: 400;\"><span style=\"font-weight: 400;\">Parfait pour les applications commerciales et de r\u00e9frig\u00e9ration<\/span><\/li>\n<li style=\"font-weight: 400;\"><span style=\"font-weight: 400;\">Commande d&rsquo;une seule main<\/span><\/li>\n<li style=\"font-weight: 400;\"><span style=\"font-weight: 400;\">Extr\u00eamement pr\u00e9cise et rapide<\/span><\/li>\n<li style=\"font-weight: 400;\"><span style=\"font-weight: 400;\">Compacte<\/span><\/li>\n<li style=\"font-weight: 400;\"><span style=\"font-weight: 400;\">Poign\u00e9e ergonomique confortable<\/span><\/li>\n<li style=\"font-weight: 400;\"><span style=\"font-weight: 400;\">Capteur Rapid Rail\u2122 brevet\u00e9<\/span><\/li>\n<li style=\"font-weight: 400;\"><span style=\"font-weight: 400;\">Fonctionne sans fil \u00e0 une port\u00e9e maximale de 305\u00a0m (1\u00a0000\u00a0pi)<\/span><\/li>\n<li style=\"font-weight: 400;\">Communique avec l&rsquo;application Job Link et les manifolds sans fil (SM380V\/SM480V)<\/li>\n<\/ul>\n<p><b>Regardez-moi cette m\u00e2choire\u00a0!<\/b><\/p>\n<p><span style=\"font-weight: 400;\">La pince JL3LC peut faire des relev\u00e9s sur des tuyaux entre 1,9 et 10,5\u00a0cm (\u00be et 4 1\/8\u00a0po) de diam\u00e8tre, donc plus besoin de recourir aux attaches et sangles peu fiables. Enfin, une solution commode, pr\u00e9cise et rapide. Cette pince de serrage de pointe est robuste, polyvalente et sans fil. Faites des relev\u00e9s \u00e0 une distance de 305\u00a0m (1\u00a0000\u00a0pi) et affichez les temp\u00e9ratures de tuyau, rapidement et directement, sur les derniers mod\u00e8les de manifolds de fluide frigorig\u00e8ne SMAN\u00ae ou dans l&rsquo;application du syst\u00e8me Job Link\u00ae.<\/span><\/p>\n<p><b>Pour tout usage. En tout lieu.<\/b><\/p>\n<p><span style=\"font-weight: 400;\">La pr\u00e9cision est essentielle, que vous soyez dans le secteur commercial, r\u00e9sidentiel ou de la r\u00e9frig\u00e9ration.  La pince JL3LC offre l&rsquo;ouverture de m\u00e2choires la plus grande sur le march\u00e9 (10,5\u00a0cm [4\u00a01\/8\u00a0po]) et elle int\u00e8gre \u00e9galement notre technologie brevet\u00e9e de capteur Rapid Rail\u2122 pour vous donner des relev\u00e9s de temp\u00e9rature de tuyaux exacts et instantan\u00e9s.<\/span><\/p>\n<p><b>On ne fait pas plus vite qu&rsquo;instantan\u00e9\u00a0!<\/b><\/p>\n<p><span style=\"font-weight: 400;\">La technologie brevet\u00e9e de capteur Rapid Rail\u2122 boucle le circuit et stabilise imm\u00e9diatement les relev\u00e9s pour vous donner des connexions directes, fiables et s\u00fbres \u2013 m\u00eame sur les tuyaux mouill\u00e9s ou humides. Cela veut dire que les relev\u00e9s ne peuvent \u00eatre affect\u00e9s par le vent, la temp\u00e9rature ambiante ou tout autre facteur ext\u00e9rieur. Et malgr\u00e9 sa grande taille, elle tient en une seule main, ce qui permet d&rsquo;atteindre les endroits difficiles d&rsquo;acc\u00e8s.<\/span><\/p>\n<p><b>Finis les c\u00e2bles.<\/b><\/p>\n<p><span style=\"font-weight: 400;\">La pince JL3LC assure une port\u00e9e sans fil de 305\u00a0m (1\u00a0000\u00a0pi) et communique avec l&rsquo;application Job Link ainsi que nos manifolds pour fluide frigorig\u00e8ne SMAN, mod\u00e8les SM380V et SM480V. Si vous \u00eates sur un site de travail, vous \u00eates dans la port\u00e9e de la JL3LC. Si vous n&rsquo;avez pas besoin d&rsquo;une pince sans fil, nous proposons \u00e9galement<\/span><span style=\"font-weight: 400;\"> une version c\u00e2bl\u00e9e, la TC48.<\/span><\/p>\n<p><span style=\"font-weight: 400;\">Fonctionnalit\u00e9s et caract\u00e9ristiques\u00a0:<\/span><\/p>\n<ul>\n<li style=\"font-weight: 400;\"><span style=\"font-weight: 400;\">Compatibilit\u00e9 des surfaces de contact des tuyaux conducteurs<\/span><\/li>\n<li style=\"font-weight: 400;\"><span style=\"font-weight: 400;\">Ouverture des m\u00e2choires adapt\u00e9e aux tuyaux de 1,9 \u00e0 10,5\u00a0cm (3\/4 \u00e0 4\u00a01\/8\u00a0po) de diam\u00e8tre ext\u00e9rieur\u00a0<\/span><\/li>\n<li style=\"font-weight: 400;\"><span style=\"font-weight: 400;\">Thermocouple \u00e0 technologie de capteur Rapid Rail\u2122 (nickel chrome\/nickel aluminium)<\/span><\/li>\n<li style=\"font-weight: 400;\"><span style=\"font-weight: 400;\">Port\u00e9e sans fil\u00a0: 305\u00a0m (1\u00a0000\u00a0pi)<\/span><\/li>\n<li style=\"font-weight: 400;\"><span style=\"font-weight: 400;\">Plage de mesures\u00a0: -46 \u00e0 125\u00a0\u00b0C (-50 \u00e0 257\u00a0\u00b0F)<\/span><\/li>\n<li style=\"font-weight: 400;\"><span style=\"font-weight: 400;\">Stabilisation en quelques secondes<\/span><\/li>\n<li style=\"font-weight: 400;\"><span style=\"font-weight: 400;\">\u00b10,6\u00a0\u00b0C (\u00b11,0\u00a0\u00b0F)<\/span><\/li>\n<li style=\"font-weight: 400;\"><span style=\"font-weight: 400;\">\u00c9tanche \u00e0 l&rsquo;eau, robuste et con\u00e7ue pour r\u00e9sister aux rigueurs de l\u2019utilisation sur le terrain<\/span><\/li>\n<li style=\"font-weight: 400;\"><span style=\"font-weight: 400;\">Conforme aux exigences du titre\u00a024 de l\u2019\u00c9tat de Californie<\/span><\/li>\n<\/ul>\n<p><strong>Inclus\u00a0:<\/strong><\/p>\n<ul>\n<li style=\"font-weight: 400;\"><span style=\"font-weight: 400;\">(1) Sonde JL3LC<\/span><\/li>\n<li style=\"font-weight: 400;\"><span style=\"font-weight: 400;\">(1) Toile \u00e9meri pour nettoyer les tuyaux<\/span><\/li>\n<li style=\"font-weight: 400;\"><span style=\"font-weight: 400;\">(2) Piles AAA<\/span><\/li>\n<\/ul>\n","protected":false},"excerpt":{"rendered":"<p>Parfait pour les applications commerciales et de r\u00e9frig\u00e9ration Commande d&rsquo;une seule main Extr\u00eamement pr\u00e9cise et rapide Compacte Poign\u00e9e ergonomique confortable &#8230;<\/p>\n","protected":false},"featured_media":26934,"comment_status":"open","ping_status":"closed","template":"","meta":{"_acf_changed":false},"product_brand":[],"product_cat":[158,231,208,272],"product_tag":[],"class_list":{"0":"post-26926","1":"product","2":"type-product","3":"status-publish","4":"has-post-thumbnail","6":"product_cat-other-fr-2","7":"product_cat-probes-fr","8":"product_cat-job-link-system","9":"product_cat-thermocouples-fr","11":"first","12":"instock","13":"shipping-taxable","14":"product-type-simple"},"acf":[],"yoast_head":"<!-- This site is optimized with the Yoast SEO plugin v27.3 - https:\/\/yoast.com\/product\/yoast-seo-wordpress\/ -->\n<title>JL3LC - Grande pince de serrage du syst\u00e8me Job Link\u00ae - Fieldpiece Instruments<\/title>\n<meta name=\"robots\" content=\"index, follow, max-snippet:-1, max-image-preview:large, max-video-preview:-1\" \/>\n<link rel=\"canonical\" href=\"https:\/\/www.fieldpiece.com\/fr\/produit\/jl3lc-large-pipe-clamp\/\" \/>\n<meta property=\"og:locale\" content=\"fr_FR\" \/>\n<meta property=\"og:type\" content=\"article\" \/>\n<meta property=\"og:title\" content=\"JL3LC - Grande pince de serrage du syst\u00e8me Job Link\u00ae - Fieldpiece Instruments\" \/>\n<meta property=\"og:description\" content=\"Parfait pour les applications commerciales et de r\u00e9frig\u00e9ration Commande d&rsquo;une seule main Extr\u00eamement pr\u00e9cise et rapide Compacte Poign\u00e9e ergonomique confortable ...\" \/>\n<meta property=\"og:url\" content=\"https:\/\/www.fieldpiece.com\/fr\/produit\/jl3lc-large-pipe-clamp\/\" \/>\n<meta property=\"og:site_name\" content=\"Fieldpiece Instruments\" \/>\n<meta property=\"article:modified_time\" content=\"2021-11-01T06:45:30+00:00\" \/>\n<meta property=\"og:image\" content=\"https:\/\/www.fieldpiece.com\/wp-content\/uploads\/2021\/01\/JL3LC-470x470-01.png\" \/>\n\t<meta property=\"og:image:width\" content=\"470\" \/>\n\t<meta property=\"og:image:height\" content=\"470\" \/>\n\t<meta property=\"og:image:type\" content=\"image\/png\" \/>\n<meta name=\"twitter:card\" content=\"summary_large_image\" \/>\n<meta name=\"twitter:label1\" content=\"Dur\u00e9e de lecture estim\u00e9e\" \/>\n\t<meta name=\"twitter:data1\" content=\"2 minutes\" \/>\n<script type=\"application\/ld+json\" class=\"yoast-schema-graph\">{\"@context\":\"https:\\\/\\\/schema.org\",\"@graph\":[{\"@type\":\"WebPage\",\"@id\":\"https:\\\/\\\/www.fieldpiece.com\\\/fr\\\/produit\\\/jl3lc-large-pipe-clamp\\\/\",\"url\":\"https:\\\/\\\/www.fieldpiece.com\\\/fr\\\/produit\\\/jl3lc-large-pipe-clamp\\\/\",\"name\":\"JL3LC - Grande pince de serrage du syst\u00e8me Job Link\u00ae - Fieldpiece Instruments\",\"isPartOf\":{\"@id\":\"https:\\\/\\\/www.fieldpiece.com\\\/fr\\\/#website\"},\"primaryImageOfPage\":{\"@id\":\"https:\\\/\\\/www.fieldpiece.com\\\/fr\\\/produit\\\/jl3lc-large-pipe-clamp\\\/#primaryimage\"},\"image\":{\"@id\":\"https:\\\/\\\/www.fieldpiece.com\\\/fr\\\/produit\\\/jl3lc-large-pipe-clamp\\\/#primaryimage\"},\"thumbnailUrl\":\"https:\\\/\\\/resources.fieldpiece.com\\\/wp-content\\\/uploads\\\/2021\\\/01\\\/JL3LC-470x470-01.png\",\"datePublished\":\"2021-01-22T11:26:24+00:00\",\"dateModified\":\"2021-11-01T06:45:30+00:00\",\"breadcrumb\":{\"@id\":\"https:\\\/\\\/www.fieldpiece.com\\\/fr\\\/produit\\\/jl3lc-large-pipe-clamp\\\/#breadcrumb\"},\"inLanguage\":\"fr-FR\",\"potentialAction\":[{\"@type\":\"ReadAction\",\"target\":[\"https:\\\/\\\/www.fieldpiece.com\\\/fr\\\/produit\\\/jl3lc-large-pipe-clamp\\\/\"]}]},{\"@type\":\"ImageObject\",\"inLanguage\":\"fr-FR\",\"@id\":\"https:\\\/\\\/www.fieldpiece.com\\\/fr\\\/produit\\\/jl3lc-large-pipe-clamp\\\/#primaryimage\",\"url\":\"https:\\\/\\\/resources.fieldpiece.com\\\/wp-content\\\/uploads\\\/2021\\\/01\\\/JL3LC-470x470-01.png\",\"contentUrl\":\"https:\\\/\\\/resources.fieldpiece.com\\\/wp-content\\\/uploads\\\/2021\\\/01\\\/JL3LC-470x470-01.png\",\"width\":470,\"height\":470,\"caption\":\"JL3LC Job Link\u00ae Wireless Large Thermocouple Pipe Clamp\"},{\"@type\":\"BreadcrumbList\",\"@id\":\"https:\\\/\\\/www.fieldpiece.com\\\/fr\\\/produit\\\/jl3lc-large-pipe-clamp\\\/#breadcrumb\",\"itemListElement\":[{\"@type\":\"ListItem\",\"position\":1,\"name\":\"Home\",\"item\":\"https:\\\/\\\/www.fieldpiece.com\\\/fr\\\/\"},{\"@type\":\"ListItem\",\"position\":2,\"name\":\"Shop\",\"item\":\"https:\\\/\\\/www.fieldpiece.com\\\/shop\\\/\"},{\"@type\":\"ListItem\",\"position\":3,\"name\":\"JL3LC &#8211; Grande pince de serrage du syst\u00e8me Job Link\u00ae\"}]},{\"@type\":\"WebSite\",\"@id\":\"https:\\\/\\\/www.fieldpiece.com\\\/fr\\\/#website\",\"url\":\"https:\\\/\\\/www.fieldpiece.com\\\/fr\\\/\",\"name\":\"Fieldpiece Instruments\",\"description\":\"\",\"publisher\":{\"@id\":\"https:\\\/\\\/www.fieldpiece.com\\\/fr\\\/#organization\"},\"potentialAction\":[{\"@type\":\"SearchAction\",\"target\":{\"@type\":\"EntryPoint\",\"urlTemplate\":\"https:\\\/\\\/www.fieldpiece.com\\\/fr\\\/?s={search_term_string}\"},\"query-input\":{\"@type\":\"PropertyValueSpecification\",\"valueRequired\":true,\"valueName\":\"search_term_string\"}}],\"inLanguage\":\"fr-FR\"},{\"@type\":\"Organization\",\"@id\":\"https:\\\/\\\/www.fieldpiece.com\\\/fr\\\/#organization\",\"name\":\"Fieldpiece Instruments\",\"url\":\"https:\\\/\\\/www.fieldpiece.com\\\/fr\\\/\",\"logo\":{\"@type\":\"ImageObject\",\"inLanguage\":\"fr-FR\",\"@id\":\"https:\\\/\\\/www.fieldpiece.com\\\/fr\\\/#\\\/schema\\\/logo\\\/image\\\/\",\"url\":\"https:\\\/\\\/resources.fieldpiece.com\\\/wp-content\\\/uploads\\\/2021\\\/02\\\/Logos-490x358-1.jpg\",\"contentUrl\":\"https:\\\/\\\/resources.fieldpiece.com\\\/wp-content\\\/uploads\\\/2021\\\/02\\\/Logos-490x358-1.jpg\",\"width\":490,\"height\":358,\"caption\":\"Fieldpiece Instruments\"},\"image\":{\"@id\":\"https:\\\/\\\/www.fieldpiece.com\\\/fr\\\/#\\\/schema\\\/logo\\\/image\\\/\"}}]}<\/script>\n<!-- \/ Yoast SEO plugin. -->","yoast_head_json":{"title":"JL3LC - Grande pince de serrage du syst\u00e8me Job Link\u00ae - Fieldpiece Instruments","robots":{"index":"index","follow":"follow","max-snippet":"max-snippet:-1","max-image-preview":"max-image-preview:large","max-video-preview":"max-video-preview:-1"},"canonical":"https:\/\/www.fieldpiece.com\/fr\/produit\/jl3lc-large-pipe-clamp\/","og_locale":"fr_FR","og_type":"article","og_title":"JL3LC - Grande pince de serrage du syst\u00e8me Job Link\u00ae - Fieldpiece Instruments","og_description":"Parfait pour les applications commerciales et de r\u00e9frig\u00e9ration Commande d&rsquo;une seule main Extr\u00eamement pr\u00e9cise et rapide Compacte Poign\u00e9e ergonomique confortable ...","og_url":"https:\/\/www.fieldpiece.com\/fr\/produit\/jl3lc-large-pipe-clamp\/","og_site_name":"Fieldpiece Instruments","article_modified_time":"2021-11-01T06:45:30+00:00","og_image":[{"width":470,"height":470,"url":"https:\/\/www.fieldpiece.com\/wp-content\/uploads\/2021\/01\/JL3LC-470x470-01.png","type":"image\/png"}],"twitter_card":"summary_large_image","twitter_misc":{"Dur\u00e9e de lecture estim\u00e9e":"2 minutes"},"schema":{"@context":"https:\/\/schema.org","@graph":[{"@type":"WebPage","@id":"https:\/\/www.fieldpiece.com\/fr\/produit\/jl3lc-large-pipe-clamp\/","url":"https:\/\/www.fieldpiece.com\/fr\/produit\/jl3lc-large-pipe-clamp\/","name":"JL3LC - Grande pince de serrage du syst\u00e8me Job Link\u00ae - Fieldpiece Instruments","isPartOf":{"@id":"https:\/\/www.fieldpiece.com\/fr\/#website"},"primaryImageOfPage":{"@id":"https:\/\/www.fieldpiece.com\/fr\/produit\/jl3lc-large-pipe-clamp\/#primaryimage"},"image":{"@id":"https:\/\/www.fieldpiece.com\/fr\/produit\/jl3lc-large-pipe-clamp\/#primaryimage"},"thumbnailUrl":"https:\/\/resources.fieldpiece.com\/wp-content\/uploads\/2021\/01\/JL3LC-470x470-01.png","datePublished":"2021-01-22T11:26:24+00:00","dateModified":"2021-11-01T06:45:30+00:00","breadcrumb":{"@id":"https:\/\/www.fieldpiece.com\/fr\/produit\/jl3lc-large-pipe-clamp\/#breadcrumb"},"inLanguage":"fr-FR","potentialAction":[{"@type":"ReadAction","target":["https:\/\/www.fieldpiece.com\/fr\/produit\/jl3lc-large-pipe-clamp\/"]}]},{"@type":"ImageObject","inLanguage":"fr-FR","@id":"https:\/\/www.fieldpiece.com\/fr\/produit\/jl3lc-large-pipe-clamp\/#primaryimage","url":"https:\/\/resources.fieldpiece.com\/wp-content\/uploads\/2021\/01\/JL3LC-470x470-01.png","contentUrl":"https:\/\/resources.fieldpiece.com\/wp-content\/uploads\/2021\/01\/JL3LC-470x470-01.png","width":470,"height":470,"caption":"JL3LC Job Link\u00ae Wireless Large Thermocouple Pipe Clamp"},{"@type":"BreadcrumbList","@id":"https:\/\/www.fieldpiece.com\/fr\/produit\/jl3lc-large-pipe-clamp\/#breadcrumb","itemListElement":[{"@type":"ListItem","position":1,"name":"Home","item":"https:\/\/www.fieldpiece.com\/fr\/"},{"@type":"ListItem","position":2,"name":"Shop","item":"https:\/\/www.fieldpiece.com\/shop\/"},{"@type":"ListItem","position":3,"name":"JL3LC &#8211; Grande pince de serrage du syst\u00e8me Job Link\u00ae"}]},{"@type":"WebSite","@id":"https:\/\/www.fieldpiece.com\/fr\/#website","url":"https:\/\/www.fieldpiece.com\/fr\/","name":"Fieldpiece Instruments","description":"","publisher":{"@id":"https:\/\/www.fieldpiece.com\/fr\/#organization"},"potentialAction":[{"@type":"SearchAction","target":{"@type":"EntryPoint","urlTemplate":"https:\/\/www.fieldpiece.com\/fr\/?s={search_term_string}"},"query-input":{"@type":"PropertyValueSpecification","valueRequired":true,"valueName":"search_term_string"}}],"inLanguage":"fr-FR"},{"@type":"Organization","@id":"https:\/\/www.fieldpiece.com\/fr\/#organization","name":"Fieldpiece Instruments","url":"https:\/\/www.fieldpiece.com\/fr\/","logo":{"@type":"ImageObject","inLanguage":"fr-FR","@id":"https:\/\/www.fieldpiece.com\/fr\/#\/schema\/logo\/image\/","url":"https:\/\/resources.fieldpiece.com\/wp-content\/uploads\/2021\/02\/Logos-490x358-1.jpg","contentUrl":"https:\/\/resources.fieldpiece.com\/wp-content\/uploads\/2021\/02\/Logos-490x358-1.jpg","width":490,"height":358,"caption":"Fieldpiece Instruments"},"image":{"@id":"https:\/\/www.fieldpiece.com\/fr\/#\/schema\/logo\/image\/"}}]}},"_links":{"self":[{"href":"https:\/\/www.fieldpiece.com\/fr\/wp-json\/wp\/v2\/product\/26926","targetHints":{"allow":["GET"]}}],"collection":[{"href":"https:\/\/www.fieldpiece.com\/fr\/wp-json\/wp\/v2\/product"}],"about":[{"href":"https:\/\/www.fieldpiece.com\/fr\/wp-json\/wp\/v2\/types\/product"}],"replies":[{"embeddable":true,"href":"https:\/\/www.fieldpiece.com\/fr\/wp-json\/wp\/v2\/comments?post=26926"}],"wp:featuredmedia":[{"embeddable":true,"href":"https:\/\/www.fieldpiece.com\/fr\/wp-json\/wp\/v2\/media\/26934"}],"wp:attachment":[{"href":"https:\/\/www.fieldpiece.com\/fr\/wp-json\/wp\/v2\/media?parent=26926"}],"wp:term":[{"taxonomy":"product_brand","embeddable":true,"href":"https:\/\/www.fieldpiece.com\/fr\/wp-json\/wp\/v2\/product_brand?post=26926"},{"taxonomy":"product_cat","embeddable":true,"href":"https:\/\/www.fieldpiece.com\/fr\/wp-json\/wp\/v2\/product_cat?post=26926"},{"taxonomy":"product_tag","embeddable":true,"href":"https:\/\/www.fieldpiece.com\/fr\/wp-json\/wp\/v2\/product_tag?post=26926"}],"curies":[{"name":"wp","href":"https:\/\/api.w.org\/{rel}","templated":true}]}}