	{"id":26827,"date":"2021-01-22T03:56:15","date_gmt":"2021-01-22T11:56:15","guid":{"rendered":"https:\/\/www.fieldpiece.com\/product\/jl3mn-job-link-system-manometer\/"},"modified":"2021-08-05T04:05:30","modified_gmt":"2021-08-05T11:05:30","slug":"jl3mn-job-link-system-manometer","status":"publish","type":"product","link":"https:\/\/www.fieldpiece.com\/fr\/produit\/jl3mn-job-link-system-manometer\/","title":{"rendered":"JL3MN \u2013 Manom\u00e8tre du syst\u00e8me Job Link\u00ae"},"content":{"rendered":"<ul>\n<li style=\"font-weight: 400;\"><span style=\"font-weight: 400;\">Port\u00e9e sans fil de 305\u00a0m (1\u00a0000\u00a0pi) <\/span><\/li>\n<li style=\"font-weight: 400;\"><span style=\"font-weight: 400;\">Mise en place pr\u00e9cise avec flexibles plus courts et plus pratiques <\/span><\/li>\n<li style=\"font-weight: 400;\"><span style=\"font-weight: 400;\">Pression statique, de gaz et de tirage, tout-en-un<\/span><\/li>\n<li style=\"font-weight: 400;\"><span style=\"font-weight: 400;\">Enregistre un maximum de huit relev\u00e9s \u00e0 la fois dans l&rsquo;application Job Link <\/span><\/li>\n<\/ul>\n<p><b>Compl\u00e8tement autonome.<\/b><\/p>\n<p><span style=\"font-weight: 400;\">Le manom\u00e8tre JL3MN fait partie du syst\u00e8me Job Link\u00ae et vous permet de travailler selon vos pr\u00e9f\u00e9rences. Son aimant puissant vous permet de placer la sonde directement sur un port de test et ses flexibles courts ne s&rsquo;enchev\u00eatrent pas.\u00a0<\/span><\/p>\n<p><b>Polyvalent et durable.<\/b><\/p>\n<p><span style=\"font-weight: 400;\">Le JL3MN est un instrument de mesure fiable, pr\u00e9cis et durable dot\u00e9 d&rsquo;un embout en m\u00e9tal robuste adapt\u00e9 \u00e0 diff\u00e9rentes tailles de flexible. C&rsquo;est l&rsquo;outil id\u00e9al pour prendre une mesure unique de la pression de gaz et il fonctionne sans fil avec l&rsquo;application Job Link.<\/span><\/p>\n<p><strong>Inclus\u00a0:<\/strong><\/p>\n<ul>\n<li style=\"font-weight: 400;\"><span style=\"font-weight: 400;\">(1) Sonde de manom\u00e8tre JL3MN \u00a0<\/span><\/li>\n<li style=\"font-weight: 400;\"><span style=\"font-weight: 400;\">(1) Sonde de pression statique et flexible ASP2 \u00a0<\/span><\/li>\n<li style=\"font-weight: 400;\"><span style=\"font-weight: 400;\">(1) Raccord \u00e0 vis en laiton avec flexible suppl\u00e9mentaire <\/span><\/li>\n<li style=\"font-weight: 400;\"><span style=\"font-weight: 400;\">(1) Adaptateur coulissant pour gaz <\/span><\/li>\n<li style=\"font-weight: 400;\"><span style=\"font-weight: 400;\">(2) Piles AAA<\/span><\/li>\n<\/ul>\n","protected":false},"excerpt":{"rendered":"<p>Port\u00e9e sans fil de 305\u00a0m (1\u00a0000\u00a0pi) Mise en place pr\u00e9cise avec flexibles plus courts et plus pratiques Pression statique, de &#8230;<\/p>\n","protected":false},"featured_media":26838,"comment_status":"open","ping_status":"closed","template":"","meta":{"_acf_changed":false},"product_brand":[],"product_cat":[138,139,231,208],"product_tag":[],"class_list":{"0":"post-26827","1":"product","2":"type-product","3":"status-publish","4":"has-post-thumbnail","6":"product_cat-combustion-fr-2","7":"product_cat-manometers-fr-2","8":"product_cat-probes-fr","9":"product_cat-job-link-system","11":"first","12":"instock","13":"shipping-taxable","14":"product-type-simple"},"acf":[],"yoast_head":"<!-- This site is optimized with the Yoast SEO plugin v27.2 - https:\/\/yoast.com\/product\/yoast-seo-wordpress\/ -->\n<title>JL3MN \u2013 Manom\u00e8tre du syst\u00e8me Job Link\u00ae - Fieldpiece Instruments<\/title>\n<meta name=\"robots\" content=\"index, follow, max-snippet:-1, max-image-preview:large, max-video-preview:-1\" \/>\n<link rel=\"canonical\" href=\"https:\/\/www.fieldpiece.com\/fr\/produit\/jl3mn-job-link-system-manometer\/\" \/>\n<meta property=\"og:locale\" content=\"fr_FR\" \/>\n<meta property=\"og:type\" content=\"article\" \/>\n<meta property=\"og:title\" content=\"JL3MN \u2013 Manom\u00e8tre du syst\u00e8me Job Link\u00ae - Fieldpiece Instruments\" \/>\n<meta property=\"og:description\" content=\"Port\u00e9e sans fil de 305\u00a0m (1\u00a0000\u00a0pi) Mise en place pr\u00e9cise avec flexibles plus courts et plus pratiques Pression statique, de ...\" \/>\n<meta property=\"og:url\" content=\"https:\/\/www.fieldpiece.com\/fr\/produit\/jl3mn-job-link-system-manometer\/\" \/>\n<meta property=\"og:site_name\" content=\"Fieldpiece Instruments\" \/>\n<meta property=\"article:modified_time\" content=\"2021-08-05T11:05:30+00:00\" \/>\n<meta property=\"og:image\" content=\"https:\/\/resources.fieldpiece.com\/wp-content\/uploads\/2021\/01\/JL3-Probes-470x470-03.png\" \/>\n\t<meta property=\"og:image:width\" content=\"470\" \/>\n\t<meta property=\"og:image:height\" content=\"470\" \/>\n\t<meta property=\"og:image:type\" content=\"image\/png\" \/>\n<meta name=\"twitter:card\" content=\"summary_large_image\" \/>\n<meta name=\"twitter:label1\" content=\"Dur\u00e9e de lecture estim\u00e9e\" \/>\n\t<meta name=\"twitter:data1\" content=\"1 minute\" \/>\n<script type=\"application\/ld+json\" class=\"yoast-schema-graph\">{\"@context\":\"https:\/\/schema.org\",\"@graph\":[{\"@type\":\"WebPage\",\"@id\":\"https:\/\/www.fieldpiece.com\/fr\/produit\/jl3mn-job-link-system-manometer\/\",\"url\":\"https:\/\/www.fieldpiece.com\/fr\/produit\/jl3mn-job-link-system-manometer\/\",\"name\":\"JL3MN \u2013 Manom\u00e8tre du syst\u00e8me Job Link\u00ae - Fieldpiece Instruments\",\"isPartOf\":{\"@id\":\"https:\/\/www.fieldpiece.com\/fr\/#website\"},\"primaryImageOfPage\":{\"@id\":\"https:\/\/www.fieldpiece.com\/fr\/produit\/jl3mn-job-link-system-manometer\/#primaryimage\"},\"image\":{\"@id\":\"https:\/\/www.fieldpiece.com\/fr\/produit\/jl3mn-job-link-system-manometer\/#primaryimage\"},\"thumbnailUrl\":\"https:\/\/resources.fieldpiece.com\/wp-content\/uploads\/2021\/01\/JL3-Probes-470x470-03.png\",\"datePublished\":\"2021-01-22T11:56:15+00:00\",\"dateModified\":\"2021-08-05T11:05:30+00:00\",\"breadcrumb\":{\"@id\":\"https:\/\/www.fieldpiece.com\/fr\/produit\/jl3mn-job-link-system-manometer\/#breadcrumb\"},\"inLanguage\":\"fr-FR\",\"potentialAction\":[{\"@type\":\"ReadAction\",\"target\":[\"https:\/\/www.fieldpiece.com\/fr\/produit\/jl3mn-job-link-system-manometer\/\"]}]},{\"@type\":\"ImageObject\",\"inLanguage\":\"fr-FR\",\"@id\":\"https:\/\/www.fieldpiece.com\/fr\/produit\/jl3mn-job-link-system-manometer\/#primaryimage\",\"url\":\"https:\/\/resources.fieldpiece.com\/wp-content\/uploads\/2021\/01\/JL3-Probes-470x470-03.png\",\"contentUrl\":\"https:\/\/resources.fieldpiece.com\/wp-content\/uploads\/2021\/01\/JL3-Probes-470x470-03.png\",\"width\":470,\"height\":470,\"caption\":\"JL3MN - Job Link Single Port Wireless Manometer\"},{\"@type\":\"BreadcrumbList\",\"@id\":\"https:\/\/www.fieldpiece.com\/fr\/produit\/jl3mn-job-link-system-manometer\/#breadcrumb\",\"itemListElement\":[{\"@type\":\"ListItem\",\"position\":1,\"name\":\"Home\",\"item\":\"https:\/\/www.fieldpiece.com\/fr\/\"},{\"@type\":\"ListItem\",\"position\":2,\"name\":\"Shop\",\"item\":\"https:\/\/www.fieldpiece.com\/shop\/\"},{\"@type\":\"ListItem\",\"position\":3,\"name\":\"JL3MN \u2013 Manom\u00e8tre du syst\u00e8me Job Link\u00ae\"}]},{\"@type\":\"WebSite\",\"@id\":\"https:\/\/www.fieldpiece.com\/fr\/#website\",\"url\":\"https:\/\/www.fieldpiece.com\/fr\/\",\"name\":\"Fieldpiece Instruments\",\"description\":\"\",\"publisher\":{\"@id\":\"https:\/\/www.fieldpiece.com\/fr\/#organization\"},\"potentialAction\":[{\"@type\":\"SearchAction\",\"target\":{\"@type\":\"EntryPoint\",\"urlTemplate\":\"https:\/\/www.fieldpiece.com\/fr\/?s={search_term_string}\"},\"query-input\":{\"@type\":\"PropertyValueSpecification\",\"valueRequired\":true,\"valueName\":\"search_term_string\"}}],\"inLanguage\":\"fr-FR\"},{\"@type\":\"Organization\",\"@id\":\"https:\/\/www.fieldpiece.com\/fr\/#organization\",\"name\":\"Fieldpiece Instruments\",\"url\":\"https:\/\/www.fieldpiece.com\/fr\/\",\"logo\":{\"@type\":\"ImageObject\",\"inLanguage\":\"fr-FR\",\"@id\":\"https:\/\/www.fieldpiece.com\/fr\/#\/schema\/logo\/image\/\",\"url\":\"https:\/\/resources.fieldpiece.com\/wp-content\/uploads\/2021\/02\/Logos-490x358-1.jpg\",\"contentUrl\":\"https:\/\/resources.fieldpiece.com\/wp-content\/uploads\/2021\/02\/Logos-490x358-1.jpg\",\"width\":490,\"height\":358,\"caption\":\"Fieldpiece Instruments\"},\"image\":{\"@id\":\"https:\/\/www.fieldpiece.com\/fr\/#\/schema\/logo\/image\/\"}}]}<\/script>\n<!-- \/ Yoast SEO plugin. -->","yoast_head_json":{"title":"JL3MN \u2013 Manom\u00e8tre du syst\u00e8me Job Link\u00ae - Fieldpiece Instruments","robots":{"index":"index","follow":"follow","max-snippet":"max-snippet:-1","max-image-preview":"max-image-preview:large","max-video-preview":"max-video-preview:-1"},"canonical":"https:\/\/www.fieldpiece.com\/fr\/produit\/jl3mn-job-link-system-manometer\/","og_locale":"fr_FR","og_type":"article","og_title":"JL3MN \u2013 Manom\u00e8tre du syst\u00e8me Job Link\u00ae - Fieldpiece Instruments","og_description":"Port\u00e9e sans fil de 305\u00a0m (1\u00a0000\u00a0pi) Mise en place pr\u00e9cise avec flexibles plus courts et plus pratiques Pression statique, de ...","og_url":"https:\/\/www.fieldpiece.com\/fr\/produit\/jl3mn-job-link-system-manometer\/","og_site_name":"Fieldpiece Instruments","article_modified_time":"2021-08-05T11:05:30+00:00","og_image":[{"width":470,"height":470,"url":"https:\/\/resources.fieldpiece.com\/wp-content\/uploads\/2021\/01\/JL3-Probes-470x470-03.png","type":"image\/png"}],"twitter_card":"summary_large_image","twitter_misc":{"Dur\u00e9e de lecture estim\u00e9e":"1 minute"},"schema":{"@context":"https:\/\/schema.org","@graph":[{"@type":"WebPage","@id":"https:\/\/www.fieldpiece.com\/fr\/produit\/jl3mn-job-link-system-manometer\/","url":"https:\/\/www.fieldpiece.com\/fr\/produit\/jl3mn-job-link-system-manometer\/","name":"JL3MN \u2013 Manom\u00e8tre du syst\u00e8me Job Link\u00ae - Fieldpiece Instruments","isPartOf":{"@id":"https:\/\/www.fieldpiece.com\/fr\/#website"},"primaryImageOfPage":{"@id":"https:\/\/www.fieldpiece.com\/fr\/produit\/jl3mn-job-link-system-manometer\/#primaryimage"},"image":{"@id":"https:\/\/www.fieldpiece.com\/fr\/produit\/jl3mn-job-link-system-manometer\/#primaryimage"},"thumbnailUrl":"https:\/\/resources.fieldpiece.com\/wp-content\/uploads\/2021\/01\/JL3-Probes-470x470-03.png","datePublished":"2021-01-22T11:56:15+00:00","dateModified":"2021-08-05T11:05:30+00:00","breadcrumb":{"@id":"https:\/\/www.fieldpiece.com\/fr\/produit\/jl3mn-job-link-system-manometer\/#breadcrumb"},"inLanguage":"fr-FR","potentialAction":[{"@type":"ReadAction","target":["https:\/\/www.fieldpiece.com\/fr\/produit\/jl3mn-job-link-system-manometer\/"]}]},{"@type":"ImageObject","inLanguage":"fr-FR","@id":"https:\/\/www.fieldpiece.com\/fr\/produit\/jl3mn-job-link-system-manometer\/#primaryimage","url":"https:\/\/resources.fieldpiece.com\/wp-content\/uploads\/2021\/01\/JL3-Probes-470x470-03.png","contentUrl":"https:\/\/resources.fieldpiece.com\/wp-content\/uploads\/2021\/01\/JL3-Probes-470x470-03.png","width":470,"height":470,"caption":"JL3MN - Job Link Single Port Wireless Manometer"},{"@type":"BreadcrumbList","@id":"https:\/\/www.fieldpiece.com\/fr\/produit\/jl3mn-job-link-system-manometer\/#breadcrumb","itemListElement":[{"@type":"ListItem","position":1,"name":"Home","item":"https:\/\/www.fieldpiece.com\/fr\/"},{"@type":"ListItem","position":2,"name":"Shop","item":"https:\/\/www.fieldpiece.com\/shop\/"},{"@type":"ListItem","position":3,"name":"JL3MN \u2013 Manom\u00e8tre du syst\u00e8me Job Link\u00ae"}]},{"@type":"WebSite","@id":"https:\/\/www.fieldpiece.com\/fr\/#website","url":"https:\/\/www.fieldpiece.com\/fr\/","name":"Fieldpiece Instruments","description":"","publisher":{"@id":"https:\/\/www.fieldpiece.com\/fr\/#organization"},"potentialAction":[{"@type":"SearchAction","target":{"@type":"EntryPoint","urlTemplate":"https:\/\/www.fieldpiece.com\/fr\/?s={search_term_string}"},"query-input":{"@type":"PropertyValueSpecification","valueRequired":true,"valueName":"search_term_string"}}],"inLanguage":"fr-FR"},{"@type":"Organization","@id":"https:\/\/www.fieldpiece.com\/fr\/#organization","name":"Fieldpiece Instruments","url":"https:\/\/www.fieldpiece.com\/fr\/","logo":{"@type":"ImageObject","inLanguage":"fr-FR","@id":"https:\/\/www.fieldpiece.com\/fr\/#\/schema\/logo\/image\/","url":"https:\/\/resources.fieldpiece.com\/wp-content\/uploads\/2021\/02\/Logos-490x358-1.jpg","contentUrl":"https:\/\/resources.fieldpiece.com\/wp-content\/uploads\/2021\/02\/Logos-490x358-1.jpg","width":490,"height":358,"caption":"Fieldpiece Instruments"},"image":{"@id":"https:\/\/www.fieldpiece.com\/fr\/#\/schema\/logo\/image\/"}}]}},"_links":{"self":[{"href":"https:\/\/www.fieldpiece.com\/fr\/wp-json\/wp\/v2\/product\/26827","targetHints":{"allow":["GET"]}}],"collection":[{"href":"https:\/\/www.fieldpiece.com\/fr\/wp-json\/wp\/v2\/product"}],"about":[{"href":"https:\/\/www.fieldpiece.com\/fr\/wp-json\/wp\/v2\/types\/product"}],"replies":[{"embeddable":true,"href":"https:\/\/www.fieldpiece.com\/fr\/wp-json\/wp\/v2\/comments?post=26827"}],"wp:featuredmedia":[{"embeddable":true,"href":"https:\/\/www.fieldpiece.com\/fr\/wp-json\/wp\/v2\/media\/26838"}],"wp:attachment":[{"href":"https:\/\/www.fieldpiece.com\/fr\/wp-json\/wp\/v2\/media?parent=26827"}],"wp:term":[{"taxonomy":"product_brand","embeddable":true,"href":"https:\/\/www.fieldpiece.com\/fr\/wp-json\/wp\/v2\/product_brand?post=26827"},{"taxonomy":"product_cat","embeddable":true,"href":"https:\/\/www.fieldpiece.com\/fr\/wp-json\/wp\/v2\/product_cat?post=26827"},{"taxonomy":"product_tag","embeddable":true,"href":"https:\/\/www.fieldpiece.com\/fr\/wp-json\/wp\/v2\/product_tag?post=26827"}],"curies":[{"name":"wp","href":"https:\/\/api.w.org\/{rel}","templated":true}]}}