	{"id":20587,"date":"2021-01-22T04:12:37","date_gmt":"2021-01-22T12:12:37","guid":{"rendered":"https:\/\/www.fieldpiece.com\/product\/tc48-large-pipe-clamp\/"},"modified":"2021-08-05T03:28:50","modified_gmt":"2021-08-05T10:28:50","slug":"tc48-large-pipe-clamp","status":"publish","type":"product","link":"https:\/\/www.fieldpiece.com\/fr\/produit\/tc48-large-pipe-clamp\/","title":{"rendered":"TC48 \u2013 Grande pince de serrage"},"content":{"rendered":"<ul>\n<li style=\"font-weight: 400;\"><span style=\"font-weight: 400;\">Adapt\u00e9e aux tuyaux de 1,9 \u00e0 10,5\u00a0cm (3\/4 \u00e0 4\u00a01\/8\u00a0po) de diam\u00e8tre<\/span><\/li>\n<li>Parfait pour les applications commerciales et de r\u00e9frig\u00e9ration<\/li>\n<li>Commande d&rsquo;une seule main<\/li>\n<li>Extr\u00eamement pr\u00e9cis et rapide<\/li>\n<li>Conception compacte<\/li>\n<li>Prise ergonomique et confortable<\/li>\n<li style=\"font-weight: 400;\"><span style=\"font-weight: 400;\">La technologie de capteur Rapid Rail\u2122 mesure la temp\u00e9rature rapidement<\/span><\/li>\n<\/ul>\n<p><b>Plus grande et plus pr\u00e9cise.<\/b><span style=\"font-weight: 400;\"><br \/>\n<\/span><span style=\"font-weight: 400;\">Si vous avez besoin de faire des relev\u00e9s de temp\u00e9rature sur des tuyaux plus gros, procurez-vous une grande pince de serrage TC48.  Cette pince utilise la technologie de capteur Rapid Rail\u2122 pour mesurer la temp\u00e9rature rapidement \u2013 en un clin d&rsquo;\u0153il. Elle n&rsquo;est affect\u00e9e ni par l&rsquo;air ambiant, ni par le vent, ni par l&rsquo;humidit\u00e9 \u00e0 la surface du tuyau. La pince de serrage TC48, qui mesure 10,5\u00a0cm (4\u00a01\/8\u00a0po), est la plus grande sur le march\u00e9 et est parfaitement adapt\u00e9e aux applications commerciales et de r\u00e9frig\u00e9ration.<\/span><\/p>\n<p><b>Elle est grande, sans \u00eatre trop grande.<\/b><\/p>\n<p><span style=\"font-weight: 400;\">Nous avons con\u00e7u la TC48 pour pouvoir l&rsquo;utiliser d&rsquo;une seule main et atteindre les tuyaux difficiles d&rsquo;acc\u00e8s. Et gr\u00e2ce \u00e0 son cordon extra-long de 1,8\u00a0m (6\u00a0pi), plus besoin de s&rsquo;accroupir pour relever la temp\u00e9rature des tuyaux.<\/span><\/p>\n<p><span style=\"font-weight: 400;\">La pince TC48 est dot\u00e9e des caract\u00e9ristiques suivantes\u00a0:<\/span><\/p>\n<ul>\n<li style=\"font-weight: 400;\"><span style=\"font-weight: 400;\">Compatibilit\u00e9 des surfaces de contact des tuyaux conducteurs<\/span><\/li>\n<li style=\"font-weight: 400;\"><span style=\"font-weight: 400;\">Ouverture des m\u00e2choires adapt\u00e9e aux tuyaux de 1,9 \u00e0 10,5\u00a0cm (3\/4 \u00e0 4\u00a01\/8\u00a0po) de diam\u00e8tre\u00a0<\/span><\/li>\n<li style=\"font-weight: 400;\"><span style=\"font-weight: 400;\">Thermocouple \u00e0 technologie de capteur Rapid Rail\u2122 (nickel chrome\/nickel aluminium)<\/span><\/li>\n<li style=\"font-weight: 400;\"><span style=\"font-weight: 400;\">Mini-fiche m\u00e2le de type\u00a0K universelle<\/span><\/li>\n<li style=\"font-weight: 400;\"><span style=\"font-weight: 400;\">Plage de mesures\u00a0: -46 \u00e0 125\u00a0\u00b0C (-50 \u00e0 257\u00a0\u00b0F)<\/span><\/li>\n<li style=\"font-weight: 400;\"><span style=\"font-weight: 400;\">Stabilisation en quelques secondes<\/span><\/li>\n<li style=\"font-weight: 400;\"><span style=\"font-weight: 400;\">\u00b10,6\u00a0\u00b0C (\u00b11,0\u00a0\u00b0F) apr\u00e8s \u00e9talonnage sur le terrain<\/span><\/li>\n<li style=\"font-weight: 400;\"><span style=\"font-weight: 400;\">\u00c9tanche \u00e0 l&rsquo;eau, robuste et con\u00e7ue pour r\u00e9sister aux rigueurs de l\u2019utilisation sur le terrain<\/span><\/li>\n<li style=\"font-weight: 400;\"><span style=\"font-weight: 400;\">Conforme aux exigences du titre 24 de l\u2019\u00c9tat de Californie<\/span><\/li>\n<\/ul>\n<p><strong>Inclus\u00a0:<\/strong><\/p>\n<ul>\n<li><span style=\"font-weight: 400;\">(1) Thermocouple \u00e0 grande pince de serrage TC48<\/span><\/li>\n<li><span style=\"font-weight: 400;\">(1) Toile \u00e9meri pour nettoyer les tuyaux<\/span><\/li>\n<\/ul>\n","protected":false},"excerpt":{"rendered":"<p>Adapt\u00e9e aux tuyaux de 1,9 \u00e0 10,5\u00a0cm (3\/4 \u00e0 4\u00a01\/8\u00a0po) de diam\u00e8tre Parfait pour les applications commerciales et de r\u00e9frig\u00e9ration &#8230;<\/p>\n","protected":false},"featured_media":20588,"comment_status":"open","ping_status":"closed","template":"","meta":{"_acf_changed":false},"product_brand":[],"product_cat":[158,272],"product_tag":[],"class_list":{"0":"post-20587","1":"product","2":"type-product","3":"status-publish","4":"has-post-thumbnail","6":"product_cat-other-fr-2","7":"product_cat-thermocouples-fr","9":"first","10":"instock","11":"shipping-taxable","12":"product-type-simple"},"acf":[],"yoast_head":"<!-- This site is optimized with the Yoast SEO plugin v27.2 - https:\/\/yoast.com\/product\/yoast-seo-wordpress\/ -->\n<title>TC48 \u2013 Grande pince de serrage - Fieldpiece Instruments<\/title>\n<meta name=\"robots\" content=\"index, follow, max-snippet:-1, max-image-preview:large, max-video-preview:-1\" \/>\n<link rel=\"canonical\" href=\"https:\/\/www.fieldpiece.com\/fr\/produit\/tc48-large-pipe-clamp\/\" \/>\n<meta property=\"og:locale\" content=\"fr_FR\" \/>\n<meta property=\"og:type\" content=\"article\" \/>\n<meta property=\"og:title\" content=\"TC48 \u2013 Grande pince de serrage - Fieldpiece Instruments\" \/>\n<meta property=\"og:description\" content=\"Adapt\u00e9e aux tuyaux de 1,9 \u00e0 10,5\u00a0cm (3\/4 \u00e0 4\u00a01\/8\u00a0po) de diam\u00e8tre Parfait pour les applications commerciales et de r\u00e9frig\u00e9ration ...\" \/>\n<meta property=\"og:url\" content=\"https:\/\/www.fieldpiece.com\/fr\/produit\/tc48-large-pipe-clamp\/\" \/>\n<meta property=\"og:site_name\" content=\"Fieldpiece Instruments\" \/>\n<meta property=\"article:modified_time\" content=\"2021-08-05T10:28:50+00:00\" \/>\n<meta property=\"og:image\" content=\"https:\/\/www.fieldpiece.com\/wp-content\/uploads\/2021\/01\/TC48-470x470-Product.png\" \/>\n\t<meta property=\"og:image:width\" content=\"470\" \/>\n\t<meta property=\"og:image:height\" content=\"470\" \/>\n\t<meta property=\"og:image:type\" content=\"image\/png\" \/>\n<meta name=\"twitter:card\" content=\"summary_large_image\" \/>\n<meta name=\"twitter:label1\" content=\"Dur\u00e9e de lecture estim\u00e9e\" \/>\n\t<meta name=\"twitter:data1\" content=\"1 minute\" \/>\n<script type=\"application\/ld+json\" class=\"yoast-schema-graph\">{\"@context\":\"https:\/\/schema.org\",\"@graph\":[{\"@type\":\"WebPage\",\"@id\":\"https:\/\/www.fieldpiece.com\/fr\/produit\/tc48-large-pipe-clamp\/\",\"url\":\"https:\/\/www.fieldpiece.com\/fr\/produit\/tc48-large-pipe-clamp\/\",\"name\":\"TC48 \u2013 Grande pince de serrage - Fieldpiece Instruments\",\"isPartOf\":{\"@id\":\"https:\/\/www.fieldpiece.com\/fr\/#website\"},\"primaryImageOfPage\":{\"@id\":\"https:\/\/www.fieldpiece.com\/fr\/produit\/tc48-large-pipe-clamp\/#primaryimage\"},\"image\":{\"@id\":\"https:\/\/www.fieldpiece.com\/fr\/produit\/tc48-large-pipe-clamp\/#primaryimage\"},\"thumbnailUrl\":\"https:\/\/resources.fieldpiece.com\/wp-content\/uploads\/2021\/01\/TC48-470x470-Product.png\",\"datePublished\":\"2021-01-22T12:12:37+00:00\",\"dateModified\":\"2021-08-05T10:28:50+00:00\",\"breadcrumb\":{\"@id\":\"https:\/\/www.fieldpiece.com\/fr\/produit\/tc48-large-pipe-clamp\/#breadcrumb\"},\"inLanguage\":\"fr-FR\",\"potentialAction\":[{\"@type\":\"ReadAction\",\"target\":[\"https:\/\/www.fieldpiece.com\/fr\/produit\/tc48-large-pipe-clamp\/\"]}]},{\"@type\":\"ImageObject\",\"inLanguage\":\"fr-FR\",\"@id\":\"https:\/\/www.fieldpiece.com\/fr\/produit\/tc48-large-pipe-clamp\/#primaryimage\",\"url\":\"https:\/\/resources.fieldpiece.com\/wp-content\/uploads\/2021\/01\/TC48-470x470-Product.png\",\"contentUrl\":\"https:\/\/resources.fieldpiece.com\/wp-content\/uploads\/2021\/01\/TC48-470x470-Product.png\",\"width\":470,\"height\":470,\"caption\":\"Large Pipe Clamp\"},{\"@type\":\"BreadcrumbList\",\"@id\":\"https:\/\/www.fieldpiece.com\/fr\/produit\/tc48-large-pipe-clamp\/#breadcrumb\",\"itemListElement\":[{\"@type\":\"ListItem\",\"position\":1,\"name\":\"Home\",\"item\":\"https:\/\/www.fieldpiece.com\/fr\/\"},{\"@type\":\"ListItem\",\"position\":2,\"name\":\"Shop\",\"item\":\"https:\/\/www.fieldpiece.com\/shop\/\"},{\"@type\":\"ListItem\",\"position\":3,\"name\":\"TC48 \u2013 Grande pince de serrage\"}]},{\"@type\":\"WebSite\",\"@id\":\"https:\/\/www.fieldpiece.com\/fr\/#website\",\"url\":\"https:\/\/www.fieldpiece.com\/fr\/\",\"name\":\"Fieldpiece Instruments\",\"description\":\"\",\"publisher\":{\"@id\":\"https:\/\/www.fieldpiece.com\/fr\/#organization\"},\"potentialAction\":[{\"@type\":\"SearchAction\",\"target\":{\"@type\":\"EntryPoint\",\"urlTemplate\":\"https:\/\/www.fieldpiece.com\/fr\/?s={search_term_string}\"},\"query-input\":{\"@type\":\"PropertyValueSpecification\",\"valueRequired\":true,\"valueName\":\"search_term_string\"}}],\"inLanguage\":\"fr-FR\"},{\"@type\":\"Organization\",\"@id\":\"https:\/\/www.fieldpiece.com\/fr\/#organization\",\"name\":\"Fieldpiece Instruments\",\"url\":\"https:\/\/www.fieldpiece.com\/fr\/\",\"logo\":{\"@type\":\"ImageObject\",\"inLanguage\":\"fr-FR\",\"@id\":\"https:\/\/www.fieldpiece.com\/fr\/#\/schema\/logo\/image\/\",\"url\":\"https:\/\/resources.fieldpiece.com\/wp-content\/uploads\/2021\/02\/Logos-490x358-1.jpg\",\"contentUrl\":\"https:\/\/resources.fieldpiece.com\/wp-content\/uploads\/2021\/02\/Logos-490x358-1.jpg\",\"width\":490,\"height\":358,\"caption\":\"Fieldpiece Instruments\"},\"image\":{\"@id\":\"https:\/\/www.fieldpiece.com\/fr\/#\/schema\/logo\/image\/\"}}]}<\/script>\n<!-- \/ Yoast SEO plugin. -->","yoast_head_json":{"title":"TC48 \u2013 Grande pince de serrage - Fieldpiece Instruments","robots":{"index":"index","follow":"follow","max-snippet":"max-snippet:-1","max-image-preview":"max-image-preview:large","max-video-preview":"max-video-preview:-1"},"canonical":"https:\/\/www.fieldpiece.com\/fr\/produit\/tc48-large-pipe-clamp\/","og_locale":"fr_FR","og_type":"article","og_title":"TC48 \u2013 Grande pince de serrage - Fieldpiece Instruments","og_description":"Adapt\u00e9e aux tuyaux de 1,9 \u00e0 10,5\u00a0cm (3\/4 \u00e0 4\u00a01\/8\u00a0po) de diam\u00e8tre Parfait pour les applications commerciales et de r\u00e9frig\u00e9ration ...","og_url":"https:\/\/www.fieldpiece.com\/fr\/produit\/tc48-large-pipe-clamp\/","og_site_name":"Fieldpiece Instruments","article_modified_time":"2021-08-05T10:28:50+00:00","og_image":[{"width":470,"height":470,"url":"https:\/\/www.fieldpiece.com\/wp-content\/uploads\/2021\/01\/TC48-470x470-Product.png","type":"image\/png"}],"twitter_card":"summary_large_image","twitter_misc":{"Dur\u00e9e de lecture estim\u00e9e":"1 minute"},"schema":{"@context":"https:\/\/schema.org","@graph":[{"@type":"WebPage","@id":"https:\/\/www.fieldpiece.com\/fr\/produit\/tc48-large-pipe-clamp\/","url":"https:\/\/www.fieldpiece.com\/fr\/produit\/tc48-large-pipe-clamp\/","name":"TC48 \u2013 Grande pince de serrage - Fieldpiece Instruments","isPartOf":{"@id":"https:\/\/www.fieldpiece.com\/fr\/#website"},"primaryImageOfPage":{"@id":"https:\/\/www.fieldpiece.com\/fr\/produit\/tc48-large-pipe-clamp\/#primaryimage"},"image":{"@id":"https:\/\/www.fieldpiece.com\/fr\/produit\/tc48-large-pipe-clamp\/#primaryimage"},"thumbnailUrl":"https:\/\/resources.fieldpiece.com\/wp-content\/uploads\/2021\/01\/TC48-470x470-Product.png","datePublished":"2021-01-22T12:12:37+00:00","dateModified":"2021-08-05T10:28:50+00:00","breadcrumb":{"@id":"https:\/\/www.fieldpiece.com\/fr\/produit\/tc48-large-pipe-clamp\/#breadcrumb"},"inLanguage":"fr-FR","potentialAction":[{"@type":"ReadAction","target":["https:\/\/www.fieldpiece.com\/fr\/produit\/tc48-large-pipe-clamp\/"]}]},{"@type":"ImageObject","inLanguage":"fr-FR","@id":"https:\/\/www.fieldpiece.com\/fr\/produit\/tc48-large-pipe-clamp\/#primaryimage","url":"https:\/\/resources.fieldpiece.com\/wp-content\/uploads\/2021\/01\/TC48-470x470-Product.png","contentUrl":"https:\/\/resources.fieldpiece.com\/wp-content\/uploads\/2021\/01\/TC48-470x470-Product.png","width":470,"height":470,"caption":"Large Pipe Clamp"},{"@type":"BreadcrumbList","@id":"https:\/\/www.fieldpiece.com\/fr\/produit\/tc48-large-pipe-clamp\/#breadcrumb","itemListElement":[{"@type":"ListItem","position":1,"name":"Home","item":"https:\/\/www.fieldpiece.com\/fr\/"},{"@type":"ListItem","position":2,"name":"Shop","item":"https:\/\/www.fieldpiece.com\/shop\/"},{"@type":"ListItem","position":3,"name":"TC48 \u2013 Grande pince de serrage"}]},{"@type":"WebSite","@id":"https:\/\/www.fieldpiece.com\/fr\/#website","url":"https:\/\/www.fieldpiece.com\/fr\/","name":"Fieldpiece Instruments","description":"","publisher":{"@id":"https:\/\/www.fieldpiece.com\/fr\/#organization"},"potentialAction":[{"@type":"SearchAction","target":{"@type":"EntryPoint","urlTemplate":"https:\/\/www.fieldpiece.com\/fr\/?s={search_term_string}"},"query-input":{"@type":"PropertyValueSpecification","valueRequired":true,"valueName":"search_term_string"}}],"inLanguage":"fr-FR"},{"@type":"Organization","@id":"https:\/\/www.fieldpiece.com\/fr\/#organization","name":"Fieldpiece Instruments","url":"https:\/\/www.fieldpiece.com\/fr\/","logo":{"@type":"ImageObject","inLanguage":"fr-FR","@id":"https:\/\/www.fieldpiece.com\/fr\/#\/schema\/logo\/image\/","url":"https:\/\/resources.fieldpiece.com\/wp-content\/uploads\/2021\/02\/Logos-490x358-1.jpg","contentUrl":"https:\/\/resources.fieldpiece.com\/wp-content\/uploads\/2021\/02\/Logos-490x358-1.jpg","width":490,"height":358,"caption":"Fieldpiece Instruments"},"image":{"@id":"https:\/\/www.fieldpiece.com\/fr\/#\/schema\/logo\/image\/"}}]}},"_links":{"self":[{"href":"https:\/\/www.fieldpiece.com\/fr\/wp-json\/wp\/v2\/product\/20587","targetHints":{"allow":["GET"]}}],"collection":[{"href":"https:\/\/www.fieldpiece.com\/fr\/wp-json\/wp\/v2\/product"}],"about":[{"href":"https:\/\/www.fieldpiece.com\/fr\/wp-json\/wp\/v2\/types\/product"}],"replies":[{"embeddable":true,"href":"https:\/\/www.fieldpiece.com\/fr\/wp-json\/wp\/v2\/comments?post=20587"}],"wp:featuredmedia":[{"embeddable":true,"href":"https:\/\/www.fieldpiece.com\/fr\/wp-json\/wp\/v2\/media\/20588"}],"wp:attachment":[{"href":"https:\/\/www.fieldpiece.com\/fr\/wp-json\/wp\/v2\/media?parent=20587"}],"wp:term":[{"taxonomy":"product_brand","embeddable":true,"href":"https:\/\/www.fieldpiece.com\/fr\/wp-json\/wp\/v2\/product_brand?post=20587"},{"taxonomy":"product_cat","embeddable":true,"href":"https:\/\/www.fieldpiece.com\/fr\/wp-json\/wp\/v2\/product_cat?post=20587"},{"taxonomy":"product_tag","embeddable":true,"href":"https:\/\/www.fieldpiece.com\/fr\/wp-json\/wp\/v2\/product_tag?post=20587"}],"curies":[{"name":"wp","href":"https:\/\/api.w.org\/{rel}","templated":true}]}}