	{"id":17892,"date":"2020-11-02T11:26:44","date_gmt":"2020-11-02T11:26:44","guid":{"rendered":"https:\/\/www.fieldpiece.com\/product\/combustion-check-sox3\/"},"modified":"2021-12-05T22:37:39","modified_gmt":"2021-12-06T06:37:39","slug":"combustion-check-sox3","status":"publish","type":"product","link":"https:\/\/www.fieldpiece.com\/fr\/produit\/combustion-check-sox3\/","title":{"rendered":"SOX3 &#8211; V\u00e9rificateur de combustion avec pompe automatique"},"content":{"rendered":"<p>Mesure la temp\u00e9rature des conduits de gaz et le pourcentage d&rsquo;O2<br \/>\nCalcule le pourcentage de CO2, le pourcentage d&rsquo;exc\u00e9dent d&rsquo;air et l&rsquo;efficacit\u00e9 de la combustion<br \/>\nTests mains libres avec aimant, \u00ab\u00a0R-cone\u00a0\u00bb et pompe automatique<br \/>\nProgrammable pour diff\u00e9rents types de carburant sur mesure  <\/p>\n<p>Le v\u00e9rificateur de combustion SOX3 est un outil efficace permettant de mettre au point les chaudi\u00e8res lorsqu&rsquo;une analyse de combustion compl\u00e8te n&rsquo;est pas n\u00e9cessaire. Con\u00e7u sp\u00e9cialement pour les professionnels de CVCR, le SOX3 fournit toutes les mesures essentielles \u00e0 la mise au point de la plupart des \u00e9quipements de combustion. Il mesure directement le pourcentage d&rsquo;O2 et la temp\u00e9rature des conduits de gaz, et calcule le pourcentage de CO2, le pourcentage d&rsquo;exc\u00e9dent d&rsquo;air et l&rsquo;efficacit\u00e9 de la combustion.<\/p>\n<p>Comme tous les autres produits Fieldpiece, l&rsquo;outil de v\u00e9rification de la combustion SOX3 a \u00e9t\u00e9 con\u00e7u pour aider les professionnels de CVCR \u00e0 tirer le meilleur parti de leurs outils. Le SOX3 est un instrument fiable pour les mises au point de toute chaudi\u00e8re gr\u00e2ce \u00e0 sa capacit\u00e9 d&rsquo;adaptation aux carburants sur mesure et aux capteurs d&rsquo;oxyg\u00e8ne rempla\u00e7ables sur le terrain.<\/p>\n<ul>\n<li><strong>Pompe \u00e9lectrique automatique avec pause<\/strong> &#8211; La pompe fonctionne automatiquement pour \u00e9viter d&rsquo;avoir \u00e0 pomper manuellement, et les techniciens peuvent mettre en pause la pompe \u00e0 tout moment pour \u00e9conomiser la batterie<\/li>\n<li><strong>Capteur d&rsquo;oxyg\u00e8ne rempla\u00e7able sur le terrain<\/strong> &#8211; Les indicateurs du capteur d&rsquo;oxyg\u00e8ne SOX3 permettent aux techniciens de savoir quand remplacer le capteur.  Gr\u00e2ce aux donn\u00e9es d&rsquo;\u00e9talonnage enregistr\u00e9es dans le capteur, celui-ci peut \u00eatre remplac\u00e9 en quelques secondes, ce qui permet d&rsquo;\u00e9viter d&rsquo;avoir \u00e0 faire \u00e9talonner l&rsquo;instrument.<\/li>\n<li><strong>Tests mains libres<\/strong> &#8211; Le \u00ab\u00a0R-cone\u00a0\u00bb filet\u00e9 maintient le cylindre fermement dans le conduit, et l&rsquo;aimant puissant \u00e0 l&rsquo;arri\u00e8re du SOX3 assure une prise solide de l&rsquo;instrument sur la paroi du conduit pendant que la pompe \u00e9lectrique interne fait tout le travail. Les techniciens n&rsquo;ont besoin que de consulter les r\u00e9sultats sur l&rsquo;affichage \u00e0 trois lignes.<\/li>\n<li><strong>Efficacit\u00e9 de combustion<\/strong> &#8211; Le calcul de l&rsquo;efficacit\u00e9 de la combustion du SOX3 qui s&rsquo;affiche rapidement sur l&rsquo;\u00e9cran, est une mesure utile pour d\u00e9terminer l&rsquo;\u00e9tat d&rsquo;une chaudi\u00e8re.<\/li>\n<li><strong>Carburant sur mesure<\/strong> &#8211; Le SOX3 teste non seulement le gaz naturel, le mazout de grade\u00a02 et le propane, mais il peut \u00eatre programm\u00e9 rapidement et facilement pour tester tout type de carburant. Ainsi, les chaudi\u00e8res non conventionnelles sont tout aussi faciles \u00e0 mettre au point que les chaudi\u00e8res conventionnelles.<\/li>\n<\/ul>\n<p> Inclus\u00a0: <\/p>\n<ul>\n<li>V\u00e9rificateur de combustion\u00a0 &#8211; SOX3 <\/li>\n<li>Cylindre, poign\u00e9e et thermocouple &#8211; RSOX3<\/li>\n<li>Verrouillage \u00e0 cylindre filet\u00e9 &#8211; RCONE2<\/li>\n<li>Kit d&rsquo;accessoires pour filtre &#8211; RAOX9<\/li>\n<li>Mallette rembourr\u00e9e moul\u00e9e par soufflage<\/li>\n<\/ul>\n","protected":false},"excerpt":{"rendered":"<p>Mesure la temp\u00e9rature des conduits de gaz et le pourcentage d&rsquo;O2 Calcule le pourcentage de CO2, le pourcentage d&rsquo;exc\u00e9dent d&rsquo;air &#8230;<\/p>\n","protected":false},"featured_media":17894,"comment_status":"open","ping_status":"closed","template":"","meta":{"_acf_changed":false},"product_brand":[],"product_cat":[189,138],"product_tag":[],"class_list":{"0":"post-17892","1":"product","2":"type-product","3":"status-publish","4":"has-post-thumbnail","6":"product_cat-combustion-checker-fr-2","7":"product_cat-combustion-fr-2","9":"first","10":"instock","11":"shipping-taxable","12":"product-type-simple"},"acf":[],"yoast_head":"<!-- This site is optimized with the Yoast SEO plugin v27.2 - https:\/\/yoast.com\/product\/yoast-seo-wordpress\/ -->\n<title>SOX3 - V\u00e9rificateur de combustion avec pompe automatique - Fieldpiece Instruments<\/title>\n<meta name=\"robots\" content=\"index, follow, max-snippet:-1, max-image-preview:large, max-video-preview:-1\" \/>\n<link rel=\"canonical\" href=\"https:\/\/www.fieldpiece.com\/fr\/produit\/combustion-check-sox3\/\" \/>\n<meta property=\"og:locale\" content=\"fr_FR\" \/>\n<meta property=\"og:type\" content=\"article\" \/>\n<meta property=\"og:title\" content=\"SOX3 - V\u00e9rificateur de combustion avec pompe automatique - Fieldpiece Instruments\" \/>\n<meta property=\"og:description\" content=\"Mesure la temp\u00e9rature des conduits de gaz et le pourcentage d&rsquo;O2 Calcule le pourcentage de CO2, le pourcentage d&rsquo;exc\u00e9dent d&rsquo;air ...\" \/>\n<meta property=\"og:url\" content=\"https:\/\/www.fieldpiece.com\/fr\/produit\/combustion-check-sox3\/\" \/>\n<meta property=\"og:site_name\" content=\"Fieldpiece Instruments\" \/>\n<meta property=\"article:modified_time\" content=\"2021-12-06T06:37:39+00:00\" \/>\n<meta property=\"og:image\" content=\"https:\/\/www.fieldpiece.com\/wp-content\/uploads\/2021\/01\/SOX3-SRC-product-kit.png\" \/>\n\t<meta property=\"og:image:width\" content=\"470\" \/>\n\t<meta property=\"og:image:height\" content=\"470\" \/>\n\t<meta property=\"og:image:type\" content=\"image\/png\" \/>\n<meta name=\"twitter:card\" content=\"summary_large_image\" \/>\n<meta name=\"twitter:label1\" content=\"Dur\u00e9e de lecture estim\u00e9e\" \/>\n\t<meta name=\"twitter:data1\" content=\"2 minutes\" \/>\n<script type=\"application\/ld+json\" class=\"yoast-schema-graph\">{\"@context\":\"https:\/\/schema.org\",\"@graph\":[{\"@type\":\"WebPage\",\"@id\":\"https:\/\/www.fieldpiece.com\/fr\/produit\/combustion-check-sox3\/\",\"url\":\"https:\/\/www.fieldpiece.com\/fr\/produit\/combustion-check-sox3\/\",\"name\":\"SOX3 - V\u00e9rificateur de combustion avec pompe automatique - Fieldpiece Instruments\",\"isPartOf\":{\"@id\":\"https:\/\/www.fieldpiece.com\/fr\/#website\"},\"primaryImageOfPage\":{\"@id\":\"https:\/\/www.fieldpiece.com\/fr\/produit\/combustion-check-sox3\/#primaryimage\"},\"image\":{\"@id\":\"https:\/\/www.fieldpiece.com\/fr\/produit\/combustion-check-sox3\/#primaryimage\"},\"thumbnailUrl\":\"https:\/\/resources.fieldpiece.com\/wp-content\/uploads\/2021\/01\/SOX3-SRC-product-kit.png\",\"datePublished\":\"2020-11-02T11:26:44+00:00\",\"dateModified\":\"2021-12-06T06:37:39+00:00\",\"breadcrumb\":{\"@id\":\"https:\/\/www.fieldpiece.com\/fr\/produit\/combustion-check-sox3\/#breadcrumb\"},\"inLanguage\":\"fr-FR\",\"potentialAction\":[{\"@type\":\"ReadAction\",\"target\":[\"https:\/\/www.fieldpiece.com\/fr\/produit\/combustion-check-sox3\/\"]}]},{\"@type\":\"ImageObject\",\"inLanguage\":\"fr-FR\",\"@id\":\"https:\/\/www.fieldpiece.com\/fr\/produit\/combustion-check-sox3\/#primaryimage\",\"url\":\"https:\/\/resources.fieldpiece.com\/wp-content\/uploads\/2021\/01\/SOX3-SRC-product-kit.png\",\"contentUrl\":\"https:\/\/resources.fieldpiece.com\/wp-content\/uploads\/2021\/01\/SOX3-SRC-product-kit.png\",\"width\":470,\"height\":470,\"caption\":\"SOX3 - Combustion Checker Meter\"},{\"@type\":\"BreadcrumbList\",\"@id\":\"https:\/\/www.fieldpiece.com\/fr\/produit\/combustion-check-sox3\/#breadcrumb\",\"itemListElement\":[{\"@type\":\"ListItem\",\"position\":1,\"name\":\"Home\",\"item\":\"https:\/\/www.fieldpiece.com\/fr\/\"},{\"@type\":\"ListItem\",\"position\":2,\"name\":\"Shop\",\"item\":\"https:\/\/www.fieldpiece.com\/shop\/\"},{\"@type\":\"ListItem\",\"position\":3,\"name\":\"SOX3 &#8211; V\u00e9rificateur de combustion avec pompe automatique\"}]},{\"@type\":\"WebSite\",\"@id\":\"https:\/\/www.fieldpiece.com\/fr\/#website\",\"url\":\"https:\/\/www.fieldpiece.com\/fr\/\",\"name\":\"Fieldpiece Instruments\",\"description\":\"\",\"publisher\":{\"@id\":\"https:\/\/www.fieldpiece.com\/fr\/#organization\"},\"potentialAction\":[{\"@type\":\"SearchAction\",\"target\":{\"@type\":\"EntryPoint\",\"urlTemplate\":\"https:\/\/www.fieldpiece.com\/fr\/?s={search_term_string}\"},\"query-input\":{\"@type\":\"PropertyValueSpecification\",\"valueRequired\":true,\"valueName\":\"search_term_string\"}}],\"inLanguage\":\"fr-FR\"},{\"@type\":\"Organization\",\"@id\":\"https:\/\/www.fieldpiece.com\/fr\/#organization\",\"name\":\"Fieldpiece Instruments\",\"url\":\"https:\/\/www.fieldpiece.com\/fr\/\",\"logo\":{\"@type\":\"ImageObject\",\"inLanguage\":\"fr-FR\",\"@id\":\"https:\/\/www.fieldpiece.com\/fr\/#\/schema\/logo\/image\/\",\"url\":\"https:\/\/resources.fieldpiece.com\/wp-content\/uploads\/2021\/02\/Logos-490x358-1.jpg\",\"contentUrl\":\"https:\/\/resources.fieldpiece.com\/wp-content\/uploads\/2021\/02\/Logos-490x358-1.jpg\",\"width\":490,\"height\":358,\"caption\":\"Fieldpiece Instruments\"},\"image\":{\"@id\":\"https:\/\/www.fieldpiece.com\/fr\/#\/schema\/logo\/image\/\"}}]}<\/script>\n<!-- \/ Yoast SEO plugin. -->","yoast_head_json":{"title":"SOX3 - V\u00e9rificateur de combustion avec pompe automatique - Fieldpiece Instruments","robots":{"index":"index","follow":"follow","max-snippet":"max-snippet:-1","max-image-preview":"max-image-preview:large","max-video-preview":"max-video-preview:-1"},"canonical":"https:\/\/www.fieldpiece.com\/fr\/produit\/combustion-check-sox3\/","og_locale":"fr_FR","og_type":"article","og_title":"SOX3 - V\u00e9rificateur de combustion avec pompe automatique - Fieldpiece Instruments","og_description":"Mesure la temp\u00e9rature des conduits de gaz et le pourcentage d&rsquo;O2 Calcule le pourcentage de CO2, le pourcentage d&rsquo;exc\u00e9dent d&rsquo;air ...","og_url":"https:\/\/www.fieldpiece.com\/fr\/produit\/combustion-check-sox3\/","og_site_name":"Fieldpiece Instruments","article_modified_time":"2021-12-06T06:37:39+00:00","og_image":[{"width":470,"height":470,"url":"https:\/\/www.fieldpiece.com\/wp-content\/uploads\/2021\/01\/SOX3-SRC-product-kit.png","type":"image\/png"}],"twitter_card":"summary_large_image","twitter_misc":{"Dur\u00e9e de lecture estim\u00e9e":"2 minutes"},"schema":{"@context":"https:\/\/schema.org","@graph":[{"@type":"WebPage","@id":"https:\/\/www.fieldpiece.com\/fr\/produit\/combustion-check-sox3\/","url":"https:\/\/www.fieldpiece.com\/fr\/produit\/combustion-check-sox3\/","name":"SOX3 - V\u00e9rificateur de combustion avec pompe automatique - Fieldpiece Instruments","isPartOf":{"@id":"https:\/\/www.fieldpiece.com\/fr\/#website"},"primaryImageOfPage":{"@id":"https:\/\/www.fieldpiece.com\/fr\/produit\/combustion-check-sox3\/#primaryimage"},"image":{"@id":"https:\/\/www.fieldpiece.com\/fr\/produit\/combustion-check-sox3\/#primaryimage"},"thumbnailUrl":"https:\/\/resources.fieldpiece.com\/wp-content\/uploads\/2021\/01\/SOX3-SRC-product-kit.png","datePublished":"2020-11-02T11:26:44+00:00","dateModified":"2021-12-06T06:37:39+00:00","breadcrumb":{"@id":"https:\/\/www.fieldpiece.com\/fr\/produit\/combustion-check-sox3\/#breadcrumb"},"inLanguage":"fr-FR","potentialAction":[{"@type":"ReadAction","target":["https:\/\/www.fieldpiece.com\/fr\/produit\/combustion-check-sox3\/"]}]},{"@type":"ImageObject","inLanguage":"fr-FR","@id":"https:\/\/www.fieldpiece.com\/fr\/produit\/combustion-check-sox3\/#primaryimage","url":"https:\/\/resources.fieldpiece.com\/wp-content\/uploads\/2021\/01\/SOX3-SRC-product-kit.png","contentUrl":"https:\/\/resources.fieldpiece.com\/wp-content\/uploads\/2021\/01\/SOX3-SRC-product-kit.png","width":470,"height":470,"caption":"SOX3 - Combustion Checker Meter"},{"@type":"BreadcrumbList","@id":"https:\/\/www.fieldpiece.com\/fr\/produit\/combustion-check-sox3\/#breadcrumb","itemListElement":[{"@type":"ListItem","position":1,"name":"Home","item":"https:\/\/www.fieldpiece.com\/fr\/"},{"@type":"ListItem","position":2,"name":"Shop","item":"https:\/\/www.fieldpiece.com\/shop\/"},{"@type":"ListItem","position":3,"name":"SOX3 &#8211; V\u00e9rificateur de combustion avec pompe automatique"}]},{"@type":"WebSite","@id":"https:\/\/www.fieldpiece.com\/fr\/#website","url":"https:\/\/www.fieldpiece.com\/fr\/","name":"Fieldpiece Instruments","description":"","publisher":{"@id":"https:\/\/www.fieldpiece.com\/fr\/#organization"},"potentialAction":[{"@type":"SearchAction","target":{"@type":"EntryPoint","urlTemplate":"https:\/\/www.fieldpiece.com\/fr\/?s={search_term_string}"},"query-input":{"@type":"PropertyValueSpecification","valueRequired":true,"valueName":"search_term_string"}}],"inLanguage":"fr-FR"},{"@type":"Organization","@id":"https:\/\/www.fieldpiece.com\/fr\/#organization","name":"Fieldpiece Instruments","url":"https:\/\/www.fieldpiece.com\/fr\/","logo":{"@type":"ImageObject","inLanguage":"fr-FR","@id":"https:\/\/www.fieldpiece.com\/fr\/#\/schema\/logo\/image\/","url":"https:\/\/resources.fieldpiece.com\/wp-content\/uploads\/2021\/02\/Logos-490x358-1.jpg","contentUrl":"https:\/\/resources.fieldpiece.com\/wp-content\/uploads\/2021\/02\/Logos-490x358-1.jpg","width":490,"height":358,"caption":"Fieldpiece Instruments"},"image":{"@id":"https:\/\/www.fieldpiece.com\/fr\/#\/schema\/logo\/image\/"}}]}},"_links":{"self":[{"href":"https:\/\/www.fieldpiece.com\/fr\/wp-json\/wp\/v2\/product\/17892","targetHints":{"allow":["GET"]}}],"collection":[{"href":"https:\/\/www.fieldpiece.com\/fr\/wp-json\/wp\/v2\/product"}],"about":[{"href":"https:\/\/www.fieldpiece.com\/fr\/wp-json\/wp\/v2\/types\/product"}],"replies":[{"embeddable":true,"href":"https:\/\/www.fieldpiece.com\/fr\/wp-json\/wp\/v2\/comments?post=17892"}],"wp:featuredmedia":[{"embeddable":true,"href":"https:\/\/www.fieldpiece.com\/fr\/wp-json\/wp\/v2\/media\/17894"}],"wp:attachment":[{"href":"https:\/\/www.fieldpiece.com\/fr\/wp-json\/wp\/v2\/media?parent=17892"}],"wp:term":[{"taxonomy":"product_brand","embeddable":true,"href":"https:\/\/www.fieldpiece.com\/fr\/wp-json\/wp\/v2\/product_brand?post=17892"},{"taxonomy":"product_cat","embeddable":true,"href":"https:\/\/www.fieldpiece.com\/fr\/wp-json\/wp\/v2\/product_cat?post=17892"},{"taxonomy":"product_tag","embeddable":true,"href":"https:\/\/www.fieldpiece.com\/fr\/wp-json\/wp\/v2\/product_tag?post=17892"}],"curies":[{"name":"wp","href":"https:\/\/api.w.org\/{rel}","templated":true}]}}