	{"id":17880,"date":"2020-11-02T11:26:54","date_gmt":"2020-11-02T11:26:54","guid":{"rendered":"https:\/\/www.fieldpiece.com\/product\/carbon-monoxide-detector-scm4\/"},"modified":"2021-11-16T04:31:48","modified_gmt":"2021-11-16T12:31:48","slug":"carbon-monoxide-detector-scm4","status":"publish","type":"product","link":"https:\/\/www.fieldpiece.com\/fr\/produit\/carbon-monoxide-detector-scm4\/","title":{"rendered":"SCM4 &#8211; D\u00e9tecteur de monoxyde de carbone"},"content":{"rendered":"<p>Capteur de CO rempla\u00e7able sur site<br \/>\n\u00c9talonnage rapide \u00e0 la situation ambiante avec le bouton de r\u00e9initialisation<br \/>\nAlarmes visuelles et sonores avec sourdine<br \/>\nCapteur \u00e9lectrochimique rapide<br \/>\nSupport magn\u00e9tique pour utilisation mains libres <\/p>\n<p>Le d\u00e9tecteur de monoxyde de carbone (CO) SCM4 r\u00e9agit tr\u00e8s rapidement et mesure le CO en parties par million (ppm). Son capteur \u00e9lectrochimique est assez rapide pour effectuer des tests de l&rsquo;environnement. Caract\u00e9ristiques et avantages\u00a0: capteur de CO rempla\u00e7able sur site\u00a0; capteur avanc\u00e9 \u00e0 trois broches pour mesurer le CO de 0 \u00e0 1000\u00a0ppm\u00a0; \u00e9talonnage\/r\u00e9initialisation rapide du SCM4 \u00e0 la situation ambiante avec le bouton de r\u00e9initialisation\u00a0; alarmes visuelles et sonores avec sourdine\u00a0; double affichage r\u00e9tro-\u00e9clair\u00e9 bleu lumineux avec pr\u00e9sentation des relev\u00e9s MAX. et en temps r\u00e9el\u00a0; porteur magn\u00e9tique pour une utilisation mains libres\u00a0; arr\u00eat automatique.<\/p>\n<p>Test de l&rsquo;environnement\u00a0: le SCM4 r\u00e9agit aux changements de niveau de CO en temps r\u00e9el.<\/p>\n<ul>\n<li>\u00a0R\u00e9initialisez l&rsquo;appareil \u00e0 l&rsquo;ext\u00e9rieur loin de toute source de CO (pas de r\u00e9initialisation si le niveau de CO est sup\u00e9rieur \u00e0 5\u00a0ppm)<\/li>\n<li>\u00a0Entrez dans la zone \u00e0 \u00e9valuer<\/li>\n<li>\u00a0D\u00e9placez-vous dans la zone et observez l&rsquo;affichage<\/li>\n<li>\u00a0Dirigez-vous vers la zone de plus forte concentration pour trouver la source de CO<\/li>\n<\/ul>\n<p>Le d\u00e9tecteur de monoxyde de carbone SCM4 (d\u00e9tecteur de CO) offre plusieurs caract\u00e9ristiques et avantages pour les techniciens sur le terrain\u00a0:<\/p>\n<ul>\n<li>Capteur de CO rempla\u00e7able sur site<br \/>\n            &#8211; Facile \u00e0 installer<br \/>\n            &#8211; Dure environ deux ans<br \/>\n            &#8211; Pr\u00e9-\u00e9talonn\u00e9<\/li>\n<li>\u00a0Le capteur \u00e9lectrochimique rapide vous aide \u00e0 trouver des sources de CO telles que des conduits de chemin\u00e9e ou des \u00e9changeurs de chaleur fissur\u00e9s.<\/li>\n<li>\u00a0\u00c9talonnage rapide \u00e0 la situation ambiante avec le bouton de r\u00e9initialisation<\/li>\n<li>\u00a0Alarmes visuelles et sonores (avec sourdine)<\/li>\n<li>\u00a0L&rsquo;alarme s&rsquo;amplifie \u00e0 mesure que la concentration de monoxyde de carbone augmente<\/li>\n<li>\u00a0M\u00e9morisation de MAX. pour vous aider \u00e0 trouver la source<\/li>\n<li>\u00a0Double affichage r\u00e9tro-\u00e9clair\u00e9 bleu pour tester les vides sanitaires sombres<\/li>\n<li>\u00a0Support magn\u00e9tique pour utilisation mains libres<\/li>\n<li>\u00a0Arr\u00eat automatique pour \u00e9conomiser la pile (facile \u00e0 d\u00e9sactiver)<\/li>\n<li>\u00a0Contr\u00f4le de la pile avec affichage du pourcentage de charge restante<\/li>\n<\/ul>\n<p>Inclus\u00a0:<\/p>\n<ul>\n<li>D\u00e9tecteur de monoxyde de carbone &#8211; SCM4<\/li>\n<li>Batterie 9\u00a0V (install\u00e9e)<\/li>\n<li>Manuel d\u2019utilisation<\/li>\n<\/ul>\n","protected":false},"excerpt":{"rendered":"<p>Capteur de CO rempla\u00e7able sur site \u00c9talonnage rapide \u00e0 la situation ambiante avec le bouton de r\u00e9initialisation Alarmes visuelles et &#8230;<\/p>\n","protected":false},"featured_media":17882,"comment_status":"open","ping_status":"closed","template":"","meta":{"_acf_changed":false},"product_brand":[],"product_cat":[138,185],"product_tag":[],"class_list":{"0":"post-17880","1":"product","2":"type-product","3":"status-publish","4":"has-post-thumbnail","6":"product_cat-combustion-fr-2","7":"product_cat-co-detector-fr-2","9":"first","10":"instock","11":"shipping-taxable","12":"product-type-simple"},"acf":[],"yoast_head":"<!-- This site is optimized with the Yoast SEO plugin v27.2 - https:\/\/yoast.com\/product\/yoast-seo-wordpress\/ -->\n<title>SCM4 - D\u00e9tecteur de monoxyde de carbone - Fieldpiece Instruments<\/title>\n<meta name=\"robots\" content=\"index, follow, max-snippet:-1, max-image-preview:large, max-video-preview:-1\" \/>\n<link rel=\"canonical\" href=\"https:\/\/www.fieldpiece.com\/fr\/produit\/carbon-monoxide-detector-scm4\/\" \/>\n<meta property=\"og:locale\" content=\"fr_FR\" \/>\n<meta property=\"og:type\" content=\"article\" \/>\n<meta property=\"og:title\" content=\"SCM4 - D\u00e9tecteur de monoxyde de carbone - Fieldpiece Instruments\" \/>\n<meta property=\"og:description\" content=\"Capteur de CO rempla\u00e7able sur site \u00c9talonnage rapide \u00e0 la situation ambiante avec le bouton de r\u00e9initialisation Alarmes visuelles et ...\" \/>\n<meta property=\"og:url\" content=\"https:\/\/www.fieldpiece.com\/fr\/produit\/carbon-monoxide-detector-scm4\/\" \/>\n<meta property=\"og:site_name\" content=\"Fieldpiece Instruments\" \/>\n<meta property=\"article:modified_time\" content=\"2021-11-16T12:31:48+00:00\" \/>\n<meta property=\"og:image\" content=\"https:\/\/resources.fieldpiece.com\/wp-content\/uploads\/2021\/01\/SCM4-SRC-Product.png\" \/>\n\t<meta property=\"og:image:width\" content=\"470\" \/>\n\t<meta property=\"og:image:height\" content=\"470\" \/>\n\t<meta property=\"og:image:type\" content=\"image\/png\" \/>\n<meta name=\"twitter:card\" content=\"summary_large_image\" \/>\n<meta name=\"twitter:label1\" content=\"Dur\u00e9e de lecture estim\u00e9e\" \/>\n\t<meta name=\"twitter:data1\" content=\"2 minutes\" \/>\n<script type=\"application\/ld+json\" class=\"yoast-schema-graph\">{\"@context\":\"https:\/\/schema.org\",\"@graph\":[{\"@type\":\"WebPage\",\"@id\":\"https:\/\/www.fieldpiece.com\/fr\/produit\/carbon-monoxide-detector-scm4\/\",\"url\":\"https:\/\/www.fieldpiece.com\/fr\/produit\/carbon-monoxide-detector-scm4\/\",\"name\":\"SCM4 - D\u00e9tecteur de monoxyde de carbone - Fieldpiece Instruments\",\"isPartOf\":{\"@id\":\"https:\/\/www.fieldpiece.com\/fr\/#website\"},\"primaryImageOfPage\":{\"@id\":\"https:\/\/www.fieldpiece.com\/fr\/produit\/carbon-monoxide-detector-scm4\/#primaryimage\"},\"image\":{\"@id\":\"https:\/\/www.fieldpiece.com\/fr\/produit\/carbon-monoxide-detector-scm4\/#primaryimage\"},\"thumbnailUrl\":\"https:\/\/resources.fieldpiece.com\/wp-content\/uploads\/2021\/01\/SCM4-SRC-Product.png\",\"datePublished\":\"2020-11-02T11:26:54+00:00\",\"dateModified\":\"2021-11-16T12:31:48+00:00\",\"breadcrumb\":{\"@id\":\"https:\/\/www.fieldpiece.com\/fr\/produit\/carbon-monoxide-detector-scm4\/#breadcrumb\"},\"inLanguage\":\"fr-FR\",\"potentialAction\":[{\"@type\":\"ReadAction\",\"target\":[\"https:\/\/www.fieldpiece.com\/fr\/produit\/carbon-monoxide-detector-scm4\/\"]}]},{\"@type\":\"ImageObject\",\"inLanguage\":\"fr-FR\",\"@id\":\"https:\/\/www.fieldpiece.com\/fr\/produit\/carbon-monoxide-detector-scm4\/#primaryimage\",\"url\":\"https:\/\/resources.fieldpiece.com\/wp-content\/uploads\/2021\/01\/SCM4-SRC-Product.png\",\"contentUrl\":\"https:\/\/resources.fieldpiece.com\/wp-content\/uploads\/2021\/01\/SCM4-SRC-Product.png\",\"width\":470,\"height\":470,\"caption\":\"SCM4 \u2013 Carbon Monoxide Detector\"},{\"@type\":\"BreadcrumbList\",\"@id\":\"https:\/\/www.fieldpiece.com\/fr\/produit\/carbon-monoxide-detector-scm4\/#breadcrumb\",\"itemListElement\":[{\"@type\":\"ListItem\",\"position\":1,\"name\":\"Home\",\"item\":\"https:\/\/www.fieldpiece.com\/fr\/\"},{\"@type\":\"ListItem\",\"position\":2,\"name\":\"Shop\",\"item\":\"https:\/\/www.fieldpiece.com\/shop\/\"},{\"@type\":\"ListItem\",\"position\":3,\"name\":\"SCM4 &#8211; D\u00e9tecteur de monoxyde de carbone\"}]},{\"@type\":\"WebSite\",\"@id\":\"https:\/\/www.fieldpiece.com\/fr\/#website\",\"url\":\"https:\/\/www.fieldpiece.com\/fr\/\",\"name\":\"Fieldpiece Instruments\",\"description\":\"\",\"publisher\":{\"@id\":\"https:\/\/www.fieldpiece.com\/fr\/#organization\"},\"potentialAction\":[{\"@type\":\"SearchAction\",\"target\":{\"@type\":\"EntryPoint\",\"urlTemplate\":\"https:\/\/www.fieldpiece.com\/fr\/?s={search_term_string}\"},\"query-input\":{\"@type\":\"PropertyValueSpecification\",\"valueRequired\":true,\"valueName\":\"search_term_string\"}}],\"inLanguage\":\"fr-FR\"},{\"@type\":\"Organization\",\"@id\":\"https:\/\/www.fieldpiece.com\/fr\/#organization\",\"name\":\"Fieldpiece Instruments\",\"url\":\"https:\/\/www.fieldpiece.com\/fr\/\",\"logo\":{\"@type\":\"ImageObject\",\"inLanguage\":\"fr-FR\",\"@id\":\"https:\/\/www.fieldpiece.com\/fr\/#\/schema\/logo\/image\/\",\"url\":\"https:\/\/resources.fieldpiece.com\/wp-content\/uploads\/2021\/02\/Logos-490x358-1.jpg\",\"contentUrl\":\"https:\/\/resources.fieldpiece.com\/wp-content\/uploads\/2021\/02\/Logos-490x358-1.jpg\",\"width\":490,\"height\":358,\"caption\":\"Fieldpiece Instruments\"},\"image\":{\"@id\":\"https:\/\/www.fieldpiece.com\/fr\/#\/schema\/logo\/image\/\"}}]}<\/script>\n<!-- \/ Yoast SEO plugin. -->","yoast_head_json":{"title":"SCM4 - D\u00e9tecteur de monoxyde de carbone - Fieldpiece Instruments","robots":{"index":"index","follow":"follow","max-snippet":"max-snippet:-1","max-image-preview":"max-image-preview:large","max-video-preview":"max-video-preview:-1"},"canonical":"https:\/\/www.fieldpiece.com\/fr\/produit\/carbon-monoxide-detector-scm4\/","og_locale":"fr_FR","og_type":"article","og_title":"SCM4 - D\u00e9tecteur de monoxyde de carbone - Fieldpiece Instruments","og_description":"Capteur de CO rempla\u00e7able sur site \u00c9talonnage rapide \u00e0 la situation ambiante avec le bouton de r\u00e9initialisation Alarmes visuelles et ...","og_url":"https:\/\/www.fieldpiece.com\/fr\/produit\/carbon-monoxide-detector-scm4\/","og_site_name":"Fieldpiece Instruments","article_modified_time":"2021-11-16T12:31:48+00:00","og_image":[{"width":470,"height":470,"url":"https:\/\/resources.fieldpiece.com\/wp-content\/uploads\/2021\/01\/SCM4-SRC-Product.png","type":"image\/png"}],"twitter_card":"summary_large_image","twitter_misc":{"Dur\u00e9e de lecture estim\u00e9e":"2 minutes"},"schema":{"@context":"https:\/\/schema.org","@graph":[{"@type":"WebPage","@id":"https:\/\/www.fieldpiece.com\/fr\/produit\/carbon-monoxide-detector-scm4\/","url":"https:\/\/www.fieldpiece.com\/fr\/produit\/carbon-monoxide-detector-scm4\/","name":"SCM4 - D\u00e9tecteur de monoxyde de carbone - Fieldpiece Instruments","isPartOf":{"@id":"https:\/\/www.fieldpiece.com\/fr\/#website"},"primaryImageOfPage":{"@id":"https:\/\/www.fieldpiece.com\/fr\/produit\/carbon-monoxide-detector-scm4\/#primaryimage"},"image":{"@id":"https:\/\/www.fieldpiece.com\/fr\/produit\/carbon-monoxide-detector-scm4\/#primaryimage"},"thumbnailUrl":"https:\/\/resources.fieldpiece.com\/wp-content\/uploads\/2021\/01\/SCM4-SRC-Product.png","datePublished":"2020-11-02T11:26:54+00:00","dateModified":"2021-11-16T12:31:48+00:00","breadcrumb":{"@id":"https:\/\/www.fieldpiece.com\/fr\/produit\/carbon-monoxide-detector-scm4\/#breadcrumb"},"inLanguage":"fr-FR","potentialAction":[{"@type":"ReadAction","target":["https:\/\/www.fieldpiece.com\/fr\/produit\/carbon-monoxide-detector-scm4\/"]}]},{"@type":"ImageObject","inLanguage":"fr-FR","@id":"https:\/\/www.fieldpiece.com\/fr\/produit\/carbon-monoxide-detector-scm4\/#primaryimage","url":"https:\/\/resources.fieldpiece.com\/wp-content\/uploads\/2021\/01\/SCM4-SRC-Product.png","contentUrl":"https:\/\/resources.fieldpiece.com\/wp-content\/uploads\/2021\/01\/SCM4-SRC-Product.png","width":470,"height":470,"caption":"SCM4 \u2013 Carbon Monoxide Detector"},{"@type":"BreadcrumbList","@id":"https:\/\/www.fieldpiece.com\/fr\/produit\/carbon-monoxide-detector-scm4\/#breadcrumb","itemListElement":[{"@type":"ListItem","position":1,"name":"Home","item":"https:\/\/www.fieldpiece.com\/fr\/"},{"@type":"ListItem","position":2,"name":"Shop","item":"https:\/\/www.fieldpiece.com\/shop\/"},{"@type":"ListItem","position":3,"name":"SCM4 &#8211; D\u00e9tecteur de monoxyde de carbone"}]},{"@type":"WebSite","@id":"https:\/\/www.fieldpiece.com\/fr\/#website","url":"https:\/\/www.fieldpiece.com\/fr\/","name":"Fieldpiece Instruments","description":"","publisher":{"@id":"https:\/\/www.fieldpiece.com\/fr\/#organization"},"potentialAction":[{"@type":"SearchAction","target":{"@type":"EntryPoint","urlTemplate":"https:\/\/www.fieldpiece.com\/fr\/?s={search_term_string}"},"query-input":{"@type":"PropertyValueSpecification","valueRequired":true,"valueName":"search_term_string"}}],"inLanguage":"fr-FR"},{"@type":"Organization","@id":"https:\/\/www.fieldpiece.com\/fr\/#organization","name":"Fieldpiece Instruments","url":"https:\/\/www.fieldpiece.com\/fr\/","logo":{"@type":"ImageObject","inLanguage":"fr-FR","@id":"https:\/\/www.fieldpiece.com\/fr\/#\/schema\/logo\/image\/","url":"https:\/\/resources.fieldpiece.com\/wp-content\/uploads\/2021\/02\/Logos-490x358-1.jpg","contentUrl":"https:\/\/resources.fieldpiece.com\/wp-content\/uploads\/2021\/02\/Logos-490x358-1.jpg","width":490,"height":358,"caption":"Fieldpiece Instruments"},"image":{"@id":"https:\/\/www.fieldpiece.com\/fr\/#\/schema\/logo\/image\/"}}]}},"_links":{"self":[{"href":"https:\/\/www.fieldpiece.com\/fr\/wp-json\/wp\/v2\/product\/17880","targetHints":{"allow":["GET"]}}],"collection":[{"href":"https:\/\/www.fieldpiece.com\/fr\/wp-json\/wp\/v2\/product"}],"about":[{"href":"https:\/\/www.fieldpiece.com\/fr\/wp-json\/wp\/v2\/types\/product"}],"replies":[{"embeddable":true,"href":"https:\/\/www.fieldpiece.com\/fr\/wp-json\/wp\/v2\/comments?post=17880"}],"wp:featuredmedia":[{"embeddable":true,"href":"https:\/\/www.fieldpiece.com\/fr\/wp-json\/wp\/v2\/media\/17882"}],"wp:attachment":[{"href":"https:\/\/www.fieldpiece.com\/fr\/wp-json\/wp\/v2\/media?parent=17880"}],"wp:term":[{"taxonomy":"product_brand","embeddable":true,"href":"https:\/\/www.fieldpiece.com\/fr\/wp-json\/wp\/v2\/product_brand?post=17880"},{"taxonomy":"product_cat","embeddable":true,"href":"https:\/\/www.fieldpiece.com\/fr\/wp-json\/wp\/v2\/product_cat?post=17880"},{"taxonomy":"product_tag","embeddable":true,"href":"https:\/\/www.fieldpiece.com\/fr\/wp-json\/wp\/v2\/product_tag?post=17880"}],"curies":[{"name":"wp","href":"https:\/\/api.w.org\/{rel}","templated":true}]}}