	{"id":17852,"date":"2020-11-02T11:27:06","date_gmt":"2020-11-02T11:27:06","guid":{"rendered":"https:\/\/www.fieldpiece.com\/product\/dual-port-manometer-sdmn5\/"},"modified":"2021-11-16T04:28:16","modified_gmt":"2021-11-16T12:28:16","slug":"dual-port-manometer-sdmn5","status":"publish","type":"product","link":"https:\/\/www.fieldpiece.com\/fr\/produit\/dual-port-manometer-sdmn5\/","title":{"rendered":"SDMN5 &#8211; Manom\u00e8tre \u00e0 prise double"},"content":{"rendered":"<p>Mesure les pressions intra-conduit pour \u00e9quilibrer l&rsquo;\u00e9coulement d&rsquo;air<br \/>\nR\u00e9solution jusqu&rsquo;\u00e0 0,3\u00a0mm CE (0,01\u00a0po CE) pour les mesures de pression statique<br \/>\nPlage de colonne d&rsquo;eau de -152 \u00e0 152\u00a0cm CE (-60,0 \u00e0 60,0\u00a0po CE)<br \/>\nInclut deux adaptateurs de 8\u00a0mm (5\/16\u00a0po) pour les relev\u00e9s de pressions d&rsquo;entr\u00e9e et de sortie   <\/p>\n<p>Le SDMN5 est un manom\u00e8tre \u00e0 port double robuste et portable con\u00e7u sp\u00e9cialement pour les techniciens de maintenance CVCR sur le terrain. Il mesure la pression des gaz, la pression statique et la pression diff\u00e9rentielle. Le SDMN5 comprend un bouton de r\u00e9glage du z\u00e9ro sur la face de l&rsquo;appareil, une semelle robuste en caoutchouc, un aimant \u00e0 l\u2019arri\u00e8re pour accrocher l&rsquo;appareil en cours d&rsquo;utilisation, ainsi qu&rsquo;une fonction d&rsquo;arr\u00eat automatique pour prolonger son autonomie.\u00a0 Le SDMN5 mesure la pression entre -152 \u00e0 152\u00a0cm CE (-60 \u00e0 60\u00a0po. CE) (centim\u00e8tres de colonne d&rsquo;eau) et de -150 \u00e0 150\u00a0mBar. Il mesure \u00e9galement la pression P1 ou P2 et calcule la diff\u00e9rence entre P1 et P2. Effectuez des mesures de pression statique en utilisant le mode de r\u00e9solution de 0,25\u00a0mm CE (0,01\u00a0po CE) ou 0,01\u00a0mBar. Comprend un adaptateur de 4,76\u00a0mm (3\/16 de po.) \u00e0 7,94\u00a0mm (5\/16 de po.) pour la mesure des pressions d&rsquo;entr\u00e9e et de sortie.<\/p>\n<p>Le SDMN5 est le r\u00e9sultat de 20\u00a0ans de tests de pression dans le domaine du CVCR.\u00a0 Son \u00e9chelle et sa r\u00e9solution vous permettent de mesurer les applications de CVCR que vous rencontrez tous les jours sur le terrain.\u00a0 Mesurez la pression des gaz en entr\u00e9e et en sortie avec les raccords standards de 4,76\u00a0mm (3\/16 de po.) ou les adaptateurs inclus pour les prises de 7,94\u00a0mm (5\/16 de po.), mesurez la pression statique dans un ventilateur et obtenez le diff\u00e9rentiel d&rsquo;une seule pression sur un bouton pour d\u00e9terminer la pr\u00e9sence de courants d&rsquo;air.\u00a0 Que vous le teniez en main, sa forme ergonomique autonome facilitant la pr\u00e9hension, ou que vous l&rsquo;accrochiez par son porteur magn\u00e9tique pour remplir un bon de travail, le SDMN5 facilite et acc\u00e9l\u00e8re les interventions sur le terrain, bien plus qu&rsquo;avec d&rsquo;autres \u00e9quipements concurrents.<\/p>\n<p>Inclus\u00a0: <\/p>\n<ul>\n<li>Manom\u00e8tre \u00e0 prise double &#8211; SDMN5<\/li>\n<li>2 \u2013 Tubes de 4,76\u00a0mm (3\/16 de po.) avec raccords en laiton<\/li>\n<li>2 \u2013 Adaptateurs de 4,76\u00a0mm (3\/16 de po.) \u00e0 7,94\u00a0mm (5\/16 de po.) &#8211; RMA316<\/li>\n<li>Batterie 9\u00a0V (install\u00e9e)<\/li>\n<li>Manuel d\u2019utilisation<\/li>\n<\/ul>\n","protected":false},"excerpt":{"rendered":"<p>Mesure les pressions intra-conduit pour \u00e9quilibrer l&rsquo;\u00e9coulement d&rsquo;air R\u00e9solution jusqu&rsquo;\u00e0 0,3\u00a0mm CE (0,01\u00a0po CE) pour les mesures de pression statique &#8230;<\/p>\n","protected":false},"featured_media":17854,"comment_status":"open","ping_status":"closed","template":"","meta":{"_acf_changed":false},"product_brand":[],"product_cat":[138,139],"product_tag":[],"class_list":{"0":"post-17852","1":"product","2":"type-product","3":"status-publish","4":"has-post-thumbnail","6":"product_cat-combustion-fr-2","7":"product_cat-manometers-fr-2","9":"first","10":"instock","11":"shipping-taxable","12":"product-type-simple"},"acf":[],"yoast_head":"<!-- This site is optimized with the Yoast SEO plugin v27.2 - https:\/\/yoast.com\/product\/yoast-seo-wordpress\/ -->\n<title>SDMN5 - Manom\u00e8tre \u00e0 prise double - Fieldpiece Instruments<\/title>\n<meta name=\"robots\" content=\"index, follow, max-snippet:-1, max-image-preview:large, max-video-preview:-1\" \/>\n<link rel=\"canonical\" href=\"https:\/\/www.fieldpiece.com\/fr\/produit\/dual-port-manometer-sdmn5\/\" \/>\n<meta property=\"og:locale\" content=\"fr_FR\" \/>\n<meta property=\"og:type\" content=\"article\" \/>\n<meta property=\"og:title\" content=\"SDMN5 - Manom\u00e8tre \u00e0 prise double - Fieldpiece Instruments\" \/>\n<meta property=\"og:description\" content=\"Mesure les pressions intra-conduit pour \u00e9quilibrer l&rsquo;\u00e9coulement d&rsquo;air R\u00e9solution jusqu&rsquo;\u00e0 0,3\u00a0mm CE (0,01\u00a0po CE) pour les mesures de pression statique ...\" \/>\n<meta property=\"og:url\" content=\"https:\/\/www.fieldpiece.com\/fr\/produit\/dual-port-manometer-sdmn5\/\" \/>\n<meta property=\"og:site_name\" content=\"Fieldpiece Instruments\" \/>\n<meta property=\"article:modified_time\" content=\"2021-11-16T12:28:16+00:00\" \/>\n<meta property=\"og:image\" content=\"https:\/\/www.fieldpiece.com\/wp-content\/uploads\/2021\/01\/SDMN5-SRC-product.png\" \/>\n\t<meta property=\"og:image:width\" content=\"470\" \/>\n\t<meta property=\"og:image:height\" content=\"470\" \/>\n\t<meta property=\"og:image:type\" content=\"image\/png\" \/>\n<meta name=\"twitter:card\" content=\"summary_large_image\" \/>\n<meta name=\"twitter:label1\" content=\"Dur\u00e9e de lecture estim\u00e9e\" \/>\n\t<meta name=\"twitter:data1\" content=\"2 minutes\" \/>\n<script type=\"application\/ld+json\" class=\"yoast-schema-graph\">{\"@context\":\"https:\/\/schema.org\",\"@graph\":[{\"@type\":\"WebPage\",\"@id\":\"https:\/\/www.fieldpiece.com\/fr\/produit\/dual-port-manometer-sdmn5\/\",\"url\":\"https:\/\/www.fieldpiece.com\/fr\/produit\/dual-port-manometer-sdmn5\/\",\"name\":\"SDMN5 - Manom\u00e8tre \u00e0 prise double - Fieldpiece Instruments\",\"isPartOf\":{\"@id\":\"https:\/\/www.fieldpiece.com\/fr\/#website\"},\"primaryImageOfPage\":{\"@id\":\"https:\/\/www.fieldpiece.com\/fr\/produit\/dual-port-manometer-sdmn5\/#primaryimage\"},\"image\":{\"@id\":\"https:\/\/www.fieldpiece.com\/fr\/produit\/dual-port-manometer-sdmn5\/#primaryimage\"},\"thumbnailUrl\":\"https:\/\/resources.fieldpiece.com\/wp-content\/uploads\/2021\/01\/SDMN5-SRC-product.png\",\"datePublished\":\"2020-11-02T11:27:06+00:00\",\"dateModified\":\"2021-11-16T12:28:16+00:00\",\"breadcrumb\":{\"@id\":\"https:\/\/www.fieldpiece.com\/fr\/produit\/dual-port-manometer-sdmn5\/#breadcrumb\"},\"inLanguage\":\"fr-FR\",\"potentialAction\":[{\"@type\":\"ReadAction\",\"target\":[\"https:\/\/www.fieldpiece.com\/fr\/produit\/dual-port-manometer-sdmn5\/\"]}]},{\"@type\":\"ImageObject\",\"inLanguage\":\"fr-FR\",\"@id\":\"https:\/\/www.fieldpiece.com\/fr\/produit\/dual-port-manometer-sdmn5\/#primaryimage\",\"url\":\"https:\/\/resources.fieldpiece.com\/wp-content\/uploads\/2021\/01\/SDMN5-SRC-product.png\",\"contentUrl\":\"https:\/\/resources.fieldpiece.com\/wp-content\/uploads\/2021\/01\/SDMN5-SRC-product.png\",\"width\":470,\"height\":470,\"caption\":\"SDMN5 - Dual Port Portable Manometer\"},{\"@type\":\"BreadcrumbList\",\"@id\":\"https:\/\/www.fieldpiece.com\/fr\/produit\/dual-port-manometer-sdmn5\/#breadcrumb\",\"itemListElement\":[{\"@type\":\"ListItem\",\"position\":1,\"name\":\"Home\",\"item\":\"https:\/\/www.fieldpiece.com\/fr\/\"},{\"@type\":\"ListItem\",\"position\":2,\"name\":\"Shop\",\"item\":\"https:\/\/www.fieldpiece.com\/shop\/\"},{\"@type\":\"ListItem\",\"position\":3,\"name\":\"SDMN5 &#8211; Manom\u00e8tre \u00e0 prise double\"}]},{\"@type\":\"WebSite\",\"@id\":\"https:\/\/www.fieldpiece.com\/fr\/#website\",\"url\":\"https:\/\/www.fieldpiece.com\/fr\/\",\"name\":\"Fieldpiece Instruments\",\"description\":\"\",\"publisher\":{\"@id\":\"https:\/\/www.fieldpiece.com\/fr\/#organization\"},\"potentialAction\":[{\"@type\":\"SearchAction\",\"target\":{\"@type\":\"EntryPoint\",\"urlTemplate\":\"https:\/\/www.fieldpiece.com\/fr\/?s={search_term_string}\"},\"query-input\":{\"@type\":\"PropertyValueSpecification\",\"valueRequired\":true,\"valueName\":\"search_term_string\"}}],\"inLanguage\":\"fr-FR\"},{\"@type\":\"Organization\",\"@id\":\"https:\/\/www.fieldpiece.com\/fr\/#organization\",\"name\":\"Fieldpiece Instruments\",\"url\":\"https:\/\/www.fieldpiece.com\/fr\/\",\"logo\":{\"@type\":\"ImageObject\",\"inLanguage\":\"fr-FR\",\"@id\":\"https:\/\/www.fieldpiece.com\/fr\/#\/schema\/logo\/image\/\",\"url\":\"https:\/\/resources.fieldpiece.com\/wp-content\/uploads\/2021\/02\/Logos-490x358-1.jpg\",\"contentUrl\":\"https:\/\/resources.fieldpiece.com\/wp-content\/uploads\/2021\/02\/Logos-490x358-1.jpg\",\"width\":490,\"height\":358,\"caption\":\"Fieldpiece Instruments\"},\"image\":{\"@id\":\"https:\/\/www.fieldpiece.com\/fr\/#\/schema\/logo\/image\/\"}}]}<\/script>\n<!-- \/ Yoast SEO plugin. -->","yoast_head_json":{"title":"SDMN5 - Manom\u00e8tre \u00e0 prise double - Fieldpiece Instruments","robots":{"index":"index","follow":"follow","max-snippet":"max-snippet:-1","max-image-preview":"max-image-preview:large","max-video-preview":"max-video-preview:-1"},"canonical":"https:\/\/www.fieldpiece.com\/fr\/produit\/dual-port-manometer-sdmn5\/","og_locale":"fr_FR","og_type":"article","og_title":"SDMN5 - Manom\u00e8tre \u00e0 prise double - Fieldpiece Instruments","og_description":"Mesure les pressions intra-conduit pour \u00e9quilibrer l&rsquo;\u00e9coulement d&rsquo;air R\u00e9solution jusqu&rsquo;\u00e0 0,3\u00a0mm CE (0,01\u00a0po CE) pour les mesures de pression statique ...","og_url":"https:\/\/www.fieldpiece.com\/fr\/produit\/dual-port-manometer-sdmn5\/","og_site_name":"Fieldpiece Instruments","article_modified_time":"2021-11-16T12:28:16+00:00","og_image":[{"width":470,"height":470,"url":"https:\/\/www.fieldpiece.com\/wp-content\/uploads\/2021\/01\/SDMN5-SRC-product.png","type":"image\/png"}],"twitter_card":"summary_large_image","twitter_misc":{"Dur\u00e9e de lecture estim\u00e9e":"2 minutes"},"schema":{"@context":"https:\/\/schema.org","@graph":[{"@type":"WebPage","@id":"https:\/\/www.fieldpiece.com\/fr\/produit\/dual-port-manometer-sdmn5\/","url":"https:\/\/www.fieldpiece.com\/fr\/produit\/dual-port-manometer-sdmn5\/","name":"SDMN5 - Manom\u00e8tre \u00e0 prise double - Fieldpiece Instruments","isPartOf":{"@id":"https:\/\/www.fieldpiece.com\/fr\/#website"},"primaryImageOfPage":{"@id":"https:\/\/www.fieldpiece.com\/fr\/produit\/dual-port-manometer-sdmn5\/#primaryimage"},"image":{"@id":"https:\/\/www.fieldpiece.com\/fr\/produit\/dual-port-manometer-sdmn5\/#primaryimage"},"thumbnailUrl":"https:\/\/resources.fieldpiece.com\/wp-content\/uploads\/2021\/01\/SDMN5-SRC-product.png","datePublished":"2020-11-02T11:27:06+00:00","dateModified":"2021-11-16T12:28:16+00:00","breadcrumb":{"@id":"https:\/\/www.fieldpiece.com\/fr\/produit\/dual-port-manometer-sdmn5\/#breadcrumb"},"inLanguage":"fr-FR","potentialAction":[{"@type":"ReadAction","target":["https:\/\/www.fieldpiece.com\/fr\/produit\/dual-port-manometer-sdmn5\/"]}]},{"@type":"ImageObject","inLanguage":"fr-FR","@id":"https:\/\/www.fieldpiece.com\/fr\/produit\/dual-port-manometer-sdmn5\/#primaryimage","url":"https:\/\/resources.fieldpiece.com\/wp-content\/uploads\/2021\/01\/SDMN5-SRC-product.png","contentUrl":"https:\/\/resources.fieldpiece.com\/wp-content\/uploads\/2021\/01\/SDMN5-SRC-product.png","width":470,"height":470,"caption":"SDMN5 - Dual Port Portable Manometer"},{"@type":"BreadcrumbList","@id":"https:\/\/www.fieldpiece.com\/fr\/produit\/dual-port-manometer-sdmn5\/#breadcrumb","itemListElement":[{"@type":"ListItem","position":1,"name":"Home","item":"https:\/\/www.fieldpiece.com\/fr\/"},{"@type":"ListItem","position":2,"name":"Shop","item":"https:\/\/www.fieldpiece.com\/shop\/"},{"@type":"ListItem","position":3,"name":"SDMN5 &#8211; Manom\u00e8tre \u00e0 prise double"}]},{"@type":"WebSite","@id":"https:\/\/www.fieldpiece.com\/fr\/#website","url":"https:\/\/www.fieldpiece.com\/fr\/","name":"Fieldpiece Instruments","description":"","publisher":{"@id":"https:\/\/www.fieldpiece.com\/fr\/#organization"},"potentialAction":[{"@type":"SearchAction","target":{"@type":"EntryPoint","urlTemplate":"https:\/\/www.fieldpiece.com\/fr\/?s={search_term_string}"},"query-input":{"@type":"PropertyValueSpecification","valueRequired":true,"valueName":"search_term_string"}}],"inLanguage":"fr-FR"},{"@type":"Organization","@id":"https:\/\/www.fieldpiece.com\/fr\/#organization","name":"Fieldpiece Instruments","url":"https:\/\/www.fieldpiece.com\/fr\/","logo":{"@type":"ImageObject","inLanguage":"fr-FR","@id":"https:\/\/www.fieldpiece.com\/fr\/#\/schema\/logo\/image\/","url":"https:\/\/resources.fieldpiece.com\/wp-content\/uploads\/2021\/02\/Logos-490x358-1.jpg","contentUrl":"https:\/\/resources.fieldpiece.com\/wp-content\/uploads\/2021\/02\/Logos-490x358-1.jpg","width":490,"height":358,"caption":"Fieldpiece Instruments"},"image":{"@id":"https:\/\/www.fieldpiece.com\/fr\/#\/schema\/logo\/image\/"}}]}},"_links":{"self":[{"href":"https:\/\/www.fieldpiece.com\/fr\/wp-json\/wp\/v2\/product\/17852","targetHints":{"allow":["GET"]}}],"collection":[{"href":"https:\/\/www.fieldpiece.com\/fr\/wp-json\/wp\/v2\/product"}],"about":[{"href":"https:\/\/www.fieldpiece.com\/fr\/wp-json\/wp\/v2\/types\/product"}],"replies":[{"embeddable":true,"href":"https:\/\/www.fieldpiece.com\/fr\/wp-json\/wp\/v2\/comments?post=17852"}],"wp:featuredmedia":[{"embeddable":true,"href":"https:\/\/www.fieldpiece.com\/fr\/wp-json\/wp\/v2\/media\/17854"}],"wp:attachment":[{"href":"https:\/\/www.fieldpiece.com\/fr\/wp-json\/wp\/v2\/media?parent=17852"}],"wp:term":[{"taxonomy":"product_brand","embeddable":true,"href":"https:\/\/www.fieldpiece.com\/fr\/wp-json\/wp\/v2\/product_brand?post=17852"},{"taxonomy":"product_cat","embeddable":true,"href":"https:\/\/www.fieldpiece.com\/fr\/wp-json\/wp\/v2\/product_cat?post=17852"},{"taxonomy":"product_tag","embeddable":true,"href":"https:\/\/www.fieldpiece.com\/fr\/wp-json\/wp\/v2\/product_tag?post=17852"}],"curies":[{"name":"wp","href":"https:\/\/api.w.org\/{rel}","templated":true}]}}