	{"id":17840,"date":"2020-11-02T11:27:14","date_gmt":"2020-11-02T11:27:14","guid":{"rendered":"https:\/\/www.fieldpiece.com\/product\/s365-charging-jacket-for-txv-systems\/"},"modified":"2021-11-16T04:25:11","modified_gmt":"2021-11-16T12:25:11","slug":"s365-charging-jacket-for-txv-systems","status":"publish","type":"product","link":"https:\/\/www.fieldpiece.com\/fr\/produit\/s365-charging-jacket-for-txv-systems\/","title":{"rendered":"S365 &#8211; Housse de protection du chargeur pour d\u00e9tendeur thermique"},"content":{"rendered":"<p>Charge \u00e0 une temp\u00e9rature ext\u00e9rieure situ\u00e9e entre\u00a03 et 21\u00a0\u00b0C (37 et 70\u00a0\u00b0F)<br \/>\nContrats de maintenance avant et apr\u00e8s les chaleurs de l&rsquo;\u00e9t\u00e9<br \/>\nAccro\u00eetre le nombre d&rsquo;heures facturables<br \/>\nFacile \u00e0 ajuster pour atteindre la bonne pression diff\u00e9rentielle<br \/>\nApparence professionnelle  <\/p>\n<p>La housse de protection du chargeur S365 est un moyen fiable de charger les d\u00e9tendeurs thermiques par temps froid.\u00a0 Normalement, les basses temp\u00e9ratures refroidissent excessivement les serpentins du condenseur. Pour cette raison, les professionnels de CVCR ne doivent intervenir sur les d\u00e9tendeurs thermiques que lorsque la temp\u00e9rature ext\u00e9rieure est d&rsquo;au moins 21\u00a0\u00b0C (70\u00a0\u00b0F).<\/p>\n<p>Ce probl\u00e8me est d\u00e9sormais r\u00e9solu gr\u00e2ce \u00e0 la nouvelle housse de protection du chargeur Fieldpiece qui permet de charger avec pr\u00e9cision les d\u00e9tendeurs thermiques lorsque la temp\u00e9rature ext\u00e9rieure tombe jusqu&rsquo;\u00e0 3\u00a0\u00b0C (37\u00a0\u00b0F).\u00a0 C&rsquo;est l&rsquo;outil parfait qui permet aux techniciens de b\u00e9n\u00e9ficier d&rsquo;un plus grand nombre d&rsquo;heures d&rsquo;installation, de maintenance et de charge des d\u00e9tendeurs thermiques, au cours d&rsquo;une journ\u00e9e et sur l&rsquo;ann\u00e9e enti\u00e8re.<\/p>\n<p>La housse de protection du chargeur, fabriqu\u00e9e \u00e0 partir de tissu de parachute, est attach\u00e9e au moyen de crochets au haut d&rsquo;un d\u00e9tendeur thermique \u00e0 deux blocs pour \u00e9viter d&rsquo;obstruer l&rsquo;entr\u00e9e d&rsquo;air.\u00a0 Lorsque le syst\u00e8me est mis sous tension, l&rsquo;air sortant gonfle la housse.<\/p>\n<p>Le haut de la housse est alors ajust\u00e9 au moyen d&rsquo;un cordon jusqu&rsquo;\u00e0 ce que la bonne pression diff\u00e9rentielle soit atteinte entre les c\u00f4t\u00e9s haute et basse pression (entre 11 et 15\u00a0bar [160 et 220\u00a0psi] pour R410A\u00a0; et entre 7 et 10\u00a0bar [100 et 145\u00a0psi] pour R22).\u00a0 Une fois le syst\u00e8me stabilis\u00e9 pendant 15\u00a0minutes \u00e0 la bonne pression diff\u00e9rentielle, il est pr\u00eat \u00e0 \u00eatre charg\u00e9.<\/p>\n<ul>\n<li>\u00a0Chargez les d\u00e9tendeurs thermiques \u00e0 une temp\u00e9rature ext\u00e9rieure situ\u00e9e entre\u00a03 et 21\u00a0\u00b0C (37 et 70\u00a0\u00b0F)<\/li>\n<li>\u00a0Contrats de maintenance avant et apr\u00e8s les chaleurs de l&rsquo;\u00e9t\u00e9<\/li>\n<li>\u00a0Facile \u00e0 ajuster pour obtenir la bonne pression diff\u00e9rentielle<\/li>\n<li>\u00a0Excellente fa\u00e7on d&rsquo;accro\u00eetre le chiffre d&rsquo;affaires pendant la basse saison<\/li>\n<li>\u00a0Pr\u00e9cision test\u00e9e sur le terrain<\/li>\n<\/ul>\n<p>Aucun autre produit sur le march\u00e9 n&rsquo;a \u00e9t\u00e9 con\u00e7u \u00e0 cette fin particuli\u00e8re.\u00a0 Actuellement, les professionnels de CVCR n&rsquo;interviennent pas sur les d\u00e9tendeurs thermiques si la temp\u00e9rature ext\u00e9rieure est inf\u00e9rieure \u00e0 21\u00a0\u00b0C (70\u00a0\u00b0F) ou bien, en cas d&rsquo;urgence, il se peut qu&rsquo;ils utilisent leur propre veste ou un morceau de carton pour bloquer l&rsquo;entr\u00e9e d&rsquo;air. Malheureusement, ces m\u00e9thodes sont impr\u00e9cises.<\/p>\n<p>L&rsquo;avantage de la housse de protection du chargeur est qu&rsquo;elle permet d&rsquo;ajuster la chute de pression dans le d\u00e9tendeur thermique \u00e0 un minimum de 11\u00a0bar (160\u00a0psi) ce qui produit un effet similaire aux hautes temp\u00e9ratures sur le syst\u00e8me.<\/p>\n<p>Les professionnels de CVCR peuvent d\u00e9sormais accro\u00eetre consid\u00e9rablement le nombre d&rsquo;heures facturables, car ils peuvent intervenir sur ces syst\u00e8mes pendant la basse saison.\u00a0 Ainsi, plut\u00f4t que d&rsquo;avoir \u00e0 effectuer tous les contr\u00f4les de maintenance pendant la haute saison d&rsquo;\u00e9t\u00e9, vous pouvez les faire d\u00e8s le d\u00e9but du printemps et jusqu&rsquo;\u00e0 la fin de l&rsquo;automne. Et m\u00eame tout au long de l&rsquo;ann\u00e9e dans certaines r\u00e9gions.<\/p>\n<p>Inclus\u00a0: <\/p>\n<ul>\n<li>Housse de protection du chargeur<\/li>\n<li>Manuel<\/li>\n<\/ul>\n","protected":false},"excerpt":{"rendered":"<p>Charge \u00e0 une temp\u00e9rature ext\u00e9rieure situ\u00e9e entre\u00a03 et 21\u00a0\u00b0C (37 et 70\u00a0\u00b0F) Contrats de maintenance avant et apr\u00e8s les chaleurs &#8230;<\/p>\n","protected":false},"featured_media":17842,"comment_status":"open","ping_status":"closed","template":"","meta":{"_acf_changed":false},"product_brand":[],"product_cat":[158,181],"product_tag":[],"class_list":{"0":"post-17840","1":"product","2":"type-product","3":"status-publish","4":"has-post-thumbnail","6":"product_cat-other-fr-2","7":"product_cat-charging-jacket-fr","9":"first","10":"instock","11":"shipping-taxable","12":"product-type-simple"},"acf":[],"yoast_head":"<!-- This site is optimized with the Yoast SEO plugin v27.2 - https:\/\/yoast.com\/product\/yoast-seo-wordpress\/ -->\n<title>S365 - Housse de protection du chargeur pour d\u00e9tendeur thermique - Fieldpiece Instruments<\/title>\n<meta name=\"robots\" content=\"index, follow, max-snippet:-1, max-image-preview:large, max-video-preview:-1\" \/>\n<link rel=\"canonical\" href=\"https:\/\/www.fieldpiece.com\/fr\/produit\/s365-charging-jacket-for-txv-systems\/\" \/>\n<meta property=\"og:locale\" content=\"fr_FR\" \/>\n<meta property=\"og:type\" content=\"article\" \/>\n<meta property=\"og:title\" content=\"S365 - Housse de protection du chargeur pour d\u00e9tendeur thermique - Fieldpiece Instruments\" \/>\n<meta property=\"og:description\" content=\"Charge \u00e0 une temp\u00e9rature ext\u00e9rieure situ\u00e9e entre\u00a03 et 21\u00a0\u00b0C (37 et 70\u00a0\u00b0F) Contrats de maintenance avant et apr\u00e8s les chaleurs ...\" \/>\n<meta property=\"og:url\" content=\"https:\/\/www.fieldpiece.com\/fr\/produit\/s365-charging-jacket-for-txv-systems\/\" \/>\n<meta property=\"og:site_name\" content=\"Fieldpiece Instruments\" \/>\n<meta property=\"article:modified_time\" content=\"2021-11-16T12:25:11+00:00\" \/>\n<meta property=\"og:image\" content=\"https:\/\/www.fieldpiece.com\/wp-content\/uploads\/2021\/01\/S365-CharginJacket-SRC-Product.png\" \/>\n\t<meta property=\"og:image:width\" content=\"470\" \/>\n\t<meta property=\"og:image:height\" content=\"470\" \/>\n\t<meta property=\"og:image:type\" content=\"image\/png\" \/>\n<meta name=\"twitter:card\" content=\"summary_large_image\" \/>\n<meta name=\"twitter:label1\" content=\"Dur\u00e9e de lecture estim\u00e9e\" \/>\n\t<meta name=\"twitter:data1\" content=\"3 minutes\" \/>\n<script type=\"application\/ld+json\" class=\"yoast-schema-graph\">{\"@context\":\"https:\/\/schema.org\",\"@graph\":[{\"@type\":\"WebPage\",\"@id\":\"https:\/\/www.fieldpiece.com\/fr\/produit\/s365-charging-jacket-for-txv-systems\/\",\"url\":\"https:\/\/www.fieldpiece.com\/fr\/produit\/s365-charging-jacket-for-txv-systems\/\",\"name\":\"S365 - Housse de protection du chargeur pour d\u00e9tendeur thermique - Fieldpiece Instruments\",\"isPartOf\":{\"@id\":\"https:\/\/www.fieldpiece.com\/fr\/#website\"},\"primaryImageOfPage\":{\"@id\":\"https:\/\/www.fieldpiece.com\/fr\/produit\/s365-charging-jacket-for-txv-systems\/#primaryimage\"},\"image\":{\"@id\":\"https:\/\/www.fieldpiece.com\/fr\/produit\/s365-charging-jacket-for-txv-systems\/#primaryimage\"},\"thumbnailUrl\":\"https:\/\/resources.fieldpiece.com\/wp-content\/uploads\/2021\/01\/S365-CharginJacket-SRC-Product.png\",\"datePublished\":\"2020-11-02T11:27:14+00:00\",\"dateModified\":\"2021-11-16T12:25:11+00:00\",\"breadcrumb\":{\"@id\":\"https:\/\/www.fieldpiece.com\/fr\/produit\/s365-charging-jacket-for-txv-systems\/#breadcrumb\"},\"inLanguage\":\"fr-FR\",\"potentialAction\":[{\"@type\":\"ReadAction\",\"target\":[\"https:\/\/www.fieldpiece.com\/fr\/produit\/s365-charging-jacket-for-txv-systems\/\"]}]},{\"@type\":\"ImageObject\",\"inLanguage\":\"fr-FR\",\"@id\":\"https:\/\/www.fieldpiece.com\/fr\/produit\/s365-charging-jacket-for-txv-systems\/#primaryimage\",\"url\":\"https:\/\/resources.fieldpiece.com\/wp-content\/uploads\/2021\/01\/S365-CharginJacket-SRC-Product.png\",\"contentUrl\":\"https:\/\/resources.fieldpiece.com\/wp-content\/uploads\/2021\/01\/S365-CharginJacket-SRC-Product.png\",\"width\":470,\"height\":470,\"caption\":\"S365 - Charging Jacket for TXV Systems\"},{\"@type\":\"BreadcrumbList\",\"@id\":\"https:\/\/www.fieldpiece.com\/fr\/produit\/s365-charging-jacket-for-txv-systems\/#breadcrumb\",\"itemListElement\":[{\"@type\":\"ListItem\",\"position\":1,\"name\":\"Home\",\"item\":\"https:\/\/www.fieldpiece.com\/fr\/\"},{\"@type\":\"ListItem\",\"position\":2,\"name\":\"Shop\",\"item\":\"https:\/\/www.fieldpiece.com\/shop\/\"},{\"@type\":\"ListItem\",\"position\":3,\"name\":\"S365 &#8211; Housse de protection du chargeur pour d\u00e9tendeur thermique\"}]},{\"@type\":\"WebSite\",\"@id\":\"https:\/\/www.fieldpiece.com\/fr\/#website\",\"url\":\"https:\/\/www.fieldpiece.com\/fr\/\",\"name\":\"Fieldpiece Instruments\",\"description\":\"\",\"publisher\":{\"@id\":\"https:\/\/www.fieldpiece.com\/fr\/#organization\"},\"potentialAction\":[{\"@type\":\"SearchAction\",\"target\":{\"@type\":\"EntryPoint\",\"urlTemplate\":\"https:\/\/www.fieldpiece.com\/fr\/?s={search_term_string}\"},\"query-input\":{\"@type\":\"PropertyValueSpecification\",\"valueRequired\":true,\"valueName\":\"search_term_string\"}}],\"inLanguage\":\"fr-FR\"},{\"@type\":\"Organization\",\"@id\":\"https:\/\/www.fieldpiece.com\/fr\/#organization\",\"name\":\"Fieldpiece Instruments\",\"url\":\"https:\/\/www.fieldpiece.com\/fr\/\",\"logo\":{\"@type\":\"ImageObject\",\"inLanguage\":\"fr-FR\",\"@id\":\"https:\/\/www.fieldpiece.com\/fr\/#\/schema\/logo\/image\/\",\"url\":\"https:\/\/resources.fieldpiece.com\/wp-content\/uploads\/2021\/02\/Logos-490x358-1.jpg\",\"contentUrl\":\"https:\/\/resources.fieldpiece.com\/wp-content\/uploads\/2021\/02\/Logos-490x358-1.jpg\",\"width\":490,\"height\":358,\"caption\":\"Fieldpiece Instruments\"},\"image\":{\"@id\":\"https:\/\/www.fieldpiece.com\/fr\/#\/schema\/logo\/image\/\"}}]}<\/script>\n<!-- \/ Yoast SEO plugin. -->","yoast_head_json":{"title":"S365 - Housse de protection du chargeur pour d\u00e9tendeur thermique - Fieldpiece Instruments","robots":{"index":"index","follow":"follow","max-snippet":"max-snippet:-1","max-image-preview":"max-image-preview:large","max-video-preview":"max-video-preview:-1"},"canonical":"https:\/\/www.fieldpiece.com\/fr\/produit\/s365-charging-jacket-for-txv-systems\/","og_locale":"fr_FR","og_type":"article","og_title":"S365 - Housse de protection du chargeur pour d\u00e9tendeur thermique - Fieldpiece Instruments","og_description":"Charge \u00e0 une temp\u00e9rature ext\u00e9rieure situ\u00e9e entre\u00a03 et 21\u00a0\u00b0C (37 et 70\u00a0\u00b0F) Contrats de maintenance avant et apr\u00e8s les chaleurs ...","og_url":"https:\/\/www.fieldpiece.com\/fr\/produit\/s365-charging-jacket-for-txv-systems\/","og_site_name":"Fieldpiece Instruments","article_modified_time":"2021-11-16T12:25:11+00:00","og_image":[{"width":470,"height":470,"url":"https:\/\/www.fieldpiece.com\/wp-content\/uploads\/2021\/01\/S365-CharginJacket-SRC-Product.png","type":"image\/png"}],"twitter_card":"summary_large_image","twitter_misc":{"Dur\u00e9e de lecture estim\u00e9e":"3 minutes"},"schema":{"@context":"https:\/\/schema.org","@graph":[{"@type":"WebPage","@id":"https:\/\/www.fieldpiece.com\/fr\/produit\/s365-charging-jacket-for-txv-systems\/","url":"https:\/\/www.fieldpiece.com\/fr\/produit\/s365-charging-jacket-for-txv-systems\/","name":"S365 - Housse de protection du chargeur pour d\u00e9tendeur thermique - Fieldpiece Instruments","isPartOf":{"@id":"https:\/\/www.fieldpiece.com\/fr\/#website"},"primaryImageOfPage":{"@id":"https:\/\/www.fieldpiece.com\/fr\/produit\/s365-charging-jacket-for-txv-systems\/#primaryimage"},"image":{"@id":"https:\/\/www.fieldpiece.com\/fr\/produit\/s365-charging-jacket-for-txv-systems\/#primaryimage"},"thumbnailUrl":"https:\/\/resources.fieldpiece.com\/wp-content\/uploads\/2021\/01\/S365-CharginJacket-SRC-Product.png","datePublished":"2020-11-02T11:27:14+00:00","dateModified":"2021-11-16T12:25:11+00:00","breadcrumb":{"@id":"https:\/\/www.fieldpiece.com\/fr\/produit\/s365-charging-jacket-for-txv-systems\/#breadcrumb"},"inLanguage":"fr-FR","potentialAction":[{"@type":"ReadAction","target":["https:\/\/www.fieldpiece.com\/fr\/produit\/s365-charging-jacket-for-txv-systems\/"]}]},{"@type":"ImageObject","inLanguage":"fr-FR","@id":"https:\/\/www.fieldpiece.com\/fr\/produit\/s365-charging-jacket-for-txv-systems\/#primaryimage","url":"https:\/\/resources.fieldpiece.com\/wp-content\/uploads\/2021\/01\/S365-CharginJacket-SRC-Product.png","contentUrl":"https:\/\/resources.fieldpiece.com\/wp-content\/uploads\/2021\/01\/S365-CharginJacket-SRC-Product.png","width":470,"height":470,"caption":"S365 - Charging Jacket for TXV Systems"},{"@type":"BreadcrumbList","@id":"https:\/\/www.fieldpiece.com\/fr\/produit\/s365-charging-jacket-for-txv-systems\/#breadcrumb","itemListElement":[{"@type":"ListItem","position":1,"name":"Home","item":"https:\/\/www.fieldpiece.com\/fr\/"},{"@type":"ListItem","position":2,"name":"Shop","item":"https:\/\/www.fieldpiece.com\/shop\/"},{"@type":"ListItem","position":3,"name":"S365 &#8211; Housse de protection du chargeur pour d\u00e9tendeur thermique"}]},{"@type":"WebSite","@id":"https:\/\/www.fieldpiece.com\/fr\/#website","url":"https:\/\/www.fieldpiece.com\/fr\/","name":"Fieldpiece Instruments","description":"","publisher":{"@id":"https:\/\/www.fieldpiece.com\/fr\/#organization"},"potentialAction":[{"@type":"SearchAction","target":{"@type":"EntryPoint","urlTemplate":"https:\/\/www.fieldpiece.com\/fr\/?s={search_term_string}"},"query-input":{"@type":"PropertyValueSpecification","valueRequired":true,"valueName":"search_term_string"}}],"inLanguage":"fr-FR"},{"@type":"Organization","@id":"https:\/\/www.fieldpiece.com\/fr\/#organization","name":"Fieldpiece Instruments","url":"https:\/\/www.fieldpiece.com\/fr\/","logo":{"@type":"ImageObject","inLanguage":"fr-FR","@id":"https:\/\/www.fieldpiece.com\/fr\/#\/schema\/logo\/image\/","url":"https:\/\/resources.fieldpiece.com\/wp-content\/uploads\/2021\/02\/Logos-490x358-1.jpg","contentUrl":"https:\/\/resources.fieldpiece.com\/wp-content\/uploads\/2021\/02\/Logos-490x358-1.jpg","width":490,"height":358,"caption":"Fieldpiece Instruments"},"image":{"@id":"https:\/\/www.fieldpiece.com\/fr\/#\/schema\/logo\/image\/"}}]}},"_links":{"self":[{"href":"https:\/\/www.fieldpiece.com\/fr\/wp-json\/wp\/v2\/product\/17840","targetHints":{"allow":["GET"]}}],"collection":[{"href":"https:\/\/www.fieldpiece.com\/fr\/wp-json\/wp\/v2\/product"}],"about":[{"href":"https:\/\/www.fieldpiece.com\/fr\/wp-json\/wp\/v2\/types\/product"}],"replies":[{"embeddable":true,"href":"https:\/\/www.fieldpiece.com\/fr\/wp-json\/wp\/v2\/comments?post=17840"}],"wp:featuredmedia":[{"embeddable":true,"href":"https:\/\/www.fieldpiece.com\/fr\/wp-json\/wp\/v2\/media\/17842"}],"wp:attachment":[{"href":"https:\/\/www.fieldpiece.com\/fr\/wp-json\/wp\/v2\/media?parent=17840"}],"wp:term":[{"taxonomy":"product_brand","embeddable":true,"href":"https:\/\/www.fieldpiece.com\/fr\/wp-json\/wp\/v2\/product_brand?post=17840"},{"taxonomy":"product_cat","embeddable":true,"href":"https:\/\/www.fieldpiece.com\/fr\/wp-json\/wp\/v2\/product_cat?post=17840"},{"taxonomy":"product_tag","embeddable":true,"href":"https:\/\/www.fieldpiece.com\/fr\/wp-json\/wp\/v2\/product_tag?post=17840"}],"curies":[{"name":"wp","href":"https:\/\/api.w.org\/{rel}","templated":true}]}}