	{"id":17784,"date":"2020-11-02T11:27:40","date_gmt":"2020-11-02T11:27:40","guid":{"rendered":"https:\/\/www.fieldpiece.com\/product\/hs33-manual-and-auto-ranging\/"},"modified":"2021-11-24T18:45:11","modified_gmt":"2021-11-25T02:45:11","slug":"hs33-manual-and-auto-ranging","status":"publish","type":"product","link":"https:\/\/www.fieldpiece.com\/fr\/produit\/hs33-manual-and-auto-ranging\/","title":{"rendered":"HS33 &#8211; S\u00e9lection manuelle et automatique de plage de mesures"},"content":{"rendered":"<p>Compatible avec toutes les t\u00eates accessoires<br \/>\nTension sans contact<br \/>\nMicroamp\u00e8res CC pour test des diodes flamme<br \/>\n400\u00a0ACA avec pince incluse<br \/>\nTemp\u00e9rature maximale de 538\u00a0\u00b0C (1\u00a0000\u00a0\u00b0F)<br \/>\nLogement pratique pour les fils conducteurs<br \/>\nTest d&rsquo;une seule main en toute s\u00e9curit\u00e9<\/p>\n<p><strong>Multim\u00e8tre extensible con\u00e7u pour la maintenance CVCR sur le terrain &#8211; HS33<\/strong><br \/>\nLe multim\u00e8tre \u00e0 s\u00e9lection manuelle et automatique de plage de mesures HS33 comprend les tests dont vous avez besoin au quotidien pour la maintenance CVCR sur le terrain. Le HS33 est compatible avec toutes nos t\u00eates accessoires, tout comme le reste de la s\u00e9rie HS30. Il est dot\u00e9 d&rsquo;un support magn\u00e9tique, de fils conducteurs de test en silicone d\u00e9tachables et d&#8217;embouts de sonde \u00e0 pince crocodile pour les tests d&rsquo;une seule main pratiques effectu\u00e9s \u00e0 distance, ainsi qu&rsquo;une gamme compl\u00e8te de fonctionnalit\u00e9s de s\u00e9curit\u00e9 int\u00e9gr\u00e9es.\u00a0 Les mesures de temp\u00e9rature int\u00e9gr\u00e9es avec excellente compensation et plages de capacit\u00e9 sont un atout majeur.<\/p>\n<p>Les fils conducteurs de test \u00e0 embout amovible et les rallonges de sonde \u00e0 pince crocodile facilitent les tests d&rsquo;une seule main et permet de les effectuer en toute s\u00e9curit\u00e9. Le port de thermocouple de type\u00a0K sur la face avant du multim\u00e8tre vous permet de tester plusieurs param\u00e8tres CVCR depuis votre multim\u00e8tre. \u00a0 Et il contient toutes les fonctionnalit\u00e9s dont les professionnels de CVCR ont besoin\u00a0:<\/p>\n<ul>\n<li>D\u00e9tection de tension sans contact<\/li>\n<li>Indicateurs de haute tension et de continuit\u00e9<\/li>\n<li>Microamp\u00e8res<\/li>\n<li>Capacit\u00e9<\/li>\n<li>MIN\/MAX<\/li>\n<li>Temp\u00e9rature<\/li>\n<li>Bo\u00eetier robuste en ABS avec pare-chocs en caoutchouc<\/li>\n<li>Le support magn\u00e9tique int\u00e9gr\u00e9 vous permet de tester d&rsquo;une main ou mains libres<\/li>\n<li>Logement pour fils conducteurs int\u00e9gr\u00e9<\/li>\n<li>Il tient naturellement dans votre main gr\u00e2ce \u00e0 sa conception ergonomique<\/li>\n<li>Arr\u00eat automatique pour prolonger l&rsquo;autonomie<\/li>\n<\/ul>\n<p>Inclus\u00a0:<\/p>\n<ul>\n<li>Multim\u00e8tre de type b\u00e2ton extensible \u00e0 s\u00e9lection automatique de plage de mesures &#8211; HS33<\/li>\n<li>T\u00eate accessoire pince 400\u00a0A &#8211; ACH4<\/li>\n<li>Fils conducteurs de luxe en silicone &#8211; ADLS2<\/li>\n<li>Rallonges courtes de fils conducteurs \u00e0 pince crocodile &#8211; ASA2<\/li>\n<li>\u00c9tui de luxe pour multim\u00e8tre &#8211; ANC1<\/li>\n<li>Pile 9\u00a0V (install\u00e9e)<\/li>\n<li>Manuel d\u2019utilisation<\/li>\n<\/ul>\n","protected":false},"excerpt":{"rendered":"<p>Compatible avec toutes les t\u00eates accessoires Tension sans contact Microamp\u00e8res CC pour test des diodes flamme 400\u00a0ACA avec pince incluse &#8230;<\/p>\n","protected":false},"featured_media":35404,"comment_status":"open","ping_status":"closed","template":"","meta":{"_acf_changed":false},"product_brand":[],"product_cat":[131,173],"product_tag":[],"class_list":{"0":"post-17784","1":"product","2":"type-product","3":"status-publish","4":"has-post-thumbnail","6":"product_cat-electrical-meters-fr-2","7":"product_cat-stick-meters-fr-2","9":"first","10":"instock","11":"shipping-taxable","12":"product-type-simple"},"acf":[],"yoast_head":"<!-- This site is optimized with the Yoast SEO plugin v27.2 - https:\/\/yoast.com\/product\/yoast-seo-wordpress\/ -->\n<title>HS33 - S\u00e9lection manuelle et automatique de plage de mesures - Fieldpiece Instruments<\/title>\n<meta name=\"robots\" content=\"index, follow, max-snippet:-1, max-image-preview:large, max-video-preview:-1\" \/>\n<link rel=\"canonical\" href=\"https:\/\/www.fieldpiece.com\/fr\/produit\/hs33-manual-and-auto-ranging\/\" \/>\n<meta property=\"og:locale\" content=\"fr_FR\" \/>\n<meta property=\"og:type\" content=\"article\" \/>\n<meta property=\"og:title\" content=\"HS33 - S\u00e9lection manuelle et automatique de plage de mesures - Fieldpiece Instruments\" \/>\n<meta property=\"og:description\" content=\"Compatible avec toutes les t\u00eates accessoires Tension sans contact Microamp\u00e8res CC pour test des diodes flamme 400\u00a0ACA avec pince incluse ...\" \/>\n<meta property=\"og:url\" content=\"https:\/\/www.fieldpiece.com\/fr\/produit\/hs33-manual-and-auto-ranging\/\" \/>\n<meta property=\"og:site_name\" content=\"Fieldpiece Instruments\" \/>\n<meta property=\"article:modified_time\" content=\"2021-11-25T02:45:11+00:00\" \/>\n<meta property=\"og:image\" content=\"https:\/\/resources.fieldpiece.com\/wp-content\/uploads\/2020\/11\/HS33.png\" \/>\n\t<meta property=\"og:image:width\" content=\"470\" \/>\n\t<meta property=\"og:image:height\" content=\"470\" \/>\n\t<meta property=\"og:image:type\" content=\"image\/png\" \/>\n<meta name=\"twitter:card\" content=\"summary_large_image\" \/>\n<meta name=\"twitter:label1\" content=\"Dur\u00e9e de lecture estim\u00e9e\" \/>\n\t<meta name=\"twitter:data1\" content=\"2 minutes\" \/>\n<script type=\"application\/ld+json\" class=\"yoast-schema-graph\">{\"@context\":\"https:\/\/schema.org\",\"@graph\":[{\"@type\":\"WebPage\",\"@id\":\"https:\/\/www.fieldpiece.com\/fr\/produit\/hs33-manual-and-auto-ranging\/\",\"url\":\"https:\/\/www.fieldpiece.com\/fr\/produit\/hs33-manual-and-auto-ranging\/\",\"name\":\"HS33 - S\u00e9lection manuelle et automatique de plage de mesures - Fieldpiece Instruments\",\"isPartOf\":{\"@id\":\"https:\/\/www.fieldpiece.com\/fr\/#website\"},\"primaryImageOfPage\":{\"@id\":\"https:\/\/www.fieldpiece.com\/fr\/produit\/hs33-manual-and-auto-ranging\/#primaryimage\"},\"image\":{\"@id\":\"https:\/\/www.fieldpiece.com\/fr\/produit\/hs33-manual-and-auto-ranging\/#primaryimage\"},\"thumbnailUrl\":\"https:\/\/resources.fieldpiece.com\/wp-content\/uploads\/2020\/11\/HS33.png\",\"datePublished\":\"2020-11-02T11:27:40+00:00\",\"dateModified\":\"2021-11-25T02:45:11+00:00\",\"breadcrumb\":{\"@id\":\"https:\/\/www.fieldpiece.com\/fr\/produit\/hs33-manual-and-auto-ranging\/#breadcrumb\"},\"inLanguage\":\"fr-FR\",\"potentialAction\":[{\"@type\":\"ReadAction\",\"target\":[\"https:\/\/www.fieldpiece.com\/fr\/produit\/hs33-manual-and-auto-ranging\/\"]}]},{\"@type\":\"ImageObject\",\"inLanguage\":\"fr-FR\",\"@id\":\"https:\/\/www.fieldpiece.com\/fr\/produit\/hs33-manual-and-auto-ranging\/#primaryimage\",\"url\":\"https:\/\/resources.fieldpiece.com\/wp-content\/uploads\/2020\/11\/HS33.png\",\"contentUrl\":\"https:\/\/resources.fieldpiece.com\/wp-content\/uploads\/2020\/11\/HS33.png\",\"width\":470,\"height\":470,\"caption\":\"HS33 Expandable Digital Stick Manual Ranging Multimeter\"},{\"@type\":\"BreadcrumbList\",\"@id\":\"https:\/\/www.fieldpiece.com\/fr\/produit\/hs33-manual-and-auto-ranging\/#breadcrumb\",\"itemListElement\":[{\"@type\":\"ListItem\",\"position\":1,\"name\":\"Home\",\"item\":\"https:\/\/www.fieldpiece.com\/fr\/\"},{\"@type\":\"ListItem\",\"position\":2,\"name\":\"Shop\",\"item\":\"https:\/\/www.fieldpiece.com\/shop\/\"},{\"@type\":\"ListItem\",\"position\":3,\"name\":\"HS33 &#8211; S\u00e9lection manuelle et automatique de plage de mesures\"}]},{\"@type\":\"WebSite\",\"@id\":\"https:\/\/www.fieldpiece.com\/fr\/#website\",\"url\":\"https:\/\/www.fieldpiece.com\/fr\/\",\"name\":\"Fieldpiece Instruments\",\"description\":\"\",\"publisher\":{\"@id\":\"https:\/\/www.fieldpiece.com\/fr\/#organization\"},\"potentialAction\":[{\"@type\":\"SearchAction\",\"target\":{\"@type\":\"EntryPoint\",\"urlTemplate\":\"https:\/\/www.fieldpiece.com\/fr\/?s={search_term_string}\"},\"query-input\":{\"@type\":\"PropertyValueSpecification\",\"valueRequired\":true,\"valueName\":\"search_term_string\"}}],\"inLanguage\":\"fr-FR\"},{\"@type\":\"Organization\",\"@id\":\"https:\/\/www.fieldpiece.com\/fr\/#organization\",\"name\":\"Fieldpiece Instruments\",\"url\":\"https:\/\/www.fieldpiece.com\/fr\/\",\"logo\":{\"@type\":\"ImageObject\",\"inLanguage\":\"fr-FR\",\"@id\":\"https:\/\/www.fieldpiece.com\/fr\/#\/schema\/logo\/image\/\",\"url\":\"https:\/\/resources.fieldpiece.com\/wp-content\/uploads\/2021\/02\/Logos-490x358-1.jpg\",\"contentUrl\":\"https:\/\/resources.fieldpiece.com\/wp-content\/uploads\/2021\/02\/Logos-490x358-1.jpg\",\"width\":490,\"height\":358,\"caption\":\"Fieldpiece Instruments\"},\"image\":{\"@id\":\"https:\/\/www.fieldpiece.com\/fr\/#\/schema\/logo\/image\/\"}}]}<\/script>\n<!-- \/ Yoast SEO plugin. -->","yoast_head_json":{"title":"HS33 - S\u00e9lection manuelle et automatique de plage de mesures - Fieldpiece Instruments","robots":{"index":"index","follow":"follow","max-snippet":"max-snippet:-1","max-image-preview":"max-image-preview:large","max-video-preview":"max-video-preview:-1"},"canonical":"https:\/\/www.fieldpiece.com\/fr\/produit\/hs33-manual-and-auto-ranging\/","og_locale":"fr_FR","og_type":"article","og_title":"HS33 - S\u00e9lection manuelle et automatique de plage de mesures - Fieldpiece Instruments","og_description":"Compatible avec toutes les t\u00eates accessoires Tension sans contact Microamp\u00e8res CC pour test des diodes flamme 400\u00a0ACA avec pince incluse ...","og_url":"https:\/\/www.fieldpiece.com\/fr\/produit\/hs33-manual-and-auto-ranging\/","og_site_name":"Fieldpiece Instruments","article_modified_time":"2021-11-25T02:45:11+00:00","og_image":[{"width":470,"height":470,"url":"https:\/\/resources.fieldpiece.com\/wp-content\/uploads\/2020\/11\/HS33.png","type":"image\/png"}],"twitter_card":"summary_large_image","twitter_misc":{"Dur\u00e9e de lecture estim\u00e9e":"2 minutes"},"schema":{"@context":"https:\/\/schema.org","@graph":[{"@type":"WebPage","@id":"https:\/\/www.fieldpiece.com\/fr\/produit\/hs33-manual-and-auto-ranging\/","url":"https:\/\/www.fieldpiece.com\/fr\/produit\/hs33-manual-and-auto-ranging\/","name":"HS33 - S\u00e9lection manuelle et automatique de plage de mesures - Fieldpiece Instruments","isPartOf":{"@id":"https:\/\/www.fieldpiece.com\/fr\/#website"},"primaryImageOfPage":{"@id":"https:\/\/www.fieldpiece.com\/fr\/produit\/hs33-manual-and-auto-ranging\/#primaryimage"},"image":{"@id":"https:\/\/www.fieldpiece.com\/fr\/produit\/hs33-manual-and-auto-ranging\/#primaryimage"},"thumbnailUrl":"https:\/\/resources.fieldpiece.com\/wp-content\/uploads\/2020\/11\/HS33.png","datePublished":"2020-11-02T11:27:40+00:00","dateModified":"2021-11-25T02:45:11+00:00","breadcrumb":{"@id":"https:\/\/www.fieldpiece.com\/fr\/produit\/hs33-manual-and-auto-ranging\/#breadcrumb"},"inLanguage":"fr-FR","potentialAction":[{"@type":"ReadAction","target":["https:\/\/www.fieldpiece.com\/fr\/produit\/hs33-manual-and-auto-ranging\/"]}]},{"@type":"ImageObject","inLanguage":"fr-FR","@id":"https:\/\/www.fieldpiece.com\/fr\/produit\/hs33-manual-and-auto-ranging\/#primaryimage","url":"https:\/\/resources.fieldpiece.com\/wp-content\/uploads\/2020\/11\/HS33.png","contentUrl":"https:\/\/resources.fieldpiece.com\/wp-content\/uploads\/2020\/11\/HS33.png","width":470,"height":470,"caption":"HS33 Expandable Digital Stick Manual Ranging Multimeter"},{"@type":"BreadcrumbList","@id":"https:\/\/www.fieldpiece.com\/fr\/produit\/hs33-manual-and-auto-ranging\/#breadcrumb","itemListElement":[{"@type":"ListItem","position":1,"name":"Home","item":"https:\/\/www.fieldpiece.com\/fr\/"},{"@type":"ListItem","position":2,"name":"Shop","item":"https:\/\/www.fieldpiece.com\/shop\/"},{"@type":"ListItem","position":3,"name":"HS33 &#8211; S\u00e9lection manuelle et automatique de plage de mesures"}]},{"@type":"WebSite","@id":"https:\/\/www.fieldpiece.com\/fr\/#website","url":"https:\/\/www.fieldpiece.com\/fr\/","name":"Fieldpiece Instruments","description":"","publisher":{"@id":"https:\/\/www.fieldpiece.com\/fr\/#organization"},"potentialAction":[{"@type":"SearchAction","target":{"@type":"EntryPoint","urlTemplate":"https:\/\/www.fieldpiece.com\/fr\/?s={search_term_string}"},"query-input":{"@type":"PropertyValueSpecification","valueRequired":true,"valueName":"search_term_string"}}],"inLanguage":"fr-FR"},{"@type":"Organization","@id":"https:\/\/www.fieldpiece.com\/fr\/#organization","name":"Fieldpiece Instruments","url":"https:\/\/www.fieldpiece.com\/fr\/","logo":{"@type":"ImageObject","inLanguage":"fr-FR","@id":"https:\/\/www.fieldpiece.com\/fr\/#\/schema\/logo\/image\/","url":"https:\/\/resources.fieldpiece.com\/wp-content\/uploads\/2021\/02\/Logos-490x358-1.jpg","contentUrl":"https:\/\/resources.fieldpiece.com\/wp-content\/uploads\/2021\/02\/Logos-490x358-1.jpg","width":490,"height":358,"caption":"Fieldpiece Instruments"},"image":{"@id":"https:\/\/www.fieldpiece.com\/fr\/#\/schema\/logo\/image\/"}}]}},"_links":{"self":[{"href":"https:\/\/www.fieldpiece.com\/fr\/wp-json\/wp\/v2\/product\/17784","targetHints":{"allow":["GET"]}}],"collection":[{"href":"https:\/\/www.fieldpiece.com\/fr\/wp-json\/wp\/v2\/product"}],"about":[{"href":"https:\/\/www.fieldpiece.com\/fr\/wp-json\/wp\/v2\/types\/product"}],"replies":[{"embeddable":true,"href":"https:\/\/www.fieldpiece.com\/fr\/wp-json\/wp\/v2\/comments?post=17784"}],"wp:featuredmedia":[{"embeddable":true,"href":"https:\/\/www.fieldpiece.com\/fr\/wp-json\/wp\/v2\/media\/35404"}],"wp:attachment":[{"href":"https:\/\/www.fieldpiece.com\/fr\/wp-json\/wp\/v2\/media?parent=17784"}],"wp:term":[{"taxonomy":"product_brand","embeddable":true,"href":"https:\/\/www.fieldpiece.com\/fr\/wp-json\/wp\/v2\/product_brand?post=17784"},{"taxonomy":"product_cat","embeddable":true,"href":"https:\/\/www.fieldpiece.com\/fr\/wp-json\/wp\/v2\/product_cat?post=17784"},{"taxonomy":"product_tag","embeddable":true,"href":"https:\/\/www.fieldpiece.com\/fr\/wp-json\/wp\/v2\/product_tag?post=17784"}],"curies":[{"name":"wp","href":"https:\/\/api.w.org\/{rel}","templated":true}]}}