	{"id":17756,"date":"2020-11-02T11:27:46","date_gmt":"2020-11-02T11:27:46","guid":{"rendered":"https:\/\/www.fieldpiece.com\/product\/hs36-true-rms-with-backlight\/"},"modified":"2021-11-16T04:03:41","modified_gmt":"2021-11-16T12:03:41","slug":"hs36-true-rms-with-backlight","status":"publish","type":"product","link":"https:\/\/www.fieldpiece.com\/fr\/produit\/hs36-true-rms-with-backlight\/","title":{"rendered":"HS36 &#8211; MQ r\u00e9elle avec r\u00e9tro-\u00e9clairage"},"content":{"rendered":"<p>Compatible avec toutes les t\u00eates accessoires<br \/>\nD\u00e9tection de tension sans contact<br \/>\nMicroamp\u00e8res CC pour diodes flamme<br \/>\n400 ACA avec pince incluse<br \/>\nTemp\u00e9rature maximale de 538 \u00b0C (1 000 \u00b0F)<br \/>\nLogement pour fil conducteur<\/p>\n<p><strong>Multim\u00e8tre de type b\u00e2ton \u00e0 MQ r\u00e9elle extensible avec r\u00e9tro-\u00e9clairage \u2013 Con\u00e7u pour les interventions de CVCR \u2013 HS36<\/strong><br \/>\nLe HS36, notre multim\u00e8tre de type b\u00e2ton haut de gamme, comprend les plages que vous utilisez tous les jours pour les interventions de CVCR, ainsi qu\u2019un r\u00e9tro\u00e9clairage bleu et une MQ r\u00e9elle. Tout comme les autres multim\u00e8tres de la s\u00e9rie HS30, le HS36 est dot\u00e9 d\u2019un support magn\u00e9tique, de fils conducteurs de test en silicone d\u00e9tachables et d\u2019embouts de sonde \u00e0 pince crocodile pour les tests d\u2019une seule main pratiques effectu\u00e9s \u00e0 distance, ainsi qu\u2019une gamme compl\u00e8te de fonctionnalit\u00e9s de s\u00e9curit\u00e9 int\u00e9gr\u00e9es.\u00a0 Ce multim\u00e8tre de type b\u00e2ton \u00e0 s\u00e9lection automatique de plage de mesures comprend \u00e9galement un graphique \u00e0 barres sur l\u2019affichage LCD pour une exp\u00e9rience analogique. Les techniciens qui pr\u00e9f\u00e8rent nos multim\u00e8tres de type b\u00e2ton extensibles affirment qu\u2019il s\u2019agit du meilleur multim\u00e8tre num\u00e9rique pour la maintenance CVCR sur le terrain.<\/p>\n<p>La s\u00e9rie de multim\u00e8tres HS est unique dans le secteur de CVCR. Elle comprend de nombreuses fonctionnalit\u00e9s de s\u00e9curit\u00e9 dont certaines sont visibles et d\u2019autres dissimul\u00e9es.\u00a0 De plus, la s\u00e9rie HS est compatible avec les t\u00eates accessoires d\u2019instruments de test modulaires pour vous fournir davantage de capacit\u00e9s de test sans avoir \u00e0 investir dans des instruments co\u00fbteux.\u00a0 Et elle contient toutes les fonctionnalit\u00e9s dont les techniciens de CVCR ont besoin\u00a0:<\/p>\n<ul>\n<li>D\u00e9tection de tension sans contact<\/li>\n<li>Indicateurs de haute tension et de continuit\u00e9<\/li>\n<li>Microamp\u00e8res<\/li>\n<li>Capacit\u00e9<\/li>\n<li>MIN\/MAX<\/li>\n<li>Temp\u00e9rature<\/li>\n<li>Fils conducteurs en silicone avec embouts de sonde d\u00e9tachables<\/li>\n<li>Bo\u00eetier robuste en ABS avec pare-chocs en caoutchouc<\/li>\n<li>Le support magn\u00e9tique int\u00e9gr\u00e9 vous permet de tester d&rsquo;une main ou mains libres<\/li>\n<li>Logement pour fils conducteurs int\u00e9gr\u00e9<\/li>\n<li>Il tient naturellement dans votre main gr\u00e2ce \u00e0 sa conception ergonomique<\/li>\n<li>Arr\u00eat automatique pour prolonger l&rsquo;autonomie<\/li>\n<\/ul>\n<p>Comprend\u00a0:<\/p>\n<ul>\n<li>Multim\u00e8tre de type b\u00e2ton \u00e0 MQ r\u00e9elle extensible avec r\u00e9tro-\u00e9clairage &#8211; HS36<\/li>\n<li>T\u00eate accessoire pince 400\u00a0A &#8211; ACH4<\/li>\n<li>Fils conducteurs de luxe en silicone &#8211; ADLS2<\/li>\n<li>Rallonges courtes de fils conducteurs \u00e0 pince crocodile \u2013 ASA2<\/li>\n<li>\u00c9tui de luxe pour multim\u00e8tre &#8211; ANC1<\/li>\n<li>Pile 9\u00a0V (install\u00e9e)<\/li>\n<li>Manuel d\u2019utilisation<\/li>\n<\/ul>\n","protected":false},"excerpt":{"rendered":"<p>Compatible avec toutes les t\u00eates accessoires D\u00e9tection de tension sans contact Microamp\u00e8res CC pour diodes flamme 400 ACA avec pince &#8230;<\/p>\n","protected":false},"featured_media":17758,"comment_status":"open","ping_status":"closed","template":"","meta":{"_acf_changed":false},"product_brand":[],"product_cat":[131,173],"product_tag":[],"class_list":{"0":"post-17756","1":"product","2":"type-product","3":"status-publish","4":"has-post-thumbnail","6":"product_cat-electrical-meters-fr-2","7":"product_cat-stick-meters-fr-2","9":"first","10":"instock","11":"shipping-taxable","12":"product-type-simple"},"acf":[],"yoast_head":"<!-- This site is optimized with the Yoast SEO plugin v27.3 - https:\/\/yoast.com\/product\/yoast-seo-wordpress\/ -->\n<title>HS36 - MQ r\u00e9elle avec r\u00e9tro-\u00e9clairage - Fieldpiece Instruments<\/title>\n<meta name=\"robots\" content=\"index, follow, max-snippet:-1, max-image-preview:large, max-video-preview:-1\" \/>\n<link rel=\"canonical\" href=\"https:\/\/www.fieldpiece.com\/fr\/produit\/hs36-true-rms-with-backlight\/\" \/>\n<meta property=\"og:locale\" content=\"fr_FR\" \/>\n<meta property=\"og:type\" content=\"article\" \/>\n<meta property=\"og:title\" content=\"HS36 - MQ r\u00e9elle avec r\u00e9tro-\u00e9clairage - Fieldpiece Instruments\" \/>\n<meta property=\"og:description\" content=\"Compatible avec toutes les t\u00eates accessoires D\u00e9tection de tension sans contact Microamp\u00e8res CC pour diodes flamme 400 ACA avec pince ...\" \/>\n<meta property=\"og:url\" content=\"https:\/\/www.fieldpiece.com\/fr\/produit\/hs36-true-rms-with-backlight\/\" \/>\n<meta property=\"og:site_name\" content=\"Fieldpiece Instruments\" \/>\n<meta property=\"article:modified_time\" content=\"2021-11-16T12:03:41+00:00\" \/>\n<meta property=\"og:image\" content=\"https:\/\/resources.fieldpiece.com\/wp-content\/uploads\/2021\/01\/HS36-SRC-product.png\" \/>\n\t<meta property=\"og:image:width\" content=\"470\" \/>\n\t<meta property=\"og:image:height\" content=\"470\" \/>\n\t<meta property=\"og:image:type\" content=\"image\/png\" \/>\n<meta name=\"twitter:card\" content=\"summary_large_image\" \/>\n<meta name=\"twitter:label1\" content=\"Dur\u00e9e de lecture estim\u00e9e\" \/>\n\t<meta name=\"twitter:data1\" content=\"2 minutes\" \/>\n<script type=\"application\/ld+json\" class=\"yoast-schema-graph\">{\"@context\":\"https:\\\/\\\/schema.org\",\"@graph\":[{\"@type\":\"WebPage\",\"@id\":\"https:\\\/\\\/www.fieldpiece.com\\\/fr\\\/produit\\\/hs36-true-rms-with-backlight\\\/\",\"url\":\"https:\\\/\\\/www.fieldpiece.com\\\/fr\\\/produit\\\/hs36-true-rms-with-backlight\\\/\",\"name\":\"HS36 - MQ r\u00e9elle avec r\u00e9tro-\u00e9clairage - Fieldpiece Instruments\",\"isPartOf\":{\"@id\":\"https:\\\/\\\/www.fieldpiece.com\\\/fr\\\/#website\"},\"primaryImageOfPage\":{\"@id\":\"https:\\\/\\\/www.fieldpiece.com\\\/fr\\\/produit\\\/hs36-true-rms-with-backlight\\\/#primaryimage\"},\"image\":{\"@id\":\"https:\\\/\\\/www.fieldpiece.com\\\/fr\\\/produit\\\/hs36-true-rms-with-backlight\\\/#primaryimage\"},\"thumbnailUrl\":\"https:\\\/\\\/resources.fieldpiece.com\\\/wp-content\\\/uploads\\\/2021\\\/01\\\/HS36-SRC-product.png\",\"datePublished\":\"2020-11-02T11:27:46+00:00\",\"dateModified\":\"2021-11-16T12:03:41+00:00\",\"breadcrumb\":{\"@id\":\"https:\\\/\\\/www.fieldpiece.com\\\/fr\\\/produit\\\/hs36-true-rms-with-backlight\\\/#breadcrumb\"},\"inLanguage\":\"fr-FR\",\"potentialAction\":[{\"@type\":\"ReadAction\",\"target\":[\"https:\\\/\\\/www.fieldpiece.com\\\/fr\\\/produit\\\/hs36-true-rms-with-backlight\\\/\"]}]},{\"@type\":\"ImageObject\",\"inLanguage\":\"fr-FR\",\"@id\":\"https:\\\/\\\/www.fieldpiece.com\\\/fr\\\/produit\\\/hs36-true-rms-with-backlight\\\/#primaryimage\",\"url\":\"https:\\\/\\\/resources.fieldpiece.com\\\/wp-content\\\/uploads\\\/2021\\\/01\\\/HS36-SRC-product.png\",\"contentUrl\":\"https:\\\/\\\/resources.fieldpiece.com\\\/wp-content\\\/uploads\\\/2021\\\/01\\\/HS36-SRC-product.png\",\"width\":470,\"height\":470,\"caption\":\"HS36 True Pocket RMS Expandable Multimeter Kit with Backlight\"},{\"@type\":\"BreadcrumbList\",\"@id\":\"https:\\\/\\\/www.fieldpiece.com\\\/fr\\\/produit\\\/hs36-true-rms-with-backlight\\\/#breadcrumb\",\"itemListElement\":[{\"@type\":\"ListItem\",\"position\":1,\"name\":\"Home\",\"item\":\"https:\\\/\\\/www.fieldpiece.com\\\/fr\\\/\"},{\"@type\":\"ListItem\",\"position\":2,\"name\":\"Shop\",\"item\":\"https:\\\/\\\/www.fieldpiece.com\\\/shop\\\/\"},{\"@type\":\"ListItem\",\"position\":3,\"name\":\"HS36 &#8211; MQ r\u00e9elle avec r\u00e9tro-\u00e9clairage\"}]},{\"@type\":\"WebSite\",\"@id\":\"https:\\\/\\\/www.fieldpiece.com\\\/fr\\\/#website\",\"url\":\"https:\\\/\\\/www.fieldpiece.com\\\/fr\\\/\",\"name\":\"Fieldpiece Instruments\",\"description\":\"\",\"publisher\":{\"@id\":\"https:\\\/\\\/www.fieldpiece.com\\\/fr\\\/#organization\"},\"potentialAction\":[{\"@type\":\"SearchAction\",\"target\":{\"@type\":\"EntryPoint\",\"urlTemplate\":\"https:\\\/\\\/www.fieldpiece.com\\\/fr\\\/?s={search_term_string}\"},\"query-input\":{\"@type\":\"PropertyValueSpecification\",\"valueRequired\":true,\"valueName\":\"search_term_string\"}}],\"inLanguage\":\"fr-FR\"},{\"@type\":\"Organization\",\"@id\":\"https:\\\/\\\/www.fieldpiece.com\\\/fr\\\/#organization\",\"name\":\"Fieldpiece Instruments\",\"url\":\"https:\\\/\\\/www.fieldpiece.com\\\/fr\\\/\",\"logo\":{\"@type\":\"ImageObject\",\"inLanguage\":\"fr-FR\",\"@id\":\"https:\\\/\\\/www.fieldpiece.com\\\/fr\\\/#\\\/schema\\\/logo\\\/image\\\/\",\"url\":\"https:\\\/\\\/resources.fieldpiece.com\\\/wp-content\\\/uploads\\\/2021\\\/02\\\/Logos-490x358-1.jpg\",\"contentUrl\":\"https:\\\/\\\/resources.fieldpiece.com\\\/wp-content\\\/uploads\\\/2021\\\/02\\\/Logos-490x358-1.jpg\",\"width\":490,\"height\":358,\"caption\":\"Fieldpiece Instruments\"},\"image\":{\"@id\":\"https:\\\/\\\/www.fieldpiece.com\\\/fr\\\/#\\\/schema\\\/logo\\\/image\\\/\"}}]}<\/script>\n<!-- \/ Yoast SEO plugin. -->","yoast_head_json":{"title":"HS36 - MQ r\u00e9elle avec r\u00e9tro-\u00e9clairage - Fieldpiece Instruments","robots":{"index":"index","follow":"follow","max-snippet":"max-snippet:-1","max-image-preview":"max-image-preview:large","max-video-preview":"max-video-preview:-1"},"canonical":"https:\/\/www.fieldpiece.com\/fr\/produit\/hs36-true-rms-with-backlight\/","og_locale":"fr_FR","og_type":"article","og_title":"HS36 - MQ r\u00e9elle avec r\u00e9tro-\u00e9clairage - Fieldpiece Instruments","og_description":"Compatible avec toutes les t\u00eates accessoires D\u00e9tection de tension sans contact Microamp\u00e8res CC pour diodes flamme 400 ACA avec pince ...","og_url":"https:\/\/www.fieldpiece.com\/fr\/produit\/hs36-true-rms-with-backlight\/","og_site_name":"Fieldpiece Instruments","article_modified_time":"2021-11-16T12:03:41+00:00","og_image":[{"width":470,"height":470,"url":"https:\/\/resources.fieldpiece.com\/wp-content\/uploads\/2021\/01\/HS36-SRC-product.png","type":"image\/png"}],"twitter_card":"summary_large_image","twitter_misc":{"Dur\u00e9e de lecture estim\u00e9e":"2 minutes"},"schema":{"@context":"https:\/\/schema.org","@graph":[{"@type":"WebPage","@id":"https:\/\/www.fieldpiece.com\/fr\/produit\/hs36-true-rms-with-backlight\/","url":"https:\/\/www.fieldpiece.com\/fr\/produit\/hs36-true-rms-with-backlight\/","name":"HS36 - MQ r\u00e9elle avec r\u00e9tro-\u00e9clairage - Fieldpiece Instruments","isPartOf":{"@id":"https:\/\/www.fieldpiece.com\/fr\/#website"},"primaryImageOfPage":{"@id":"https:\/\/www.fieldpiece.com\/fr\/produit\/hs36-true-rms-with-backlight\/#primaryimage"},"image":{"@id":"https:\/\/www.fieldpiece.com\/fr\/produit\/hs36-true-rms-with-backlight\/#primaryimage"},"thumbnailUrl":"https:\/\/resources.fieldpiece.com\/wp-content\/uploads\/2021\/01\/HS36-SRC-product.png","datePublished":"2020-11-02T11:27:46+00:00","dateModified":"2021-11-16T12:03:41+00:00","breadcrumb":{"@id":"https:\/\/www.fieldpiece.com\/fr\/produit\/hs36-true-rms-with-backlight\/#breadcrumb"},"inLanguage":"fr-FR","potentialAction":[{"@type":"ReadAction","target":["https:\/\/www.fieldpiece.com\/fr\/produit\/hs36-true-rms-with-backlight\/"]}]},{"@type":"ImageObject","inLanguage":"fr-FR","@id":"https:\/\/www.fieldpiece.com\/fr\/produit\/hs36-true-rms-with-backlight\/#primaryimage","url":"https:\/\/resources.fieldpiece.com\/wp-content\/uploads\/2021\/01\/HS36-SRC-product.png","contentUrl":"https:\/\/resources.fieldpiece.com\/wp-content\/uploads\/2021\/01\/HS36-SRC-product.png","width":470,"height":470,"caption":"HS36 True Pocket RMS Expandable Multimeter Kit with Backlight"},{"@type":"BreadcrumbList","@id":"https:\/\/www.fieldpiece.com\/fr\/produit\/hs36-true-rms-with-backlight\/#breadcrumb","itemListElement":[{"@type":"ListItem","position":1,"name":"Home","item":"https:\/\/www.fieldpiece.com\/fr\/"},{"@type":"ListItem","position":2,"name":"Shop","item":"https:\/\/www.fieldpiece.com\/shop\/"},{"@type":"ListItem","position":3,"name":"HS36 &#8211; MQ r\u00e9elle avec r\u00e9tro-\u00e9clairage"}]},{"@type":"WebSite","@id":"https:\/\/www.fieldpiece.com\/fr\/#website","url":"https:\/\/www.fieldpiece.com\/fr\/","name":"Fieldpiece Instruments","description":"","publisher":{"@id":"https:\/\/www.fieldpiece.com\/fr\/#organization"},"potentialAction":[{"@type":"SearchAction","target":{"@type":"EntryPoint","urlTemplate":"https:\/\/www.fieldpiece.com\/fr\/?s={search_term_string}"},"query-input":{"@type":"PropertyValueSpecification","valueRequired":true,"valueName":"search_term_string"}}],"inLanguage":"fr-FR"},{"@type":"Organization","@id":"https:\/\/www.fieldpiece.com\/fr\/#organization","name":"Fieldpiece Instruments","url":"https:\/\/www.fieldpiece.com\/fr\/","logo":{"@type":"ImageObject","inLanguage":"fr-FR","@id":"https:\/\/www.fieldpiece.com\/fr\/#\/schema\/logo\/image\/","url":"https:\/\/resources.fieldpiece.com\/wp-content\/uploads\/2021\/02\/Logos-490x358-1.jpg","contentUrl":"https:\/\/resources.fieldpiece.com\/wp-content\/uploads\/2021\/02\/Logos-490x358-1.jpg","width":490,"height":358,"caption":"Fieldpiece Instruments"},"image":{"@id":"https:\/\/www.fieldpiece.com\/fr\/#\/schema\/logo\/image\/"}}]}},"_links":{"self":[{"href":"https:\/\/www.fieldpiece.com\/fr\/wp-json\/wp\/v2\/product\/17756","targetHints":{"allow":["GET"]}}],"collection":[{"href":"https:\/\/www.fieldpiece.com\/fr\/wp-json\/wp\/v2\/product"}],"about":[{"href":"https:\/\/www.fieldpiece.com\/fr\/wp-json\/wp\/v2\/types\/product"}],"replies":[{"embeddable":true,"href":"https:\/\/www.fieldpiece.com\/fr\/wp-json\/wp\/v2\/comments?post=17756"}],"wp:featuredmedia":[{"embeddable":true,"href":"https:\/\/www.fieldpiece.com\/fr\/wp-json\/wp\/v2\/media\/17758"}],"wp:attachment":[{"href":"https:\/\/www.fieldpiece.com\/fr\/wp-json\/wp\/v2\/media?parent=17756"}],"wp:term":[{"taxonomy":"product_brand","embeddable":true,"href":"https:\/\/www.fieldpiece.com\/fr\/wp-json\/wp\/v2\/product_brand?post=17756"},{"taxonomy":"product_cat","embeddable":true,"href":"https:\/\/www.fieldpiece.com\/fr\/wp-json\/wp\/v2\/product_cat?post=17756"},{"taxonomy":"product_tag","embeddable":true,"href":"https:\/\/www.fieldpiece.com\/fr\/wp-json\/wp\/v2\/product_tag?post=17756"}],"curies":[{"name":"wp","href":"https:\/\/api.w.org\/{rel}","templated":true}]}}