	{"id":17736,"date":"2020-11-02T11:27:53","date_gmt":"2020-11-02T11:27:53","guid":{"rendered":"https:\/\/www.fieldpiece.com\/product\/lt17a-digital-meter\/"},"modified":"2021-11-16T04:00:43","modified_gmt":"2021-11-16T12:00:43","slug":"lt17a-digital-meter","status":"publish","type":"product","link":"https:\/\/www.fieldpiece.com\/fr\/produit\/lt17a-digital-meter\/","title":{"rendered":"LT17A &#8211; Multim\u00e8tre num\u00e9rique"},"content":{"rendered":"<p>Temp\u00e9rature maximale de 760\u00a0\u00b0C (1\u00a0400\u00a0\u00b0F)<br \/>\n400\u00a0ACA avec pince incluse<br \/>\nCapacit\u00e9 maximale de 200\u00a0(\u00b5F)<br \/>\nCompatible avec les t\u00eates accessoires<br \/>\nMicroamp\u00e8res pour les tests des diodes flamme<br \/>\nFr\u00e9quence pour configuration moteur  <\/p>\n<p><strong>Multim\u00e8tre num\u00e9rique classique avec mesures de temp\u00e9rature, capacit\u00e9, microamp\u00e8res, fr\u00e9quence et r\u00e9tro-\u00e9clairage &#8211; Le meilleur rapport qualit\u00e9-prix &#8211; LT17A<\/strong><br \/>\nCe multim\u00e8tre manuel vous fournit les param\u00e8tres et les plages dont vous avez besoin pour la plupart des applications de CVCR.\u00a0 Le multim\u00e8tre LT17A mesure l&rsquo;intensit\u00e9, la r\u00e9sistance, la tension, la capacit\u00e9, la fr\u00e9quence, la continuit\u00e9 et la temp\u00e9rature. Les fils conducteurs de test se rangent dans le corps du multim\u00e8tre et se raccordent \u00e0 toute t\u00eate accessoire Fieldpiece, une fois les embouts de sonde retir\u00e9s. Le corps est en plastique ABS durable et le r\u00e9tro-\u00e9clairage bleu lumineux est parfaitement adapt\u00e9 aux zones de test mal \u00e9clair\u00e9s. Le thermocouple de type\u00a0K inclus et un potentiom\u00e8tre d&rsquo;\u00e9talonnage de temp\u00e9rature facile d&rsquo;acc\u00e8s permettent d&rsquo;obtenir des r\u00e9sultats pr\u00e9cis.<\/p>\n<p>Les capacit\u00e9s de test int\u00e9gr\u00e9es \u00e0 ce multim\u00e8tre classique en font son principal atout. Outre toutes les plages de mesure disponibles, il permet de relever directement la temp\u00e9rature et est compatible avec toutes nos t\u00eates accessoires. Ceci en fait un des multim\u00e8tres classiques les plus polyvalents du secteur de CVCR.<\/p>\n<ul>\n<li>Compatible avec les t\u00eates accessoires Fieldpiece<\/li>\n<li>Indicateur de continuit\u00e9<\/li>\n<li>400\u00a0ACA<\/li>\n<li>Capacit\u00e9 (\u00b5F)<\/li>\n<li>Temp\u00e9rature<\/li>\n<li>Microamp\u00e8res CC &#8211; Tests de rectification de flamme<\/li>\n<li>Fr\u00e9quence<\/li>\n<li>Fils conducteurs en silicone avec sonde d\u00e9tachable et \u00e9tui<\/li>\n<li>Socle inclinable et porteur magn\u00e9tique<\/li>\n<li>R\u00e9tro-\u00e9clairage bleu lumineux<\/li>\n<li>MAX.\/MIN. M\u00e9morisation<\/li>\n<li>Enregistrement des mesures max. et min. pendant un relev\u00e9 Appuyez sur le bouton pendant plus de 2\u00a0secondes pour quitter la fonction MIN\/MAX<\/li>\n<li>Volt CA<\/li>\n<li>Volt CC<\/li>\n<li>R\u00e9sistance (ohms)<\/li>\n<li>Test des diodes<\/li>\n<li>Bo\u00eetier robuste en ABS avec semelle en caoutchouc<\/li>\n<li>Ce multim\u00e8tre classique tient naturellement dans la main<\/li>\n<li>Arr\u00eat automatique pour prolonger l&rsquo;autonomie<\/li>\n<\/ul>\n<p>Inclus\u00a0: <\/p>\n<ul>\n<li>Pince multim\u00e8tre classique avec mesure de temp\u00e9rature &#8211; LT17A<\/li>\n<li>Fils conducteurs de luxe en silicone &#8211; ADLS2<\/li>\n<li>T\u00eate accessoire pince 400\u00a0A &#8211; ACH4<\/li>\n<li>Thermocouple \u00e0 bille avec languette d&rsquo;enroulement &#8211; ATB1<\/li>\n<li>Rallonges courtes de fils conducteurs \u00e0 pince crocodile &#8211; ASA2<\/li>\n<li>Poche pour instruments &#8211; ANC5<\/li>\n<li>Pile 9\u00a0V (install\u00e9e)<\/li>\n<li>Manuel d\u2019utilisation<\/li>\n<\/ul>\n","protected":false},"excerpt":{"rendered":"<p>Temp\u00e9rature maximale de 760\u00a0\u00b0C (1\u00a0400\u00a0\u00b0F) 400\u00a0ACA avec pince incluse Capacit\u00e9 maximale de 200\u00a0(\u00b5F) Compatible avec les t\u00eates accessoires Microamp\u00e8res pour &#8230;<\/p>\n","protected":false},"featured_media":17738,"comment_status":"open","ping_status":"closed","template":"","meta":{"_acf_changed":false},"product_brand":[],"product_cat":[169,131],"product_tag":[],"class_list":{"0":"post-17736","1":"product","2":"type-product","3":"status-publish","4":"has-post-thumbnail","6":"product_cat-bench-meter-fr-2","7":"product_cat-electrical-meters-fr-2","9":"first","10":"instock","11":"shipping-taxable","12":"product-type-simple"},"acf":[],"yoast_head":"<!-- This site is optimized with the Yoast SEO plugin v27.2 - https:\/\/yoast.com\/product\/yoast-seo-wordpress\/ -->\n<title>LT17A - Multim\u00e8tre num\u00e9rique - Fieldpiece Instruments<\/title>\n<meta name=\"robots\" content=\"index, follow, max-snippet:-1, max-image-preview:large, max-video-preview:-1\" \/>\n<link rel=\"canonical\" href=\"https:\/\/www.fieldpiece.com\/fr\/produit\/lt17a-digital-meter\/\" \/>\n<meta property=\"og:locale\" content=\"fr_FR\" \/>\n<meta property=\"og:type\" content=\"article\" \/>\n<meta property=\"og:title\" content=\"LT17A - Multim\u00e8tre num\u00e9rique - Fieldpiece Instruments\" \/>\n<meta property=\"og:description\" content=\"Temp\u00e9rature maximale de 760\u00a0\u00b0C (1\u00a0400\u00a0\u00b0F) 400\u00a0ACA avec pince incluse Capacit\u00e9 maximale de 200\u00a0(\u00b5F) Compatible avec les t\u00eates accessoires Microamp\u00e8res pour ...\" \/>\n<meta property=\"og:url\" content=\"https:\/\/www.fieldpiece.com\/fr\/produit\/lt17a-digital-meter\/\" \/>\n<meta property=\"og:site_name\" content=\"Fieldpiece Instruments\" \/>\n<meta property=\"article:modified_time\" content=\"2021-11-16T12:00:43+00:00\" \/>\n<meta property=\"og:image\" content=\"https:\/\/www.fieldpiece.com\/wp-content\/uploads\/2021\/01\/LT17A-SRC-product.png\" \/>\n\t<meta property=\"og:image:width\" content=\"470\" \/>\n\t<meta property=\"og:image:height\" content=\"470\" \/>\n\t<meta property=\"og:image:type\" content=\"image\/png\" \/>\n<meta name=\"twitter:card\" content=\"summary_large_image\" \/>\n<meta name=\"twitter:label1\" content=\"Dur\u00e9e de lecture estim\u00e9e\" \/>\n\t<meta name=\"twitter:data1\" content=\"2 minutes\" \/>\n<script type=\"application\/ld+json\" class=\"yoast-schema-graph\">{\"@context\":\"https:\/\/schema.org\",\"@graph\":[{\"@type\":\"WebPage\",\"@id\":\"https:\/\/www.fieldpiece.com\/fr\/produit\/lt17a-digital-meter\/\",\"url\":\"https:\/\/www.fieldpiece.com\/fr\/produit\/lt17a-digital-meter\/\",\"name\":\"LT17A - Multim\u00e8tre num\u00e9rique - Fieldpiece Instruments\",\"isPartOf\":{\"@id\":\"https:\/\/www.fieldpiece.com\/fr\/#website\"},\"primaryImageOfPage\":{\"@id\":\"https:\/\/www.fieldpiece.com\/fr\/produit\/lt17a-digital-meter\/#primaryimage\"},\"image\":{\"@id\":\"https:\/\/www.fieldpiece.com\/fr\/produit\/lt17a-digital-meter\/#primaryimage\"},\"thumbnailUrl\":\"https:\/\/resources.fieldpiece.com\/wp-content\/uploads\/2021\/01\/LT17A-SRC-product.png\",\"datePublished\":\"2020-11-02T11:27:53+00:00\",\"dateModified\":\"2021-11-16T12:00:43+00:00\",\"breadcrumb\":{\"@id\":\"https:\/\/www.fieldpiece.com\/fr\/produit\/lt17a-digital-meter\/#breadcrumb\"},\"inLanguage\":\"fr-FR\",\"potentialAction\":[{\"@type\":\"ReadAction\",\"target\":[\"https:\/\/www.fieldpiece.com\/fr\/produit\/lt17a-digital-meter\/\"]}]},{\"@type\":\"ImageObject\",\"inLanguage\":\"fr-FR\",\"@id\":\"https:\/\/www.fieldpiece.com\/fr\/produit\/lt17a-digital-meter\/#primaryimage\",\"url\":\"https:\/\/resources.fieldpiece.com\/wp-content\/uploads\/2021\/01\/LT17A-SRC-product.png\",\"contentUrl\":\"https:\/\/resources.fieldpiece.com\/wp-content\/uploads\/2021\/01\/LT17A-SRC-product.png\",\"width\":470,\"height\":470,\"caption\":\"Digital Multimeter\"},{\"@type\":\"BreadcrumbList\",\"@id\":\"https:\/\/www.fieldpiece.com\/fr\/produit\/lt17a-digital-meter\/#breadcrumb\",\"itemListElement\":[{\"@type\":\"ListItem\",\"position\":1,\"name\":\"Home\",\"item\":\"https:\/\/www.fieldpiece.com\/fr\/\"},{\"@type\":\"ListItem\",\"position\":2,\"name\":\"Shop\",\"item\":\"https:\/\/www.fieldpiece.com\/shop\/\"},{\"@type\":\"ListItem\",\"position\":3,\"name\":\"LT17A &#8211; Multim\u00e8tre num\u00e9rique\"}]},{\"@type\":\"WebSite\",\"@id\":\"https:\/\/www.fieldpiece.com\/fr\/#website\",\"url\":\"https:\/\/www.fieldpiece.com\/fr\/\",\"name\":\"Fieldpiece Instruments\",\"description\":\"\",\"publisher\":{\"@id\":\"https:\/\/www.fieldpiece.com\/fr\/#organization\"},\"potentialAction\":[{\"@type\":\"SearchAction\",\"target\":{\"@type\":\"EntryPoint\",\"urlTemplate\":\"https:\/\/www.fieldpiece.com\/fr\/?s={search_term_string}\"},\"query-input\":{\"@type\":\"PropertyValueSpecification\",\"valueRequired\":true,\"valueName\":\"search_term_string\"}}],\"inLanguage\":\"fr-FR\"},{\"@type\":\"Organization\",\"@id\":\"https:\/\/www.fieldpiece.com\/fr\/#organization\",\"name\":\"Fieldpiece Instruments\",\"url\":\"https:\/\/www.fieldpiece.com\/fr\/\",\"logo\":{\"@type\":\"ImageObject\",\"inLanguage\":\"fr-FR\",\"@id\":\"https:\/\/www.fieldpiece.com\/fr\/#\/schema\/logo\/image\/\",\"url\":\"https:\/\/resources.fieldpiece.com\/wp-content\/uploads\/2021\/02\/Logos-490x358-1.jpg\",\"contentUrl\":\"https:\/\/resources.fieldpiece.com\/wp-content\/uploads\/2021\/02\/Logos-490x358-1.jpg\",\"width\":490,\"height\":358,\"caption\":\"Fieldpiece Instruments\"},\"image\":{\"@id\":\"https:\/\/www.fieldpiece.com\/fr\/#\/schema\/logo\/image\/\"}}]}<\/script>\n<!-- \/ Yoast SEO plugin. -->","yoast_head_json":{"title":"LT17A - Multim\u00e8tre num\u00e9rique - Fieldpiece Instruments","robots":{"index":"index","follow":"follow","max-snippet":"max-snippet:-1","max-image-preview":"max-image-preview:large","max-video-preview":"max-video-preview:-1"},"canonical":"https:\/\/www.fieldpiece.com\/fr\/produit\/lt17a-digital-meter\/","og_locale":"fr_FR","og_type":"article","og_title":"LT17A - Multim\u00e8tre num\u00e9rique - Fieldpiece Instruments","og_description":"Temp\u00e9rature maximale de 760\u00a0\u00b0C (1\u00a0400\u00a0\u00b0F) 400\u00a0ACA avec pince incluse Capacit\u00e9 maximale de 200\u00a0(\u00b5F) Compatible avec les t\u00eates accessoires Microamp\u00e8res pour ...","og_url":"https:\/\/www.fieldpiece.com\/fr\/produit\/lt17a-digital-meter\/","og_site_name":"Fieldpiece Instruments","article_modified_time":"2021-11-16T12:00:43+00:00","og_image":[{"width":470,"height":470,"url":"https:\/\/www.fieldpiece.com\/wp-content\/uploads\/2021\/01\/LT17A-SRC-product.png","type":"image\/png"}],"twitter_card":"summary_large_image","twitter_misc":{"Dur\u00e9e de lecture estim\u00e9e":"2 minutes"},"schema":{"@context":"https:\/\/schema.org","@graph":[{"@type":"WebPage","@id":"https:\/\/www.fieldpiece.com\/fr\/produit\/lt17a-digital-meter\/","url":"https:\/\/www.fieldpiece.com\/fr\/produit\/lt17a-digital-meter\/","name":"LT17A - Multim\u00e8tre num\u00e9rique - Fieldpiece Instruments","isPartOf":{"@id":"https:\/\/www.fieldpiece.com\/fr\/#website"},"primaryImageOfPage":{"@id":"https:\/\/www.fieldpiece.com\/fr\/produit\/lt17a-digital-meter\/#primaryimage"},"image":{"@id":"https:\/\/www.fieldpiece.com\/fr\/produit\/lt17a-digital-meter\/#primaryimage"},"thumbnailUrl":"https:\/\/resources.fieldpiece.com\/wp-content\/uploads\/2021\/01\/LT17A-SRC-product.png","datePublished":"2020-11-02T11:27:53+00:00","dateModified":"2021-11-16T12:00:43+00:00","breadcrumb":{"@id":"https:\/\/www.fieldpiece.com\/fr\/produit\/lt17a-digital-meter\/#breadcrumb"},"inLanguage":"fr-FR","potentialAction":[{"@type":"ReadAction","target":["https:\/\/www.fieldpiece.com\/fr\/produit\/lt17a-digital-meter\/"]}]},{"@type":"ImageObject","inLanguage":"fr-FR","@id":"https:\/\/www.fieldpiece.com\/fr\/produit\/lt17a-digital-meter\/#primaryimage","url":"https:\/\/resources.fieldpiece.com\/wp-content\/uploads\/2021\/01\/LT17A-SRC-product.png","contentUrl":"https:\/\/resources.fieldpiece.com\/wp-content\/uploads\/2021\/01\/LT17A-SRC-product.png","width":470,"height":470,"caption":"Digital Multimeter"},{"@type":"BreadcrumbList","@id":"https:\/\/www.fieldpiece.com\/fr\/produit\/lt17a-digital-meter\/#breadcrumb","itemListElement":[{"@type":"ListItem","position":1,"name":"Home","item":"https:\/\/www.fieldpiece.com\/fr\/"},{"@type":"ListItem","position":2,"name":"Shop","item":"https:\/\/www.fieldpiece.com\/shop\/"},{"@type":"ListItem","position":3,"name":"LT17A &#8211; Multim\u00e8tre num\u00e9rique"}]},{"@type":"WebSite","@id":"https:\/\/www.fieldpiece.com\/fr\/#website","url":"https:\/\/www.fieldpiece.com\/fr\/","name":"Fieldpiece Instruments","description":"","publisher":{"@id":"https:\/\/www.fieldpiece.com\/fr\/#organization"},"potentialAction":[{"@type":"SearchAction","target":{"@type":"EntryPoint","urlTemplate":"https:\/\/www.fieldpiece.com\/fr\/?s={search_term_string}"},"query-input":{"@type":"PropertyValueSpecification","valueRequired":true,"valueName":"search_term_string"}}],"inLanguage":"fr-FR"},{"@type":"Organization","@id":"https:\/\/www.fieldpiece.com\/fr\/#organization","name":"Fieldpiece Instruments","url":"https:\/\/www.fieldpiece.com\/fr\/","logo":{"@type":"ImageObject","inLanguage":"fr-FR","@id":"https:\/\/www.fieldpiece.com\/fr\/#\/schema\/logo\/image\/","url":"https:\/\/resources.fieldpiece.com\/wp-content\/uploads\/2021\/02\/Logos-490x358-1.jpg","contentUrl":"https:\/\/resources.fieldpiece.com\/wp-content\/uploads\/2021\/02\/Logos-490x358-1.jpg","width":490,"height":358,"caption":"Fieldpiece Instruments"},"image":{"@id":"https:\/\/www.fieldpiece.com\/fr\/#\/schema\/logo\/image\/"}}]}},"_links":{"self":[{"href":"https:\/\/www.fieldpiece.com\/fr\/wp-json\/wp\/v2\/product\/17736","targetHints":{"allow":["GET"]}}],"collection":[{"href":"https:\/\/www.fieldpiece.com\/fr\/wp-json\/wp\/v2\/product"}],"about":[{"href":"https:\/\/www.fieldpiece.com\/fr\/wp-json\/wp\/v2\/types\/product"}],"replies":[{"embeddable":true,"href":"https:\/\/www.fieldpiece.com\/fr\/wp-json\/wp\/v2\/comments?post=17736"}],"wp:featuredmedia":[{"embeddable":true,"href":"https:\/\/www.fieldpiece.com\/fr\/wp-json\/wp\/v2\/media\/17738"}],"wp:attachment":[{"href":"https:\/\/www.fieldpiece.com\/fr\/wp-json\/wp\/v2\/media?parent=17736"}],"wp:term":[{"taxonomy":"product_brand","embeddable":true,"href":"https:\/\/www.fieldpiece.com\/fr\/wp-json\/wp\/v2\/product_brand?post=17736"},{"taxonomy":"product_cat","embeddable":true,"href":"https:\/\/www.fieldpiece.com\/fr\/wp-json\/wp\/v2\/product_cat?post=17736"},{"taxonomy":"product_tag","embeddable":true,"href":"https:\/\/www.fieldpiece.com\/fr\/wp-json\/wp\/v2\/product_tag?post=17736"}],"curies":[{"name":"wp","href":"https:\/\/api.w.org\/{rel}","templated":true}]}}