	{"id":17724,"date":"2020-11-02T11:27:59","date_gmt":"2020-11-02T11:27:59","guid":{"rendered":"https:\/\/www.fieldpiece.com\/product\/smg5-digital-megohm-meter\/"},"modified":"2021-11-16T03:58:15","modified_gmt":"2021-11-16T11:58:15","slug":"smg5-digital-megohm-meter","status":"publish","type":"product","link":"https:\/\/www.fieldpiece.com\/fr\/produit\/smg5-digital-megohm-meter\/","title":{"rendered":"SMG5 &#8211; M\u00e9gohmm\u00e8tre num\u00e9rique"},"content":{"rendered":"<p>Source de tension de 1\u00a0000\u00a0VCC<br \/>\nMesure jusqu&rsquo;\u00e0 2\u00a0000\u00a0m\u00e9gohm<br \/>\nAffichage LCD r\u00e9tro-\u00e9clair\u00e9  <\/p>\n<p>Le m\u00e9gohmm\u00e8tre num\u00e9rique de Fieldpiece, mod\u00e8le SMG5, est un multim\u00e8tre autonome compact con\u00e7u pour v\u00e9rifier l&rsquo;isolation d&rsquo;un compresseur en CVCR. Il fournit une source de tension de 1\u00a0000\u00a0V, contr\u00f4le le courant et affiche la r\u00e9sistance entre les points de test. <\/p>\n<p>Le courant de sortie max. est <1\u00a0mA. Il peut \u00eatre utilis\u00e9 pour d\u00e9terminer l'\u00e9tat de l'isolation entre l'enroulement et la masse d'un moteur, d'un compresseur ou d'un transformateur. Il comprend un \u00e9tui, un fil conducteur \u00e0 pince crocodile et des fils conducteurs avec embouts amovibles.\n\nPour tester la r\u00e9sistance, un multim\u00e8tre num\u00e9rique fournit une tension basse (<1\u00a0V) aux points de test et ne peut produire que quelques milliamp\u00e8res. Cette faible tension ne suffit pas pour d\u00e9tecter des probl\u00e8mes de haute r\u00e9sistance susceptible d'indiquer la pr\u00e9sence d'humidit\u00e9 ou d'autres contaminants, et cette faible intensit\u00e9 ne suffit pas non plus pour mesurer des valeurs de r\u00e9sistance plus faibles.\n\n\n<ul>\n<li>Permet de pr\u00e9dire les d\u00e9faillances du compresseur<\/li>\n<li>1\u00a0000\u00a0VCC \u00e9prouve l&rsquo;isolation pour mesurer jusqu&rsquo;\u00e0 2\u00a0000\u00a0ohms<\/li>\n<li>Affichage r\u00e9tro-\u00e9clair\u00e9<\/li>\n<li>Arr\u00eat automatique pour prolonger l&rsquo;autonomie<\/li>\n<li>Bo\u00eetier, pince crocodile et fils conducteurs avec embouts amovibles<\/li>\n<\/ul>\n<p>Inclus\u00a0: <\/p>\n<ul>\n<li>M\u00e9gohmm\u00e8tre \u2013 SMG5<\/li>\n<li>(2) Sondes<\/li>\n<li>(1) C\u00e2ble de masse avec embout d\u00e9tachable<\/li>\n<li>(1) Sonde avec pince crocodile<\/li>\n<li>Bo\u00eetier de transport<\/li>\n<li>(4) piles AAA (install\u00e9es)<\/li>\n<li>Manuel d\u2019utilisation<\/li>\n<\/ul>\n","protected":false},"excerpt":{"rendered":"<p>Source de tension de 1\u00a0000\u00a0VCC Mesure jusqu&rsquo;\u00e0 2\u00a0000\u00a0m\u00e9gohm Affichage LCD r\u00e9tro-\u00e9clair\u00e9 Le m\u00e9gohmm\u00e8tre num\u00e9rique de Fieldpiece, mod\u00e8le SMG5, est un &#8230;<\/p>\n","protected":false},"featured_media":17726,"comment_status":"open","ping_status":"closed","template":"","meta":{"_acf_changed":false},"product_brand":[],"product_cat":[158,165],"product_tag":[],"class_list":{"0":"post-17724","1":"product","2":"type-product","3":"status-publish","4":"has-post-thumbnail","6":"product_cat-other-fr-2","7":"product_cat-pocket-tools-fr-2","9":"first","10":"instock","11":"shipping-taxable","12":"product-type-simple"},"acf":[],"yoast_head":"<!-- This site is optimized with the Yoast SEO plugin v27.3 - https:\/\/yoast.com\/product\/yoast-seo-wordpress\/ -->\n<title>SMG5 - M\u00e9gohmm\u00e8tre num\u00e9rique - Fieldpiece Instruments<\/title>\n<meta name=\"robots\" content=\"index, follow, max-snippet:-1, max-image-preview:large, max-video-preview:-1\" \/>\n<link rel=\"canonical\" href=\"https:\/\/www.fieldpiece.com\/fr\/produit\/smg5-digital-megohm-meter\/\" \/>\n<meta property=\"og:locale\" content=\"fr_FR\" \/>\n<meta property=\"og:type\" content=\"article\" \/>\n<meta property=\"og:title\" content=\"SMG5 - M\u00e9gohmm\u00e8tre num\u00e9rique - Fieldpiece Instruments\" \/>\n<meta property=\"og:description\" content=\"Source de tension de 1\u00a0000\u00a0VCC Mesure jusqu&rsquo;\u00e0 2\u00a0000\u00a0m\u00e9gohm Affichage LCD r\u00e9tro-\u00e9clair\u00e9 Le m\u00e9gohmm\u00e8tre num\u00e9rique de Fieldpiece, mod\u00e8le SMG5, est un ...\" \/>\n<meta property=\"og:url\" content=\"https:\/\/www.fieldpiece.com\/fr\/produit\/smg5-digital-megohm-meter\/\" \/>\n<meta property=\"og:site_name\" content=\"Fieldpiece Instruments\" \/>\n<meta property=\"article:modified_time\" content=\"2021-11-16T11:58:15+00:00\" \/>\n<meta property=\"og:image\" content=\"https:\/\/www.fieldpiece.com\/wp-content\/uploads\/2021\/01\/SMG5-SRC-Product.png\" \/>\n\t<meta property=\"og:image:width\" content=\"470\" \/>\n\t<meta property=\"og:image:height\" content=\"470\" \/>\n\t<meta property=\"og:image:type\" content=\"image\/png\" \/>\n<meta name=\"twitter:card\" content=\"summary_large_image\" \/>\n<script type=\"application\/ld+json\" class=\"yoast-schema-graph\">{\"@context\":\"https:\\\/\\\/schema.org\",\"@graph\":[{\"@type\":\"WebPage\",\"@id\":\"https:\\\/\\\/www.fieldpiece.com\\\/fr\\\/produit\\\/smg5-digital-megohm-meter\\\/\",\"url\":\"https:\\\/\\\/www.fieldpiece.com\\\/fr\\\/produit\\\/smg5-digital-megohm-meter\\\/\",\"name\":\"SMG5 - M\u00e9gohmm\u00e8tre num\u00e9rique - Fieldpiece Instruments\",\"isPartOf\":{\"@id\":\"https:\\\/\\\/www.fieldpiece.com\\\/fr\\\/#website\"},\"primaryImageOfPage\":{\"@id\":\"https:\\\/\\\/www.fieldpiece.com\\\/fr\\\/produit\\\/smg5-digital-megohm-meter\\\/#primaryimage\"},\"image\":{\"@id\":\"https:\\\/\\\/www.fieldpiece.com\\\/fr\\\/produit\\\/smg5-digital-megohm-meter\\\/#primaryimage\"},\"thumbnailUrl\":\"https:\\\/\\\/resources.fieldpiece.com\\\/wp-content\\\/uploads\\\/2021\\\/01\\\/SMG5-SRC-Product.png\",\"datePublished\":\"2020-11-02T11:27:59+00:00\",\"dateModified\":\"2021-11-16T11:58:15+00:00\",\"breadcrumb\":{\"@id\":\"https:\\\/\\\/www.fieldpiece.com\\\/fr\\\/produit\\\/smg5-digital-megohm-meter\\\/#breadcrumb\"},\"inLanguage\":\"fr-FR\",\"potentialAction\":[{\"@type\":\"ReadAction\",\"target\":[\"https:\\\/\\\/www.fieldpiece.com\\\/fr\\\/produit\\\/smg5-digital-megohm-meter\\\/\"]}]},{\"@type\":\"ImageObject\",\"inLanguage\":\"fr-FR\",\"@id\":\"https:\\\/\\\/www.fieldpiece.com\\\/fr\\\/produit\\\/smg5-digital-megohm-meter\\\/#primaryimage\",\"url\":\"https:\\\/\\\/resources.fieldpiece.com\\\/wp-content\\\/uploads\\\/2021\\\/01\\\/SMG5-SRC-Product.png\",\"contentUrl\":\"https:\\\/\\\/resources.fieldpiece.com\\\/wp-content\\\/uploads\\\/2021\\\/01\\\/SMG5-SRC-Product.png\",\"width\":470,\"height\":470,\"caption\":\"SMG5 - Standalone Digital Megohm Meter\"},{\"@type\":\"BreadcrumbList\",\"@id\":\"https:\\\/\\\/www.fieldpiece.com\\\/fr\\\/produit\\\/smg5-digital-megohm-meter\\\/#breadcrumb\",\"itemListElement\":[{\"@type\":\"ListItem\",\"position\":1,\"name\":\"Home\",\"item\":\"https:\\\/\\\/www.fieldpiece.com\\\/fr\\\/\"},{\"@type\":\"ListItem\",\"position\":2,\"name\":\"Shop\",\"item\":\"https:\\\/\\\/www.fieldpiece.com\\\/shop\\\/\"},{\"@type\":\"ListItem\",\"position\":3,\"name\":\"SMG5 &#8211; M\u00e9gohmm\u00e8tre num\u00e9rique\"}]},{\"@type\":\"WebSite\",\"@id\":\"https:\\\/\\\/www.fieldpiece.com\\\/fr\\\/#website\",\"url\":\"https:\\\/\\\/www.fieldpiece.com\\\/fr\\\/\",\"name\":\"Fieldpiece Instruments\",\"description\":\"\",\"publisher\":{\"@id\":\"https:\\\/\\\/www.fieldpiece.com\\\/fr\\\/#organization\"},\"potentialAction\":[{\"@type\":\"SearchAction\",\"target\":{\"@type\":\"EntryPoint\",\"urlTemplate\":\"https:\\\/\\\/www.fieldpiece.com\\\/fr\\\/?s={search_term_string}\"},\"query-input\":{\"@type\":\"PropertyValueSpecification\",\"valueRequired\":true,\"valueName\":\"search_term_string\"}}],\"inLanguage\":\"fr-FR\"},{\"@type\":\"Organization\",\"@id\":\"https:\\\/\\\/www.fieldpiece.com\\\/fr\\\/#organization\",\"name\":\"Fieldpiece Instruments\",\"url\":\"https:\\\/\\\/www.fieldpiece.com\\\/fr\\\/\",\"logo\":{\"@type\":\"ImageObject\",\"inLanguage\":\"fr-FR\",\"@id\":\"https:\\\/\\\/www.fieldpiece.com\\\/fr\\\/#\\\/schema\\\/logo\\\/image\\\/\",\"url\":\"https:\\\/\\\/resources.fieldpiece.com\\\/wp-content\\\/uploads\\\/2021\\\/02\\\/Logos-490x358-1.jpg\",\"contentUrl\":\"https:\\\/\\\/resources.fieldpiece.com\\\/wp-content\\\/uploads\\\/2021\\\/02\\\/Logos-490x358-1.jpg\",\"width\":490,\"height\":358,\"caption\":\"Fieldpiece Instruments\"},\"image\":{\"@id\":\"https:\\\/\\\/www.fieldpiece.com\\\/fr\\\/#\\\/schema\\\/logo\\\/image\\\/\"}}]}<\/script>\n<!-- \/ Yoast SEO plugin. -->","yoast_head_json":{"title":"SMG5 - M\u00e9gohmm\u00e8tre num\u00e9rique - Fieldpiece Instruments","robots":{"index":"index","follow":"follow","max-snippet":"max-snippet:-1","max-image-preview":"max-image-preview:large","max-video-preview":"max-video-preview:-1"},"canonical":"https:\/\/www.fieldpiece.com\/fr\/produit\/smg5-digital-megohm-meter\/","og_locale":"fr_FR","og_type":"article","og_title":"SMG5 - M\u00e9gohmm\u00e8tre num\u00e9rique - Fieldpiece Instruments","og_description":"Source de tension de 1\u00a0000\u00a0VCC Mesure jusqu&rsquo;\u00e0 2\u00a0000\u00a0m\u00e9gohm Affichage LCD r\u00e9tro-\u00e9clair\u00e9 Le m\u00e9gohmm\u00e8tre num\u00e9rique de Fieldpiece, mod\u00e8le SMG5, est un ...","og_url":"https:\/\/www.fieldpiece.com\/fr\/produit\/smg5-digital-megohm-meter\/","og_site_name":"Fieldpiece Instruments","article_modified_time":"2021-11-16T11:58:15+00:00","og_image":[{"width":470,"height":470,"url":"https:\/\/www.fieldpiece.com\/wp-content\/uploads\/2021\/01\/SMG5-SRC-Product.png","type":"image\/png"}],"twitter_card":"summary_large_image","schema":{"@context":"https:\/\/schema.org","@graph":[{"@type":"WebPage","@id":"https:\/\/www.fieldpiece.com\/fr\/produit\/smg5-digital-megohm-meter\/","url":"https:\/\/www.fieldpiece.com\/fr\/produit\/smg5-digital-megohm-meter\/","name":"SMG5 - M\u00e9gohmm\u00e8tre num\u00e9rique - Fieldpiece Instruments","isPartOf":{"@id":"https:\/\/www.fieldpiece.com\/fr\/#website"},"primaryImageOfPage":{"@id":"https:\/\/www.fieldpiece.com\/fr\/produit\/smg5-digital-megohm-meter\/#primaryimage"},"image":{"@id":"https:\/\/www.fieldpiece.com\/fr\/produit\/smg5-digital-megohm-meter\/#primaryimage"},"thumbnailUrl":"https:\/\/resources.fieldpiece.com\/wp-content\/uploads\/2021\/01\/SMG5-SRC-Product.png","datePublished":"2020-11-02T11:27:59+00:00","dateModified":"2021-11-16T11:58:15+00:00","breadcrumb":{"@id":"https:\/\/www.fieldpiece.com\/fr\/produit\/smg5-digital-megohm-meter\/#breadcrumb"},"inLanguage":"fr-FR","potentialAction":[{"@type":"ReadAction","target":["https:\/\/www.fieldpiece.com\/fr\/produit\/smg5-digital-megohm-meter\/"]}]},{"@type":"ImageObject","inLanguage":"fr-FR","@id":"https:\/\/www.fieldpiece.com\/fr\/produit\/smg5-digital-megohm-meter\/#primaryimage","url":"https:\/\/resources.fieldpiece.com\/wp-content\/uploads\/2021\/01\/SMG5-SRC-Product.png","contentUrl":"https:\/\/resources.fieldpiece.com\/wp-content\/uploads\/2021\/01\/SMG5-SRC-Product.png","width":470,"height":470,"caption":"SMG5 - Standalone Digital Megohm Meter"},{"@type":"BreadcrumbList","@id":"https:\/\/www.fieldpiece.com\/fr\/produit\/smg5-digital-megohm-meter\/#breadcrumb","itemListElement":[{"@type":"ListItem","position":1,"name":"Home","item":"https:\/\/www.fieldpiece.com\/fr\/"},{"@type":"ListItem","position":2,"name":"Shop","item":"https:\/\/www.fieldpiece.com\/shop\/"},{"@type":"ListItem","position":3,"name":"SMG5 &#8211; M\u00e9gohmm\u00e8tre num\u00e9rique"}]},{"@type":"WebSite","@id":"https:\/\/www.fieldpiece.com\/fr\/#website","url":"https:\/\/www.fieldpiece.com\/fr\/","name":"Fieldpiece Instruments","description":"","publisher":{"@id":"https:\/\/www.fieldpiece.com\/fr\/#organization"},"potentialAction":[{"@type":"SearchAction","target":{"@type":"EntryPoint","urlTemplate":"https:\/\/www.fieldpiece.com\/fr\/?s={search_term_string}"},"query-input":{"@type":"PropertyValueSpecification","valueRequired":true,"valueName":"search_term_string"}}],"inLanguage":"fr-FR"},{"@type":"Organization","@id":"https:\/\/www.fieldpiece.com\/fr\/#organization","name":"Fieldpiece Instruments","url":"https:\/\/www.fieldpiece.com\/fr\/","logo":{"@type":"ImageObject","inLanguage":"fr-FR","@id":"https:\/\/www.fieldpiece.com\/fr\/#\/schema\/logo\/image\/","url":"https:\/\/resources.fieldpiece.com\/wp-content\/uploads\/2021\/02\/Logos-490x358-1.jpg","contentUrl":"https:\/\/resources.fieldpiece.com\/wp-content\/uploads\/2021\/02\/Logos-490x358-1.jpg","width":490,"height":358,"caption":"Fieldpiece Instruments"},"image":{"@id":"https:\/\/www.fieldpiece.com\/fr\/#\/schema\/logo\/image\/"}}]}},"_links":{"self":[{"href":"https:\/\/www.fieldpiece.com\/fr\/wp-json\/wp\/v2\/product\/17724","targetHints":{"allow":["GET"]}}],"collection":[{"href":"https:\/\/www.fieldpiece.com\/fr\/wp-json\/wp\/v2\/product"}],"about":[{"href":"https:\/\/www.fieldpiece.com\/fr\/wp-json\/wp\/v2\/types\/product"}],"replies":[{"embeddable":true,"href":"https:\/\/www.fieldpiece.com\/fr\/wp-json\/wp\/v2\/comments?post=17724"}],"wp:featuredmedia":[{"embeddable":true,"href":"https:\/\/www.fieldpiece.com\/fr\/wp-json\/wp\/v2\/media\/17726"}],"wp:attachment":[{"href":"https:\/\/www.fieldpiece.com\/fr\/wp-json\/wp\/v2\/media?parent=17724"}],"wp:term":[{"taxonomy":"product_brand","embeddable":true,"href":"https:\/\/www.fieldpiece.com\/fr\/wp-json\/wp\/v2\/product_brand?post=17724"},{"taxonomy":"product_cat","embeddable":true,"href":"https:\/\/www.fieldpiece.com\/fr\/wp-json\/wp\/v2\/product_cat?post=17724"},{"taxonomy":"product_tag","embeddable":true,"href":"https:\/\/www.fieldpiece.com\/fr\/wp-json\/wp\/v2\/product_tag?post=17724"}],"curies":[{"name":"wp","href":"https:\/\/api.w.org\/{rel}","templated":true}]}}