	{"id":17711,"date":"2020-11-02T11:28:07","date_gmt":"2020-11-02T11:28:07","guid":{"rendered":"https:\/\/www.fieldpiece.com\/product\/st4-dual-temperature-meter\/"},"modified":"2021-10-31T21:35:01","modified_gmt":"2021-11-01T04:35:01","slug":"st4-dual-temperature-meter","status":"publish","type":"product","link":"https:\/\/www.fieldpiece.com\/fr\/produit\/st4-dual-temperature-meter\/","title":{"rendered":"ST4 &#8211; Multim\u00e8tre temp\u00e9rature double"},"content":{"rendered":"<p>Deux thermocouples de type\u00a0K inclus<br \/>\nCompatible avec tout thermocouple de type\u00a0K<br \/>\nR\u00e9solution de 0,05\u00a0\u00baC (0,1\u00a0\u00baF)<br \/>\nBoutons MIN\/MAX et HOLD (M\u00e9moriser) s\u00e9par\u00e9s<br \/>\n\u00c9talonnage facile sur le site  <\/p>\n<p>Le multim\u00e8tre \u00e0 temp\u00e9rature double Fieldpiece, mod\u00e8le ST4, mesure deux temp\u00e9ratures simultan\u00e9ment \u00e0 l&rsquo;aide des thermocouples \u00e0 bille de type\u00a0K avec languette d&rsquo;enroulement inclus.\u00a0 La technologie du ST4 permet de mieux compenser les temp\u00e9ratures rapidement changeantes pendant les interventions sur le terrain.\u00a0 Utilisez le ST4 pour trouver le Delta T et toute diff\u00e9rence de temp\u00e9rature que vous voulez mesurer.\u00a0 Il affiche T1, T2 et T1-T2 en grand sur l&rsquo;\u00e9cran LCD. Il comprend deux potentiom\u00e8tres d&rsquo;\u00e9talonnage \u00e0 l&rsquo;avant et est fourni avec un \u00e9tui transparent avec porteur magn\u00e9tique mod\u00e8le ANC6.\u00a0 Utilisez-le avec notre thermocouple de relev\u00e9 de temp\u00e9rature de thermom\u00e8tre humide ATWB1 optionnel pour d\u00e9terminer la surchauffe cible, ou avec nos thermocouples \u00e0 pince de serrage pour v\u00e9rifier les filtres de d\u00e9shydrateurs colmat\u00e9s.<\/p>\n<p>Con\u00e7u pour les applications de CVCR, le multim\u00e8tre \u00e0 temp\u00e9rature double, mod\u00e8le ST4, rel\u00e8ve deux temp\u00e9ratures simultan\u00e9ment et calcule la diff\u00e9rence en unit\u00e9s m\u00e9triques ou anglaises. Il offre aux techniciens tous les avantages d&rsquo;un thermom\u00e8tre num\u00e9rique dans une conception robuste.<\/p>\n<ul>\n<li>Relev\u00e9s T1, T2 ou T1-T2<\/li>\n<li>Semelle robuste en caoutchouc<\/li>\n<li>Min.\/Max. et M\u00e9moriser<\/li>\n<li>LED d&rsquo;indication de capteur d\u00e9connect\u00e9<\/li>\n<li>Meilleure compensation des temp\u00e9ratures dans les environnements \u00e0 \u00e9volution rapide<\/li>\n<li>S\u00e9lectionnez \u00baF ou \u00baC<\/li>\n<li>2 thermocouples de type K inclus<\/li>\n<li>\u00c9tui transparent avec support magn\u00e9tique inclus<\/li>\n<\/ul>\n<p>La technologie employ\u00e9e dans le ST4 permet de mieux g\u00e9rer les temp\u00e9ratures rapidement changeantes pendant les interventions sur le terrain. Les multim\u00e8tres \u00e9quip\u00e9s d&rsquo;adaptateurs pour thermocouples prennent souvent beaucoup de temps \u00e0 se stabiliser en raison du transfert de la chaleur ambiante.\u00a0 Comme tous nos thermom\u00e8tres et multim\u00e8tres de type\u00a0K, le ST4 se stabilise rapidement afin que vous puissiez passer d&rsquo;une zone \u00e0 une autre tout en continuant d&rsquo;obtenir rapidement des relev\u00e9s plus pr\u00e9cis qu&rsquo;avec les \u00e9quipements concurrents. Il int\u00e8gre une semelle en caoutchouc robuste et un \u00e9tui pour accrocher l&rsquo;instrument afin d&rsquo;effectuer facilement des relev\u00e9s mains libres, pendant que vous travaillez sur d&rsquo;autres t\u00e2ches.<\/p>\n<p>Inclus\u00a0: <\/p>\n<ul>\n<li>Multim\u00e8tre temp\u00e9rature double &#8211; ST4<\/li>\n<li>(2) Thermocouples \u00e0 bille et attache de type K &#8211; ATB1<\/li>\n<li>(2) Bandes velcro (non illustr\u00e9es)<\/li>\n<li>\u00c9tui transparent en nylon avec support magn\u00e9tique &#8211; ANC6<\/li>\n<li>Pile 9\u00a0V (install\u00e9e)<\/li>\n<li>Manuel d\u2019utilisation<\/li>\n<\/ul>\n","protected":false},"excerpt":{"rendered":"<p>Deux thermocouples de type\u00a0K inclus Compatible avec tout thermocouple de type\u00a0K R\u00e9solution de 0,05\u00a0\u00baC (0,1\u00a0\u00baF) Boutons MIN\/MAX et HOLD (M\u00e9moriser) &#8230;<\/p>\n","protected":false},"featured_media":17713,"comment_status":"open","ping_status":"closed","template":"","meta":{"_acf_changed":false},"product_brand":[],"product_cat":[124],"product_tag":[],"class_list":{"0":"post-17711","1":"product","2":"type-product","3":"status-publish","4":"has-post-thumbnail","6":"product_cat-air-flow-and-temp-rh-fr","8":"first","9":"instock","10":"shipping-taxable","11":"product-type-simple"},"acf":[],"yoast_head":"<!-- This site is optimized with the Yoast SEO plugin v27.2 - https:\/\/yoast.com\/product\/yoast-seo-wordpress\/ -->\n<title>ST4 - Multim\u00e8tre temp\u00e9rature double - Fieldpiece Instruments<\/title>\n<meta name=\"robots\" content=\"index, follow, max-snippet:-1, max-image-preview:large, max-video-preview:-1\" \/>\n<link rel=\"canonical\" href=\"https:\/\/www.fieldpiece.com\/fr\/produit\/st4-dual-temperature-meter\/\" \/>\n<meta property=\"og:locale\" content=\"fr_FR\" \/>\n<meta property=\"og:type\" content=\"article\" \/>\n<meta property=\"og:title\" content=\"ST4 - Multim\u00e8tre temp\u00e9rature double - Fieldpiece Instruments\" \/>\n<meta property=\"og:description\" content=\"Deux thermocouples de type\u00a0K inclus Compatible avec tout thermocouple de type\u00a0K R\u00e9solution de 0,05\u00a0\u00baC (0,1\u00a0\u00baF) Boutons MIN\/MAX et HOLD (M\u00e9moriser) ...\" \/>\n<meta property=\"og:url\" content=\"https:\/\/www.fieldpiece.com\/fr\/produit\/st4-dual-temperature-meter\/\" \/>\n<meta property=\"og:site_name\" content=\"Fieldpiece Instruments\" \/>\n<meta property=\"article:modified_time\" content=\"2021-11-01T04:35:01+00:00\" \/>\n<meta property=\"og:image\" content=\"https:\/\/resources.fieldpiece.com\/wp-content\/uploads\/2020\/11\/ST4-SRC-product.png\" \/>\n\t<meta property=\"og:image:width\" content=\"470\" \/>\n\t<meta property=\"og:image:height\" content=\"470\" \/>\n\t<meta property=\"og:image:type\" content=\"image\/png\" \/>\n<meta name=\"twitter:card\" content=\"summary_large_image\" \/>\n<meta name=\"twitter:label1\" content=\"Dur\u00e9e de lecture estim\u00e9e\" \/>\n\t<meta name=\"twitter:data1\" content=\"2 minutes\" \/>\n<script type=\"application\/ld+json\" class=\"yoast-schema-graph\">{\"@context\":\"https:\/\/schema.org\",\"@graph\":[{\"@type\":\"WebPage\",\"@id\":\"https:\/\/www.fieldpiece.com\/fr\/produit\/st4-dual-temperature-meter\/\",\"url\":\"https:\/\/www.fieldpiece.com\/fr\/produit\/st4-dual-temperature-meter\/\",\"name\":\"ST4 - Multim\u00e8tre temp\u00e9rature double - Fieldpiece Instruments\",\"isPartOf\":{\"@id\":\"https:\/\/www.fieldpiece.com\/fr\/#website\"},\"primaryImageOfPage\":{\"@id\":\"https:\/\/www.fieldpiece.com\/fr\/produit\/st4-dual-temperature-meter\/#primaryimage\"},\"image\":{\"@id\":\"https:\/\/www.fieldpiece.com\/fr\/produit\/st4-dual-temperature-meter\/#primaryimage\"},\"thumbnailUrl\":\"https:\/\/resources.fieldpiece.com\/wp-content\/uploads\/2020\/11\/ST4-SRC-product.png\",\"datePublished\":\"2020-11-02T11:28:07+00:00\",\"dateModified\":\"2021-11-01T04:35:01+00:00\",\"breadcrumb\":{\"@id\":\"https:\/\/www.fieldpiece.com\/fr\/produit\/st4-dual-temperature-meter\/#breadcrumb\"},\"inLanguage\":\"fr-FR\",\"potentialAction\":[{\"@type\":\"ReadAction\",\"target\":[\"https:\/\/www.fieldpiece.com\/fr\/produit\/st4-dual-temperature-meter\/\"]}]},{\"@type\":\"ImageObject\",\"inLanguage\":\"fr-FR\",\"@id\":\"https:\/\/www.fieldpiece.com\/fr\/produit\/st4-dual-temperature-meter\/#primaryimage\",\"url\":\"https:\/\/resources.fieldpiece.com\/wp-content\/uploads\/2020\/11\/ST4-SRC-product.png\",\"contentUrl\":\"https:\/\/resources.fieldpiece.com\/wp-content\/uploads\/2020\/11\/ST4-SRC-product.png\",\"width\":470,\"height\":470,\"caption\":\"ST4 - Dual Temperature Meter Type K\"},{\"@type\":\"BreadcrumbList\",\"@id\":\"https:\/\/www.fieldpiece.com\/fr\/produit\/st4-dual-temperature-meter\/#breadcrumb\",\"itemListElement\":[{\"@type\":\"ListItem\",\"position\":1,\"name\":\"Home\",\"item\":\"https:\/\/www.fieldpiece.com\/fr\/\"},{\"@type\":\"ListItem\",\"position\":2,\"name\":\"Shop\",\"item\":\"https:\/\/www.fieldpiece.com\/shop\/\"},{\"@type\":\"ListItem\",\"position\":3,\"name\":\"ST4 &#8211; Multim\u00e8tre temp\u00e9rature double\"}]},{\"@type\":\"WebSite\",\"@id\":\"https:\/\/www.fieldpiece.com\/fr\/#website\",\"url\":\"https:\/\/www.fieldpiece.com\/fr\/\",\"name\":\"Fieldpiece Instruments\",\"description\":\"\",\"publisher\":{\"@id\":\"https:\/\/www.fieldpiece.com\/fr\/#organization\"},\"potentialAction\":[{\"@type\":\"SearchAction\",\"target\":{\"@type\":\"EntryPoint\",\"urlTemplate\":\"https:\/\/www.fieldpiece.com\/fr\/?s={search_term_string}\"},\"query-input\":{\"@type\":\"PropertyValueSpecification\",\"valueRequired\":true,\"valueName\":\"search_term_string\"}}],\"inLanguage\":\"fr-FR\"},{\"@type\":\"Organization\",\"@id\":\"https:\/\/www.fieldpiece.com\/fr\/#organization\",\"name\":\"Fieldpiece Instruments\",\"url\":\"https:\/\/www.fieldpiece.com\/fr\/\",\"logo\":{\"@type\":\"ImageObject\",\"inLanguage\":\"fr-FR\",\"@id\":\"https:\/\/www.fieldpiece.com\/fr\/#\/schema\/logo\/image\/\",\"url\":\"https:\/\/resources.fieldpiece.com\/wp-content\/uploads\/2021\/02\/Logos-490x358-1.jpg\",\"contentUrl\":\"https:\/\/resources.fieldpiece.com\/wp-content\/uploads\/2021\/02\/Logos-490x358-1.jpg\",\"width\":490,\"height\":358,\"caption\":\"Fieldpiece Instruments\"},\"image\":{\"@id\":\"https:\/\/www.fieldpiece.com\/fr\/#\/schema\/logo\/image\/\"}}]}<\/script>\n<!-- \/ Yoast SEO plugin. -->","yoast_head_json":{"title":"ST4 - Multim\u00e8tre temp\u00e9rature double - Fieldpiece Instruments","robots":{"index":"index","follow":"follow","max-snippet":"max-snippet:-1","max-image-preview":"max-image-preview:large","max-video-preview":"max-video-preview:-1"},"canonical":"https:\/\/www.fieldpiece.com\/fr\/produit\/st4-dual-temperature-meter\/","og_locale":"fr_FR","og_type":"article","og_title":"ST4 - Multim\u00e8tre temp\u00e9rature double - Fieldpiece Instruments","og_description":"Deux thermocouples de type\u00a0K inclus Compatible avec tout thermocouple de type\u00a0K R\u00e9solution de 0,05\u00a0\u00baC (0,1\u00a0\u00baF) Boutons MIN\/MAX et HOLD (M\u00e9moriser) ...","og_url":"https:\/\/www.fieldpiece.com\/fr\/produit\/st4-dual-temperature-meter\/","og_site_name":"Fieldpiece Instruments","article_modified_time":"2021-11-01T04:35:01+00:00","og_image":[{"width":470,"height":470,"url":"https:\/\/resources.fieldpiece.com\/wp-content\/uploads\/2020\/11\/ST4-SRC-product.png","type":"image\/png"}],"twitter_card":"summary_large_image","twitter_misc":{"Dur\u00e9e de lecture estim\u00e9e":"2 minutes"},"schema":{"@context":"https:\/\/schema.org","@graph":[{"@type":"WebPage","@id":"https:\/\/www.fieldpiece.com\/fr\/produit\/st4-dual-temperature-meter\/","url":"https:\/\/www.fieldpiece.com\/fr\/produit\/st4-dual-temperature-meter\/","name":"ST4 - Multim\u00e8tre temp\u00e9rature double - Fieldpiece Instruments","isPartOf":{"@id":"https:\/\/www.fieldpiece.com\/fr\/#website"},"primaryImageOfPage":{"@id":"https:\/\/www.fieldpiece.com\/fr\/produit\/st4-dual-temperature-meter\/#primaryimage"},"image":{"@id":"https:\/\/www.fieldpiece.com\/fr\/produit\/st4-dual-temperature-meter\/#primaryimage"},"thumbnailUrl":"https:\/\/resources.fieldpiece.com\/wp-content\/uploads\/2020\/11\/ST4-SRC-product.png","datePublished":"2020-11-02T11:28:07+00:00","dateModified":"2021-11-01T04:35:01+00:00","breadcrumb":{"@id":"https:\/\/www.fieldpiece.com\/fr\/produit\/st4-dual-temperature-meter\/#breadcrumb"},"inLanguage":"fr-FR","potentialAction":[{"@type":"ReadAction","target":["https:\/\/www.fieldpiece.com\/fr\/produit\/st4-dual-temperature-meter\/"]}]},{"@type":"ImageObject","inLanguage":"fr-FR","@id":"https:\/\/www.fieldpiece.com\/fr\/produit\/st4-dual-temperature-meter\/#primaryimage","url":"https:\/\/resources.fieldpiece.com\/wp-content\/uploads\/2020\/11\/ST4-SRC-product.png","contentUrl":"https:\/\/resources.fieldpiece.com\/wp-content\/uploads\/2020\/11\/ST4-SRC-product.png","width":470,"height":470,"caption":"ST4 - Dual Temperature Meter Type K"},{"@type":"BreadcrumbList","@id":"https:\/\/www.fieldpiece.com\/fr\/produit\/st4-dual-temperature-meter\/#breadcrumb","itemListElement":[{"@type":"ListItem","position":1,"name":"Home","item":"https:\/\/www.fieldpiece.com\/fr\/"},{"@type":"ListItem","position":2,"name":"Shop","item":"https:\/\/www.fieldpiece.com\/shop\/"},{"@type":"ListItem","position":3,"name":"ST4 &#8211; Multim\u00e8tre temp\u00e9rature double"}]},{"@type":"WebSite","@id":"https:\/\/www.fieldpiece.com\/fr\/#website","url":"https:\/\/www.fieldpiece.com\/fr\/","name":"Fieldpiece Instruments","description":"","publisher":{"@id":"https:\/\/www.fieldpiece.com\/fr\/#organization"},"potentialAction":[{"@type":"SearchAction","target":{"@type":"EntryPoint","urlTemplate":"https:\/\/www.fieldpiece.com\/fr\/?s={search_term_string}"},"query-input":{"@type":"PropertyValueSpecification","valueRequired":true,"valueName":"search_term_string"}}],"inLanguage":"fr-FR"},{"@type":"Organization","@id":"https:\/\/www.fieldpiece.com\/fr\/#organization","name":"Fieldpiece Instruments","url":"https:\/\/www.fieldpiece.com\/fr\/","logo":{"@type":"ImageObject","inLanguage":"fr-FR","@id":"https:\/\/www.fieldpiece.com\/fr\/#\/schema\/logo\/image\/","url":"https:\/\/resources.fieldpiece.com\/wp-content\/uploads\/2021\/02\/Logos-490x358-1.jpg","contentUrl":"https:\/\/resources.fieldpiece.com\/wp-content\/uploads\/2021\/02\/Logos-490x358-1.jpg","width":490,"height":358,"caption":"Fieldpiece Instruments"},"image":{"@id":"https:\/\/www.fieldpiece.com\/fr\/#\/schema\/logo\/image\/"}}]}},"_links":{"self":[{"href":"https:\/\/www.fieldpiece.com\/fr\/wp-json\/wp\/v2\/product\/17711","targetHints":{"allow":["GET"]}}],"collection":[{"href":"https:\/\/www.fieldpiece.com\/fr\/wp-json\/wp\/v2\/product"}],"about":[{"href":"https:\/\/www.fieldpiece.com\/fr\/wp-json\/wp\/v2\/types\/product"}],"replies":[{"embeddable":true,"href":"https:\/\/www.fieldpiece.com\/fr\/wp-json\/wp\/v2\/comments?post=17711"}],"wp:featuredmedia":[{"embeddable":true,"href":"https:\/\/www.fieldpiece.com\/fr\/wp-json\/wp\/v2\/media\/17713"}],"wp:attachment":[{"href":"https:\/\/www.fieldpiece.com\/fr\/wp-json\/wp\/v2\/media?parent=17711"}],"wp:term":[{"taxonomy":"product_brand","embeddable":true,"href":"https:\/\/www.fieldpiece.com\/fr\/wp-json\/wp\/v2\/product_brand?post=17711"},{"taxonomy":"product_cat","embeddable":true,"href":"https:\/\/www.fieldpiece.com\/fr\/wp-json\/wp\/v2\/product_cat?post=17711"},{"taxonomy":"product_tag","embeddable":true,"href":"https:\/\/www.fieldpiece.com\/fr\/wp-json\/wp\/v2\/product_tag?post=17711"}],"curies":[{"name":"wp","href":"https:\/\/api.w.org\/{rel}","templated":true}]}}