	{"id":17618,"date":"2020-11-02T11:28:52","date_gmt":"2020-11-02T11:28:52","guid":{"rendered":"https:\/\/www.fieldpiece.com\/product\/aav3-air-velocity-and-temperature-accessory-head\/"},"modified":"2021-11-12T07:31:43","modified_gmt":"2021-11-12T15:31:43","slug":"aav3-air-velocity-and-temperature-accessory-head","status":"publish","type":"product","link":"https:\/\/www.fieldpiece.com\/fr\/produit\/aav3-air-velocity-and-temperature-accessory-head\/","title":{"rendered":"AAV3 &#8211; T\u00eate accessoire de mesure de vitesse et temp\u00e9rature de l&rsquo;air"},"content":{"rendered":"<p>Estimation de CFM<br \/>\nUne grande aube couvre presque toute la surface libre du registre<br \/>\nAffiche les relev\u00e9s en moyenne et en temps r\u00e9el<\/p>\n<p>L&rsquo;AAV3 est une t\u00eate accessoire d&rsquo;an\u00e9mom\u00e8tre, compatible avec nos instruments modulaires, qui mesure la vitesse et la temp\u00e9rature de l&rsquo;air en unit\u00e9s m\u00e9triques ou anglaises\u00a0:\u00a0 m\/s, pi\/min, km\/h, mph, \u00baC (degr\u00e9s Celsius) ou \u00baF (degr\u00e9s Fahrenheit).\u00a0 Multipliez votre vitesse de l&rsquo;air par la surface libre du registre pour estimer les CFM ou diagnostiquez les blocages de conduit et v\u00e9rifiez rapidement l&rsquo;\u00e9quilibre du d\u00e9bit d&rsquo;air dans les espaces climatis\u00e9s.\u00a0 Utilisez avec notre enregistreur de donn\u00e9es DL3 pour suivre le d\u00e9bit d&rsquo;air ou la temp\u00e9rature au fil du temps. Propose des modes de test de la moyenne et en temps r\u00e9el.<\/p>\n<p>L&rsquo;accessoire d&rsquo;an\u00e9mom\u00e8tre pour la mesure de la vitesse et de la temp\u00e9rature de l&rsquo;air AAV3 offre aux techniciens sur le terrain plusieurs fonctionnalit\u00e9s et avantages, notamment\u00a0:<\/p>\n<ul>\n<li>\u00a0 Compatibilit\u00e9 avec tout instrument ou toute poign\u00e9e Fieldpiece extensible, ou tout MMN dans les plages mVCC, ainsi que nos fils conducteurs d\u00e9tachables.<\/li>\n<li>\u00a0 Mesure de la vitesse et de la temp\u00e9rature de l&rsquo;air.<\/li>\n<li>\u00a0 Relev\u00e9s dans les emplacements difficiles d&rsquo;acc\u00e8s gr\u00e2ce aux fils conducteurs de test d\u00e9tachables.<\/li>\n<li>\u00a0 Commutation facile entre l&rsquo;affichage des relev\u00e9s en mode moyenne ou en mode temps r\u00e9el.<\/li>\n<li>\u00a0 Indicateur de pile faible.<\/li>\n<li>\u00a0 Arr\u00eat automatique apr\u00e8s 10\u00a0minutes (peut \u00eatre d\u00e9sactiv\u00e9).<\/li>\n<\/ul>\n<p>Inclus\u00a0:<\/p>\n<ul>\n<li>Accessoire de mesure de la vitesse et la temp\u00e9rature de l&rsquo;air &#8211; AAV3<\/li>\n<li>Pile alcaline 9\u00a0V (install\u00e9e)<\/li>\n<li>Manuel d\u2019utilisation<\/li>\n<\/ul>\n","protected":false},"excerpt":{"rendered":"<p>Estimation de CFM Une grande aube couvre presque toute la surface libre du registre Affiche les relev\u00e9s en moyenne et &#8230;<\/p>\n","protected":false},"featured_media":17620,"comment_status":"open","ping_status":"closed","template":"","meta":{"_acf_changed":false},"product_brand":[],"product_cat":[158,157],"product_tag":[],"class_list":{"0":"post-17618","1":"product","2":"type-product","3":"status-publish","4":"has-post-thumbnail","6":"product_cat-other-fr-2","7":"product_cat-accessory-heads-fr-2","9":"first","10":"instock","11":"shipping-taxable","12":"product-type-simple"},"acf":[],"yoast_head":"<!-- This site is optimized with the Yoast SEO plugin v27.2 - https:\/\/yoast.com\/product\/yoast-seo-wordpress\/ -->\n<title>AAV3 - T\u00eate accessoire de mesure de vitesse et temp\u00e9rature de l&#039;air - Fieldpiece Instruments<\/title>\n<meta name=\"robots\" content=\"index, follow, max-snippet:-1, max-image-preview:large, max-video-preview:-1\" \/>\n<link rel=\"canonical\" href=\"https:\/\/www.fieldpiece.com\/fr\/produit\/aav3-air-velocity-and-temperature-accessory-head\/\" \/>\n<meta property=\"og:locale\" content=\"fr_FR\" \/>\n<meta property=\"og:type\" content=\"article\" \/>\n<meta property=\"og:title\" content=\"AAV3 - T\u00eate accessoire de mesure de vitesse et temp\u00e9rature de l&#039;air - Fieldpiece Instruments\" \/>\n<meta property=\"og:description\" content=\"Estimation de CFM Une grande aube couvre presque toute la surface libre du registre Affiche les relev\u00e9s en moyenne et ...\" \/>\n<meta property=\"og:url\" content=\"https:\/\/www.fieldpiece.com\/fr\/produit\/aav3-air-velocity-and-temperature-accessory-head\/\" \/>\n<meta property=\"og:site_name\" content=\"Fieldpiece Instruments\" \/>\n<meta property=\"article:modified_time\" content=\"2021-11-12T15:31:43+00:00\" \/>\n<meta property=\"og:image\" content=\"https:\/\/www.fieldpiece.com\/wp-content\/uploads\/2021\/01\/AAV3-SRC-product.png\" \/>\n\t<meta property=\"og:image:width\" content=\"470\" \/>\n\t<meta property=\"og:image:height\" content=\"470\" \/>\n\t<meta property=\"og:image:type\" content=\"image\/png\" \/>\n<meta name=\"twitter:card\" content=\"summary_large_image\" \/>\n<meta name=\"twitter:label1\" content=\"Dur\u00e9e de lecture estim\u00e9e\" \/>\n\t<meta name=\"twitter:data1\" content=\"2 minutes\" \/>\n<script type=\"application\/ld+json\" class=\"yoast-schema-graph\">{\"@context\":\"https:\/\/schema.org\",\"@graph\":[{\"@type\":\"WebPage\",\"@id\":\"https:\/\/www.fieldpiece.com\/fr\/produit\/aav3-air-velocity-and-temperature-accessory-head\/\",\"url\":\"https:\/\/www.fieldpiece.com\/fr\/produit\/aav3-air-velocity-and-temperature-accessory-head\/\",\"name\":\"AAV3 - T\u00eate accessoire de mesure de vitesse et temp\u00e9rature de l'air - Fieldpiece Instruments\",\"isPartOf\":{\"@id\":\"https:\/\/www.fieldpiece.com\/fr\/#website\"},\"primaryImageOfPage\":{\"@id\":\"https:\/\/www.fieldpiece.com\/fr\/produit\/aav3-air-velocity-and-temperature-accessory-head\/#primaryimage\"},\"image\":{\"@id\":\"https:\/\/www.fieldpiece.com\/fr\/produit\/aav3-air-velocity-and-temperature-accessory-head\/#primaryimage\"},\"thumbnailUrl\":\"https:\/\/resources.fieldpiece.com\/wp-content\/uploads\/2021\/01\/AAV3-SRC-product.png\",\"datePublished\":\"2020-11-02T11:28:52+00:00\",\"dateModified\":\"2021-11-12T15:31:43+00:00\",\"breadcrumb\":{\"@id\":\"https:\/\/www.fieldpiece.com\/fr\/produit\/aav3-air-velocity-and-temperature-accessory-head\/#breadcrumb\"},\"inLanguage\":\"fr-FR\",\"potentialAction\":[{\"@type\":\"ReadAction\",\"target\":[\"https:\/\/www.fieldpiece.com\/fr\/produit\/aav3-air-velocity-and-temperature-accessory-head\/\"]}]},{\"@type\":\"ImageObject\",\"inLanguage\":\"fr-FR\",\"@id\":\"https:\/\/www.fieldpiece.com\/fr\/produit\/aav3-air-velocity-and-temperature-accessory-head\/#primaryimage\",\"url\":\"https:\/\/resources.fieldpiece.com\/wp-content\/uploads\/2021\/01\/AAV3-SRC-product.png\",\"contentUrl\":\"https:\/\/resources.fieldpiece.com\/wp-content\/uploads\/2021\/01\/AAV3-SRC-product.png\",\"width\":470,\"height\":470,\"caption\":\"AAV3 - Digital Anemometer\"},{\"@type\":\"BreadcrumbList\",\"@id\":\"https:\/\/www.fieldpiece.com\/fr\/produit\/aav3-air-velocity-and-temperature-accessory-head\/#breadcrumb\",\"itemListElement\":[{\"@type\":\"ListItem\",\"position\":1,\"name\":\"Home\",\"item\":\"https:\/\/www.fieldpiece.com\/fr\/\"},{\"@type\":\"ListItem\",\"position\":2,\"name\":\"Shop\",\"item\":\"https:\/\/www.fieldpiece.com\/shop\/\"},{\"@type\":\"ListItem\",\"position\":3,\"name\":\"AAV3 &#8211; T\u00eate accessoire de mesure de vitesse et temp\u00e9rature de l&rsquo;air\"}]},{\"@type\":\"WebSite\",\"@id\":\"https:\/\/www.fieldpiece.com\/fr\/#website\",\"url\":\"https:\/\/www.fieldpiece.com\/fr\/\",\"name\":\"Fieldpiece Instruments\",\"description\":\"\",\"publisher\":{\"@id\":\"https:\/\/www.fieldpiece.com\/fr\/#organization\"},\"potentialAction\":[{\"@type\":\"SearchAction\",\"target\":{\"@type\":\"EntryPoint\",\"urlTemplate\":\"https:\/\/www.fieldpiece.com\/fr\/?s={search_term_string}\"},\"query-input\":{\"@type\":\"PropertyValueSpecification\",\"valueRequired\":true,\"valueName\":\"search_term_string\"}}],\"inLanguage\":\"fr-FR\"},{\"@type\":\"Organization\",\"@id\":\"https:\/\/www.fieldpiece.com\/fr\/#organization\",\"name\":\"Fieldpiece Instruments\",\"url\":\"https:\/\/www.fieldpiece.com\/fr\/\",\"logo\":{\"@type\":\"ImageObject\",\"inLanguage\":\"fr-FR\",\"@id\":\"https:\/\/www.fieldpiece.com\/fr\/#\/schema\/logo\/image\/\",\"url\":\"https:\/\/resources.fieldpiece.com\/wp-content\/uploads\/2021\/02\/Logos-490x358-1.jpg\",\"contentUrl\":\"https:\/\/resources.fieldpiece.com\/wp-content\/uploads\/2021\/02\/Logos-490x358-1.jpg\",\"width\":490,\"height\":358,\"caption\":\"Fieldpiece Instruments\"},\"image\":{\"@id\":\"https:\/\/www.fieldpiece.com\/fr\/#\/schema\/logo\/image\/\"}}]}<\/script>\n<!-- \/ Yoast SEO plugin. -->","yoast_head_json":{"title":"AAV3 - T\u00eate accessoire de mesure de vitesse et temp\u00e9rature de l'air - Fieldpiece Instruments","robots":{"index":"index","follow":"follow","max-snippet":"max-snippet:-1","max-image-preview":"max-image-preview:large","max-video-preview":"max-video-preview:-1"},"canonical":"https:\/\/www.fieldpiece.com\/fr\/produit\/aav3-air-velocity-and-temperature-accessory-head\/","og_locale":"fr_FR","og_type":"article","og_title":"AAV3 - T\u00eate accessoire de mesure de vitesse et temp\u00e9rature de l'air - Fieldpiece Instruments","og_description":"Estimation de CFM Une grande aube couvre presque toute la surface libre du registre Affiche les relev\u00e9s en moyenne et ...","og_url":"https:\/\/www.fieldpiece.com\/fr\/produit\/aav3-air-velocity-and-temperature-accessory-head\/","og_site_name":"Fieldpiece Instruments","article_modified_time":"2021-11-12T15:31:43+00:00","og_image":[{"width":470,"height":470,"url":"https:\/\/www.fieldpiece.com\/wp-content\/uploads\/2021\/01\/AAV3-SRC-product.png","type":"image\/png"}],"twitter_card":"summary_large_image","twitter_misc":{"Dur\u00e9e de lecture estim\u00e9e":"2 minutes"},"schema":{"@context":"https:\/\/schema.org","@graph":[{"@type":"WebPage","@id":"https:\/\/www.fieldpiece.com\/fr\/produit\/aav3-air-velocity-and-temperature-accessory-head\/","url":"https:\/\/www.fieldpiece.com\/fr\/produit\/aav3-air-velocity-and-temperature-accessory-head\/","name":"AAV3 - T\u00eate accessoire de mesure de vitesse et temp\u00e9rature de l'air - Fieldpiece Instruments","isPartOf":{"@id":"https:\/\/www.fieldpiece.com\/fr\/#website"},"primaryImageOfPage":{"@id":"https:\/\/www.fieldpiece.com\/fr\/produit\/aav3-air-velocity-and-temperature-accessory-head\/#primaryimage"},"image":{"@id":"https:\/\/www.fieldpiece.com\/fr\/produit\/aav3-air-velocity-and-temperature-accessory-head\/#primaryimage"},"thumbnailUrl":"https:\/\/resources.fieldpiece.com\/wp-content\/uploads\/2021\/01\/AAV3-SRC-product.png","datePublished":"2020-11-02T11:28:52+00:00","dateModified":"2021-11-12T15:31:43+00:00","breadcrumb":{"@id":"https:\/\/www.fieldpiece.com\/fr\/produit\/aav3-air-velocity-and-temperature-accessory-head\/#breadcrumb"},"inLanguage":"fr-FR","potentialAction":[{"@type":"ReadAction","target":["https:\/\/www.fieldpiece.com\/fr\/produit\/aav3-air-velocity-and-temperature-accessory-head\/"]}]},{"@type":"ImageObject","inLanguage":"fr-FR","@id":"https:\/\/www.fieldpiece.com\/fr\/produit\/aav3-air-velocity-and-temperature-accessory-head\/#primaryimage","url":"https:\/\/resources.fieldpiece.com\/wp-content\/uploads\/2021\/01\/AAV3-SRC-product.png","contentUrl":"https:\/\/resources.fieldpiece.com\/wp-content\/uploads\/2021\/01\/AAV3-SRC-product.png","width":470,"height":470,"caption":"AAV3 - Digital Anemometer"},{"@type":"BreadcrumbList","@id":"https:\/\/www.fieldpiece.com\/fr\/produit\/aav3-air-velocity-and-temperature-accessory-head\/#breadcrumb","itemListElement":[{"@type":"ListItem","position":1,"name":"Home","item":"https:\/\/www.fieldpiece.com\/fr\/"},{"@type":"ListItem","position":2,"name":"Shop","item":"https:\/\/www.fieldpiece.com\/shop\/"},{"@type":"ListItem","position":3,"name":"AAV3 &#8211; T\u00eate accessoire de mesure de vitesse et temp\u00e9rature de l&rsquo;air"}]},{"@type":"WebSite","@id":"https:\/\/www.fieldpiece.com\/fr\/#website","url":"https:\/\/www.fieldpiece.com\/fr\/","name":"Fieldpiece Instruments","description":"","publisher":{"@id":"https:\/\/www.fieldpiece.com\/fr\/#organization"},"potentialAction":[{"@type":"SearchAction","target":{"@type":"EntryPoint","urlTemplate":"https:\/\/www.fieldpiece.com\/fr\/?s={search_term_string}"},"query-input":{"@type":"PropertyValueSpecification","valueRequired":true,"valueName":"search_term_string"}}],"inLanguage":"fr-FR"},{"@type":"Organization","@id":"https:\/\/www.fieldpiece.com\/fr\/#organization","name":"Fieldpiece Instruments","url":"https:\/\/www.fieldpiece.com\/fr\/","logo":{"@type":"ImageObject","inLanguage":"fr-FR","@id":"https:\/\/www.fieldpiece.com\/fr\/#\/schema\/logo\/image\/","url":"https:\/\/resources.fieldpiece.com\/wp-content\/uploads\/2021\/02\/Logos-490x358-1.jpg","contentUrl":"https:\/\/resources.fieldpiece.com\/wp-content\/uploads\/2021\/02\/Logos-490x358-1.jpg","width":490,"height":358,"caption":"Fieldpiece Instruments"},"image":{"@id":"https:\/\/www.fieldpiece.com\/fr\/#\/schema\/logo\/image\/"}}]}},"_links":{"self":[{"href":"https:\/\/www.fieldpiece.com\/fr\/wp-json\/wp\/v2\/product\/17618","targetHints":{"allow":["GET"]}}],"collection":[{"href":"https:\/\/www.fieldpiece.com\/fr\/wp-json\/wp\/v2\/product"}],"about":[{"href":"https:\/\/www.fieldpiece.com\/fr\/wp-json\/wp\/v2\/types\/product"}],"replies":[{"embeddable":true,"href":"https:\/\/www.fieldpiece.com\/fr\/wp-json\/wp\/v2\/comments?post=17618"}],"wp:featuredmedia":[{"embeddable":true,"href":"https:\/\/www.fieldpiece.com\/fr\/wp-json\/wp\/v2\/media\/17620"}],"wp:attachment":[{"href":"https:\/\/www.fieldpiece.com\/fr\/wp-json\/wp\/v2\/media?parent=17618"}],"wp:term":[{"taxonomy":"product_brand","embeddable":true,"href":"https:\/\/www.fieldpiece.com\/fr\/wp-json\/wp\/v2\/product_brand?post=17618"},{"taxonomy":"product_cat","embeddable":true,"href":"https:\/\/www.fieldpiece.com\/fr\/wp-json\/wp\/v2\/product_cat?post=17618"},{"taxonomy":"product_tag","embeddable":true,"href":"https:\/\/www.fieldpiece.com\/fr\/wp-json\/wp\/v2\/product_tag?post=17618"}],"curies":[{"name":"wp","href":"https:\/\/api.w.org\/{rel}","templated":true}]}}