	{"id":17566,"date":"2020-11-02T11:29:18","date_gmt":"2020-11-02T11:29:18","guid":{"rendered":"https:\/\/www.fieldpiece.com\/product\/ach4-400a-amp-clamp-accessory-head\/"},"modified":"2021-10-31T20:37:48","modified_gmt":"2021-11-01T03:37:48","slug":"ach4-400a-amp-clamp-accessory-head","status":"publish","type":"product","link":"https:\/\/www.fieldpiece.com\/fr\/produit\/ach4-400a-amp-clamp-accessory-head\/","title":{"rendered":"ACH4 &#8211; T\u00eate accessoire pince amp\u00e8rem\u00e8tre 400A"},"content":{"rendered":"<p>La m\u00e2choire \u00e0 griffe permet d&rsquo;isoler les fils \u00e0 des fins de test<br \/>\nD\u00e9terminer l&rsquo;intensit\u00e9 de courant de d\u00e9marrage\/fonctionnement des moteurs et compresseurs<br \/>\nExcellent compl\u00e9ment aux multim\u00e8tres de type b\u00e2ton <\/p>\n<p>La pince d&rsquo;intensit\u00e9 de courant ACH4 est une t\u00eate accessoire de petite taille permettant d&rsquo;effectuer des relev\u00e9s rapides jusqu&rsquo;\u00e0 400 \u00a0ACA. La griffe sur la pince aide \u00e0 s\u00e9lectionner rapidement le fil \u00e0 mesurer. Une fois le conducteur de courant isol\u00e9, l&rsquo;intensit\u00e9 de courant est convertie en mVCA pour lecture directe sur l&rsquo;instrument de mesure. L&rsquo;ACH4 est compatible avec le multim\u00e8tre de type b\u00e2ton, la poign\u00e9e \u00e9lectronique EHDL1, la poign\u00e9e sans fil EH4W, l&rsquo;enregistreur de donn\u00e9es DL3, les analyseurs de syst\u00e8me HVAC Guide\u00ae HG2 et HG3, et tout autre multim\u00e8tre num\u00e9rique (avec plage mVCA) Fieldpiece connect\u00e9s par fils conducteurs en silicone d\u00e9tachables ADLS2 Fieldpiece ou adaptateur de poign\u00e9e AHDL1.<\/p>\n<p><strong>Fonctionnalit\u00e9s\u00a0:<\/strong><\/p>\n<ul>\n<li>Connexion directe \u00e0 tout multim\u00e8tre de type b\u00e2ton Fieldpiece (connect\u00e9 au HS36, voir l&rsquo;illustration)<\/li>\n<li>Utilisez la pince amp\u00e8rem\u00e8tre pour atteindre les endroits difficiles d&rsquo;acc\u00e8s au moyen de nos fils conducteurs de luxe en silicone avec embouts de sonde d\u00e9tachables (mod\u00e8le ADLS2)<\/li>\n<li>La m\u00e2choire en biais s&rsquo;ouvre \u00e0 4,5\u00a0cm (1,8\u00a0po) et facilite la s\u00e9lection rapide d&rsquo;un fil unique.<\/li>\n<\/ul>\n<p>Inclus\u00a0:<\/p>\n<ul>\n<li>T\u00eate accessoire pince amp\u00e8rem\u00e8tre 400\u00a0A &#8211; ACH4<\/li>\n<li>Manuel d\u2019utilisation<\/li>\n<\/ul>\n","protected":false},"excerpt":{"rendered":"<p>La m\u00e2choire \u00e0 griffe permet d&rsquo;isoler les fils \u00e0 des fins de test D\u00e9terminer l&rsquo;intensit\u00e9 de courant de d\u00e9marrage\/fonctionnement des &#8230;<\/p>\n","protected":false},"featured_media":17568,"comment_status":"open","ping_status":"closed","template":"","meta":{"_acf_changed":false},"product_brand":[],"product_cat":[158,157],"product_tag":[],"class_list":{"0":"post-17566","1":"product","2":"type-product","3":"status-publish","4":"has-post-thumbnail","6":"product_cat-other-fr-2","7":"product_cat-accessory-heads-fr-2","9":"first","10":"instock","11":"shipping-taxable","12":"product-type-simple"},"acf":[],"yoast_head":"<!-- This site is optimized with the Yoast SEO plugin v27.2 - https:\/\/yoast.com\/product\/yoast-seo-wordpress\/ -->\n<title>ACH4 - T\u00eate accessoire pince amp\u00e8rem\u00e8tre 400A - Fieldpiece Instruments<\/title>\n<meta name=\"robots\" content=\"index, follow, max-snippet:-1, max-image-preview:large, max-video-preview:-1\" \/>\n<link rel=\"canonical\" href=\"https:\/\/www.fieldpiece.com\/fr\/produit\/ach4-400a-amp-clamp-accessory-head\/\" \/>\n<meta property=\"og:locale\" content=\"fr_FR\" \/>\n<meta property=\"og:type\" content=\"article\" \/>\n<meta property=\"og:title\" content=\"ACH4 - T\u00eate accessoire pince amp\u00e8rem\u00e8tre 400A - Fieldpiece Instruments\" \/>\n<meta property=\"og:description\" content=\"La m\u00e2choire \u00e0 griffe permet d&rsquo;isoler les fils \u00e0 des fins de test D\u00e9terminer l&rsquo;intensit\u00e9 de courant de d\u00e9marrage\/fonctionnement des ...\" \/>\n<meta property=\"og:url\" content=\"https:\/\/www.fieldpiece.com\/fr\/produit\/ach4-400a-amp-clamp-accessory-head\/\" \/>\n<meta property=\"og:site_name\" content=\"Fieldpiece Instruments\" \/>\n<meta property=\"article:modified_time\" content=\"2021-11-01T03:37:48+00:00\" \/>\n<meta property=\"og:image\" content=\"https:\/\/www.fieldpiece.com\/wp-content\/uploads\/2021\/01\/ACH4-SRC-product.png\" \/>\n\t<meta property=\"og:image:width\" content=\"470\" \/>\n\t<meta property=\"og:image:height\" content=\"470\" \/>\n\t<meta property=\"og:image:type\" content=\"image\/png\" \/>\n<meta name=\"twitter:card\" content=\"summary_large_image\" \/>\n<meta name=\"twitter:label1\" content=\"Dur\u00e9e de lecture estim\u00e9e\" \/>\n\t<meta name=\"twitter:data1\" content=\"1 minute\" \/>\n<script type=\"application\/ld+json\" class=\"yoast-schema-graph\">{\"@context\":\"https:\/\/schema.org\",\"@graph\":[{\"@type\":\"WebPage\",\"@id\":\"https:\/\/www.fieldpiece.com\/fr\/produit\/ach4-400a-amp-clamp-accessory-head\/\",\"url\":\"https:\/\/www.fieldpiece.com\/fr\/produit\/ach4-400a-amp-clamp-accessory-head\/\",\"name\":\"ACH4 - T\u00eate accessoire pince amp\u00e8rem\u00e8tre 400A - Fieldpiece Instruments\",\"isPartOf\":{\"@id\":\"https:\/\/www.fieldpiece.com\/fr\/#website\"},\"primaryImageOfPage\":{\"@id\":\"https:\/\/www.fieldpiece.com\/fr\/produit\/ach4-400a-amp-clamp-accessory-head\/#primaryimage\"},\"image\":{\"@id\":\"https:\/\/www.fieldpiece.com\/fr\/produit\/ach4-400a-amp-clamp-accessory-head\/#primaryimage\"},\"thumbnailUrl\":\"https:\/\/resources.fieldpiece.com\/wp-content\/uploads\/2021\/01\/ACH4-SRC-product.png\",\"datePublished\":\"2020-11-02T11:29:18+00:00\",\"dateModified\":\"2021-11-01T03:37:48+00:00\",\"breadcrumb\":{\"@id\":\"https:\/\/www.fieldpiece.com\/fr\/produit\/ach4-400a-amp-clamp-accessory-head\/#breadcrumb\"},\"inLanguage\":\"fr-FR\",\"potentialAction\":[{\"@type\":\"ReadAction\",\"target\":[\"https:\/\/www.fieldpiece.com\/fr\/produit\/ach4-400a-amp-clamp-accessory-head\/\"]}]},{\"@type\":\"ImageObject\",\"inLanguage\":\"fr-FR\",\"@id\":\"https:\/\/www.fieldpiece.com\/fr\/produit\/ach4-400a-amp-clamp-accessory-head\/#primaryimage\",\"url\":\"https:\/\/resources.fieldpiece.com\/wp-content\/uploads\/2021\/01\/ACH4-SRC-product.png\",\"contentUrl\":\"https:\/\/resources.fieldpiece.com\/wp-content\/uploads\/2021\/01\/ACH4-SRC-product.png\",\"width\":470,\"height\":470,\"caption\":\"400A Amp Clamp Meter Accessory Head\"},{\"@type\":\"BreadcrumbList\",\"@id\":\"https:\/\/www.fieldpiece.com\/fr\/produit\/ach4-400a-amp-clamp-accessory-head\/#breadcrumb\",\"itemListElement\":[{\"@type\":\"ListItem\",\"position\":1,\"name\":\"Home\",\"item\":\"https:\/\/www.fieldpiece.com\/fr\/\"},{\"@type\":\"ListItem\",\"position\":2,\"name\":\"Shop\",\"item\":\"https:\/\/www.fieldpiece.com\/shop\/\"},{\"@type\":\"ListItem\",\"position\":3,\"name\":\"ACH4 &#8211; T\u00eate accessoire pince amp\u00e8rem\u00e8tre 400A\"}]},{\"@type\":\"WebSite\",\"@id\":\"https:\/\/www.fieldpiece.com\/fr\/#website\",\"url\":\"https:\/\/www.fieldpiece.com\/fr\/\",\"name\":\"Fieldpiece Instruments\",\"description\":\"\",\"publisher\":{\"@id\":\"https:\/\/www.fieldpiece.com\/fr\/#organization\"},\"potentialAction\":[{\"@type\":\"SearchAction\",\"target\":{\"@type\":\"EntryPoint\",\"urlTemplate\":\"https:\/\/www.fieldpiece.com\/fr\/?s={search_term_string}\"},\"query-input\":{\"@type\":\"PropertyValueSpecification\",\"valueRequired\":true,\"valueName\":\"search_term_string\"}}],\"inLanguage\":\"fr-FR\"},{\"@type\":\"Organization\",\"@id\":\"https:\/\/www.fieldpiece.com\/fr\/#organization\",\"name\":\"Fieldpiece Instruments\",\"url\":\"https:\/\/www.fieldpiece.com\/fr\/\",\"logo\":{\"@type\":\"ImageObject\",\"inLanguage\":\"fr-FR\",\"@id\":\"https:\/\/www.fieldpiece.com\/fr\/#\/schema\/logo\/image\/\",\"url\":\"https:\/\/resources.fieldpiece.com\/wp-content\/uploads\/2021\/02\/Logos-490x358-1.jpg\",\"contentUrl\":\"https:\/\/resources.fieldpiece.com\/wp-content\/uploads\/2021\/02\/Logos-490x358-1.jpg\",\"width\":490,\"height\":358,\"caption\":\"Fieldpiece Instruments\"},\"image\":{\"@id\":\"https:\/\/www.fieldpiece.com\/fr\/#\/schema\/logo\/image\/\"}}]}<\/script>\n<!-- \/ Yoast SEO plugin. -->","yoast_head_json":{"title":"ACH4 - T\u00eate accessoire pince amp\u00e8rem\u00e8tre 400A - Fieldpiece Instruments","robots":{"index":"index","follow":"follow","max-snippet":"max-snippet:-1","max-image-preview":"max-image-preview:large","max-video-preview":"max-video-preview:-1"},"canonical":"https:\/\/www.fieldpiece.com\/fr\/produit\/ach4-400a-amp-clamp-accessory-head\/","og_locale":"fr_FR","og_type":"article","og_title":"ACH4 - T\u00eate accessoire pince amp\u00e8rem\u00e8tre 400A - Fieldpiece Instruments","og_description":"La m\u00e2choire \u00e0 griffe permet d&rsquo;isoler les fils \u00e0 des fins de test D\u00e9terminer l&rsquo;intensit\u00e9 de courant de d\u00e9marrage\/fonctionnement des ...","og_url":"https:\/\/www.fieldpiece.com\/fr\/produit\/ach4-400a-amp-clamp-accessory-head\/","og_site_name":"Fieldpiece Instruments","article_modified_time":"2021-11-01T03:37:48+00:00","og_image":[{"width":470,"height":470,"url":"https:\/\/www.fieldpiece.com\/wp-content\/uploads\/2021\/01\/ACH4-SRC-product.png","type":"image\/png"}],"twitter_card":"summary_large_image","twitter_misc":{"Dur\u00e9e de lecture estim\u00e9e":"1 minute"},"schema":{"@context":"https:\/\/schema.org","@graph":[{"@type":"WebPage","@id":"https:\/\/www.fieldpiece.com\/fr\/produit\/ach4-400a-amp-clamp-accessory-head\/","url":"https:\/\/www.fieldpiece.com\/fr\/produit\/ach4-400a-amp-clamp-accessory-head\/","name":"ACH4 - T\u00eate accessoire pince amp\u00e8rem\u00e8tre 400A - Fieldpiece Instruments","isPartOf":{"@id":"https:\/\/www.fieldpiece.com\/fr\/#website"},"primaryImageOfPage":{"@id":"https:\/\/www.fieldpiece.com\/fr\/produit\/ach4-400a-amp-clamp-accessory-head\/#primaryimage"},"image":{"@id":"https:\/\/www.fieldpiece.com\/fr\/produit\/ach4-400a-amp-clamp-accessory-head\/#primaryimage"},"thumbnailUrl":"https:\/\/resources.fieldpiece.com\/wp-content\/uploads\/2021\/01\/ACH4-SRC-product.png","datePublished":"2020-11-02T11:29:18+00:00","dateModified":"2021-11-01T03:37:48+00:00","breadcrumb":{"@id":"https:\/\/www.fieldpiece.com\/fr\/produit\/ach4-400a-amp-clamp-accessory-head\/#breadcrumb"},"inLanguage":"fr-FR","potentialAction":[{"@type":"ReadAction","target":["https:\/\/www.fieldpiece.com\/fr\/produit\/ach4-400a-amp-clamp-accessory-head\/"]}]},{"@type":"ImageObject","inLanguage":"fr-FR","@id":"https:\/\/www.fieldpiece.com\/fr\/produit\/ach4-400a-amp-clamp-accessory-head\/#primaryimage","url":"https:\/\/resources.fieldpiece.com\/wp-content\/uploads\/2021\/01\/ACH4-SRC-product.png","contentUrl":"https:\/\/resources.fieldpiece.com\/wp-content\/uploads\/2021\/01\/ACH4-SRC-product.png","width":470,"height":470,"caption":"400A Amp Clamp Meter Accessory Head"},{"@type":"BreadcrumbList","@id":"https:\/\/www.fieldpiece.com\/fr\/produit\/ach4-400a-amp-clamp-accessory-head\/#breadcrumb","itemListElement":[{"@type":"ListItem","position":1,"name":"Home","item":"https:\/\/www.fieldpiece.com\/fr\/"},{"@type":"ListItem","position":2,"name":"Shop","item":"https:\/\/www.fieldpiece.com\/shop\/"},{"@type":"ListItem","position":3,"name":"ACH4 &#8211; T\u00eate accessoire pince amp\u00e8rem\u00e8tre 400A"}]},{"@type":"WebSite","@id":"https:\/\/www.fieldpiece.com\/fr\/#website","url":"https:\/\/www.fieldpiece.com\/fr\/","name":"Fieldpiece Instruments","description":"","publisher":{"@id":"https:\/\/www.fieldpiece.com\/fr\/#organization"},"potentialAction":[{"@type":"SearchAction","target":{"@type":"EntryPoint","urlTemplate":"https:\/\/www.fieldpiece.com\/fr\/?s={search_term_string}"},"query-input":{"@type":"PropertyValueSpecification","valueRequired":true,"valueName":"search_term_string"}}],"inLanguage":"fr-FR"},{"@type":"Organization","@id":"https:\/\/www.fieldpiece.com\/fr\/#organization","name":"Fieldpiece Instruments","url":"https:\/\/www.fieldpiece.com\/fr\/","logo":{"@type":"ImageObject","inLanguage":"fr-FR","@id":"https:\/\/www.fieldpiece.com\/fr\/#\/schema\/logo\/image\/","url":"https:\/\/resources.fieldpiece.com\/wp-content\/uploads\/2021\/02\/Logos-490x358-1.jpg","contentUrl":"https:\/\/resources.fieldpiece.com\/wp-content\/uploads\/2021\/02\/Logos-490x358-1.jpg","width":490,"height":358,"caption":"Fieldpiece Instruments"},"image":{"@id":"https:\/\/www.fieldpiece.com\/fr\/#\/schema\/logo\/image\/"}}]}},"_links":{"self":[{"href":"https:\/\/www.fieldpiece.com\/fr\/wp-json\/wp\/v2\/product\/17566","targetHints":{"allow":["GET"]}}],"collection":[{"href":"https:\/\/www.fieldpiece.com\/fr\/wp-json\/wp\/v2\/product"}],"about":[{"href":"https:\/\/www.fieldpiece.com\/fr\/wp-json\/wp\/v2\/types\/product"}],"replies":[{"embeddable":true,"href":"https:\/\/www.fieldpiece.com\/fr\/wp-json\/wp\/v2\/comments?post=17566"}],"wp:featuredmedia":[{"embeddable":true,"href":"https:\/\/www.fieldpiece.com\/fr\/wp-json\/wp\/v2\/media\/17568"}],"wp:attachment":[{"href":"https:\/\/www.fieldpiece.com\/fr\/wp-json\/wp\/v2\/media?parent=17566"}],"wp:term":[{"taxonomy":"product_brand","embeddable":true,"href":"https:\/\/www.fieldpiece.com\/fr\/wp-json\/wp\/v2\/product_brand?post=17566"},{"taxonomy":"product_cat","embeddable":true,"href":"https:\/\/www.fieldpiece.com\/fr\/wp-json\/wp\/v2\/product_cat?post=17566"},{"taxonomy":"product_tag","embeddable":true,"href":"https:\/\/www.fieldpiece.com\/fr\/wp-json\/wp\/v2\/product_tag?post=17566"}],"curies":[{"name":"wp","href":"https:\/\/api.w.org\/{rel}","templated":true}]}}