	{"id":17509,"date":"2020-11-02T11:29:37","date_gmt":"2020-11-02T11:29:37","guid":{"rendered":"https:\/\/www.fieldpiece.com\/product\/spk3-rod-and-ir-temperature-pocket-style-tool\/"},"modified":"2021-10-31T21:36:27","modified_gmt":"2021-11-01T04:36:27","slug":"spk3-rod-and-ir-temperature-pocket-style-tool","status":"publish","type":"product","link":"https:\/\/www.fieldpiece.com\/fr\/produit\/spk3-rod-and-ir-temperature-pocket-style-tool\/","title":{"rendered":"SPK3 &#8211; Thermom\u00e8tre de poche infrarouge et tige"},"content":{"rendered":"<p>Id\u00e9al pour \u00e9valuer rapidement un syst\u00e8me<br \/>\nTige pliable pour les relev\u00e9s intra-conduit<br \/>\nIR 8:1 pour les temp\u00e9ratures de registre et ambiantes<br \/>\nRelev\u00e9s intra-conduit mains libres<br \/>\nCalcul rapide des mesures T1 &#8211; T2 en mode tige et IR  <\/p>\n<p>Le SPK3 est un outil pratique permettant de mesurer rapidement les temp\u00e9ratures intra-conduit, ambiantes et de registre.\u00a0 Cet outil pratique permet d&rsquo;\u00e9valuer un syst\u00e8me et il tient facilement dans votre poche.\u00a0 La tige a une pointe aigu\u00eb et \u00e9troite qui s&rsquo;introduit facilement dans le syst\u00e8me de conduits, et les crochets de suspension permettent d&rsquo;effectuer des relev\u00e9s mains libres.\u00a0 L&rsquo;affichage r\u00e9tro-\u00e9clair\u00e9 commute entre les mesures infrarouge et de tige, ainsi les relev\u00e9s sont toujours faciles \u00e0 consulter.\u00a0 Cet outil pratique calcule rapidement les mesures de T1 &#8211; T2 en modes IR et tige, ou une combinaison des deux.<\/p>\n<p>Inclus\u00a0: <\/p>\n<ul>\n<li>Deux piles AAA<\/li>\n<\/ul>\n","protected":false},"excerpt":{"rendered":"<p>Id\u00e9al pour \u00e9valuer rapidement un syst\u00e8me Tige pliable pour les relev\u00e9s intra-conduit IR 8:1 pour les temp\u00e9ratures de registre et &#8230;<\/p>\n","protected":false},"featured_media":17511,"comment_status":"open","ping_status":"closed","template":"","meta":{"_acf_changed":false},"product_brand":[],"product_cat":[124,165],"product_tag":[],"class_list":{"0":"post-17509","1":"product","2":"type-product","3":"status-publish","4":"has-post-thumbnail","6":"product_cat-air-flow-and-temp-rh-fr","7":"product_cat-pocket-tools-fr-2","9":"first","10":"instock","11":"shipping-taxable","12":"product-type-simple"},"acf":[],"yoast_head":"<!-- This site is optimized with the Yoast SEO plugin v27.3 - https:\/\/yoast.com\/product\/yoast-seo-wordpress\/ -->\n<title>SPK3 - Thermom\u00e8tre de poche infrarouge et tige - Fieldpiece Instruments<\/title>\n<meta name=\"robots\" content=\"index, follow, max-snippet:-1, max-image-preview:large, max-video-preview:-1\" \/>\n<link rel=\"canonical\" href=\"https:\/\/www.fieldpiece.com\/fr\/produit\/spk3-rod-and-ir-temperature-pocket-style-tool\/\" \/>\n<meta property=\"og:locale\" content=\"fr_FR\" \/>\n<meta property=\"og:type\" content=\"article\" \/>\n<meta property=\"og:title\" content=\"SPK3 - Thermom\u00e8tre de poche infrarouge et tige - Fieldpiece Instruments\" \/>\n<meta property=\"og:description\" content=\"Id\u00e9al pour \u00e9valuer rapidement un syst\u00e8me Tige pliable pour les relev\u00e9s intra-conduit IR 8:1 pour les temp\u00e9ratures de registre et ...\" \/>\n<meta property=\"og:url\" content=\"https:\/\/www.fieldpiece.com\/fr\/produit\/spk3-rod-and-ir-temperature-pocket-style-tool\/\" \/>\n<meta property=\"og:site_name\" content=\"Fieldpiece Instruments\" \/>\n<meta property=\"article:modified_time\" content=\"2021-11-01T04:36:27+00:00\" \/>\n<meta property=\"og:image\" content=\"https:\/\/resources.fieldpiece.com\/wp-content\/uploads\/2021\/01\/SPK3-SRC-Product.png\" \/>\n\t<meta property=\"og:image:width\" content=\"470\" \/>\n\t<meta property=\"og:image:height\" content=\"470\" \/>\n\t<meta property=\"og:image:type\" content=\"image\/png\" \/>\n<meta name=\"twitter:card\" content=\"summary_large_image\" \/>\n<meta name=\"twitter:label1\" content=\"Dur\u00e9e de lecture estim\u00e9e\" \/>\n\t<meta name=\"twitter:data1\" content=\"1 minute\" \/>\n<script type=\"application\/ld+json\" class=\"yoast-schema-graph\">{\"@context\":\"https:\\\/\\\/schema.org\",\"@graph\":[{\"@type\":\"WebPage\",\"@id\":\"https:\\\/\\\/www.fieldpiece.com\\\/fr\\\/produit\\\/spk3-rod-and-ir-temperature-pocket-style-tool\\\/\",\"url\":\"https:\\\/\\\/www.fieldpiece.com\\\/fr\\\/produit\\\/spk3-rod-and-ir-temperature-pocket-style-tool\\\/\",\"name\":\"SPK3 - Thermom\u00e8tre de poche infrarouge et tige - Fieldpiece Instruments\",\"isPartOf\":{\"@id\":\"https:\\\/\\\/www.fieldpiece.com\\\/fr\\\/#website\"},\"primaryImageOfPage\":{\"@id\":\"https:\\\/\\\/www.fieldpiece.com\\\/fr\\\/produit\\\/spk3-rod-and-ir-temperature-pocket-style-tool\\\/#primaryimage\"},\"image\":{\"@id\":\"https:\\\/\\\/www.fieldpiece.com\\\/fr\\\/produit\\\/spk3-rod-and-ir-temperature-pocket-style-tool\\\/#primaryimage\"},\"thumbnailUrl\":\"https:\\\/\\\/resources.fieldpiece.com\\\/wp-content\\\/uploads\\\/2021\\\/01\\\/SPK3-SRC-Product.png\",\"datePublished\":\"2020-11-02T11:29:37+00:00\",\"dateModified\":\"2021-11-01T04:36:27+00:00\",\"breadcrumb\":{\"@id\":\"https:\\\/\\\/www.fieldpiece.com\\\/fr\\\/produit\\\/spk3-rod-and-ir-temperature-pocket-style-tool\\\/#breadcrumb\"},\"inLanguage\":\"fr-FR\",\"potentialAction\":[{\"@type\":\"ReadAction\",\"target\":[\"https:\\\/\\\/www.fieldpiece.com\\\/fr\\\/produit\\\/spk3-rod-and-ir-temperature-pocket-style-tool\\\/\"]}]},{\"@type\":\"ImageObject\",\"inLanguage\":\"fr-FR\",\"@id\":\"https:\\\/\\\/www.fieldpiece.com\\\/fr\\\/produit\\\/spk3-rod-and-ir-temperature-pocket-style-tool\\\/#primaryimage\",\"url\":\"https:\\\/\\\/resources.fieldpiece.com\\\/wp-content\\\/uploads\\\/2021\\\/01\\\/SPK3-SRC-Product.png\",\"contentUrl\":\"https:\\\/\\\/resources.fieldpiece.com\\\/wp-content\\\/uploads\\\/2021\\\/01\\\/SPK3-SRC-Product.png\",\"width\":470,\"height\":470,\"caption\":\"SPK3 - Thermometer\"},{\"@type\":\"BreadcrumbList\",\"@id\":\"https:\\\/\\\/www.fieldpiece.com\\\/fr\\\/produit\\\/spk3-rod-and-ir-temperature-pocket-style-tool\\\/#breadcrumb\",\"itemListElement\":[{\"@type\":\"ListItem\",\"position\":1,\"name\":\"Home\",\"item\":\"https:\\\/\\\/www.fieldpiece.com\\\/fr\\\/\"},{\"@type\":\"ListItem\",\"position\":2,\"name\":\"Shop\",\"item\":\"https:\\\/\\\/www.fieldpiece.com\\\/shop\\\/\"},{\"@type\":\"ListItem\",\"position\":3,\"name\":\"SPK3 &#8211; Thermom\u00e8tre de poche infrarouge et tige\"}]},{\"@type\":\"WebSite\",\"@id\":\"https:\\\/\\\/www.fieldpiece.com\\\/fr\\\/#website\",\"url\":\"https:\\\/\\\/www.fieldpiece.com\\\/fr\\\/\",\"name\":\"Fieldpiece Instruments\",\"description\":\"\",\"publisher\":{\"@id\":\"https:\\\/\\\/www.fieldpiece.com\\\/fr\\\/#organization\"},\"potentialAction\":[{\"@type\":\"SearchAction\",\"target\":{\"@type\":\"EntryPoint\",\"urlTemplate\":\"https:\\\/\\\/www.fieldpiece.com\\\/fr\\\/?s={search_term_string}\"},\"query-input\":{\"@type\":\"PropertyValueSpecification\",\"valueRequired\":true,\"valueName\":\"search_term_string\"}}],\"inLanguage\":\"fr-FR\"},{\"@type\":\"Organization\",\"@id\":\"https:\\\/\\\/www.fieldpiece.com\\\/fr\\\/#organization\",\"name\":\"Fieldpiece Instruments\",\"url\":\"https:\\\/\\\/www.fieldpiece.com\\\/fr\\\/\",\"logo\":{\"@type\":\"ImageObject\",\"inLanguage\":\"fr-FR\",\"@id\":\"https:\\\/\\\/www.fieldpiece.com\\\/fr\\\/#\\\/schema\\\/logo\\\/image\\\/\",\"url\":\"https:\\\/\\\/resources.fieldpiece.com\\\/wp-content\\\/uploads\\\/2021\\\/02\\\/Logos-490x358-1.jpg\",\"contentUrl\":\"https:\\\/\\\/resources.fieldpiece.com\\\/wp-content\\\/uploads\\\/2021\\\/02\\\/Logos-490x358-1.jpg\",\"width\":490,\"height\":358,\"caption\":\"Fieldpiece Instruments\"},\"image\":{\"@id\":\"https:\\\/\\\/www.fieldpiece.com\\\/fr\\\/#\\\/schema\\\/logo\\\/image\\\/\"}}]}<\/script>\n<!-- \/ Yoast SEO plugin. -->","yoast_head_json":{"title":"SPK3 - Thermom\u00e8tre de poche infrarouge et tige - Fieldpiece Instruments","robots":{"index":"index","follow":"follow","max-snippet":"max-snippet:-1","max-image-preview":"max-image-preview:large","max-video-preview":"max-video-preview:-1"},"canonical":"https:\/\/www.fieldpiece.com\/fr\/produit\/spk3-rod-and-ir-temperature-pocket-style-tool\/","og_locale":"fr_FR","og_type":"article","og_title":"SPK3 - Thermom\u00e8tre de poche infrarouge et tige - Fieldpiece Instruments","og_description":"Id\u00e9al pour \u00e9valuer rapidement un syst\u00e8me Tige pliable pour les relev\u00e9s intra-conduit IR 8:1 pour les temp\u00e9ratures de registre et ...","og_url":"https:\/\/www.fieldpiece.com\/fr\/produit\/spk3-rod-and-ir-temperature-pocket-style-tool\/","og_site_name":"Fieldpiece Instruments","article_modified_time":"2021-11-01T04:36:27+00:00","og_image":[{"width":470,"height":470,"url":"https:\/\/resources.fieldpiece.com\/wp-content\/uploads\/2021\/01\/SPK3-SRC-Product.png","type":"image\/png"}],"twitter_card":"summary_large_image","twitter_misc":{"Dur\u00e9e de lecture estim\u00e9e":"1 minute"},"schema":{"@context":"https:\/\/schema.org","@graph":[{"@type":"WebPage","@id":"https:\/\/www.fieldpiece.com\/fr\/produit\/spk3-rod-and-ir-temperature-pocket-style-tool\/","url":"https:\/\/www.fieldpiece.com\/fr\/produit\/spk3-rod-and-ir-temperature-pocket-style-tool\/","name":"SPK3 - Thermom\u00e8tre de poche infrarouge et tige - Fieldpiece Instruments","isPartOf":{"@id":"https:\/\/www.fieldpiece.com\/fr\/#website"},"primaryImageOfPage":{"@id":"https:\/\/www.fieldpiece.com\/fr\/produit\/spk3-rod-and-ir-temperature-pocket-style-tool\/#primaryimage"},"image":{"@id":"https:\/\/www.fieldpiece.com\/fr\/produit\/spk3-rod-and-ir-temperature-pocket-style-tool\/#primaryimage"},"thumbnailUrl":"https:\/\/resources.fieldpiece.com\/wp-content\/uploads\/2021\/01\/SPK3-SRC-Product.png","datePublished":"2020-11-02T11:29:37+00:00","dateModified":"2021-11-01T04:36:27+00:00","breadcrumb":{"@id":"https:\/\/www.fieldpiece.com\/fr\/produit\/spk3-rod-and-ir-temperature-pocket-style-tool\/#breadcrumb"},"inLanguage":"fr-FR","potentialAction":[{"@type":"ReadAction","target":["https:\/\/www.fieldpiece.com\/fr\/produit\/spk3-rod-and-ir-temperature-pocket-style-tool\/"]}]},{"@type":"ImageObject","inLanguage":"fr-FR","@id":"https:\/\/www.fieldpiece.com\/fr\/produit\/spk3-rod-and-ir-temperature-pocket-style-tool\/#primaryimage","url":"https:\/\/resources.fieldpiece.com\/wp-content\/uploads\/2021\/01\/SPK3-SRC-Product.png","contentUrl":"https:\/\/resources.fieldpiece.com\/wp-content\/uploads\/2021\/01\/SPK3-SRC-Product.png","width":470,"height":470,"caption":"SPK3 - Thermometer"},{"@type":"BreadcrumbList","@id":"https:\/\/www.fieldpiece.com\/fr\/produit\/spk3-rod-and-ir-temperature-pocket-style-tool\/#breadcrumb","itemListElement":[{"@type":"ListItem","position":1,"name":"Home","item":"https:\/\/www.fieldpiece.com\/fr\/"},{"@type":"ListItem","position":2,"name":"Shop","item":"https:\/\/www.fieldpiece.com\/shop\/"},{"@type":"ListItem","position":3,"name":"SPK3 &#8211; Thermom\u00e8tre de poche infrarouge et tige"}]},{"@type":"WebSite","@id":"https:\/\/www.fieldpiece.com\/fr\/#website","url":"https:\/\/www.fieldpiece.com\/fr\/","name":"Fieldpiece Instruments","description":"","publisher":{"@id":"https:\/\/www.fieldpiece.com\/fr\/#organization"},"potentialAction":[{"@type":"SearchAction","target":{"@type":"EntryPoint","urlTemplate":"https:\/\/www.fieldpiece.com\/fr\/?s={search_term_string}"},"query-input":{"@type":"PropertyValueSpecification","valueRequired":true,"valueName":"search_term_string"}}],"inLanguage":"fr-FR"},{"@type":"Organization","@id":"https:\/\/www.fieldpiece.com\/fr\/#organization","name":"Fieldpiece Instruments","url":"https:\/\/www.fieldpiece.com\/fr\/","logo":{"@type":"ImageObject","inLanguage":"fr-FR","@id":"https:\/\/www.fieldpiece.com\/fr\/#\/schema\/logo\/image\/","url":"https:\/\/resources.fieldpiece.com\/wp-content\/uploads\/2021\/02\/Logos-490x358-1.jpg","contentUrl":"https:\/\/resources.fieldpiece.com\/wp-content\/uploads\/2021\/02\/Logos-490x358-1.jpg","width":490,"height":358,"caption":"Fieldpiece Instruments"},"image":{"@id":"https:\/\/www.fieldpiece.com\/fr\/#\/schema\/logo\/image\/"}}]}},"_links":{"self":[{"href":"https:\/\/www.fieldpiece.com\/fr\/wp-json\/wp\/v2\/product\/17509","targetHints":{"allow":["GET"]}}],"collection":[{"href":"https:\/\/www.fieldpiece.com\/fr\/wp-json\/wp\/v2\/product"}],"about":[{"href":"https:\/\/www.fieldpiece.com\/fr\/wp-json\/wp\/v2\/types\/product"}],"replies":[{"embeddable":true,"href":"https:\/\/www.fieldpiece.com\/fr\/wp-json\/wp\/v2\/comments?post=17509"}],"wp:featuredmedia":[{"embeddable":true,"href":"https:\/\/www.fieldpiece.com\/fr\/wp-json\/wp\/v2\/media\/17511"}],"wp:attachment":[{"href":"https:\/\/www.fieldpiece.com\/fr\/wp-json\/wp\/v2\/media?parent=17509"}],"wp:term":[{"taxonomy":"product_brand","embeddable":true,"href":"https:\/\/www.fieldpiece.com\/fr\/wp-json\/wp\/v2\/product_brand?post=17509"},{"taxonomy":"product_cat","embeddable":true,"href":"https:\/\/www.fieldpiece.com\/fr\/wp-json\/wp\/v2\/product_cat?post=17509"},{"taxonomy":"product_tag","embeddable":true,"href":"https:\/\/www.fieldpiece.com\/fr\/wp-json\/wp\/v2\/product_tag?post=17509"}],"curies":[{"name":"wp","href":"https:\/\/api.w.org\/{rel}","templated":true}]}}