	{"id":17472,"date":"2020-11-02T11:29:43","date_gmt":"2020-11-02T11:29:43","guid":{"rendered":"https:\/\/www.fieldpiece.com\/product\/sdmn6-dual-port-manometer-and-pressure-switch-tester\/"},"modified":"2021-11-16T03:11:39","modified_gmt":"2021-11-16T11:11:39","slug":"sdmn6-dual-port-manometer-and-pressure-switch-tester","status":"publish","type":"product","link":"https:\/\/www.fieldpiece.com\/fr\/produit\/sdmn6-dual-port-manometer-and-pressure-switch-tester\/","title":{"rendered":"SDMN6 &#8211; Manom\u00e8tre \u00e0 prise double avec testeur de pressostat"},"content":{"rendered":"<p>Gaz, statique et pression diff\u00e9rentielle<br \/>\nTest des pressostats<br \/>\n\u00c9talonnage facile de tout pressostat r\u00e9glable<br \/>\nId\u00e9al pour le diagnostic des performances <\/p>\n<p>d&rsquo;une chaudi\u00e8re Le manom\u00e8tre \u00e0 double port SDMN6 mesure la pression de gaz et la pression statique et teste avec pr\u00e9cision les pressostats en simulant un tirage \u00e0 l&rsquo;aide d&rsquo;une pompe interne. Un pressostat est un dispositif de s\u00e9curit\u00e9 emp\u00eachant la chaudi\u00e8re de fonctionner de mani\u00e8re dangereuse.\u00a0Le SDMN6 teste le pressostat pour d\u00e9terminer s&rsquo;il fonctionne correctement ou s&rsquo;il montre des signes de d\u00e9faillance, ce qui pourrait conduire la chaudi\u00e8re \u00e0 fonctionner de mani\u00e8re dangereuse.\u00a0Le SDMN6 vous permet d&rsquo;\u00e9talonner facilement un pressostat r\u00e9glable selon les sp\u00e9cifications du fabricant. Il n&rsquo;est donc pas n\u00e9cessaire de transporter de nombreux pressostats diff\u00e9rents dans votre v\u00e9hicule.<\/p>\n<p>Le manom\u00e8tre \u00e0 prise double poss\u00e8de les plages de mesure de la pression du gaz et la r\u00e9solution n\u00e9cessaires pour mesurer la pression statique.\u00a0Id\u00e9al pour les techniciens de maintenance sur le terrain en CVCR, le SDMN6 peut d\u00e9terminer si la pression du gaz entrant dans la maison ou \u00e0 l&rsquo;ext\u00e9rieur du r\u00e9gulateur est correcte. Le SDMN6 est capable de mesurer la pression du gaz jusqu&rsquo;\u00e0 1\u00a0524\u00a0mm CE (60 po CE) avec une r\u00e9solution de 2,54\u00a0mm CE (0,1\u00a0po CE). Il permet \u00e0 la fois de mesurer la pression positive et la pression n\u00e9gative, qui sont utilis\u00e9es pour mesurer les conduites de contr\u00f4le du vide. Il peut mesurer des pressions diff\u00e9rentielles et afficher \u00e0 tout moment, en bas \u00e0 droite de l&rsquo;\u00e9cran facile \u00e0 lire, la diff\u00e9rence entre P1 et P2. Le SDMN6 dispose de quatre \u00e9chelles de mesure\u00a0: pouces de colonne d&rsquo;eau (po CE), millim\u00e8tres de colonne d&rsquo;eau (mm CE), mBar et PSI.<\/p>\n<p>Il peut \u00eatre r\u00e9initialis\u00e9 pour s&rsquo;ajuster \u00e0 diff\u00e9rentes pressions ambiantes. Le SDMN6 est muni d&rsquo;un bouton de m\u00e9morisation de la valeur affich\u00e9e. La fonction d&rsquo;arr\u00eat automatique pr\u00e9serve la dur\u00e9e de vie de la pile et peut \u00eatre d\u00e9sactiv\u00e9e.<br \/>\nEn mode de pression statique, l&rsquo;appareil peut mesurer jusqu&rsquo;\u00e0 50,8\u00a0mm CE (2\u00a0po CE) avec une r\u00e9solution de 0,254\u00a0mm CE (0,01\u00a0po CE), pour permettre \u00e0 un technicien de mesurer de petites diff\u00e9rences dans la pression de l&rsquo;air (statique).<\/p>\n<p>Inclus\u00a0:<\/p>\n<ul>\n<li>SDMN6 &#8211; Manom\u00e8tre \u00e0 prise double avec testeur de pressostat<\/li>\n<li>ANC1 &#8211; \u00c9tui \u00e0 quatre poches<\/li>\n<li>ASP2s &#8211; Sondes de pression statique<\/li>\n<li>RMA316 &#8211; Tubes de pression<\/li>\n<li>Fils conducteurs pour raccords rapides<\/li>\n<li>Flexibles et s\u00e9parateur en Y<\/li>\n<li>Flexibles avec raccords \u00e0 vis en laiton<\/li>\n<\/ul>\n","protected":false},"excerpt":{"rendered":"<p>Gaz, statique et pression diff\u00e9rentielle Test des pressostats \u00c9talonnage facile de tout pressostat r\u00e9glable Id\u00e9al pour le diagnostic des performances &#8230;<\/p>\n","protected":false},"featured_media":17474,"comment_status":"open","ping_status":"closed","template":"","meta":{"_acf_changed":false},"product_brand":[],"product_cat":[138,139],"product_tag":[],"class_list":{"0":"post-17472","1":"product","2":"type-product","3":"status-publish","4":"has-post-thumbnail","6":"product_cat-combustion-fr-2","7":"product_cat-manometers-fr-2","9":"first","10":"instock","11":"shipping-taxable","12":"product-type-simple"},"acf":[],"yoast_head":"<!-- This site is optimized with the Yoast SEO plugin v27.4 - https:\/\/yoast.com\/product\/yoast-seo-wordpress\/ -->\n<title>SDMN6 - Manom\u00e8tre \u00e0 prise double avec testeur de pressostat - Fieldpiece Instruments<\/title>\n<meta name=\"robots\" content=\"index, follow, max-snippet:-1, max-image-preview:large, max-video-preview:-1\" \/>\n<link rel=\"canonical\" href=\"https:\/\/www.fieldpiece.com\/fr\/produit\/sdmn6-dual-port-manometer-and-pressure-switch-tester\/\" \/>\n<meta property=\"og:locale\" content=\"fr_FR\" \/>\n<meta property=\"og:type\" content=\"article\" \/>\n<meta property=\"og:title\" content=\"SDMN6 - Manom\u00e8tre \u00e0 prise double avec testeur de pressostat - Fieldpiece Instruments\" \/>\n<meta property=\"og:description\" content=\"Gaz, statique et pression diff\u00e9rentielle Test des pressostats \u00c9talonnage facile de tout pressostat r\u00e9glable Id\u00e9al pour le diagnostic des performances ...\" \/>\n<meta property=\"og:url\" content=\"https:\/\/www.fieldpiece.com\/fr\/produit\/sdmn6-dual-port-manometer-and-pressure-switch-tester\/\" \/>\n<meta property=\"og:site_name\" content=\"Fieldpiece Instruments\" \/>\n<meta property=\"article:modified_time\" content=\"2021-11-16T11:11:39+00:00\" \/>\n<meta property=\"og:image\" content=\"https:\/\/www.fieldpiece.com\/wp-content\/uploads\/2021\/01\/SDMN6-SRC-Product.png\" \/>\n\t<meta property=\"og:image:width\" content=\"470\" \/>\n\t<meta property=\"og:image:height\" content=\"470\" \/>\n\t<meta property=\"og:image:type\" content=\"image\/png\" \/>\n<meta name=\"twitter:card\" content=\"summary_large_image\" \/>\n<meta name=\"twitter:label1\" content=\"Dur\u00e9e de lecture estim\u00e9e\" \/>\n\t<meta name=\"twitter:data1\" content=\"2 minutes\" \/>\n<script type=\"application\/ld+json\" class=\"yoast-schema-graph\">{\"@context\":\"https:\\\/\\\/schema.org\",\"@graph\":[{\"@type\":\"WebPage\",\"@id\":\"https:\\\/\\\/www.fieldpiece.com\\\/fr\\\/produit\\\/sdmn6-dual-port-manometer-and-pressure-switch-tester\\\/\",\"url\":\"https:\\\/\\\/www.fieldpiece.com\\\/fr\\\/produit\\\/sdmn6-dual-port-manometer-and-pressure-switch-tester\\\/\",\"name\":\"SDMN6 - Manom\u00e8tre \u00e0 prise double avec testeur de pressostat - Fieldpiece Instruments\",\"isPartOf\":{\"@id\":\"https:\\\/\\\/www.fieldpiece.com\\\/fr\\\/#website\"},\"primaryImageOfPage\":{\"@id\":\"https:\\\/\\\/www.fieldpiece.com\\\/fr\\\/produit\\\/sdmn6-dual-port-manometer-and-pressure-switch-tester\\\/#primaryimage\"},\"image\":{\"@id\":\"https:\\\/\\\/www.fieldpiece.com\\\/fr\\\/produit\\\/sdmn6-dual-port-manometer-and-pressure-switch-tester\\\/#primaryimage\"},\"thumbnailUrl\":\"https:\\\/\\\/resources.fieldpiece.com\\\/wp-content\\\/uploads\\\/2021\\\/01\\\/SDMN6-SRC-Product.png\",\"datePublished\":\"2020-11-02T11:29:43+00:00\",\"dateModified\":\"2021-11-16T11:11:39+00:00\",\"breadcrumb\":{\"@id\":\"https:\\\/\\\/www.fieldpiece.com\\\/fr\\\/produit\\\/sdmn6-dual-port-manometer-and-pressure-switch-tester\\\/#breadcrumb\"},\"inLanguage\":\"fr-FR\",\"potentialAction\":[{\"@type\":\"ReadAction\",\"target\":[\"https:\\\/\\\/www.fieldpiece.com\\\/fr\\\/produit\\\/sdmn6-dual-port-manometer-and-pressure-switch-tester\\\/\"]}]},{\"@type\":\"ImageObject\",\"inLanguage\":\"fr-FR\",\"@id\":\"https:\\\/\\\/www.fieldpiece.com\\\/fr\\\/produit\\\/sdmn6-dual-port-manometer-and-pressure-switch-tester\\\/#primaryimage\",\"url\":\"https:\\\/\\\/resources.fieldpiece.com\\\/wp-content\\\/uploads\\\/2021\\\/01\\\/SDMN6-SRC-Product.png\",\"contentUrl\":\"https:\\\/\\\/resources.fieldpiece.com\\\/wp-content\\\/uploads\\\/2021\\\/01\\\/SDMN6-SRC-Product.png\",\"width\":470,\"height\":470,\"caption\":\"SDMN6 Dual Port Manometer w\\\/ Pressure Switch Tester\"},{\"@type\":\"BreadcrumbList\",\"@id\":\"https:\\\/\\\/www.fieldpiece.com\\\/fr\\\/produit\\\/sdmn6-dual-port-manometer-and-pressure-switch-tester\\\/#breadcrumb\",\"itemListElement\":[{\"@type\":\"ListItem\",\"position\":1,\"name\":\"Home\",\"item\":\"https:\\\/\\\/www.fieldpiece.com\\\/fr\\\/\"},{\"@type\":\"ListItem\",\"position\":2,\"name\":\"Shop\",\"item\":\"https:\\\/\\\/www.fieldpiece.com\\\/shop\\\/\"},{\"@type\":\"ListItem\",\"position\":3,\"name\":\"SDMN6 &#8211; Manom\u00e8tre \u00e0 prise double avec testeur de pressostat\"}]},{\"@type\":\"WebSite\",\"@id\":\"https:\\\/\\\/www.fieldpiece.com\\\/fr\\\/#website\",\"url\":\"https:\\\/\\\/www.fieldpiece.com\\\/fr\\\/\",\"name\":\"Fieldpiece Instruments\",\"description\":\"\",\"publisher\":{\"@id\":\"https:\\\/\\\/www.fieldpiece.com\\\/fr\\\/#organization\"},\"potentialAction\":[{\"@type\":\"SearchAction\",\"target\":{\"@type\":\"EntryPoint\",\"urlTemplate\":\"https:\\\/\\\/www.fieldpiece.com\\\/fr\\\/?s={search_term_string}\"},\"query-input\":{\"@type\":\"PropertyValueSpecification\",\"valueRequired\":true,\"valueName\":\"search_term_string\"}}],\"inLanguage\":\"fr-FR\"},{\"@type\":\"Organization\",\"@id\":\"https:\\\/\\\/www.fieldpiece.com\\\/fr\\\/#organization\",\"name\":\"Fieldpiece Instruments\",\"url\":\"https:\\\/\\\/www.fieldpiece.com\\\/fr\\\/\",\"logo\":{\"@type\":\"ImageObject\",\"inLanguage\":\"fr-FR\",\"@id\":\"https:\\\/\\\/www.fieldpiece.com\\\/fr\\\/#\\\/schema\\\/logo\\\/image\\\/\",\"url\":\"https:\\\/\\\/resources.fieldpiece.com\\\/wp-content\\\/uploads\\\/2021\\\/02\\\/Logos-490x358-1.jpg\",\"contentUrl\":\"https:\\\/\\\/resources.fieldpiece.com\\\/wp-content\\\/uploads\\\/2021\\\/02\\\/Logos-490x358-1.jpg\",\"width\":490,\"height\":358,\"caption\":\"Fieldpiece Instruments\"},\"image\":{\"@id\":\"https:\\\/\\\/www.fieldpiece.com\\\/fr\\\/#\\\/schema\\\/logo\\\/image\\\/\"}}]}<\/script>\n<!-- \/ Yoast SEO plugin. -->","yoast_head_json":{"title":"SDMN6 - Manom\u00e8tre \u00e0 prise double avec testeur de pressostat - Fieldpiece Instruments","robots":{"index":"index","follow":"follow","max-snippet":"max-snippet:-1","max-image-preview":"max-image-preview:large","max-video-preview":"max-video-preview:-1"},"canonical":"https:\/\/www.fieldpiece.com\/fr\/produit\/sdmn6-dual-port-manometer-and-pressure-switch-tester\/","og_locale":"fr_FR","og_type":"article","og_title":"SDMN6 - Manom\u00e8tre \u00e0 prise double avec testeur de pressostat - Fieldpiece Instruments","og_description":"Gaz, statique et pression diff\u00e9rentielle Test des pressostats \u00c9talonnage facile de tout pressostat r\u00e9glable Id\u00e9al pour le diagnostic des performances ...","og_url":"https:\/\/www.fieldpiece.com\/fr\/produit\/sdmn6-dual-port-manometer-and-pressure-switch-tester\/","og_site_name":"Fieldpiece Instruments","article_modified_time":"2021-11-16T11:11:39+00:00","og_image":[{"width":470,"height":470,"url":"https:\/\/www.fieldpiece.com\/wp-content\/uploads\/2021\/01\/SDMN6-SRC-Product.png","type":"image\/png"}],"twitter_card":"summary_large_image","twitter_misc":{"Dur\u00e9e de lecture estim\u00e9e":"2 minutes"},"schema":{"@context":"https:\/\/schema.org","@graph":[{"@type":"WebPage","@id":"https:\/\/www.fieldpiece.com\/fr\/produit\/sdmn6-dual-port-manometer-and-pressure-switch-tester\/","url":"https:\/\/www.fieldpiece.com\/fr\/produit\/sdmn6-dual-port-manometer-and-pressure-switch-tester\/","name":"SDMN6 - Manom\u00e8tre \u00e0 prise double avec testeur de pressostat - Fieldpiece Instruments","isPartOf":{"@id":"https:\/\/www.fieldpiece.com\/fr\/#website"},"primaryImageOfPage":{"@id":"https:\/\/www.fieldpiece.com\/fr\/produit\/sdmn6-dual-port-manometer-and-pressure-switch-tester\/#primaryimage"},"image":{"@id":"https:\/\/www.fieldpiece.com\/fr\/produit\/sdmn6-dual-port-manometer-and-pressure-switch-tester\/#primaryimage"},"thumbnailUrl":"https:\/\/resources.fieldpiece.com\/wp-content\/uploads\/2021\/01\/SDMN6-SRC-Product.png","datePublished":"2020-11-02T11:29:43+00:00","dateModified":"2021-11-16T11:11:39+00:00","breadcrumb":{"@id":"https:\/\/www.fieldpiece.com\/fr\/produit\/sdmn6-dual-port-manometer-and-pressure-switch-tester\/#breadcrumb"},"inLanguage":"fr-FR","potentialAction":[{"@type":"ReadAction","target":["https:\/\/www.fieldpiece.com\/fr\/produit\/sdmn6-dual-port-manometer-and-pressure-switch-tester\/"]}]},{"@type":"ImageObject","inLanguage":"fr-FR","@id":"https:\/\/www.fieldpiece.com\/fr\/produit\/sdmn6-dual-port-manometer-and-pressure-switch-tester\/#primaryimage","url":"https:\/\/resources.fieldpiece.com\/wp-content\/uploads\/2021\/01\/SDMN6-SRC-Product.png","contentUrl":"https:\/\/resources.fieldpiece.com\/wp-content\/uploads\/2021\/01\/SDMN6-SRC-Product.png","width":470,"height":470,"caption":"SDMN6 Dual Port Manometer w\/ Pressure Switch Tester"},{"@type":"BreadcrumbList","@id":"https:\/\/www.fieldpiece.com\/fr\/produit\/sdmn6-dual-port-manometer-and-pressure-switch-tester\/#breadcrumb","itemListElement":[{"@type":"ListItem","position":1,"name":"Home","item":"https:\/\/www.fieldpiece.com\/fr\/"},{"@type":"ListItem","position":2,"name":"Shop","item":"https:\/\/www.fieldpiece.com\/shop\/"},{"@type":"ListItem","position":3,"name":"SDMN6 &#8211; Manom\u00e8tre \u00e0 prise double avec testeur de pressostat"}]},{"@type":"WebSite","@id":"https:\/\/www.fieldpiece.com\/fr\/#website","url":"https:\/\/www.fieldpiece.com\/fr\/","name":"Fieldpiece Instruments","description":"","publisher":{"@id":"https:\/\/www.fieldpiece.com\/fr\/#organization"},"potentialAction":[{"@type":"SearchAction","target":{"@type":"EntryPoint","urlTemplate":"https:\/\/www.fieldpiece.com\/fr\/?s={search_term_string}"},"query-input":{"@type":"PropertyValueSpecification","valueRequired":true,"valueName":"search_term_string"}}],"inLanguage":"fr-FR"},{"@type":"Organization","@id":"https:\/\/www.fieldpiece.com\/fr\/#organization","name":"Fieldpiece Instruments","url":"https:\/\/www.fieldpiece.com\/fr\/","logo":{"@type":"ImageObject","inLanguage":"fr-FR","@id":"https:\/\/www.fieldpiece.com\/fr\/#\/schema\/logo\/image\/","url":"https:\/\/resources.fieldpiece.com\/wp-content\/uploads\/2021\/02\/Logos-490x358-1.jpg","contentUrl":"https:\/\/resources.fieldpiece.com\/wp-content\/uploads\/2021\/02\/Logos-490x358-1.jpg","width":490,"height":358,"caption":"Fieldpiece Instruments"},"image":{"@id":"https:\/\/www.fieldpiece.com\/fr\/#\/schema\/logo\/image\/"}}]}},"_links":{"self":[{"href":"https:\/\/www.fieldpiece.com\/fr\/wp-json\/wp\/v2\/product\/17472","targetHints":{"allow":["GET"]}}],"collection":[{"href":"https:\/\/www.fieldpiece.com\/fr\/wp-json\/wp\/v2\/product"}],"about":[{"href":"https:\/\/www.fieldpiece.com\/fr\/wp-json\/wp\/v2\/types\/product"}],"replies":[{"embeddable":true,"href":"https:\/\/www.fieldpiece.com\/fr\/wp-json\/wp\/v2\/comments?post=17472"}],"wp:featuredmedia":[{"embeddable":true,"href":"https:\/\/www.fieldpiece.com\/fr\/wp-json\/wp\/v2\/media\/17474"}],"wp:attachment":[{"href":"https:\/\/www.fieldpiece.com\/fr\/wp-json\/wp\/v2\/media?parent=17472"}],"wp:term":[{"taxonomy":"product_brand","embeddable":true,"href":"https:\/\/www.fieldpiece.com\/fr\/wp-json\/wp\/v2\/product_brand?post=17472"},{"taxonomy":"product_cat","embeddable":true,"href":"https:\/\/www.fieldpiece.com\/fr\/wp-json\/wp\/v2\/product_cat?post=17472"},{"taxonomy":"product_tag","embeddable":true,"href":"https:\/\/www.fieldpiece.com\/fr\/wp-json\/wp\/v2\/product_tag?post=17472"}],"curies":[{"name":"wp","href":"https:\/\/api.w.org\/{rel}","templated":true}]}}