	{"id":17432,"date":"2020-11-02T11:29:51","date_gmt":"2020-11-02T11:29:51","guid":{"rendered":"https:\/\/www.fieldpiece.com\/product\/sc260-compact-clamp-meter-with-true-rms\/"},"modified":"2022-01-03T21:33:10","modified_gmt":"2022-01-04T05:33:10","slug":"sc260-compact-clamp-meter-with-true-rms","status":"publish","type":"product","link":"https:\/\/www.fieldpiece.com\/fr\/produit\/sc260-compact-clamp-meter-with-true-rms\/","title":{"rendered":"SC260 &#8211; Pince multim\u00e8tre compacte avec MQ r\u00e9elle"},"content":{"rendered":"<p>MQ r\u00e9elle<br \/>\nVolts CA\/CC<br \/>\nTemp\u00e9rature<br \/>\nR\u00e9tro-\u00e9clairage lumineux  <\/p>\n<p>La pince multim\u00e8tre compacte SC260 est id\u00e9ale pour effectuer des relev\u00e9s \u00e9lectriques de CVCR.\u00a0 Elle comprend des relev\u00e9s de MQ r\u00e9elle afin que vous puissiez tester des variateurs de fr\u00e9quence avec plus de pr\u00e9cision, et pr\u00e9sente les temp\u00e9ratures en Celsius et en Fahrenheit.\u00a0 La SC260 poss\u00e8de \u00e9galement un \u00e9cran r\u00e9tro-\u00e9clair\u00e9 pour la lecture des relev\u00e9s dans les endroits mal \u00e9clair\u00e9s, et un aimant pivotant robuste pour une utilisation mains libres.<\/p>\n<p>Le SC260 vous permet de gagner en productivit\u00e9 avec le nouveau mode Auto Select.\u00a0 Il suffit de r\u00e9gler le cadran et de connecter les fils conducteurs pour que la pince multim\u00e8tre s\u00e9lectionne automatiquement la mesure appropri\u00e9e en fonction de ce qu&rsquo;elle d\u00e9tecte.\u00a0 Sa r\u00e9sistance aux \u00e9carts de temp\u00e9ratures vous permet de passer du froid d&rsquo;un cong\u00e9lateur \u00e0 la chaleur d&rsquo;une toiture. Les mesures de temp\u00e9ratures restent pr\u00e9cises, ce qui n&rsquo;est pas le cas avec des thermom\u00e8tres de moindre qualit\u00e9.<\/p>\n<ul>\n<li>Volts CA\/CC<\/li>\n<li>MQ r\u00e9elle<\/li>\n<li>400 ACA<\/li>\n<li>Temp\u00e9rature (\u00b0C\/\u00b0F)<\/li>\n<li>Capacit\u00e9<\/li>\n<li>D\u00e9tection de tension sans contact (NCV)<\/li>\n<li>40 m\u00e9gaohms avec r\u00e9solution de 0,01<\/li>\n<li>Continuit\u00e9<\/li>\n<li>Test des diodes<\/li>\n<li>Max.\/Min.\/M\u00e9moriser<\/li>\n<li>R\u00e9tro-\u00e9clairage LCD<\/li>\n<li>Indicateur de pile faible<\/li>\n<li>Avertissement haute tension<\/li>\n<\/ul>\n<p>Inclus\u00a0: <\/p>\n<ul>\n<li>Multim\u00e8tre SC260<\/li>\n<li>Ensemble de fils conducteurs de luxe avec embouts plaqu\u00e9s or et gaines amovibles ADLS2<\/li>\n<li>Thermocouple de type K ATB1<\/li>\n<li>Bande velcro<\/li>\n<li>Pile 9\u00a0V<\/li>\n<li>Housse rembourr\u00e9e ANC4<\/li>\n<\/ul>\n","protected":false},"excerpt":{"rendered":"<p>MQ r\u00e9elle Volts CA\/CC Temp\u00e9rature R\u00e9tro-\u00e9clairage lumineux La pince multim\u00e8tre compacte SC260 est id\u00e9ale pour effectuer des relev\u00e9s \u00e9lectriques de &#8230;<\/p>\n","protected":false},"featured_media":17434,"comment_status":"open","ping_status":"closed","template":"","meta":{"_acf_changed":false},"product_brand":[],"product_cat":[131,130],"product_tag":[],"class_list":{"0":"post-17432","1":"product","2":"type-product","3":"status-publish","4":"has-post-thumbnail","6":"product_cat-electrical-meters-fr-2","7":"product_cat-clamp-meters-fr-2","9":"first","10":"instock","11":"shipping-taxable","12":"product-type-simple"},"acf":[],"yoast_head":"<!-- This site is optimized with the Yoast SEO plugin v27.3 - https:\/\/yoast.com\/product\/yoast-seo-wordpress\/ -->\n<title>SC260 - Pince multim\u00e8tre compacte avec MQ r\u00e9elle - Fieldpiece Instruments<\/title>\n<meta name=\"robots\" content=\"index, follow, max-snippet:-1, max-image-preview:large, max-video-preview:-1\" \/>\n<link rel=\"canonical\" href=\"https:\/\/www.fieldpiece.com\/fr\/produit\/sc260-compact-clamp-meter-with-true-rms\/\" \/>\n<meta property=\"og:locale\" content=\"fr_FR\" \/>\n<meta property=\"og:type\" content=\"article\" \/>\n<meta property=\"og:title\" content=\"SC260 - Pince multim\u00e8tre compacte avec MQ r\u00e9elle - Fieldpiece Instruments\" \/>\n<meta property=\"og:description\" content=\"MQ r\u00e9elle Volts CA\/CC Temp\u00e9rature R\u00e9tro-\u00e9clairage lumineux La pince multim\u00e8tre compacte SC260 est id\u00e9ale pour effectuer des relev\u00e9s \u00e9lectriques de ...\" \/>\n<meta property=\"og:url\" content=\"https:\/\/www.fieldpiece.com\/fr\/produit\/sc260-compact-clamp-meter-with-true-rms\/\" \/>\n<meta property=\"og:site_name\" content=\"Fieldpiece Instruments\" \/>\n<meta property=\"article:modified_time\" content=\"2022-01-04T05:33:10+00:00\" \/>\n<meta property=\"og:image\" content=\"https:\/\/resources.fieldpiece.com\/wp-content\/uploads\/2021\/01\/SC260-SRC-product.png\" \/>\n\t<meta property=\"og:image:width\" content=\"470\" \/>\n\t<meta property=\"og:image:height\" content=\"470\" \/>\n\t<meta property=\"og:image:type\" content=\"image\/png\" \/>\n<meta name=\"twitter:card\" content=\"summary_large_image\" \/>\n<meta name=\"twitter:label1\" content=\"Dur\u00e9e de lecture estim\u00e9e\" \/>\n\t<meta name=\"twitter:data1\" content=\"1 minute\" \/>\n<script type=\"application\/ld+json\" class=\"yoast-schema-graph\">{\"@context\":\"https:\\\/\\\/schema.org\",\"@graph\":[{\"@type\":\"WebPage\",\"@id\":\"https:\\\/\\\/www.fieldpiece.com\\\/fr\\\/produit\\\/sc260-compact-clamp-meter-with-true-rms\\\/\",\"url\":\"https:\\\/\\\/www.fieldpiece.com\\\/fr\\\/produit\\\/sc260-compact-clamp-meter-with-true-rms\\\/\",\"name\":\"SC260 - Pince multim\u00e8tre compacte avec MQ r\u00e9elle - Fieldpiece Instruments\",\"isPartOf\":{\"@id\":\"https:\\\/\\\/www.fieldpiece.com\\\/fr\\\/#website\"},\"primaryImageOfPage\":{\"@id\":\"https:\\\/\\\/www.fieldpiece.com\\\/fr\\\/produit\\\/sc260-compact-clamp-meter-with-true-rms\\\/#primaryimage\"},\"image\":{\"@id\":\"https:\\\/\\\/www.fieldpiece.com\\\/fr\\\/produit\\\/sc260-compact-clamp-meter-with-true-rms\\\/#primaryimage\"},\"thumbnailUrl\":\"https:\\\/\\\/resources.fieldpiece.com\\\/wp-content\\\/uploads\\\/2021\\\/01\\\/SC260-SRC-product.png\",\"datePublished\":\"2020-11-02T11:29:51+00:00\",\"dateModified\":\"2022-01-04T05:33:10+00:00\",\"breadcrumb\":{\"@id\":\"https:\\\/\\\/www.fieldpiece.com\\\/fr\\\/produit\\\/sc260-compact-clamp-meter-with-true-rms\\\/#breadcrumb\"},\"inLanguage\":\"fr-FR\",\"potentialAction\":[{\"@type\":\"ReadAction\",\"target\":[\"https:\\\/\\\/www.fieldpiece.com\\\/fr\\\/produit\\\/sc260-compact-clamp-meter-with-true-rms\\\/\"]}]},{\"@type\":\"ImageObject\",\"inLanguage\":\"fr-FR\",\"@id\":\"https:\\\/\\\/www.fieldpiece.com\\\/fr\\\/produit\\\/sc260-compact-clamp-meter-with-true-rms\\\/#primaryimage\",\"url\":\"https:\\\/\\\/resources.fieldpiece.com\\\/wp-content\\\/uploads\\\/2021\\\/01\\\/SC260-SRC-product.png\",\"contentUrl\":\"https:\\\/\\\/resources.fieldpiece.com\\\/wp-content\\\/uploads\\\/2021\\\/01\\\/SC260-SRC-product.png\",\"width\":470,\"height\":470,\"caption\":\"SC260 - 400A Compact Clamp Meter With True RMS\"},{\"@type\":\"BreadcrumbList\",\"@id\":\"https:\\\/\\\/www.fieldpiece.com\\\/fr\\\/produit\\\/sc260-compact-clamp-meter-with-true-rms\\\/#breadcrumb\",\"itemListElement\":[{\"@type\":\"ListItem\",\"position\":1,\"name\":\"Home\",\"item\":\"https:\\\/\\\/www.fieldpiece.com\\\/fr\\\/\"},{\"@type\":\"ListItem\",\"position\":2,\"name\":\"Shop\",\"item\":\"https:\\\/\\\/www.fieldpiece.com\\\/shop\\\/\"},{\"@type\":\"ListItem\",\"position\":3,\"name\":\"SC260 &#8211; Pince multim\u00e8tre compacte avec MQ r\u00e9elle\"}]},{\"@type\":\"WebSite\",\"@id\":\"https:\\\/\\\/www.fieldpiece.com\\\/fr\\\/#website\",\"url\":\"https:\\\/\\\/www.fieldpiece.com\\\/fr\\\/\",\"name\":\"Fieldpiece Instruments\",\"description\":\"\",\"publisher\":{\"@id\":\"https:\\\/\\\/www.fieldpiece.com\\\/fr\\\/#organization\"},\"potentialAction\":[{\"@type\":\"SearchAction\",\"target\":{\"@type\":\"EntryPoint\",\"urlTemplate\":\"https:\\\/\\\/www.fieldpiece.com\\\/fr\\\/?s={search_term_string}\"},\"query-input\":{\"@type\":\"PropertyValueSpecification\",\"valueRequired\":true,\"valueName\":\"search_term_string\"}}],\"inLanguage\":\"fr-FR\"},{\"@type\":\"Organization\",\"@id\":\"https:\\\/\\\/www.fieldpiece.com\\\/fr\\\/#organization\",\"name\":\"Fieldpiece Instruments\",\"url\":\"https:\\\/\\\/www.fieldpiece.com\\\/fr\\\/\",\"logo\":{\"@type\":\"ImageObject\",\"inLanguage\":\"fr-FR\",\"@id\":\"https:\\\/\\\/www.fieldpiece.com\\\/fr\\\/#\\\/schema\\\/logo\\\/image\\\/\",\"url\":\"https:\\\/\\\/resources.fieldpiece.com\\\/wp-content\\\/uploads\\\/2021\\\/02\\\/Logos-490x358-1.jpg\",\"contentUrl\":\"https:\\\/\\\/resources.fieldpiece.com\\\/wp-content\\\/uploads\\\/2021\\\/02\\\/Logos-490x358-1.jpg\",\"width\":490,\"height\":358,\"caption\":\"Fieldpiece Instruments\"},\"image\":{\"@id\":\"https:\\\/\\\/www.fieldpiece.com\\\/fr\\\/#\\\/schema\\\/logo\\\/image\\\/\"}}]}<\/script>\n<!-- \/ Yoast SEO plugin. -->","yoast_head_json":{"title":"SC260 - Pince multim\u00e8tre compacte avec MQ r\u00e9elle - Fieldpiece Instruments","robots":{"index":"index","follow":"follow","max-snippet":"max-snippet:-1","max-image-preview":"max-image-preview:large","max-video-preview":"max-video-preview:-1"},"canonical":"https:\/\/www.fieldpiece.com\/fr\/produit\/sc260-compact-clamp-meter-with-true-rms\/","og_locale":"fr_FR","og_type":"article","og_title":"SC260 - Pince multim\u00e8tre compacte avec MQ r\u00e9elle - Fieldpiece Instruments","og_description":"MQ r\u00e9elle Volts CA\/CC Temp\u00e9rature R\u00e9tro-\u00e9clairage lumineux La pince multim\u00e8tre compacte SC260 est id\u00e9ale pour effectuer des relev\u00e9s \u00e9lectriques de ...","og_url":"https:\/\/www.fieldpiece.com\/fr\/produit\/sc260-compact-clamp-meter-with-true-rms\/","og_site_name":"Fieldpiece Instruments","article_modified_time":"2022-01-04T05:33:10+00:00","og_image":[{"width":470,"height":470,"url":"https:\/\/resources.fieldpiece.com\/wp-content\/uploads\/2021\/01\/SC260-SRC-product.png","type":"image\/png"}],"twitter_card":"summary_large_image","twitter_misc":{"Dur\u00e9e de lecture estim\u00e9e":"1 minute"},"schema":{"@context":"https:\/\/schema.org","@graph":[{"@type":"WebPage","@id":"https:\/\/www.fieldpiece.com\/fr\/produit\/sc260-compact-clamp-meter-with-true-rms\/","url":"https:\/\/www.fieldpiece.com\/fr\/produit\/sc260-compact-clamp-meter-with-true-rms\/","name":"SC260 - Pince multim\u00e8tre compacte avec MQ r\u00e9elle - Fieldpiece Instruments","isPartOf":{"@id":"https:\/\/www.fieldpiece.com\/fr\/#website"},"primaryImageOfPage":{"@id":"https:\/\/www.fieldpiece.com\/fr\/produit\/sc260-compact-clamp-meter-with-true-rms\/#primaryimage"},"image":{"@id":"https:\/\/www.fieldpiece.com\/fr\/produit\/sc260-compact-clamp-meter-with-true-rms\/#primaryimage"},"thumbnailUrl":"https:\/\/resources.fieldpiece.com\/wp-content\/uploads\/2021\/01\/SC260-SRC-product.png","datePublished":"2020-11-02T11:29:51+00:00","dateModified":"2022-01-04T05:33:10+00:00","breadcrumb":{"@id":"https:\/\/www.fieldpiece.com\/fr\/produit\/sc260-compact-clamp-meter-with-true-rms\/#breadcrumb"},"inLanguage":"fr-FR","potentialAction":[{"@type":"ReadAction","target":["https:\/\/www.fieldpiece.com\/fr\/produit\/sc260-compact-clamp-meter-with-true-rms\/"]}]},{"@type":"ImageObject","inLanguage":"fr-FR","@id":"https:\/\/www.fieldpiece.com\/fr\/produit\/sc260-compact-clamp-meter-with-true-rms\/#primaryimage","url":"https:\/\/resources.fieldpiece.com\/wp-content\/uploads\/2021\/01\/SC260-SRC-product.png","contentUrl":"https:\/\/resources.fieldpiece.com\/wp-content\/uploads\/2021\/01\/SC260-SRC-product.png","width":470,"height":470,"caption":"SC260 - 400A Compact Clamp Meter With True RMS"},{"@type":"BreadcrumbList","@id":"https:\/\/www.fieldpiece.com\/fr\/produit\/sc260-compact-clamp-meter-with-true-rms\/#breadcrumb","itemListElement":[{"@type":"ListItem","position":1,"name":"Home","item":"https:\/\/www.fieldpiece.com\/fr\/"},{"@type":"ListItem","position":2,"name":"Shop","item":"https:\/\/www.fieldpiece.com\/shop\/"},{"@type":"ListItem","position":3,"name":"SC260 &#8211; Pince multim\u00e8tre compacte avec MQ r\u00e9elle"}]},{"@type":"WebSite","@id":"https:\/\/www.fieldpiece.com\/fr\/#website","url":"https:\/\/www.fieldpiece.com\/fr\/","name":"Fieldpiece Instruments","description":"","publisher":{"@id":"https:\/\/www.fieldpiece.com\/fr\/#organization"},"potentialAction":[{"@type":"SearchAction","target":{"@type":"EntryPoint","urlTemplate":"https:\/\/www.fieldpiece.com\/fr\/?s={search_term_string}"},"query-input":{"@type":"PropertyValueSpecification","valueRequired":true,"valueName":"search_term_string"}}],"inLanguage":"fr-FR"},{"@type":"Organization","@id":"https:\/\/www.fieldpiece.com\/fr\/#organization","name":"Fieldpiece Instruments","url":"https:\/\/www.fieldpiece.com\/fr\/","logo":{"@type":"ImageObject","inLanguage":"fr-FR","@id":"https:\/\/www.fieldpiece.com\/fr\/#\/schema\/logo\/image\/","url":"https:\/\/resources.fieldpiece.com\/wp-content\/uploads\/2021\/02\/Logos-490x358-1.jpg","contentUrl":"https:\/\/resources.fieldpiece.com\/wp-content\/uploads\/2021\/02\/Logos-490x358-1.jpg","width":490,"height":358,"caption":"Fieldpiece Instruments"},"image":{"@id":"https:\/\/www.fieldpiece.com\/fr\/#\/schema\/logo\/image\/"}}]}},"_links":{"self":[{"href":"https:\/\/www.fieldpiece.com\/fr\/wp-json\/wp\/v2\/product\/17432","targetHints":{"allow":["GET"]}}],"collection":[{"href":"https:\/\/www.fieldpiece.com\/fr\/wp-json\/wp\/v2\/product"}],"about":[{"href":"https:\/\/www.fieldpiece.com\/fr\/wp-json\/wp\/v2\/types\/product"}],"replies":[{"embeddable":true,"href":"https:\/\/www.fieldpiece.com\/fr\/wp-json\/wp\/v2\/comments?post=17432"}],"wp:featuredmedia":[{"embeddable":true,"href":"https:\/\/www.fieldpiece.com\/fr\/wp-json\/wp\/v2\/media\/17434"}],"wp:attachment":[{"href":"https:\/\/www.fieldpiece.com\/fr\/wp-json\/wp\/v2\/media?parent=17432"}],"wp:term":[{"taxonomy":"product_brand","embeddable":true,"href":"https:\/\/www.fieldpiece.com\/fr\/wp-json\/wp\/v2\/product_brand?post=17432"},{"taxonomy":"product_cat","embeddable":true,"href":"https:\/\/www.fieldpiece.com\/fr\/wp-json\/wp\/v2\/product_cat?post=17432"},{"taxonomy":"product_tag","embeddable":true,"href":"https:\/\/www.fieldpiece.com\/fr\/wp-json\/wp\/v2\/product_tag?post=17432"}],"curies":[{"name":"wp","href":"https:\/\/api.w.org\/{rel}","templated":true}]}}