	{"id":17385,"date":"2020-11-03T11:28:44","date_gmt":"2020-11-03T11:28:44","guid":{"rendered":"https:\/\/www.fieldpiece.com\/product\/sta2-in-duct-hot-wire-anemometer\/"},"modified":"2021-11-22T03:27:02","modified_gmt":"2021-11-22T11:27:02","slug":"sta2-in-duct-hot-wire-anemometer","status":"publish","type":"product","link":"https:\/\/www.fieldpiece.com\/fr\/produit\/sta2-in-duct-hot-wire-anemometer\/","title":{"rendered":"STA2 &#8211; An\u00e9mom\u00e8tre fil chaud intra-conduit"},"content":{"rendered":"<p>\u00c9quilibrage de l&rsquo;air intra-conduit avec un d\u00e9lai de r\u00e9ponse rapide<br \/>\nMinimise les effets de turbulence<br \/>\nTests mains libres  Sonde t\u00e9lescopique de 96\u00a0cm (38\u00a0po) pour traverses intra-conduit<br \/>\nLe double affichage montre une combinaison de<br \/>\nCFM, vitesse de l&rsquo;air ou temp\u00e9rature en temps r\u00e9el  <\/p>\n<p>Le STA2 est un an\u00e9mom\u00e8tre fil chaud con\u00e7u pour les besoins des professionnels de CVCR en mati\u00e8re d&rsquo;\u00e9quilibrage de l&rsquo;air.\u00a0 L&#8217;embout de la sonde compact simplifie consid\u00e9rablement la prise de mesure de la vitesse de l&rsquo;air intra-conduit.Il est id\u00e9al pour traverser un conduit et calculer automatiquement le CFM sans la complexit\u00e9 et le co\u00fbt d&rsquo;un capot encombrant.\u00a0 La sonde t\u00e9lescopique de 96\u00a0cm (38\u00a0po) dot\u00e9e d&rsquo;une r\u00e8gle grav\u00e9e au laser et de bords plats permet aux techniciens de localiser les points de mesure ad\u00e9quats \u00e0 l&rsquo;int\u00e9rieur d&rsquo;un conduit et garantit l&rsquo;alignement correct de la sonde.<\/p>\n<p>Cet an\u00e9mom\u00e8tre fil chaud intra-conduit calcule rapidement le CFM \u00e0 partir de la vitesse de l&rsquo;air et de la surface libre.\u00a0 L&rsquo;interface intuitive du STA2 facilite la capture des donn\u00e9es correctes.  <\/p>\n<p>* Mesure la vitesse de l&rsquo;air et la temp\u00e9rature<br \/>\n* Calcule le CFM<br \/>\n* Fine sonde t\u00e9lescopique de 96\u00a0cm (38\u00a0po) pour traverses intra-conduit<br \/>\n* D\u00e9lai de r\u00e9ponse rapide<br \/>\n* Double affichage avec combinaison de CFM, vitesse de l&rsquo;air ou temp\u00e9rature en temps r\u00e9el<br \/>\n* Indicateurs de profondeur et de direction<br \/>\n* Minimisation des effets de turbulence avec moyenne des points de temps\/test<br \/>\n* Test mains libres avec cone de stabilisation et support magn\u00e9tique <\/p>\n<p>Inclus\u00a0:<\/p>\n<ul>\n<li>An\u00e9mom\u00e8tre fil chaud &#8211; STA2<\/li>\n<li>C\u00f4ne de stabilisation<\/li>\n<li>Mallette moul\u00e9e par soufflage rembourr\u00e9e<\/li>\n<\/ul>\n","protected":false},"excerpt":{"rendered":"<p>\u00c9quilibrage de l&rsquo;air intra-conduit avec un d\u00e9lai de r\u00e9ponse rapide Minimise les effets de turbulence Tests mains libres Sonde t\u00e9lescopique &#8230;<\/p>\n","protected":false},"featured_media":17387,"comment_status":"open","ping_status":"closed","template":"","meta":{"_acf_changed":false},"product_brand":[],"product_cat":[124],"product_tag":[],"class_list":{"0":"post-17385","1":"product","2":"type-product","3":"status-publish","4":"has-post-thumbnail","6":"product_cat-air-flow-and-temp-rh-fr","8":"first","9":"instock","10":"shipping-taxable","11":"product-type-simple"},"acf":[],"yoast_head":"<!-- This site is optimized with the Yoast SEO plugin v27.2 - https:\/\/yoast.com\/product\/yoast-seo-wordpress\/ -->\n<title>STA2 - An\u00e9mom\u00e8tre fil chaud intra-conduit - Fieldpiece Instruments<\/title>\n<meta name=\"robots\" content=\"index, follow, max-snippet:-1, max-image-preview:large, max-video-preview:-1\" \/>\n<link rel=\"canonical\" href=\"https:\/\/www.fieldpiece.com\/fr\/produit\/sta2-in-duct-hot-wire-anemometer\/\" \/>\n<meta property=\"og:locale\" content=\"fr_FR\" \/>\n<meta property=\"og:type\" content=\"article\" \/>\n<meta property=\"og:title\" content=\"STA2 - An\u00e9mom\u00e8tre fil chaud intra-conduit - Fieldpiece Instruments\" \/>\n<meta property=\"og:description\" content=\"\u00c9quilibrage de l&rsquo;air intra-conduit avec un d\u00e9lai de r\u00e9ponse rapide Minimise les effets de turbulence Tests mains libres Sonde t\u00e9lescopique ...\" \/>\n<meta property=\"og:url\" content=\"https:\/\/www.fieldpiece.com\/fr\/produit\/sta2-in-duct-hot-wire-anemometer\/\" \/>\n<meta property=\"og:site_name\" content=\"Fieldpiece Instruments\" \/>\n<meta property=\"article:modified_time\" content=\"2021-11-22T11:27:02+00:00\" \/>\n<meta property=\"og:image\" content=\"https:\/\/www.fieldpiece.com\/wp-content\/uploads\/2020\/11\/STA2-SRC-Product.png\" \/>\n\t<meta property=\"og:image:width\" content=\"470\" \/>\n\t<meta property=\"og:image:height\" content=\"470\" \/>\n\t<meta property=\"og:image:type\" content=\"image\/png\" \/>\n<meta name=\"twitter:card\" content=\"summary_large_image\" \/>\n<meta name=\"twitter:label1\" content=\"Dur\u00e9e de lecture estim\u00e9e\" \/>\n\t<meta name=\"twitter:data1\" content=\"1 minute\" \/>\n<script type=\"application\/ld+json\" class=\"yoast-schema-graph\">{\"@context\":\"https:\/\/schema.org\",\"@graph\":[{\"@type\":\"WebPage\",\"@id\":\"https:\/\/www.fieldpiece.com\/fr\/produit\/sta2-in-duct-hot-wire-anemometer\/\",\"url\":\"https:\/\/www.fieldpiece.com\/fr\/produit\/sta2-in-duct-hot-wire-anemometer\/\",\"name\":\"STA2 - An\u00e9mom\u00e8tre fil chaud intra-conduit - Fieldpiece Instruments\",\"isPartOf\":{\"@id\":\"https:\/\/www.fieldpiece.com\/fr\/#website\"},\"primaryImageOfPage\":{\"@id\":\"https:\/\/www.fieldpiece.com\/fr\/produit\/sta2-in-duct-hot-wire-anemometer\/#primaryimage\"},\"image\":{\"@id\":\"https:\/\/www.fieldpiece.com\/fr\/produit\/sta2-in-duct-hot-wire-anemometer\/#primaryimage\"},\"thumbnailUrl\":\"https:\/\/resources.fieldpiece.com\/wp-content\/uploads\/2020\/11\/STA2-SRC-Product.png\",\"datePublished\":\"2020-11-03T11:28:44+00:00\",\"dateModified\":\"2021-11-22T11:27:02+00:00\",\"breadcrumb\":{\"@id\":\"https:\/\/www.fieldpiece.com\/fr\/produit\/sta2-in-duct-hot-wire-anemometer\/#breadcrumb\"},\"inLanguage\":\"fr-FR\",\"potentialAction\":[{\"@type\":\"ReadAction\",\"target\":[\"https:\/\/www.fieldpiece.com\/fr\/produit\/sta2-in-duct-hot-wire-anemometer\/\"]}]},{\"@type\":\"ImageObject\",\"inLanguage\":\"fr-FR\",\"@id\":\"https:\/\/www.fieldpiece.com\/fr\/produit\/sta2-in-duct-hot-wire-anemometer\/#primaryimage\",\"url\":\"https:\/\/resources.fieldpiece.com\/wp-content\/uploads\/2020\/11\/STA2-SRC-Product.png\",\"contentUrl\":\"https:\/\/resources.fieldpiece.com\/wp-content\/uploads\/2020\/11\/STA2-SRC-Product.png\",\"width\":470,\"height\":470,\"caption\":\"STA2 - Hands Free Duct Hot Wire Anemometer\"},{\"@type\":\"BreadcrumbList\",\"@id\":\"https:\/\/www.fieldpiece.com\/fr\/produit\/sta2-in-duct-hot-wire-anemometer\/#breadcrumb\",\"itemListElement\":[{\"@type\":\"ListItem\",\"position\":1,\"name\":\"Home\",\"item\":\"https:\/\/www.fieldpiece.com\/fr\/\"},{\"@type\":\"ListItem\",\"position\":2,\"name\":\"Shop\",\"item\":\"https:\/\/www.fieldpiece.com\/shop\/\"},{\"@type\":\"ListItem\",\"position\":3,\"name\":\"STA2 &#8211; An\u00e9mom\u00e8tre fil chaud intra-conduit\"}]},{\"@type\":\"WebSite\",\"@id\":\"https:\/\/www.fieldpiece.com\/fr\/#website\",\"url\":\"https:\/\/www.fieldpiece.com\/fr\/\",\"name\":\"Fieldpiece Instruments\",\"description\":\"\",\"publisher\":{\"@id\":\"https:\/\/www.fieldpiece.com\/fr\/#organization\"},\"potentialAction\":[{\"@type\":\"SearchAction\",\"target\":{\"@type\":\"EntryPoint\",\"urlTemplate\":\"https:\/\/www.fieldpiece.com\/fr\/?s={search_term_string}\"},\"query-input\":{\"@type\":\"PropertyValueSpecification\",\"valueRequired\":true,\"valueName\":\"search_term_string\"}}],\"inLanguage\":\"fr-FR\"},{\"@type\":\"Organization\",\"@id\":\"https:\/\/www.fieldpiece.com\/fr\/#organization\",\"name\":\"Fieldpiece Instruments\",\"url\":\"https:\/\/www.fieldpiece.com\/fr\/\",\"logo\":{\"@type\":\"ImageObject\",\"inLanguage\":\"fr-FR\",\"@id\":\"https:\/\/www.fieldpiece.com\/fr\/#\/schema\/logo\/image\/\",\"url\":\"https:\/\/resources.fieldpiece.com\/wp-content\/uploads\/2021\/02\/Logos-490x358-1.jpg\",\"contentUrl\":\"https:\/\/resources.fieldpiece.com\/wp-content\/uploads\/2021\/02\/Logos-490x358-1.jpg\",\"width\":490,\"height\":358,\"caption\":\"Fieldpiece Instruments\"},\"image\":{\"@id\":\"https:\/\/www.fieldpiece.com\/fr\/#\/schema\/logo\/image\/\"}}]}<\/script>\n<!-- \/ Yoast SEO plugin. -->","yoast_head_json":{"title":"STA2 - An\u00e9mom\u00e8tre fil chaud intra-conduit - Fieldpiece Instruments","robots":{"index":"index","follow":"follow","max-snippet":"max-snippet:-1","max-image-preview":"max-image-preview:large","max-video-preview":"max-video-preview:-1"},"canonical":"https:\/\/www.fieldpiece.com\/fr\/produit\/sta2-in-duct-hot-wire-anemometer\/","og_locale":"fr_FR","og_type":"article","og_title":"STA2 - An\u00e9mom\u00e8tre fil chaud intra-conduit - Fieldpiece Instruments","og_description":"\u00c9quilibrage de l&rsquo;air intra-conduit avec un d\u00e9lai de r\u00e9ponse rapide Minimise les effets de turbulence Tests mains libres Sonde t\u00e9lescopique ...","og_url":"https:\/\/www.fieldpiece.com\/fr\/produit\/sta2-in-duct-hot-wire-anemometer\/","og_site_name":"Fieldpiece Instruments","article_modified_time":"2021-11-22T11:27:02+00:00","og_image":[{"width":470,"height":470,"url":"https:\/\/www.fieldpiece.com\/wp-content\/uploads\/2020\/11\/STA2-SRC-Product.png","type":"image\/png"}],"twitter_card":"summary_large_image","twitter_misc":{"Dur\u00e9e de lecture estim\u00e9e":"1 minute"},"schema":{"@context":"https:\/\/schema.org","@graph":[{"@type":"WebPage","@id":"https:\/\/www.fieldpiece.com\/fr\/produit\/sta2-in-duct-hot-wire-anemometer\/","url":"https:\/\/www.fieldpiece.com\/fr\/produit\/sta2-in-duct-hot-wire-anemometer\/","name":"STA2 - An\u00e9mom\u00e8tre fil chaud intra-conduit - Fieldpiece Instruments","isPartOf":{"@id":"https:\/\/www.fieldpiece.com\/fr\/#website"},"primaryImageOfPage":{"@id":"https:\/\/www.fieldpiece.com\/fr\/produit\/sta2-in-duct-hot-wire-anemometer\/#primaryimage"},"image":{"@id":"https:\/\/www.fieldpiece.com\/fr\/produit\/sta2-in-duct-hot-wire-anemometer\/#primaryimage"},"thumbnailUrl":"https:\/\/resources.fieldpiece.com\/wp-content\/uploads\/2020\/11\/STA2-SRC-Product.png","datePublished":"2020-11-03T11:28:44+00:00","dateModified":"2021-11-22T11:27:02+00:00","breadcrumb":{"@id":"https:\/\/www.fieldpiece.com\/fr\/produit\/sta2-in-duct-hot-wire-anemometer\/#breadcrumb"},"inLanguage":"fr-FR","potentialAction":[{"@type":"ReadAction","target":["https:\/\/www.fieldpiece.com\/fr\/produit\/sta2-in-duct-hot-wire-anemometer\/"]}]},{"@type":"ImageObject","inLanguage":"fr-FR","@id":"https:\/\/www.fieldpiece.com\/fr\/produit\/sta2-in-duct-hot-wire-anemometer\/#primaryimage","url":"https:\/\/resources.fieldpiece.com\/wp-content\/uploads\/2020\/11\/STA2-SRC-Product.png","contentUrl":"https:\/\/resources.fieldpiece.com\/wp-content\/uploads\/2020\/11\/STA2-SRC-Product.png","width":470,"height":470,"caption":"STA2 - Hands Free Duct Hot Wire Anemometer"},{"@type":"BreadcrumbList","@id":"https:\/\/www.fieldpiece.com\/fr\/produit\/sta2-in-duct-hot-wire-anemometer\/#breadcrumb","itemListElement":[{"@type":"ListItem","position":1,"name":"Home","item":"https:\/\/www.fieldpiece.com\/fr\/"},{"@type":"ListItem","position":2,"name":"Shop","item":"https:\/\/www.fieldpiece.com\/shop\/"},{"@type":"ListItem","position":3,"name":"STA2 &#8211; An\u00e9mom\u00e8tre fil chaud intra-conduit"}]},{"@type":"WebSite","@id":"https:\/\/www.fieldpiece.com\/fr\/#website","url":"https:\/\/www.fieldpiece.com\/fr\/","name":"Fieldpiece Instruments","description":"","publisher":{"@id":"https:\/\/www.fieldpiece.com\/fr\/#organization"},"potentialAction":[{"@type":"SearchAction","target":{"@type":"EntryPoint","urlTemplate":"https:\/\/www.fieldpiece.com\/fr\/?s={search_term_string}"},"query-input":{"@type":"PropertyValueSpecification","valueRequired":true,"valueName":"search_term_string"}}],"inLanguage":"fr-FR"},{"@type":"Organization","@id":"https:\/\/www.fieldpiece.com\/fr\/#organization","name":"Fieldpiece Instruments","url":"https:\/\/www.fieldpiece.com\/fr\/","logo":{"@type":"ImageObject","inLanguage":"fr-FR","@id":"https:\/\/www.fieldpiece.com\/fr\/#\/schema\/logo\/image\/","url":"https:\/\/resources.fieldpiece.com\/wp-content\/uploads\/2021\/02\/Logos-490x358-1.jpg","contentUrl":"https:\/\/resources.fieldpiece.com\/wp-content\/uploads\/2021\/02\/Logos-490x358-1.jpg","width":490,"height":358,"caption":"Fieldpiece Instruments"},"image":{"@id":"https:\/\/www.fieldpiece.com\/fr\/#\/schema\/logo\/image\/"}}]}},"_links":{"self":[{"href":"https:\/\/www.fieldpiece.com\/fr\/wp-json\/wp\/v2\/product\/17385","targetHints":{"allow":["GET"]}}],"collection":[{"href":"https:\/\/www.fieldpiece.com\/fr\/wp-json\/wp\/v2\/product"}],"about":[{"href":"https:\/\/www.fieldpiece.com\/fr\/wp-json\/wp\/v2\/types\/product"}],"replies":[{"embeddable":true,"href":"https:\/\/www.fieldpiece.com\/fr\/wp-json\/wp\/v2\/comments?post=17385"}],"wp:featuredmedia":[{"embeddable":true,"href":"https:\/\/www.fieldpiece.com\/fr\/wp-json\/wp\/v2\/media\/17387"}],"wp:attachment":[{"href":"https:\/\/www.fieldpiece.com\/fr\/wp-json\/wp\/v2\/media?parent=17385"}],"wp:term":[{"taxonomy":"product_brand","embeddable":true,"href":"https:\/\/www.fieldpiece.com\/fr\/wp-json\/wp\/v2\/product_brand?post=17385"},{"taxonomy":"product_cat","embeddable":true,"href":"https:\/\/www.fieldpiece.com\/fr\/wp-json\/wp\/v2\/product_cat?post=17385"},{"taxonomy":"product_tag","embeddable":true,"href":"https:\/\/www.fieldpiece.com\/fr\/wp-json\/wp\/v2\/product_tag?post=17385"}],"curies":[{"name":"wp","href":"https:\/\/api.w.org\/{rel}","templated":true}]}}